{"id":4614,"date":"2022-05-15T14:03:24","date_gmt":"2022-05-15T12:03:24","guid":{"rendered":"https:\/\/fredfloris.eu\/?page_id=4614"},"modified":"2024-06-23T09:58:51","modified_gmt":"2024-06-23T07:58:51","slug":"login","status":"publish","type":"page","link":"https:\/\/fredfloris.eu\/da\/login\/","title":{"rendered":"Login"},"content":{"rendered":"<div class=\"woocommerce-notices-wrapper\"><\/div>\n        \n    <div class=\"u-columns col2-set\" id=\"customer_login\">\n    \n    \t<div class=\"u-column1 col-1\">\n    \n        \n    \t\t<form class=\"woocommerce-form woocommerce-form-login login\" method=\"post\" action=\"\">\n    \n    \t\t\t    \n    \t\t\t<p class=\"woocommerce-form-row woocommerce-form-row--wide form-row form-row-wide\">\n    \t\t\t\t<label for=\"username\">Brugernavn eller e-mailadresse&nbsp;<span class=\"required\">*<\/span><\/label>\n    \t\t\t\t<input type=\"text\" class=\"woocommerce-Input woocommerce-Input--text input-text\" name=\"username\" id=\"username\" autocomplete=\"username\" value=\"\" \/>    \t\t\t<\/p>\n    \t\t\t<p class=\"woocommerce-form-row woocommerce-form-row--wide form-row form-row-wide\">\n    \t\t\t\t<label for=\"password\">Adgangskode&nbsp;<span class=\"required\">*<\/span><\/label>\n    \t\t\t\t<input class=\"woocommerce-Input woocommerce-Input--text input-text\" type=\"password\" name=\"password\" id=\"password\" autocomplete=\"current-password\" \/>\n    \t\t\t<\/p>\n    \n    \t\t\t    \n    \t\t\t<p class=\"form-row\">\n    \t\t\t\t<label class=\"woocommerce-form__label woocommerce-form__label-for-checkbox woocommerce-form-login__rememberme\">\n    \t\t\t\t\t<input class=\"woocommerce-form__input woocommerce-form__input-checkbox\" name=\"rememberme\" type=\"checkbox\" id=\"rememberme\" value=\"forever\" \/> <span data-no-translation=\"\" data-trp-gettext=\"\">Husk mig<\/span>\n    \t\t\t\t<\/label>\n    \t\t\t\t<input type=\"hidden\" id=\"woocommerce-login-nonce\" name=\"woocommerce-login-nonce\" value=\"acb8fc02f2\" \/><input type=\"hidden\" name=\"_wp_http_referer\" value=\"\/da\/wp-json\/wp\/v2\/pages\/4614\" \/>    \t\t\t\t<button type=\"submit\" class=\"woocommerce-button button woocommerce-form-login__submit\" name=\"login\" value=\"Log ind\" data-no-translation=\"\" data-trp-gettext=\"\" data-no-translation-value=\"\">Log ind<\/button>\n    \t\t\t<\/p>\n    \t\t\t<p class=\"message twocolfei\">Ikke registreret? <a href=\"https:\/\/fredfloris.eu\/da\/register\/?wmc-currency=DKK\">Opret en konto<\/a><\/p>\n    \t\t\t<p class=\"woocommerce-LostPassword lost_password twocolfei\">\n    \t\t\t\t<a href=\"https:\/\/fredfloris.eu\/da\/lost-password\/?wmc-currency=DKK\" data-no-translation=\"\" data-trp-gettext=\"\">Mistet din adgangskode?<\/a>\n    \t\t\t<\/p>\n    \t\t\t\n    \n    \t\t\t<div style=\"padding:20px 0;\">\n    <div class=\"nsl-container nsl-container-block\" data-align=\"left\"><div class=\"nsl-container-buttons\"><a href=\"https:\/\/fredfloris.eu\/da\/social_login_page\/?loginSocial=google&#038;redirect=https%3A%2F%2Ffredfloris.eu%2Fda%2Fwp-json%2Fwp%2Fv2%2Fpages%2F4614\" rel=\"nofollow\" aria-label=\"Forts&aelig;t med &lt;b&gt;Google&lt;\/b&gt;\" data-plugin=\"nsl\" data-action=\"connect\" data-provider=\"google\" data-popupwidth=\"600\" data-popupheight=\"600\" data-e-disable-page-transition=\"1\"><div class=\"nsl-button nsl-button-default nsl-button-google\" data-skin=\"light\" style=\"background-color:#fff;\"><div class=\"nsl-button-svg-container\"><svg xmlns=\"http:\/\/www.w3.org\/2000\/svg\" width=\"24\" height=\"24\" viewbox=\"0 0 24 24\"><path fill=\"#4285F4\" d=\"M20.64 12.2045c0-.6381-.0573-1.2518-.1636-1.8409H12v3.4814h4.8436c-.2086 1.125-.8427 2.0782-1.7959 2.7164v2.2581h2.9087c1.7018-1.5668 2.6836-3.874 2.6836-6.615z\"><\/path><path fill=\"#34A853\" d=\"M12 21c2.43 0 4.4673-.806 5.9564-2.1805l-2.9087-2.2581c-.8059.54-1.8368.859-3.0477.859-2.344 0-4.3282-1.5831-5.036-3.7104H3.9574v2.3318C5.4382 18.9832 8.4818 21 12 21z\"><\/path><path fill=\"#FBBC05\" d=\"M6.964 13.71c-.18-.54-.2822-1.1168-.2822-1.71s.1023-1.17.2823-1.71V7.9582H3.9573A8.9965 8.9965 0 0 0 3 12c0 1.4523.3477 2.8268.9573 4.0418L6.964 13.71z\"><\/path><path fill=\"#EA4335\" d=\"M12 6.5795c1.3214 0 2.5077.4541 3.4405 1.346l2.5813-2.5814C16.4632 3.8918 14.426 3 12 3 8.4818 3 5.4382 5.0168 3.9573 7.9582L6.964 10.29C7.6718 8.1627 9.6559 6.5795 12 6.5795z\"><\/path><\/svg><\/div><div class=\"nsl-button-label-container\">Forts\u00e6t med <b>Google<\/b><\/div><\/div><\/a><\/div><\/div><\/div>\n    \n    \t\t<input type=\"hidden\" name=\"trp-form-language\" value=\"da\"\/><\/form>","protected":false},"excerpt":{"rendered":"","protected":false},"author":35,"featured_media":0,"parent":0,"menu_order":0,"comment_status":"closed","ping_status":"closed","template":"","meta":{"footnotes":""},"class_list":["post-4614","page","type-page","status-publish","hentry"],"yoast_head":"<!-- This site is optimized with the Yoast SEO plugin v27.2 - https:\/\/yoast.com\/product\/yoast-seo-wordpress\/ -->\n<title>Login | FredFloris - Sweden Made Leather &amp; Jewelry<\/title>\n<meta name=\"description\" content=\"Login to FredFloris. FredFloris offers Swedish made leather and jewellery. Login and get direct access to our assortment!\" \/>\n<meta name=\"robots\" content=\"index, follow, max-snippet:-1, max-image-preview:large, max-video-preview:-1\" \/>\n<link rel=\"canonical\" href=\"https:\/\/fredfloris.eu\/da\/login\/?wmc-currency=DKK\" \/>\n<meta property=\"og:locale\" content=\"da_DK\" \/>\n<meta property=\"og:type\" content=\"article\" \/>\n<meta property=\"og:title\" content=\"Login | FredFloris - Sweden Made Leather &amp; Jewelry\" \/>\n<meta property=\"og:description\" content=\"Login to FredFloris. FredFloris offers Swedish made leather and jewellery. Login and get direct access to our assortment!\" \/>\n<meta property=\"og:url\" content=\"https:\/\/fredfloris.eu\/da\/login\/?wmc-currency=DKK\" \/>\n<meta property=\"og:site_name\" content=\"FredFloris\" \/>\n<meta property=\"article:publisher\" content=\"https:\/\/www.facebook.com\/FredFloris.Artisan.Studio\/\" \/>\n<meta property=\"article:modified_time\" content=\"2024-06-23T07:58:51+00:00\" \/>\n<meta name=\"twitter:card\" content=\"summary_large_image\" \/>\n<meta name=\"twitter:site\" content=\"@_fredfloris_\" \/>\n<meta name=\"twitter:label1\" content=\"Estimeret l\u00e6setid\" \/>\n\t<meta name=\"twitter:data1\" content=\"1 minut\" \/>\n<script type=\"application\/ld+json\" class=\"yoast-schema-graph\">{\"@context\":\"https:\/\/schema.org\",\"@graph\":[{\"@type\":\"WebPage\",\"@id\":\"https:\/\/fredfloris.eu\/login\/\",\"url\":\"https:\/\/fredfloris.eu\/login\/\",\"name\":\"Login | FredFloris - Sweden Made Leather & Jewelry\",\"isPartOf\":{\"@id\":\"https:\/\/fredfloris.eu\/#website\"},\"datePublished\":\"2022-05-15T12:03:24+00:00\",\"dateModified\":\"2024-06-23T07:58:51+00:00\",\"description\":\"Login to FredFloris. FredFloris offers Swedish made leather and jewellery. Login and get direct access to our assortment!\",\"breadcrumb\":{\"@id\":\"https:\/\/fredfloris.eu\/login\/#breadcrumb\"},\"inLanguage\":\"da-DK\",\"potentialAction\":[{\"@type\":\"ReadAction\",\"target\":[\"https:\/\/fredfloris.eu\/login\/\"]}]},{\"@type\":\"BreadcrumbList\",\"@id\":\"https:\/\/fredfloris.eu\/login\/#breadcrumb\",\"itemListElement\":[{\"@type\":\"ListItem\",\"position\":1,\"name\":\"Home\",\"item\":\"https:\/\/fredfloris.eu\/\"},{\"@type\":\"ListItem\",\"position\":2,\"name\":\"Login\"}]},{\"@type\":\"WebSite\",\"@id\":\"https:\/\/fredfloris.eu\/#website\",\"url\":\"https:\/\/fredfloris.eu\/\",\"name\":\"FredFloris\",\"description\":\"Handcrafted Leathergoods - Made in Sweden\",\"publisher\":{\"@id\":\"https:\/\/fredfloris.eu\/#organization\"},\"potentialAction\":[{\"@type\":\"SearchAction\",\"target\":{\"@type\":\"EntryPoint\",\"urlTemplate\":\"https:\/\/fredfloris.eu\/?s={search_term_string}\"},\"query-input\":{\"@type\":\"PropertyValueSpecification\",\"valueRequired\":true,\"valueName\":\"search_term_string\"}}],\"inLanguage\":\"da-DK\"},{\"@type\":\"Organization\",\"@id\":\"https:\/\/fredfloris.eu\/#organization\",\"name\":\"FredFloris\",\"url\":\"https:\/\/fredfloris.eu\/\",\"logo\":{\"@type\":\"ImageObject\",\"inLanguage\":\"da-DK\",\"@id\":\"https:\/\/fredfloris.eu\/#\/schema\/logo\/image\/\",\"url\":\"https:\/\/fredfloris.eu\/wp-content\/uploads\/2022\/03\/FredFloris-med-hel-nal-och-text.png\",\"contentUrl\":\"https:\/\/fredfloris.eu\/wp-content\/uploads\/2022\/03\/FredFloris-med-hel-nal-och-text.png\",\"width\":591,\"height\":283,\"caption\":\"FredFloris\"},\"image\":{\"@id\":\"https:\/\/fredfloris.eu\/#\/schema\/logo\/image\/\"},\"sameAs\":[\"https:\/\/www.facebook.com\/FredFloris.Artisan.Studio\/\",\"https:\/\/x.com\/_fredfloris_\",\"https:\/\/www.instagram.com\/fredfloris.artisan.studio\/\"]}]}<\/script>\n<!-- \/ Yoast SEO plugin. -->","yoast_head_json":{"title":"Login | FredFloris - svenskproduceret l\u00e6der og smykker","description":"Log ind p\u00e5 FredFloris. FredFloris tilbyder svenskproduceret l\u00e6der og smykker. Log ind og f\u00e5 direkte adgang til vores sortiment!","robots":{"index":"index","follow":"follow","max-snippet":"max-snippet:-1","max-image-preview":"max-image-preview:large","max-video-preview":"max-video-preview:-1"},"canonical":"https:\/\/fredfloris.eu\/da\/login\/?wmc-currency=DKK","og_locale":"da_DK","og_type":"article","og_title":"Login | FredFloris - Sweden Made Leather & Jewelry","og_description":"Login to FredFloris. FredFloris offers Swedish made leather and jewellery. Login and get direct access to our assortment!","og_url":"https:\/\/fredfloris.eu\/da\/login\/?wmc-currency=DKK","og_site_name":"FredFloris","article_publisher":"https:\/\/www.facebook.com\/FredFloris.Artisan.Studio\/","article_modified_time":"2024-06-23T07:58:51+00:00","twitter_card":"summary_large_image","twitter_site":"@_fredfloris_","twitter_misc":{"Estimeret l\u00e6setid":"1 minut"},"schema":{"@context":"https:\/\/schema.org","@graph":[{"@type":"WebPage","@id":"https:\/\/fredfloris.eu\/login\/","url":"https:\/\/fredfloris.eu\/login\/","name":"Login | FredFloris - svenskproduceret l\u00e6der og smykker","isPartOf":{"@id":"https:\/\/fredfloris.eu\/#website"},"datePublished":"2022-05-15T12:03:24+00:00","dateModified":"2024-06-23T07:58:51+00:00","description":"Log ind p\u00e5 FredFloris. FredFloris tilbyder svenskproduceret l\u00e6der og smykker. Log ind og f\u00e5 direkte adgang til vores sortiment!","breadcrumb":{"@id":"https:\/\/fredfloris.eu\/login\/#breadcrumb"},"inLanguage":"da-DK","potentialAction":[{"@type":"ReadAction","target":["https:\/\/fredfloris.eu\/login\/"]}]},{"@type":"BreadcrumbList","@id":"https:\/\/fredfloris.eu\/login\/#breadcrumb","itemListElement":[{"@type":"ListItem","position":1,"name":"Home","item":"https:\/\/fredfloris.eu\/"},{"@type":"ListItem","position":2,"name":"Login"}]},{"@type":"WebSite","@id":"https:\/\/fredfloris.eu\/#website","url":"https:\/\/fredfloris.eu\/","name":"FredFloris","description":"H\u00e5ndlavede l\u00e6dert\u00f8jsprodukter - fremstillet i Sverige","publisher":{"@id":"https:\/\/fredfloris.eu\/#organization"},"potentialAction":[{"@type":"SearchAction","target":{"@type":"EntryPoint","urlTemplate":"https:\/\/fredfloris.eu\/?s={search_term_string}"},"query-input":{"@type":"PropertyValueSpecification","valueRequired":true,"valueName":"search_term_string"}}],"inLanguage":"da-DK"},{"@type":"Organization","@id":"https:\/\/fredfloris.eu\/#organization","name":"FredFloris","url":"https:\/\/fredfloris.eu\/","logo":{"@type":"ImageObject","inLanguage":"da-DK","@id":"https:\/\/fredfloris.eu\/#\/schema\/logo\/image\/","url":"https:\/\/fredfloris.eu\/wp-content\/uploads\/2022\/03\/FredFloris-med-hel-nal-och-text.png","contentUrl":"https:\/\/fredfloris.eu\/wp-content\/uploads\/2022\/03\/FredFloris-med-hel-nal-och-text.png","width":591,"height":283,"caption":"FredFloris"},"image":{"@id":"https:\/\/fredfloris.eu\/#\/schema\/logo\/image\/"},"sameAs":["https:\/\/www.facebook.com\/FredFloris.Artisan.Studio\/","https:\/\/x.com\/_fredfloris_","https:\/\/www.instagram.com\/fredfloris.artisan.studio\/"]}]}},"_links":{"self":[{"href":"https:\/\/fredfloris.eu\/da\/wp-json\/wp\/v2\/pages\/4614","targetHints":{"allow":["GET"]}}],"collection":[{"href":"https:\/\/fredfloris.eu\/da\/wp-json\/wp\/v2\/pages"}],"about":[{"href":"https:\/\/fredfloris.eu\/da\/wp-json\/wp\/v2\/types\/page"}],"author":[{"embeddable":true,"href":"https:\/\/fredfloris.eu\/da\/wp-json\/wp\/v2\/users\/35"}],"replies":[{"embeddable":true,"href":"https:\/\/fredfloris.eu\/da\/wp-json\/wp\/v2\/comments?post=4614"}],"version-history":[{"count":1,"href":"https:\/\/fredfloris.eu\/da\/wp-json\/wp\/v2\/pages\/4614\/revisions"}],"predecessor-version":[{"id":11467,"href":"https:\/\/fredfloris.eu\/da\/wp-json\/wp\/v2\/pages\/4614\/revisions\/11467"}],"wp:attachment":[{"href":"https:\/\/fredfloris.eu\/da\/wp-json\/wp\/v2\/media?parent=4614"}],"curies":[{"name":"wp","href":"https:\/\/api.w.org\/{rel}","templated":true}]}}