{"id":10055,"date":"2022-10-10T17:33:00","date_gmt":"2022-10-10T15:33:00","guid":{"rendered":"https:\/\/fredfloris.eu\/?post_type=product&#038;p=10055"},"modified":"2024-10-20T17:31:32","modified_gmt":"2024-10-20T15:31:32","slug":"horse-hair-clothes-brush","status":"publish","type":"product","link":"https:\/\/fredfloris.eu\/da\/productpage\/horse-hair-clothes-brush\/","title":{"rendered":"Hesteh\u00e5r - t\u00f8jb\u00f8rste"},"content":{"rendered":"<p><strong>Det er lige s\u00e5 vigtigt at passe p\u00e5 sit t\u00f8j, som det er at passe p\u00e5 sig selv. Forl\u00e6ng levetiden p\u00e5 din yndlingsstrik ved at vedligeholde materialet ordentligt og bevare fibrene. Vores fine t\u00f8jb\u00f8rste er en fremragende l\u00f8sning til pleje af kashmir, og vi kan varmt anbefale den til reng\u00f8ring af dit strikket\u00f8j.<\/strong><\/p>\n<p>Vores b\u00f8rste har bl\u00f8de hesteh\u00e5rsb\u00f8rster og et klart lakeret skaft, der er smukt udformet af b\u00f8getr\u00e6 fra Schwarzwald i Tyskland. Dette v\u00e6rkt\u00f8j af h\u00f8j kvalitet g\u00f8r plejen af dit t\u00f8j til en taktil og givende oplevelse. Nyd luksusen ved dit strikket\u00f8j, og lad stoffet f\u00f8les lige s\u00e5 godt, som n\u00e5r du har det p\u00e5.<\/p>\n<p><strong>Produktspecifikationer:<\/strong><\/p>\n<ul>\n<li><strong>Materiale:<\/strong> Bl\u00f8dt hesteh\u00e5r, klarlakeret b\u00f8getr\u00e6 (lokalt indk\u00f8bt)<\/li>\n<li>Fremstillet i Schwarzwald, Tyskland<\/li>\n<\/ul>\n<p>&nbsp;<\/p>\n<p>Hesteh\u00e5rsb\u00f8rsten kan reng\u00f8res med en kam af metal eller tr\u00e6. Den kan ogs\u00e5 vaskes med shampoo. H\u00e6ng b\u00f8rsten til t\u00f8rre efter vask. Undg\u00e5 at l\u00e6gge den til t\u00f8rre p\u00e5 varmeapparater eller lignende.<\/p>\n<p>&nbsp;<\/p>\n<p>Dette produkt kan ogs\u00e5 k\u00f8bes som en del af vores <a href=\"https:\/\/fredfloris.eu\/da\/productpage\/cashmere-care-kit\/?wmc-currency=DKK\">Plejes\u00e6t<\/a><\/p>\n<p>&nbsp;<\/p>\n<p>S\u00f8geord: Hesteh\u00e5rsb\u00f8rste til stof og t\u00f8j<\/p>","protected":false},"excerpt":{"rendered":"<p>St\u00f8rrelse: 250 x 40 mm<\/p>\n<p>V\u00e6gt: ca. 85 g<\/p>\n<p>&nbsp;<\/p>\n<p>SKU: hor\/car\/bru<br \/>\nVarem\u00e6rke: FredFloris &amp; Partner<\/p>","protected":false},"featured_media":10023,"template":"","meta":[],"pwb-brand":[204],"product_brand":[],"product_cat":[361,362],"product_tag":[380,135],"woo-feed-brand":[],"class_list":{"0":"post-10055","1":"product","2":"type-product","3":"status-publish","4":"has-post-thumbnail","6":"pwb-brand-fredfloris-partner","7":"product_cat-knitwear","8":"product_cat-knitwear-care-products","9":"product_tag-knitwear-care","10":"product_tag-stocked","11":"product_shipping_class-small-goods","13":"first","14":"instock","15":"taxable","16":"shipping-taxable","17":"purchasable","18":"product-type-simple"},"yoast_head":"<!-- This site is optimized with the Yoast SEO plugin v27.2 - https:\/\/yoast.com\/product\/yoast-seo-wordpress\/ -->\n<title>Horse Hair - Clothes Brush | FredFloris<\/title>\n<meta name=\"description\" content=\"Looking after your clothing is important. Our high quality Horsehair Clothes Brush helps prevent dirt build-up on fabric and clothing. Made in Germany.\" \/>\n<meta name=\"robots\" content=\"index, follow, max-snippet:-1, max-image-preview:large, max-video-preview:-1\" \/>\n<link rel=\"canonical\" href=\"https:\/\/fredfloris.eu\/da\/productpage\/horse-hair-clothes-brush\/?wmc-currency=DKK\" \/>\n<meta property=\"og:locale\" content=\"da_DK\" \/>\n<meta property=\"og:type\" content=\"article\" \/>\n<meta property=\"og:title\" content=\"Horse Hair - Clothes Brush | FredFloris\" \/>\n<meta property=\"og:description\" content=\"Looking after your clothing is important. Our high quality Horsehair Clothes Brush helps prevent dirt build-up on fabric and clothing. Made in Germany.\" \/>\n<meta property=\"og:url\" content=\"https:\/\/fredfloris.eu\/da\/productpage\/horse-hair-clothes-brush\/?wmc-currency=DKK\" \/>\n<meta property=\"og:site_name\" content=\"FredFloris\" \/>\n<meta property=\"article:publisher\" content=\"https:\/\/www.facebook.com\/FredFloris.Artisan.Studio\/\" \/>\n<meta property=\"article:modified_time\" content=\"2024-10-20T15:31:32+00:00\" \/>\n<meta property=\"og:image\" content=\"https:\/\/fredfloris.eu\/wp-content\/uploads\/2022\/10\/IMG_3419-scaled.jpg\" \/>\n\t<meta property=\"og:image:width\" content=\"2560\" \/>\n\t<meta property=\"og:image:height\" content=\"1707\" \/>\n\t<meta property=\"og:image:type\" content=\"image\/jpeg\" \/>\n<meta name=\"twitter:card\" content=\"summary_large_image\" \/>\n<meta name=\"twitter:site\" content=\"@_fredfloris_\" \/>\n<meta name=\"twitter:label1\" content=\"Estimeret l\u00e6setid\" \/>\n\t<meta name=\"twitter:data1\" content=\"1 minut\" \/>\n<script type=\"application\/ld+json\" class=\"yoast-schema-graph\">{\"@context\":\"https:\/\/schema.org\",\"@graph\":[{\"@type\":\"WebPage\",\"@id\":\"https:\/\/fredfloris.eu\/productpage\/horse-hair-clothes-brush\/\",\"url\":\"https:\/\/fredfloris.eu\/productpage\/horse-hair-clothes-brush\/\",\"name\":\"Horse Hair - Clothes Brush | FredFloris\",\"isPartOf\":{\"@id\":\"https:\/\/fredfloris.eu\/#website\"},\"primaryImageOfPage\":{\"@id\":\"https:\/\/fredfloris.eu\/productpage\/horse-hair-clothes-brush\/#primaryimage\"},\"image\":{\"@id\":\"https:\/\/fredfloris.eu\/productpage\/horse-hair-clothes-brush\/#primaryimage\"},\"thumbnailUrl\":\"https:\/\/fredfloris.eu\/wp-content\/uploads\/2022\/10\/IMG_3419-scaled.jpg\",\"datePublished\":\"2022-10-10T15:33:00+00:00\",\"dateModified\":\"2024-10-20T15:31:32+00:00\",\"description\":\"Looking after your clothing is important. Our high quality Horsehair Clothes Brush helps prevent dirt build-up on fabric and clothing. Made in Germany.\",\"breadcrumb\":{\"@id\":\"https:\/\/fredfloris.eu\/productpage\/horse-hair-clothes-brush\/#breadcrumb\"},\"inLanguage\":\"da-DK\",\"potentialAction\":[{\"@type\":\"ReadAction\",\"target\":[\"https:\/\/fredfloris.eu\/productpage\/horse-hair-clothes-brush\/\"]}]},{\"@type\":\"ImageObject\",\"inLanguage\":\"da-DK\",\"@id\":\"https:\/\/fredfloris.eu\/productpage\/horse-hair-clothes-brush\/#primaryimage\",\"url\":\"https:\/\/fredfloris.eu\/wp-content\/uploads\/2022\/10\/IMG_3419-scaled.jpg\",\"contentUrl\":\"https:\/\/fredfloris.eu\/wp-content\/uploads\/2022\/10\/IMG_3419-scaled.jpg\",\"width\":2560,\"height\":1707,\"caption\":\"Product: Clothes Brush\"},{\"@type\":\"BreadcrumbList\",\"@id\":\"https:\/\/fredfloris.eu\/productpage\/horse-hair-clothes-brush\/#breadcrumb\",\"itemListElement\":[{\"@type\":\"ListItem\",\"position\":1,\"name\":\"Home\",\"item\":\"https:\/\/fredfloris.eu\/\"},{\"@type\":\"ListItem\",\"position\":2,\"name\":\"Shop\",\"item\":\"https:\/\/fredfloris.eu\/shop\/\"},{\"@type\":\"ListItem\",\"position\":3,\"name\":\"Horse Hair &#8211; Clothes Brush\"}]},{\"@type\":\"WebSite\",\"@id\":\"https:\/\/fredfloris.eu\/#website\",\"url\":\"https:\/\/fredfloris.eu\/\",\"name\":\"FredFloris\",\"description\":\"Handcrafted Leathergoods - Made in Sweden\",\"publisher\":{\"@id\":\"https:\/\/fredfloris.eu\/#organization\"},\"potentialAction\":[{\"@type\":\"SearchAction\",\"target\":{\"@type\":\"EntryPoint\",\"urlTemplate\":\"https:\/\/fredfloris.eu\/?s={search_term_string}\"},\"query-input\":{\"@type\":\"PropertyValueSpecification\",\"valueRequired\":true,\"valueName\":\"search_term_string\"}}],\"inLanguage\":\"da-DK\"},{\"@type\":\"Organization\",\"@id\":\"https:\/\/fredfloris.eu\/#organization\",\"name\":\"FredFloris\",\"url\":\"https:\/\/fredfloris.eu\/\",\"logo\":{\"@type\":\"ImageObject\",\"inLanguage\":\"da-DK\",\"@id\":\"https:\/\/fredfloris.eu\/#\/schema\/logo\/image\/\",\"url\":\"https:\/\/fredfloris.eu\/wp-content\/uploads\/2022\/03\/FredFloris-med-hel-nal-och-text.png\",\"contentUrl\":\"https:\/\/fredfloris.eu\/wp-content\/uploads\/2022\/03\/FredFloris-med-hel-nal-och-text.png\",\"width\":591,\"height\":283,\"caption\":\"FredFloris\"},\"image\":{\"@id\":\"https:\/\/fredfloris.eu\/#\/schema\/logo\/image\/\"},\"sameAs\":[\"https:\/\/www.facebook.com\/FredFloris.Artisan.Studio\/\",\"https:\/\/x.com\/_fredfloris_\",\"https:\/\/www.instagram.com\/fredfloris.artisan.studio\/\"]}]}<\/script>\n<!-- \/ Yoast SEO plugin. -->","yoast_head_json":{"title":"Hesteh\u00e5r - t\u00f8jb\u00f8rste | FredFloris","description":"Det er vigtigt at passe p\u00e5 sit t\u00f8j. Vores t\u00f8jb\u00f8rste af hesteh\u00e5r i h\u00f8j kvalitet hj\u00e6lper med at forhindre ophobning af snavs p\u00e5 stof og t\u00f8j. Fremstillet i Tyskland.","robots":{"index":"index","follow":"follow","max-snippet":"max-snippet:-1","max-image-preview":"max-image-preview:large","max-video-preview":"max-video-preview:-1"},"canonical":"https:\/\/fredfloris.eu\/da\/productpage\/horse-hair-clothes-brush\/?wmc-currency=DKK","og_locale":"da_DK","og_type":"article","og_title":"Horse Hair - Clothes Brush | FredFloris","og_description":"Looking after your clothing is important. Our high quality Horsehair Clothes Brush helps prevent dirt build-up on fabric and clothing. Made in Germany.","og_url":"https:\/\/fredfloris.eu\/da\/productpage\/horse-hair-clothes-brush\/?wmc-currency=DKK","og_site_name":"FredFloris","article_publisher":"https:\/\/www.facebook.com\/FredFloris.Artisan.Studio\/","article_modified_time":"2024-10-20T15:31:32+00:00","og_image":[{"width":2560,"height":1707,"url":"https:\/\/fredfloris.eu\/wp-content\/uploads\/2022\/10\/IMG_3419-scaled.jpg","type":"image\/jpeg"}],"twitter_card":"summary_large_image","twitter_site":"@_fredfloris_","twitter_misc":{"Estimeret l\u00e6setid":"1 minut"},"schema":{"@context":"https:\/\/schema.org","@graph":[{"@type":"WebPage","@id":"https:\/\/fredfloris.eu\/productpage\/horse-hair-clothes-brush\/","url":"https:\/\/fredfloris.eu\/productpage\/horse-hair-clothes-brush\/","name":"Hesteh\u00e5r - t\u00f8jb\u00f8rste | FredFloris","isPartOf":{"@id":"https:\/\/fredfloris.eu\/#website"},"primaryImageOfPage":{"@id":"https:\/\/fredfloris.eu\/productpage\/horse-hair-clothes-brush\/#primaryimage"},"image":{"@id":"https:\/\/fredfloris.eu\/productpage\/horse-hair-clothes-brush\/#primaryimage"},"thumbnailUrl":"https:\/\/fredfloris.eu\/wp-content\/uploads\/2022\/10\/IMG_3419-scaled.jpg","datePublished":"2022-10-10T15:33:00+00:00","dateModified":"2024-10-20T15:31:32+00:00","description":"Det er vigtigt at passe p\u00e5 sit t\u00f8j. Vores t\u00f8jb\u00f8rste af hesteh\u00e5r i h\u00f8j kvalitet hj\u00e6lper med at forhindre ophobning af snavs p\u00e5 stof og t\u00f8j. Fremstillet i Tyskland.","breadcrumb":{"@id":"https:\/\/fredfloris.eu\/productpage\/horse-hair-clothes-brush\/#breadcrumb"},"inLanguage":"da-DK","potentialAction":[{"@type":"ReadAction","target":["https:\/\/fredfloris.eu\/productpage\/horse-hair-clothes-brush\/"]}]},{"@type":"ImageObject","inLanguage":"da-DK","@id":"https:\/\/fredfloris.eu\/productpage\/horse-hair-clothes-brush\/#primaryimage","url":"https:\/\/fredfloris.eu\/wp-content\/uploads\/2022\/10\/IMG_3419-scaled.jpg","contentUrl":"https:\/\/fredfloris.eu\/wp-content\/uploads\/2022\/10\/IMG_3419-scaled.jpg","width":2560,"height":1707,"caption":"Product: Clothes Brush"},{"@type":"BreadcrumbList","@id":"https:\/\/fredfloris.eu\/productpage\/horse-hair-clothes-brush\/#breadcrumb","itemListElement":[{"@type":"ListItem","position":1,"name":"Home","item":"https:\/\/fredfloris.eu\/"},{"@type":"ListItem","position":2,"name":"Shop","item":"https:\/\/fredfloris.eu\/shop\/"},{"@type":"ListItem","position":3,"name":"Horse Hair &#8211; Clothes Brush"}]},{"@type":"WebSite","@id":"https:\/\/fredfloris.eu\/#website","url":"https:\/\/fredfloris.eu\/","name":"FredFloris","description":"H\u00e5ndlavede l\u00e6dert\u00f8jsprodukter - fremstillet i Sverige","publisher":{"@id":"https:\/\/fredfloris.eu\/#organization"},"potentialAction":[{"@type":"SearchAction","target":{"@type":"EntryPoint","urlTemplate":"https:\/\/fredfloris.eu\/?s={search_term_string}"},"query-input":{"@type":"PropertyValueSpecification","valueRequired":true,"valueName":"search_term_string"}}],"inLanguage":"da-DK"},{"@type":"Organization","@id":"https:\/\/fredfloris.eu\/#organization","name":"FredFloris","url":"https:\/\/fredfloris.eu\/","logo":{"@type":"ImageObject","inLanguage":"da-DK","@id":"https:\/\/fredfloris.eu\/#\/schema\/logo\/image\/","url":"https:\/\/fredfloris.eu\/wp-content\/uploads\/2022\/03\/FredFloris-med-hel-nal-och-text.png","contentUrl":"https:\/\/fredfloris.eu\/wp-content\/uploads\/2022\/03\/FredFloris-med-hel-nal-och-text.png","width":591,"height":283,"caption":"FredFloris"},"image":{"@id":"https:\/\/fredfloris.eu\/#\/schema\/logo\/image\/"},"sameAs":["https:\/\/www.facebook.com\/FredFloris.Artisan.Studio\/","https:\/\/x.com\/_fredfloris_","https:\/\/www.instagram.com\/fredfloris.artisan.studio\/"]}]}},"brands":[{"id":204,"name":"FredFloris &amp; Partner","slug":"fredfloris-partner"}],"_links":{"self":[{"href":"https:\/\/fredfloris.eu\/da\/wp-json\/wp\/v2\/product\/10055","targetHints":{"allow":["GET"]}}],"collection":[{"href":"https:\/\/fredfloris.eu\/da\/wp-json\/wp\/v2\/product"}],"about":[{"href":"https:\/\/fredfloris.eu\/da\/wp-json\/wp\/v2\/types\/product"}],"version-history":[{"count":9,"href":"https:\/\/fredfloris.eu\/da\/wp-json\/wp\/v2\/product\/10055\/revisions"}],"predecessor-version":[{"id":11524,"href":"https:\/\/fredfloris.eu\/da\/wp-json\/wp\/v2\/product\/10055\/revisions\/11524"}],"wp:featuredmedia":[{"embeddable":true,"href":"https:\/\/fredfloris.eu\/da\/wp-json\/wp\/v2\/media\/10023"}],"wp:attachment":[{"href":"https:\/\/fredfloris.eu\/da\/wp-json\/wp\/v2\/media?parent=10055"}],"wp:term":[{"taxonomy":"pwb-brand","embeddable":true,"href":"https:\/\/fredfloris.eu\/da\/wp-json\/wp\/v2\/pwb-brand?post=10055"},{"taxonomy":"product_brand","embeddable":true,"href":"https:\/\/fredfloris.eu\/da\/wp-json\/wp\/v2\/product_brand?post=10055"},{"taxonomy":"product_cat","embeddable":true,"href":"https:\/\/fredfloris.eu\/da\/wp-json\/wp\/v2\/product_cat?post=10055"},{"taxonomy":"product_tag","embeddable":true,"href":"https:\/\/fredfloris.eu\/da\/wp-json\/wp\/v2\/product_tag?post=10055"},{"taxonomy":"woo-feed-brand","embeddable":true,"href":"https:\/\/fredfloris.eu\/da\/wp-json\/wp\/v2\/woo-feed-brand?post=10055"}],"curies":[{"name":"wp","href":"https:\/\/api.w.org\/{rel}","templated":true}]}}