{"id":10501,"date":"2023-09-17T12:19:16","date_gmt":"2023-09-17T10:19:16","guid":{"rendered":"https:\/\/fredfloris.eu\/?post_type=product&#038;p=10501"},"modified":"2024-06-24T20:17:07","modified_gmt":"2024-06-24T18:17:07","slug":"fredfloris-high-quality-leather-balm-100-ml","status":"publish","type":"product","link":"https:\/\/fredfloris.eu\/da\/productpage\/fredfloris-high-quality-leather-balm-100-ml\/","title":{"rendered":"FredFloris l\u00e6derbalsam af h\u00f8j kvalitet - 100 ml"},"content":{"rendered":"<p><strong>Fremstillet med omhu i Sverige<\/strong><\/p>\n<p>Fork\u00e6l dit l\u00e6der med de luksuri\u00f8se fordele ved vores l\u00e6derbalsam af h\u00f8j kvalitet. Denne 100 ml d\u00e5se med l\u00e6derbalsam er designet til l\u00e6derelskere og er udelukkende fremstillet af organiske og \u00f8kologiske materialer, hvilket afspejler vores engagement i sikkerhed og kvalitet.<\/p>\n<p><strong>Vigtige funktioner:<\/strong><\/p>\n<ul>\n<li><strong>Bivoks Base:<\/strong> Vores l\u00e6derbalsam er lavet med et rigt grundlag af bivoks og giver uovertruffen n\u00e6ring og beskyttelse til dine l\u00e6dervarer.<\/li>\n<li><strong>Reng\u00f8r, n\u00e6rer og beskytter:<\/strong> En blanding af svensk bivoks og naturlige olier, bl.a. mandel- og jojobaolie, som plejer og bevarer dine l\u00e6dervarer.<\/li>\n<\/ul>\n<p>&nbsp;<\/p>\n<p><strong>Vejledning til brug:<\/strong><\/p>\n<ul>\n<li>P\u00e5f\u00f8r kun p\u00e5 narvsiden af l\u00e6deret.<\/li>\n<li>For at tjekke for eventuel m\u00f8rkfarvning skal du f\u00f8rst teste p\u00e5 et lille, skjult omr\u00e5de.<\/li>\n<li>Brug kun en lille m\u00e6ngde; et tyndt lag er tilstr\u00e6kkeligt.<\/li>\n<li>Pol\u00e9r forsigtigt med en klud for at forbedre l\u00e6derets glans.<\/li>\n<\/ul>\n<p>&nbsp;<\/p>\n<p><strong>Oplev forskellen:<\/strong><\/p>\n<p>Vores l\u00e6derbalsam plejer ikke kun dit l\u00e6der i dybden, men danner ogs\u00e5 en beskyttende barriere mod milj\u00f8m\u00e6ssige elementer. Den renser blidt og genopretter l\u00e6derets naturlige sk\u00f8nhed.<\/p>\n<p>FredFloris l\u00e6derbalsam af h\u00f8j kvalitet er afg\u00f8rende for at bevare elegancen og levetiden af dine l\u00e6dervarer. Oplev fordelene ved sofistikeret l\u00e6derpleje med FredFloris i dag.<\/p>\n<p>&nbsp;<\/p>\n<p>L\u00e6s hele vores plejevejledning <a href=\"https:\/\/fredfloris.eu\/da\/care-instructions\/?wmc-currency=DKK\">her<\/a><\/p>","protected":false},"excerpt":{"rendered":"<p>SKU:lea\/balm\/bi<\/p>","protected":false},"featured_media":10500,"template":"","meta":[],"pwb-brand":[],"product_brand":[],"product_cat":[383],"product_tag":[384,135],"woo-feed-brand":[],"class_list":{"0":"post-10501","1":"product","2":"type-product","3":"status-publish","4":"has-post-thumbnail","6":"product_cat-leather-care-products","7":"product_tag-care-products","8":"product_tag-stocked","9":"product_shipping_class-small-goods","11":"first","12":"instock","13":"taxable","14":"shipping-taxable","15":"purchasable","16":"product-type-simple"},"yoast_head":"<!-- This site is optimized with the Yoast SEO plugin v27.2 - https:\/\/yoast.com\/product\/yoast-seo-wordpress\/ -->\n<title>FredFloris Leather Balm - Organic and Ecological Leather Care<\/title>\n<meta name=\"description\" content=\"Discover the finest in leather care with FredFloris Leather Balm. Crafted in Sweden, our 100 ml can of organic and ecological goodness nourishes.\" \/>\n<meta name=\"robots\" content=\"index, follow, max-snippet:-1, max-image-preview:large, max-video-preview:-1\" \/>\n<link rel=\"canonical\" href=\"https:\/\/fredfloris.eu\/da\/productpage\/fredfloris-high-quality-leather-balm-100-ml\/?wmc-currency=DKK\" \/>\n<meta property=\"og:locale\" content=\"da_DK\" \/>\n<meta property=\"og:type\" content=\"article\" \/>\n<meta property=\"og:title\" content=\"FredFloris Leather Balm - Organic and Ecological Leather Care\" \/>\n<meta property=\"og:description\" content=\"Discover the finest in leather care with FredFloris Leather Balm. Crafted in Sweden, our 100 ml can of organic and ecological goodness nourishes.\" \/>\n<meta property=\"og:url\" content=\"https:\/\/fredfloris.eu\/da\/productpage\/fredfloris-high-quality-leather-balm-100-ml\/?wmc-currency=DKK\" \/>\n<meta property=\"og:site_name\" content=\"FredFloris\" \/>\n<meta property=\"article:publisher\" content=\"https:\/\/www.facebook.com\/FredFloris.Artisan.Studio\/\" \/>\n<meta property=\"article:modified_time\" content=\"2024-06-24T18:17:07+00:00\" \/>\n<meta property=\"og:image\" content=\"https:\/\/fredfloris.eu\/wp-content\/uploads\/2023\/09\/IMG_5594-scaled.jpg\" \/>\n\t<meta property=\"og:image:width\" content=\"2560\" \/>\n\t<meta property=\"og:image:height\" content=\"1707\" \/>\n\t<meta property=\"og:image:type\" content=\"image\/jpeg\" \/>\n<meta name=\"twitter:card\" content=\"summary_large_image\" \/>\n<meta name=\"twitter:site\" content=\"@_fredfloris_\" \/>\n<meta name=\"twitter:label1\" content=\"Estimeret l\u00e6setid\" \/>\n\t<meta name=\"twitter:data1\" content=\"2 minutter\" \/>\n<script type=\"application\/ld+json\" class=\"yoast-schema-graph\">{\"@context\":\"https:\/\/schema.org\",\"@graph\":[{\"@type\":\"WebPage\",\"@id\":\"https:\/\/fredfloris.eu\/productpage\/fredfloris-high-quality-leather-balm-100-ml\/\",\"url\":\"https:\/\/fredfloris.eu\/productpage\/fredfloris-high-quality-leather-balm-100-ml\/\",\"name\":\"FredFloris Leather Balm - Organic and Ecological Leather Care\",\"isPartOf\":{\"@id\":\"https:\/\/fredfloris.eu\/#website\"},\"primaryImageOfPage\":{\"@id\":\"https:\/\/fredfloris.eu\/productpage\/fredfloris-high-quality-leather-balm-100-ml\/#primaryimage\"},\"image\":{\"@id\":\"https:\/\/fredfloris.eu\/productpage\/fredfloris-high-quality-leather-balm-100-ml\/#primaryimage\"},\"thumbnailUrl\":\"https:\/\/fredfloris.eu\/wp-content\/uploads\/2023\/09\/IMG_5594-scaled.jpg\",\"datePublished\":\"2023-09-17T10:19:16+00:00\",\"dateModified\":\"2024-06-24T18:17:07+00:00\",\"description\":\"Discover the finest in leather care with FredFloris Leather Balm. Crafted in Sweden, our 100 ml can of organic and ecological goodness nourishes.\",\"breadcrumb\":{\"@id\":\"https:\/\/fredfloris.eu\/productpage\/fredfloris-high-quality-leather-balm-100-ml\/#breadcrumb\"},\"inLanguage\":\"da-DK\",\"potentialAction\":[{\"@type\":\"ReadAction\",\"target\":[\"https:\/\/fredfloris.eu\/productpage\/fredfloris-high-quality-leather-balm-100-ml\/\"]}]},{\"@type\":\"ImageObject\",\"inLanguage\":\"da-DK\",\"@id\":\"https:\/\/fredfloris.eu\/productpage\/fredfloris-high-quality-leather-balm-100-ml\/#primaryimage\",\"url\":\"https:\/\/fredfloris.eu\/wp-content\/uploads\/2023\/09\/IMG_5594-scaled.jpg\",\"contentUrl\":\"https:\/\/fredfloris.eu\/wp-content\/uploads\/2023\/09\/IMG_5594-scaled.jpg\",\"width\":2560,\"height\":1707,\"caption\":\"Product: FredFloris Leather Balm\"},{\"@type\":\"BreadcrumbList\",\"@id\":\"https:\/\/fredfloris.eu\/productpage\/fredfloris-high-quality-leather-balm-100-ml\/#breadcrumb\",\"itemListElement\":[{\"@type\":\"ListItem\",\"position\":1,\"name\":\"Home\",\"item\":\"https:\/\/fredfloris.eu\/\"},{\"@type\":\"ListItem\",\"position\":2,\"name\":\"Shop\",\"item\":\"https:\/\/fredfloris.eu\/shop\/\"},{\"@type\":\"ListItem\",\"position\":3,\"name\":\"FredFloris High-Quality Leather Balm &#8211; 100 ml\"}]},{\"@type\":\"WebSite\",\"@id\":\"https:\/\/fredfloris.eu\/#website\",\"url\":\"https:\/\/fredfloris.eu\/\",\"name\":\"FredFloris\",\"description\":\"Handcrafted Leathergoods - Made in Sweden\",\"publisher\":{\"@id\":\"https:\/\/fredfloris.eu\/#organization\"},\"potentialAction\":[{\"@type\":\"SearchAction\",\"target\":{\"@type\":\"EntryPoint\",\"urlTemplate\":\"https:\/\/fredfloris.eu\/?s={search_term_string}\"},\"query-input\":{\"@type\":\"PropertyValueSpecification\",\"valueRequired\":true,\"valueName\":\"search_term_string\"}}],\"inLanguage\":\"da-DK\"},{\"@type\":\"Organization\",\"@id\":\"https:\/\/fredfloris.eu\/#organization\",\"name\":\"FredFloris\",\"url\":\"https:\/\/fredfloris.eu\/\",\"logo\":{\"@type\":\"ImageObject\",\"inLanguage\":\"da-DK\",\"@id\":\"https:\/\/fredfloris.eu\/#\/schema\/logo\/image\/\",\"url\":\"https:\/\/fredfloris.eu\/wp-content\/uploads\/2022\/03\/FredFloris-med-hel-nal-och-text.png\",\"contentUrl\":\"https:\/\/fredfloris.eu\/wp-content\/uploads\/2022\/03\/FredFloris-med-hel-nal-och-text.png\",\"width\":591,\"height\":283,\"caption\":\"FredFloris\"},\"image\":{\"@id\":\"https:\/\/fredfloris.eu\/#\/schema\/logo\/image\/\"},\"sameAs\":[\"https:\/\/www.facebook.com\/FredFloris.Artisan.Studio\/\",\"https:\/\/x.com\/_fredfloris_\",\"https:\/\/www.instagram.com\/fredfloris.artisan.studio\/\"]}]}<\/script>\n<!-- \/ Yoast SEO plugin. -->","yoast_head_json":{"title":"FredFloris L\u00e6derbalsam - \u00d8kologisk og organisk l\u00e6derpleje","description":"Oplev det fineste inden for l\u00e6derpleje med FredFloris Leather Balm. Vores 100 ml d\u00e5se med organisk og \u00f8kologisk godhed er fremstillet i Sverige og giver n\u00e6ring.","robots":{"index":"index","follow":"follow","max-snippet":"max-snippet:-1","max-image-preview":"max-image-preview:large","max-video-preview":"max-video-preview:-1"},"canonical":"https:\/\/fredfloris.eu\/da\/productpage\/fredfloris-high-quality-leather-balm-100-ml\/?wmc-currency=DKK","og_locale":"da_DK","og_type":"article","og_title":"FredFloris Leather Balm - Organic and Ecological Leather Care","og_description":"Discover the finest in leather care with FredFloris Leather Balm. Crafted in Sweden, our 100 ml can of organic and ecological goodness nourishes.","og_url":"https:\/\/fredfloris.eu\/da\/productpage\/fredfloris-high-quality-leather-balm-100-ml\/?wmc-currency=DKK","og_site_name":"FredFloris","article_publisher":"https:\/\/www.facebook.com\/FredFloris.Artisan.Studio\/","article_modified_time":"2024-06-24T18:17:07+00:00","og_image":[{"width":2560,"height":1707,"url":"https:\/\/fredfloris.eu\/wp-content\/uploads\/2023\/09\/IMG_5594-scaled.jpg","type":"image\/jpeg"}],"twitter_card":"summary_large_image","twitter_site":"@_fredfloris_","twitter_misc":{"Estimeret l\u00e6setid":"2 minutter"},"schema":{"@context":"https:\/\/schema.org","@graph":[{"@type":"WebPage","@id":"https:\/\/fredfloris.eu\/productpage\/fredfloris-high-quality-leather-balm-100-ml\/","url":"https:\/\/fredfloris.eu\/productpage\/fredfloris-high-quality-leather-balm-100-ml\/","name":"FredFloris L\u00e6derbalsam - \u00d8kologisk og organisk l\u00e6derpleje","isPartOf":{"@id":"https:\/\/fredfloris.eu\/#website"},"primaryImageOfPage":{"@id":"https:\/\/fredfloris.eu\/productpage\/fredfloris-high-quality-leather-balm-100-ml\/#primaryimage"},"image":{"@id":"https:\/\/fredfloris.eu\/productpage\/fredfloris-high-quality-leather-balm-100-ml\/#primaryimage"},"thumbnailUrl":"https:\/\/fredfloris.eu\/wp-content\/uploads\/2023\/09\/IMG_5594-scaled.jpg","datePublished":"2023-09-17T10:19:16+00:00","dateModified":"2024-06-24T18:17:07+00:00","description":"Oplev det fineste inden for l\u00e6derpleje med FredFloris Leather Balm. Vores 100 ml d\u00e5se med organisk og \u00f8kologisk godhed er fremstillet i Sverige og giver n\u00e6ring.","breadcrumb":{"@id":"https:\/\/fredfloris.eu\/productpage\/fredfloris-high-quality-leather-balm-100-ml\/#breadcrumb"},"inLanguage":"da-DK","potentialAction":[{"@type":"ReadAction","target":["https:\/\/fredfloris.eu\/productpage\/fredfloris-high-quality-leather-balm-100-ml\/"]}]},{"@type":"ImageObject","inLanguage":"da-DK","@id":"https:\/\/fredfloris.eu\/productpage\/fredfloris-high-quality-leather-balm-100-ml\/#primaryimage","url":"https:\/\/fredfloris.eu\/wp-content\/uploads\/2023\/09\/IMG_5594-scaled.jpg","contentUrl":"https:\/\/fredfloris.eu\/wp-content\/uploads\/2023\/09\/IMG_5594-scaled.jpg","width":2560,"height":1707,"caption":"Product: FredFloris Leather Balm"},{"@type":"BreadcrumbList","@id":"https:\/\/fredfloris.eu\/productpage\/fredfloris-high-quality-leather-balm-100-ml\/#breadcrumb","itemListElement":[{"@type":"ListItem","position":1,"name":"Home","item":"https:\/\/fredfloris.eu\/"},{"@type":"ListItem","position":2,"name":"Shop","item":"https:\/\/fredfloris.eu\/shop\/"},{"@type":"ListItem","position":3,"name":"FredFloris High-Quality Leather Balm &#8211; 100 ml"}]},{"@type":"WebSite","@id":"https:\/\/fredfloris.eu\/#website","url":"https:\/\/fredfloris.eu\/","name":"FredFloris","description":"H\u00e5ndlavede l\u00e6dert\u00f8jsprodukter - fremstillet i Sverige","publisher":{"@id":"https:\/\/fredfloris.eu\/#organization"},"potentialAction":[{"@type":"SearchAction","target":{"@type":"EntryPoint","urlTemplate":"https:\/\/fredfloris.eu\/?s={search_term_string}"},"query-input":{"@type":"PropertyValueSpecification","valueRequired":true,"valueName":"search_term_string"}}],"inLanguage":"da-DK"},{"@type":"Organization","@id":"https:\/\/fredfloris.eu\/#organization","name":"FredFloris","url":"https:\/\/fredfloris.eu\/","logo":{"@type":"ImageObject","inLanguage":"da-DK","@id":"https:\/\/fredfloris.eu\/#\/schema\/logo\/image\/","url":"https:\/\/fredfloris.eu\/wp-content\/uploads\/2022\/03\/FredFloris-med-hel-nal-och-text.png","contentUrl":"https:\/\/fredfloris.eu\/wp-content\/uploads\/2022\/03\/FredFloris-med-hel-nal-och-text.png","width":591,"height":283,"caption":"FredFloris"},"image":{"@id":"https:\/\/fredfloris.eu\/#\/schema\/logo\/image\/"},"sameAs":["https:\/\/www.facebook.com\/FredFloris.Artisan.Studio\/","https:\/\/x.com\/_fredfloris_","https:\/\/www.instagram.com\/fredfloris.artisan.studio\/"]}]}},"brands":[],"_links":{"self":[{"href":"https:\/\/fredfloris.eu\/da\/wp-json\/wp\/v2\/product\/10501","targetHints":{"allow":["GET"]}}],"collection":[{"href":"https:\/\/fredfloris.eu\/da\/wp-json\/wp\/v2\/product"}],"about":[{"href":"https:\/\/fredfloris.eu\/da\/wp-json\/wp\/v2\/types\/product"}],"version-history":[{"count":9,"href":"https:\/\/fredfloris.eu\/da\/wp-json\/wp\/v2\/product\/10501\/revisions"}],"predecessor-version":[{"id":11519,"href":"https:\/\/fredfloris.eu\/da\/wp-json\/wp\/v2\/product\/10501\/revisions\/11519"}],"wp:featuredmedia":[{"embeddable":true,"href":"https:\/\/fredfloris.eu\/da\/wp-json\/wp\/v2\/media\/10500"}],"wp:attachment":[{"href":"https:\/\/fredfloris.eu\/da\/wp-json\/wp\/v2\/media?parent=10501"}],"wp:term":[{"taxonomy":"pwb-brand","embeddable":true,"href":"https:\/\/fredfloris.eu\/da\/wp-json\/wp\/v2\/pwb-brand?post=10501"},{"taxonomy":"product_brand","embeddable":true,"href":"https:\/\/fredfloris.eu\/da\/wp-json\/wp\/v2\/product_brand?post=10501"},{"taxonomy":"product_cat","embeddable":true,"href":"https:\/\/fredfloris.eu\/da\/wp-json\/wp\/v2\/product_cat?post=10501"},{"taxonomy":"product_tag","embeddable":true,"href":"https:\/\/fredfloris.eu\/da\/wp-json\/wp\/v2\/product_tag?post=10501"},{"taxonomy":"woo-feed-brand","embeddable":true,"href":"https:\/\/fredfloris.eu\/da\/wp-json\/wp\/v2\/woo-feed-brand?post=10501"}],"curies":[{"name":"wp","href":"https:\/\/api.w.org\/{rel}","templated":true}]}}