{"id":11076,"date":"2024-04-27T19:31:59","date_gmt":"2024-04-27T17:31:59","guid":{"rendered":"https:\/\/fredfloris.eu\/?post_type=product&#038;p=11076"},"modified":"2024-07-23T20:41:08","modified_gmt":"2024-07-23T18:41:08","slug":"arctic-keyring","status":"publish","type":"product","link":"https:\/\/fredfloris.eu\/da\/productpage\/arctic-keyring\/","title":{"rendered":"Arctic - N\u00f8glering"},"content":{"rendered":"<p>Vores n\u00f8gleringe er fremstillet af vegetabilsk garvet fuldnarvet oksel\u00e6der fra det anerkendte garvedistrikt i Toscana og kombinerer stil med praktisk anvendelighed. N\u00f8gleringen m\u00e5ler 125 mm med ringsp\u00e6nde og 87 mm uden, med en bredde p\u00e5 22 mm, hvilket g\u00f8r den kompakt og nem at b\u00e6re.<\/p>\n<p>V\u00e6lg mellem tre farver: Dark Brown, Tan og Black, s\u00e5 du kan supplere din stil eller koordinere med andet tilbeh\u00f8r.<\/p>\n<p>Vores n\u00f8gleringe er udstyret med en nitte med dobbelt h\u00e6tte af rustfrit st\u00e5l, som er sikker til daglig brug og ikke afgiver nikkel, hvilket sikrer, at den er allergivenlig.<\/p>\n<p>Denne n\u00f8glering er enkel og funktionel og et uundv\u00e6rligt tilbeh\u00f8r.<\/p>\n<p><strong>Produktspecifikationer:<\/strong><\/p>\n<ul>\n<li><strong>Fremstillet helt i h\u00e5nden i vores familieejede Leather Art Studio<\/strong><\/li>\n<li><strong>Mulige farver:<\/strong> F\u00e5s i m\u00f8rkebrun, brun og sort<\/li>\n<li><strong>Materiale:<\/strong> Vegetabilsk garvet fuldnarvet oksel\u00e6der fra Italien<\/li>\n<li><strong>Holdbar:<\/strong> Har en nitte med dobbelt l\u00e5g lavet af allergivenligt rustfrit st\u00e5l<\/li>\n<\/ul>\n<p>&nbsp;<\/p>\n<p>S\u00f8geord: H\u00e5ndlavet n\u00f8glering i premium italiensk l\u00e6der<\/p>","protected":false},"excerpt":{"rendered":"<p>Vores l\u00e6derprodukter er h\u00e5ndlavede i vores v\u00e6rksted og fremstillet af 4 mm tykt, vegetabilsk garvet fuldnarvet l\u00e6der. Dette h\u00f8jkvalitetsl\u00e6der kommer fra Toscana i Italien. L\u00e6deret er behandlet med anilinfarve p\u00e5 narvsiden for at opn\u00e5 en dyb, fyldig farve, mens bagsiden er belagt med voks\/harpiks for at sikre holdbarhed og lang levetid. Denne behandling er eksklusiv for de fineste l\u00e6dertyper.<\/p>","protected":false},"featured_media":11063,"template":"","meta":[],"pwb-brand":[203],"product_brand":[],"product_cat":[112,100],"product_tag":[123,136,105],"woo-feed-brand":[],"class_list":{"0":"post-11076","1":"product","2":"type-product","3":"status-publish","4":"has-post-thumbnail","6":"pwb-brand-fredfloris","7":"product_cat-key-wallets","8":"product_cat-leathergoods","9":"product_tag-full-grain-leather","10":"product_tag-handmade","11":"product_tag-made-to-order","12":"product_shipping_class-small-goods","13":"pa_leather-colour-black-belt","14":"pa_leather-colour-dbrown-belt","15":"pa_leather-colour-tan-belt","17":"first","18":"instock","19":"taxable","20":"shipping-taxable","21":"purchasable","22":"product-type-variable","23":"has-default-attributes"},"yoast_head":"<!-- This site is optimized with the Yoast SEO plugin v27.2 - https:\/\/yoast.com\/product\/yoast-seo-wordpress\/ -->\n<title>Handcrafted Leather Key Ring | FredFloris Artisan Key Accessories | FredFloris<\/title>\n<meta name=\"description\" content=\"Elevate your daily essentials with our Handcrafted Leather Key Ring, made with premium Italian full-grain bull hide leather.\" \/>\n<meta name=\"robots\" content=\"index, follow, max-snippet:-1, max-image-preview:large, max-video-preview:-1\" \/>\n<link rel=\"canonical\" href=\"https:\/\/fredfloris.eu\/da\/productpage\/arctic-keyring\/?wmc-currency=DKK\" \/>\n<meta property=\"og:locale\" content=\"da_DK\" \/>\n<meta property=\"og:type\" content=\"article\" \/>\n<meta property=\"og:title\" content=\"Handcrafted Leather Key Ring | FredFloris Artisan Key Accessories | FredFloris\" \/>\n<meta property=\"og:description\" content=\"Elevate your daily essentials with our Handcrafted Leather Key Ring, made with premium Italian full-grain bull hide leather.\" \/>\n<meta property=\"og:url\" content=\"https:\/\/fredfloris.eu\/da\/productpage\/arctic-keyring\/?wmc-currency=DKK\" \/>\n<meta property=\"og:site_name\" content=\"FredFloris\" \/>\n<meta property=\"article:publisher\" content=\"https:\/\/www.facebook.com\/FredFloris.Artisan.Studio\/\" \/>\n<meta property=\"article:modified_time\" content=\"2024-07-23T18:41:08+00:00\" \/>\n<meta property=\"og:image\" content=\"https:\/\/fredfloris.eu\/wp-content\/uploads\/2024\/04\/IMG_6189-scaled.jpg\" \/>\n\t<meta property=\"og:image:width\" content=\"2560\" \/>\n\t<meta property=\"og:image:height\" content=\"1707\" \/>\n\t<meta property=\"og:image:type\" content=\"image\/jpeg\" \/>\n<meta name=\"twitter:card\" content=\"summary_large_image\" \/>\n<meta name=\"twitter:site\" content=\"@_fredfloris_\" \/>\n<meta name=\"twitter:label1\" content=\"Estimeret l\u00e6setid\" \/>\n\t<meta name=\"twitter:data1\" content=\"1 minut\" \/>\n<script type=\"application\/ld+json\" class=\"yoast-schema-graph\">{\"@context\":\"https:\/\/schema.org\",\"@graph\":[{\"@type\":\"WebPage\",\"@id\":\"https:\/\/fredfloris.eu\/productpage\/arctic-keyring\/\",\"url\":\"https:\/\/fredfloris.eu\/productpage\/arctic-keyring\/\",\"name\":\"Handcrafted Leather Key Ring | FredFloris Artisan Key Accessories | FredFloris\",\"isPartOf\":{\"@id\":\"https:\/\/fredfloris.eu\/#website\"},\"primaryImageOfPage\":{\"@id\":\"https:\/\/fredfloris.eu\/productpage\/arctic-keyring\/#primaryimage\"},\"image\":{\"@id\":\"https:\/\/fredfloris.eu\/productpage\/arctic-keyring\/#primaryimage\"},\"thumbnailUrl\":\"https:\/\/fredfloris.eu\/wp-content\/uploads\/2024\/04\/IMG_6189-scaled.jpg\",\"datePublished\":\"2024-04-27T17:31:59+00:00\",\"dateModified\":\"2024-07-23T18:41:08+00:00\",\"description\":\"Elevate your daily essentials with our Handcrafted Leather Key Ring, made with premium Italian full-grain bull hide leather.\",\"breadcrumb\":{\"@id\":\"https:\/\/fredfloris.eu\/productpage\/arctic-keyring\/#breadcrumb\"},\"inLanguage\":\"da-DK\",\"potentialAction\":[{\"@type\":\"ReadAction\",\"target\":[\"https:\/\/fredfloris.eu\/productpage\/arctic-keyring\/\"]}]},{\"@type\":\"ImageObject\",\"inLanguage\":\"da-DK\",\"@id\":\"https:\/\/fredfloris.eu\/productpage\/arctic-keyring\/#primaryimage\",\"url\":\"https:\/\/fredfloris.eu\/wp-content\/uploads\/2024\/04\/IMG_6189-scaled.jpg\",\"contentUrl\":\"https:\/\/fredfloris.eu\/wp-content\/uploads\/2024\/04\/IMG_6189-scaled.jpg\",\"width\":2560,\"height\":1707,\"caption\":\"Product: Arctica - Keyring, Colour: from left to right: Dark Brown, Tan and Black.\"},{\"@type\":\"BreadcrumbList\",\"@id\":\"https:\/\/fredfloris.eu\/productpage\/arctic-keyring\/#breadcrumb\",\"itemListElement\":[{\"@type\":\"ListItem\",\"position\":1,\"name\":\"Home\",\"item\":\"https:\/\/fredfloris.eu\/\"},{\"@type\":\"ListItem\",\"position\":2,\"name\":\"Shop\",\"item\":\"https:\/\/fredfloris.eu\/shop\/\"},{\"@type\":\"ListItem\",\"position\":3,\"name\":\"Arctic &#8211; Keyring\"}]},{\"@type\":\"WebSite\",\"@id\":\"https:\/\/fredfloris.eu\/#website\",\"url\":\"https:\/\/fredfloris.eu\/\",\"name\":\"FredFloris\",\"description\":\"Handcrafted Leathergoods - Made in Sweden\",\"publisher\":{\"@id\":\"https:\/\/fredfloris.eu\/#organization\"},\"potentialAction\":[{\"@type\":\"SearchAction\",\"target\":{\"@type\":\"EntryPoint\",\"urlTemplate\":\"https:\/\/fredfloris.eu\/?s={search_term_string}\"},\"query-input\":{\"@type\":\"PropertyValueSpecification\",\"valueRequired\":true,\"valueName\":\"search_term_string\"}}],\"inLanguage\":\"da-DK\"},{\"@type\":\"Organization\",\"@id\":\"https:\/\/fredfloris.eu\/#organization\",\"name\":\"FredFloris\",\"url\":\"https:\/\/fredfloris.eu\/\",\"logo\":{\"@type\":\"ImageObject\",\"inLanguage\":\"da-DK\",\"@id\":\"https:\/\/fredfloris.eu\/#\/schema\/logo\/image\/\",\"url\":\"https:\/\/fredfloris.eu\/wp-content\/uploads\/2022\/03\/FredFloris-med-hel-nal-och-text.png\",\"contentUrl\":\"https:\/\/fredfloris.eu\/wp-content\/uploads\/2022\/03\/FredFloris-med-hel-nal-och-text.png\",\"width\":591,\"height\":283,\"caption\":\"FredFloris\"},\"image\":{\"@id\":\"https:\/\/fredfloris.eu\/#\/schema\/logo\/image\/\"},\"sameAs\":[\"https:\/\/www.facebook.com\/FredFloris.Artisan.Studio\/\",\"https:\/\/x.com\/_fredfloris_\",\"https:\/\/www.instagram.com\/fredfloris.artisan.studio\/\"]}]}<\/script>\n<!-- \/ Yoast SEO plugin. -->","yoast_head_json":{"title":"H\u00e5ndlavet n\u00f8glering i l\u00e6der | FredFloris Artisan Key Accessories | FredFloris","description":"Giv dine daglige ting et l\u00f8ft med vores h\u00e5ndlavede l\u00e6dern\u00f8glering, der er lavet af f\u00f8rsteklasses italiensk fuldnarvet oksehudsl\u00e6der.","robots":{"index":"index","follow":"follow","max-snippet":"max-snippet:-1","max-image-preview":"max-image-preview:large","max-video-preview":"max-video-preview:-1"},"canonical":"https:\/\/fredfloris.eu\/da\/productpage\/arctic-keyring\/?wmc-currency=DKK","og_locale":"da_DK","og_type":"article","og_title":"Handcrafted Leather Key Ring | FredFloris Artisan Key Accessories | FredFloris","og_description":"Elevate your daily essentials with our Handcrafted Leather Key Ring, made with premium Italian full-grain bull hide leather.","og_url":"https:\/\/fredfloris.eu\/da\/productpage\/arctic-keyring\/?wmc-currency=DKK","og_site_name":"FredFloris","article_publisher":"https:\/\/www.facebook.com\/FredFloris.Artisan.Studio\/","article_modified_time":"2024-07-23T18:41:08+00:00","og_image":[{"width":2560,"height":1707,"url":"https:\/\/fredfloris.eu\/wp-content\/uploads\/2024\/04\/IMG_6189-scaled.jpg","type":"image\/jpeg"}],"twitter_card":"summary_large_image","twitter_site":"@_fredfloris_","twitter_misc":{"Estimeret l\u00e6setid":"1 minut"},"schema":{"@context":"https:\/\/schema.org","@graph":[{"@type":"WebPage","@id":"https:\/\/fredfloris.eu\/productpage\/arctic-keyring\/","url":"https:\/\/fredfloris.eu\/productpage\/arctic-keyring\/","name":"H\u00e5ndlavet n\u00f8glering i l\u00e6der | FredFloris Artisan Key Accessories | FredFloris","isPartOf":{"@id":"https:\/\/fredfloris.eu\/#website"},"primaryImageOfPage":{"@id":"https:\/\/fredfloris.eu\/productpage\/arctic-keyring\/#primaryimage"},"image":{"@id":"https:\/\/fredfloris.eu\/productpage\/arctic-keyring\/#primaryimage"},"thumbnailUrl":"https:\/\/fredfloris.eu\/wp-content\/uploads\/2024\/04\/IMG_6189-scaled.jpg","datePublished":"2024-04-27T17:31:59+00:00","dateModified":"2024-07-23T18:41:08+00:00","description":"Giv dine daglige ting et l\u00f8ft med vores h\u00e5ndlavede l\u00e6dern\u00f8glering, der er lavet af f\u00f8rsteklasses italiensk fuldnarvet oksehudsl\u00e6der.","breadcrumb":{"@id":"https:\/\/fredfloris.eu\/productpage\/arctic-keyring\/#breadcrumb"},"inLanguage":"da-DK","potentialAction":[{"@type":"ReadAction","target":["https:\/\/fredfloris.eu\/productpage\/arctic-keyring\/"]}]},{"@type":"ImageObject","inLanguage":"da-DK","@id":"https:\/\/fredfloris.eu\/productpage\/arctic-keyring\/#primaryimage","url":"https:\/\/fredfloris.eu\/wp-content\/uploads\/2024\/04\/IMG_6189-scaled.jpg","contentUrl":"https:\/\/fredfloris.eu\/wp-content\/uploads\/2024\/04\/IMG_6189-scaled.jpg","width":2560,"height":1707,"caption":"Product: Arctica - Keyring, Colour: from left to right: Dark Brown, Tan and Black."},{"@type":"BreadcrumbList","@id":"https:\/\/fredfloris.eu\/productpage\/arctic-keyring\/#breadcrumb","itemListElement":[{"@type":"ListItem","position":1,"name":"Home","item":"https:\/\/fredfloris.eu\/"},{"@type":"ListItem","position":2,"name":"Shop","item":"https:\/\/fredfloris.eu\/shop\/"},{"@type":"ListItem","position":3,"name":"Arctic &#8211; Keyring"}]},{"@type":"WebSite","@id":"https:\/\/fredfloris.eu\/#website","url":"https:\/\/fredfloris.eu\/","name":"FredFloris","description":"H\u00e5ndlavede l\u00e6dert\u00f8jsprodukter - fremstillet i Sverige","publisher":{"@id":"https:\/\/fredfloris.eu\/#organization"},"potentialAction":[{"@type":"SearchAction","target":{"@type":"EntryPoint","urlTemplate":"https:\/\/fredfloris.eu\/?s={search_term_string}"},"query-input":{"@type":"PropertyValueSpecification","valueRequired":true,"valueName":"search_term_string"}}],"inLanguage":"da-DK"},{"@type":"Organization","@id":"https:\/\/fredfloris.eu\/#organization","name":"FredFloris","url":"https:\/\/fredfloris.eu\/","logo":{"@type":"ImageObject","inLanguage":"da-DK","@id":"https:\/\/fredfloris.eu\/#\/schema\/logo\/image\/","url":"https:\/\/fredfloris.eu\/wp-content\/uploads\/2022\/03\/FredFloris-med-hel-nal-och-text.png","contentUrl":"https:\/\/fredfloris.eu\/wp-content\/uploads\/2022\/03\/FredFloris-med-hel-nal-och-text.png","width":591,"height":283,"caption":"FredFloris"},"image":{"@id":"https:\/\/fredfloris.eu\/#\/schema\/logo\/image\/"},"sameAs":["https:\/\/www.facebook.com\/FredFloris.Artisan.Studio\/","https:\/\/x.com\/_fredfloris_","https:\/\/www.instagram.com\/fredfloris.artisan.studio\/"]}]}},"brands":[{"id":203,"name":"FredFloris","slug":"fredfloris"}],"_links":{"self":[{"href":"https:\/\/fredfloris.eu\/da\/wp-json\/wp\/v2\/product\/11076","targetHints":{"allow":["GET"]}}],"collection":[{"href":"https:\/\/fredfloris.eu\/da\/wp-json\/wp\/v2\/product"}],"about":[{"href":"https:\/\/fredfloris.eu\/da\/wp-json\/wp\/v2\/types\/product"}],"version-history":[{"count":14,"href":"https:\/\/fredfloris.eu\/da\/wp-json\/wp\/v2\/product\/11076\/revisions"}],"predecessor-version":[{"id":11595,"href":"https:\/\/fredfloris.eu\/da\/wp-json\/wp\/v2\/product\/11076\/revisions\/11595"}],"wp:featuredmedia":[{"embeddable":true,"href":"https:\/\/fredfloris.eu\/da\/wp-json\/wp\/v2\/media\/11063"}],"wp:attachment":[{"href":"https:\/\/fredfloris.eu\/da\/wp-json\/wp\/v2\/media?parent=11076"}],"wp:term":[{"taxonomy":"pwb-brand","embeddable":true,"href":"https:\/\/fredfloris.eu\/da\/wp-json\/wp\/v2\/pwb-brand?post=11076"},{"taxonomy":"product_brand","embeddable":true,"href":"https:\/\/fredfloris.eu\/da\/wp-json\/wp\/v2\/product_brand?post=11076"},{"taxonomy":"product_cat","embeddable":true,"href":"https:\/\/fredfloris.eu\/da\/wp-json\/wp\/v2\/product_cat?post=11076"},{"taxonomy":"product_tag","embeddable":true,"href":"https:\/\/fredfloris.eu\/da\/wp-json\/wp\/v2\/product_tag?post=11076"},{"taxonomy":"woo-feed-brand","embeddable":true,"href":"https:\/\/fredfloris.eu\/da\/wp-json\/wp\/v2\/woo-feed-brand?post=11076"}],"curies":[{"name":"wp","href":"https:\/\/api.w.org\/{rel}","templated":true}]}}