{"id":5025,"date":"2022-05-15T23:05:02","date_gmt":"2022-05-15T21:05:02","guid":{"rendered":"https:\/\/fredfloris.eu\/?post_type=product&#038;p=5025"},"modified":"2025-01-18T23:05:50","modified_gmt":"2025-01-18T21:05:50","slug":"llb-bookmarks","status":"publish","type":"product","link":"https:\/\/fredfloris.eu\/da\/productpage\/llb-bookmarks\/","title":{"rendered":"Lagerl\u00f6f, Lindgren or Bremmer - Bogm\u00e6rker"},"content":{"rendered":"<p><a href=\"https:\/\/fredfloris.eu\/da\/personalize-guide\/?wmc-currency=DKK\">L\u00e6s vores vejledning om, hvordan du g\u00f8r dette produkt personligt.<\/a><\/p>\n<p><strong>Oplev den enkle gl\u00e6de ved vores personlige l\u00e6derbogm\u00e6rke.<\/strong> Dette bogm\u00e6rke er ideelt til dem, der s\u00e6tter pris p\u00e5 f\u00f8lelsen af en bog. Det er fremstillet af vegetabilsk garvet fuldnarvet l\u00e6der og er perfekt til at stoppe op og reflektere over det, du har l\u00e6st. Det er lige s\u00e5 taktilt og holdbart som de papirsider, det markerer.<\/p>\n<p><strong>Perfekt gave:<\/strong> Dette bogm\u00e6rke er ideelt til forfattere, l\u00e6sere eller l\u00e6rere, som s\u00e6tter pris p\u00e5 ordenes kraft, og det er en varig gave, som forbedrer enhver l\u00e6seoplevelse.<\/p>\n<p><strong>Produktspecifikationer:<\/strong><\/p>\n<ul>\n<li><strong>Fremstillet helt i h\u00e5nden i vores familieejede Leather Art Studio<\/strong><\/li>\n<li><strong>L\u00e6derkvalitet:<\/strong> Fremstillet af vegetabilsk garvet fuldnarvet oksel\u00e6der, garvet i Toscana, Italien<\/li>\n<li><strong>Personalisering:<\/strong> Inkluderer lasergraverede detaljer for et unikt pr\u00e6g<\/li>\n<li><strong>Farve og finish:<\/strong> Anilinfarvet l\u00e6der med voks\/harpiks-bagside for holdbarhed<\/li>\n<li><strong>Vedh\u00e6ftet fil:<\/strong> Har en hampfibersnor til at holde dig p\u00e5 plads<\/li>\n<li><strong>Dimensioner:<\/strong> Bredde: 33 mm, l\u00e6ngde: 200 mm<\/li>\n<\/ul>\n<p>&nbsp;<\/p>\n<p>S\u00f8geord: Laserindgraveret l\u00e6derbogm\u00e6rke, Personlige l\u00e6derbogm\u00e6rker<\/p>","protected":false},"excerpt":{"rendered":"<p>Dette bogm\u00e6rke er fremstillet af vegetabilsk garvet fuldnarvet l\u00e6der i topkvalitet, som leveres af det italienske firma Mapel &amp; C i samarbejde med virksomheder i Toscanas garvedistrikt. Bogm\u00e6rket er sk\u00e5ret af det samme europ\u00e6iske oksehud som vores Maggie May-b\u00e6lte, og det er naturligt farvet med anilin og har en smuk semi-permanent voksfinish. Vi har brugt en naturlig hampfibersnor til kvasten, som holder det enkelt og fint.<\/p>","protected":false},"featured_media":3078,"template":"","meta":[],"pwb-brand":[203],"product_brand":[],"product_cat":[108,100],"product_tag":[123,136,146,105],"woo-feed-brand":[],"class_list":{"0":"post-5025","1":"product","2":"type-product","3":"status-publish","4":"has-post-thumbnail","6":"pwb-brand-fredfloris","7":"product_cat-bookmarks","8":"product_cat-leathergoods","9":"product_tag-full-grain-leather","10":"product_tag-handmade","11":"product_tag-laser-engraving","12":"product_tag-made-to-order","13":"product_shipping_class-small-goods","14":"pa_leather-colour-tan-belt","16":"first","17":"instock","18":"taxable","19":"shipping-taxable","20":"purchasable","21":"product-type-simple"},"yoast_head":"<!-- This site is optimized with the Yoast SEO plugin v27.2 - https:\/\/yoast.com\/product\/yoast-seo-wordpress\/ -->\n<title>Laser Engraved Leather Bookmark | FredFloris<\/title>\n<meta name=\"description\" content=\"Beautiful leather bookmark, personalised bookmarks with your own design. This laser engraved bookmark is a perfect gift for any bookworm.\" \/>\n<meta name=\"robots\" content=\"index, follow, max-snippet:-1, max-image-preview:large, max-video-preview:-1\" \/>\n<link rel=\"canonical\" href=\"https:\/\/fredfloris.eu\/da\/productpage\/llb-bookmarks\/?wmc-currency=DKK\" \/>\n<meta property=\"og:locale\" content=\"da_DK\" \/>\n<meta property=\"og:type\" content=\"article\" \/>\n<meta property=\"og:title\" content=\"Laser Engraved Leather Bookmark | FredFloris\" \/>\n<meta property=\"og:description\" content=\"Beautiful leather bookmark, personalised bookmarks with your own design. This laser engraved bookmark is a perfect gift for any bookworm.\" \/>\n<meta property=\"og:url\" content=\"https:\/\/fredfloris.eu\/da\/productpage\/llb-bookmarks\/?wmc-currency=DKK\" \/>\n<meta property=\"og:site_name\" content=\"FredFloris\" \/>\n<meta property=\"article:publisher\" content=\"https:\/\/www.facebook.com\/FredFloris.Artisan.Studio\/\" \/>\n<meta property=\"article:modified_time\" content=\"2025-01-18T21:05:50+00:00\" \/>\n<meta property=\"og:image\" content=\"https:\/\/fredfloris.eu\/wp-content\/uploads\/2022\/04\/IMG_1500-scaled.jpg\" \/>\n\t<meta property=\"og:image:width\" content=\"2560\" \/>\n\t<meta property=\"og:image:height\" content=\"1722\" \/>\n\t<meta property=\"og:image:type\" content=\"image\/jpeg\" \/>\n<meta name=\"twitter:card\" content=\"summary_large_image\" \/>\n<meta name=\"twitter:site\" content=\"@_fredfloris_\" \/>\n<meta name=\"twitter:label1\" content=\"Estimeret l\u00e6setid\" \/>\n\t<meta name=\"twitter:data1\" content=\"1 minut\" \/>\n<script type=\"application\/ld+json\" class=\"yoast-schema-graph\">{\"@context\":\"https:\/\/schema.org\",\"@graph\":[{\"@type\":\"WebPage\",\"@id\":\"https:\/\/fredfloris.eu\/productpage\/llb-bookmarks\/\",\"url\":\"https:\/\/fredfloris.eu\/productpage\/llb-bookmarks\/\",\"name\":\"Laser Engraved Leather Bookmark | FredFloris\",\"isPartOf\":{\"@id\":\"https:\/\/fredfloris.eu\/#website\"},\"primaryImageOfPage\":{\"@id\":\"https:\/\/fredfloris.eu\/productpage\/llb-bookmarks\/#primaryimage\"},\"image\":{\"@id\":\"https:\/\/fredfloris.eu\/productpage\/llb-bookmarks\/#primaryimage\"},\"thumbnailUrl\":\"https:\/\/fredfloris.eu\/wp-content\/uploads\/2022\/04\/IMG_1500-scaled.jpg\",\"datePublished\":\"2022-05-15T21:05:02+00:00\",\"dateModified\":\"2025-01-18T21:05:50+00:00\",\"description\":\"Beautiful leather bookmark, personalised bookmarks with your own design. This laser engraved bookmark is a perfect gift for any bookworm.\",\"breadcrumb\":{\"@id\":\"https:\/\/fredfloris.eu\/productpage\/llb-bookmarks\/#breadcrumb\"},\"inLanguage\":\"da-DK\",\"potentialAction\":[{\"@type\":\"ReadAction\",\"target\":[\"https:\/\/fredfloris.eu\/productpage\/llb-bookmarks\/\"]}]},{\"@type\":\"ImageObject\",\"inLanguage\":\"da-DK\",\"@id\":\"https:\/\/fredfloris.eu\/productpage\/llb-bookmarks\/#primaryimage\",\"url\":\"https:\/\/fredfloris.eu\/wp-content\/uploads\/2022\/04\/IMG_1500-scaled.jpg\",\"contentUrl\":\"https:\/\/fredfloris.eu\/wp-content\/uploads\/2022\/04\/IMG_1500-scaled.jpg\",\"width\":2560,\"height\":1722,\"caption\":\"Tan leather bookmark, with laser engraving\"},{\"@type\":\"BreadcrumbList\",\"@id\":\"https:\/\/fredfloris.eu\/productpage\/llb-bookmarks\/#breadcrumb\",\"itemListElement\":[{\"@type\":\"ListItem\",\"position\":1,\"name\":\"Home\",\"item\":\"https:\/\/fredfloris.eu\/\"},{\"@type\":\"ListItem\",\"position\":2,\"name\":\"Shop\",\"item\":\"https:\/\/fredfloris.eu\/shop\/\"},{\"@type\":\"ListItem\",\"position\":3,\"name\":\"Lagerl\u00f6f, Lindgren or Bremmer &#8211; Bookmarks\"}]},{\"@type\":\"WebSite\",\"@id\":\"https:\/\/fredfloris.eu\/#website\",\"url\":\"https:\/\/fredfloris.eu\/\",\"name\":\"FredFloris\",\"description\":\"Handcrafted Leathergoods - Made in Sweden\",\"publisher\":{\"@id\":\"https:\/\/fredfloris.eu\/#organization\"},\"potentialAction\":[{\"@type\":\"SearchAction\",\"target\":{\"@type\":\"EntryPoint\",\"urlTemplate\":\"https:\/\/fredfloris.eu\/?s={search_term_string}\"},\"query-input\":{\"@type\":\"PropertyValueSpecification\",\"valueRequired\":true,\"valueName\":\"search_term_string\"}}],\"inLanguage\":\"da-DK\"},{\"@type\":\"Organization\",\"@id\":\"https:\/\/fredfloris.eu\/#organization\",\"name\":\"FredFloris\",\"url\":\"https:\/\/fredfloris.eu\/\",\"logo\":{\"@type\":\"ImageObject\",\"inLanguage\":\"da-DK\",\"@id\":\"https:\/\/fredfloris.eu\/#\/schema\/logo\/image\/\",\"url\":\"https:\/\/fredfloris.eu\/wp-content\/uploads\/2022\/03\/FredFloris-med-hel-nal-och-text.png\",\"contentUrl\":\"https:\/\/fredfloris.eu\/wp-content\/uploads\/2022\/03\/FredFloris-med-hel-nal-och-text.png\",\"width\":591,\"height\":283,\"caption\":\"FredFloris\"},\"image\":{\"@id\":\"https:\/\/fredfloris.eu\/#\/schema\/logo\/image\/\"},\"sameAs\":[\"https:\/\/www.facebook.com\/FredFloris.Artisan.Studio\/\",\"https:\/\/x.com\/_fredfloris_\",\"https:\/\/www.instagram.com\/fredfloris.artisan.studio\/\"]}]}<\/script>\n<!-- \/ Yoast SEO plugin. -->","yoast_head_json":{"title":"Laserindgraveret bogm\u00e6rke i l\u00e6der | FredFloris","description":"Smukt bogm\u00e6rke i l\u00e6der, personlige bogm\u00e6rker med dit eget design. Dette lasergraverede bogm\u00e6rke er en perfekt gave til enhver bogorm.","robots":{"index":"index","follow":"follow","max-snippet":"max-snippet:-1","max-image-preview":"max-image-preview:large","max-video-preview":"max-video-preview:-1"},"canonical":"https:\/\/fredfloris.eu\/da\/productpage\/llb-bookmarks\/?wmc-currency=DKK","og_locale":"da_DK","og_type":"article","og_title":"Laser Engraved Leather Bookmark | FredFloris","og_description":"Beautiful leather bookmark, personalised bookmarks with your own design. This laser engraved bookmark is a perfect gift for any bookworm.","og_url":"https:\/\/fredfloris.eu\/da\/productpage\/llb-bookmarks\/?wmc-currency=DKK","og_site_name":"FredFloris","article_publisher":"https:\/\/www.facebook.com\/FredFloris.Artisan.Studio\/","article_modified_time":"2025-01-18T21:05:50+00:00","og_image":[{"width":2560,"height":1722,"url":"https:\/\/fredfloris.eu\/wp-content\/uploads\/2022\/04\/IMG_1500-scaled.jpg","type":"image\/jpeg"}],"twitter_card":"summary_large_image","twitter_site":"@_fredfloris_","twitter_misc":{"Estimeret l\u00e6setid":"1 minut"},"schema":{"@context":"https:\/\/schema.org","@graph":[{"@type":"WebPage","@id":"https:\/\/fredfloris.eu\/productpage\/llb-bookmarks\/","url":"https:\/\/fredfloris.eu\/productpage\/llb-bookmarks\/","name":"Laserindgraveret bogm\u00e6rke i l\u00e6der | FredFloris","isPartOf":{"@id":"https:\/\/fredfloris.eu\/#website"},"primaryImageOfPage":{"@id":"https:\/\/fredfloris.eu\/productpage\/llb-bookmarks\/#primaryimage"},"image":{"@id":"https:\/\/fredfloris.eu\/productpage\/llb-bookmarks\/#primaryimage"},"thumbnailUrl":"https:\/\/fredfloris.eu\/wp-content\/uploads\/2022\/04\/IMG_1500-scaled.jpg","datePublished":"2022-05-15T21:05:02+00:00","dateModified":"2025-01-18T21:05:50+00:00","description":"Smukt bogm\u00e6rke i l\u00e6der, personlige bogm\u00e6rker med dit eget design. Dette lasergraverede bogm\u00e6rke er en perfekt gave til enhver bogorm.","breadcrumb":{"@id":"https:\/\/fredfloris.eu\/productpage\/llb-bookmarks\/#breadcrumb"},"inLanguage":"da-DK","potentialAction":[{"@type":"ReadAction","target":["https:\/\/fredfloris.eu\/productpage\/llb-bookmarks\/"]}]},{"@type":"ImageObject","inLanguage":"da-DK","@id":"https:\/\/fredfloris.eu\/productpage\/llb-bookmarks\/#primaryimage","url":"https:\/\/fredfloris.eu\/wp-content\/uploads\/2022\/04\/IMG_1500-scaled.jpg","contentUrl":"https:\/\/fredfloris.eu\/wp-content\/uploads\/2022\/04\/IMG_1500-scaled.jpg","width":2560,"height":1722,"caption":"Tan leather bookmark, with laser engraving"},{"@type":"BreadcrumbList","@id":"https:\/\/fredfloris.eu\/productpage\/llb-bookmarks\/#breadcrumb","itemListElement":[{"@type":"ListItem","position":1,"name":"Home","item":"https:\/\/fredfloris.eu\/"},{"@type":"ListItem","position":2,"name":"Shop","item":"https:\/\/fredfloris.eu\/shop\/"},{"@type":"ListItem","position":3,"name":"Lagerl\u00f6f, Lindgren or Bremmer &#8211; Bookmarks"}]},{"@type":"WebSite","@id":"https:\/\/fredfloris.eu\/#website","url":"https:\/\/fredfloris.eu\/","name":"FredFloris","description":"H\u00e5ndlavede l\u00e6dert\u00f8jsprodukter - fremstillet i Sverige","publisher":{"@id":"https:\/\/fredfloris.eu\/#organization"},"potentialAction":[{"@type":"SearchAction","target":{"@type":"EntryPoint","urlTemplate":"https:\/\/fredfloris.eu\/?s={search_term_string}"},"query-input":{"@type":"PropertyValueSpecification","valueRequired":true,"valueName":"search_term_string"}}],"inLanguage":"da-DK"},{"@type":"Organization","@id":"https:\/\/fredfloris.eu\/#organization","name":"FredFloris","url":"https:\/\/fredfloris.eu\/","logo":{"@type":"ImageObject","inLanguage":"da-DK","@id":"https:\/\/fredfloris.eu\/#\/schema\/logo\/image\/","url":"https:\/\/fredfloris.eu\/wp-content\/uploads\/2022\/03\/FredFloris-med-hel-nal-och-text.png","contentUrl":"https:\/\/fredfloris.eu\/wp-content\/uploads\/2022\/03\/FredFloris-med-hel-nal-och-text.png","width":591,"height":283,"caption":"FredFloris"},"image":{"@id":"https:\/\/fredfloris.eu\/#\/schema\/logo\/image\/"},"sameAs":["https:\/\/www.facebook.com\/FredFloris.Artisan.Studio\/","https:\/\/x.com\/_fredfloris_","https:\/\/www.instagram.com\/fredfloris.artisan.studio\/"]}]}},"brands":[{"id":203,"name":"FredFloris","slug":"fredfloris"}],"_links":{"self":[{"href":"https:\/\/fredfloris.eu\/da\/wp-json\/wp\/v2\/product\/5025","targetHints":{"allow":["GET"]}}],"collection":[{"href":"https:\/\/fredfloris.eu\/da\/wp-json\/wp\/v2\/product"}],"about":[{"href":"https:\/\/fredfloris.eu\/da\/wp-json\/wp\/v2\/types\/product"}],"version-history":[{"count":9,"href":"https:\/\/fredfloris.eu\/da\/wp-json\/wp\/v2\/product\/5025\/revisions"}],"predecessor-version":[{"id":11323,"href":"https:\/\/fredfloris.eu\/da\/wp-json\/wp\/v2\/product\/5025\/revisions\/11323"}],"wp:featuredmedia":[{"embeddable":true,"href":"https:\/\/fredfloris.eu\/da\/wp-json\/wp\/v2\/media\/3078"}],"wp:attachment":[{"href":"https:\/\/fredfloris.eu\/da\/wp-json\/wp\/v2\/media?parent=5025"}],"wp:term":[{"taxonomy":"pwb-brand","embeddable":true,"href":"https:\/\/fredfloris.eu\/da\/wp-json\/wp\/v2\/pwb-brand?post=5025"},{"taxonomy":"product_brand","embeddable":true,"href":"https:\/\/fredfloris.eu\/da\/wp-json\/wp\/v2\/product_brand?post=5025"},{"taxonomy":"product_cat","embeddable":true,"href":"https:\/\/fredfloris.eu\/da\/wp-json\/wp\/v2\/product_cat?post=5025"},{"taxonomy":"product_tag","embeddable":true,"href":"https:\/\/fredfloris.eu\/da\/wp-json\/wp\/v2\/product_tag?post=5025"},{"taxonomy":"woo-feed-brand","embeddable":true,"href":"https:\/\/fredfloris.eu\/da\/wp-json\/wp\/v2\/woo-feed-brand?post=5025"}],"curies":[{"name":"wp","href":"https:\/\/api.w.org\/{rel}","templated":true}]}}