{"id":5121,"date":"2022-05-16T16:45:25","date_gmt":"2022-05-16T14:45:25","guid":{"rendered":"https:\/\/fredfloris.eu\/?post_type=product&#038;p=5121"},"modified":"2024-06-24T21:26:17","modified_gmt":"2024-06-24T19:26:17","slug":"birka-coasters","status":"publish","type":"product","link":"https:\/\/fredfloris.eu\/da\/productpage\/birka-coasters\/","title":{"rendered":"Birka - Bordsk\u00e5nere i l\u00e6der"},"content":{"rendered":"<p><strong>Prisen er for et s\u00e6t med 6 l\u00e6derbordsk\u00e5nere<\/strong><\/p>\n<p><strong>Personalisering:<\/strong> Tilf\u00f8j et navn, et billede eller en besked uden ekstra omkostninger. Hvis du vil tilpasse med dit eget design, skal du blot l\u00e6gge b\u00e5de produktet og dit valgte design i kurven.<\/p>\n<p><a class=\"lumise-customize-button button alt\" href=\"https:\/\/fredfloris.eu\/da\/productpage\/customize-birka-leather-coasters\/?wmc-currency=DKK\" name=\"customize\">Tilpasning<\/a><\/p>\n<p><strong>Forsk\u00f8n dit hjem med vores s\u00e6t af 6 l\u00e6derbordsk\u00e5nere, der er designet til at beskytte dine overflader og supplere dine m\u00f8bler.<\/strong> Disse bordsk\u00e5nere kombinerer en moderne cirkul\u00e6r form med den tidl\u00f8se appel fra l\u00e6der og bygger bro mellem traditionelle og moderne stilarter. Uanset om du nyder lyden af is, der klirrer i et glas, eller den blide klirren af en ske i keramik, sikrer disse bordsk\u00e5nere, at din drink har et sofistikeret sted at hvile.<\/p>\n<p><strong>Produktspecifikationer:<\/strong><\/p>\n<ul>\n<li><strong>Fremstillet helt i h\u00e5nden i vores familieejede Leather Art Studio<\/strong><\/li>\n<li><strong>Materiale:<\/strong> Fremstillet af vegetabilsk garvet fuldnarvet svensk l\u00e6der<\/li>\n<li><strong>Baggrund:<\/strong> Bagside af portugisisk kork forbedrer stabiliteten og giver et ekstra lag beskyttelse til dine m\u00f8bler<\/li>\n<li><strong>Vandt\u00e6thed:<\/strong> Designet til at modst\u00e5 kondens fra din drink, s\u00e5 overfladerne holdes t\u00f8rre og rene<\/li>\n<li><strong>St\u00f8rrelse:<\/strong> Hver coaster har en diameter p\u00e5 100 mm<\/li>\n<li><strong>Mulige farver:<\/strong> F\u00e5s i sort og brun, s\u00e5 du kan matche din indretning eller tilf\u00f8je en kontrastfuld accent.<\/li>\n<\/ul>\n<p>&nbsp;<\/p>\n<p>&nbsp;<\/p>\n<p>S\u00f8geord: Sort l\u00e6derbordsk\u00e5ner, Bord, drikke l\u00e6derbordsk\u00e5ner<\/p>","protected":false},"excerpt":{"rendered":"<p>Det fuldnarvede l\u00e6der kommer fra lokale svenske g\u00e5rde og er vegetabilsk garvet af det svenske garveri T\u00e4rnsj\u00f6 Garveri. T\u00e4rnsj\u00f6 Garveri har Organic 100- og TUV-certifikaterne, som sikrer, at de produkter, der produceres p\u00e5 garveriet, er henholdsvis 95% \u00f8kologiske og fremstillet i et sikkert anl\u00e6g.<\/p>\n<pre><\/pre>\n<p>N\u00e5r vi har f\u00e5et l\u00e6deret, fremstiller vores v\u00e6rksted bordsk\u00e5nerne helt i h\u00e5nden. Vores bordsk\u00e5ner er sk\u00e5ret ud af det tykke svenske l\u00e6der og derefter foret med naturlig portugisisk kork. For at fuldende udseendet er vores bordsk\u00e5ner pr\u00e6get med vores signaturlogo.<\/p>\n<pre><\/pre>\n<p>SKU: bir\/coa\/lea\/bla M\u00e6rke: FredFloris<\/p>","protected":false},"featured_media":10483,"template":"","meta":[],"pwb-brand":[203],"product_brand":[],"product_cat":[109,100],"product_tag":[123,136,105],"woo-feed-brand":[],"class_list":{"0":"post-5121","1":"product","2":"type-product","3":"status-publish","4":"has-post-thumbnail","6":"pwb-brand-fredfloris","7":"product_cat-coasters","8":"product_cat-leathergoods","9":"product_tag-full-grain-leather","10":"product_tag-handmade","11":"product_tag-made-to-order","12":"product_shipping_class-small-goods","13":"pa_leather-colour-black-croupon-swedish","14":"pa_leather-colour-brown-croupon-swedish","16":"first","17":"instock","18":"taxable","19":"shipping-taxable","20":"purchasable","21":"product-type-variable"},"yoast_head":"<!-- This site is optimized with the Yoast SEO plugin v27.2 - https:\/\/yoast.com\/product\/yoast-seo-wordpress\/ -->\n<title>Black Leather Coaster With Cork Backing | FredFloris<\/title>\n<meta name=\"description\" content=\"Black leather coaster that is minimalistic in appearance and sourced from Swedish farms. Perfect as a drink coaster and table coaster.\" \/>\n<meta name=\"robots\" content=\"index, follow, max-snippet:-1, max-image-preview:large, max-video-preview:-1\" \/>\n<link rel=\"canonical\" href=\"https:\/\/fredfloris.eu\/da\/productpage\/birka-coasters\/?wmc-currency=DKK\" \/>\n<meta property=\"og:locale\" content=\"da_DK\" \/>\n<meta property=\"og:type\" content=\"article\" \/>\n<meta property=\"og:title\" content=\"Black Leather Coaster With Cork Backing | FredFloris\" \/>\n<meta property=\"og:description\" content=\"Black leather coaster that is minimalistic in appearance and sourced from Swedish farms. Perfect as a drink coaster and table coaster.\" \/>\n<meta property=\"og:url\" content=\"https:\/\/fredfloris.eu\/da\/productpage\/birka-coasters\/?wmc-currency=DKK\" \/>\n<meta property=\"og:site_name\" content=\"FredFloris\" \/>\n<meta property=\"article:publisher\" content=\"https:\/\/www.facebook.com\/FredFloris.Artisan.Studio\/\" \/>\n<meta property=\"article:modified_time\" content=\"2024-06-24T19:26:17+00:00\" \/>\n<meta property=\"og:image\" content=\"https:\/\/fredfloris.eu\/wp-content\/uploads\/2023\/09\/IMG_5580-scaled.jpg\" \/>\n\t<meta property=\"og:image:width\" content=\"2560\" \/>\n\t<meta property=\"og:image:height\" content=\"1707\" \/>\n\t<meta property=\"og:image:type\" content=\"image\/jpeg\" \/>\n<meta name=\"twitter:card\" content=\"summary_large_image\" \/>\n<meta name=\"twitter:site\" content=\"@_fredfloris_\" \/>\n<meta name=\"twitter:label1\" content=\"Estimeret l\u00e6setid\" \/>\n\t<meta name=\"twitter:data1\" content=\"2 minutter\" \/>\n<script type=\"application\/ld+json\" class=\"yoast-schema-graph\">{\"@context\":\"https:\/\/schema.org\",\"@graph\":[{\"@type\":\"WebPage\",\"@id\":\"https:\/\/fredfloris.eu\/productpage\/birka-coasters\/\",\"url\":\"https:\/\/fredfloris.eu\/productpage\/birka-coasters\/\",\"name\":\"Black Leather Coaster With Cork Backing | FredFloris\",\"isPartOf\":{\"@id\":\"https:\/\/fredfloris.eu\/#website\"},\"primaryImageOfPage\":{\"@id\":\"https:\/\/fredfloris.eu\/productpage\/birka-coasters\/#primaryimage\"},\"image\":{\"@id\":\"https:\/\/fredfloris.eu\/productpage\/birka-coasters\/#primaryimage\"},\"thumbnailUrl\":\"https:\/\/fredfloris.eu\/wp-content\/uploads\/2023\/09\/IMG_5580-scaled.jpg\",\"datePublished\":\"2022-05-16T14:45:25+00:00\",\"dateModified\":\"2024-06-24T19:26:17+00:00\",\"description\":\"Black leather coaster that is minimalistic in appearance and sourced from Swedish farms. Perfect as a drink coaster and table coaster.\",\"breadcrumb\":{\"@id\":\"https:\/\/fredfloris.eu\/productpage\/birka-coasters\/#breadcrumb\"},\"inLanguage\":\"da-DK\",\"potentialAction\":[{\"@type\":\"ReadAction\",\"target\":[\"https:\/\/fredfloris.eu\/productpage\/birka-coasters\/\"]}]},{\"@type\":\"ImageObject\",\"inLanguage\":\"da-DK\",\"@id\":\"https:\/\/fredfloris.eu\/productpage\/birka-coasters\/#primaryimage\",\"url\":\"https:\/\/fredfloris.eu\/wp-content\/uploads\/2023\/09\/IMG_5580-scaled.jpg\",\"contentUrl\":\"https:\/\/fredfloris.eu\/wp-content\/uploads\/2023\/09\/IMG_5580-scaled.jpg\",\"width\":2560,\"height\":1707,\"caption\":\"Product: Birka - Leather Coasters, Colour: Black & Brown, Cork Backing For Coasters\"},{\"@type\":\"BreadcrumbList\",\"@id\":\"https:\/\/fredfloris.eu\/productpage\/birka-coasters\/#breadcrumb\",\"itemListElement\":[{\"@type\":\"ListItem\",\"position\":1,\"name\":\"Home\",\"item\":\"https:\/\/fredfloris.eu\/\"},{\"@type\":\"ListItem\",\"position\":2,\"name\":\"Shop\",\"item\":\"https:\/\/fredfloris.eu\/shop\/\"},{\"@type\":\"ListItem\",\"position\":3,\"name\":\"Birka &#8211; Leather Coasters\"}]},{\"@type\":\"WebSite\",\"@id\":\"https:\/\/fredfloris.eu\/#website\",\"url\":\"https:\/\/fredfloris.eu\/\",\"name\":\"FredFloris\",\"description\":\"Handcrafted Leathergoods - Made in Sweden\",\"publisher\":{\"@id\":\"https:\/\/fredfloris.eu\/#organization\"},\"potentialAction\":[{\"@type\":\"SearchAction\",\"target\":{\"@type\":\"EntryPoint\",\"urlTemplate\":\"https:\/\/fredfloris.eu\/?s={search_term_string}\"},\"query-input\":{\"@type\":\"PropertyValueSpecification\",\"valueRequired\":true,\"valueName\":\"search_term_string\"}}],\"inLanguage\":\"da-DK\"},{\"@type\":\"Organization\",\"@id\":\"https:\/\/fredfloris.eu\/#organization\",\"name\":\"FredFloris\",\"url\":\"https:\/\/fredfloris.eu\/\",\"logo\":{\"@type\":\"ImageObject\",\"inLanguage\":\"da-DK\",\"@id\":\"https:\/\/fredfloris.eu\/#\/schema\/logo\/image\/\",\"url\":\"https:\/\/fredfloris.eu\/wp-content\/uploads\/2022\/03\/FredFloris-med-hel-nal-och-text.png\",\"contentUrl\":\"https:\/\/fredfloris.eu\/wp-content\/uploads\/2022\/03\/FredFloris-med-hel-nal-och-text.png\",\"width\":591,\"height\":283,\"caption\":\"FredFloris\"},\"image\":{\"@id\":\"https:\/\/fredfloris.eu\/#\/schema\/logo\/image\/\"},\"sameAs\":[\"https:\/\/www.facebook.com\/FredFloris.Artisan.Studio\/\",\"https:\/\/x.com\/_fredfloris_\",\"https:\/\/www.instagram.com\/fredfloris.artisan.studio\/\"]}]}<\/script>\n<!-- \/ Yoast SEO plugin. -->","yoast_head_json":{"title":"Underkop i sort l\u00e6der med korkbagside | FredFloris","description":"Sort l\u00e6derbordsk\u00e5ner, der er minimalistisk i sit udseende og kommer fra svenske g\u00e5rde. Perfekt som drinks- og bordsk\u00e5ner.","robots":{"index":"index","follow":"follow","max-snippet":"max-snippet:-1","max-image-preview":"max-image-preview:large","max-video-preview":"max-video-preview:-1"},"canonical":"https:\/\/fredfloris.eu\/da\/productpage\/birka-coasters\/?wmc-currency=DKK","og_locale":"da_DK","og_type":"article","og_title":"Black Leather Coaster With Cork Backing | FredFloris","og_description":"Black leather coaster that is minimalistic in appearance and sourced from Swedish farms. Perfect as a drink coaster and table coaster.","og_url":"https:\/\/fredfloris.eu\/da\/productpage\/birka-coasters\/?wmc-currency=DKK","og_site_name":"FredFloris","article_publisher":"https:\/\/www.facebook.com\/FredFloris.Artisan.Studio\/","article_modified_time":"2024-06-24T19:26:17+00:00","og_image":[{"width":2560,"height":1707,"url":"https:\/\/fredfloris.eu\/wp-content\/uploads\/2023\/09\/IMG_5580-scaled.jpg","type":"image\/jpeg"}],"twitter_card":"summary_large_image","twitter_site":"@_fredfloris_","twitter_misc":{"Estimeret l\u00e6setid":"2 minutter"},"schema":{"@context":"https:\/\/schema.org","@graph":[{"@type":"WebPage","@id":"https:\/\/fredfloris.eu\/productpage\/birka-coasters\/","url":"https:\/\/fredfloris.eu\/productpage\/birka-coasters\/","name":"Underkop i sort l\u00e6der med korkbagside | FredFloris","isPartOf":{"@id":"https:\/\/fredfloris.eu\/#website"},"primaryImageOfPage":{"@id":"https:\/\/fredfloris.eu\/productpage\/birka-coasters\/#primaryimage"},"image":{"@id":"https:\/\/fredfloris.eu\/productpage\/birka-coasters\/#primaryimage"},"thumbnailUrl":"https:\/\/fredfloris.eu\/wp-content\/uploads\/2023\/09\/IMG_5580-scaled.jpg","datePublished":"2022-05-16T14:45:25+00:00","dateModified":"2024-06-24T19:26:17+00:00","description":"Sort l\u00e6derbordsk\u00e5ner, der er minimalistisk i sit udseende og kommer fra svenske g\u00e5rde. Perfekt som drinks- og bordsk\u00e5ner.","breadcrumb":{"@id":"https:\/\/fredfloris.eu\/productpage\/birka-coasters\/#breadcrumb"},"inLanguage":"da-DK","potentialAction":[{"@type":"ReadAction","target":["https:\/\/fredfloris.eu\/productpage\/birka-coasters\/"]}]},{"@type":"ImageObject","inLanguage":"da-DK","@id":"https:\/\/fredfloris.eu\/productpage\/birka-coasters\/#primaryimage","url":"https:\/\/fredfloris.eu\/wp-content\/uploads\/2023\/09\/IMG_5580-scaled.jpg","contentUrl":"https:\/\/fredfloris.eu\/wp-content\/uploads\/2023\/09\/IMG_5580-scaled.jpg","width":2560,"height":1707,"caption":"Product: Birka - Leather Coasters, Colour: Black & Brown, Cork Backing For Coasters"},{"@type":"BreadcrumbList","@id":"https:\/\/fredfloris.eu\/productpage\/birka-coasters\/#breadcrumb","itemListElement":[{"@type":"ListItem","position":1,"name":"Home","item":"https:\/\/fredfloris.eu\/"},{"@type":"ListItem","position":2,"name":"Shop","item":"https:\/\/fredfloris.eu\/shop\/"},{"@type":"ListItem","position":3,"name":"Birka &#8211; Leather Coasters"}]},{"@type":"WebSite","@id":"https:\/\/fredfloris.eu\/#website","url":"https:\/\/fredfloris.eu\/","name":"FredFloris","description":"H\u00e5ndlavede l\u00e6dert\u00f8jsprodukter - fremstillet i Sverige","publisher":{"@id":"https:\/\/fredfloris.eu\/#organization"},"potentialAction":[{"@type":"SearchAction","target":{"@type":"EntryPoint","urlTemplate":"https:\/\/fredfloris.eu\/?s={search_term_string}"},"query-input":{"@type":"PropertyValueSpecification","valueRequired":true,"valueName":"search_term_string"}}],"inLanguage":"da-DK"},{"@type":"Organization","@id":"https:\/\/fredfloris.eu\/#organization","name":"FredFloris","url":"https:\/\/fredfloris.eu\/","logo":{"@type":"ImageObject","inLanguage":"da-DK","@id":"https:\/\/fredfloris.eu\/#\/schema\/logo\/image\/","url":"https:\/\/fredfloris.eu\/wp-content\/uploads\/2022\/03\/FredFloris-med-hel-nal-och-text.png","contentUrl":"https:\/\/fredfloris.eu\/wp-content\/uploads\/2022\/03\/FredFloris-med-hel-nal-och-text.png","width":591,"height":283,"caption":"FredFloris"},"image":{"@id":"https:\/\/fredfloris.eu\/#\/schema\/logo\/image\/"},"sameAs":["https:\/\/www.facebook.com\/FredFloris.Artisan.Studio\/","https:\/\/x.com\/_fredfloris_","https:\/\/www.instagram.com\/fredfloris.artisan.studio\/"]}]}},"brands":[{"id":203,"name":"FredFloris","slug":"fredfloris"}],"_links":{"self":[{"href":"https:\/\/fredfloris.eu\/da\/wp-json\/wp\/v2\/product\/5121","targetHints":{"allow":["GET"]}}],"collection":[{"href":"https:\/\/fredfloris.eu\/da\/wp-json\/wp\/v2\/product"}],"about":[{"href":"https:\/\/fredfloris.eu\/da\/wp-json\/wp\/v2\/types\/product"}],"version-history":[{"count":15,"href":"https:\/\/fredfloris.eu\/da\/wp-json\/wp\/v2\/product\/5121\/revisions"}],"predecessor-version":[{"id":11550,"href":"https:\/\/fredfloris.eu\/da\/wp-json\/wp\/v2\/product\/5121\/revisions\/11550"}],"wp:featuredmedia":[{"embeddable":true,"href":"https:\/\/fredfloris.eu\/da\/wp-json\/wp\/v2\/media\/10483"}],"wp:attachment":[{"href":"https:\/\/fredfloris.eu\/da\/wp-json\/wp\/v2\/media?parent=5121"}],"wp:term":[{"taxonomy":"pwb-brand","embeddable":true,"href":"https:\/\/fredfloris.eu\/da\/wp-json\/wp\/v2\/pwb-brand?post=5121"},{"taxonomy":"product_brand","embeddable":true,"href":"https:\/\/fredfloris.eu\/da\/wp-json\/wp\/v2\/product_brand?post=5121"},{"taxonomy":"product_cat","embeddable":true,"href":"https:\/\/fredfloris.eu\/da\/wp-json\/wp\/v2\/product_cat?post=5121"},{"taxonomy":"product_tag","embeddable":true,"href":"https:\/\/fredfloris.eu\/da\/wp-json\/wp\/v2\/product_tag?post=5121"},{"taxonomy":"woo-feed-brand","embeddable":true,"href":"https:\/\/fredfloris.eu\/da\/wp-json\/wp\/v2\/woo-feed-brand?post=5121"}],"curies":[{"name":"wp","href":"https:\/\/api.w.org\/{rel}","templated":true}]}}