{"id":5136,"date":"2022-05-16T16:59:00","date_gmt":"2022-05-16T14:59:00","guid":{"rendered":"https:\/\/fredfloris.eu\/?post_type=product&#038;p=5136"},"modified":"2024-07-23T20:14:09","modified_gmt":"2024-07-23T18:14:09","slug":"minnie-soft-glasses-cases","status":"publish","type":"product","link":"https:\/\/fredfloris.eu\/da\/productpage\/minnie-soft-glasses-cases\/","title":{"rendered":"Minnie - Brilleetuier"},"content":{"rendered":"<p><strong>Personalisering:<\/strong> Tilf\u00f8j et navn eller en besked uden ekstra omkostninger. Hvis du vil tilpasse med dit eget design, skal du blot l\u00e6gge b\u00e5de produktet og dit valgte design i kurven.<\/p>\n<p><a class=\"lumise-customize-button button alt\" href=\"https:\/\/fredfloris.eu\/da\/productpage\/customize-minnie-soft-glasses-cases\/?wmc-currency=DKK\" name=\"customize\">Tilpasning<\/a><\/p>\n<p><strong>Beskyt dine briller med stil med vores brilleetui i bl\u00f8dt l\u00e6der, der er designet til effektiv beskyttelse.<\/strong> Dette etui d\u00e6kker dine briller t\u00e6t og holder dem fri for ridser. Den \u00e5bne slids med afrundede kanter giver nem adgang, s\u00e5 du kan skubbe dine briller ind og ud uden besv\u00e6r. Det er ideelt til b\u00e5de briller og solbriller, hvilket g\u00f8r dette etui til en p\u00e5lidelig ledsager til dit vigtige tilbeh\u00f8r.<\/p>\n<p><strong>Alsidig og underspillet:<\/strong> Dette elegante etui passer til alle omgivelser, fra afslappede udflugter til formelle begivenheder. Det er lavet af vegetabilsk garvet fuldnarvet l\u00e6der og forhindrer dine briller i at glide p\u00e5 overflader og giver dit daglige outfit et strejf af raffinement.<\/p>\n<p><strong>Produktspecifikationer:<\/strong><\/p>\n<ul>\n<li><strong>Fremstillet helt i h\u00e5nden i vores familieejede Leather Art Studio<\/strong><\/li>\n<li><strong>Dimensioner:<\/strong> Bredde: ~80 mm, l\u00e6ngde: 175 mm<\/li>\n<li><strong>Mulige farver:<\/strong> V\u00e6lg mellem sort, marinebl\u00e5, Cognac, varm Cognac, m\u00f8rk Cognac, m\u00f8rkegul og bl\u00e5gr\u00f8n.<\/li>\n<li><strong>Materiale:<\/strong> Vegetabilsk garvet fuldnarvet l\u00e6der, garvet i Italien ved hj\u00e6lp af den traditionelle toscanske Vacchetta-opskrift<\/li>\n<li><strong>Syning:<\/strong> Traditionelle sadelmagersting, syet i h\u00e5nden<\/li>\n<li><strong>Tr\u00e5d:<\/strong> Syet med Tiger Ritza 25-tr\u00e5d for varig styrke<\/li>\n<\/ul>\n<p>&nbsp;<\/p>\n<p>&nbsp;<\/p>\n<p>S\u00f8g efter ord: H\u00e5ndlavet brilleetui i bl\u00f8dt fuldnarvet l\u00e6der<\/p>","protected":false},"excerpt":{"rendered":"<p>Det fuldnarvede l\u00e6der er fremstillet af oksens skuldre og vegetabilsk garvet efter den gamle toscanske Vacchetta-opskrift. Det bliver derefter sk\u00e5ret til og syet sammen i h\u00e5nden med f\u00f8rsteklasses voksbehandlet polyestertr\u00e5d ved hj\u00e6lp af den traditionelle sadelmagerteknik. Denne symetode sikrer produktets holdbarhed, is\u00e6r under kraftig stress og belastning. Kanterne afrundes, slibes og farves derefter i h\u00e5nden med flere lag kantmaling. Kantmalingen udf\u00f8res med stor pr\u00e6cision for at sikre, at l\u00e6derets narv bevares.<\/p>\n<pre><\/pre>\n<p>Det anilinbehandlede l\u00e6der leveres af Mapel &amp; C, og det pull-up\/voksede l\u00e6der leveres af Badalassi Carlo. Begge garverier bruger den gamle toscanske Vacchetta-opskrift til at garve deres l\u00e6der, og begge er en del af respektable organisationer, henholdsvis Tuscany tanning district companies og Pelle Conciata al Vegetale-konsortiet.<\/p>","protected":false},"featured_media":3174,"template":"","meta":[],"pwb-brand":[203],"product_brand":[],"product_cat":[102,100],"product_tag":[123,136,105],"woo-feed-brand":[],"class_list":{"0":"post-5136","1":"product","2":"type-product","3":"status-publish","4":"has-post-thumbnail","6":"pwb-brand-fredfloris","7":"product_cat-glasses-cases","8":"product_cat-leathergoods","9":"product_tag-full-grain-leather","10":"product_tag-handmade","11":"product_tag-made-to-order","12":"product_shipping_class-small-goods","13":"pa_leather-colour-black-mapelec-thin","14":"pa_leather-colour-petrol-waxed","15":"pa_leather-colour-cognac","16":"pa_leather-colour-dark-cognac-waxed","17":"pa_leather-colour-mustard-waxed","18":"pa_leather-colour-navy","19":"pa_leather-colour-warm-cognac","21":"first","22":"instock","23":"taxable","24":"shipping-taxable","25":"purchasable","26":"product-type-variable","27":"has-default-attributes"},"yoast_head":"<!-- This site is optimized with the Yoast SEO plugin v27.2 - https:\/\/yoast.com\/product\/yoast-seo-wordpress\/ -->\n<title>Handmade Full-Grain Leather Glasses Case | FredFloris<\/title>\n<meta name=\"description\" content=\"Handmade full-grain leather soft glass cases, made from vegetable-tanned Italian leather. Small and compact 175mmx 80mm.\" \/>\n<meta name=\"robots\" content=\"index, follow, max-snippet:-1, max-image-preview:large, max-video-preview:-1\" \/>\n<link rel=\"canonical\" href=\"https:\/\/fredfloris.eu\/da\/productpage\/minnie-soft-glasses-cases\/?wmc-currency=DKK\" \/>\n<meta property=\"og:locale\" content=\"da_DK\" \/>\n<meta property=\"og:type\" content=\"article\" \/>\n<meta property=\"og:title\" content=\"Handmade Full-Grain Leather Glasses Case | FredFloris\" \/>\n<meta property=\"og:description\" content=\"Handmade full-grain leather soft glass cases, made from vegetable-tanned Italian leather. Small and compact 175mmx 80mm.\" \/>\n<meta property=\"og:url\" content=\"https:\/\/fredfloris.eu\/da\/productpage\/minnie-soft-glasses-cases\/?wmc-currency=DKK\" \/>\n<meta property=\"og:site_name\" content=\"FredFloris\" \/>\n<meta property=\"article:publisher\" content=\"https:\/\/www.facebook.com\/FredFloris.Artisan.Studio\/\" \/>\n<meta property=\"article:modified_time\" content=\"2024-07-23T18:14:09+00:00\" \/>\n<meta property=\"og:image\" content=\"https:\/\/fredfloris.eu\/wp-content\/uploads\/2022\/04\/IMG_1544-scaled.jpg\" \/>\n\t<meta property=\"og:image:width\" content=\"2560\" \/>\n\t<meta property=\"og:image:height\" content=\"1707\" \/>\n\t<meta property=\"og:image:type\" content=\"image\/jpeg\" \/>\n<meta name=\"twitter:card\" content=\"summary_large_image\" \/>\n<meta name=\"twitter:site\" content=\"@_fredfloris_\" \/>\n<meta name=\"twitter:label1\" content=\"Estimeret l\u00e6setid\" \/>\n\t<meta name=\"twitter:data1\" content=\"2 minutter\" \/>\n<script type=\"application\/ld+json\" class=\"yoast-schema-graph\">{\"@context\":\"https:\/\/schema.org\",\"@graph\":[{\"@type\":\"WebPage\",\"@id\":\"https:\/\/fredfloris.eu\/productpage\/minnie-soft-glasses-cases\/\",\"url\":\"https:\/\/fredfloris.eu\/productpage\/minnie-soft-glasses-cases\/\",\"name\":\"Handmade Full-Grain Leather Glasses Case | FredFloris\",\"isPartOf\":{\"@id\":\"https:\/\/fredfloris.eu\/#website\"},\"primaryImageOfPage\":{\"@id\":\"https:\/\/fredfloris.eu\/productpage\/minnie-soft-glasses-cases\/#primaryimage\"},\"image\":{\"@id\":\"https:\/\/fredfloris.eu\/productpage\/minnie-soft-glasses-cases\/#primaryimage\"},\"thumbnailUrl\":\"https:\/\/fredfloris.eu\/wp-content\/uploads\/2022\/04\/IMG_1544-scaled.jpg\",\"datePublished\":\"2022-05-16T14:59:00+00:00\",\"dateModified\":\"2024-07-23T18:14:09+00:00\",\"description\":\"Handmade full-grain leather soft glass cases, made from vegetable-tanned Italian leather. Small and compact 175mmx 80mm.\",\"breadcrumb\":{\"@id\":\"https:\/\/fredfloris.eu\/productpage\/minnie-soft-glasses-cases\/#breadcrumb\"},\"inLanguage\":\"da-DK\",\"potentialAction\":[{\"@type\":\"ReadAction\",\"target\":[\"https:\/\/fredfloris.eu\/productpage\/minnie-soft-glasses-cases\/\"]}]},{\"@type\":\"ImageObject\",\"inLanguage\":\"da-DK\",\"@id\":\"https:\/\/fredfloris.eu\/productpage\/minnie-soft-glasses-cases\/#primaryimage\",\"url\":\"https:\/\/fredfloris.eu\/wp-content\/uploads\/2022\/04\/IMG_1544-scaled.jpg\",\"contentUrl\":\"https:\/\/fredfloris.eu\/wp-content\/uploads\/2022\/04\/IMG_1544-scaled.jpg\",\"width\":2560,\"height\":1707,\"caption\":\"Product: Minnie - Glasses Cases, colour from left to right: Dark Yellow, Navy Blue, Cognac, Dark Cognac, Black and Blue-Green\"},{\"@type\":\"BreadcrumbList\",\"@id\":\"https:\/\/fredfloris.eu\/productpage\/minnie-soft-glasses-cases\/#breadcrumb\",\"itemListElement\":[{\"@type\":\"ListItem\",\"position\":1,\"name\":\"Home\",\"item\":\"https:\/\/fredfloris.eu\/\"},{\"@type\":\"ListItem\",\"position\":2,\"name\":\"Shop\",\"item\":\"https:\/\/fredfloris.eu\/shop\/\"},{\"@type\":\"ListItem\",\"position\":3,\"name\":\"Minnie &#8211; Glasses Cases\"}]},{\"@type\":\"WebSite\",\"@id\":\"https:\/\/fredfloris.eu\/#website\",\"url\":\"https:\/\/fredfloris.eu\/\",\"name\":\"FredFloris\",\"description\":\"Handcrafted Leathergoods - Made in Sweden\",\"publisher\":{\"@id\":\"https:\/\/fredfloris.eu\/#organization\"},\"potentialAction\":[{\"@type\":\"SearchAction\",\"target\":{\"@type\":\"EntryPoint\",\"urlTemplate\":\"https:\/\/fredfloris.eu\/?s={search_term_string}\"},\"query-input\":{\"@type\":\"PropertyValueSpecification\",\"valueRequired\":true,\"valueName\":\"search_term_string\"}}],\"inLanguage\":\"da-DK\"},{\"@type\":\"Organization\",\"@id\":\"https:\/\/fredfloris.eu\/#organization\",\"name\":\"FredFloris\",\"url\":\"https:\/\/fredfloris.eu\/\",\"logo\":{\"@type\":\"ImageObject\",\"inLanguage\":\"da-DK\",\"@id\":\"https:\/\/fredfloris.eu\/#\/schema\/logo\/image\/\",\"url\":\"https:\/\/fredfloris.eu\/wp-content\/uploads\/2022\/03\/FredFloris-med-hel-nal-och-text.png\",\"contentUrl\":\"https:\/\/fredfloris.eu\/wp-content\/uploads\/2022\/03\/FredFloris-med-hel-nal-och-text.png\",\"width\":591,\"height\":283,\"caption\":\"FredFloris\"},\"image\":{\"@id\":\"https:\/\/fredfloris.eu\/#\/schema\/logo\/image\/\"},\"sameAs\":[\"https:\/\/www.facebook.com\/FredFloris.Artisan.Studio\/\",\"https:\/\/x.com\/_fredfloris_\",\"https:\/\/www.instagram.com\/fredfloris.artisan.studio\/\"]}]}<\/script>\n<!-- \/ Yoast SEO plugin. -->","yoast_head_json":{"title":"H\u00e5ndlavet brilleetui i fuldkornsl\u00e6der | FredFloris","description":"H\u00e5ndlavede etuier til bl\u00f8de glas i fuldnarvet l\u00e6der, fremstillet af vegetabilsk garvet italiensk l\u00e6der. Lille og kompakt 175 mm x 80 mm.","robots":{"index":"index","follow":"follow","max-snippet":"max-snippet:-1","max-image-preview":"max-image-preview:large","max-video-preview":"max-video-preview:-1"},"canonical":"https:\/\/fredfloris.eu\/da\/productpage\/minnie-soft-glasses-cases\/?wmc-currency=DKK","og_locale":"da_DK","og_type":"article","og_title":"Handmade Full-Grain Leather Glasses Case | FredFloris","og_description":"Handmade full-grain leather soft glass cases, made from vegetable-tanned Italian leather. Small and compact 175mmx 80mm.","og_url":"https:\/\/fredfloris.eu\/da\/productpage\/minnie-soft-glasses-cases\/?wmc-currency=DKK","og_site_name":"FredFloris","article_publisher":"https:\/\/www.facebook.com\/FredFloris.Artisan.Studio\/","article_modified_time":"2024-07-23T18:14:09+00:00","og_image":[{"width":2560,"height":1707,"url":"https:\/\/fredfloris.eu\/wp-content\/uploads\/2022\/04\/IMG_1544-scaled.jpg","type":"image\/jpeg"}],"twitter_card":"summary_large_image","twitter_site":"@_fredfloris_","twitter_misc":{"Estimeret l\u00e6setid":"2 minutter"},"schema":{"@context":"https:\/\/schema.org","@graph":[{"@type":"WebPage","@id":"https:\/\/fredfloris.eu\/productpage\/minnie-soft-glasses-cases\/","url":"https:\/\/fredfloris.eu\/productpage\/minnie-soft-glasses-cases\/","name":"H\u00e5ndlavet brilleetui i fuldkornsl\u00e6der | FredFloris","isPartOf":{"@id":"https:\/\/fredfloris.eu\/#website"},"primaryImageOfPage":{"@id":"https:\/\/fredfloris.eu\/productpage\/minnie-soft-glasses-cases\/#primaryimage"},"image":{"@id":"https:\/\/fredfloris.eu\/productpage\/minnie-soft-glasses-cases\/#primaryimage"},"thumbnailUrl":"https:\/\/fredfloris.eu\/wp-content\/uploads\/2022\/04\/IMG_1544-scaled.jpg","datePublished":"2022-05-16T14:59:00+00:00","dateModified":"2024-07-23T18:14:09+00:00","description":"H\u00e5ndlavede etuier til bl\u00f8de glas i fuldnarvet l\u00e6der, fremstillet af vegetabilsk garvet italiensk l\u00e6der. Lille og kompakt 175 mm x 80 mm.","breadcrumb":{"@id":"https:\/\/fredfloris.eu\/productpage\/minnie-soft-glasses-cases\/#breadcrumb"},"inLanguage":"da-DK","potentialAction":[{"@type":"ReadAction","target":["https:\/\/fredfloris.eu\/productpage\/minnie-soft-glasses-cases\/"]}]},{"@type":"ImageObject","inLanguage":"da-DK","@id":"https:\/\/fredfloris.eu\/productpage\/minnie-soft-glasses-cases\/#primaryimage","url":"https:\/\/fredfloris.eu\/wp-content\/uploads\/2022\/04\/IMG_1544-scaled.jpg","contentUrl":"https:\/\/fredfloris.eu\/wp-content\/uploads\/2022\/04\/IMG_1544-scaled.jpg","width":2560,"height":1707,"caption":"Product: Minnie - Glasses Cases, colour from left to right: Dark Yellow, Navy Blue, Cognac, Dark Cognac, Black and Blue-Green"},{"@type":"BreadcrumbList","@id":"https:\/\/fredfloris.eu\/productpage\/minnie-soft-glasses-cases\/#breadcrumb","itemListElement":[{"@type":"ListItem","position":1,"name":"Home","item":"https:\/\/fredfloris.eu\/"},{"@type":"ListItem","position":2,"name":"Shop","item":"https:\/\/fredfloris.eu\/shop\/"},{"@type":"ListItem","position":3,"name":"Minnie &#8211; Glasses Cases"}]},{"@type":"WebSite","@id":"https:\/\/fredfloris.eu\/#website","url":"https:\/\/fredfloris.eu\/","name":"FredFloris","description":"H\u00e5ndlavede l\u00e6dert\u00f8jsprodukter - fremstillet i Sverige","publisher":{"@id":"https:\/\/fredfloris.eu\/#organization"},"potentialAction":[{"@type":"SearchAction","target":{"@type":"EntryPoint","urlTemplate":"https:\/\/fredfloris.eu\/?s={search_term_string}"},"query-input":{"@type":"PropertyValueSpecification","valueRequired":true,"valueName":"search_term_string"}}],"inLanguage":"da-DK"},{"@type":"Organization","@id":"https:\/\/fredfloris.eu\/#organization","name":"FredFloris","url":"https:\/\/fredfloris.eu\/","logo":{"@type":"ImageObject","inLanguage":"da-DK","@id":"https:\/\/fredfloris.eu\/#\/schema\/logo\/image\/","url":"https:\/\/fredfloris.eu\/wp-content\/uploads\/2022\/03\/FredFloris-med-hel-nal-och-text.png","contentUrl":"https:\/\/fredfloris.eu\/wp-content\/uploads\/2022\/03\/FredFloris-med-hel-nal-och-text.png","width":591,"height":283,"caption":"FredFloris"},"image":{"@id":"https:\/\/fredfloris.eu\/#\/schema\/logo\/image\/"},"sameAs":["https:\/\/www.facebook.com\/FredFloris.Artisan.Studio\/","https:\/\/x.com\/_fredfloris_","https:\/\/www.instagram.com\/fredfloris.artisan.studio\/"]}]}},"brands":[{"id":203,"name":"FredFloris","slug":"fredfloris"}],"_links":{"self":[{"href":"https:\/\/fredfloris.eu\/da\/wp-json\/wp\/v2\/product\/5136","targetHints":{"allow":["GET"]}}],"collection":[{"href":"https:\/\/fredfloris.eu\/da\/wp-json\/wp\/v2\/product"}],"about":[{"href":"https:\/\/fredfloris.eu\/da\/wp-json\/wp\/v2\/types\/product"}],"version-history":[{"count":15,"href":"https:\/\/fredfloris.eu\/da\/wp-json\/wp\/v2\/product\/5136\/revisions"}],"predecessor-version":[{"id":11581,"href":"https:\/\/fredfloris.eu\/da\/wp-json\/wp\/v2\/product\/5136\/revisions\/11581"}],"wp:featuredmedia":[{"embeddable":true,"href":"https:\/\/fredfloris.eu\/da\/wp-json\/wp\/v2\/media\/3174"}],"wp:attachment":[{"href":"https:\/\/fredfloris.eu\/da\/wp-json\/wp\/v2\/media?parent=5136"}],"wp:term":[{"taxonomy":"pwb-brand","embeddable":true,"href":"https:\/\/fredfloris.eu\/da\/wp-json\/wp\/v2\/pwb-brand?post=5136"},{"taxonomy":"product_brand","embeddable":true,"href":"https:\/\/fredfloris.eu\/da\/wp-json\/wp\/v2\/product_brand?post=5136"},{"taxonomy":"product_cat","embeddable":true,"href":"https:\/\/fredfloris.eu\/da\/wp-json\/wp\/v2\/product_cat?post=5136"},{"taxonomy":"product_tag","embeddable":true,"href":"https:\/\/fredfloris.eu\/da\/wp-json\/wp\/v2\/product_tag?post=5136"},{"taxonomy":"woo-feed-brand","embeddable":true,"href":"https:\/\/fredfloris.eu\/da\/wp-json\/wp\/v2\/woo-feed-brand?post=5136"}],"curies":[{"name":"wp","href":"https:\/\/api.w.org\/{rel}","templated":true}]}}