{"id":5145,"date":"2022-05-16T17:07:29","date_gmt":"2022-05-16T15:07:29","guid":{"rendered":"https:\/\/fredfloris.eu\/?post_type=product&#038;p=5145"},"modified":"2024-06-24T21:18:02","modified_gmt":"2024-06-24T19:18:02","slug":"cg-hard-glasses-cases","status":"publish","type":"product","link":"https:\/\/fredfloris.eu\/da\/productpage\/cg-hard-glasses-cases\/","title":{"rendered":"Carl-Gustaf - Brilleetuier"},"content":{"rendered":"<p><strong>Personalisering:<\/strong> Tilf\u00f8j et navn, et billede eller en besked uden ekstra omkostninger. Hvis du vil tilpasse med dit eget design, skal du blot l\u00e6gge b\u00e5de produktet og dit valgte design i kurven.<\/p>\n<p><a class=\"lumise-customize-button button alt\" href=\"https:\/\/fredfloris.eu\/da\/productpage\/customize-carl-gustaf-hard-glasses-cases\/?wmc-currency=DKK\" name=\"customize\">Tilpasning<\/a><\/p>\n<p><strong>Oplev verden med selvtillid og beredskab med Carl-Gustaf-brilleetuiet.<\/strong> Dette etui er designet til at beskytte dine briller mod brud og ridser og sikrer, at de holdes sikkert i en struktur af h\u00e5rdt h\u00e6rdet l\u00e6der. Med en dobbelt nitte og en galvaniseret knap, der f\u00e5s i messing eller jern, forhindrer dette etui, at dine briller bliver l\u00f8se i din taske, og beskytter dem mod hverdagens strabadser og eventyrlige udfoldelser.<\/p>\n<p><strong>Produktspecifikationer:<\/strong><\/p>\n<ul>\n<li><strong>Fremstillet helt i h\u00e5nden i vores familieejede Leather Art Studio<\/strong><\/li>\n<li><strong>Dimensioner:<\/strong> Bredde: ~190 mm, h\u00f8jde: ~65 mm<\/li>\n<li><strong>Materiale:<\/strong> Fremstillet af vegetabilsk garvet fuldnarvet l\u00e6der fra italienske\/franske koskuldre<\/li>\n<li><strong>Farve:<\/strong> F\u00e5s i mahogni<\/li>\n<li><strong>F\u00e6rdig:<\/strong> Anilinfarvet l\u00e6der med voks\/harpiks-bagside<\/li>\n<li><strong>Syning:<\/strong> Traditionelle sadelmagersting, syet i h\u00e5nden<\/li>\n<li><strong>Hardware:<\/strong> V\u00e6lg mellem en allergivenlig dobbeltnitte i massiv messing eller beslag i rustfrit st\u00e5l AISI 304. Begge muligheder er nikkel- og laboratorietestet for at v\u00e6re hygiejnisk sikre.<\/li>\n<li><strong>Knap:<\/strong> Valgmulighederne omfatter en galvaniseret jernknap eller en messingknap<\/li>\n<li><strong>Tr\u00e5d:<\/strong> Konstrueret med Tiger Ritza 25-tr\u00e5d, der er kendt for sin styrke og modstandsdygtighed<\/li>\n<\/ul>\n<p>&nbsp;<\/p>\n<p>Carl-Gustaf-brilleetuiet er et p\u00e5lideligt tilbeh\u00f8r, der kombinerer stil med praktisk beskyttelse, hvilket g\u00f8r det til en n\u00f8dvendig del af dine rejser.<\/p>\n<p>&nbsp;<\/p>\n<p>S\u00f8geord: l\u00e6deretui til h\u00e5rde briller<\/p>\n<p>&nbsp;<\/p>","protected":false},"excerpt":{"rendered":"<p>Fuldnarvet l\u00e6der er fremstillet af skuldrene p\u00e5 de fineste franske og italienske koskind og er vegetabilsk garvet af det italienske garveri LA RUOTA S.r.l. Cuoi &amp; Pellami. L\u00e6deret er f\u00e6rdigbehandlet med en voks\/harpiks-bagsidebehandling, som kun er forbeholdt l\u00e6der af h\u00f8jeste kvalitet.<\/p>\n<pre><\/pre>\n<p>Under fremstillingsprocessen sk\u00e6res l\u00e6deret til, og syningslinjen skives og udstanses med en syningsstans. Kanterne afrundes, slibes, farves med flere lag kantmaling og poleres derefter. Kantmalingen p\u00e5f\u00f8res med stor pr\u00e6cision for at sikre, at l\u00e6derets \u00e5retegning bevares. Etuiet er syet sammen ved hj\u00e6lp af den traditionelle sadelmagerteknik. Denne symetode sikrer etuiets holdbarhed, is\u00e6r under kraftig stress og belastning.<\/p>","protected":false},"featured_media":3187,"template":"","meta":[],"pwb-brand":[203],"product_brand":[],"product_cat":[102,100],"product_tag":[123,136,105],"woo-feed-brand":[],"class_list":{"0":"post-5145","1":"product","2":"type-product","3":"status-publish","4":"has-post-thumbnail","6":"pwb-brand-fredfloris","7":"product_cat-glasses-cases","8":"product_cat-leathergoods","9":"product_tag-full-grain-leather","10":"product_tag-handmade","11":"product_tag-made-to-order","12":"product_shipping_class-midsized-goods","13":"pa_leather-colour-mahogany","15":"first","16":"instock","17":"taxable","18":"shipping-taxable","19":"purchasable","20":"product-type-variable","21":"has-default-attributes"},"yoast_head":"<!-- This site is optimized with the Yoast SEO plugin v27.2 - https:\/\/yoast.com\/product\/yoast-seo-wordpress\/ -->\n<title>Handmade Full-Grain European Leather Glasses Case | FredFloris<\/title>\n<meta name=\"description\" content=\"The Italian full-grain hard leather glasses case is handmade in Sweden. Featuring a large interior and snap closure for all different specs.\" \/>\n<meta name=\"robots\" content=\"index, follow, max-snippet:-1, max-image-preview:large, max-video-preview:-1\" \/>\n<link rel=\"canonical\" href=\"https:\/\/fredfloris.eu\/da\/productpage\/cg-hard-glasses-cases\/?wmc-currency=DKK\" \/>\n<meta property=\"og:locale\" content=\"da_DK\" \/>\n<meta property=\"og:type\" content=\"article\" \/>\n<meta property=\"og:title\" content=\"Handmade Full-Grain European Leather Glasses Case | FredFloris\" \/>\n<meta property=\"og:description\" content=\"The Italian full-grain hard leather glasses case is handmade in Sweden. Featuring a large interior and snap closure for all different specs.\" \/>\n<meta property=\"og:url\" content=\"https:\/\/fredfloris.eu\/da\/productpage\/cg-hard-glasses-cases\/?wmc-currency=DKK\" \/>\n<meta property=\"og:site_name\" content=\"FredFloris\" \/>\n<meta property=\"article:publisher\" content=\"https:\/\/www.facebook.com\/FredFloris.Artisan.Studio\/\" \/>\n<meta property=\"article:modified_time\" content=\"2024-06-24T19:18:02+00:00\" \/>\n<meta property=\"og:image\" content=\"https:\/\/fredfloris.eu\/wp-content\/uploads\/2022\/04\/IMG_0275-scaled.jpg\" \/>\n\t<meta property=\"og:image:width\" content=\"2560\" \/>\n\t<meta property=\"og:image:height\" content=\"1707\" \/>\n\t<meta property=\"og:image:type\" content=\"image\/jpeg\" \/>\n<meta name=\"twitter:card\" content=\"summary_large_image\" \/>\n<meta name=\"twitter:site\" content=\"@_fredfloris_\" \/>\n<meta name=\"twitter:label1\" content=\"Estimeret l\u00e6setid\" \/>\n\t<meta name=\"twitter:data1\" content=\"2 minutter\" \/>\n<script type=\"application\/ld+json\" class=\"yoast-schema-graph\">{\"@context\":\"https:\/\/schema.org\",\"@graph\":[{\"@type\":\"WebPage\",\"@id\":\"https:\/\/fredfloris.eu\/productpage\/cg-hard-glasses-cases\/\",\"url\":\"https:\/\/fredfloris.eu\/productpage\/cg-hard-glasses-cases\/\",\"name\":\"Handmade Full-Grain European Leather Glasses Case | FredFloris\",\"isPartOf\":{\"@id\":\"https:\/\/fredfloris.eu\/#website\"},\"primaryImageOfPage\":{\"@id\":\"https:\/\/fredfloris.eu\/productpage\/cg-hard-glasses-cases\/#primaryimage\"},\"image\":{\"@id\":\"https:\/\/fredfloris.eu\/productpage\/cg-hard-glasses-cases\/#primaryimage\"},\"thumbnailUrl\":\"https:\/\/fredfloris.eu\/wp-content\/uploads\/2022\/04\/IMG_0275-scaled.jpg\",\"datePublished\":\"2022-05-16T15:07:29+00:00\",\"dateModified\":\"2024-06-24T19:18:02+00:00\",\"description\":\"The Italian full-grain hard leather glasses case is handmade in Sweden. Featuring a large interior and snap closure for all different specs.\",\"breadcrumb\":{\"@id\":\"https:\/\/fredfloris.eu\/productpage\/cg-hard-glasses-cases\/#breadcrumb\"},\"inLanguage\":\"da-DK\",\"potentialAction\":[{\"@type\":\"ReadAction\",\"target\":[\"https:\/\/fredfloris.eu\/productpage\/cg-hard-glasses-cases\/\"]}]},{\"@type\":\"ImageObject\",\"inLanguage\":\"da-DK\",\"@id\":\"https:\/\/fredfloris.eu\/productpage\/cg-hard-glasses-cases\/#primaryimage\",\"url\":\"https:\/\/fredfloris.eu\/wp-content\/uploads\/2022\/04\/IMG_0275-scaled.jpg\",\"contentUrl\":\"https:\/\/fredfloris.eu\/wp-content\/uploads\/2022\/04\/IMG_0275-scaled.jpg\",\"width\":2560,\"height\":1707,\"caption\":\"Product: Carl-Gustaf - Hard Glasses Cases, Colour: Mahogany, Thread Colour: Black, Button: Galvanised Brass\"},{\"@type\":\"BreadcrumbList\",\"@id\":\"https:\/\/fredfloris.eu\/productpage\/cg-hard-glasses-cases\/#breadcrumb\",\"itemListElement\":[{\"@type\":\"ListItem\",\"position\":1,\"name\":\"Home\",\"item\":\"https:\/\/fredfloris.eu\/\"},{\"@type\":\"ListItem\",\"position\":2,\"name\":\"Shop\",\"item\":\"https:\/\/fredfloris.eu\/shop\/\"},{\"@type\":\"ListItem\",\"position\":3,\"name\":\"Carl-Gustaf &#8211; Glasses Cases\"}]},{\"@type\":\"WebSite\",\"@id\":\"https:\/\/fredfloris.eu\/#website\",\"url\":\"https:\/\/fredfloris.eu\/\",\"name\":\"FredFloris\",\"description\":\"Handcrafted Leathergoods - Made in Sweden\",\"publisher\":{\"@id\":\"https:\/\/fredfloris.eu\/#organization\"},\"potentialAction\":[{\"@type\":\"SearchAction\",\"target\":{\"@type\":\"EntryPoint\",\"urlTemplate\":\"https:\/\/fredfloris.eu\/?s={search_term_string}\"},\"query-input\":{\"@type\":\"PropertyValueSpecification\",\"valueRequired\":true,\"valueName\":\"search_term_string\"}}],\"inLanguage\":\"da-DK\"},{\"@type\":\"Organization\",\"@id\":\"https:\/\/fredfloris.eu\/#organization\",\"name\":\"FredFloris\",\"url\":\"https:\/\/fredfloris.eu\/\",\"logo\":{\"@type\":\"ImageObject\",\"inLanguage\":\"da-DK\",\"@id\":\"https:\/\/fredfloris.eu\/#\/schema\/logo\/image\/\",\"url\":\"https:\/\/fredfloris.eu\/wp-content\/uploads\/2022\/03\/FredFloris-med-hel-nal-och-text.png\",\"contentUrl\":\"https:\/\/fredfloris.eu\/wp-content\/uploads\/2022\/03\/FredFloris-med-hel-nal-och-text.png\",\"width\":591,\"height\":283,\"caption\":\"FredFloris\"},\"image\":{\"@id\":\"https:\/\/fredfloris.eu\/#\/schema\/logo\/image\/\"},\"sameAs\":[\"https:\/\/www.facebook.com\/FredFloris.Artisan.Studio\/\",\"https:\/\/x.com\/_fredfloris_\",\"https:\/\/www.instagram.com\/fredfloris.artisan.studio\/\"]}]}<\/script>\n<!-- \/ Yoast SEO plugin. -->","yoast_head_json":{"title":"H\u00e5ndlavet europ\u00e6isk brilleetui i fuldkornsl\u00e6der | FredFloris","description":"Det italienske brilleetui i fuldnarvet l\u00e6der er h\u00e5ndlavet i Sverige. Det har et stort indre rum og snaplukning til alle slags briller.","robots":{"index":"index","follow":"follow","max-snippet":"max-snippet:-1","max-image-preview":"max-image-preview:large","max-video-preview":"max-video-preview:-1"},"canonical":"https:\/\/fredfloris.eu\/da\/productpage\/cg-hard-glasses-cases\/?wmc-currency=DKK","og_locale":"da_DK","og_type":"article","og_title":"Handmade Full-Grain European Leather Glasses Case | FredFloris","og_description":"The Italian full-grain hard leather glasses case is handmade in Sweden. Featuring a large interior and snap closure for all different specs.","og_url":"https:\/\/fredfloris.eu\/da\/productpage\/cg-hard-glasses-cases\/?wmc-currency=DKK","og_site_name":"FredFloris","article_publisher":"https:\/\/www.facebook.com\/FredFloris.Artisan.Studio\/","article_modified_time":"2024-06-24T19:18:02+00:00","og_image":[{"width":2560,"height":1707,"url":"https:\/\/fredfloris.eu\/wp-content\/uploads\/2022\/04\/IMG_0275-scaled.jpg","type":"image\/jpeg"}],"twitter_card":"summary_large_image","twitter_site":"@_fredfloris_","twitter_misc":{"Estimeret l\u00e6setid":"2 minutter"},"schema":{"@context":"https:\/\/schema.org","@graph":[{"@type":"WebPage","@id":"https:\/\/fredfloris.eu\/productpage\/cg-hard-glasses-cases\/","url":"https:\/\/fredfloris.eu\/productpage\/cg-hard-glasses-cases\/","name":"H\u00e5ndlavet europ\u00e6isk brilleetui i fuldkornsl\u00e6der | FredFloris","isPartOf":{"@id":"https:\/\/fredfloris.eu\/#website"},"primaryImageOfPage":{"@id":"https:\/\/fredfloris.eu\/productpage\/cg-hard-glasses-cases\/#primaryimage"},"image":{"@id":"https:\/\/fredfloris.eu\/productpage\/cg-hard-glasses-cases\/#primaryimage"},"thumbnailUrl":"https:\/\/fredfloris.eu\/wp-content\/uploads\/2022\/04\/IMG_0275-scaled.jpg","datePublished":"2022-05-16T15:07:29+00:00","dateModified":"2024-06-24T19:18:02+00:00","description":"Det italienske brilleetui i fuldnarvet l\u00e6der er h\u00e5ndlavet i Sverige. Det har et stort indre rum og snaplukning til alle slags briller.","breadcrumb":{"@id":"https:\/\/fredfloris.eu\/productpage\/cg-hard-glasses-cases\/#breadcrumb"},"inLanguage":"da-DK","potentialAction":[{"@type":"ReadAction","target":["https:\/\/fredfloris.eu\/productpage\/cg-hard-glasses-cases\/"]}]},{"@type":"ImageObject","inLanguage":"da-DK","@id":"https:\/\/fredfloris.eu\/productpage\/cg-hard-glasses-cases\/#primaryimage","url":"https:\/\/fredfloris.eu\/wp-content\/uploads\/2022\/04\/IMG_0275-scaled.jpg","contentUrl":"https:\/\/fredfloris.eu\/wp-content\/uploads\/2022\/04\/IMG_0275-scaled.jpg","width":2560,"height":1707,"caption":"Product: Carl-Gustaf - Hard Glasses Cases, Colour: Mahogany, Thread Colour: Black, Button: Galvanised Brass"},{"@type":"BreadcrumbList","@id":"https:\/\/fredfloris.eu\/productpage\/cg-hard-glasses-cases\/#breadcrumb","itemListElement":[{"@type":"ListItem","position":1,"name":"Home","item":"https:\/\/fredfloris.eu\/"},{"@type":"ListItem","position":2,"name":"Shop","item":"https:\/\/fredfloris.eu\/shop\/"},{"@type":"ListItem","position":3,"name":"Carl-Gustaf &#8211; Glasses Cases"}]},{"@type":"WebSite","@id":"https:\/\/fredfloris.eu\/#website","url":"https:\/\/fredfloris.eu\/","name":"FredFloris","description":"H\u00e5ndlavede l\u00e6dert\u00f8jsprodukter - fremstillet i Sverige","publisher":{"@id":"https:\/\/fredfloris.eu\/#organization"},"potentialAction":[{"@type":"SearchAction","target":{"@type":"EntryPoint","urlTemplate":"https:\/\/fredfloris.eu\/?s={search_term_string}"},"query-input":{"@type":"PropertyValueSpecification","valueRequired":true,"valueName":"search_term_string"}}],"inLanguage":"da-DK"},{"@type":"Organization","@id":"https:\/\/fredfloris.eu\/#organization","name":"FredFloris","url":"https:\/\/fredfloris.eu\/","logo":{"@type":"ImageObject","inLanguage":"da-DK","@id":"https:\/\/fredfloris.eu\/#\/schema\/logo\/image\/","url":"https:\/\/fredfloris.eu\/wp-content\/uploads\/2022\/03\/FredFloris-med-hel-nal-och-text.png","contentUrl":"https:\/\/fredfloris.eu\/wp-content\/uploads\/2022\/03\/FredFloris-med-hel-nal-och-text.png","width":591,"height":283,"caption":"FredFloris"},"image":{"@id":"https:\/\/fredfloris.eu\/#\/schema\/logo\/image\/"},"sameAs":["https:\/\/www.facebook.com\/FredFloris.Artisan.Studio\/","https:\/\/x.com\/_fredfloris_","https:\/\/www.instagram.com\/fredfloris.artisan.studio\/"]}]}},"brands":[{"id":203,"name":"FredFloris","slug":"fredfloris"}],"_links":{"self":[{"href":"https:\/\/fredfloris.eu\/da\/wp-json\/wp\/v2\/product\/5145","targetHints":{"allow":["GET"]}}],"collection":[{"href":"https:\/\/fredfloris.eu\/da\/wp-json\/wp\/v2\/product"}],"about":[{"href":"https:\/\/fredfloris.eu\/da\/wp-json\/wp\/v2\/types\/product"}],"version-history":[{"count":11,"href":"https:\/\/fredfloris.eu\/da\/wp-json\/wp\/v2\/product\/5145\/revisions"}],"predecessor-version":[{"id":11547,"href":"https:\/\/fredfloris.eu\/da\/wp-json\/wp\/v2\/product\/5145\/revisions\/11547"}],"wp:featuredmedia":[{"embeddable":true,"href":"https:\/\/fredfloris.eu\/da\/wp-json\/wp\/v2\/media\/3187"}],"wp:attachment":[{"href":"https:\/\/fredfloris.eu\/da\/wp-json\/wp\/v2\/media?parent=5145"}],"wp:term":[{"taxonomy":"pwb-brand","embeddable":true,"href":"https:\/\/fredfloris.eu\/da\/wp-json\/wp\/v2\/pwb-brand?post=5145"},{"taxonomy":"product_brand","embeddable":true,"href":"https:\/\/fredfloris.eu\/da\/wp-json\/wp\/v2\/product_brand?post=5145"},{"taxonomy":"product_cat","embeddable":true,"href":"https:\/\/fredfloris.eu\/da\/wp-json\/wp\/v2\/product_cat?post=5145"},{"taxonomy":"product_tag","embeddable":true,"href":"https:\/\/fredfloris.eu\/da\/wp-json\/wp\/v2\/product_tag?post=5145"},{"taxonomy":"woo-feed-brand","embeddable":true,"href":"https:\/\/fredfloris.eu\/da\/wp-json\/wp\/v2\/woo-feed-brand?post=5145"}],"curies":[{"name":"wp","href":"https:\/\/api.w.org\/{rel}","templated":true}]}}