{"id":5169,"date":"2022-05-16T19:01:56","date_gmt":"2022-05-16T17:01:56","guid":{"rendered":"https:\/\/fredfloris.eu\/?post_type=product&#038;p=5169"},"modified":"2025-02-22T15:44:39","modified_gmt":"2025-02-22T13:44:39","slug":"slim-pocket-card-wallets","status":"publish","type":"product","link":"https:\/\/fredfloris.eu\/da\/productpage\/slim-pocket-card-wallets\/","title":{"rendered":"Smalle kortpunge"},"content":{"rendered":"<p><strong>Personalisering:<\/strong> Tilf\u00f8j et navn eller en besked uden ekstra omkostninger. Hvis du vil tilpasse med dit eget design, skal du blot l\u00e6gge b\u00e5de produktet og dit valgte design i kurven.<\/p>\n<p><a class=\"lumise-customize-button button alt\" href=\"https:\/\/fredfloris.eu\/da\/productpage\/customize-slim-pocket-card-wallets\/?wmc-currency=DKK\" name=\"customize\">Tilpasning<\/a><\/p>\n<p><strong>Omfavn moderne effektivitet med vores Slim Card Wallets, der er designet til den kontantl\u00f8se \u00e6ra.<\/strong> Disse punge er perfekte til dem, der s\u00e6tter pris p\u00e5 hurtige, elegante og sikre transaktioner. De f\u00e5s i to st\u00f8rrelser, s\u00e5 de passer til din livsstil: Den store version har plads til op til 8 kort, mens den lille version har plads til 4 kort. V\u00e6lg den st\u00f8rrelse, der bedst opfylder dine behov, og udtryk din individualitet hver dag.<\/p>\n<p><strong>Produktspecifikationer:<\/strong><\/p>\n<ul>\n<li><strong>Fremstillet helt i h\u00e5nden i vores familieejede Leather Art Studio<\/strong><\/li>\n<li><strong>Kapacitetsmuligheder:<\/strong> Stor pung kan rumme op til 8 kort; lille pung kan rumme op til 4 kort<\/li>\n<li><strong>Materiale:<\/strong> Fremstillet af fuldnarvet l\u00e6der, vegetabilsk garvet i Italien ved hj\u00e6lp af den traditionelle toscanske Vacchetta-opskrift<\/li>\n<li><strong>Syning:<\/strong> Traditionelle sadelmagersting, syet i h\u00e5nden<\/li>\n<li><strong>Tr\u00e5d:<\/strong> Konstrueret med Tiger Ritza 25, der er kendt for sin enest\u00e5ende styrke<\/li>\n<li><strong>Dimensioner:<\/strong>\n<ul>\n<li><strong>Stor tegnebog:<\/strong> Bredde: 80 mm, h\u00f8jde: 75 mm i lukket tilstand<\/li>\n<li><strong>Lille tegnebog:<\/strong> Bredde: 70 mm, h\u00f8jde: 75 mm i lukket tilstand<\/li>\n<\/ul>\n<\/li>\n<li><strong>Mulige farver:<\/strong> F\u00e5s i sort, marinebl\u00e5, Cognac, varm Cognac, m\u00f8rk Cognac, m\u00f8rkegul, bl\u00e5gr\u00f8n<\/li>\n<li><strong>Indstillinger for knapper:<\/strong> V\u00e6lg mellem en knap i galvaniseret jern eller galvaniseret messing<\/li>\n<li><strong>Sikkerhedsfunktion:<\/strong> Inkluderer en gratis <a href=\"https:\/\/fredfloris.eu\/da\/productpage\/nfc-card-rfid-blocking\/?wmc-currency=DKK\" rel=\"noopener\">Anti-skimming-kort<\/a><\/li>\n<\/ul>\n<p>&nbsp;<\/p>\n<p>S\u00f8geord: Slim l\u00e6derpung til kreditkort, Slim l\u00e6derpung<\/p>","protected":false},"excerpt":{"rendered":"<p>L\u00e6deret er fremstillet af fuldnarvet vegetabilsk garvet l\u00e6der, sk\u00e5ret ud af huden, foldet og syet sammen med vokset polyestertr\u00e5d af h\u00f8j kvalitet ved hj\u00e6lp af en traditionel saddelmager-h\u00e5ndsyningsteknik. Denne symetode sikrer pungens holdbarhed, is\u00e6r under kraftig stress og belastning. De dekorative linjer, der er f\u00f8jet til pungen, er lavet med en opvarmet foldekniv under kortlommerne. Kanterne afrundes, slibes og indfarves derefter i h\u00e5nden med flere lag kantmaling. Kantmalingen er udf\u00f8rt med stor pr\u00e6cision for at sikre, at l\u00e6derets narv bevares.<\/p>\n<pre><\/pre>\n<p>Det anilinbehandlede l\u00e6der leveres af Mapel &amp; C, og det pull-up\/voksede l\u00e6der leveres af Badalassi Carlo. Begge garverier bruger den gamle toscanske Vacchetta-opskrift til at garve deres l\u00e6der, og begge er en del af respektable organisationer, henholdsvis Tuscany tanning district companies og Pelle Conciata al Vegetale-konsortiet.<\/p>","protected":false},"featured_media":3277,"template":"","meta":[],"pwb-brand":[203],"product_brand":[],"product_cat":[100,104],"product_tag":[123,136,105],"woo-feed-brand":[],"class_list":{"0":"post-5169","1":"product","2":"type-product","3":"status-publish","4":"has-post-thumbnail","6":"pwb-brand-fredfloris","7":"product_cat-leathergoods","8":"product_cat-wallets","9":"product_tag-full-grain-leather","10":"product_tag-handmade","11":"product_tag-made-to-order","12":"product_shipping_class-small-goods","13":"pa_leather-colour-black-mapelec-thin","14":"pa_leather-colour-petrol-waxed","15":"pa_leather-colour-cognac","16":"pa_leather-colour-dark-cognac-waxed","17":"pa_leather-colour-mustard-waxed","18":"pa_leather-colour-navy","19":"pa_leather-colour-warm-cognac","21":"first","22":"instock","23":"taxable","24":"shipping-taxable","25":"purchasable","26":"product-type-variable","27":"has-default-attributes"},"yoast_head":"<!-- This site is optimized with the Yoast SEO plugin v27.2 - https:\/\/yoast.com\/product\/yoast-seo-wordpress\/ -->\n<title>Slim Leather Credit Card Wallet | Free Anti-Skimming Card | FredFloris<\/title>\n<meta name=\"description\" content=\"Slim leather credit card wallet made in Sweden. Free anti-skimming card that blocks RFID signals is included with e very leather wallet\" \/>\n<meta name=\"robots\" content=\"index, follow, max-snippet:-1, max-image-preview:large, max-video-preview:-1\" \/>\n<link rel=\"canonical\" href=\"https:\/\/fredfloris.eu\/da\/productpage\/slim-pocket-card-wallets\/?wmc-currency=DKK\" \/>\n<meta property=\"og:locale\" content=\"da_DK\" \/>\n<meta property=\"og:type\" content=\"article\" \/>\n<meta property=\"og:title\" content=\"Slim Leather Credit Card Wallet | Free Anti-Skimming Card | FredFloris\" \/>\n<meta property=\"og:description\" content=\"Slim leather credit card wallet made in Sweden. Free anti-skimming card that blocks RFID signals is included with e very leather wallet\" \/>\n<meta property=\"og:url\" content=\"https:\/\/fredfloris.eu\/da\/productpage\/slim-pocket-card-wallets\/?wmc-currency=DKK\" \/>\n<meta property=\"og:site_name\" content=\"FredFloris\" \/>\n<meta property=\"article:publisher\" content=\"https:\/\/www.facebook.com\/FredFloris.Artisan.Studio\/\" \/>\n<meta property=\"article:modified_time\" content=\"2025-02-22T13:44:39+00:00\" \/>\n<meta property=\"og:image\" content=\"https:\/\/fredfloris.eu\/wp-content\/uploads\/2022\/04\/IMG_1928-scaled.jpg\" \/>\n\t<meta property=\"og:image:width\" content=\"2560\" \/>\n\t<meta property=\"og:image:height\" content=\"1679\" \/>\n\t<meta property=\"og:image:type\" content=\"image\/jpeg\" \/>\n<meta name=\"twitter:card\" content=\"summary_large_image\" \/>\n<meta name=\"twitter:site\" content=\"@_fredfloris_\" \/>\n<meta name=\"twitter:label1\" content=\"Estimeret l\u00e6setid\" \/>\n\t<meta name=\"twitter:data1\" content=\"2 minutter\" \/>\n<script type=\"application\/ld+json\" class=\"yoast-schema-graph\">{\"@context\":\"https:\/\/schema.org\",\"@graph\":[{\"@type\":\"WebPage\",\"@id\":\"https:\/\/fredfloris.eu\/productpage\/slim-pocket-card-wallets\/\",\"url\":\"https:\/\/fredfloris.eu\/productpage\/slim-pocket-card-wallets\/\",\"name\":\"Slim Leather Credit Card Wallet | Free Anti-Skimming Card | FredFloris\",\"isPartOf\":{\"@id\":\"https:\/\/fredfloris.eu\/#website\"},\"primaryImageOfPage\":{\"@id\":\"https:\/\/fredfloris.eu\/productpage\/slim-pocket-card-wallets\/#primaryimage\"},\"image\":{\"@id\":\"https:\/\/fredfloris.eu\/productpage\/slim-pocket-card-wallets\/#primaryimage\"},\"thumbnailUrl\":\"https:\/\/fredfloris.eu\/wp-content\/uploads\/2022\/04\/IMG_1928-scaled-e1740231568996.jpg\",\"datePublished\":\"2022-05-16T17:01:56+00:00\",\"dateModified\":\"2025-02-22T13:44:39+00:00\",\"description\":\"Slim leather credit card wallet made in Sweden. Free anti-skimming card that blocks RFID signals is included with e very leather wallet\",\"breadcrumb\":{\"@id\":\"https:\/\/fredfloris.eu\/productpage\/slim-pocket-card-wallets\/#breadcrumb\"},\"inLanguage\":\"da-DK\",\"potentialAction\":[{\"@type\":\"ReadAction\",\"target\":[\"https:\/\/fredfloris.eu\/productpage\/slim-pocket-card-wallets\/\"]}]},{\"@type\":\"ImageObject\",\"inLanguage\":\"da-DK\",\"@id\":\"https:\/\/fredfloris.eu\/productpage\/slim-pocket-card-wallets\/#primaryimage\",\"url\":\"https:\/\/fredfloris.eu\/wp-content\/uploads\/2022\/04\/IMG_1928-scaled-e1740231568996.jpg\",\"contentUrl\":\"https:\/\/fredfloris.eu\/wp-content\/uploads\/2022\/04\/IMG_1928-scaled-e1740231568996.jpg\",\"width\":2517,\"height\":1679,\"caption\":\"Product: Pocket Card Wallets \u2013 from left to right, Navy Blue, Dark Cognac, Cognac, Dark Yellow, Blue-Green and Black\"},{\"@type\":\"BreadcrumbList\",\"@id\":\"https:\/\/fredfloris.eu\/productpage\/slim-pocket-card-wallets\/#breadcrumb\",\"itemListElement\":[{\"@type\":\"ListItem\",\"position\":1,\"name\":\"Home\",\"item\":\"https:\/\/fredfloris.eu\/\"},{\"@type\":\"ListItem\",\"position\":2,\"name\":\"Shop\",\"item\":\"https:\/\/fredfloris.eu\/shop\/\"},{\"@type\":\"ListItem\",\"position\":3,\"name\":\"Slim Card Wallets\"}]},{\"@type\":\"WebSite\",\"@id\":\"https:\/\/fredfloris.eu\/#website\",\"url\":\"https:\/\/fredfloris.eu\/\",\"name\":\"FredFloris\",\"description\":\"Handcrafted Leathergoods - Made in Sweden\",\"publisher\":{\"@id\":\"https:\/\/fredfloris.eu\/#organization\"},\"potentialAction\":[{\"@type\":\"SearchAction\",\"target\":{\"@type\":\"EntryPoint\",\"urlTemplate\":\"https:\/\/fredfloris.eu\/?s={search_term_string}\"},\"query-input\":{\"@type\":\"PropertyValueSpecification\",\"valueRequired\":true,\"valueName\":\"search_term_string\"}}],\"inLanguage\":\"da-DK\"},{\"@type\":\"Organization\",\"@id\":\"https:\/\/fredfloris.eu\/#organization\",\"name\":\"FredFloris\",\"url\":\"https:\/\/fredfloris.eu\/\",\"logo\":{\"@type\":\"ImageObject\",\"inLanguage\":\"da-DK\",\"@id\":\"https:\/\/fredfloris.eu\/#\/schema\/logo\/image\/\",\"url\":\"https:\/\/fredfloris.eu\/wp-content\/uploads\/2022\/03\/FredFloris-med-hel-nal-och-text.png\",\"contentUrl\":\"https:\/\/fredfloris.eu\/wp-content\/uploads\/2022\/03\/FredFloris-med-hel-nal-och-text.png\",\"width\":591,\"height\":283,\"caption\":\"FredFloris\"},\"image\":{\"@id\":\"https:\/\/fredfloris.eu\/#\/schema\/logo\/image\/\"},\"sameAs\":[\"https:\/\/www.facebook.com\/FredFloris.Artisan.Studio\/\",\"https:\/\/x.com\/_fredfloris_\",\"https:\/\/www.instagram.com\/fredfloris.artisan.studio\/\"]}]}<\/script>\n<!-- \/ Yoast SEO plugin. -->","yoast_head_json":{"title":"Slank kreditkortpung i l\u00e6der | Gratis anti-skimming-kort | FredFloris","description":"Slank kreditkortpung i l\u00e6der fremstillet i Sverige. Gratis anti-skimming-kort, der blokerer RFID-signaler, f\u00f8lger med denne l\u00e6derpung.","robots":{"index":"index","follow":"follow","max-snippet":"max-snippet:-1","max-image-preview":"max-image-preview:large","max-video-preview":"max-video-preview:-1"},"canonical":"https:\/\/fredfloris.eu\/da\/productpage\/slim-pocket-card-wallets\/?wmc-currency=DKK","og_locale":"da_DK","og_type":"article","og_title":"Slim Leather Credit Card Wallet | Free Anti-Skimming Card | FredFloris","og_description":"Slim leather credit card wallet made in Sweden. Free anti-skimming card that blocks RFID signals is included with e very leather wallet","og_url":"https:\/\/fredfloris.eu\/da\/productpage\/slim-pocket-card-wallets\/?wmc-currency=DKK","og_site_name":"FredFloris","article_publisher":"https:\/\/www.facebook.com\/FredFloris.Artisan.Studio\/","article_modified_time":"2025-02-22T13:44:39+00:00","og_image":[{"width":2560,"height":1679,"url":"https:\/\/fredfloris.eu\/wp-content\/uploads\/2022\/04\/IMG_1928-scaled.jpg","type":"image\/jpeg"}],"twitter_card":"summary_large_image","twitter_site":"@_fredfloris_","twitter_misc":{"Estimeret l\u00e6setid":"2 minutter"},"schema":{"@context":"https:\/\/schema.org","@graph":[{"@type":"WebPage","@id":"https:\/\/fredfloris.eu\/productpage\/slim-pocket-card-wallets\/","url":"https:\/\/fredfloris.eu\/productpage\/slim-pocket-card-wallets\/","name":"Slank kreditkortpung i l\u00e6der | Gratis anti-skimming-kort | FredFloris","isPartOf":{"@id":"https:\/\/fredfloris.eu\/#website"},"primaryImageOfPage":{"@id":"https:\/\/fredfloris.eu\/productpage\/slim-pocket-card-wallets\/#primaryimage"},"image":{"@id":"https:\/\/fredfloris.eu\/productpage\/slim-pocket-card-wallets\/#primaryimage"},"thumbnailUrl":"https:\/\/fredfloris.eu\/wp-content\/uploads\/2022\/04\/IMG_1928-scaled-e1740231568996.jpg","datePublished":"2022-05-16T17:01:56+00:00","dateModified":"2025-02-22T13:44:39+00:00","description":"Slank kreditkortpung i l\u00e6der fremstillet i Sverige. Gratis anti-skimming-kort, der blokerer RFID-signaler, f\u00f8lger med denne l\u00e6derpung.","breadcrumb":{"@id":"https:\/\/fredfloris.eu\/productpage\/slim-pocket-card-wallets\/#breadcrumb"},"inLanguage":"da-DK","potentialAction":[{"@type":"ReadAction","target":["https:\/\/fredfloris.eu\/productpage\/slim-pocket-card-wallets\/"]}]},{"@type":"ImageObject","inLanguage":"da-DK","@id":"https:\/\/fredfloris.eu\/productpage\/slim-pocket-card-wallets\/#primaryimage","url":"https:\/\/fredfloris.eu\/wp-content\/uploads\/2022\/04\/IMG_1928-scaled-e1740231568996.jpg","contentUrl":"https:\/\/fredfloris.eu\/wp-content\/uploads\/2022\/04\/IMG_1928-scaled-e1740231568996.jpg","width":2517,"height":1679,"caption":"Product: Pocket Card Wallets \u2013 from left to right, Navy Blue, Dark Cognac, Cognac, Dark Yellow, Blue-Green and Black"},{"@type":"BreadcrumbList","@id":"https:\/\/fredfloris.eu\/productpage\/slim-pocket-card-wallets\/#breadcrumb","itemListElement":[{"@type":"ListItem","position":1,"name":"Home","item":"https:\/\/fredfloris.eu\/"},{"@type":"ListItem","position":2,"name":"Shop","item":"https:\/\/fredfloris.eu\/shop\/"},{"@type":"ListItem","position":3,"name":"Slim Card Wallets"}]},{"@type":"WebSite","@id":"https:\/\/fredfloris.eu\/#website","url":"https:\/\/fredfloris.eu\/","name":"FredFloris","description":"H\u00e5ndlavede l\u00e6dert\u00f8jsprodukter - fremstillet i Sverige","publisher":{"@id":"https:\/\/fredfloris.eu\/#organization"},"potentialAction":[{"@type":"SearchAction","target":{"@type":"EntryPoint","urlTemplate":"https:\/\/fredfloris.eu\/?s={search_term_string}"},"query-input":{"@type":"PropertyValueSpecification","valueRequired":true,"valueName":"search_term_string"}}],"inLanguage":"da-DK"},{"@type":"Organization","@id":"https:\/\/fredfloris.eu\/#organization","name":"FredFloris","url":"https:\/\/fredfloris.eu\/","logo":{"@type":"ImageObject","inLanguage":"da-DK","@id":"https:\/\/fredfloris.eu\/#\/schema\/logo\/image\/","url":"https:\/\/fredfloris.eu\/wp-content\/uploads\/2022\/03\/FredFloris-med-hel-nal-och-text.png","contentUrl":"https:\/\/fredfloris.eu\/wp-content\/uploads\/2022\/03\/FredFloris-med-hel-nal-och-text.png","width":591,"height":283,"caption":"FredFloris"},"image":{"@id":"https:\/\/fredfloris.eu\/#\/schema\/logo\/image\/"},"sameAs":["https:\/\/www.facebook.com\/FredFloris.Artisan.Studio\/","https:\/\/x.com\/_fredfloris_","https:\/\/www.instagram.com\/fredfloris.artisan.studio\/"]}]}},"brands":[{"id":203,"name":"FredFloris","slug":"fredfloris"}],"_links":{"self":[{"href":"https:\/\/fredfloris.eu\/da\/wp-json\/wp\/v2\/product\/5169","targetHints":{"allow":["GET"]}}],"collection":[{"href":"https:\/\/fredfloris.eu\/da\/wp-json\/wp\/v2\/product"}],"about":[{"href":"https:\/\/fredfloris.eu\/da\/wp-json\/wp\/v2\/types\/product"}],"version-history":[{"count":22,"href":"https:\/\/fredfloris.eu\/da\/wp-json\/wp\/v2\/product\/5169\/revisions"}],"predecessor-version":[{"id":11601,"href":"https:\/\/fredfloris.eu\/da\/wp-json\/wp\/v2\/product\/5169\/revisions\/11601"}],"wp:featuredmedia":[{"embeddable":true,"href":"https:\/\/fredfloris.eu\/da\/wp-json\/wp\/v2\/media\/3277"}],"wp:attachment":[{"href":"https:\/\/fredfloris.eu\/da\/wp-json\/wp\/v2\/media?parent=5169"}],"wp:term":[{"taxonomy":"pwb-brand","embeddable":true,"href":"https:\/\/fredfloris.eu\/da\/wp-json\/wp\/v2\/pwb-brand?post=5169"},{"taxonomy":"product_brand","embeddable":true,"href":"https:\/\/fredfloris.eu\/da\/wp-json\/wp\/v2\/product_brand?post=5169"},{"taxonomy":"product_cat","embeddable":true,"href":"https:\/\/fredfloris.eu\/da\/wp-json\/wp\/v2\/product_cat?post=5169"},{"taxonomy":"product_tag","embeddable":true,"href":"https:\/\/fredfloris.eu\/da\/wp-json\/wp\/v2\/product_tag?post=5169"},{"taxonomy":"woo-feed-brand","embeddable":true,"href":"https:\/\/fredfloris.eu\/da\/wp-json\/wp\/v2\/woo-feed-brand?post=5169"}],"curies":[{"name":"wp","href":"https:\/\/api.w.org\/{rel}","templated":true}]}}