{"id":5221,"date":"2022-05-16T21:05:04","date_gmt":"2022-05-16T19:05:04","guid":{"rendered":"https:\/\/fredfloris.eu\/?post_type=product&#038;p=5221"},"modified":"2024-06-24T20:59:16","modified_gmt":"2024-06-24T18:59:16","slug":"aspeland-movement-cufflinks","status":"publish","type":"product","link":"https:\/\/fredfloris.eu\/da\/productpage\/aspeland-movement-cufflinks\/","title":{"rendered":"Aspeland - Manchetknapper med urv\u00e6rk"},"content":{"rendered":"<p><strong>Fejr sammensmeltningen af urv\u00e6rk, steampunk og industrimaskiner med vores uds\u00f8gte manchetknapper.<\/strong> Disse manchetknapper er fanget i et \u00f8jebliks stilhed, der minder om den industrielle revolution. Selv om dampens \u00e6ra er forbi, holder charmen ved disse mekanismer ved. De elegante s\u00f8lvtoner er fremstillet af dele af vintage-urv\u00e6rk og tilf\u00f8rer b\u00e5de intriger og flair til din formelle p\u00e5kl\u00e6dning. Denne blanding af historisk betydning, h\u00e5ndv\u00e6rk og klassiske urv\u00e6rkselementer skaber et virkelig tidl\u00f8st tilbeh\u00f8r.<\/p>\n<p>Disse manchetknapper er ideelle til at udtrykke individualitet p\u00e5 arbejdspladsen og giver dig mulighed for at vise din unikke stil, samtidig med at du bevarer din professionalisme. B\u00e5de kolleger og kunder vil s\u00e6tte pris p\u00e5 den subtile inkorporering af personlighed i dit ensemble.<\/p>\n<p><strong>Sofistikeret og stilfuld,<\/strong> Disse manchetknapper er perfekte til bryllupper, is\u00e6r for dem, der beundrer steampunk-\u00e6stetikken, men gerne vil v\u00e6re diskrete.<\/p>\n<p><strong>Basismateriale:<\/strong> Basen i rustfrit st\u00e5l er nikkelfri og allergivenlig, hvilket sikrer komfort og forhindrer hudirritation.<\/p>\n<p><strong>Vintage Urv\u00e6rk:<\/strong> Disse manchetknapper er lavet af ikke-fungerende vintage Zaria-urv\u00e6rk, der oprindeligt stammer fra Ukraine, og giver et stykke historie p\u00e5 dit \u00e6rme.<\/p>\n<p><strong>Perfekt til gaver:<\/strong> Disse manchetknapper er ideelle til f\u00f8dselsdage, jubil\u00e6er, fars dag eller som en bet\u00e6nksom gave til enhver s\u00e6rlig lejlighed, og de appellerer til alle, der s\u00e6tter pris p\u00e5 kunstf\u00e6rdighed og underspillet stil.<\/p>\n<p><strong>Holdbart design:<\/strong> Vores manchetknapper er designet til at holde \u00e6rmerne sikkert p\u00e5 plads og er ikke kun stilfulde, men ogs\u00e5 p\u00e5lidelige. Den allergivenlige, nikkelfri base af rustfrit st\u00e5l sikrer holdbarhed og komfort.<\/p>\n<p>&nbsp;<\/p>\n<p>S\u00f8geord: Manchetknapper med urv\u00e6rk, Manchetknapper med urv\u00e6rksmekanisme<\/p>","protected":false},"excerpt":{"rendered":"<p><strong>PRODUKTETS DIMENSIONER <\/strong>Produktv\u00e6gt: 20 g, manchetknappens diameter: 20 mm.<\/p>\n<pre><\/pre>\n<p>SKU: asp\/cuf\/ste\/wat<br \/>\nVarem\u00e6rke: FredFloris &amp; Partner<\/p>\n<pre><\/pre>\n<p><strong>Oplev den historiske elegance i vores manchetknapper lavet med vintage Zaria Clockwork.<\/strong> Disse manchetknapper pynter ikke kun p\u00e5 dit formelle t\u00f8j, men b\u00e6rer ogs\u00e5 et stykke vigtig urhistorie.<\/p>\n<p>&nbsp;<\/p>\n<p><strong>Historisk baggrund:<\/strong> Zaria-urv\u00e6rket har sin oprindelse i Sovjetunionens industrielle \u00e6ra f\u00f8r Anden Verdenskrig. Oprindeligt blev Penza Watch Factory drevet af den franske urproducent LIP, som kom i \u00f8konomiske vanskeligheder i 1936. I 1940 blev fabrikken reorganiseret under det sovjetiske regime som Penza Third State Watch Factory med fokus p\u00e5 produktion af sm\u00e5 dameurv\u00e6rker og urmagerv\u00e6rkt\u00f8jer. Under Anden Verdenskrig skiftede fabrikkens rolle dramatisk til at st\u00f8tte den milit\u00e6re indsats ved at fremstille morterer, minestrygere og andet vigtigt milit\u00e6rt udstyr. Det var f\u00f8rst efter Anden Verdenskrig, i 1945, at fabrikken genoptog produktionen af civile varer, is\u00e6r ure. I 1949 producerede den udelukkende damekalibre under urm\u00e6rket Zaria. I dag repr\u00e6senterer Zaria en rig arv, der omfatter flere m\u00e6rker som Junost, Kometa, Lux og Zvezda, og som eksporterer til over 52 lande verden over og producerer millioner af ure.<\/p>","protected":false},"featured_media":9768,"template":"","meta":[],"pwb-brand":[204],"product_brand":[],"product_cat":[120,118,101],"product_tag":[136],"woo-feed-brand":[],"class_list":{"0":"post-5221","1":"product","2":"type-product","3":"status-publish","4":"has-post-thumbnail","6":"pwb-brand-fredfloris-partner","7":"product_cat-watch-movement-cufflinks","8":"product_cat-cufflinks","9":"product_cat-jewelry","10":"product_tag-handmade","11":"product_shipping_class-small-goods","13":"first","14":"instock","15":"taxable","16":"shipping-taxable","17":"purchasable","18":"product-type-simple"},"yoast_head":"<!-- This site is optimized with the Yoast SEO plugin v27.2 - https:\/\/yoast.com\/product\/yoast-seo-wordpress\/ -->\n<title>Watch Movement Cufflinks | FredFloris<\/title>\n<meta name=\"description\" content=\"Our watch movement cufflinks feature an elegant silver tone that will compliment all business attire. Watch mechanism cufflinks..\" \/>\n<meta name=\"robots\" content=\"index, follow, max-snippet:-1, max-image-preview:large, max-video-preview:-1\" \/>\n<link rel=\"canonical\" href=\"https:\/\/fredfloris.eu\/da\/productpage\/aspeland-movement-cufflinks\/?wmc-currency=DKK\" \/>\n<meta property=\"og:locale\" content=\"da_DK\" \/>\n<meta property=\"og:type\" content=\"article\" \/>\n<meta property=\"og:title\" content=\"Watch Movement Cufflinks | FredFloris\" \/>\n<meta property=\"og:description\" content=\"Our watch movement cufflinks feature an elegant silver tone that will compliment all business attire. Watch mechanism cufflinks..\" \/>\n<meta property=\"og:url\" content=\"https:\/\/fredfloris.eu\/da\/productpage\/aspeland-movement-cufflinks\/?wmc-currency=DKK\" \/>\n<meta property=\"og:site_name\" content=\"FredFloris\" \/>\n<meta property=\"article:publisher\" content=\"https:\/\/www.facebook.com\/FredFloris.Artisan.Studio\/\" \/>\n<meta property=\"article:modified_time\" content=\"2024-06-24T18:59:16+00:00\" \/>\n<meta property=\"og:image\" content=\"https:\/\/fredfloris.eu\/wp-content\/uploads\/2022\/08\/IMG_3208-scaled.jpg\" \/>\n\t<meta property=\"og:image:width\" content=\"2560\" \/>\n\t<meta property=\"og:image:height\" content=\"1707\" \/>\n\t<meta property=\"og:image:type\" content=\"image\/jpeg\" \/>\n<meta name=\"twitter:card\" content=\"summary_large_image\" \/>\n<meta name=\"twitter:site\" content=\"@_fredfloris_\" \/>\n<meta name=\"twitter:label1\" content=\"Estimeret l\u00e6setid\" \/>\n\t<meta name=\"twitter:data1\" content=\"2 minutter\" \/>\n<script type=\"application\/ld+json\" class=\"yoast-schema-graph\">{\"@context\":\"https:\/\/schema.org\",\"@graph\":[{\"@type\":\"WebPage\",\"@id\":\"https:\/\/fredfloris.eu\/productpage\/aspeland-movement-cufflinks\/\",\"url\":\"https:\/\/fredfloris.eu\/productpage\/aspeland-movement-cufflinks\/\",\"name\":\"Watch Movement Cufflinks | FredFloris\",\"isPartOf\":{\"@id\":\"https:\/\/fredfloris.eu\/#website\"},\"primaryImageOfPage\":{\"@id\":\"https:\/\/fredfloris.eu\/productpage\/aspeland-movement-cufflinks\/#primaryimage\"},\"image\":{\"@id\":\"https:\/\/fredfloris.eu\/productpage\/aspeland-movement-cufflinks\/#primaryimage\"},\"thumbnailUrl\":\"https:\/\/fredfloris.eu\/wp-content\/uploads\/2022\/08\/IMG_3208-scaled.jpg\",\"datePublished\":\"2022-05-16T19:05:04+00:00\",\"dateModified\":\"2024-06-24T18:59:16+00:00\",\"description\":\"Our watch movement cufflinks feature an elegant silver tone that will compliment all business attire. Watch mechanism cufflinks..\",\"breadcrumb\":{\"@id\":\"https:\/\/fredfloris.eu\/productpage\/aspeland-movement-cufflinks\/#breadcrumb\"},\"inLanguage\":\"da-DK\",\"potentialAction\":[{\"@type\":\"ReadAction\",\"target\":[\"https:\/\/fredfloris.eu\/productpage\/aspeland-movement-cufflinks\/\"]}]},{\"@type\":\"ImageObject\",\"inLanguage\":\"da-DK\",\"@id\":\"https:\/\/fredfloris.eu\/productpage\/aspeland-movement-cufflinks\/#primaryimage\",\"url\":\"https:\/\/fredfloris.eu\/wp-content\/uploads\/2022\/08\/IMG_3208-scaled.jpg\",\"contentUrl\":\"https:\/\/fredfloris.eu\/wp-content\/uploads\/2022\/08\/IMG_3208-scaled.jpg\",\"width\":2560,\"height\":1707,\"caption\":\"Product: Aspeland - Watch Movement Cufflinks \u2013 Stainless Steel\"},{\"@type\":\"BreadcrumbList\",\"@id\":\"https:\/\/fredfloris.eu\/productpage\/aspeland-movement-cufflinks\/#breadcrumb\",\"itemListElement\":[{\"@type\":\"ListItem\",\"position\":1,\"name\":\"Home\",\"item\":\"https:\/\/fredfloris.eu\/\"},{\"@type\":\"ListItem\",\"position\":2,\"name\":\"Shop\",\"item\":\"https:\/\/fredfloris.eu\/shop\/\"},{\"@type\":\"ListItem\",\"position\":3,\"name\":\"Aspeland &#8211; Clockwork Cufflinks\"}]},{\"@type\":\"WebSite\",\"@id\":\"https:\/\/fredfloris.eu\/#website\",\"url\":\"https:\/\/fredfloris.eu\/\",\"name\":\"FredFloris\",\"description\":\"Handcrafted Leathergoods - Made in Sweden\",\"publisher\":{\"@id\":\"https:\/\/fredfloris.eu\/#organization\"},\"potentialAction\":[{\"@type\":\"SearchAction\",\"target\":{\"@type\":\"EntryPoint\",\"urlTemplate\":\"https:\/\/fredfloris.eu\/?s={search_term_string}\"},\"query-input\":{\"@type\":\"PropertyValueSpecification\",\"valueRequired\":true,\"valueName\":\"search_term_string\"}}],\"inLanguage\":\"da-DK\"},{\"@type\":\"Organization\",\"@id\":\"https:\/\/fredfloris.eu\/#organization\",\"name\":\"FredFloris\",\"url\":\"https:\/\/fredfloris.eu\/\",\"logo\":{\"@type\":\"ImageObject\",\"inLanguage\":\"da-DK\",\"@id\":\"https:\/\/fredfloris.eu\/#\/schema\/logo\/image\/\",\"url\":\"https:\/\/fredfloris.eu\/wp-content\/uploads\/2022\/03\/FredFloris-med-hel-nal-och-text.png\",\"contentUrl\":\"https:\/\/fredfloris.eu\/wp-content\/uploads\/2022\/03\/FredFloris-med-hel-nal-och-text.png\",\"width\":591,\"height\":283,\"caption\":\"FredFloris\"},\"image\":{\"@id\":\"https:\/\/fredfloris.eu\/#\/schema\/logo\/image\/\"},\"sameAs\":[\"https:\/\/www.facebook.com\/FredFloris.Artisan.Studio\/\",\"https:\/\/x.com\/_fredfloris_\",\"https:\/\/www.instagram.com\/fredfloris.artisan.studio\/\"]}]}<\/script>\n<!-- \/ Yoast SEO plugin. -->","yoast_head_json":{"title":"Manchetknapper til urv\u00e6rk | FredFloris","description":"Vores manchetknapper med urv\u00e6rk har en elegant s\u00f8lvfarve, der vil komplimentere alt forretningst\u00f8j. Manchetknapper med urv\u00e6rk.","robots":{"index":"index","follow":"follow","max-snippet":"max-snippet:-1","max-image-preview":"max-image-preview:large","max-video-preview":"max-video-preview:-1"},"canonical":"https:\/\/fredfloris.eu\/da\/productpage\/aspeland-movement-cufflinks\/?wmc-currency=DKK","og_locale":"da_DK","og_type":"article","og_title":"Watch Movement Cufflinks | FredFloris","og_description":"Our watch movement cufflinks feature an elegant silver tone that will compliment all business attire. Watch mechanism cufflinks..","og_url":"https:\/\/fredfloris.eu\/da\/productpage\/aspeland-movement-cufflinks\/?wmc-currency=DKK","og_site_name":"FredFloris","article_publisher":"https:\/\/www.facebook.com\/FredFloris.Artisan.Studio\/","article_modified_time":"2024-06-24T18:59:16+00:00","og_image":[{"width":2560,"height":1707,"url":"https:\/\/fredfloris.eu\/wp-content\/uploads\/2022\/08\/IMG_3208-scaled.jpg","type":"image\/jpeg"}],"twitter_card":"summary_large_image","twitter_site":"@_fredfloris_","twitter_misc":{"Estimeret l\u00e6setid":"2 minutter"},"schema":{"@context":"https:\/\/schema.org","@graph":[{"@type":"WebPage","@id":"https:\/\/fredfloris.eu\/productpage\/aspeland-movement-cufflinks\/","url":"https:\/\/fredfloris.eu\/productpage\/aspeland-movement-cufflinks\/","name":"Manchetknapper til urv\u00e6rk | FredFloris","isPartOf":{"@id":"https:\/\/fredfloris.eu\/#website"},"primaryImageOfPage":{"@id":"https:\/\/fredfloris.eu\/productpage\/aspeland-movement-cufflinks\/#primaryimage"},"image":{"@id":"https:\/\/fredfloris.eu\/productpage\/aspeland-movement-cufflinks\/#primaryimage"},"thumbnailUrl":"https:\/\/fredfloris.eu\/wp-content\/uploads\/2022\/08\/IMG_3208-scaled.jpg","datePublished":"2022-05-16T19:05:04+00:00","dateModified":"2024-06-24T18:59:16+00:00","description":"Vores manchetknapper med urv\u00e6rk har en elegant s\u00f8lvfarve, der vil komplimentere alt forretningst\u00f8j. Manchetknapper med urv\u00e6rk.","breadcrumb":{"@id":"https:\/\/fredfloris.eu\/productpage\/aspeland-movement-cufflinks\/#breadcrumb"},"inLanguage":"da-DK","potentialAction":[{"@type":"ReadAction","target":["https:\/\/fredfloris.eu\/productpage\/aspeland-movement-cufflinks\/"]}]},{"@type":"ImageObject","inLanguage":"da-DK","@id":"https:\/\/fredfloris.eu\/productpage\/aspeland-movement-cufflinks\/#primaryimage","url":"https:\/\/fredfloris.eu\/wp-content\/uploads\/2022\/08\/IMG_3208-scaled.jpg","contentUrl":"https:\/\/fredfloris.eu\/wp-content\/uploads\/2022\/08\/IMG_3208-scaled.jpg","width":2560,"height":1707,"caption":"Product: Aspeland - Watch Movement Cufflinks \u2013 Stainless Steel"},{"@type":"BreadcrumbList","@id":"https:\/\/fredfloris.eu\/productpage\/aspeland-movement-cufflinks\/#breadcrumb","itemListElement":[{"@type":"ListItem","position":1,"name":"Home","item":"https:\/\/fredfloris.eu\/"},{"@type":"ListItem","position":2,"name":"Shop","item":"https:\/\/fredfloris.eu\/shop\/"},{"@type":"ListItem","position":3,"name":"Aspeland &#8211; Clockwork Cufflinks"}]},{"@type":"WebSite","@id":"https:\/\/fredfloris.eu\/#website","url":"https:\/\/fredfloris.eu\/","name":"FredFloris","description":"H\u00e5ndlavede l\u00e6dert\u00f8jsprodukter - fremstillet i Sverige","publisher":{"@id":"https:\/\/fredfloris.eu\/#organization"},"potentialAction":[{"@type":"SearchAction","target":{"@type":"EntryPoint","urlTemplate":"https:\/\/fredfloris.eu\/?s={search_term_string}"},"query-input":{"@type":"PropertyValueSpecification","valueRequired":true,"valueName":"search_term_string"}}],"inLanguage":"da-DK"},{"@type":"Organization","@id":"https:\/\/fredfloris.eu\/#organization","name":"FredFloris","url":"https:\/\/fredfloris.eu\/","logo":{"@type":"ImageObject","inLanguage":"da-DK","@id":"https:\/\/fredfloris.eu\/#\/schema\/logo\/image\/","url":"https:\/\/fredfloris.eu\/wp-content\/uploads\/2022\/03\/FredFloris-med-hel-nal-och-text.png","contentUrl":"https:\/\/fredfloris.eu\/wp-content\/uploads\/2022\/03\/FredFloris-med-hel-nal-och-text.png","width":591,"height":283,"caption":"FredFloris"},"image":{"@id":"https:\/\/fredfloris.eu\/#\/schema\/logo\/image\/"},"sameAs":["https:\/\/www.facebook.com\/FredFloris.Artisan.Studio\/","https:\/\/x.com\/_fredfloris_","https:\/\/www.instagram.com\/fredfloris.artisan.studio\/"]}]}},"brands":[{"id":204,"name":"FredFloris &amp; Partner","slug":"fredfloris-partner"}],"_links":{"self":[{"href":"https:\/\/fredfloris.eu\/da\/wp-json\/wp\/v2\/product\/5221","targetHints":{"allow":["GET"]}}],"collection":[{"href":"https:\/\/fredfloris.eu\/da\/wp-json\/wp\/v2\/product"}],"about":[{"href":"https:\/\/fredfloris.eu\/da\/wp-json\/wp\/v2\/types\/product"}],"version-history":[{"count":12,"href":"https:\/\/fredfloris.eu\/da\/wp-json\/wp\/v2\/product\/5221\/revisions"}],"predecessor-version":[{"id":11539,"href":"https:\/\/fredfloris.eu\/da\/wp-json\/wp\/v2\/product\/5221\/revisions\/11539"}],"wp:featuredmedia":[{"embeddable":true,"href":"https:\/\/fredfloris.eu\/da\/wp-json\/wp\/v2\/media\/9768"}],"wp:attachment":[{"href":"https:\/\/fredfloris.eu\/da\/wp-json\/wp\/v2\/media?parent=5221"}],"wp:term":[{"taxonomy":"pwb-brand","embeddable":true,"href":"https:\/\/fredfloris.eu\/da\/wp-json\/wp\/v2\/pwb-brand?post=5221"},{"taxonomy":"product_brand","embeddable":true,"href":"https:\/\/fredfloris.eu\/da\/wp-json\/wp\/v2\/product_brand?post=5221"},{"taxonomy":"product_cat","embeddable":true,"href":"https:\/\/fredfloris.eu\/da\/wp-json\/wp\/v2\/product_cat?post=5221"},{"taxonomy":"product_tag","embeddable":true,"href":"https:\/\/fredfloris.eu\/da\/wp-json\/wp\/v2\/product_tag?post=5221"},{"taxonomy":"woo-feed-brand","embeddable":true,"href":"https:\/\/fredfloris.eu\/da\/wp-json\/wp\/v2\/woo-feed-brand?post=5221"}],"curies":[{"name":"wp","href":"https:\/\/api.w.org\/{rel}","templated":true}]}}