{"id":5260,"date":"2022-05-17T21:56:52","date_gmt":"2022-05-17T19:56:52","guid":{"rendered":"https:\/\/fredfloris.eu\/?post_type=product&#038;p=5260"},"modified":"2024-07-23T20:23:38","modified_gmt":"2024-07-23T18:23:38","slug":"silver-long-chain-earrings","status":"publish","type":"product","link":"https:\/\/fredfloris.eu\/da\/productpage\/silver-long-chain-earrings\/","title":{"rendered":"Silver Lady - Lange k\u00e6de\u00f8reringe"},"content":{"rendered":"<p><strong>Oplev den ubesv\u00e6rede elegance i vores box chain-\u00f8reringe i s\u00f8lv.<\/strong> Disse \u00f8reringe er designet med s\u00f8lvstrenge, der flyder som en tr\u00e5d, og de er b\u00e5de enkle og dramatiske. De falder i parallelle linjer, der smukt indrammer ansigtet, fremh\u00e6ver dine tr\u00e6k, tilf\u00f8jer symmetri og forl\u00e6nger halsen. Deres alsidige form g\u00f8r, at de passer perfekt til ethvert outfit, is\u00e6r til kjoler og toppe uden skuldre, hvor de giver glitter fra \u00f8jnene til kanten.<\/p>\n<p><strong>Tilg\u00e6ngelige muligheder:<\/strong> Disse \u00f8reringe er fremstillet i 925 sterlings\u00f8lv med mulighed for platinbel\u00e6gning eller 24k guldbel\u00e6gning.<\/p>\n<p><strong>Sterling s\u00f8lv H\u00e5ndv\u00e6rk:<\/strong> Hvert par er stemplet med \"925\" for at sikre h\u00f8j kvalitet. Disse holdbare og tidl\u00f8se \u00f8reringe er en fantastisk tilf\u00f8jelse til enhver smykkesamling.<\/p>\n<p><strong>Den perfekte gave:<\/strong> Leder du efter en bet\u00e6nksom gave? Disse s\u00f8lv\u00f8reringe er et overd\u00e5digt valg til f\u00f8dselsdage, jubil\u00e6er, dimissioner eller bryllupper.<\/p>\n<p><strong>Allergivenlig:<\/strong> Disse \u00f8reringe er fremstillet uden nikkel og vil ikke plette eller irritere huden.<\/p>\n<p><strong>Pleje af smykker:<\/strong> Opbevar \u00f8reringene i en bl\u00f8d \u00e6ske eller taske adskilt fra andre smykker for at bevare deres uber\u00f8rte tilstand. Undg\u00e5 at uds\u00e6tte dem for kemikalier for at undg\u00e5 skader. Bel\u00e6gningen, uanset om det er platin eller guld, er sart og vil som alle bel\u00e6gninger falme med tiden. Begr\u00e6ns kontakt med kemikalier og hud for at forl\u00e6nge bel\u00e6gningens levetid.<\/p>\n<p>&nbsp;<\/p>\n<p>S\u00f8g efter ord: Lange s\u00f8lvk\u00e6de-\u00f8reringe<\/p>","protected":false},"excerpt":{"rendered":"<p><strong>PRODUKTETS DIMENSIONER<\/strong> Produktets h\u00f8jde: 13,50 mm, v\u00e6gt: 4 g (par). Produktet er fremstillet af 925 s\u00f8lv, platinbelagt - 0,4 \u00b5m. SKU: sil\/ear\/pla\/cha Brand: FredFloris &amp; Partner<\/p>\n<pre><\/pre>\n<p>Vores erfarne partner i Polen laver \u00f8reringens base. Vi bruger 0,4 \u00b5m tykt forgyldt s\u00f8lv, da det ikke g\u00f8r smykkerne m\u00f8rke eller kedelige. Produktet har en vis modstandsdygtighed over for misfarvning, men s\u00f8rg for at f\u00f8lge vores plejeanvisninger for at forl\u00e6nge dine nye smykkers levetid.<\/p>","protected":false},"featured_media":4753,"template":"","meta":[],"pwb-brand":[204],"product_brand":[],"product_cat":[117,113,101],"product_tag":[165,164,135],"woo-feed-brand":[],"class_list":{"0":"post-5260","1":"product","2":"type-product","3":"status-publish","4":"has-post-thumbnail","6":"pwb-brand-fredfloris-partner","7":"product_cat-chain-earrings","8":"product_cat-earrings","9":"product_cat-jewelry","10":"product_tag-platinum","11":"product_tag-silver","12":"product_tag-stocked","13":"product_shipping_class-small-goods","15":"first","16":"instock","17":"taxable","18":"shipping-taxable","19":"purchasable","20":"product-type-simple"},"yoast_head":"<!-- This site is optimized with the Yoast SEO plugin v27.2 - https:\/\/yoast.com\/product\/yoast-seo-wordpress\/ -->\n<title>Long Silver Chain Earrings| FredFloris<\/title>\n<meta name=\"description\" content=\"Presenting our long silver chain earrings, 13.50 mm in lenght. Long chain earrings are the perfect gift for Her, Tarnish Free.\" \/>\n<meta name=\"robots\" content=\"index, follow, max-snippet:-1, max-image-preview:large, max-video-preview:-1\" \/>\n<link rel=\"canonical\" href=\"https:\/\/fredfloris.eu\/da\/productpage\/silver-long-chain-earrings\/?wmc-currency=DKK\" \/>\n<meta property=\"og:locale\" content=\"da_DK\" \/>\n<meta property=\"og:type\" content=\"article\" \/>\n<meta property=\"og:title\" content=\"Long Silver Chain Earrings| FredFloris\" \/>\n<meta property=\"og:description\" content=\"Presenting our long silver chain earrings, 13.50 mm in lenght. Long chain earrings are the perfect gift for Her, Tarnish Free.\" \/>\n<meta property=\"og:url\" content=\"https:\/\/fredfloris.eu\/da\/productpage\/silver-long-chain-earrings\/?wmc-currency=DKK\" \/>\n<meta property=\"og:site_name\" content=\"FredFloris\" \/>\n<meta property=\"article:publisher\" content=\"https:\/\/www.facebook.com\/FredFloris.Artisan.Studio\/\" \/>\n<meta property=\"article:modified_time\" content=\"2024-07-23T18:23:38+00:00\" \/>\n<meta property=\"og:image\" content=\"https:\/\/fredfloris.eu\/wp-content\/uploads\/2022\/05\/IMG_1988-scaled.jpg\" \/>\n\t<meta property=\"og:image:width\" content=\"2560\" \/>\n\t<meta property=\"og:image:height\" content=\"1707\" \/>\n\t<meta property=\"og:image:type\" content=\"image\/jpeg\" \/>\n<meta name=\"twitter:card\" content=\"summary_large_image\" \/>\n<meta name=\"twitter:site\" content=\"@_fredfloris_\" \/>\n<meta name=\"twitter:label1\" content=\"Estimeret l\u00e6setid\" \/>\n\t<meta name=\"twitter:data1\" content=\"2 minutter\" \/>\n<script type=\"application\/ld+json\" class=\"yoast-schema-graph\">{\"@context\":\"https:\/\/schema.org\",\"@graph\":[{\"@type\":\"WebPage\",\"@id\":\"https:\/\/fredfloris.eu\/productpage\/silver-long-chain-earrings\/\",\"url\":\"https:\/\/fredfloris.eu\/productpage\/silver-long-chain-earrings\/\",\"name\":\"Long Silver Chain Earrings| FredFloris\",\"isPartOf\":{\"@id\":\"https:\/\/fredfloris.eu\/#website\"},\"primaryImageOfPage\":{\"@id\":\"https:\/\/fredfloris.eu\/productpage\/silver-long-chain-earrings\/#primaryimage\"},\"image\":{\"@id\":\"https:\/\/fredfloris.eu\/productpage\/silver-long-chain-earrings\/#primaryimage\"},\"thumbnailUrl\":\"https:\/\/fredfloris.eu\/wp-content\/uploads\/2022\/05\/IMG_1988-scaled.jpg\",\"datePublished\":\"2022-05-17T19:56:52+00:00\",\"dateModified\":\"2024-07-23T18:23:38+00:00\",\"description\":\"Presenting our long silver chain earrings, 13.50 mm in lenght. Long chain earrings are the perfect gift for Her, Tarnish Free.\",\"breadcrumb\":{\"@id\":\"https:\/\/fredfloris.eu\/productpage\/silver-long-chain-earrings\/#breadcrumb\"},\"inLanguage\":\"da-DK\",\"potentialAction\":[{\"@type\":\"ReadAction\",\"target\":[\"https:\/\/fredfloris.eu\/productpage\/silver-long-chain-earrings\/\"]}]},{\"@type\":\"ImageObject\",\"inLanguage\":\"da-DK\",\"@id\":\"https:\/\/fredfloris.eu\/productpage\/silver-long-chain-earrings\/#primaryimage\",\"url\":\"https:\/\/fredfloris.eu\/wp-content\/uploads\/2022\/05\/IMG_1988-scaled.jpg\",\"contentUrl\":\"https:\/\/fredfloris.eu\/wp-content\/uploads\/2022\/05\/IMG_1988-scaled.jpg\",\"width\":2560,\"height\":1707,\"caption\":\"Product: Silver Lady - Long Chain Earrings \u2013 Platinum Plated Silver\"},{\"@type\":\"BreadcrumbList\",\"@id\":\"https:\/\/fredfloris.eu\/productpage\/silver-long-chain-earrings\/#breadcrumb\",\"itemListElement\":[{\"@type\":\"ListItem\",\"position\":1,\"name\":\"Home\",\"item\":\"https:\/\/fredfloris.eu\/\"},{\"@type\":\"ListItem\",\"position\":2,\"name\":\"Shop\",\"item\":\"https:\/\/fredfloris.eu\/shop\/\"},{\"@type\":\"ListItem\",\"position\":3,\"name\":\"Silver Lady &#8211; Long Chain Earrings\"}]},{\"@type\":\"WebSite\",\"@id\":\"https:\/\/fredfloris.eu\/#website\",\"url\":\"https:\/\/fredfloris.eu\/\",\"name\":\"FredFloris\",\"description\":\"Handcrafted Leathergoods - Made in Sweden\",\"publisher\":{\"@id\":\"https:\/\/fredfloris.eu\/#organization\"},\"potentialAction\":[{\"@type\":\"SearchAction\",\"target\":{\"@type\":\"EntryPoint\",\"urlTemplate\":\"https:\/\/fredfloris.eu\/?s={search_term_string}\"},\"query-input\":{\"@type\":\"PropertyValueSpecification\",\"valueRequired\":true,\"valueName\":\"search_term_string\"}}],\"inLanguage\":\"da-DK\"},{\"@type\":\"Organization\",\"@id\":\"https:\/\/fredfloris.eu\/#organization\",\"name\":\"FredFloris\",\"url\":\"https:\/\/fredfloris.eu\/\",\"logo\":{\"@type\":\"ImageObject\",\"inLanguage\":\"da-DK\",\"@id\":\"https:\/\/fredfloris.eu\/#\/schema\/logo\/image\/\",\"url\":\"https:\/\/fredfloris.eu\/wp-content\/uploads\/2022\/03\/FredFloris-med-hel-nal-och-text.png\",\"contentUrl\":\"https:\/\/fredfloris.eu\/wp-content\/uploads\/2022\/03\/FredFloris-med-hel-nal-och-text.png\",\"width\":591,\"height\":283,\"caption\":\"FredFloris\"},\"image\":{\"@id\":\"https:\/\/fredfloris.eu\/#\/schema\/logo\/image\/\"},\"sameAs\":[\"https:\/\/www.facebook.com\/FredFloris.Artisan.Studio\/\",\"https:\/\/x.com\/_fredfloris_\",\"https:\/\/www.instagram.com\/fredfloris.artisan.studio\/\"]}]}<\/script>\n<!-- \/ Yoast SEO plugin. -->","yoast_head_json":{"title":"Lange s\u00f8lvk\u00e6de-\u00f8reringe| FredFloris","description":"Vi pr\u00e6senterer vores lange s\u00f8lvk\u00e6de\u00f8reringe, 13,50 mm i l\u00e6ngden. Lange k\u00e6de\u00f8reringe er den perfekte gave til hende, uden anl\u00f8bning.","robots":{"index":"index","follow":"follow","max-snippet":"max-snippet:-1","max-image-preview":"max-image-preview:large","max-video-preview":"max-video-preview:-1"},"canonical":"https:\/\/fredfloris.eu\/da\/productpage\/silver-long-chain-earrings\/?wmc-currency=DKK","og_locale":"da_DK","og_type":"article","og_title":"Long Silver Chain Earrings| FredFloris","og_description":"Presenting our long silver chain earrings, 13.50 mm in lenght. Long chain earrings are the perfect gift for Her, Tarnish Free.","og_url":"https:\/\/fredfloris.eu\/da\/productpage\/silver-long-chain-earrings\/?wmc-currency=DKK","og_site_name":"FredFloris","article_publisher":"https:\/\/www.facebook.com\/FredFloris.Artisan.Studio\/","article_modified_time":"2024-07-23T18:23:38+00:00","og_image":[{"width":2560,"height":1707,"url":"https:\/\/fredfloris.eu\/wp-content\/uploads\/2022\/05\/IMG_1988-scaled.jpg","type":"image\/jpeg"}],"twitter_card":"summary_large_image","twitter_site":"@_fredfloris_","twitter_misc":{"Estimeret l\u00e6setid":"2 minutter"},"schema":{"@context":"https:\/\/schema.org","@graph":[{"@type":"WebPage","@id":"https:\/\/fredfloris.eu\/productpage\/silver-long-chain-earrings\/","url":"https:\/\/fredfloris.eu\/productpage\/silver-long-chain-earrings\/","name":"Lange s\u00f8lvk\u00e6de-\u00f8reringe| FredFloris","isPartOf":{"@id":"https:\/\/fredfloris.eu\/#website"},"primaryImageOfPage":{"@id":"https:\/\/fredfloris.eu\/productpage\/silver-long-chain-earrings\/#primaryimage"},"image":{"@id":"https:\/\/fredfloris.eu\/productpage\/silver-long-chain-earrings\/#primaryimage"},"thumbnailUrl":"https:\/\/fredfloris.eu\/wp-content\/uploads\/2022\/05\/IMG_1988-scaled.jpg","datePublished":"2022-05-17T19:56:52+00:00","dateModified":"2024-07-23T18:23:38+00:00","description":"Vi pr\u00e6senterer vores lange s\u00f8lvk\u00e6de\u00f8reringe, 13,50 mm i l\u00e6ngden. Lange k\u00e6de\u00f8reringe er den perfekte gave til hende, uden anl\u00f8bning.","breadcrumb":{"@id":"https:\/\/fredfloris.eu\/productpage\/silver-long-chain-earrings\/#breadcrumb"},"inLanguage":"da-DK","potentialAction":[{"@type":"ReadAction","target":["https:\/\/fredfloris.eu\/productpage\/silver-long-chain-earrings\/"]}]},{"@type":"ImageObject","inLanguage":"da-DK","@id":"https:\/\/fredfloris.eu\/productpage\/silver-long-chain-earrings\/#primaryimage","url":"https:\/\/fredfloris.eu\/wp-content\/uploads\/2022\/05\/IMG_1988-scaled.jpg","contentUrl":"https:\/\/fredfloris.eu\/wp-content\/uploads\/2022\/05\/IMG_1988-scaled.jpg","width":2560,"height":1707,"caption":"Product: Silver Lady - Long Chain Earrings \u2013 Platinum Plated Silver"},{"@type":"BreadcrumbList","@id":"https:\/\/fredfloris.eu\/productpage\/silver-long-chain-earrings\/#breadcrumb","itemListElement":[{"@type":"ListItem","position":1,"name":"Home","item":"https:\/\/fredfloris.eu\/"},{"@type":"ListItem","position":2,"name":"Shop","item":"https:\/\/fredfloris.eu\/shop\/"},{"@type":"ListItem","position":3,"name":"Silver Lady &#8211; Long Chain Earrings"}]},{"@type":"WebSite","@id":"https:\/\/fredfloris.eu\/#website","url":"https:\/\/fredfloris.eu\/","name":"FredFloris","description":"H\u00e5ndlavede l\u00e6dert\u00f8jsprodukter - fremstillet i Sverige","publisher":{"@id":"https:\/\/fredfloris.eu\/#organization"},"potentialAction":[{"@type":"SearchAction","target":{"@type":"EntryPoint","urlTemplate":"https:\/\/fredfloris.eu\/?s={search_term_string}"},"query-input":{"@type":"PropertyValueSpecification","valueRequired":true,"valueName":"search_term_string"}}],"inLanguage":"da-DK"},{"@type":"Organization","@id":"https:\/\/fredfloris.eu\/#organization","name":"FredFloris","url":"https:\/\/fredfloris.eu\/","logo":{"@type":"ImageObject","inLanguage":"da-DK","@id":"https:\/\/fredfloris.eu\/#\/schema\/logo\/image\/","url":"https:\/\/fredfloris.eu\/wp-content\/uploads\/2022\/03\/FredFloris-med-hel-nal-och-text.png","contentUrl":"https:\/\/fredfloris.eu\/wp-content\/uploads\/2022\/03\/FredFloris-med-hel-nal-och-text.png","width":591,"height":283,"caption":"FredFloris"},"image":{"@id":"https:\/\/fredfloris.eu\/#\/schema\/logo\/image\/"},"sameAs":["https:\/\/www.facebook.com\/FredFloris.Artisan.Studio\/","https:\/\/x.com\/_fredfloris_","https:\/\/www.instagram.com\/fredfloris.artisan.studio\/"]}]}},"brands":[{"id":204,"name":"FredFloris &amp; Partner","slug":"fredfloris-partner"}],"_links":{"self":[{"href":"https:\/\/fredfloris.eu\/da\/wp-json\/wp\/v2\/product\/5260","targetHints":{"allow":["GET"]}}],"collection":[{"href":"https:\/\/fredfloris.eu\/da\/wp-json\/wp\/v2\/product"}],"about":[{"href":"https:\/\/fredfloris.eu\/da\/wp-json\/wp\/v2\/types\/product"}],"version-history":[{"count":8,"href":"https:\/\/fredfloris.eu\/da\/wp-json\/wp\/v2\/product\/5260\/revisions"}],"predecessor-version":[{"id":11589,"href":"https:\/\/fredfloris.eu\/da\/wp-json\/wp\/v2\/product\/5260\/revisions\/11589"}],"wp:featuredmedia":[{"embeddable":true,"href":"https:\/\/fredfloris.eu\/da\/wp-json\/wp\/v2\/media\/4753"}],"wp:attachment":[{"href":"https:\/\/fredfloris.eu\/da\/wp-json\/wp\/v2\/media?parent=5260"}],"wp:term":[{"taxonomy":"pwb-brand","embeddable":true,"href":"https:\/\/fredfloris.eu\/da\/wp-json\/wp\/v2\/pwb-brand?post=5260"},{"taxonomy":"product_brand","embeddable":true,"href":"https:\/\/fredfloris.eu\/da\/wp-json\/wp\/v2\/product_brand?post=5260"},{"taxonomy":"product_cat","embeddable":true,"href":"https:\/\/fredfloris.eu\/da\/wp-json\/wp\/v2\/product_cat?post=5260"},{"taxonomy":"product_tag","embeddable":true,"href":"https:\/\/fredfloris.eu\/da\/wp-json\/wp\/v2\/product_tag?post=5260"},{"taxonomy":"woo-feed-brand","embeddable":true,"href":"https:\/\/fredfloris.eu\/da\/wp-json\/wp\/v2\/woo-feed-brand?post=5260"}],"curies":[{"name":"wp","href":"https:\/\/api.w.org\/{rel}","templated":true}]}}