{"id":5282,"date":"2022-05-18T18:01:47","date_gmt":"2022-05-18T16:01:47","guid":{"rendered":"https:\/\/fredfloris.eu\/?post_type=product&#038;p=5282"},"modified":"2024-07-23T20:25:25","modified_gmt":"2024-07-23T18:25:25","slug":"round-hoop-30-mm-earrings","status":"publish","type":"product","link":"https:\/\/fredfloris.eu\/da\/productpage\/round-hoop-30-mm-earrings\/","title":{"rendered":"H\u00f6st - Runde Hoop 30 mm \u00f8reringe"},"content":{"rendered":"<p><strong>Oplev den tidl\u00f8se charme ved vores 30 mm creoler-\u00f8reringe.<\/strong>\u00a0B\u00f8jle\u00f8reringe har v\u00e6ret en del af moden i \u00e5rhundreder og har prydet \u00f8rerne p\u00e5 b\u00e5de kongelige og opr\u00f8rere og er aldrig g\u00e5et af mode. Deres enkle geometri henleder opm\u00e6rksomheden p\u00e5 dit ansigt, tilf\u00f8jer symmetri og indrammer dine tr\u00e6k smukt. Denne stil fremh\u00e6ver din udstr\u00e5ling og tiltr\u00e6kningskraft, hvilket g\u00f8r den perfekt til s\u00e6rlige lejligheder som bryllupper, fester, arbejde og familiesammenkomster.<\/p>\n<p><strong>Tilg\u00e6ngelige muligheder:<\/strong> Udf\u00f8rt i 925 sterlings\u00f8lv med mulighed for platinbel\u00e6gning eller 24k guldbel\u00e6gning.<\/p>\n<p><strong>Klassisk design:<\/strong> Disse \u00f8reringe er designet til at passe til enhver ansigtsform, hudtone og stil og er en god investering. Deres underspillede, men overd\u00e5dige design sikrer, at de komplementerer ethvert outfit.<\/p>\n<p><strong>Skabt til at give:<\/strong> Disse runde \u00f8reringe er en fremragende gave til alle, der s\u00e6tter pris p\u00e5 smykker. De er perfekte til enhver lejlighed og er et bet\u00e6nksomt og stilfuldt valg.<\/p>\n<p><strong>Allergivenlig:<\/strong> \u00d8reringene er fri for nikkel og forebygger hudirritation og anl\u00f8bning med tiden. Den sikre l\u00e5s holder \u00f8reringene behageligt p\u00e5 plads, s\u00e5 de er b\u00e5de sikre og behagelige at have p\u00e5.<\/p>\n<p><strong>Pleje af smykker:<\/strong> Opbevar \u00f8reringene i en bl\u00f8d \u00e6ske eller taske adskilt fra andre smykker for at bevare deres uber\u00f8rte tilstand. Undg\u00e5 at uds\u00e6tte dem for kemikalier for at undg\u00e5 skader. Bel\u00e6gningen, uanset om det er platin eller guld, er sart og vil som alle bel\u00e6gninger falme med tiden. Begr\u00e6ns kontakt med kemikalier og hud for at forl\u00e6nge bel\u00e6gningens levetid.<\/p>\n<p>&nbsp;<\/p>\n<p>S\u00f8geord: chunky s\u00f8lv\u00f8reringe, tykke s\u00f8lv- og guld\u00f8reringe<\/p>","protected":false},"excerpt":{"rendered":"<p><strong>PRODUKTETS DIMENSIONER <\/strong>Produktets v\u00e6gt: 4,8 g (par)<\/p>\n<p>\u00d8reringens diameter: 30 mm. Diameter p\u00e5 den indvendige springring: 20 mm. Tykkelse: 4 mm. F\u00e5s i Sterling S\u00f8lv\/Platinbelagt\/24K Guldbelagt - 0,4 \u00b5m.<\/p>\n<pre><\/pre>\n<p>Vores erfarne partner i Polen laver \u00f8reringens base. Vi bruger 0,4 \u00b5m tykt forgyldt s\u00f8lv, da det ikke g\u00f8r smykkerne m\u00f8rke eller kedelige. Produktet har en vis modstandsdygtighed over for misfarvning, men s\u00f8rg for at f\u00f8lge vores plejeanvisninger for at forl\u00e6nge dine nye smykkers levetid.<\/p>","protected":false},"featured_media":4777,"template":"","meta":[],"pwb-brand":[204],"product_brand":[],"product_cat":[113,116,101],"product_tag":[163,165,164,135],"woo-feed-brand":[],"class_list":{"0":"post-5282","1":"product","2":"type-product","3":"status-publish","4":"has-post-thumbnail","6":"pwb-brand-fredfloris-partner","7":"product_cat-earrings","8":"product_cat-hoop-earrings","9":"product_cat-jewelry","10":"product_tag-gold","11":"product_tag-platinum","12":"product_tag-silver","13":"product_tag-stocked","14":"product_shipping_class-small-goods","15":"pa_hoops-30-mm-ag-925-24k-gold-plated-04-m","16":"pa_hoops-30-mm-ag-925-platinum-plated-04-m","18":"first","19":"instock","20":"taxable","21":"shipping-taxable","22":"purchasable","23":"product-type-variable"},"yoast_head":"<!-- This site is optimized with the Yoast SEO plugin v27.2 - https:\/\/yoast.com\/product\/yoast-seo-wordpress\/ -->\n<title>Thick &amp; Chunky Gold and Silver Hoop Earrings | FredFloris<\/title>\n<meta name=\"description\" content=\"Everyone needs a reliable pair of thick and chunky hoop earrings, available in 24k gold and platinum plated silver.\" \/>\n<meta name=\"robots\" content=\"index, follow, max-snippet:-1, max-image-preview:large, max-video-preview:-1\" \/>\n<link rel=\"canonical\" href=\"https:\/\/fredfloris.eu\/da\/productpage\/round-hoop-30-mm-earrings\/?wmc-currency=DKK\" \/>\n<meta property=\"og:locale\" content=\"da_DK\" \/>\n<meta property=\"og:type\" content=\"article\" \/>\n<meta property=\"og:title\" content=\"Thick &amp; Chunky Gold and Silver Hoop Earrings | FredFloris\" \/>\n<meta property=\"og:description\" content=\"Everyone needs a reliable pair of thick and chunky hoop earrings, available in 24k gold and platinum plated silver.\" \/>\n<meta property=\"og:url\" content=\"https:\/\/fredfloris.eu\/da\/productpage\/round-hoop-30-mm-earrings\/?wmc-currency=DKK\" \/>\n<meta property=\"og:site_name\" content=\"FredFloris\" \/>\n<meta property=\"article:publisher\" content=\"https:\/\/www.facebook.com\/FredFloris.Artisan.Studio\/\" \/>\n<meta property=\"article:modified_time\" content=\"2024-07-23T18:25:25+00:00\" \/>\n<meta property=\"og:image\" content=\"https:\/\/fredfloris.eu\/wp-content\/uploads\/2022\/05\/IMG_2144-scaled.jpg\" \/>\n\t<meta property=\"og:image:width\" content=\"2560\" \/>\n\t<meta property=\"og:image:height\" content=\"1707\" \/>\n\t<meta property=\"og:image:type\" content=\"image\/jpeg\" \/>\n<meta name=\"twitter:card\" content=\"summary_large_image\" \/>\n<meta name=\"twitter:site\" content=\"@_fredfloris_\" \/>\n<meta name=\"twitter:label1\" content=\"Estimeret l\u00e6setid\" \/>\n\t<meta name=\"twitter:data1\" content=\"2 minutter\" \/>\n<script type=\"application\/ld+json\" class=\"yoast-schema-graph\">{\"@context\":\"https:\/\/schema.org\",\"@graph\":[{\"@type\":\"WebPage\",\"@id\":\"https:\/\/fredfloris.eu\/productpage\/round-hoop-30-mm-earrings\/\",\"url\":\"https:\/\/fredfloris.eu\/productpage\/round-hoop-30-mm-earrings\/\",\"name\":\"Thick & Chunky Gold and Silver Hoop Earrings | FredFloris\",\"isPartOf\":{\"@id\":\"https:\/\/fredfloris.eu\/#website\"},\"primaryImageOfPage\":{\"@id\":\"https:\/\/fredfloris.eu\/productpage\/round-hoop-30-mm-earrings\/#primaryimage\"},\"image\":{\"@id\":\"https:\/\/fredfloris.eu\/productpage\/round-hoop-30-mm-earrings\/#primaryimage\"},\"thumbnailUrl\":\"https:\/\/fredfloris.eu\/wp-content\/uploads\/2022\/05\/IMG_2144-scaled-e1740244857277.jpg\",\"datePublished\":\"2022-05-18T16:01:47+00:00\",\"dateModified\":\"2024-07-23T18:25:25+00:00\",\"description\":\"Everyone needs a reliable pair of thick and chunky hoop earrings, available in 24k gold and platinum plated silver.\",\"breadcrumb\":{\"@id\":\"https:\/\/fredfloris.eu\/productpage\/round-hoop-30-mm-earrings\/#breadcrumb\"},\"inLanguage\":\"da-DK\",\"potentialAction\":[{\"@type\":\"ReadAction\",\"target\":[\"https:\/\/fredfloris.eu\/productpage\/round-hoop-30-mm-earrings\/\"]}]},{\"@type\":\"ImageObject\",\"inLanguage\":\"da-DK\",\"@id\":\"https:\/\/fredfloris.eu\/productpage\/round-hoop-30-mm-earrings\/#primaryimage\",\"url\":\"https:\/\/fredfloris.eu\/wp-content\/uploads\/2022\/05\/IMG_2144-scaled-e1740244857277.jpg\",\"contentUrl\":\"https:\/\/fredfloris.eu\/wp-content\/uploads\/2022\/05\/IMG_2144-scaled-e1740244857277.jpg\",\"width\":1650,\"height\":1100,\"caption\":\"Product: Round Hoop 30 mm \u2013 Gold and Platinum Plated Silver\"},{\"@type\":\"BreadcrumbList\",\"@id\":\"https:\/\/fredfloris.eu\/productpage\/round-hoop-30-mm-earrings\/#breadcrumb\",\"itemListElement\":[{\"@type\":\"ListItem\",\"position\":1,\"name\":\"Home\",\"item\":\"https:\/\/fredfloris.eu\/\"},{\"@type\":\"ListItem\",\"position\":2,\"name\":\"Shop\",\"item\":\"https:\/\/fredfloris.eu\/shop\/\"},{\"@type\":\"ListItem\",\"position\":3,\"name\":\"H\u00f6st &#8211; Round Hoop 30 mm Earrings\"}]},{\"@type\":\"WebSite\",\"@id\":\"https:\/\/fredfloris.eu\/#website\",\"url\":\"https:\/\/fredfloris.eu\/\",\"name\":\"FredFloris\",\"description\":\"Handcrafted Leathergoods - Made in Sweden\",\"publisher\":{\"@id\":\"https:\/\/fredfloris.eu\/#organization\"},\"potentialAction\":[{\"@type\":\"SearchAction\",\"target\":{\"@type\":\"EntryPoint\",\"urlTemplate\":\"https:\/\/fredfloris.eu\/?s={search_term_string}\"},\"query-input\":{\"@type\":\"PropertyValueSpecification\",\"valueRequired\":true,\"valueName\":\"search_term_string\"}}],\"inLanguage\":\"da-DK\"},{\"@type\":\"Organization\",\"@id\":\"https:\/\/fredfloris.eu\/#organization\",\"name\":\"FredFloris\",\"url\":\"https:\/\/fredfloris.eu\/\",\"logo\":{\"@type\":\"ImageObject\",\"inLanguage\":\"da-DK\",\"@id\":\"https:\/\/fredfloris.eu\/#\/schema\/logo\/image\/\",\"url\":\"https:\/\/fredfloris.eu\/wp-content\/uploads\/2022\/03\/FredFloris-med-hel-nal-och-text.png\",\"contentUrl\":\"https:\/\/fredfloris.eu\/wp-content\/uploads\/2022\/03\/FredFloris-med-hel-nal-och-text.png\",\"width\":591,\"height\":283,\"caption\":\"FredFloris\"},\"image\":{\"@id\":\"https:\/\/fredfloris.eu\/#\/schema\/logo\/image\/\"},\"sameAs\":[\"https:\/\/www.facebook.com\/FredFloris.Artisan.Studio\/\",\"https:\/\/x.com\/_fredfloris_\",\"https:\/\/www.instagram.com\/fredfloris.artisan.studio\/\"]}]}<\/script>\n<!-- \/ Yoast SEO plugin. -->","yoast_head_json":{"title":"Tykke og chunky guld- og s\u00f8lv\u00f8reringe | FredFloris","description":"Alle har brug for et par p\u00e5lidelige, tykke hoop-\u00f8reringe, som f\u00e5s i 24k guld og platinbelagt s\u00f8lv.","robots":{"index":"index","follow":"follow","max-snippet":"max-snippet:-1","max-image-preview":"max-image-preview:large","max-video-preview":"max-video-preview:-1"},"canonical":"https:\/\/fredfloris.eu\/da\/productpage\/round-hoop-30-mm-earrings\/?wmc-currency=DKK","og_locale":"da_DK","og_type":"article","og_title":"Thick & Chunky Gold and Silver Hoop Earrings | FredFloris","og_description":"Everyone needs a reliable pair of thick and chunky hoop earrings, available in 24k gold and platinum plated silver.","og_url":"https:\/\/fredfloris.eu\/da\/productpage\/round-hoop-30-mm-earrings\/?wmc-currency=DKK","og_site_name":"FredFloris","article_publisher":"https:\/\/www.facebook.com\/FredFloris.Artisan.Studio\/","article_modified_time":"2024-07-23T18:25:25+00:00","og_image":[{"width":2560,"height":1707,"url":"https:\/\/fredfloris.eu\/wp-content\/uploads\/2022\/05\/IMG_2144-scaled.jpg","type":"image\/jpeg"}],"twitter_card":"summary_large_image","twitter_site":"@_fredfloris_","twitter_misc":{"Estimeret l\u00e6setid":"2 minutter"},"schema":{"@context":"https:\/\/schema.org","@graph":[{"@type":"WebPage","@id":"https:\/\/fredfloris.eu\/productpage\/round-hoop-30-mm-earrings\/","url":"https:\/\/fredfloris.eu\/productpage\/round-hoop-30-mm-earrings\/","name":"Tykke og chunky guld- og s\u00f8lv\u00f8reringe | FredFloris","isPartOf":{"@id":"https:\/\/fredfloris.eu\/#website"},"primaryImageOfPage":{"@id":"https:\/\/fredfloris.eu\/productpage\/round-hoop-30-mm-earrings\/#primaryimage"},"image":{"@id":"https:\/\/fredfloris.eu\/productpage\/round-hoop-30-mm-earrings\/#primaryimage"},"thumbnailUrl":"https:\/\/fredfloris.eu\/wp-content\/uploads\/2022\/05\/IMG_2144-scaled-e1740244857277.jpg","datePublished":"2022-05-18T16:01:47+00:00","dateModified":"2024-07-23T18:25:25+00:00","description":"Alle har brug for et par p\u00e5lidelige, tykke hoop-\u00f8reringe, som f\u00e5s i 24k guld og platinbelagt s\u00f8lv.","breadcrumb":{"@id":"https:\/\/fredfloris.eu\/productpage\/round-hoop-30-mm-earrings\/#breadcrumb"},"inLanguage":"da-DK","potentialAction":[{"@type":"ReadAction","target":["https:\/\/fredfloris.eu\/productpage\/round-hoop-30-mm-earrings\/"]}]},{"@type":"ImageObject","inLanguage":"da-DK","@id":"https:\/\/fredfloris.eu\/productpage\/round-hoop-30-mm-earrings\/#primaryimage","url":"https:\/\/fredfloris.eu\/wp-content\/uploads\/2022\/05\/IMG_2144-scaled-e1740244857277.jpg","contentUrl":"https:\/\/fredfloris.eu\/wp-content\/uploads\/2022\/05\/IMG_2144-scaled-e1740244857277.jpg","width":1650,"height":1100,"caption":"Product: Round Hoop 30 mm \u2013 Gold and Platinum Plated Silver"},{"@type":"BreadcrumbList","@id":"https:\/\/fredfloris.eu\/productpage\/round-hoop-30-mm-earrings\/#breadcrumb","itemListElement":[{"@type":"ListItem","position":1,"name":"Home","item":"https:\/\/fredfloris.eu\/"},{"@type":"ListItem","position":2,"name":"Shop","item":"https:\/\/fredfloris.eu\/shop\/"},{"@type":"ListItem","position":3,"name":"H\u00f6st &#8211; Round Hoop 30 mm Earrings"}]},{"@type":"WebSite","@id":"https:\/\/fredfloris.eu\/#website","url":"https:\/\/fredfloris.eu\/","name":"FredFloris","description":"H\u00e5ndlavede l\u00e6dert\u00f8jsprodukter - fremstillet i Sverige","publisher":{"@id":"https:\/\/fredfloris.eu\/#organization"},"potentialAction":[{"@type":"SearchAction","target":{"@type":"EntryPoint","urlTemplate":"https:\/\/fredfloris.eu\/?s={search_term_string}"},"query-input":{"@type":"PropertyValueSpecification","valueRequired":true,"valueName":"search_term_string"}}],"inLanguage":"da-DK"},{"@type":"Organization","@id":"https:\/\/fredfloris.eu\/#organization","name":"FredFloris","url":"https:\/\/fredfloris.eu\/","logo":{"@type":"ImageObject","inLanguage":"da-DK","@id":"https:\/\/fredfloris.eu\/#\/schema\/logo\/image\/","url":"https:\/\/fredfloris.eu\/wp-content\/uploads\/2022\/03\/FredFloris-med-hel-nal-och-text.png","contentUrl":"https:\/\/fredfloris.eu\/wp-content\/uploads\/2022\/03\/FredFloris-med-hel-nal-och-text.png","width":591,"height":283,"caption":"FredFloris"},"image":{"@id":"https:\/\/fredfloris.eu\/#\/schema\/logo\/image\/"},"sameAs":["https:\/\/www.facebook.com\/FredFloris.Artisan.Studio\/","https:\/\/x.com\/_fredfloris_","https:\/\/www.instagram.com\/fredfloris.artisan.studio\/"]}]}},"brands":[{"id":204,"name":"FredFloris &amp; Partner","slug":"fredfloris-partner"}],"_links":{"self":[{"href":"https:\/\/fredfloris.eu\/da\/wp-json\/wp\/v2\/product\/5282","targetHints":{"allow":["GET"]}}],"collection":[{"href":"https:\/\/fredfloris.eu\/da\/wp-json\/wp\/v2\/product"}],"about":[{"href":"https:\/\/fredfloris.eu\/da\/wp-json\/wp\/v2\/types\/product"}],"version-history":[{"count":8,"href":"https:\/\/fredfloris.eu\/da\/wp-json\/wp\/v2\/product\/5282\/revisions"}],"predecessor-version":[{"id":11587,"href":"https:\/\/fredfloris.eu\/da\/wp-json\/wp\/v2\/product\/5282\/revisions\/11587"}],"wp:featuredmedia":[{"embeddable":true,"href":"https:\/\/fredfloris.eu\/da\/wp-json\/wp\/v2\/media\/4777"}],"wp:attachment":[{"href":"https:\/\/fredfloris.eu\/da\/wp-json\/wp\/v2\/media?parent=5282"}],"wp:term":[{"taxonomy":"pwb-brand","embeddable":true,"href":"https:\/\/fredfloris.eu\/da\/wp-json\/wp\/v2\/pwb-brand?post=5282"},{"taxonomy":"product_brand","embeddable":true,"href":"https:\/\/fredfloris.eu\/da\/wp-json\/wp\/v2\/product_brand?post=5282"},{"taxonomy":"product_cat","embeddable":true,"href":"https:\/\/fredfloris.eu\/da\/wp-json\/wp\/v2\/product_cat?post=5282"},{"taxonomy":"product_tag","embeddable":true,"href":"https:\/\/fredfloris.eu\/da\/wp-json\/wp\/v2\/product_tag?post=5282"},{"taxonomy":"woo-feed-brand","embeddable":true,"href":"https:\/\/fredfloris.eu\/da\/wp-json\/wp\/v2\/woo-feed-brand?post=5282"}],"curies":[{"name":"wp","href":"https:\/\/api.w.org\/{rel}","templated":true}]}}