{"id":5331,"date":"2022-05-18T19:41:04","date_gmt":"2022-05-18T17:41:04","guid":{"rendered":"https:\/\/fredfloris.eu\/?post_type=product&#038;p=5331"},"modified":"2024-07-23T20:28:15","modified_gmt":"2024-07-23T18:28:15","slug":"golden-shadow-swarovski-earrings","status":"publish","type":"product","link":"https:\/\/fredfloris.eu\/da\/productpage\/golden-shadow-swarovski-earrings\/","title":{"rendered":"Golden Shadow Crystal - Leverback Swarovski krystal\u00f8reringe"},"content":{"rendered":"<p><strong>Oplev den f\u00e6ngslende sk\u00f8nhed i vores gennemskinnelige dr\u00e5beslebne Swarovski krystal\u00f8reringe.<\/strong> Varme, subtile farver fylder disse krystaller, og sm\u00e5 trekanter, der er \u00e6tset ind i deres glatte overflade, fanger lyset p\u00e5 dramatisk vis. Den pr\u00e6cise geometriske form af disse gyldne dr\u00e5ber funkler p\u00e5 en \u00e6stetisk tiltalende m\u00e5de og forst\u00e6rker din huds sunde og levende udseende. Dr\u00e5beformen forl\u00e6nger halsen, indrammer dit ansigt smukt og fremh\u00e6ver glimtet i dine \u00f8jne.<\/p>\n<p><strong>Med h\u00e5ndtag i ryggen:<\/strong> Designet som en pil, der holder krystallen sikkert p\u00e5 plads og leder \u00f8jet til de bl\u00e6ndende Swarovski-krystaller. F\u00e5s i et udvalg af platin eller forgyldt sterlings\u00f8lv 925. Bagsiden bliver bredere hen mod krystallen og forst\u00e6rker Swarovski's karakteristiske glans.<\/p>\n<p><strong>Swarovski Krystaller:<\/strong> Disse solrige krystaller er valgt p\u00e5 grund af deres tidl\u00f8se design og str\u00e5lende lysreflektion og passer til alle hudtoner og ansigtsformer. Krystallerne er fremstillet i Wattens i \u00d8strig og har en lys tone, der fanger og reflekterer lyset smukt.<\/p>\n<p><strong>Perfekt til gaver:<\/strong> Disse Swarovski krystal\u00f8reringe er en ideel gave til enhver smykkeentusiast med et design af h\u00f8j kvalitet, der g\u00f8r dem til en fornem gave.<\/p>\n<p><strong>Allergivenlig:<\/strong> Overdelen er lavet af nikkelfrit sterlings\u00f8lv, hvilket sikrer, at der ikke opst\u00e5r hudirritation eller anl\u00f8bning med tiden. Dette design holder \u00f8reringene sikkert og behageligt p\u00e5 plads.<\/p>\n<p><strong>Pleje af smykker:<\/strong> Opbevar \u00f8reringene i en bl\u00f8d \u00e6ske eller taske adskilt fra andre smykker for at bevare deres uber\u00f8rte tilstand. Undg\u00e5 at uds\u00e6tte dem for kemikalier for at undg\u00e5 skader. Bel\u00e6gningen, uanset om det er platin eller guld, er sart og vil som alle bel\u00e6gninger falme med tiden. Begr\u00e6ns kontakt med kemikalier og hud for at forl\u00e6nge bel\u00e6gningens levetid.<\/p>\n<p>&nbsp;<\/p>\n<p>S\u00f8geord: Leverback Swarovski krystal \u00f8reringe, krystal dr\u00e5be \u00f8reringe, Swarovski krystal \u00f8reringe<\/p>","protected":false},"excerpt":{"rendered":"<p><strong>PRODUKTETS DIMENSIONER <\/strong>Produktets v\u00e6gt: 4 g (par)<\/p>\n<p>Krystalst\u00f8rrelse: 18 mm. Leverback H\u00f8jde: 18 mm, Bredde: 11,80 mm.<\/p>\n<p>F\u00e5s i 925 sterlings\u00f8lv med platinbel\u00e6gning\/24K guldbel\u00e6gning - 0,4 \u00b5m.<\/p>\n<pre><\/pre>\n<p>Vores erfarne partner i Polen laver \u00f8reringens base. Vi bruger 0,4 \u00b5m tykt forgyldt s\u00f8lv, da det ikke g\u00f8r smykkerne m\u00f8rke eller kedelige. Produktet har en vis modstandsdygtighed over for misfarvning, men s\u00f8rg for at f\u00f8lge vores plejeanvisninger for at forl\u00e6nge dine nye smykkers levetid.<\/p>","protected":false},"featured_media":4912,"template":"","meta":[],"pwb-brand":[204],"product_brand":[],"product_cat":[115,113,101],"product_tag":[163,165,164,195],"woo-feed-brand":[],"class_list":{"0":"post-5331","1":"product","2":"type-product","3":"status-publish","4":"has-post-thumbnail","6":"pwb-brand-fredfloris-partner","7":"product_cat-drop-earrings","8":"product_cat-earrings","9":"product_cat-jewelry","10":"product_tag-gold","11":"product_tag-platinum","12":"product_tag-silver","13":"product_tag-swarovski","14":"product_shipping_class-small-goods","15":"pa_leverback-ag-925-24k-gold-plated-04-m","16":"pa_leverback-ag-925-platinum-plated-04-m","17":"pa_swarovski-crystal-swarovski-golden-shadow-crystal-18mm","19":"first","20":"instock","21":"taxable","22":"shipping-taxable","23":"purchasable","24":"product-type-variable"},"yoast_head":"<!-- This site is optimized with the Yoast SEO plugin v27.2 - https:\/\/yoast.com\/product\/yoast-seo-wordpress\/ -->\n<title>Golden Shadow - Leverback Swarovski Crystal Earrings | FredFloris<\/title>\n<meta name=\"description\" content=\"The Golden Shadow leverback Swarovski crystal earrings creates a lovely glow around the wearer\u2019s face. These crystal drop earrings are...\" \/>\n<meta name=\"robots\" content=\"index, follow, max-snippet:-1, max-image-preview:large, max-video-preview:-1\" \/>\n<link rel=\"canonical\" href=\"https:\/\/fredfloris.eu\/da\/productpage\/golden-shadow-swarovski-earrings\/?wmc-currency=DKK\" \/>\n<meta property=\"og:locale\" content=\"da_DK\" \/>\n<meta property=\"og:type\" content=\"article\" \/>\n<meta property=\"og:title\" content=\"Golden Shadow - Leverback Swarovski Crystal Earrings | FredFloris\" \/>\n<meta property=\"og:description\" content=\"The Golden Shadow leverback Swarovski crystal earrings creates a lovely glow around the wearer\u2019s face. These crystal drop earrings are...\" \/>\n<meta property=\"og:url\" content=\"https:\/\/fredfloris.eu\/da\/productpage\/golden-shadow-swarovski-earrings\/?wmc-currency=DKK\" \/>\n<meta property=\"og:site_name\" content=\"FredFloris\" \/>\n<meta property=\"article:publisher\" content=\"https:\/\/www.facebook.com\/FredFloris.Artisan.Studio\/\" \/>\n<meta property=\"article:modified_time\" content=\"2024-07-23T18:28:15+00:00\" \/>\n<meta property=\"og:image\" content=\"https:\/\/fredfloris.eu\/wp-content\/uploads\/2022\/05\/IMG_2209-scaled.jpg\" \/>\n\t<meta property=\"og:image:width\" content=\"2560\" \/>\n\t<meta property=\"og:image:height\" content=\"1707\" \/>\n\t<meta property=\"og:image:type\" content=\"image\/jpeg\" \/>\n<meta name=\"twitter:card\" content=\"summary_large_image\" \/>\n<meta name=\"twitter:site\" content=\"@_fredfloris_\" \/>\n<meta name=\"twitter:label1\" content=\"Estimeret l\u00e6setid\" \/>\n\t<meta name=\"twitter:data1\" content=\"2 minutter\" \/>\n<script type=\"application\/ld+json\" class=\"yoast-schema-graph\">{\"@context\":\"https:\/\/schema.org\",\"@graph\":[{\"@type\":\"WebPage\",\"@id\":\"https:\/\/fredfloris.eu\/productpage\/golden-shadow-swarovski-earrings\/\",\"url\":\"https:\/\/fredfloris.eu\/productpage\/golden-shadow-swarovski-earrings\/\",\"name\":\"Golden Shadow - Leverback Swarovski Crystal Earrings | FredFloris\",\"isPartOf\":{\"@id\":\"https:\/\/fredfloris.eu\/#website\"},\"primaryImageOfPage\":{\"@id\":\"https:\/\/fredfloris.eu\/productpage\/golden-shadow-swarovski-earrings\/#primaryimage\"},\"image\":{\"@id\":\"https:\/\/fredfloris.eu\/productpage\/golden-shadow-swarovski-earrings\/#primaryimage\"},\"thumbnailUrl\":\"https:\/\/fredfloris.eu\/wp-content\/uploads\/2022\/05\/IMG_2209-scaled-e1740242692263.jpg\",\"datePublished\":\"2022-05-18T17:41:04+00:00\",\"dateModified\":\"2024-07-23T18:28:15+00:00\",\"description\":\"The Golden Shadow leverback Swarovski crystal earrings creates a lovely glow around the wearer\u2019s face. These crystal drop earrings are...\",\"breadcrumb\":{\"@id\":\"https:\/\/fredfloris.eu\/productpage\/golden-shadow-swarovski-earrings\/#breadcrumb\"},\"inLanguage\":\"da-DK\",\"potentialAction\":[{\"@type\":\"ReadAction\",\"target\":[\"https:\/\/fredfloris.eu\/productpage\/golden-shadow-swarovski-earrings\/\"]}]},{\"@type\":\"ImageObject\",\"inLanguage\":\"da-DK\",\"@id\":\"https:\/\/fredfloris.eu\/productpage\/golden-shadow-swarovski-earrings\/#primaryimage\",\"url\":\"https:\/\/fredfloris.eu\/wp-content\/uploads\/2022\/05\/IMG_2209-scaled-e1740242692263.jpg\",\"contentUrl\":\"https:\/\/fredfloris.eu\/wp-content\/uploads\/2022\/05\/IMG_2209-scaled-e1740242692263.jpg\",\"width\":1643,\"height\":1096,\"caption\":\"Product: Golden Shadow Crystal \u2013 Gold and Platinum Plated Silver\"},{\"@type\":\"BreadcrumbList\",\"@id\":\"https:\/\/fredfloris.eu\/productpage\/golden-shadow-swarovski-earrings\/#breadcrumb\",\"itemListElement\":[{\"@type\":\"ListItem\",\"position\":1,\"name\":\"Home\",\"item\":\"https:\/\/fredfloris.eu\/\"},{\"@type\":\"ListItem\",\"position\":2,\"name\":\"Shop\",\"item\":\"https:\/\/fredfloris.eu\/shop\/\"},{\"@type\":\"ListItem\",\"position\":3,\"name\":\"Golden Shadow Crystal &#8211; Leverback Swarovski Crystal Earrings\"}]},{\"@type\":\"WebSite\",\"@id\":\"https:\/\/fredfloris.eu\/#website\",\"url\":\"https:\/\/fredfloris.eu\/\",\"name\":\"FredFloris\",\"description\":\"Handcrafted Leathergoods - Made in Sweden\",\"publisher\":{\"@id\":\"https:\/\/fredfloris.eu\/#organization\"},\"potentialAction\":[{\"@type\":\"SearchAction\",\"target\":{\"@type\":\"EntryPoint\",\"urlTemplate\":\"https:\/\/fredfloris.eu\/?s={search_term_string}\"},\"query-input\":{\"@type\":\"PropertyValueSpecification\",\"valueRequired\":true,\"valueName\":\"search_term_string\"}}],\"inLanguage\":\"da-DK\"},{\"@type\":\"Organization\",\"@id\":\"https:\/\/fredfloris.eu\/#organization\",\"name\":\"FredFloris\",\"url\":\"https:\/\/fredfloris.eu\/\",\"logo\":{\"@type\":\"ImageObject\",\"inLanguage\":\"da-DK\",\"@id\":\"https:\/\/fredfloris.eu\/#\/schema\/logo\/image\/\",\"url\":\"https:\/\/fredfloris.eu\/wp-content\/uploads\/2022\/03\/FredFloris-med-hel-nal-och-text.png\",\"contentUrl\":\"https:\/\/fredfloris.eu\/wp-content\/uploads\/2022\/03\/FredFloris-med-hel-nal-och-text.png\",\"width\":591,\"height\":283,\"caption\":\"FredFloris\"},\"image\":{\"@id\":\"https:\/\/fredfloris.eu\/#\/schema\/logo\/image\/\"},\"sameAs\":[\"https:\/\/www.facebook.com\/FredFloris.Artisan.Studio\/\",\"https:\/\/x.com\/_fredfloris_\",\"https:\/\/www.instagram.com\/fredfloris.artisan.studio\/\"]}]}<\/script>\n<!-- \/ Yoast SEO plugin. -->","yoast_head_json":{"title":"Golden Shadow - Leverback Swarovski krystal\u00f8reringe | FredFloris","description":"Golden Shadow-\u00f8reringene med Swarovski-krystal skaber en dejlig gl\u00f8d omkring b\u00e6rerens ansigt. Disse dr\u00e5be\u00f8reringe i krystal er...","robots":{"index":"index","follow":"follow","max-snippet":"max-snippet:-1","max-image-preview":"max-image-preview:large","max-video-preview":"max-video-preview:-1"},"canonical":"https:\/\/fredfloris.eu\/da\/productpage\/golden-shadow-swarovski-earrings\/?wmc-currency=DKK","og_locale":"da_DK","og_type":"article","og_title":"Golden Shadow - Leverback Swarovski Crystal Earrings | FredFloris","og_description":"The Golden Shadow leverback Swarovski crystal earrings creates a lovely glow around the wearer\u2019s face. These crystal drop earrings are...","og_url":"https:\/\/fredfloris.eu\/da\/productpage\/golden-shadow-swarovski-earrings\/?wmc-currency=DKK","og_site_name":"FredFloris","article_publisher":"https:\/\/www.facebook.com\/FredFloris.Artisan.Studio\/","article_modified_time":"2024-07-23T18:28:15+00:00","og_image":[{"width":2560,"height":1707,"url":"https:\/\/fredfloris.eu\/wp-content\/uploads\/2022\/05\/IMG_2209-scaled.jpg","type":"image\/jpeg"}],"twitter_card":"summary_large_image","twitter_site":"@_fredfloris_","twitter_misc":{"Estimeret l\u00e6setid":"2 minutter"},"schema":{"@context":"https:\/\/schema.org","@graph":[{"@type":"WebPage","@id":"https:\/\/fredfloris.eu\/productpage\/golden-shadow-swarovski-earrings\/","url":"https:\/\/fredfloris.eu\/productpage\/golden-shadow-swarovski-earrings\/","name":"Golden Shadow - Leverback Swarovski krystal\u00f8reringe | FredFloris","isPartOf":{"@id":"https:\/\/fredfloris.eu\/#website"},"primaryImageOfPage":{"@id":"https:\/\/fredfloris.eu\/productpage\/golden-shadow-swarovski-earrings\/#primaryimage"},"image":{"@id":"https:\/\/fredfloris.eu\/productpage\/golden-shadow-swarovski-earrings\/#primaryimage"},"thumbnailUrl":"https:\/\/fredfloris.eu\/wp-content\/uploads\/2022\/05\/IMG_2209-scaled-e1740242692263.jpg","datePublished":"2022-05-18T17:41:04+00:00","dateModified":"2024-07-23T18:28:15+00:00","description":"Golden Shadow-\u00f8reringene med Swarovski-krystal skaber en dejlig gl\u00f8d omkring b\u00e6rerens ansigt. Disse dr\u00e5be\u00f8reringe i krystal er...","breadcrumb":{"@id":"https:\/\/fredfloris.eu\/productpage\/golden-shadow-swarovski-earrings\/#breadcrumb"},"inLanguage":"da-DK","potentialAction":[{"@type":"ReadAction","target":["https:\/\/fredfloris.eu\/productpage\/golden-shadow-swarovski-earrings\/"]}]},{"@type":"ImageObject","inLanguage":"da-DK","@id":"https:\/\/fredfloris.eu\/productpage\/golden-shadow-swarovski-earrings\/#primaryimage","url":"https:\/\/fredfloris.eu\/wp-content\/uploads\/2022\/05\/IMG_2209-scaled-e1740242692263.jpg","contentUrl":"https:\/\/fredfloris.eu\/wp-content\/uploads\/2022\/05\/IMG_2209-scaled-e1740242692263.jpg","width":1643,"height":1096,"caption":"Product: Golden Shadow Crystal \u2013 Gold and Platinum Plated Silver"},{"@type":"BreadcrumbList","@id":"https:\/\/fredfloris.eu\/productpage\/golden-shadow-swarovski-earrings\/#breadcrumb","itemListElement":[{"@type":"ListItem","position":1,"name":"Home","item":"https:\/\/fredfloris.eu\/"},{"@type":"ListItem","position":2,"name":"Shop","item":"https:\/\/fredfloris.eu\/shop\/"},{"@type":"ListItem","position":3,"name":"Golden Shadow Crystal &#8211; Leverback Swarovski Crystal Earrings"}]},{"@type":"WebSite","@id":"https:\/\/fredfloris.eu\/#website","url":"https:\/\/fredfloris.eu\/","name":"FredFloris","description":"H\u00e5ndlavede l\u00e6dert\u00f8jsprodukter - fremstillet i Sverige","publisher":{"@id":"https:\/\/fredfloris.eu\/#organization"},"potentialAction":[{"@type":"SearchAction","target":{"@type":"EntryPoint","urlTemplate":"https:\/\/fredfloris.eu\/?s={search_term_string}"},"query-input":{"@type":"PropertyValueSpecification","valueRequired":true,"valueName":"search_term_string"}}],"inLanguage":"da-DK"},{"@type":"Organization","@id":"https:\/\/fredfloris.eu\/#organization","name":"FredFloris","url":"https:\/\/fredfloris.eu\/","logo":{"@type":"ImageObject","inLanguage":"da-DK","@id":"https:\/\/fredfloris.eu\/#\/schema\/logo\/image\/","url":"https:\/\/fredfloris.eu\/wp-content\/uploads\/2022\/03\/FredFloris-med-hel-nal-och-text.png","contentUrl":"https:\/\/fredfloris.eu\/wp-content\/uploads\/2022\/03\/FredFloris-med-hel-nal-och-text.png","width":591,"height":283,"caption":"FredFloris"},"image":{"@id":"https:\/\/fredfloris.eu\/#\/schema\/logo\/image\/"},"sameAs":["https:\/\/www.facebook.com\/FredFloris.Artisan.Studio\/","https:\/\/x.com\/_fredfloris_","https:\/\/www.instagram.com\/fredfloris.artisan.studio\/"]}]}},"brands":[{"id":204,"name":"FredFloris &amp; Partner","slug":"fredfloris-partner"}],"_links":{"self":[{"href":"https:\/\/fredfloris.eu\/da\/wp-json\/wp\/v2\/product\/5331","targetHints":{"allow":["GET"]}}],"collection":[{"href":"https:\/\/fredfloris.eu\/da\/wp-json\/wp\/v2\/product"}],"about":[{"href":"https:\/\/fredfloris.eu\/da\/wp-json\/wp\/v2\/types\/product"}],"version-history":[{"count":8,"href":"https:\/\/fredfloris.eu\/da\/wp-json\/wp\/v2\/product\/5331\/revisions"}],"predecessor-version":[{"id":11585,"href":"https:\/\/fredfloris.eu\/da\/wp-json\/wp\/v2\/product\/5331\/revisions\/11585"}],"wp:featuredmedia":[{"embeddable":true,"href":"https:\/\/fredfloris.eu\/da\/wp-json\/wp\/v2\/media\/4912"}],"wp:attachment":[{"href":"https:\/\/fredfloris.eu\/da\/wp-json\/wp\/v2\/media?parent=5331"}],"wp:term":[{"taxonomy":"pwb-brand","embeddable":true,"href":"https:\/\/fredfloris.eu\/da\/wp-json\/wp\/v2\/pwb-brand?post=5331"},{"taxonomy":"product_brand","embeddable":true,"href":"https:\/\/fredfloris.eu\/da\/wp-json\/wp\/v2\/product_brand?post=5331"},{"taxonomy":"product_cat","embeddable":true,"href":"https:\/\/fredfloris.eu\/da\/wp-json\/wp\/v2\/product_cat?post=5331"},{"taxonomy":"product_tag","embeddable":true,"href":"https:\/\/fredfloris.eu\/da\/wp-json\/wp\/v2\/product_tag?post=5331"},{"taxonomy":"woo-feed-brand","embeddable":true,"href":"https:\/\/fredfloris.eu\/da\/wp-json\/wp\/v2\/woo-feed-brand?post=5331"}],"curies":[{"name":"wp","href":"https:\/\/api.w.org\/{rel}","templated":true}]}}