{"id":5348,"date":"2022-05-18T20:27:09","date_gmt":"2022-05-18T18:27:09","guid":{"rendered":"https:\/\/fredfloris.eu\/?post_type=product&#038;p=5348"},"modified":"2024-07-23T20:33:47","modified_gmt":"2024-07-23T18:33:47","slug":"crystal-golden-swarovski-earrings","status":"publish","type":"product","link":"https:\/\/fredfloris.eu\/da\/productpage\/crystal-golden-swarovski-earrings\/","title":{"rendered":"Crystal Golden - Leverback Swarovski krystal\u00f8reringe"},"content":{"rendered":"<p><strong>Oplev subtil elegance med vores Swarovski krystalgyldne dr\u00e5be\u00f8reringe.<\/strong> Dette design forl\u00e6nger ikke kun halsen, men giver ogs\u00e5 et strejf af feminin flair. Den pilformede bagside holder krystallen sikkert fast og leder \u00f8jet mod de bl\u00e6ndende Swarovski-krystaller. Bagsiden bliver bredere, n\u00e5r den n\u00e6rmer sig krystallen, hvilket forst\u00e6rker Swarovski-krystallernes karakteristiske glans og g\u00f8r disse \u00f8reringe ubesv\u00e6ret stilfulde og velegnede til enhver lejlighed.<\/p>\n<p><strong>Perfekt til forskellige lejligheder:<\/strong> Ideel til s\u00e6rlige begivenheder, aftener og hverdagsbrug. F\u00e5s i et udvalg af platinbelagt eller guldbelagt Sterling Silver 925.<\/p>\n<p><strong>Hvorfor Swarovski-krystaller:<\/strong> Vi bruger Swarovski-krystaller p\u00e5 grund af deres tidl\u00f8se design og universelle appel. Disse krystaller er kendt for deres lyse tone og enest\u00e5ende lysreflekterende egenskaber, fremstillet i Wattens, \u00d8strig.<\/p>\n<p><strong>Ideel til gaver:<\/strong> Disse \u00f8reringe er en bet\u00e6nksom gave til enhver smykkeelsker med et design af h\u00f8j kvalitet, der skiller sig ud som gave.<\/p>\n<p><strong>Allergivenlig:<\/strong> Overdelen i sterlings\u00f8lv er nikkelfri, hvilket forhindrer hudirritation og anl\u00f8bning. Lever-back-designet sikrer, at \u00f8reringene sidder sikkert p\u00e5 plads, samtidig med at de er behagelige at b\u00e6re.<\/p>\n<p><strong>Pleje af smykker:<\/strong> Opbevar \u00f8reringene i en bl\u00f8d \u00e6ske eller taske adskilt fra andre smykker for at bevare deres uber\u00f8rte tilstand. Undg\u00e5 at uds\u00e6tte dem for kemikalier for at undg\u00e5 skader. Bel\u00e6gningen, uanset om det er platin eller guld, er sart og vil som alle bel\u00e6gninger falme med tiden. Begr\u00e6ns kontakt med kemikalier og hud for at forl\u00e6nge bel\u00e6gningens levetid.<\/p>\n<p>&nbsp;<\/p>\n<p>S\u00f8geord: Swarovski krystal \u00f8reringe, Sterling s\u00f8lv \u00f8reringe, Gyldne \u00f8reringe<\/p>","protected":false},"excerpt":{"rendered":"<p><strong>PRODUKTETS DIMENSIONER <\/strong>Produktets v\u00e6gt: 6 g (par)<\/p>\n<p>Krystalst\u00f8rrelse: 18 mm. Leverback H\u00f8jde: 18 mm, Bredde: 11,80 mm.<\/p>\n<p>F\u00e5s i 925 sterlings\u00f8lv med platinbel\u00e6gning\/24K guldbel\u00e6gning - 0,4 \u00b5m.<\/p>\n<pre><\/pre>\n<p>Vores erfarne partner i Polen laver \u00f8reringens base. Vi bruger 0,4 \u00b5m tykt forgyldt s\u00f8lv, da det ikke g\u00f8r smykkerne m\u00f8rke eller kedelige. Produktet har en vis modstandsdygtighed over for misfarvning, men s\u00f8rg for at f\u00f8lge vores plejeanvisninger for at forl\u00e6nge dine nye smykkers levetid.<\/p>","protected":false},"featured_media":4836,"template":"","meta":[],"pwb-brand":[204],"product_brand":[],"product_cat":[115,113,101],"product_tag":[163,165,164,135,195],"woo-feed-brand":[],"class_list":{"0":"post-5348","1":"product","2":"type-product","3":"status-publish","4":"has-post-thumbnail","6":"pwb-brand-fredfloris-partner","7":"product_cat-drop-earrings","8":"product_cat-earrings","9":"product_cat-jewelry","10":"product_tag-gold","11":"product_tag-platinum","12":"product_tag-silver","13":"product_tag-stocked","14":"product_tag-swarovski","15":"product_shipping_class-small-goods","16":"pa_leverback-ag-925-24k-gold-plated-04-m","17":"pa_leverback-ag-925-platinum-plated-04-m","18":"pa_swarovski-crystal-swarovski-mm-180-crystal-golden-shadow-gsha","20":"first","21":"instock","22":"taxable","23":"shipping-taxable","24":"purchasable","25":"product-type-variable"},"yoast_head":"<!-- This site is optimized with the Yoast SEO plugin v27.2 - https:\/\/yoast.com\/product\/yoast-seo-wordpress\/ -->\n<title>Swarovski Crystal Drop Earrings with Sterling Silver Leverback | FredFloris<\/title>\n<meta name=\"description\" content=\"Our Swarovski crystal drop earrings are available with Platinum Plated &amp; 24K Golden Plated 925 Sterling Silver leverback. The Perfect Birthday Present!\" \/>\n<meta name=\"robots\" content=\"index, follow, max-snippet:-1, max-image-preview:large, max-video-preview:-1\" \/>\n<link rel=\"canonical\" href=\"https:\/\/fredfloris.eu\/da\/productpage\/crystal-golden-swarovski-earrings\/?wmc-currency=DKK\" \/>\n<meta property=\"og:locale\" content=\"da_DK\" \/>\n<meta property=\"og:type\" content=\"article\" \/>\n<meta property=\"og:title\" content=\"Swarovski Crystal Drop Earrings with Sterling Silver Leverback | FredFloris\" \/>\n<meta property=\"og:description\" content=\"Our Swarovski crystal drop earrings are available with Platinum Plated &amp; 24K Golden Plated 925 Sterling Silver leverback. The Perfect Birthday Present!\" \/>\n<meta property=\"og:url\" content=\"https:\/\/fredfloris.eu\/da\/productpage\/crystal-golden-swarovski-earrings\/?wmc-currency=DKK\" \/>\n<meta property=\"og:site_name\" content=\"FredFloris\" \/>\n<meta property=\"article:publisher\" content=\"https:\/\/www.facebook.com\/FredFloris.Artisan.Studio\/\" \/>\n<meta property=\"article:modified_time\" content=\"2024-07-23T18:33:47+00:00\" \/>\n<meta property=\"og:image\" content=\"https:\/\/fredfloris.eu\/wp-content\/uploads\/2022\/05\/IMG_2228-scaled.jpg\" \/>\n\t<meta property=\"og:image:width\" content=\"2560\" \/>\n\t<meta property=\"og:image:height\" content=\"1707\" \/>\n\t<meta property=\"og:image:type\" content=\"image\/jpeg\" \/>\n<meta name=\"twitter:card\" content=\"summary_large_image\" \/>\n<meta name=\"twitter:site\" content=\"@_fredfloris_\" \/>\n<meta name=\"twitter:label1\" content=\"Estimeret l\u00e6setid\" \/>\n\t<meta name=\"twitter:data1\" content=\"2 minutter\" \/>\n<script type=\"application\/ld+json\" class=\"yoast-schema-graph\">{\"@context\":\"https:\/\/schema.org\",\"@graph\":[{\"@type\":\"WebPage\",\"@id\":\"https:\/\/fredfloris.eu\/productpage\/crystal-golden-swarovski-earrings\/\",\"url\":\"https:\/\/fredfloris.eu\/productpage\/crystal-golden-swarovski-earrings\/\",\"name\":\"Swarovski Crystal Drop Earrings with Sterling Silver Leverback | FredFloris\",\"isPartOf\":{\"@id\":\"https:\/\/fredfloris.eu\/#website\"},\"primaryImageOfPage\":{\"@id\":\"https:\/\/fredfloris.eu\/productpage\/crystal-golden-swarovski-earrings\/#primaryimage\"},\"image\":{\"@id\":\"https:\/\/fredfloris.eu\/productpage\/crystal-golden-swarovski-earrings\/#primaryimage\"},\"thumbnailUrl\":\"https:\/\/fredfloris.eu\/wp-content\/uploads\/2022\/05\/IMG_2228-scaled-e1740244428667.jpg\",\"datePublished\":\"2022-05-18T18:27:09+00:00\",\"dateModified\":\"2024-07-23T18:33:47+00:00\",\"description\":\"Our Swarovski crystal drop earrings are available with Platinum Plated & 24K Golden Plated 925 Sterling Silver leverback. The Perfect Birthday Present!\",\"breadcrumb\":{\"@id\":\"https:\/\/fredfloris.eu\/productpage\/crystal-golden-swarovski-earrings\/#breadcrumb\"},\"inLanguage\":\"da-DK\",\"potentialAction\":[{\"@type\":\"ReadAction\",\"target\":[\"https:\/\/fredfloris.eu\/productpage\/crystal-golden-swarovski-earrings\/\"]}]},{\"@type\":\"ImageObject\",\"inLanguage\":\"da-DK\",\"@id\":\"https:\/\/fredfloris.eu\/productpage\/crystal-golden-swarovski-earrings\/#primaryimage\",\"url\":\"https:\/\/fredfloris.eu\/wp-content\/uploads\/2022\/05\/IMG_2228-scaled-e1740244428667.jpg\",\"contentUrl\":\"https:\/\/fredfloris.eu\/wp-content\/uploads\/2022\/05\/IMG_2228-scaled-e1740244428667.jpg\",\"width\":1574,\"height\":1050,\"caption\":\"Product: Crystal Golden \u2013 Gold and Platinum Plated Silver\"},{\"@type\":\"BreadcrumbList\",\"@id\":\"https:\/\/fredfloris.eu\/productpage\/crystal-golden-swarovski-earrings\/#breadcrumb\",\"itemListElement\":[{\"@type\":\"ListItem\",\"position\":1,\"name\":\"Home\",\"item\":\"https:\/\/fredfloris.eu\/\"},{\"@type\":\"ListItem\",\"position\":2,\"name\":\"Shop\",\"item\":\"https:\/\/fredfloris.eu\/shop\/\"},{\"@type\":\"ListItem\",\"position\":3,\"name\":\"Crystal Golden &#8211; Leverback Swarovski Crystal Earrings\"}]},{\"@type\":\"WebSite\",\"@id\":\"https:\/\/fredfloris.eu\/#website\",\"url\":\"https:\/\/fredfloris.eu\/\",\"name\":\"FredFloris\",\"description\":\"Handcrafted Leathergoods - Made in Sweden\",\"publisher\":{\"@id\":\"https:\/\/fredfloris.eu\/#organization\"},\"potentialAction\":[{\"@type\":\"SearchAction\",\"target\":{\"@type\":\"EntryPoint\",\"urlTemplate\":\"https:\/\/fredfloris.eu\/?s={search_term_string}\"},\"query-input\":{\"@type\":\"PropertyValueSpecification\",\"valueRequired\":true,\"valueName\":\"search_term_string\"}}],\"inLanguage\":\"da-DK\"},{\"@type\":\"Organization\",\"@id\":\"https:\/\/fredfloris.eu\/#organization\",\"name\":\"FredFloris\",\"url\":\"https:\/\/fredfloris.eu\/\",\"logo\":{\"@type\":\"ImageObject\",\"inLanguage\":\"da-DK\",\"@id\":\"https:\/\/fredfloris.eu\/#\/schema\/logo\/image\/\",\"url\":\"https:\/\/fredfloris.eu\/wp-content\/uploads\/2022\/03\/FredFloris-med-hel-nal-och-text.png\",\"contentUrl\":\"https:\/\/fredfloris.eu\/wp-content\/uploads\/2022\/03\/FredFloris-med-hel-nal-och-text.png\",\"width\":591,\"height\":283,\"caption\":\"FredFloris\"},\"image\":{\"@id\":\"https:\/\/fredfloris.eu\/#\/schema\/logo\/image\/\"},\"sameAs\":[\"https:\/\/www.facebook.com\/FredFloris.Artisan.Studio\/\",\"https:\/\/x.com\/_fredfloris_\",\"https:\/\/www.instagram.com\/fredfloris.artisan.studio\/\"]}]}<\/script>\n<!-- \/ Yoast SEO plugin. -->","yoast_head_json":{"title":"Swarovski krystal-dr\u00e5be\u00f8reringe med Sterling Silver Leverback | FredFloris","description":"Vores Swarovski krystal\u00f8reringe f\u00e5s med platinbelagt og 24K guldbelagt 925 sterlings\u00f8lv. Den perfekte f\u00f8dselsdagsgave!","robots":{"index":"index","follow":"follow","max-snippet":"max-snippet:-1","max-image-preview":"max-image-preview:large","max-video-preview":"max-video-preview:-1"},"canonical":"https:\/\/fredfloris.eu\/da\/productpage\/crystal-golden-swarovski-earrings\/?wmc-currency=DKK","og_locale":"da_DK","og_type":"article","og_title":"Swarovski Crystal Drop Earrings with Sterling Silver Leverback | FredFloris","og_description":"Our Swarovski crystal drop earrings are available with Platinum Plated & 24K Golden Plated 925 Sterling Silver leverback. The Perfect Birthday Present!","og_url":"https:\/\/fredfloris.eu\/da\/productpage\/crystal-golden-swarovski-earrings\/?wmc-currency=DKK","og_site_name":"FredFloris","article_publisher":"https:\/\/www.facebook.com\/FredFloris.Artisan.Studio\/","article_modified_time":"2024-07-23T18:33:47+00:00","og_image":[{"width":2560,"height":1707,"url":"https:\/\/fredfloris.eu\/wp-content\/uploads\/2022\/05\/IMG_2228-scaled.jpg","type":"image\/jpeg"}],"twitter_card":"summary_large_image","twitter_site":"@_fredfloris_","twitter_misc":{"Estimeret l\u00e6setid":"2 minutter"},"schema":{"@context":"https:\/\/schema.org","@graph":[{"@type":"WebPage","@id":"https:\/\/fredfloris.eu\/productpage\/crystal-golden-swarovski-earrings\/","url":"https:\/\/fredfloris.eu\/productpage\/crystal-golden-swarovski-earrings\/","name":"Swarovski krystal-dr\u00e5be\u00f8reringe med Sterling Silver Leverback | FredFloris","isPartOf":{"@id":"https:\/\/fredfloris.eu\/#website"},"primaryImageOfPage":{"@id":"https:\/\/fredfloris.eu\/productpage\/crystal-golden-swarovski-earrings\/#primaryimage"},"image":{"@id":"https:\/\/fredfloris.eu\/productpage\/crystal-golden-swarovski-earrings\/#primaryimage"},"thumbnailUrl":"https:\/\/fredfloris.eu\/wp-content\/uploads\/2022\/05\/IMG_2228-scaled-e1740244428667.jpg","datePublished":"2022-05-18T18:27:09+00:00","dateModified":"2024-07-23T18:33:47+00:00","description":"Vores Swarovski krystal\u00f8reringe f\u00e5s med platinbelagt og 24K guldbelagt 925 sterlings\u00f8lv. Den perfekte f\u00f8dselsdagsgave!","breadcrumb":{"@id":"https:\/\/fredfloris.eu\/productpage\/crystal-golden-swarovski-earrings\/#breadcrumb"},"inLanguage":"da-DK","potentialAction":[{"@type":"ReadAction","target":["https:\/\/fredfloris.eu\/productpage\/crystal-golden-swarovski-earrings\/"]}]},{"@type":"ImageObject","inLanguage":"da-DK","@id":"https:\/\/fredfloris.eu\/productpage\/crystal-golden-swarovski-earrings\/#primaryimage","url":"https:\/\/fredfloris.eu\/wp-content\/uploads\/2022\/05\/IMG_2228-scaled-e1740244428667.jpg","contentUrl":"https:\/\/fredfloris.eu\/wp-content\/uploads\/2022\/05\/IMG_2228-scaled-e1740244428667.jpg","width":1574,"height":1050,"caption":"Product: Crystal Golden \u2013 Gold and Platinum Plated Silver"},{"@type":"BreadcrumbList","@id":"https:\/\/fredfloris.eu\/productpage\/crystal-golden-swarovski-earrings\/#breadcrumb","itemListElement":[{"@type":"ListItem","position":1,"name":"Home","item":"https:\/\/fredfloris.eu\/"},{"@type":"ListItem","position":2,"name":"Shop","item":"https:\/\/fredfloris.eu\/shop\/"},{"@type":"ListItem","position":3,"name":"Crystal Golden &#8211; Leverback Swarovski Crystal Earrings"}]},{"@type":"WebSite","@id":"https:\/\/fredfloris.eu\/#website","url":"https:\/\/fredfloris.eu\/","name":"FredFloris","description":"H\u00e5ndlavede l\u00e6dert\u00f8jsprodukter - fremstillet i Sverige","publisher":{"@id":"https:\/\/fredfloris.eu\/#organization"},"potentialAction":[{"@type":"SearchAction","target":{"@type":"EntryPoint","urlTemplate":"https:\/\/fredfloris.eu\/?s={search_term_string}"},"query-input":{"@type":"PropertyValueSpecification","valueRequired":true,"valueName":"search_term_string"}}],"inLanguage":"da-DK"},{"@type":"Organization","@id":"https:\/\/fredfloris.eu\/#organization","name":"FredFloris","url":"https:\/\/fredfloris.eu\/","logo":{"@type":"ImageObject","inLanguage":"da-DK","@id":"https:\/\/fredfloris.eu\/#\/schema\/logo\/image\/","url":"https:\/\/fredfloris.eu\/wp-content\/uploads\/2022\/03\/FredFloris-med-hel-nal-och-text.png","contentUrl":"https:\/\/fredfloris.eu\/wp-content\/uploads\/2022\/03\/FredFloris-med-hel-nal-och-text.png","width":591,"height":283,"caption":"FredFloris"},"image":{"@id":"https:\/\/fredfloris.eu\/#\/schema\/logo\/image\/"},"sameAs":["https:\/\/www.facebook.com\/FredFloris.Artisan.Studio\/","https:\/\/x.com\/_fredfloris_","https:\/\/www.instagram.com\/fredfloris.artisan.studio\/"]}]}},"brands":[{"id":204,"name":"FredFloris &amp; Partner","slug":"fredfloris-partner"}],"_links":{"self":[{"href":"https:\/\/fredfloris.eu\/da\/wp-json\/wp\/v2\/product\/5348","targetHints":{"allow":["GET"]}}],"collection":[{"href":"https:\/\/fredfloris.eu\/da\/wp-json\/wp\/v2\/product"}],"about":[{"href":"https:\/\/fredfloris.eu\/da\/wp-json\/wp\/v2\/types\/product"}],"version-history":[{"count":10,"href":"https:\/\/fredfloris.eu\/da\/wp-json\/wp\/v2\/product\/5348\/revisions"}],"predecessor-version":[{"id":11165,"href":"https:\/\/fredfloris.eu\/da\/wp-json\/wp\/v2\/product\/5348\/revisions\/11165"}],"wp:featuredmedia":[{"embeddable":true,"href":"https:\/\/fredfloris.eu\/da\/wp-json\/wp\/v2\/media\/4836"}],"wp:attachment":[{"href":"https:\/\/fredfloris.eu\/da\/wp-json\/wp\/v2\/media?parent=5348"}],"wp:term":[{"taxonomy":"pwb-brand","embeddable":true,"href":"https:\/\/fredfloris.eu\/da\/wp-json\/wp\/v2\/pwb-brand?post=5348"},{"taxonomy":"product_brand","embeddable":true,"href":"https:\/\/fredfloris.eu\/da\/wp-json\/wp\/v2\/product_brand?post=5348"},{"taxonomy":"product_cat","embeddable":true,"href":"https:\/\/fredfloris.eu\/da\/wp-json\/wp\/v2\/product_cat?post=5348"},{"taxonomy":"product_tag","embeddable":true,"href":"https:\/\/fredfloris.eu\/da\/wp-json\/wp\/v2\/product_tag?post=5348"},{"taxonomy":"woo-feed-brand","embeddable":true,"href":"https:\/\/fredfloris.eu\/da\/wp-json\/wp\/v2\/woo-feed-brand?post=5348"}],"curies":[{"name":"wp","href":"https:\/\/api.w.org\/{rel}","templated":true}]}}