{"id":10043,"date":"2022-10-10T17:33:04","date_gmt":"2022-10-10T15:33:04","guid":{"rendered":"https:\/\/fredfloris.eu\/?post_type=product&#038;p=10043"},"modified":"2025-05-25T16:35:40","modified_gmt":"2025-05-25T14:35:40","slug":"cashmere-wool-spray","status":"publish","type":"product","link":"https:\/\/fredfloris.eu\/de\/productpage\/cashmere-wool-spray\/","title":{"rendered":"Kaschmir-\/Wollspray"},"content":{"rendered":"<p>Genie\u00dfen Sie bei jeder Anwendung unseres leicht parf\u00fcmierten Kaschmirsprays einen frischen und angenehmen Duft. Es ist in verschiedenen Duftmischungen erh\u00e4ltlich und verleiht Ihren Kleidungsst\u00fccken einen subtilen und doch erfrischenden Touch - perfekt, um Ihre Kleidung zwischen den W\u00e4schen, an k\u00fchleren Abenden oder in den Wintermonaten aufzufrischen.<\/p>\n<p>Unser Spray wird mit destilliertem Wasser, denaturiertem Alkohol und reinen \u00e4therischen \u00d6len hergestellt. Es hilft effektiv bei der Beseitigung von Ger\u00fcchen und h\u00e4lt Motten ab. So verl\u00e4ngern Sie die Lebensdauer Ihrer Lieblingskleidungsst\u00fccke aus Wolle oder Kaschmir und m\u00fcssen sie nicht so h\u00e4ufig waschen.<\/p>\n<p><strong>Verpackung:<\/strong> Das Spray befindet sich in einer 100% Flasche aus recyceltem Kunststoff (rPET), was unser Engagement f\u00fcr \u00f6kologische Nachhaltigkeit unterstreicht. Die Flasche kann nach dem Aufbrauchen des Produkts wieder recycelt werden, um die Umwelt zu schonen.<\/p>\n<p data-start=\"617\" data-end=\"640\"><strong data-start=\"617\" data-end=\"638\">Verf\u00fcgbare D\u00fcfte:<\/strong><\/p>\n<ul data-start=\"641\" data-end=\"746\">\n<li data-start=\"641\" data-end=\"685\"><strong data-start=\"643\" data-end=\"659\">Duft Nr. 1 - <\/strong>Eukalyptus &amp; Pfefferminz: Eine belebende Mischung, die einen k\u00fchlen und erfrischenden Duft verstr\u00f6mt<\/li>\n<li data-start=\"686\" data-end=\"746\"><strong data-start=\"688\" data-end=\"704\">Duft Nr. 2 - <\/strong>Lavendel, Teebaum, Bergamotte &amp; Geranie: Ziemlich kr\u00e4ftige und komplexe Mischung, blumig, krautig und leicht zitrusartig<\/li>\n<li data-start=\"686\" data-end=\"746\"><strong data-start=\"341\" data-end=\"374\">Duft Nr. 3 - <\/strong>Lavandin Super: Aromatisch mit einem beruhigenden, leicht krautigen Charakter<\/li>\n<li data-start=\"686\" data-end=\"746\"><strong data-start=\"438\" data-end=\"474\">Parf\u00fcm Nr. 4 - <\/strong>Orange &amp; Bergamotte: Hell und belebend mit einem knackigen Zitrusprofil<\/li>\n<\/ul>\n<p>&nbsp;<\/p>\n<p><strong>Produktspezifikationen:<\/strong><\/p>\n<ul>\n<li data-start=\"1139\" data-end=\"1159\"><strong data-start=\"1141\" data-end=\"1150\">Gr\u00f6\u00dfe:<\/strong> 400 ml<\/li>\n<li data-start=\"1160\" data-end=\"1235\"><strong data-start=\"1162\" data-end=\"1178\">Zutaten:<\/strong> Destilliertes Wasser, denaturierter Alkohol und \u00e4therische \u00d6le<\/li>\n<li data-start=\"1236\" data-end=\"1314\"><strong data-start=\"1238\" data-end=\"1252\">Container:<\/strong> 400 ml transparente rPET-Flasche, hergestellt aus 100% recyceltem PET<\/li>\n<\/ul>\n<p>&nbsp;<\/p>\n<p>Sch\u00fctteln Sie die Flasche vor jedem Gebrauch, damit sich die \u00e4therischen \u00d6le gleichm\u00e4\u00dfig vermischen. Dieses Spray ist so konzipiert, dass es keine Flecken auf der Kleidung hinterl\u00e4sst.<\/p>\n<p>Dieses Produkt k\u00f6nnen Sie auch als Teil unseres <a href=\"https:\/\/fredfloris.eu\/de\/productpage\/cashmere-care-kit\/?wmc-currency=EUR\">Pflegeset<\/a><\/p>\n<p>&nbsp;<\/p>\n<p>Suchbegriffe: Wolle und Kaschmir Shampoo Waschmittel<\/p>","protected":false},"excerpt":{"rendered":"<p>Gr\u00f6\u00dfe: 400 ml<\/p>\n<p>SKU: cas\/car\/spr<br \/>\nMarke: FredFloris (Hergestellt in Schweden)<\/p>","protected":false},"featured_media":11882,"template":"","meta":[],"pwb-brand":[203],"product_brand":[],"product_cat":[361,362],"product_tag":[380,135],"woo-feed-brand":[],"class_list":{"0":"post-10043","1":"product","2":"type-product","3":"status-publish","4":"has-post-thumbnail","6":"pwb-brand-fredfloris","7":"product_cat-knitwear","8":"product_cat-knitwear-care-products","9":"product_tag-knitwear-care","10":"product_tag-stocked","11":"product_shipping_class-large-goods","13":"first","14":"instock","15":"taxable","16":"shipping-taxable","17":"purchasable","18":"product-type-variable"},"yoast_head":"<!-- This site is optimized with the Yoast SEO plugin v27.2 - https:\/\/yoast.com\/product\/yoast-seo-wordpress\/ -->\n<title>Cashmere \/ Wool Spray | FredFloris<\/title>\n<meta name=\"description\" content=\"Enjoy a fresh and pleasant scent with every use of our lightly fragranced cashmere spray. Our Cashmere &amp; Wool spray is made in-house.\" \/>\n<meta name=\"robots\" content=\"index, follow, max-snippet:-1, max-image-preview:large, max-video-preview:-1\" \/>\n<link rel=\"canonical\" href=\"https:\/\/fredfloris.eu\/de\/productpage\/cashmere-wool-spray\/?wmc-currency=EUR\" \/>\n<meta property=\"og:locale\" content=\"de_DE\" \/>\n<meta property=\"og:type\" content=\"article\" \/>\n<meta property=\"og:title\" content=\"Cashmere \/ Wool Spray | FredFloris\" \/>\n<meta property=\"og:description\" content=\"Enjoy a fresh and pleasant scent with every use of our lightly fragranced cashmere spray. Our Cashmere &amp; Wool spray is made in-house.\" \/>\n<meta property=\"og:url\" content=\"https:\/\/fredfloris.eu\/de\/productpage\/cashmere-wool-spray\/?wmc-currency=EUR\" \/>\n<meta property=\"og:site_name\" content=\"FredFloris\" \/>\n<meta property=\"article:publisher\" content=\"https:\/\/www.facebook.com\/FredFloris.Artisan.Studio\/\" \/>\n<meta property=\"article:modified_time\" content=\"2025-05-25T14:35:40+00:00\" \/>\n<meta property=\"og:image\" content=\"https:\/\/fredfloris.eu\/wp-content\/uploads\/2025\/02\/IMG_6482-scaled.jpg\" \/>\n\t<meta property=\"og:image:width\" content=\"2560\" \/>\n\t<meta property=\"og:image:height\" content=\"1707\" \/>\n\t<meta property=\"og:image:type\" content=\"image\/jpeg\" \/>\n<meta name=\"twitter:card\" content=\"summary_large_image\" \/>\n<meta name=\"twitter:site\" content=\"@_fredfloris_\" \/>\n<meta name=\"twitter:label1\" content=\"Gesch\u00e4tzte Lesezeit\" \/>\n\t<meta name=\"twitter:data1\" content=\"2\u00a0Minuten\" \/>\n<script type=\"application\/ld+json\" class=\"yoast-schema-graph\">{\"@context\":\"https:\/\/schema.org\",\"@graph\":[{\"@type\":\"WebPage\",\"@id\":\"https:\/\/fredfloris.eu\/productpage\/cashmere-wool-spray\/\",\"url\":\"https:\/\/fredfloris.eu\/productpage\/cashmere-wool-spray\/\",\"name\":\"Cashmere \/ Wool Spray | FredFloris\",\"isPartOf\":{\"@id\":\"https:\/\/fredfloris.eu\/#website\"},\"primaryImageOfPage\":{\"@id\":\"https:\/\/fredfloris.eu\/productpage\/cashmere-wool-spray\/#primaryimage\"},\"image\":{\"@id\":\"https:\/\/fredfloris.eu\/productpage\/cashmere-wool-spray\/#primaryimage\"},\"thumbnailUrl\":\"https:\/\/fredfloris.eu\/wp-content\/uploads\/2025\/02\/IMG_6482-scaled.jpg\",\"datePublished\":\"2022-10-10T15:33:04+00:00\",\"dateModified\":\"2025-05-25T14:35:40+00:00\",\"description\":\"Enjoy a fresh and pleasant scent with every use of our lightly fragranced cashmere spray. Our Cashmere & Wool spray is made in-house.\",\"breadcrumb\":{\"@id\":\"https:\/\/fredfloris.eu\/productpage\/cashmere-wool-spray\/#breadcrumb\"},\"inLanguage\":\"de\",\"potentialAction\":[{\"@type\":\"ReadAction\",\"target\":[\"https:\/\/fredfloris.eu\/productpage\/cashmere-wool-spray\/\"]}]},{\"@type\":\"ImageObject\",\"inLanguage\":\"de\",\"@id\":\"https:\/\/fredfloris.eu\/productpage\/cashmere-wool-spray\/#primaryimage\",\"url\":\"https:\/\/fredfloris.eu\/wp-content\/uploads\/2025\/02\/IMG_6482-scaled.jpg\",\"contentUrl\":\"https:\/\/fredfloris.eu\/wp-content\/uploads\/2025\/02\/IMG_6482-scaled.jpg\",\"width\":2560,\"height\":1707,\"caption\":\"Product: Cashmere \/ Wool Spray\"},{\"@type\":\"BreadcrumbList\",\"@id\":\"https:\/\/fredfloris.eu\/productpage\/cashmere-wool-spray\/#breadcrumb\",\"itemListElement\":[{\"@type\":\"ListItem\",\"position\":1,\"name\":\"Home\",\"item\":\"https:\/\/fredfloris.eu\/\"},{\"@type\":\"ListItem\",\"position\":2,\"name\":\"Shop\",\"item\":\"https:\/\/fredfloris.eu\/shop\/\"},{\"@type\":\"ListItem\",\"position\":3,\"name\":\"Cashmere \/ Wool Spray\"}]},{\"@type\":\"WebSite\",\"@id\":\"https:\/\/fredfloris.eu\/#website\",\"url\":\"https:\/\/fredfloris.eu\/\",\"name\":\"FredFloris\",\"description\":\"Handcrafted Leathergoods - Made in Sweden\",\"publisher\":{\"@id\":\"https:\/\/fredfloris.eu\/#organization\"},\"potentialAction\":[{\"@type\":\"SearchAction\",\"target\":{\"@type\":\"EntryPoint\",\"urlTemplate\":\"https:\/\/fredfloris.eu\/?s={search_term_string}\"},\"query-input\":{\"@type\":\"PropertyValueSpecification\",\"valueRequired\":true,\"valueName\":\"search_term_string\"}}],\"inLanguage\":\"de\"},{\"@type\":\"Organization\",\"@id\":\"https:\/\/fredfloris.eu\/#organization\",\"name\":\"FredFloris\",\"url\":\"https:\/\/fredfloris.eu\/\",\"logo\":{\"@type\":\"ImageObject\",\"inLanguage\":\"de\",\"@id\":\"https:\/\/fredfloris.eu\/#\/schema\/logo\/image\/\",\"url\":\"https:\/\/fredfloris.eu\/wp-content\/uploads\/2022\/03\/FredFloris-med-hel-nal-och-text.png\",\"contentUrl\":\"https:\/\/fredfloris.eu\/wp-content\/uploads\/2022\/03\/FredFloris-med-hel-nal-och-text.png\",\"width\":591,\"height\":283,\"caption\":\"FredFloris\"},\"image\":{\"@id\":\"https:\/\/fredfloris.eu\/#\/schema\/logo\/image\/\"},\"sameAs\":[\"https:\/\/www.facebook.com\/FredFloris.Artisan.Studio\/\",\"https:\/\/x.com\/_fredfloris_\",\"https:\/\/www.instagram.com\/fredfloris.artisan.studio\/\"]}]}<\/script>\n<!-- \/ Yoast SEO plugin. -->","yoast_head_json":{"title":"Kaschmir \/ Wollspray | FredFloris","description":"Genie\u00dfen Sie bei jeder Anwendung unseres leicht parf\u00fcmierten Kaschmirsprays einen frischen und angenehmen Duft. Unser Cashmere &amp; Wool Spray wird im Haus hergestellt.","robots":{"index":"index","follow":"follow","max-snippet":"max-snippet:-1","max-image-preview":"max-image-preview:large","max-video-preview":"max-video-preview:-1"},"canonical":"https:\/\/fredfloris.eu\/de\/productpage\/cashmere-wool-spray\/?wmc-currency=EUR","og_locale":"de_DE","og_type":"article","og_title":"Cashmere \/ Wool Spray | FredFloris","og_description":"Enjoy a fresh and pleasant scent with every use of our lightly fragranced cashmere spray. Our Cashmere & Wool spray is made in-house.","og_url":"https:\/\/fredfloris.eu\/de\/productpage\/cashmere-wool-spray\/?wmc-currency=EUR","og_site_name":"FredFloris","article_publisher":"https:\/\/www.facebook.com\/FredFloris.Artisan.Studio\/","article_modified_time":"2025-05-25T14:35:40+00:00","og_image":[{"width":2560,"height":1707,"url":"https:\/\/fredfloris.eu\/wp-content\/uploads\/2025\/02\/IMG_6482-scaled.jpg","type":"image\/jpeg"}],"twitter_card":"summary_large_image","twitter_site":"@_fredfloris_","twitter_misc":{"Gesch\u00e4tzte Lesezeit":"2\u00a0Minuten"},"schema":{"@context":"https:\/\/schema.org","@graph":[{"@type":"WebPage","@id":"https:\/\/fredfloris.eu\/productpage\/cashmere-wool-spray\/","url":"https:\/\/fredfloris.eu\/productpage\/cashmere-wool-spray\/","name":"Kaschmir \/ Wollspray | FredFloris","isPartOf":{"@id":"https:\/\/fredfloris.eu\/#website"},"primaryImageOfPage":{"@id":"https:\/\/fredfloris.eu\/productpage\/cashmere-wool-spray\/#primaryimage"},"image":{"@id":"https:\/\/fredfloris.eu\/productpage\/cashmere-wool-spray\/#primaryimage"},"thumbnailUrl":"https:\/\/fredfloris.eu\/wp-content\/uploads\/2025\/02\/IMG_6482-scaled.jpg","datePublished":"2022-10-10T15:33:04+00:00","dateModified":"2025-05-25T14:35:40+00:00","description":"Genie\u00dfen Sie bei jeder Anwendung unseres leicht parf\u00fcmierten Kaschmirsprays einen frischen und angenehmen Duft. Unser Cashmere &amp; Wool Spray wird im Haus hergestellt.","breadcrumb":{"@id":"https:\/\/fredfloris.eu\/productpage\/cashmere-wool-spray\/#breadcrumb"},"inLanguage":"de","potentialAction":[{"@type":"ReadAction","target":["https:\/\/fredfloris.eu\/productpage\/cashmere-wool-spray\/"]}]},{"@type":"ImageObject","inLanguage":"de","@id":"https:\/\/fredfloris.eu\/productpage\/cashmere-wool-spray\/#primaryimage","url":"https:\/\/fredfloris.eu\/wp-content\/uploads\/2025\/02\/IMG_6482-scaled.jpg","contentUrl":"https:\/\/fredfloris.eu\/wp-content\/uploads\/2025\/02\/IMG_6482-scaled.jpg","width":2560,"height":1707,"caption":"Product: Cashmere \/ Wool Spray"},{"@type":"BreadcrumbList","@id":"https:\/\/fredfloris.eu\/productpage\/cashmere-wool-spray\/#breadcrumb","itemListElement":[{"@type":"ListItem","position":1,"name":"Home","item":"https:\/\/fredfloris.eu\/"},{"@type":"ListItem","position":2,"name":"Shop","item":"https:\/\/fredfloris.eu\/shop\/"},{"@type":"ListItem","position":3,"name":"Cashmere \/ Wool Spray"}]},{"@type":"WebSite","@id":"https:\/\/fredfloris.eu\/#website","url":"https:\/\/fredfloris.eu\/","name":"FredFloris","description":"Handgefertigte Lederwaren - Made in Sweden","publisher":{"@id":"https:\/\/fredfloris.eu\/#organization"},"potentialAction":[{"@type":"SearchAction","target":{"@type":"EntryPoint","urlTemplate":"https:\/\/fredfloris.eu\/?s={search_term_string}"},"query-input":{"@type":"PropertyValueSpecification","valueRequired":true,"valueName":"search_term_string"}}],"inLanguage":"de"},{"@type":"Organization","@id":"https:\/\/fredfloris.eu\/#organization","name":"FredFloris","url":"https:\/\/fredfloris.eu\/","logo":{"@type":"ImageObject","inLanguage":"de","@id":"https:\/\/fredfloris.eu\/#\/schema\/logo\/image\/","url":"https:\/\/fredfloris.eu\/wp-content\/uploads\/2022\/03\/FredFloris-med-hel-nal-och-text.png","contentUrl":"https:\/\/fredfloris.eu\/wp-content\/uploads\/2022\/03\/FredFloris-med-hel-nal-och-text.png","width":591,"height":283,"caption":"FredFloris"},"image":{"@id":"https:\/\/fredfloris.eu\/#\/schema\/logo\/image\/"},"sameAs":["https:\/\/www.facebook.com\/FredFloris.Artisan.Studio\/","https:\/\/x.com\/_fredfloris_","https:\/\/www.instagram.com\/fredfloris.artisan.studio\/"]}]}},"brands":[{"id":203,"name":"FredFloris","slug":"fredfloris"}],"_links":{"self":[{"href":"https:\/\/fredfloris.eu\/de\/wp-json\/wp\/v2\/product\/10043","targetHints":{"allow":["GET"]}}],"collection":[{"href":"https:\/\/fredfloris.eu\/de\/wp-json\/wp\/v2\/product"}],"about":[{"href":"https:\/\/fredfloris.eu\/de\/wp-json\/wp\/v2\/types\/product"}],"version-history":[{"count":20,"href":"https:\/\/fredfloris.eu\/de\/wp-json\/wp\/v2\/product\/10043\/revisions"}],"predecessor-version":[{"id":12161,"href":"https:\/\/fredfloris.eu\/de\/wp-json\/wp\/v2\/product\/10043\/revisions\/12161"}],"wp:featuredmedia":[{"embeddable":true,"href":"https:\/\/fredfloris.eu\/de\/wp-json\/wp\/v2\/media\/11882"}],"wp:attachment":[{"href":"https:\/\/fredfloris.eu\/de\/wp-json\/wp\/v2\/media?parent=10043"}],"wp:term":[{"taxonomy":"pwb-brand","embeddable":true,"href":"https:\/\/fredfloris.eu\/de\/wp-json\/wp\/v2\/pwb-brand?post=10043"},{"taxonomy":"product_brand","embeddable":true,"href":"https:\/\/fredfloris.eu\/de\/wp-json\/wp\/v2\/product_brand?post=10043"},{"taxonomy":"product_cat","embeddable":true,"href":"https:\/\/fredfloris.eu\/de\/wp-json\/wp\/v2\/product_cat?post=10043"},{"taxonomy":"product_tag","embeddable":true,"href":"https:\/\/fredfloris.eu\/de\/wp-json\/wp\/v2\/product_tag?post=10043"},{"taxonomy":"woo-feed-brand","embeddable":true,"href":"https:\/\/fredfloris.eu\/de\/wp-json\/wp\/v2\/woo-feed-brand?post=10043"}],"curies":[{"name":"wp","href":"https:\/\/api.w.org\/{rel}","templated":true}]}}