{"id":10050,"date":"2022-10-10T17:33:02","date_gmt":"2022-10-10T15:33:02","guid":{"rendered":"https:\/\/fredfloris.eu\/?post_type=product&#038;p=10050"},"modified":"2024-07-23T20:05:03","modified_gmt":"2024-07-23T18:05:03","slug":"natural-stain-removing-bile-soap","status":"publish","type":"product","link":"https:\/\/fredfloris.eu\/de\/productpage\/natural-stain-removing-bile-soap\/","title":{"rendered":"Nat\u00fcrliche fleckentfernende Gallseife"},"content":{"rendered":"<p><strong>Diese fleckenentfernende Gallseife bek\u00e4mpft effektiv \u00d6l-, Fett-, Gras- und Obstflecken. Sie ist hart zu Flecken, aber sanft zur Umwelt.<\/strong><\/p>\n<p>Die Gallseife ist eine ausgezeichnete Wahl f\u00fcr umweltbewusste Anwender. Sie enth\u00e4lt nur nat\u00fcrliche Inhaltsstoffe - keine Chemikalien, Parf\u00fcmstoffe oder Konservierungsmittel und keine genetisch ver\u00e4nderten Materialien. Diese Seife ist 100% biologisch abbaubar und als \"Good Environmental Choice\" zertifiziert, was sicherstellt, dass sie hohe Umweltstandards erf\u00fcllt. Die Seife enth\u00e4lt Palm\u00f6l, das aus Fair-Trade-Projekten in Brasilien und der Dominikanischen Republik stammt und somit nicht zur Abholzung von W\u00e4ldern beitr\u00e4gt.<\/p>\n<p>Die Haltbarkeit der Seife ist unbegrenzt, da die Rindergalle in der Formel das Wachstum von Mikroorganismen verhindert.<\/p>\n<p><strong>Wie es funktioniert:<\/strong> Die Wirksamkeit dieser Seife beruht auf Ochsengalle, einem nat\u00fcrlichen Nebenprodukt der Fleischindustrie, das sich hervorragend zum Abbau von Fetten eignet. Allein f\u00fcr die Herstellung der Gallenseife werden keine Tiere gesch\u00e4digt.<\/p>\n<p><strong>Produktspezifikationen:<\/strong><\/p>\n<ul>\n<li><strong>100% Biologisch abbaubar<\/strong><\/li>\n<li><strong>Zertifizierte gute Wahl f\u00fcr die Umwelt<\/strong><\/li>\n<li><strong>Gr\u00f6\u00dfe:<\/strong> 100g<\/li>\n<li><strong>Hergestellt in Deutschland<\/strong><\/li>\n<li><strong>Dieses Produkt wird nicht an Tieren getestet<\/strong><\/li>\n<\/ul>\n<p>&nbsp;<\/p>\n<p>Dieser Fleckenentferner ist eine verantwortungsvolle Wahl, um hartn\u00e4ckige Flecken zu bek\u00e4mpfen und gleichzeitig die Umwelt zu sch\u00fctzen.<\/p>\n<p>Dieses Produkt k\u00f6nnen Sie auch als Teil unseres <a href=\"https:\/\/fredfloris.eu\/de\/productpage\/cashmere-care-kit\/?wmc-currency=EUR\">Pflegeset<\/a><\/p>\n<p>&nbsp;<\/p>\n<p>Suchbegriffe: Mildes Wollwaschmittel, Fleckenentferner, nat\u00fcrliche Bio-Seife<\/p>","protected":false},"excerpt":{"rendered":"<p>SKU: mil\/car\/bil<br \/>\nMarke: Galltv\u00e5l Sverige AB<\/p>","protected":false},"featured_media":10020,"template":"","meta":[],"pwb-brand":[],"product_brand":[],"product_cat":[361,362],"product_tag":[380,135],"woo-feed-brand":[],"class_list":{"0":"post-10050","1":"product","2":"type-product","3":"status-publish","4":"has-post-thumbnail","6":"product_cat-knitwear","7":"product_cat-knitwear-care-products","8":"product_tag-knitwear-care","9":"product_tag-stocked","10":"product_shipping_class-midsized-goods","12":"first","13":"instock","14":"taxable","15":"shipping-taxable","16":"purchasable","17":"product-type-simple"},"yoast_head":"<!-- This site is optimized with the Yoast SEO plugin v27.2 - https:\/\/yoast.com\/product\/yoast-seo-wordpress\/ -->\n<title>Natural Stain Removing Bile Soap | FredFloris<\/title>\n<meta name=\"description\" content=\"Our Bile Soap Bar is tough on stains while staying kind on the environment. An organic and natural stain remover soap, used as a wool wash detergent.\" \/>\n<meta name=\"robots\" content=\"index, follow, max-snippet:-1, max-image-preview:large, max-video-preview:-1\" \/>\n<link rel=\"canonical\" href=\"https:\/\/fredfloris.eu\/de\/productpage\/natural-stain-removing-bile-soap\/?wmc-currency=EUR\" \/>\n<meta property=\"og:locale\" content=\"de_DE\" \/>\n<meta property=\"og:type\" content=\"article\" \/>\n<meta property=\"og:title\" content=\"Natural Stain Removing Bile Soap | FredFloris\" \/>\n<meta property=\"og:description\" content=\"Our Bile Soap Bar is tough on stains while staying kind on the environment. An organic and natural stain remover soap, used as a wool wash detergent.\" \/>\n<meta property=\"og:url\" content=\"https:\/\/fredfloris.eu\/de\/productpage\/natural-stain-removing-bile-soap\/?wmc-currency=EUR\" \/>\n<meta property=\"og:site_name\" content=\"FredFloris\" \/>\n<meta property=\"article:publisher\" content=\"https:\/\/www.facebook.com\/FredFloris.Artisan.Studio\/\" \/>\n<meta property=\"article:modified_time\" content=\"2024-07-23T18:05:03+00:00\" \/>\n<meta property=\"og:image\" content=\"https:\/\/fredfloris.eu\/wp-content\/uploads\/2022\/10\/IMG_3617-scaled.jpg\" \/>\n\t<meta property=\"og:image:width\" content=\"2560\" \/>\n\t<meta property=\"og:image:height\" content=\"1707\" \/>\n\t<meta property=\"og:image:type\" content=\"image\/jpeg\" \/>\n<meta name=\"twitter:card\" content=\"summary_large_image\" \/>\n<meta name=\"twitter:site\" content=\"@_fredfloris_\" \/>\n<meta name=\"twitter:label1\" content=\"Gesch\u00e4tzte Lesezeit\" \/>\n\t<meta name=\"twitter:data1\" content=\"2\u00a0Minuten\" \/>\n<script type=\"application\/ld+json\" class=\"yoast-schema-graph\">{\"@context\":\"https:\/\/schema.org\",\"@graph\":[{\"@type\":\"WebPage\",\"@id\":\"https:\/\/fredfloris.eu\/productpage\/natural-stain-removing-bile-soap\/\",\"url\":\"https:\/\/fredfloris.eu\/productpage\/natural-stain-removing-bile-soap\/\",\"name\":\"Natural Stain Removing Bile Soap | FredFloris\",\"isPartOf\":{\"@id\":\"https:\/\/fredfloris.eu\/#website\"},\"primaryImageOfPage\":{\"@id\":\"https:\/\/fredfloris.eu\/productpage\/natural-stain-removing-bile-soap\/#primaryimage\"},\"image\":{\"@id\":\"https:\/\/fredfloris.eu\/productpage\/natural-stain-removing-bile-soap\/#primaryimage\"},\"thumbnailUrl\":\"https:\/\/fredfloris.eu\/wp-content\/uploads\/2022\/10\/IMG_3617-scaled.jpg\",\"datePublished\":\"2022-10-10T15:33:02+00:00\",\"dateModified\":\"2024-07-23T18:05:03+00:00\",\"description\":\"Our Bile Soap Bar is tough on stains while staying kind on the environment. An organic and natural stain remover soap, used as a wool wash detergent.\",\"breadcrumb\":{\"@id\":\"https:\/\/fredfloris.eu\/productpage\/natural-stain-removing-bile-soap\/#breadcrumb\"},\"inLanguage\":\"de\",\"potentialAction\":[{\"@type\":\"ReadAction\",\"target\":[\"https:\/\/fredfloris.eu\/productpage\/natural-stain-removing-bile-soap\/\"]}]},{\"@type\":\"ImageObject\",\"inLanguage\":\"de\",\"@id\":\"https:\/\/fredfloris.eu\/productpage\/natural-stain-removing-bile-soap\/#primaryimage\",\"url\":\"https:\/\/fredfloris.eu\/wp-content\/uploads\/2022\/10\/IMG_3617-scaled.jpg\",\"contentUrl\":\"https:\/\/fredfloris.eu\/wp-content\/uploads\/2022\/10\/IMG_3617-scaled.jpg\",\"width\":2560,\"height\":1707,\"caption\":\"Product: Mild Natural Bile Soap\"},{\"@type\":\"BreadcrumbList\",\"@id\":\"https:\/\/fredfloris.eu\/productpage\/natural-stain-removing-bile-soap\/#breadcrumb\",\"itemListElement\":[{\"@type\":\"ListItem\",\"position\":1,\"name\":\"Home\",\"item\":\"https:\/\/fredfloris.eu\/\"},{\"@type\":\"ListItem\",\"position\":2,\"name\":\"Shop\",\"item\":\"https:\/\/fredfloris.eu\/shop\/\"},{\"@type\":\"ListItem\",\"position\":3,\"name\":\"Natural Stain Removing Bile Soap\"}]},{\"@type\":\"WebSite\",\"@id\":\"https:\/\/fredfloris.eu\/#website\",\"url\":\"https:\/\/fredfloris.eu\/\",\"name\":\"FredFloris\",\"description\":\"Handcrafted Leathergoods - Made in Sweden\",\"publisher\":{\"@id\":\"https:\/\/fredfloris.eu\/#organization\"},\"potentialAction\":[{\"@type\":\"SearchAction\",\"target\":{\"@type\":\"EntryPoint\",\"urlTemplate\":\"https:\/\/fredfloris.eu\/?s={search_term_string}\"},\"query-input\":{\"@type\":\"PropertyValueSpecification\",\"valueRequired\":true,\"valueName\":\"search_term_string\"}}],\"inLanguage\":\"de\"},{\"@type\":\"Organization\",\"@id\":\"https:\/\/fredfloris.eu\/#organization\",\"name\":\"FredFloris\",\"url\":\"https:\/\/fredfloris.eu\/\",\"logo\":{\"@type\":\"ImageObject\",\"inLanguage\":\"de\",\"@id\":\"https:\/\/fredfloris.eu\/#\/schema\/logo\/image\/\",\"url\":\"https:\/\/fredfloris.eu\/wp-content\/uploads\/2022\/03\/FredFloris-med-hel-nal-och-text.png\",\"contentUrl\":\"https:\/\/fredfloris.eu\/wp-content\/uploads\/2022\/03\/FredFloris-med-hel-nal-och-text.png\",\"width\":591,\"height\":283,\"caption\":\"FredFloris\"},\"image\":{\"@id\":\"https:\/\/fredfloris.eu\/#\/schema\/logo\/image\/\"},\"sameAs\":[\"https:\/\/www.facebook.com\/FredFloris.Artisan.Studio\/\",\"https:\/\/x.com\/_fredfloris_\",\"https:\/\/www.instagram.com\/fredfloris.artisan.studio\/\"]}]}<\/script>\n<!-- \/ Yoast SEO plugin. -->","yoast_head_json":{"title":"Nat\u00fcrliche Fleckenentfernende Gallenseife | FredFloris","description":"Unser Bile Soap Bar ist hartn\u00e4ckig bei Flecken und gleichzeitig umweltfreundlich. Eine organische und nat\u00fcrliche Fleckenentfernungsseife, die als Wollwaschmittel verwendet wird.","robots":{"index":"index","follow":"follow","max-snippet":"max-snippet:-1","max-image-preview":"max-image-preview:large","max-video-preview":"max-video-preview:-1"},"canonical":"https:\/\/fredfloris.eu\/de\/productpage\/natural-stain-removing-bile-soap\/?wmc-currency=EUR","og_locale":"de_DE","og_type":"article","og_title":"Natural Stain Removing Bile Soap | FredFloris","og_description":"Our Bile Soap Bar is tough on stains while staying kind on the environment. An organic and natural stain remover soap, used as a wool wash detergent.","og_url":"https:\/\/fredfloris.eu\/de\/productpage\/natural-stain-removing-bile-soap\/?wmc-currency=EUR","og_site_name":"FredFloris","article_publisher":"https:\/\/www.facebook.com\/FredFloris.Artisan.Studio\/","article_modified_time":"2024-07-23T18:05:03+00:00","og_image":[{"width":2560,"height":1707,"url":"https:\/\/fredfloris.eu\/wp-content\/uploads\/2022\/10\/IMG_3617-scaled.jpg","type":"image\/jpeg"}],"twitter_card":"summary_large_image","twitter_site":"@_fredfloris_","twitter_misc":{"Gesch\u00e4tzte Lesezeit":"2\u00a0Minuten"},"schema":{"@context":"https:\/\/schema.org","@graph":[{"@type":"WebPage","@id":"https:\/\/fredfloris.eu\/productpage\/natural-stain-removing-bile-soap\/","url":"https:\/\/fredfloris.eu\/productpage\/natural-stain-removing-bile-soap\/","name":"Nat\u00fcrliche Fleckenentfernende Gallenseife | FredFloris","isPartOf":{"@id":"https:\/\/fredfloris.eu\/#website"},"primaryImageOfPage":{"@id":"https:\/\/fredfloris.eu\/productpage\/natural-stain-removing-bile-soap\/#primaryimage"},"image":{"@id":"https:\/\/fredfloris.eu\/productpage\/natural-stain-removing-bile-soap\/#primaryimage"},"thumbnailUrl":"https:\/\/fredfloris.eu\/wp-content\/uploads\/2022\/10\/IMG_3617-scaled.jpg","datePublished":"2022-10-10T15:33:02+00:00","dateModified":"2024-07-23T18:05:03+00:00","description":"Unser Bile Soap Bar ist hartn\u00e4ckig bei Flecken und gleichzeitig umweltfreundlich. Eine organische und nat\u00fcrliche Fleckenentfernungsseife, die als Wollwaschmittel verwendet wird.","breadcrumb":{"@id":"https:\/\/fredfloris.eu\/productpage\/natural-stain-removing-bile-soap\/#breadcrumb"},"inLanguage":"de","potentialAction":[{"@type":"ReadAction","target":["https:\/\/fredfloris.eu\/productpage\/natural-stain-removing-bile-soap\/"]}]},{"@type":"ImageObject","inLanguage":"de","@id":"https:\/\/fredfloris.eu\/productpage\/natural-stain-removing-bile-soap\/#primaryimage","url":"https:\/\/fredfloris.eu\/wp-content\/uploads\/2022\/10\/IMG_3617-scaled.jpg","contentUrl":"https:\/\/fredfloris.eu\/wp-content\/uploads\/2022\/10\/IMG_3617-scaled.jpg","width":2560,"height":1707,"caption":"Product: Mild Natural Bile Soap"},{"@type":"BreadcrumbList","@id":"https:\/\/fredfloris.eu\/productpage\/natural-stain-removing-bile-soap\/#breadcrumb","itemListElement":[{"@type":"ListItem","position":1,"name":"Home","item":"https:\/\/fredfloris.eu\/"},{"@type":"ListItem","position":2,"name":"Shop","item":"https:\/\/fredfloris.eu\/shop\/"},{"@type":"ListItem","position":3,"name":"Natural Stain Removing Bile Soap"}]},{"@type":"WebSite","@id":"https:\/\/fredfloris.eu\/#website","url":"https:\/\/fredfloris.eu\/","name":"FredFloris","description":"Handgefertigte Lederwaren - Made in Sweden","publisher":{"@id":"https:\/\/fredfloris.eu\/#organization"},"potentialAction":[{"@type":"SearchAction","target":{"@type":"EntryPoint","urlTemplate":"https:\/\/fredfloris.eu\/?s={search_term_string}"},"query-input":{"@type":"PropertyValueSpecification","valueRequired":true,"valueName":"search_term_string"}}],"inLanguage":"de"},{"@type":"Organization","@id":"https:\/\/fredfloris.eu\/#organization","name":"FredFloris","url":"https:\/\/fredfloris.eu\/","logo":{"@type":"ImageObject","inLanguage":"de","@id":"https:\/\/fredfloris.eu\/#\/schema\/logo\/image\/","url":"https:\/\/fredfloris.eu\/wp-content\/uploads\/2022\/03\/FredFloris-med-hel-nal-och-text.png","contentUrl":"https:\/\/fredfloris.eu\/wp-content\/uploads\/2022\/03\/FredFloris-med-hel-nal-och-text.png","width":591,"height":283,"caption":"FredFloris"},"image":{"@id":"https:\/\/fredfloris.eu\/#\/schema\/logo\/image\/"},"sameAs":["https:\/\/www.facebook.com\/FredFloris.Artisan.Studio\/","https:\/\/x.com\/_fredfloris_","https:\/\/www.instagram.com\/fredfloris.artisan.studio\/"]}]}},"brands":[],"_links":{"self":[{"href":"https:\/\/fredfloris.eu\/de\/wp-json\/wp\/v2\/product\/10050","targetHints":{"allow":["GET"]}}],"collection":[{"href":"https:\/\/fredfloris.eu\/de\/wp-json\/wp\/v2\/product"}],"about":[{"href":"https:\/\/fredfloris.eu\/de\/wp-json\/wp\/v2\/types\/product"}],"version-history":[{"count":13,"href":"https:\/\/fredfloris.eu\/de\/wp-json\/wp\/v2\/product\/10050\/revisions"}],"predecessor-version":[{"id":11578,"href":"https:\/\/fredfloris.eu\/de\/wp-json\/wp\/v2\/product\/10050\/revisions\/11578"}],"wp:featuredmedia":[{"embeddable":true,"href":"https:\/\/fredfloris.eu\/de\/wp-json\/wp\/v2\/media\/10020"}],"wp:attachment":[{"href":"https:\/\/fredfloris.eu\/de\/wp-json\/wp\/v2\/media?parent=10050"}],"wp:term":[{"taxonomy":"pwb-brand","embeddable":true,"href":"https:\/\/fredfloris.eu\/de\/wp-json\/wp\/v2\/pwb-brand?post=10050"},{"taxonomy":"product_brand","embeddable":true,"href":"https:\/\/fredfloris.eu\/de\/wp-json\/wp\/v2\/product_brand?post=10050"},{"taxonomy":"product_cat","embeddable":true,"href":"https:\/\/fredfloris.eu\/de\/wp-json\/wp\/v2\/product_cat?post=10050"},{"taxonomy":"product_tag","embeddable":true,"href":"https:\/\/fredfloris.eu\/de\/wp-json\/wp\/v2\/product_tag?post=10050"},{"taxonomy":"woo-feed-brand","embeddable":true,"href":"https:\/\/fredfloris.eu\/de\/wp-json\/wp\/v2\/woo-feed-brand?post=10050"}],"curies":[{"name":"wp","href":"https:\/\/api.w.org\/{rel}","templated":true}]}}