{"id":10070,"date":"2022-10-10T17:31:43","date_gmt":"2022-10-10T15:31:43","guid":{"rendered":"https:\/\/fredfloris.eu\/?post_type=product&#038;p=10070"},"modified":"2024-06-24T20:32:15","modified_gmt":"2024-06-24T18:32:15","slug":"romeo-cashmere-sweater","status":"publish","type":"product","link":"https:\/\/fredfloris.eu\/de\/productpage\/romeo-cashmere-sweater\/","title":{"rendered":"Romeo - Kaschmirpullover"},"content":{"rendered":"<p><strong>Erleben Sie die Weichheit, W\u00e4rme und Leichtigkeit unseres Kaschmirpullovers. Aus feinen Garnen gefertigt, h\u00e4lt er Sie warm, ohne aufzutragen, und ist somit vielseitig f\u00fcr Business und Freizeit geeignet. Genie\u00dfen Sie den Komfort im Winter, Herbst, Fr\u00fchling und in lauen Sommern\u00e4chten. Dieser Pullover verleiht Ihrem Look einen Hauch von Luxus, w\u00e4hrend er hervorragend isoliert und einen zeitlosen Stil verk\u00f6rpert.<\/strong><\/p>\n<p><strong>Umweltvertr\u00e4glich:<\/strong> Unsere Pullover bieten nicht nur dauerhaften Stil, sondern sind auch umweltfreundlich. FredFloris hat es sich zur Aufgabe gemacht, der Fast Fashion etwas entgegenzusetzen, indem wir langlebige St\u00fccke anbieten, die Sie wertsch\u00e4tzen k\u00f6nnen. Unsere Pullover bestehen aus 100% recyceltem Kaschmir und werden von unseren Partnern in Italien verantwortungsvoll hergestellt.<\/p>\n<p><strong>Bitte beachten:<\/strong> Da unser Kaschmir recycelt wird, k\u00f6nnen die Farbnuancen von Charge zu Charge variieren, und es sind m\u00f6glicherweise nicht alle Farbt\u00f6ne jederzeit verf\u00fcgbar.<\/p>\n<p><strong>Vielseitig und unisex:<\/strong> Unsere Pullover sind in g\u00e4ngigen M\u00e4nnergr\u00f6\u00dfen konzipiert, schmeicheln aber sowohl M\u00e4nnern als auch Frauen. Sie k\u00f6nnen direkt auf der Haut oder \u00fcber einem Hemd getragen werden.<\/p>\n<p><strong>Produktspezifikationen:<\/strong><\/p>\n<ul>\n<li><strong>Vorr\u00e4tig:<\/strong> M, L, XL<\/li>\n<li><strong>Auf Bestellung gefertigt:<\/strong> S, XXL (je nach Verf\u00fcgbarkeit der Materialien kann die Lieferzeit bis zu 3 Wochen betragen)*<\/li>\n<li><strong>Farben:<\/strong> Marineblau, Hellbeige<\/li>\n<li><strong>Stil:<\/strong> Rundhalsausschnitt<\/li>\n<li><strong>Maschenweite:<\/strong> 12\/14 - Geeignet f\u00fcr ganzj\u00e4hrige Kleidung<\/li>\n<li><strong>Herkunft:<\/strong> Hergestellt in Italien<\/li>\n<li><strong>Material:<\/strong> 100% Recycelter Kaschmir<\/li>\n<\/ul>\n<p>&nbsp;<\/p>\n<p><em>*Die Gr\u00f6\u00dfen S und XXL sind auf Bestellung erh\u00e4ltlich. Die Lieferzeit betr\u00e4gt bis zu 3 Wochen, wenn die Fabrik \u00fcber die notwendigen Materialien zur Herstellung des Artikels verf\u00fcgt.<\/em><\/p>\n<p>&nbsp;<\/p>\n<p>Suchbegriffe: F\u00fcr M\u00e4nner &amp; Frauen, blau &amp; beige recycelte Kaschmirwolle Pullover<\/p>","protected":false},"excerpt":{"rendered":"<p><strong>Maschenweite: <\/strong>12\/14 - Das ganze Jahr \u00fcber<\/p>\n<p><strong>Herkunft: <\/strong>Hergestellt in Italien<\/p>","protected":false},"featured_media":10010,"template":"","meta":[],"pwb-brand":[204],"product_brand":[],"product_cat":[367,361],"product_tag":[105,135],"woo-feed-brand":[],"class_list":{"0":"post-10070","1":"product","2":"type-product","3":"status-publish","4":"has-post-thumbnail","6":"pwb-brand-fredfloris-partner","7":"product_cat-cashmere-sweater","8":"product_cat-knitwear","9":"product_tag-made-to-order","10":"product_tag-stocked","11":"product_shipping_class-large-goods","13":"first","14":"instock","15":"taxable","16":"shipping-taxable","17":"purchasable","18":"product-type-variable","19":"has-default-attributes"},"yoast_head":"<!-- This site is optimized with the Yoast SEO plugin v27.2 - https:\/\/yoast.com\/product\/yoast-seo-wordpress\/ -->\n<title>Romeo - Cashmere Sweater | FredFloris<\/title>\n<meta name=\"description\" content=\"These cashmere sweaters are made in Italy from 100% recycled cashmere. Sizes are common male sizes but these cashmere sweaters look great on men and women.\" \/>\n<meta name=\"robots\" content=\"index, follow, max-snippet:-1, max-image-preview:large, max-video-preview:-1\" \/>\n<link rel=\"canonical\" href=\"https:\/\/fredfloris.eu\/de\/productpage\/romeo-cashmere-sweater\/?wmc-currency=EUR\" \/>\n<meta property=\"og:locale\" content=\"de_DE\" \/>\n<meta property=\"og:type\" content=\"article\" \/>\n<meta property=\"og:title\" content=\"Romeo - Cashmere Sweater | FredFloris\" \/>\n<meta property=\"og:description\" content=\"These cashmere sweaters are made in Italy from 100% recycled cashmere. Sizes are common male sizes but these cashmere sweaters look great on men and women.\" \/>\n<meta property=\"og:url\" content=\"https:\/\/fredfloris.eu\/de\/productpage\/romeo-cashmere-sweater\/?wmc-currency=EUR\" \/>\n<meta property=\"og:site_name\" content=\"FredFloris\" \/>\n<meta property=\"article:publisher\" content=\"https:\/\/www.facebook.com\/FredFloris.Artisan.Studio\/\" \/>\n<meta property=\"article:modified_time\" content=\"2024-06-24T18:32:15+00:00\" \/>\n<meta property=\"og:image\" content=\"https:\/\/fredfloris.eu\/wp-content\/uploads\/2022\/10\/IMG_3645-scaled.jpg\" \/>\n\t<meta property=\"og:image:width\" content=\"2560\" \/>\n\t<meta property=\"og:image:height\" content=\"1707\" \/>\n\t<meta property=\"og:image:type\" content=\"image\/jpeg\" \/>\n<meta name=\"twitter:card\" content=\"summary_large_image\" \/>\n<meta name=\"twitter:site\" content=\"@_fredfloris_\" \/>\n<meta name=\"twitter:label1\" content=\"Gesch\u00e4tzte Lesezeit\" \/>\n\t<meta name=\"twitter:data1\" content=\"2\u00a0Minuten\" \/>\n<script type=\"application\/ld+json\" class=\"yoast-schema-graph\">{\"@context\":\"https:\/\/schema.org\",\"@graph\":[{\"@type\":\"WebPage\",\"@id\":\"https:\/\/fredfloris.eu\/productpage\/romeo-cashmere-sweater\/\",\"url\":\"https:\/\/fredfloris.eu\/productpage\/romeo-cashmere-sweater\/\",\"name\":\"Romeo - Cashmere Sweater | FredFloris\",\"isPartOf\":{\"@id\":\"https:\/\/fredfloris.eu\/#website\"},\"primaryImageOfPage\":{\"@id\":\"https:\/\/fredfloris.eu\/productpage\/romeo-cashmere-sweater\/#primaryimage\"},\"image\":{\"@id\":\"https:\/\/fredfloris.eu\/productpage\/romeo-cashmere-sweater\/#primaryimage\"},\"thumbnailUrl\":\"https:\/\/fredfloris.eu\/wp-content\/uploads\/2022\/10\/IMG_3645-scaled.jpg\",\"datePublished\":\"2022-10-10T15:31:43+00:00\",\"dateModified\":\"2024-06-24T18:32:15+00:00\",\"description\":\"These cashmere sweaters are made in Italy from 100% recycled cashmere. Sizes are common male sizes but these cashmere sweaters look great on men and women.\",\"breadcrumb\":{\"@id\":\"https:\/\/fredfloris.eu\/productpage\/romeo-cashmere-sweater\/#breadcrumb\"},\"inLanguage\":\"de\",\"potentialAction\":[{\"@type\":\"ReadAction\",\"target\":[\"https:\/\/fredfloris.eu\/productpage\/romeo-cashmere-sweater\/\"]}]},{\"@type\":\"ImageObject\",\"inLanguage\":\"de\",\"@id\":\"https:\/\/fredfloris.eu\/productpage\/romeo-cashmere-sweater\/#primaryimage\",\"url\":\"https:\/\/fredfloris.eu\/wp-content\/uploads\/2022\/10\/IMG_3645-scaled.jpg\",\"contentUrl\":\"https:\/\/fredfloris.eu\/wp-content\/uploads\/2022\/10\/IMG_3645-scaled.jpg\",\"width\":2560,\"height\":1707,\"caption\":\"Product: Romeo - Cashmere Sweater- Colour: Navy Blue & Light Beige\"},{\"@type\":\"BreadcrumbList\",\"@id\":\"https:\/\/fredfloris.eu\/productpage\/romeo-cashmere-sweater\/#breadcrumb\",\"itemListElement\":[{\"@type\":\"ListItem\",\"position\":1,\"name\":\"Home\",\"item\":\"https:\/\/fredfloris.eu\/\"},{\"@type\":\"ListItem\",\"position\":2,\"name\":\"Shop\",\"item\":\"https:\/\/fredfloris.eu\/shop\/\"},{\"@type\":\"ListItem\",\"position\":3,\"name\":\"Romeo &#8211; Cashmere Sweater\"}]},{\"@type\":\"WebSite\",\"@id\":\"https:\/\/fredfloris.eu\/#website\",\"url\":\"https:\/\/fredfloris.eu\/\",\"name\":\"FredFloris\",\"description\":\"Handcrafted Leathergoods - Made in Sweden\",\"publisher\":{\"@id\":\"https:\/\/fredfloris.eu\/#organization\"},\"potentialAction\":[{\"@type\":\"SearchAction\",\"target\":{\"@type\":\"EntryPoint\",\"urlTemplate\":\"https:\/\/fredfloris.eu\/?s={search_term_string}\"},\"query-input\":{\"@type\":\"PropertyValueSpecification\",\"valueRequired\":true,\"valueName\":\"search_term_string\"}}],\"inLanguage\":\"de\"},{\"@type\":\"Organization\",\"@id\":\"https:\/\/fredfloris.eu\/#organization\",\"name\":\"FredFloris\",\"url\":\"https:\/\/fredfloris.eu\/\",\"logo\":{\"@type\":\"ImageObject\",\"inLanguage\":\"de\",\"@id\":\"https:\/\/fredfloris.eu\/#\/schema\/logo\/image\/\",\"url\":\"https:\/\/fredfloris.eu\/wp-content\/uploads\/2022\/03\/FredFloris-med-hel-nal-och-text.png\",\"contentUrl\":\"https:\/\/fredfloris.eu\/wp-content\/uploads\/2022\/03\/FredFloris-med-hel-nal-och-text.png\",\"width\":591,\"height\":283,\"caption\":\"FredFloris\"},\"image\":{\"@id\":\"https:\/\/fredfloris.eu\/#\/schema\/logo\/image\/\"},\"sameAs\":[\"https:\/\/www.facebook.com\/FredFloris.Artisan.Studio\/\",\"https:\/\/x.com\/_fredfloris_\",\"https:\/\/www.instagram.com\/fredfloris.artisan.studio\/\"]}]}<\/script>\n<!-- \/ Yoast SEO plugin. -->","yoast_head_json":{"title":"Romeo - Kaschmirpullover | FredFloris","description":"Diese Kaschmirpullis werden in Italien aus 100% recyceltem Kaschmir hergestellt. Die Gr\u00f6\u00dfen sind \u00fcbliche M\u00e4nnergr\u00f6\u00dfen, aber diese Kaschmirpullover sehen an M\u00e4nnern und Frauen toll aus.","robots":{"index":"index","follow":"follow","max-snippet":"max-snippet:-1","max-image-preview":"max-image-preview:large","max-video-preview":"max-video-preview:-1"},"canonical":"https:\/\/fredfloris.eu\/de\/productpage\/romeo-cashmere-sweater\/?wmc-currency=EUR","og_locale":"de_DE","og_type":"article","og_title":"Romeo - Cashmere Sweater | FredFloris","og_description":"These cashmere sweaters are made in Italy from 100% recycled cashmere. Sizes are common male sizes but these cashmere sweaters look great on men and women.","og_url":"https:\/\/fredfloris.eu\/de\/productpage\/romeo-cashmere-sweater\/?wmc-currency=EUR","og_site_name":"FredFloris","article_publisher":"https:\/\/www.facebook.com\/FredFloris.Artisan.Studio\/","article_modified_time":"2024-06-24T18:32:15+00:00","og_image":[{"width":2560,"height":1707,"url":"https:\/\/fredfloris.eu\/wp-content\/uploads\/2022\/10\/IMG_3645-scaled.jpg","type":"image\/jpeg"}],"twitter_card":"summary_large_image","twitter_site":"@_fredfloris_","twitter_misc":{"Gesch\u00e4tzte Lesezeit":"2\u00a0Minuten"},"schema":{"@context":"https:\/\/schema.org","@graph":[{"@type":"WebPage","@id":"https:\/\/fredfloris.eu\/productpage\/romeo-cashmere-sweater\/","url":"https:\/\/fredfloris.eu\/productpage\/romeo-cashmere-sweater\/","name":"Romeo - Kaschmirpullover | FredFloris","isPartOf":{"@id":"https:\/\/fredfloris.eu\/#website"},"primaryImageOfPage":{"@id":"https:\/\/fredfloris.eu\/productpage\/romeo-cashmere-sweater\/#primaryimage"},"image":{"@id":"https:\/\/fredfloris.eu\/productpage\/romeo-cashmere-sweater\/#primaryimage"},"thumbnailUrl":"https:\/\/fredfloris.eu\/wp-content\/uploads\/2022\/10\/IMG_3645-scaled.jpg","datePublished":"2022-10-10T15:31:43+00:00","dateModified":"2024-06-24T18:32:15+00:00","description":"Diese Kaschmirpullis werden in Italien aus 100% recyceltem Kaschmir hergestellt. Die Gr\u00f6\u00dfen sind \u00fcbliche M\u00e4nnergr\u00f6\u00dfen, aber diese Kaschmirpullover sehen an M\u00e4nnern und Frauen toll aus.","breadcrumb":{"@id":"https:\/\/fredfloris.eu\/productpage\/romeo-cashmere-sweater\/#breadcrumb"},"inLanguage":"de","potentialAction":[{"@type":"ReadAction","target":["https:\/\/fredfloris.eu\/productpage\/romeo-cashmere-sweater\/"]}]},{"@type":"ImageObject","inLanguage":"de","@id":"https:\/\/fredfloris.eu\/productpage\/romeo-cashmere-sweater\/#primaryimage","url":"https:\/\/fredfloris.eu\/wp-content\/uploads\/2022\/10\/IMG_3645-scaled.jpg","contentUrl":"https:\/\/fredfloris.eu\/wp-content\/uploads\/2022\/10\/IMG_3645-scaled.jpg","width":2560,"height":1707,"caption":"Product: Romeo - Cashmere Sweater- Colour: Navy Blue & Light Beige"},{"@type":"BreadcrumbList","@id":"https:\/\/fredfloris.eu\/productpage\/romeo-cashmere-sweater\/#breadcrumb","itemListElement":[{"@type":"ListItem","position":1,"name":"Home","item":"https:\/\/fredfloris.eu\/"},{"@type":"ListItem","position":2,"name":"Shop","item":"https:\/\/fredfloris.eu\/shop\/"},{"@type":"ListItem","position":3,"name":"Romeo &#8211; Cashmere Sweater"}]},{"@type":"WebSite","@id":"https:\/\/fredfloris.eu\/#website","url":"https:\/\/fredfloris.eu\/","name":"FredFloris","description":"Handgefertigte Lederwaren - Made in Sweden","publisher":{"@id":"https:\/\/fredfloris.eu\/#organization"},"potentialAction":[{"@type":"SearchAction","target":{"@type":"EntryPoint","urlTemplate":"https:\/\/fredfloris.eu\/?s={search_term_string}"},"query-input":{"@type":"PropertyValueSpecification","valueRequired":true,"valueName":"search_term_string"}}],"inLanguage":"de"},{"@type":"Organization","@id":"https:\/\/fredfloris.eu\/#organization","name":"FredFloris","url":"https:\/\/fredfloris.eu\/","logo":{"@type":"ImageObject","inLanguage":"de","@id":"https:\/\/fredfloris.eu\/#\/schema\/logo\/image\/","url":"https:\/\/fredfloris.eu\/wp-content\/uploads\/2022\/03\/FredFloris-med-hel-nal-och-text.png","contentUrl":"https:\/\/fredfloris.eu\/wp-content\/uploads\/2022\/03\/FredFloris-med-hel-nal-och-text.png","width":591,"height":283,"caption":"FredFloris"},"image":{"@id":"https:\/\/fredfloris.eu\/#\/schema\/logo\/image\/"},"sameAs":["https:\/\/www.facebook.com\/FredFloris.Artisan.Studio\/","https:\/\/x.com\/_fredfloris_","https:\/\/www.instagram.com\/fredfloris.artisan.studio\/"]}]}},"brands":[{"id":204,"name":"FredFloris &amp; Partner","slug":"fredfloris-partner"}],"_links":{"self":[{"href":"https:\/\/fredfloris.eu\/de\/wp-json\/wp\/v2\/product\/10070","targetHints":{"allow":["GET"]}}],"collection":[{"href":"https:\/\/fredfloris.eu\/de\/wp-json\/wp\/v2\/product"}],"about":[{"href":"https:\/\/fredfloris.eu\/de\/wp-json\/wp\/v2\/types\/product"}],"version-history":[{"count":10,"href":"https:\/\/fredfloris.eu\/de\/wp-json\/wp\/v2\/product\/10070\/revisions"}],"predecessor-version":[{"id":11525,"href":"https:\/\/fredfloris.eu\/de\/wp-json\/wp\/v2\/product\/10070\/revisions\/11525"}],"wp:featuredmedia":[{"embeddable":true,"href":"https:\/\/fredfloris.eu\/de\/wp-json\/wp\/v2\/media\/10010"}],"wp:attachment":[{"href":"https:\/\/fredfloris.eu\/de\/wp-json\/wp\/v2\/media?parent=10070"}],"wp:term":[{"taxonomy":"pwb-brand","embeddable":true,"href":"https:\/\/fredfloris.eu\/de\/wp-json\/wp\/v2\/pwb-brand?post=10070"},{"taxonomy":"product_brand","embeddable":true,"href":"https:\/\/fredfloris.eu\/de\/wp-json\/wp\/v2\/product_brand?post=10070"},{"taxonomy":"product_cat","embeddable":true,"href":"https:\/\/fredfloris.eu\/de\/wp-json\/wp\/v2\/product_cat?post=10070"},{"taxonomy":"product_tag","embeddable":true,"href":"https:\/\/fredfloris.eu\/de\/wp-json\/wp\/v2\/product_tag?post=10070"},{"taxonomy":"woo-feed-brand","embeddable":true,"href":"https:\/\/fredfloris.eu\/de\/wp-json\/wp\/v2\/woo-feed-brand?post=10070"}],"curies":[{"name":"wp","href":"https:\/\/api.w.org\/{rel}","templated":true}]}}