{"id":10569,"date":"2023-10-27T18:14:57","date_gmt":"2023-10-27T16:14:57","guid":{"rendered":"https:\/\/fredfloris.eu\/?post_type=product&#038;p=10569"},"modified":"2024-04-29T10:04:49","modified_gmt":"2024-04-29T08:04:49","slug":"customize-the-slim-wayfarer","status":"publish","type":"product","link":"https:\/\/fredfloris.eu\/de\/productpage\/customize-the-slim-wayfarer\/","title":{"rendered":"Anpassen - The Slim Wayfarer"},"content":{"rendered":"<p>Dies ist eine Personalisierungsseite f\u00fcr <a href=\"https:\/\/fredfloris.eu\/de\/productpage\/the-slim-wayfarer\/?wmc-currency=EUR\">The Slim Wayfarer<\/a>.<\/p>\n<p>Eine umfassende Anleitung zur Verwendung des Tools finden Sie in unserem allgemeinen Leitfaden <a href=\"https:\/\/fredfloris.eu\/de\/personalize-guide\/?wmc-currency=EUR\">hier<\/a><\/p>\n<p>&nbsp;<\/p>\n<hr \/>\n<p>&nbsp;<\/p>\n<p>Die gravierbare Fl\u00e4che auf der Innenseite der Lederklappe ist etwa 5,0 x 5,5 cm gro\u00df.<\/p>\n<p>Sie bietet gen\u00fcgend Platz, um sich zu profilieren, ohne die \u00c4sthetik der Brieftasche zu beeintr\u00e4chtigen.<\/p>\n<p>&nbsp;<\/p>\n<p>Wenn Sie dieses Produkt individuell gestalten m\u00f6chten, legen Sie sowohl den Artikel als auch Ihr Design in den Warenkorb. Die Personalisierung ist kostenlos und erfolgt an der Kasse, damit wir Ihre Bestellung mit Ihrem Wunsch nach Personalisierung abgleichen k\u00f6nnen.<\/p>\n<p>Legen Sie das Produkt in den Warenkorb. Klicken Sie auf die Schaltfl\u00e4che 'Anpassen' auf der Produktseite. Dadurch werden Sie zum Design-Portal weitergeleitet. Weitere Informationen \u00fcber die Funktionsweise des Designportals <a href=\"https:\/\/fredfloris.eu\/de\/personalize-guide\/?wmc-currency=EUR\">finden Sie hier.<\/a> Wenn Sie mit dem Design zufrieden sind, f\u00fcgen Sie es Ihrem Warenkorb hinzu.<\/p>\n<p>&nbsp;<\/p>\n<hr \/>\n<p>&nbsp;<\/p>\n<p style=\"text-align: left;\">Suchen Sie nach Inspiration? Schauen Sie sich die kostenlosen Ressourcen unter <a href=\"https:\/\/openclipart.org\/\" target=\"_new\" rel=\"noopener\">Clip-Art \u00f6ffnen<\/a>, wo Sie eine Vielzahl von Bildern finden, die sich f\u00fcr die Lasergravur eignen.<\/p>\n<p>Wenn Sie Fragen zu Ihrer Lasergravur-Anfrage haben, z\u00f6gern Sie nicht, uns zu kontaktieren.<\/p>","protected":false},"excerpt":{"rendered":"<p>Bei diesem Produkt k\u00f6nnen Sie eine Lasergravur auf der Innenseite der Klappe anbringen lassen.<\/p>\n<p>Einige Produktdesigns k\u00f6nnen rote Linien aufweisen. Bitte legen Sie nichts auf diese Linien, da sie N\u00e4hte und andere Dinge anzeigen.<\/p>","protected":false},"featured_media":10571,"template":"","meta":[],"pwb-brand":[203],"product_brand":[],"product_cat":[15],"product_tag":[],"woo-feed-brand":[],"class_list":{"0":"post-10569","1":"product","2":"type-product","3":"status-publish","4":"has-post-thumbnail","6":"pwb-brand-fredfloris","7":"product_cat-uncategorized","9":"first","10":"instock","11":"taxable","12":"shipping-taxable","13":"purchasable","14":"product-type-simple"},"yoast_head":"<!-- This site is optimized with the Yoast SEO plugin v27.2 - https:\/\/yoast.com\/product\/yoast-seo-wordpress\/ -->\n<title>Customize - The Slim Wayfarer | FredFloris<\/title>\n<meta name=\"robots\" content=\"index, follow, max-snippet:-1, max-image-preview:large, max-video-preview:-1\" \/>\n<link rel=\"canonical\" href=\"https:\/\/fredfloris.eu\/de\/productpage\/customize-the-slim-wayfarer\/?wmc-currency=EUR\" \/>\n<meta property=\"og:locale\" content=\"de_DE\" \/>\n<meta property=\"og:type\" content=\"article\" \/>\n<meta property=\"og:title\" content=\"Customize - The Slim Wayfarer | FredFloris\" \/>\n<meta property=\"og:description\" content=\"On this product you may choose to do a laser engraving on the inside of the flap.  Some product designs may show red lines please do not place anything on these as they indicate stitching lines and other things.\" \/>\n<meta property=\"og:url\" content=\"https:\/\/fredfloris.eu\/de\/productpage\/customize-the-slim-wayfarer\/?wmc-currency=EUR\" \/>\n<meta property=\"og:site_name\" content=\"FredFloris\" \/>\n<meta property=\"article:publisher\" content=\"https:\/\/www.facebook.com\/FredFloris.Artisan.Studio\/\" \/>\n<meta property=\"article:modified_time\" content=\"2024-04-29T08:04:49+00:00\" \/>\n<meta property=\"og:image\" content=\"https:\/\/fredfloris.eu\/wp-content\/uploads\/2023\/10\/Wallet-3-scaled.jpg\" \/>\n\t<meta property=\"og:image:width\" content=\"2560\" \/>\n\t<meta property=\"og:image:height\" content=\"1954\" \/>\n\t<meta property=\"og:image:type\" content=\"image\/jpeg\" \/>\n<meta name=\"twitter:card\" content=\"summary_large_image\" \/>\n<meta name=\"twitter:site\" content=\"@_fredfloris_\" \/>\n<meta name=\"twitter:label1\" content=\"Gesch\u00e4tzte Lesezeit\" \/>\n\t<meta name=\"twitter:data1\" content=\"2\u00a0Minuten\" \/>\n<script type=\"application\/ld+json\" class=\"yoast-schema-graph\">{\"@context\":\"https:\/\/schema.org\",\"@graph\":[{\"@type\":\"WebPage\",\"@id\":\"https:\/\/fredfloris.eu\/productpage\/customize-the-slim-wayfarer\/\",\"url\":\"https:\/\/fredfloris.eu\/productpage\/customize-the-slim-wayfarer\/\",\"name\":\"Customize - The Slim Wayfarer | FredFloris\",\"isPartOf\":{\"@id\":\"https:\/\/fredfloris.eu\/#website\"},\"primaryImageOfPage\":{\"@id\":\"https:\/\/fredfloris.eu\/productpage\/customize-the-slim-wayfarer\/#primaryimage\"},\"image\":{\"@id\":\"https:\/\/fredfloris.eu\/productpage\/customize-the-slim-wayfarer\/#primaryimage\"},\"thumbnailUrl\":\"https:\/\/fredfloris.eu\/wp-content\/uploads\/2023\/10\/Wallet-3-scaled.jpg\",\"datePublished\":\"2023-10-27T16:14:57+00:00\",\"dateModified\":\"2024-04-29T08:04:49+00:00\",\"breadcrumb\":{\"@id\":\"https:\/\/fredfloris.eu\/productpage\/customize-the-slim-wayfarer\/#breadcrumb\"},\"inLanguage\":\"de\",\"potentialAction\":[{\"@type\":\"ReadAction\",\"target\":[\"https:\/\/fredfloris.eu\/productpage\/customize-the-slim-wayfarer\/\"]}]},{\"@type\":\"ImageObject\",\"inLanguage\":\"de\",\"@id\":\"https:\/\/fredfloris.eu\/productpage\/customize-the-slim-wayfarer\/#primaryimage\",\"url\":\"https:\/\/fredfloris.eu\/wp-content\/uploads\/2023\/10\/Wallet-3-scaled.jpg\",\"contentUrl\":\"https:\/\/fredfloris.eu\/wp-content\/uploads\/2023\/10\/Wallet-3-scaled.jpg\",\"width\":2560,\"height\":1954},{\"@type\":\"BreadcrumbList\",\"@id\":\"https:\/\/fredfloris.eu\/productpage\/customize-the-slim-wayfarer\/#breadcrumb\",\"itemListElement\":[{\"@type\":\"ListItem\",\"position\":1,\"name\":\"Home\",\"item\":\"https:\/\/fredfloris.eu\/\"},{\"@type\":\"ListItem\",\"position\":2,\"name\":\"Shop\",\"item\":\"https:\/\/fredfloris.eu\/shop\/\"},{\"@type\":\"ListItem\",\"position\":3,\"name\":\"Customize &#8211; The Slim Wayfarer\"}]},{\"@type\":\"WebSite\",\"@id\":\"https:\/\/fredfloris.eu\/#website\",\"url\":\"https:\/\/fredfloris.eu\/\",\"name\":\"FredFloris\",\"description\":\"Handcrafted Leathergoods - Made in Sweden\",\"publisher\":{\"@id\":\"https:\/\/fredfloris.eu\/#organization\"},\"potentialAction\":[{\"@type\":\"SearchAction\",\"target\":{\"@type\":\"EntryPoint\",\"urlTemplate\":\"https:\/\/fredfloris.eu\/?s={search_term_string}\"},\"query-input\":{\"@type\":\"PropertyValueSpecification\",\"valueRequired\":true,\"valueName\":\"search_term_string\"}}],\"inLanguage\":\"de\"},{\"@type\":\"Organization\",\"@id\":\"https:\/\/fredfloris.eu\/#organization\",\"name\":\"FredFloris\",\"url\":\"https:\/\/fredfloris.eu\/\",\"logo\":{\"@type\":\"ImageObject\",\"inLanguage\":\"de\",\"@id\":\"https:\/\/fredfloris.eu\/#\/schema\/logo\/image\/\",\"url\":\"https:\/\/fredfloris.eu\/wp-content\/uploads\/2022\/03\/FredFloris-med-hel-nal-och-text.png\",\"contentUrl\":\"https:\/\/fredfloris.eu\/wp-content\/uploads\/2022\/03\/FredFloris-med-hel-nal-och-text.png\",\"width\":591,\"height\":283,\"caption\":\"FredFloris\"},\"image\":{\"@id\":\"https:\/\/fredfloris.eu\/#\/schema\/logo\/image\/\"},\"sameAs\":[\"https:\/\/www.facebook.com\/FredFloris.Artisan.Studio\/\",\"https:\/\/x.com\/_fredfloris_\",\"https:\/\/www.instagram.com\/fredfloris.artisan.studio\/\"]}]}<\/script>\n<!-- \/ Yoast SEO plugin. -->","yoast_head_json":{"title":"Anpassen - The Slim Wayfarer | FredFloris","robots":{"index":"index","follow":"follow","max-snippet":"max-snippet:-1","max-image-preview":"max-image-preview:large","max-video-preview":"max-video-preview:-1"},"canonical":"https:\/\/fredfloris.eu\/de\/productpage\/customize-the-slim-wayfarer\/?wmc-currency=EUR","og_locale":"de_DE","og_type":"article","og_title":"Customize - The Slim Wayfarer | FredFloris","og_description":"On this product you may choose to do a laser engraving on the inside of the flap.  Some product designs may show red lines please do not place anything on these as they indicate stitching lines and other things.","og_url":"https:\/\/fredfloris.eu\/de\/productpage\/customize-the-slim-wayfarer\/?wmc-currency=EUR","og_site_name":"FredFloris","article_publisher":"https:\/\/www.facebook.com\/FredFloris.Artisan.Studio\/","article_modified_time":"2024-04-29T08:04:49+00:00","og_image":[{"width":2560,"height":1954,"url":"https:\/\/fredfloris.eu\/wp-content\/uploads\/2023\/10\/Wallet-3-scaled.jpg","type":"image\/jpeg"}],"twitter_card":"summary_large_image","twitter_site":"@_fredfloris_","twitter_misc":{"Gesch\u00e4tzte Lesezeit":"2\u00a0Minuten"},"schema":{"@context":"https:\/\/schema.org","@graph":[{"@type":"WebPage","@id":"https:\/\/fredfloris.eu\/productpage\/customize-the-slim-wayfarer\/","url":"https:\/\/fredfloris.eu\/productpage\/customize-the-slim-wayfarer\/","name":"Anpassen - The Slim Wayfarer | FredFloris","isPartOf":{"@id":"https:\/\/fredfloris.eu\/#website"},"primaryImageOfPage":{"@id":"https:\/\/fredfloris.eu\/productpage\/customize-the-slim-wayfarer\/#primaryimage"},"image":{"@id":"https:\/\/fredfloris.eu\/productpage\/customize-the-slim-wayfarer\/#primaryimage"},"thumbnailUrl":"https:\/\/fredfloris.eu\/wp-content\/uploads\/2023\/10\/Wallet-3-scaled.jpg","datePublished":"2023-10-27T16:14:57+00:00","dateModified":"2024-04-29T08:04:49+00:00","breadcrumb":{"@id":"https:\/\/fredfloris.eu\/productpage\/customize-the-slim-wayfarer\/#breadcrumb"},"inLanguage":"de","potentialAction":[{"@type":"ReadAction","target":["https:\/\/fredfloris.eu\/productpage\/customize-the-slim-wayfarer\/"]}]},{"@type":"ImageObject","inLanguage":"de","@id":"https:\/\/fredfloris.eu\/productpage\/customize-the-slim-wayfarer\/#primaryimage","url":"https:\/\/fredfloris.eu\/wp-content\/uploads\/2023\/10\/Wallet-3-scaled.jpg","contentUrl":"https:\/\/fredfloris.eu\/wp-content\/uploads\/2023\/10\/Wallet-3-scaled.jpg","width":2560,"height":1954},{"@type":"BreadcrumbList","@id":"https:\/\/fredfloris.eu\/productpage\/customize-the-slim-wayfarer\/#breadcrumb","itemListElement":[{"@type":"ListItem","position":1,"name":"Home","item":"https:\/\/fredfloris.eu\/"},{"@type":"ListItem","position":2,"name":"Shop","item":"https:\/\/fredfloris.eu\/shop\/"},{"@type":"ListItem","position":3,"name":"Customize &#8211; The Slim Wayfarer"}]},{"@type":"WebSite","@id":"https:\/\/fredfloris.eu\/#website","url":"https:\/\/fredfloris.eu\/","name":"FredFloris","description":"Handgefertigte Lederwaren - Made in Sweden","publisher":{"@id":"https:\/\/fredfloris.eu\/#organization"},"potentialAction":[{"@type":"SearchAction","target":{"@type":"EntryPoint","urlTemplate":"https:\/\/fredfloris.eu\/?s={search_term_string}"},"query-input":{"@type":"PropertyValueSpecification","valueRequired":true,"valueName":"search_term_string"}}],"inLanguage":"de"},{"@type":"Organization","@id":"https:\/\/fredfloris.eu\/#organization","name":"FredFloris","url":"https:\/\/fredfloris.eu\/","logo":{"@type":"ImageObject","inLanguage":"de","@id":"https:\/\/fredfloris.eu\/#\/schema\/logo\/image\/","url":"https:\/\/fredfloris.eu\/wp-content\/uploads\/2022\/03\/FredFloris-med-hel-nal-och-text.png","contentUrl":"https:\/\/fredfloris.eu\/wp-content\/uploads\/2022\/03\/FredFloris-med-hel-nal-och-text.png","width":591,"height":283,"caption":"FredFloris"},"image":{"@id":"https:\/\/fredfloris.eu\/#\/schema\/logo\/image\/"},"sameAs":["https:\/\/www.facebook.com\/FredFloris.Artisan.Studio\/","https:\/\/x.com\/_fredfloris_","https:\/\/www.instagram.com\/fredfloris.artisan.studio\/"]}]}},"brands":[{"id":203,"name":"FredFloris","slug":"fredfloris"}],"_links":{"self":[{"href":"https:\/\/fredfloris.eu\/de\/wp-json\/wp\/v2\/product\/10569","targetHints":{"allow":["GET"]}}],"collection":[{"href":"https:\/\/fredfloris.eu\/de\/wp-json\/wp\/v2\/product"}],"about":[{"href":"https:\/\/fredfloris.eu\/de\/wp-json\/wp\/v2\/types\/product"}],"version-history":[{"count":27,"href":"https:\/\/fredfloris.eu\/de\/wp-json\/wp\/v2\/product\/10569\/revisions"}],"predecessor-version":[{"id":11339,"href":"https:\/\/fredfloris.eu\/de\/wp-json\/wp\/v2\/product\/10569\/revisions\/11339"}],"wp:featuredmedia":[{"embeddable":true,"href":"https:\/\/fredfloris.eu\/de\/wp-json\/wp\/v2\/media\/10571"}],"wp:attachment":[{"href":"https:\/\/fredfloris.eu\/de\/wp-json\/wp\/v2\/media?parent=10569"}],"wp:term":[{"taxonomy":"pwb-brand","embeddable":true,"href":"https:\/\/fredfloris.eu\/de\/wp-json\/wp\/v2\/pwb-brand?post=10569"},{"taxonomy":"product_brand","embeddable":true,"href":"https:\/\/fredfloris.eu\/de\/wp-json\/wp\/v2\/product_brand?post=10569"},{"taxonomy":"product_cat","embeddable":true,"href":"https:\/\/fredfloris.eu\/de\/wp-json\/wp\/v2\/product_cat?post=10569"},{"taxonomy":"product_tag","embeddable":true,"href":"https:\/\/fredfloris.eu\/de\/wp-json\/wp\/v2\/product_tag?post=10569"},{"taxonomy":"woo-feed-brand","embeddable":true,"href":"https:\/\/fredfloris.eu\/de\/wp-json\/wp\/v2\/woo-feed-brand?post=10569"}],"curies":[{"name":"wp","href":"https:\/\/api.w.org\/{rel}","templated":true}]}}