{"id":10605,"date":"2023-10-30T22:16:47","date_gmt":"2023-10-30T20:16:47","guid":{"rendered":"https:\/\/fredfloris.eu\/?post_type=product&#038;p=10605"},"modified":"2024-06-13T18:14:27","modified_gmt":"2024-06-13T16:14:27","slug":"customize-carl-gustaf-hard-glasses-cases","status":"publish","type":"product","link":"https:\/\/fredfloris.eu\/de\/productpage\/customize-carl-gustaf-hard-glasses-cases\/","title":{"rendered":"Anpassen - Carl-Gustaf - Brillenetuis"},"content":{"rendered":"<p>Dies ist eine Personalisierungsseite f\u00fcr <a href=\"https:\/\/fredfloris.eu\/de\/productpage\/cg-hard-glasses-cases\/?wmc-currency=EUR\">Carl-Gustaf - Brillenetuis<\/a><\/p>\n<p>Eine umfassende Anleitung zur Verwendung des Tools finden Sie in unserem allgemeinen Leitfaden <a href=\"https:\/\/fredfloris.eu\/de\/personalize-guide\/?wmc-currency=EUR\">hier<\/a><\/p>\n<p>&nbsp;<\/p>\n<p>Wenn Sie dieses Produkt individuell gestalten m\u00f6chten, legen Sie sowohl den Artikel als auch Ihr Design in den Warenkorb. Die Personalisierung ist kostenlos und erfolgt an der Kasse, damit wir Ihre Bestellung mit Ihrem Wunsch nach Personalisierung abgleichen k\u00f6nnen.<\/p>\n<p>Legen Sie das Produkt in den Warenkorb. Klicken Sie auf die Schaltfl\u00e4che 'Anpassen' auf der Produktseite. Dadurch werden Sie zum Design-Portal weitergeleitet. Weitere Informationen \u00fcber die Funktionsweise des Designportals <a href=\"https:\/\/fredfloris.eu\/de\/personalize-guide\/?wmc-currency=EUR\">finden Sie hier.<\/a> Wenn Sie mit dem Design zufrieden sind, f\u00fcgen Sie es Ihrem Warenkorb hinzu.<\/p>\n<p>&nbsp;<\/p>\n<hr \/>\n<p>&nbsp;<\/p>\n<p style=\"text-align: left;\">Suchen Sie nach Inspiration? Schauen Sie sich die kostenlosen Ressourcen unter <a href=\"https:\/\/openclipart.org\/\" target=\"_new\" rel=\"noopener\">Clip-Art \u00f6ffnen<\/a>, wo Sie eine Vielzahl von Bildern finden, die sich f\u00fcr die Lasergravur eignen.<\/p>\n<p>Wenn Sie Fragen zu Ihrer Lasergravur-Anfrage haben, z\u00f6gern Sie nicht, uns zu kontaktieren.<\/p>","protected":false},"excerpt":{"rendered":"<p>Bei diesem Produkt k\u00f6nnen Sie zwischen einer Lasergravur und einem Hei\u00dfpr\u00e4gedruck auf einer Vielzahl von Platzierungsm\u00f6glichkeiten auf dem Produkt w\u00e4hlen.<\/p>\n<p>Einige Produktdesigns k\u00f6nnen rote Linien aufweisen. Bitte legen Sie nichts auf diese Linien, da sie N\u00e4hte und andere Dinge anzeigen.<\/p>","protected":false},"featured_media":10607,"template":"","meta":[],"pwb-brand":[],"product_brand":[],"product_cat":[15],"product_tag":[205,105],"woo-feed-brand":[],"class_list":{"0":"post-10605","1":"product","2":"type-product","3":"status-publish","4":"has-post-thumbnail","6":"product_cat-uncategorized","7":"product_tag-customize","8":"product_tag-made-to-order","10":"first","11":"instock","12":"taxable","13":"shipping-taxable","14":"purchasable","15":"product-type-simple"},"yoast_head":"<!-- This site is optimized with the Yoast SEO plugin v27.2 - https:\/\/yoast.com\/product\/yoast-seo-wordpress\/ -->\n<title>Customize \u2013 Carl-Gustaf \u2013 Glasses Cases | FredFloris<\/title>\n<meta name=\"robots\" content=\"noindex, follow\" \/>\n<meta property=\"og:locale\" content=\"de_DE\" \/>\n<meta property=\"og:type\" content=\"article\" \/>\n<meta property=\"og:title\" content=\"Customize \u2013 Carl-Gustaf \u2013 Glasses Cases | FredFloris\" \/>\n<meta property=\"og:description\" content=\"On this product you may choose between a laser engraving and a heat press option on a wide alternative of placement on the product.  Some product designs may show red lines please do not place anything on these as they indicate stitching lines and other things.\" \/>\n<meta property=\"og:url\" content=\"https:\/\/fredfloris.eu\/de\/productpage\/customize-carl-gustaf-hard-glasses-cases\/?wmc-currency=EUR\" \/>\n<meta property=\"og:site_name\" content=\"FredFloris\" \/>\n<meta property=\"article:publisher\" content=\"https:\/\/www.facebook.com\/FredFloris.Artisan.Studio\/\" \/>\n<meta property=\"article:modified_time\" content=\"2024-06-13T16:14:27+00:00\" \/>\n<meta property=\"og:image\" content=\"https:\/\/fredfloris.eu\/wp-content\/uploads\/2023\/10\/Glasses-case-2-Front-scaled.jpg\" \/>\n\t<meta property=\"og:image:width\" content=\"1810\" \/>\n\t<meta property=\"og:image:height\" content=\"2560\" \/>\n\t<meta property=\"og:image:type\" content=\"image\/jpeg\" \/>\n<meta name=\"twitter:card\" content=\"summary_large_image\" \/>\n<meta name=\"twitter:site\" content=\"@_fredfloris_\" \/>\n<meta name=\"twitter:label1\" content=\"Gesch\u00e4tzte Lesezeit\" \/>\n\t<meta name=\"twitter:data1\" content=\"1\u00a0Minute\" \/>\n<script type=\"application\/ld+json\" class=\"yoast-schema-graph\">{\"@context\":\"https:\/\/schema.org\",\"@graph\":[{\"@type\":\"WebPage\",\"@id\":\"https:\/\/fredfloris.eu\/productpage\/customize-carl-gustaf-hard-glasses-cases\/\",\"url\":\"https:\/\/fredfloris.eu\/productpage\/customize-carl-gustaf-hard-glasses-cases\/\",\"name\":\"Customize \u2013 Carl-Gustaf \u2013 Glasses Cases | FredFloris\",\"isPartOf\":{\"@id\":\"https:\/\/fredfloris.eu\/#website\"},\"primaryImageOfPage\":{\"@id\":\"https:\/\/fredfloris.eu\/productpage\/customize-carl-gustaf-hard-glasses-cases\/#primaryimage\"},\"image\":{\"@id\":\"https:\/\/fredfloris.eu\/productpage\/customize-carl-gustaf-hard-glasses-cases\/#primaryimage\"},\"thumbnailUrl\":\"https:\/\/fredfloris.eu\/wp-content\/uploads\/2023\/10\/Glasses-case-2-Front-scaled.jpg\",\"datePublished\":\"2023-10-30T20:16:47+00:00\",\"dateModified\":\"2024-06-13T16:14:27+00:00\",\"breadcrumb\":{\"@id\":\"https:\/\/fredfloris.eu\/productpage\/customize-carl-gustaf-hard-glasses-cases\/#breadcrumb\"},\"inLanguage\":\"de\",\"potentialAction\":[{\"@type\":\"ReadAction\",\"target\":[\"https:\/\/fredfloris.eu\/productpage\/customize-carl-gustaf-hard-glasses-cases\/\"]}]},{\"@type\":\"ImageObject\",\"inLanguage\":\"de\",\"@id\":\"https:\/\/fredfloris.eu\/productpage\/customize-carl-gustaf-hard-glasses-cases\/#primaryimage\",\"url\":\"https:\/\/fredfloris.eu\/wp-content\/uploads\/2023\/10\/Glasses-case-2-Front-scaled.jpg\",\"contentUrl\":\"https:\/\/fredfloris.eu\/wp-content\/uploads\/2023\/10\/Glasses-case-2-Front-scaled.jpg\",\"width\":1810,\"height\":2560,\"caption\":\"Product: Carl-Gustaf - Hard Glasses Cases, Customize Image Template.\"},{\"@type\":\"BreadcrumbList\",\"@id\":\"https:\/\/fredfloris.eu\/productpage\/customize-carl-gustaf-hard-glasses-cases\/#breadcrumb\",\"itemListElement\":[{\"@type\":\"ListItem\",\"position\":1,\"name\":\"Home\",\"item\":\"https:\/\/fredfloris.eu\/\"},{\"@type\":\"ListItem\",\"position\":2,\"name\":\"Shop\",\"item\":\"https:\/\/fredfloris.eu\/shop\/\"},{\"@type\":\"ListItem\",\"position\":3,\"name\":\"Customize \u2013 Carl-Gustaf \u2013 Glasses Cases\"}]},{\"@type\":\"WebSite\",\"@id\":\"https:\/\/fredfloris.eu\/#website\",\"url\":\"https:\/\/fredfloris.eu\/\",\"name\":\"FredFloris\",\"description\":\"Handcrafted Leathergoods - Made in Sweden\",\"publisher\":{\"@id\":\"https:\/\/fredfloris.eu\/#organization\"},\"potentialAction\":[{\"@type\":\"SearchAction\",\"target\":{\"@type\":\"EntryPoint\",\"urlTemplate\":\"https:\/\/fredfloris.eu\/?s={search_term_string}\"},\"query-input\":{\"@type\":\"PropertyValueSpecification\",\"valueRequired\":true,\"valueName\":\"search_term_string\"}}],\"inLanguage\":\"de\"},{\"@type\":\"Organization\",\"@id\":\"https:\/\/fredfloris.eu\/#organization\",\"name\":\"FredFloris\",\"url\":\"https:\/\/fredfloris.eu\/\",\"logo\":{\"@type\":\"ImageObject\",\"inLanguage\":\"de\",\"@id\":\"https:\/\/fredfloris.eu\/#\/schema\/logo\/image\/\",\"url\":\"https:\/\/fredfloris.eu\/wp-content\/uploads\/2022\/03\/FredFloris-med-hel-nal-och-text.png\",\"contentUrl\":\"https:\/\/fredfloris.eu\/wp-content\/uploads\/2022\/03\/FredFloris-med-hel-nal-och-text.png\",\"width\":591,\"height\":283,\"caption\":\"FredFloris\"},\"image\":{\"@id\":\"https:\/\/fredfloris.eu\/#\/schema\/logo\/image\/\"},\"sameAs\":[\"https:\/\/www.facebook.com\/FredFloris.Artisan.Studio\/\",\"https:\/\/x.com\/_fredfloris_\",\"https:\/\/www.instagram.com\/fredfloris.artisan.studio\/\"]}]}<\/script>\n<!-- \/ Yoast SEO plugin. -->","yoast_head_json":{"title":"Anpassen - Carl-Gustaf - Brillenetuis | FredFloris","robots":{"index":"noindex","follow":"follow"},"og_locale":"de_DE","og_type":"article","og_title":"Customize \u2013 Carl-Gustaf \u2013 Glasses Cases | FredFloris","og_description":"On this product you may choose between a laser engraving and a heat press option on a wide alternative of placement on the product.  Some product designs may show red lines please do not place anything on these as they indicate stitching lines and other things.","og_url":"https:\/\/fredfloris.eu\/de\/productpage\/customize-carl-gustaf-hard-glasses-cases\/?wmc-currency=EUR","og_site_name":"FredFloris","article_publisher":"https:\/\/www.facebook.com\/FredFloris.Artisan.Studio\/","article_modified_time":"2024-06-13T16:14:27+00:00","og_image":[{"width":1810,"height":2560,"url":"https:\/\/fredfloris.eu\/wp-content\/uploads\/2023\/10\/Glasses-case-2-Front-scaled.jpg","type":"image\/jpeg"}],"twitter_card":"summary_large_image","twitter_site":"@_fredfloris_","twitter_misc":{"Gesch\u00e4tzte Lesezeit":"1\u00a0Minute"},"schema":{"@context":"https:\/\/schema.org","@graph":[{"@type":"WebPage","@id":"https:\/\/fredfloris.eu\/productpage\/customize-carl-gustaf-hard-glasses-cases\/","url":"https:\/\/fredfloris.eu\/productpage\/customize-carl-gustaf-hard-glasses-cases\/","name":"Anpassen - Carl-Gustaf - Brillenetuis | FredFloris","isPartOf":{"@id":"https:\/\/fredfloris.eu\/#website"},"primaryImageOfPage":{"@id":"https:\/\/fredfloris.eu\/productpage\/customize-carl-gustaf-hard-glasses-cases\/#primaryimage"},"image":{"@id":"https:\/\/fredfloris.eu\/productpage\/customize-carl-gustaf-hard-glasses-cases\/#primaryimage"},"thumbnailUrl":"https:\/\/fredfloris.eu\/wp-content\/uploads\/2023\/10\/Glasses-case-2-Front-scaled.jpg","datePublished":"2023-10-30T20:16:47+00:00","dateModified":"2024-06-13T16:14:27+00:00","breadcrumb":{"@id":"https:\/\/fredfloris.eu\/productpage\/customize-carl-gustaf-hard-glasses-cases\/#breadcrumb"},"inLanguage":"de","potentialAction":[{"@type":"ReadAction","target":["https:\/\/fredfloris.eu\/productpage\/customize-carl-gustaf-hard-glasses-cases\/"]}]},{"@type":"ImageObject","inLanguage":"de","@id":"https:\/\/fredfloris.eu\/productpage\/customize-carl-gustaf-hard-glasses-cases\/#primaryimage","url":"https:\/\/fredfloris.eu\/wp-content\/uploads\/2023\/10\/Glasses-case-2-Front-scaled.jpg","contentUrl":"https:\/\/fredfloris.eu\/wp-content\/uploads\/2023\/10\/Glasses-case-2-Front-scaled.jpg","width":1810,"height":2560,"caption":"Product: Carl-Gustaf - Hard Glasses Cases, Customize Image Template."},{"@type":"BreadcrumbList","@id":"https:\/\/fredfloris.eu\/productpage\/customize-carl-gustaf-hard-glasses-cases\/#breadcrumb","itemListElement":[{"@type":"ListItem","position":1,"name":"Home","item":"https:\/\/fredfloris.eu\/"},{"@type":"ListItem","position":2,"name":"Shop","item":"https:\/\/fredfloris.eu\/shop\/"},{"@type":"ListItem","position":3,"name":"Customize \u2013 Carl-Gustaf \u2013 Glasses Cases"}]},{"@type":"WebSite","@id":"https:\/\/fredfloris.eu\/#website","url":"https:\/\/fredfloris.eu\/","name":"FredFloris","description":"Handgefertigte Lederwaren - Made in Sweden","publisher":{"@id":"https:\/\/fredfloris.eu\/#organization"},"potentialAction":[{"@type":"SearchAction","target":{"@type":"EntryPoint","urlTemplate":"https:\/\/fredfloris.eu\/?s={search_term_string}"},"query-input":{"@type":"PropertyValueSpecification","valueRequired":true,"valueName":"search_term_string"}}],"inLanguage":"de"},{"@type":"Organization","@id":"https:\/\/fredfloris.eu\/#organization","name":"FredFloris","url":"https:\/\/fredfloris.eu\/","logo":{"@type":"ImageObject","inLanguage":"de","@id":"https:\/\/fredfloris.eu\/#\/schema\/logo\/image\/","url":"https:\/\/fredfloris.eu\/wp-content\/uploads\/2022\/03\/FredFloris-med-hel-nal-och-text.png","contentUrl":"https:\/\/fredfloris.eu\/wp-content\/uploads\/2022\/03\/FredFloris-med-hel-nal-och-text.png","width":591,"height":283,"caption":"FredFloris"},"image":{"@id":"https:\/\/fredfloris.eu\/#\/schema\/logo\/image\/"},"sameAs":["https:\/\/www.facebook.com\/FredFloris.Artisan.Studio\/","https:\/\/x.com\/_fredfloris_","https:\/\/www.instagram.com\/fredfloris.artisan.studio\/"]}]}},"brands":[],"_links":{"self":[{"href":"https:\/\/fredfloris.eu\/de\/wp-json\/wp\/v2\/product\/10605","targetHints":{"allow":["GET"]}}],"collection":[{"href":"https:\/\/fredfloris.eu\/de\/wp-json\/wp\/v2\/product"}],"about":[{"href":"https:\/\/fredfloris.eu\/de\/wp-json\/wp\/v2\/types\/product"}],"version-history":[{"count":4,"href":"https:\/\/fredfloris.eu\/de\/wp-json\/wp\/v2\/product\/10605\/revisions"}],"predecessor-version":[{"id":11397,"href":"https:\/\/fredfloris.eu\/de\/wp-json\/wp\/v2\/product\/10605\/revisions\/11397"}],"wp:featuredmedia":[{"embeddable":true,"href":"https:\/\/fredfloris.eu\/de\/wp-json\/wp\/v2\/media\/10607"}],"wp:attachment":[{"href":"https:\/\/fredfloris.eu\/de\/wp-json\/wp\/v2\/media?parent=10605"}],"wp:term":[{"taxonomy":"pwb-brand","embeddable":true,"href":"https:\/\/fredfloris.eu\/de\/wp-json\/wp\/v2\/pwb-brand?post=10605"},{"taxonomy":"product_brand","embeddable":true,"href":"https:\/\/fredfloris.eu\/de\/wp-json\/wp\/v2\/product_brand?post=10605"},{"taxonomy":"product_cat","embeddable":true,"href":"https:\/\/fredfloris.eu\/de\/wp-json\/wp\/v2\/product_cat?post=10605"},{"taxonomy":"product_tag","embeddable":true,"href":"https:\/\/fredfloris.eu\/de\/wp-json\/wp\/v2\/product_tag?post=10605"},{"taxonomy":"woo-feed-brand","embeddable":true,"href":"https:\/\/fredfloris.eu\/de\/wp-json\/wp\/v2\/woo-feed-brand?post=10605"}],"curies":[{"name":"wp","href":"https:\/\/api.w.org\/{rel}","templated":true}]}}