{"id":10908,"date":"2024-03-18T20:18:31","date_gmt":"2024-03-18T18:18:31","guid":{"rendered":"https:\/\/fredfloris.eu\/?post_type=product&#038;p=10908"},"modified":"2025-02-22T15:48:45","modified_gmt":"2025-02-22T13:48:45","slug":"the-slim-wayfarer","status":"publish","type":"product","link":"https:\/\/fredfloris.eu\/de\/productpage\/the-slim-wayfarer\/","title":{"rendered":"The Slim Wayfarer"},"content":{"rendered":"<p><strong>Personalisierung:<\/strong> F\u00fcgen Sie einen Namen, ein Bild oder eine Nachricht hinzu, ohne zus\u00e4tzliche Kosten. Um Ihr eigenes Design hinzuzuf\u00fcgen, f\u00fcgen Sie einfach den Artikel und das von Ihnen gew\u00e4hlte Design in Ihren Warenkorb.<\/p>\n<p><a class=\"lumise-customize-button button alt\" href=\"https:\/\/fredfloris.eu\/de\/productpage\/customize-the-slim-wayfarer\/?wmc-currency=EUR\" name=\"customize\">Anpassen<\/a><\/p>\n<p>Wir pr\u00e4sentieren die The Slim Wayfarer, eine elegante und minimalistische Brieftasche, die Platz f\u00fcr mehr als acht Karten und gefaltete Scheine bietet. Mit einer Breite von 68 mm und einer H\u00f6he von 100 mm im geschlossenen Zustand passt es perfekt in jede Tasche.<\/p>\n<p>Jedes Portemonnaie wird in unserem Atelier in Schweden in sorgf\u00e4ltiger Handarbeit aus haltbarem, pflanzlich gegerbtem Vollnarbenleder hergestellt, das sowohl Qualit\u00e4t als auch eine anmutige Alterspatina gew\u00e4hrleistet.<\/p>\n<p>W\u00e4hlen Sie aus drei Farben: Dunkel Cognac, Dunkelgelb und Blaugr\u00fcn. Sie k\u00f6nnen Ihr Portemonnaie mit einer Auswahl an Fadenfarben weiter individualisieren. Verleihen Sie Ihrem Portemonnaie eine pers\u00f6nliche Note, indem Sie Ihren Namen oder Ihre Initialen mit unserem Pr\u00e4ge- oder Lasergravurservice einf\u00fcgen.<\/p>\n<p>Zu jeder FredFloris-Brieftasche gibt es ein kostenloses <a href=\"https:\/\/fredfloris.eu\/de\/productpage\/nfc-card-rfid-blocking\/?wmc-currency=EUR\" rel=\"noopener\">Anti-Skimming-Karte.<\/a><\/p>\n<p>&nbsp;<\/p>\n<p><strong>Produktspezifikationen:<\/strong><\/p>\n<ul>\n<li><strong>Vollst\u00e4ndig von Hand in unserem familiengef\u00fchrten Lederkunststudio gefertigt<\/strong><\/li>\n<li><strong>Kapazit\u00e4t:<\/strong> Fasst etwa 8 Karten und gefaltete Scheine<\/li>\n<li><strong>Lagerung:<\/strong> Zwei Kartenf\u00e4cher und eine halbe Tasche<\/li>\n<li><strong>Farboptionen:<\/strong> Dunkel Cognac, Dunkelgelb und Blaugr\u00fcn<\/li>\n<li><strong>Thema:<\/strong> Tiger Ritza 25<\/li>\n<li><strong>Personalisierungsoptionen:<\/strong> Pr\u00e4gung und Lasergravur von Namen oder Initialen<\/li>\n<li><strong>R\u00e4nder:<\/strong> Abgeschr\u00e4gt und leicht br\u00fcniert<\/li>\n<li><strong>N\u00e4hen:<\/strong> Traditionelle Sattlerheftung, von Hand gen\u00e4ht<\/li>\n<li><strong>Material:<\/strong> Gefertigt aus pflanzlich gegerbtem Vollnarbenleder<\/li>\n<li><strong>Abmessungen:<\/strong> Breite: 68 mm, H\u00f6he: 100 mm in geschlossenem Zustand<\/li>\n<\/ul>\n<p>&nbsp;<\/p>\n<p>Suchbegriffe: Kompaktes Portemonnaie aus Leder, Langlebig, Personalisiert, Minimalistisch, Schlankes Portemonnaie aus Leder<\/p>","protected":false},"excerpt":{"rendered":"<p>Das Leder, aus dem diese schmale Ledergeldb\u00f6rse gefertigt ist, stammt von der renommierten italienischen Gerberei Badalassi Carlo, die Mitglied des international anerkannten Konsortiums Pelle Conciata al Vegetale ist.<\/p>\n<p>Handgefertigt aus feinstem, pflanzlich gegerbtem Vollnarbenleder, das f\u00fcr seine Haltbarkeit und die sch\u00f6ne Patina, die es im Laufe der Zeit entwickelt, bekannt ist. Die Kanten unserer Geldb\u00f6rsen werden sorgf\u00e4ltig von Hand abgeschr\u00e4gt und poliert, um eine glatte und raffinierte Oberfl\u00e4che zu gew\u00e4hrleisten. Au\u00dferdem wird jedes Portemonnaie von Hand gen\u00e4ht, was die Haltbarkeit und Authentizit\u00e4t unterstreicht, die maschinelle N\u00e4hte nicht bieten k\u00f6nnen. Es ist nicht nur ein Kauf, es ist eine Investition in ein zeitloses St\u00fcck, bei dem jedes Detail ein Kapitel in der Geschichte der traditionellen Handwerkskunst erz\u00e4hlt.<\/p>\n<p>&nbsp;<\/p>\n<p>&nbsp;<\/p>\n<p>&nbsp;<\/p>\n<p>&nbsp;<\/p>","protected":false},"featured_media":10854,"template":"","meta":[],"pwb-brand":[203],"product_brand":[],"product_cat":[100,104],"product_tag":[123,136,105],"woo-feed-brand":[],"class_list":{"0":"post-10908","1":"product","2":"type-product","3":"status-publish","4":"has-post-thumbnail","6":"pwb-brand-fredfloris","7":"product_cat-leathergoods","8":"product_cat-wallets","9":"product_tag-full-grain-leather","10":"product_tag-handmade","11":"product_tag-made-to-order","12":"product_shipping_class-small-goods","13":"pa_leather-colour-petrol-waxed","14":"pa_leather-colour-dark-cognac-waxed","15":"pa_leather-colour-mustard-waxed","17":"first","18":"instock","19":"taxable","20":"shipping-taxable","21":"purchasable","22":"product-type-variable","23":"has-default-attributes"},"yoast_head":"<!-- This site is optimized with the Yoast SEO plugin v27.2 - https:\/\/yoast.com\/product\/yoast-seo-wordpress\/ -->\n<title>The Slim Wayfarer Wallet: Sleek &amp; Durable | FredFloris Leather<\/title>\n<meta name=\"description\" content=\"Introducing The Slim Wayfarer Wallet from FredFloris, where elegance meets practicality. This wallet is perfect for the modern minimalist.\" \/>\n<meta name=\"robots\" content=\"index, follow, max-snippet:-1, max-image-preview:large, max-video-preview:-1\" \/>\n<link rel=\"canonical\" href=\"https:\/\/fredfloris.eu\/de\/productpage\/the-slim-wayfarer\/?wmc-currency=EUR\" \/>\n<meta property=\"og:locale\" content=\"de_DE\" \/>\n<meta property=\"og:type\" content=\"article\" \/>\n<meta property=\"og:title\" content=\"The Slim Wayfarer Wallet: Sleek &amp; Durable | FredFloris Leather\" \/>\n<meta property=\"og:description\" content=\"Introducing The Slim Wayfarer Wallet from FredFloris, where elegance meets practicality. This wallet is perfect for the modern minimalist.\" \/>\n<meta property=\"og:url\" content=\"https:\/\/fredfloris.eu\/de\/productpage\/the-slim-wayfarer\/?wmc-currency=EUR\" \/>\n<meta property=\"og:site_name\" content=\"FredFloris\" \/>\n<meta property=\"article:publisher\" content=\"https:\/\/www.facebook.com\/FredFloris.Artisan.Studio\/\" \/>\n<meta property=\"article:modified_time\" content=\"2025-02-22T13:48:45+00:00\" \/>\n<meta property=\"og:image\" content=\"https:\/\/fredfloris.eu\/wp-content\/uploads\/2024\/03\/IMG_5843-scaled.jpg\" \/>\n\t<meta property=\"og:image:width\" content=\"2560\" \/>\n\t<meta property=\"og:image:height\" content=\"1707\" \/>\n\t<meta property=\"og:image:type\" content=\"image\/jpeg\" \/>\n<meta name=\"twitter:card\" content=\"summary_large_image\" \/>\n<meta name=\"twitter:site\" content=\"@_fredfloris_\" \/>\n<meta name=\"twitter:label1\" content=\"Gesch\u00e4tzte Lesezeit\" \/>\n\t<meta name=\"twitter:data1\" content=\"2\u00a0Minuten\" \/>\n<script type=\"application\/ld+json\" class=\"yoast-schema-graph\">{\"@context\":\"https:\/\/schema.org\",\"@graph\":[{\"@type\":\"WebPage\",\"@id\":\"https:\/\/fredfloris.eu\/productpage\/the-slim-wayfarer\/\",\"url\":\"https:\/\/fredfloris.eu\/productpage\/the-slim-wayfarer\/\",\"name\":\"The Slim Wayfarer Wallet: Sleek & Durable | FredFloris Leather\",\"isPartOf\":{\"@id\":\"https:\/\/fredfloris.eu\/#website\"},\"primaryImageOfPage\":{\"@id\":\"https:\/\/fredfloris.eu\/productpage\/the-slim-wayfarer\/#primaryimage\"},\"image\":{\"@id\":\"https:\/\/fredfloris.eu\/productpage\/the-slim-wayfarer\/#primaryimage\"},\"thumbnailUrl\":\"https:\/\/fredfloris.eu\/wp-content\/uploads\/2024\/03\/IMG_5843-scaled.jpg\",\"datePublished\":\"2024-03-18T18:18:31+00:00\",\"dateModified\":\"2025-02-22T13:48:45+00:00\",\"description\":\"Introducing The Slim Wayfarer Wallet from FredFloris, where elegance meets practicality. This wallet is perfect for the modern minimalist.\",\"breadcrumb\":{\"@id\":\"https:\/\/fredfloris.eu\/productpage\/the-slim-wayfarer\/#breadcrumb\"},\"inLanguage\":\"de\",\"potentialAction\":[{\"@type\":\"ReadAction\",\"target\":[\"https:\/\/fredfloris.eu\/productpage\/the-slim-wayfarer\/\"]}]},{\"@type\":\"ImageObject\",\"inLanguage\":\"de\",\"@id\":\"https:\/\/fredfloris.eu\/productpage\/the-slim-wayfarer\/#primaryimage\",\"url\":\"https:\/\/fredfloris.eu\/wp-content\/uploads\/2024\/03\/IMG_5843-scaled.jpg\",\"contentUrl\":\"https:\/\/fredfloris.eu\/wp-content\/uploads\/2024\/03\/IMG_5843-scaled.jpg\",\"width\":2560,\"height\":1707,\"caption\":\"Product: The Slim Wayfarer - Pocket Card Wallets \u2013 Colours: Dark Yellow, Dark Cognac and Blue-Green, Thread Colour: Black\"},{\"@type\":\"BreadcrumbList\",\"@id\":\"https:\/\/fredfloris.eu\/productpage\/the-slim-wayfarer\/#breadcrumb\",\"itemListElement\":[{\"@type\":\"ListItem\",\"position\":1,\"name\":\"Home\",\"item\":\"https:\/\/fredfloris.eu\/\"},{\"@type\":\"ListItem\",\"position\":2,\"name\":\"Shop\",\"item\":\"https:\/\/fredfloris.eu\/shop\/\"},{\"@type\":\"ListItem\",\"position\":3,\"name\":\"The Slim Wayfarer\"}]},{\"@type\":\"WebSite\",\"@id\":\"https:\/\/fredfloris.eu\/#website\",\"url\":\"https:\/\/fredfloris.eu\/\",\"name\":\"FredFloris\",\"description\":\"Handcrafted Leathergoods - Made in Sweden\",\"publisher\":{\"@id\":\"https:\/\/fredfloris.eu\/#organization\"},\"potentialAction\":[{\"@type\":\"SearchAction\",\"target\":{\"@type\":\"EntryPoint\",\"urlTemplate\":\"https:\/\/fredfloris.eu\/?s={search_term_string}\"},\"query-input\":{\"@type\":\"PropertyValueSpecification\",\"valueRequired\":true,\"valueName\":\"search_term_string\"}}],\"inLanguage\":\"de\"},{\"@type\":\"Organization\",\"@id\":\"https:\/\/fredfloris.eu\/#organization\",\"name\":\"FredFloris\",\"url\":\"https:\/\/fredfloris.eu\/\",\"logo\":{\"@type\":\"ImageObject\",\"inLanguage\":\"de\",\"@id\":\"https:\/\/fredfloris.eu\/#\/schema\/logo\/image\/\",\"url\":\"https:\/\/fredfloris.eu\/wp-content\/uploads\/2022\/03\/FredFloris-med-hel-nal-och-text.png\",\"contentUrl\":\"https:\/\/fredfloris.eu\/wp-content\/uploads\/2022\/03\/FredFloris-med-hel-nal-och-text.png\",\"width\":591,\"height\":283,\"caption\":\"FredFloris\"},\"image\":{\"@id\":\"https:\/\/fredfloris.eu\/#\/schema\/logo\/image\/\"},\"sameAs\":[\"https:\/\/www.facebook.com\/FredFloris.Artisan.Studio\/\",\"https:\/\/x.com\/_fredfloris_\",\"https:\/\/www.instagram.com\/fredfloris.artisan.studio\/\"]}]}<\/script>\n<!-- \/ Yoast SEO plugin. -->","yoast_head_json":{"title":"The Slim Wayfarer Brieftasche: Schlank und langlebig | FredFloris Leder","description":"Das The Slim Wayfarer Portemonnaie von FredFloris, wo Eleganz auf Funktionalit\u00e4t trifft. Dieses Portemonnaie ist perfekt f\u00fcr den modernen Minimalisten.","robots":{"index":"index","follow":"follow","max-snippet":"max-snippet:-1","max-image-preview":"max-image-preview:large","max-video-preview":"max-video-preview:-1"},"canonical":"https:\/\/fredfloris.eu\/de\/productpage\/the-slim-wayfarer\/?wmc-currency=EUR","og_locale":"de_DE","og_type":"article","og_title":"The Slim Wayfarer Wallet: Sleek & Durable | FredFloris Leather","og_description":"Introducing The Slim Wayfarer Wallet from FredFloris, where elegance meets practicality. This wallet is perfect for the modern minimalist.","og_url":"https:\/\/fredfloris.eu\/de\/productpage\/the-slim-wayfarer\/?wmc-currency=EUR","og_site_name":"FredFloris","article_publisher":"https:\/\/www.facebook.com\/FredFloris.Artisan.Studio\/","article_modified_time":"2025-02-22T13:48:45+00:00","og_image":[{"width":2560,"height":1707,"url":"https:\/\/fredfloris.eu\/wp-content\/uploads\/2024\/03\/IMG_5843-scaled.jpg","type":"image\/jpeg"}],"twitter_card":"summary_large_image","twitter_site":"@_fredfloris_","twitter_misc":{"Gesch\u00e4tzte Lesezeit":"2\u00a0Minuten"},"schema":{"@context":"https:\/\/schema.org","@graph":[{"@type":"WebPage","@id":"https:\/\/fredfloris.eu\/productpage\/the-slim-wayfarer\/","url":"https:\/\/fredfloris.eu\/productpage\/the-slim-wayfarer\/","name":"The Slim Wayfarer Brieftasche: Schlank und langlebig | FredFloris Leder","isPartOf":{"@id":"https:\/\/fredfloris.eu\/#website"},"primaryImageOfPage":{"@id":"https:\/\/fredfloris.eu\/productpage\/the-slim-wayfarer\/#primaryimage"},"image":{"@id":"https:\/\/fredfloris.eu\/productpage\/the-slim-wayfarer\/#primaryimage"},"thumbnailUrl":"https:\/\/fredfloris.eu\/wp-content\/uploads\/2024\/03\/IMG_5843-scaled.jpg","datePublished":"2024-03-18T18:18:31+00:00","dateModified":"2025-02-22T13:48:45+00:00","description":"Das The Slim Wayfarer Portemonnaie von FredFloris, wo Eleganz auf Funktionalit\u00e4t trifft. Dieses Portemonnaie ist perfekt f\u00fcr den modernen Minimalisten.","breadcrumb":{"@id":"https:\/\/fredfloris.eu\/productpage\/the-slim-wayfarer\/#breadcrumb"},"inLanguage":"de","potentialAction":[{"@type":"ReadAction","target":["https:\/\/fredfloris.eu\/productpage\/the-slim-wayfarer\/"]}]},{"@type":"ImageObject","inLanguage":"de","@id":"https:\/\/fredfloris.eu\/productpage\/the-slim-wayfarer\/#primaryimage","url":"https:\/\/fredfloris.eu\/wp-content\/uploads\/2024\/03\/IMG_5843-scaled.jpg","contentUrl":"https:\/\/fredfloris.eu\/wp-content\/uploads\/2024\/03\/IMG_5843-scaled.jpg","width":2560,"height":1707,"caption":"Product: The Slim Wayfarer - Pocket Card Wallets \u2013 Colours: Dark Yellow, Dark Cognac and Blue-Green, Thread Colour: Black"},{"@type":"BreadcrumbList","@id":"https:\/\/fredfloris.eu\/productpage\/the-slim-wayfarer\/#breadcrumb","itemListElement":[{"@type":"ListItem","position":1,"name":"Home","item":"https:\/\/fredfloris.eu\/"},{"@type":"ListItem","position":2,"name":"Shop","item":"https:\/\/fredfloris.eu\/shop\/"},{"@type":"ListItem","position":3,"name":"The Slim Wayfarer"}]},{"@type":"WebSite","@id":"https:\/\/fredfloris.eu\/#website","url":"https:\/\/fredfloris.eu\/","name":"FredFloris","description":"Handgefertigte Lederwaren - Made in Sweden","publisher":{"@id":"https:\/\/fredfloris.eu\/#organization"},"potentialAction":[{"@type":"SearchAction","target":{"@type":"EntryPoint","urlTemplate":"https:\/\/fredfloris.eu\/?s={search_term_string}"},"query-input":{"@type":"PropertyValueSpecification","valueRequired":true,"valueName":"search_term_string"}}],"inLanguage":"de"},{"@type":"Organization","@id":"https:\/\/fredfloris.eu\/#organization","name":"FredFloris","url":"https:\/\/fredfloris.eu\/","logo":{"@type":"ImageObject","inLanguage":"de","@id":"https:\/\/fredfloris.eu\/#\/schema\/logo\/image\/","url":"https:\/\/fredfloris.eu\/wp-content\/uploads\/2022\/03\/FredFloris-med-hel-nal-och-text.png","contentUrl":"https:\/\/fredfloris.eu\/wp-content\/uploads\/2022\/03\/FredFloris-med-hel-nal-och-text.png","width":591,"height":283,"caption":"FredFloris"},"image":{"@id":"https:\/\/fredfloris.eu\/#\/schema\/logo\/image\/"},"sameAs":["https:\/\/www.facebook.com\/FredFloris.Artisan.Studio\/","https:\/\/x.com\/_fredfloris_","https:\/\/www.instagram.com\/fredfloris.artisan.studio\/"]}]}},"brands":[{"id":203,"name":"FredFloris","slug":"fredfloris"}],"_links":{"self":[{"href":"https:\/\/fredfloris.eu\/de\/wp-json\/wp\/v2\/product\/10908","targetHints":{"allow":["GET"]}}],"collection":[{"href":"https:\/\/fredfloris.eu\/de\/wp-json\/wp\/v2\/product"}],"about":[{"href":"https:\/\/fredfloris.eu\/de\/wp-json\/wp\/v2\/types\/product"}],"version-history":[{"count":19,"href":"https:\/\/fredfloris.eu\/de\/wp-json\/wp\/v2\/product\/10908\/revisions"}],"predecessor-version":[{"id":11515,"href":"https:\/\/fredfloris.eu\/de\/wp-json\/wp\/v2\/product\/10908\/revisions\/11515"}],"wp:featuredmedia":[{"embeddable":true,"href":"https:\/\/fredfloris.eu\/de\/wp-json\/wp\/v2\/media\/10854"}],"wp:attachment":[{"href":"https:\/\/fredfloris.eu\/de\/wp-json\/wp\/v2\/media?parent=10908"}],"wp:term":[{"taxonomy":"pwb-brand","embeddable":true,"href":"https:\/\/fredfloris.eu\/de\/wp-json\/wp\/v2\/pwb-brand?post=10908"},{"taxonomy":"product_brand","embeddable":true,"href":"https:\/\/fredfloris.eu\/de\/wp-json\/wp\/v2\/product_brand?post=10908"},{"taxonomy":"product_cat","embeddable":true,"href":"https:\/\/fredfloris.eu\/de\/wp-json\/wp\/v2\/product_cat?post=10908"},{"taxonomy":"product_tag","embeddable":true,"href":"https:\/\/fredfloris.eu\/de\/wp-json\/wp\/v2\/product_tag?post=10908"},{"taxonomy":"woo-feed-brand","embeddable":true,"href":"https:\/\/fredfloris.eu\/de\/wp-json\/wp\/v2\/woo-feed-brand?post=10908"}],"curies":[{"name":"wp","href":"https:\/\/api.w.org\/{rel}","templated":true}]}}