{"id":5136,"date":"2022-05-16T16:59:00","date_gmt":"2022-05-16T14:59:00","guid":{"rendered":"https:\/\/fredfloris.eu\/?post_type=product&#038;p=5136"},"modified":"2024-07-23T20:14:09","modified_gmt":"2024-07-23T18:14:09","slug":"minnie-soft-glasses-cases","status":"publish","type":"product","link":"https:\/\/fredfloris.eu\/de\/productpage\/minnie-soft-glasses-cases\/","title":{"rendered":"Minnie - Brillenetuis"},"content":{"rendered":"<p><strong>Personalisierung:<\/strong> F\u00fcgen Sie einen Namen oder eine Nachricht hinzu, ohne zus\u00e4tzliche Kosten. Wenn Sie Ihr eigenes Design hinzuf\u00fcgen m\u00f6chten, legen Sie einfach das Produkt und das von Ihnen gew\u00e4hlte Design in Ihren Warenkorb.<\/p>\n<p><a class=\"lumise-customize-button button alt\" href=\"https:\/\/fredfloris.eu\/de\/productpage\/customize-minnie-soft-glasses-cases\/?wmc-currency=EUR\" name=\"customize\">Anpassen<\/a><\/p>\n<p><strong>Sch\u00fctzen Sie Ihre Brille stilvoll mit unserem Brillenetui aus weichem Leder, das f\u00fcr effektiven Schutz sorgt.<\/strong> Dieses Etui bietet einen sicheren Schutz vor Kratzern f\u00fcr Ihre Brille. Der offene Schlitz mit abgerundeten Kanten erm\u00f6glicht einen einfachen Zugang, so dass Sie Ihre Brille m\u00fchelos hinein- und herausnehmen k\u00f6nnen. Es eignet sich sowohl f\u00fcr Brillen als auch f\u00fcr Sonnenbrillen und macht dieses Etui zu einem zuverl\u00e4ssigen Begleiter f\u00fcr Ihre wichtigen Accessoires.<\/p>\n<p><strong>Vielseitig und unaufdringlich:<\/strong> Dieses elegante Etui passt in jede Umgebung, von zwanglosen Ausfl\u00fcgen bis hin zu formellen Anl\u00e4ssen. Das Etui aus pflanzlich gegerbtem Vollnarbenleder verhindert, dass Ihre Brille auf Oberfl\u00e4chen verrutscht, und verleiht Ihrem t\u00e4glichen Ensemble einen Hauch von Eleganz.<\/p>\n<p><strong>Produktspezifikationen:<\/strong><\/p>\n<ul>\n<li><strong>Vollst\u00e4ndig von Hand in unserem familiengef\u00fchrten Lederkunststudio gefertigt<\/strong><\/li>\n<li><strong>Abmessungen:<\/strong> Breite: ~80 mm, L\u00e4nge: 175 mm<\/li>\n<li><strong>Farboptionen:<\/strong> W\u00e4hlen Sie zwischen Schwarz, Marineblau, Cognac, Warm Cognac, Dunkel Cognac, Dunkelgelb und Blaugr\u00fcn<\/li>\n<li><strong>Material:<\/strong> Pflanzlich gegerbtes Vollnarbenleder, gegerbt in Italien nach dem traditionellen toskanischen Vacchetta-Rezept<\/li>\n<li><strong>N\u00e4hen:<\/strong> Traditionelle Sattlerheftung, von Hand gen\u00e4ht<\/li>\n<li><strong>Thema:<\/strong> Gen\u00e4ht mit Tiger Ritza 25 Garn f\u00fcr dauerhafte Festigkeit<\/li>\n<\/ul>\n<p>&nbsp;<\/p>\n<p>&nbsp;<\/p>\n<p>Suchbegriffe: Handgefertigtes Brillenetui aus weichem Vollnarbenleder<\/p>","protected":false},"excerpt":{"rendered":"<p>Das vollnarbige Leder wird aus den Schultern des Stiers gewonnen und nach dem alten toskanischen Vacchetta-Rezept pflanzlich gegerbt. Anschlie\u00dfend wird es zugeschnitten und mit hochwertigem gewachstem Polyestergarn nach der traditionellen Sattlertechnik von Hand zusammengen\u00e4ht. Diese Art der Naht gew\u00e4hrleistet die Haltbarkeit des Produkts, insbesondere bei starker Beanspruchung und Belastung. Die Kanten werden abgerundet, geschliffen und dann von Hand mit mehreren Schichten Kantenfarbe gef\u00e4rbt. Die Kantenfarbe wird mit gro\u00dfer Pr\u00e4zision aufgetragen, damit die Maserung des Leders erhalten bleibt.<\/p>\n<pre><\/pre>\n<p>Das mit Anilin gegerbte Leder wird von Mapel &amp; C geliefert, und das gewachste Leder wird von Badalassi Carlo geliefert. Beide Gerbereien verwenden das alte toskanische Vacchetta-Rezept, um ihr Leder zu gerben, und beide geh\u00f6ren angesehenen Organisationen an, den toskanischen Gerbereiunternehmen bzw. dem Konsortium Pelle Conciata al Vegetale.<\/p>","protected":false},"featured_media":3174,"template":"","meta":[],"pwb-brand":[203],"product_brand":[],"product_cat":[102,100],"product_tag":[123,136,105],"woo-feed-brand":[],"class_list":{"0":"post-5136","1":"product","2":"type-product","3":"status-publish","4":"has-post-thumbnail","6":"pwb-brand-fredfloris","7":"product_cat-glasses-cases","8":"product_cat-leathergoods","9":"product_tag-full-grain-leather","10":"product_tag-handmade","11":"product_tag-made-to-order","12":"product_shipping_class-small-goods","13":"pa_leather-colour-black-mapelec-thin","14":"pa_leather-colour-petrol-waxed","15":"pa_leather-colour-cognac","16":"pa_leather-colour-dark-cognac-waxed","17":"pa_leather-colour-mustard-waxed","18":"pa_leather-colour-navy","19":"pa_leather-colour-warm-cognac","21":"first","22":"instock","23":"taxable","24":"shipping-taxable","25":"purchasable","26":"product-type-variable","27":"has-default-attributes"},"yoast_head":"<!-- This site is optimized with the Yoast SEO plugin v27.2 - https:\/\/yoast.com\/product\/yoast-seo-wordpress\/ -->\n<title>Handmade Full-Grain Leather Glasses Case | FredFloris<\/title>\n<meta name=\"description\" content=\"Handmade full-grain leather soft glass cases, made from vegetable-tanned Italian leather. Small and compact 175mmx 80mm.\" \/>\n<meta name=\"robots\" content=\"index, follow, max-snippet:-1, max-image-preview:large, max-video-preview:-1\" \/>\n<link rel=\"canonical\" href=\"https:\/\/fredfloris.eu\/de\/productpage\/minnie-soft-glasses-cases\/?wmc-currency=EUR\" \/>\n<meta property=\"og:locale\" content=\"de_DE\" \/>\n<meta property=\"og:type\" content=\"article\" \/>\n<meta property=\"og:title\" content=\"Handmade Full-Grain Leather Glasses Case | FredFloris\" \/>\n<meta property=\"og:description\" content=\"Handmade full-grain leather soft glass cases, made from vegetable-tanned Italian leather. Small and compact 175mmx 80mm.\" \/>\n<meta property=\"og:url\" content=\"https:\/\/fredfloris.eu\/de\/productpage\/minnie-soft-glasses-cases\/?wmc-currency=EUR\" \/>\n<meta property=\"og:site_name\" content=\"FredFloris\" \/>\n<meta property=\"article:publisher\" content=\"https:\/\/www.facebook.com\/FredFloris.Artisan.Studio\/\" \/>\n<meta property=\"article:modified_time\" content=\"2024-07-23T18:14:09+00:00\" \/>\n<meta property=\"og:image\" content=\"https:\/\/fredfloris.eu\/wp-content\/uploads\/2022\/04\/IMG_1544-scaled.jpg\" \/>\n\t<meta property=\"og:image:width\" content=\"2560\" \/>\n\t<meta property=\"og:image:height\" content=\"1707\" \/>\n\t<meta property=\"og:image:type\" content=\"image\/jpeg\" \/>\n<meta name=\"twitter:card\" content=\"summary_large_image\" \/>\n<meta name=\"twitter:site\" content=\"@_fredfloris_\" \/>\n<meta name=\"twitter:label1\" content=\"Gesch\u00e4tzte Lesezeit\" \/>\n\t<meta name=\"twitter:data1\" content=\"2\u00a0Minuten\" \/>\n<script type=\"application\/ld+json\" class=\"yoast-schema-graph\">{\"@context\":\"https:\/\/schema.org\",\"@graph\":[{\"@type\":\"WebPage\",\"@id\":\"https:\/\/fredfloris.eu\/productpage\/minnie-soft-glasses-cases\/\",\"url\":\"https:\/\/fredfloris.eu\/productpage\/minnie-soft-glasses-cases\/\",\"name\":\"Handmade Full-Grain Leather Glasses Case | FredFloris\",\"isPartOf\":{\"@id\":\"https:\/\/fredfloris.eu\/#website\"},\"primaryImageOfPage\":{\"@id\":\"https:\/\/fredfloris.eu\/productpage\/minnie-soft-glasses-cases\/#primaryimage\"},\"image\":{\"@id\":\"https:\/\/fredfloris.eu\/productpage\/minnie-soft-glasses-cases\/#primaryimage\"},\"thumbnailUrl\":\"https:\/\/fredfloris.eu\/wp-content\/uploads\/2022\/04\/IMG_1544-scaled.jpg\",\"datePublished\":\"2022-05-16T14:59:00+00:00\",\"dateModified\":\"2024-07-23T18:14:09+00:00\",\"description\":\"Handmade full-grain leather soft glass cases, made from vegetable-tanned Italian leather. Small and compact 175mmx 80mm.\",\"breadcrumb\":{\"@id\":\"https:\/\/fredfloris.eu\/productpage\/minnie-soft-glasses-cases\/#breadcrumb\"},\"inLanguage\":\"de\",\"potentialAction\":[{\"@type\":\"ReadAction\",\"target\":[\"https:\/\/fredfloris.eu\/productpage\/minnie-soft-glasses-cases\/\"]}]},{\"@type\":\"ImageObject\",\"inLanguage\":\"de\",\"@id\":\"https:\/\/fredfloris.eu\/productpage\/minnie-soft-glasses-cases\/#primaryimage\",\"url\":\"https:\/\/fredfloris.eu\/wp-content\/uploads\/2022\/04\/IMG_1544-scaled.jpg\",\"contentUrl\":\"https:\/\/fredfloris.eu\/wp-content\/uploads\/2022\/04\/IMG_1544-scaled.jpg\",\"width\":2560,\"height\":1707,\"caption\":\"Product: Minnie - Glasses Cases, colour from left to right: Dark Yellow, Navy Blue, Cognac, Dark Cognac, Black and Blue-Green\"},{\"@type\":\"BreadcrumbList\",\"@id\":\"https:\/\/fredfloris.eu\/productpage\/minnie-soft-glasses-cases\/#breadcrumb\",\"itemListElement\":[{\"@type\":\"ListItem\",\"position\":1,\"name\":\"Home\",\"item\":\"https:\/\/fredfloris.eu\/\"},{\"@type\":\"ListItem\",\"position\":2,\"name\":\"Shop\",\"item\":\"https:\/\/fredfloris.eu\/shop\/\"},{\"@type\":\"ListItem\",\"position\":3,\"name\":\"Minnie &#8211; Glasses Cases\"}]},{\"@type\":\"WebSite\",\"@id\":\"https:\/\/fredfloris.eu\/#website\",\"url\":\"https:\/\/fredfloris.eu\/\",\"name\":\"FredFloris\",\"description\":\"Handcrafted Leathergoods - Made in Sweden\",\"publisher\":{\"@id\":\"https:\/\/fredfloris.eu\/#organization\"},\"potentialAction\":[{\"@type\":\"SearchAction\",\"target\":{\"@type\":\"EntryPoint\",\"urlTemplate\":\"https:\/\/fredfloris.eu\/?s={search_term_string}\"},\"query-input\":{\"@type\":\"PropertyValueSpecification\",\"valueRequired\":true,\"valueName\":\"search_term_string\"}}],\"inLanguage\":\"de\"},{\"@type\":\"Organization\",\"@id\":\"https:\/\/fredfloris.eu\/#organization\",\"name\":\"FredFloris\",\"url\":\"https:\/\/fredfloris.eu\/\",\"logo\":{\"@type\":\"ImageObject\",\"inLanguage\":\"de\",\"@id\":\"https:\/\/fredfloris.eu\/#\/schema\/logo\/image\/\",\"url\":\"https:\/\/fredfloris.eu\/wp-content\/uploads\/2022\/03\/FredFloris-med-hel-nal-och-text.png\",\"contentUrl\":\"https:\/\/fredfloris.eu\/wp-content\/uploads\/2022\/03\/FredFloris-med-hel-nal-och-text.png\",\"width\":591,\"height\":283,\"caption\":\"FredFloris\"},\"image\":{\"@id\":\"https:\/\/fredfloris.eu\/#\/schema\/logo\/image\/\"},\"sameAs\":[\"https:\/\/www.facebook.com\/FredFloris.Artisan.Studio\/\",\"https:\/\/x.com\/_fredfloris_\",\"https:\/\/www.instagram.com\/fredfloris.artisan.studio\/\"]}]}<\/script>\n<!-- \/ Yoast SEO plugin. -->","yoast_head_json":{"title":"Handgefertigtes Brillenetui aus Vollnarbenleder | FredFloris","description":"Handgefertigte Soft-Glass-Etuis aus pflanzlich gegerbtem italienischem Leder. Klein und kompakt 175mmx 80mm.","robots":{"index":"index","follow":"follow","max-snippet":"max-snippet:-1","max-image-preview":"max-image-preview:large","max-video-preview":"max-video-preview:-1"},"canonical":"https:\/\/fredfloris.eu\/de\/productpage\/minnie-soft-glasses-cases\/?wmc-currency=EUR","og_locale":"de_DE","og_type":"article","og_title":"Handmade Full-Grain Leather Glasses Case | FredFloris","og_description":"Handmade full-grain leather soft glass cases, made from vegetable-tanned Italian leather. Small and compact 175mmx 80mm.","og_url":"https:\/\/fredfloris.eu\/de\/productpage\/minnie-soft-glasses-cases\/?wmc-currency=EUR","og_site_name":"FredFloris","article_publisher":"https:\/\/www.facebook.com\/FredFloris.Artisan.Studio\/","article_modified_time":"2024-07-23T18:14:09+00:00","og_image":[{"width":2560,"height":1707,"url":"https:\/\/fredfloris.eu\/wp-content\/uploads\/2022\/04\/IMG_1544-scaled.jpg","type":"image\/jpeg"}],"twitter_card":"summary_large_image","twitter_site":"@_fredfloris_","twitter_misc":{"Gesch\u00e4tzte Lesezeit":"2\u00a0Minuten"},"schema":{"@context":"https:\/\/schema.org","@graph":[{"@type":"WebPage","@id":"https:\/\/fredfloris.eu\/productpage\/minnie-soft-glasses-cases\/","url":"https:\/\/fredfloris.eu\/productpage\/minnie-soft-glasses-cases\/","name":"Handgefertigtes Brillenetui aus Vollnarbenleder | FredFloris","isPartOf":{"@id":"https:\/\/fredfloris.eu\/#website"},"primaryImageOfPage":{"@id":"https:\/\/fredfloris.eu\/productpage\/minnie-soft-glasses-cases\/#primaryimage"},"image":{"@id":"https:\/\/fredfloris.eu\/productpage\/minnie-soft-glasses-cases\/#primaryimage"},"thumbnailUrl":"https:\/\/fredfloris.eu\/wp-content\/uploads\/2022\/04\/IMG_1544-scaled.jpg","datePublished":"2022-05-16T14:59:00+00:00","dateModified":"2024-07-23T18:14:09+00:00","description":"Handgefertigte Soft-Glass-Etuis aus pflanzlich gegerbtem italienischem Leder. Klein und kompakt 175mmx 80mm.","breadcrumb":{"@id":"https:\/\/fredfloris.eu\/productpage\/minnie-soft-glasses-cases\/#breadcrumb"},"inLanguage":"de","potentialAction":[{"@type":"ReadAction","target":["https:\/\/fredfloris.eu\/productpage\/minnie-soft-glasses-cases\/"]}]},{"@type":"ImageObject","inLanguage":"de","@id":"https:\/\/fredfloris.eu\/productpage\/minnie-soft-glasses-cases\/#primaryimage","url":"https:\/\/fredfloris.eu\/wp-content\/uploads\/2022\/04\/IMG_1544-scaled.jpg","contentUrl":"https:\/\/fredfloris.eu\/wp-content\/uploads\/2022\/04\/IMG_1544-scaled.jpg","width":2560,"height":1707,"caption":"Product: Minnie - Glasses Cases, colour from left to right: Dark Yellow, Navy Blue, Cognac, Dark Cognac, Black and Blue-Green"},{"@type":"BreadcrumbList","@id":"https:\/\/fredfloris.eu\/productpage\/minnie-soft-glasses-cases\/#breadcrumb","itemListElement":[{"@type":"ListItem","position":1,"name":"Home","item":"https:\/\/fredfloris.eu\/"},{"@type":"ListItem","position":2,"name":"Shop","item":"https:\/\/fredfloris.eu\/shop\/"},{"@type":"ListItem","position":3,"name":"Minnie &#8211; Glasses Cases"}]},{"@type":"WebSite","@id":"https:\/\/fredfloris.eu\/#website","url":"https:\/\/fredfloris.eu\/","name":"FredFloris","description":"Handgefertigte Lederwaren - Made in Sweden","publisher":{"@id":"https:\/\/fredfloris.eu\/#organization"},"potentialAction":[{"@type":"SearchAction","target":{"@type":"EntryPoint","urlTemplate":"https:\/\/fredfloris.eu\/?s={search_term_string}"},"query-input":{"@type":"PropertyValueSpecification","valueRequired":true,"valueName":"search_term_string"}}],"inLanguage":"de"},{"@type":"Organization","@id":"https:\/\/fredfloris.eu\/#organization","name":"FredFloris","url":"https:\/\/fredfloris.eu\/","logo":{"@type":"ImageObject","inLanguage":"de","@id":"https:\/\/fredfloris.eu\/#\/schema\/logo\/image\/","url":"https:\/\/fredfloris.eu\/wp-content\/uploads\/2022\/03\/FredFloris-med-hel-nal-och-text.png","contentUrl":"https:\/\/fredfloris.eu\/wp-content\/uploads\/2022\/03\/FredFloris-med-hel-nal-och-text.png","width":591,"height":283,"caption":"FredFloris"},"image":{"@id":"https:\/\/fredfloris.eu\/#\/schema\/logo\/image\/"},"sameAs":["https:\/\/www.facebook.com\/FredFloris.Artisan.Studio\/","https:\/\/x.com\/_fredfloris_","https:\/\/www.instagram.com\/fredfloris.artisan.studio\/"]}]}},"brands":[{"id":203,"name":"FredFloris","slug":"fredfloris"}],"_links":{"self":[{"href":"https:\/\/fredfloris.eu\/de\/wp-json\/wp\/v2\/product\/5136","targetHints":{"allow":["GET"]}}],"collection":[{"href":"https:\/\/fredfloris.eu\/de\/wp-json\/wp\/v2\/product"}],"about":[{"href":"https:\/\/fredfloris.eu\/de\/wp-json\/wp\/v2\/types\/product"}],"version-history":[{"count":15,"href":"https:\/\/fredfloris.eu\/de\/wp-json\/wp\/v2\/product\/5136\/revisions"}],"predecessor-version":[{"id":11581,"href":"https:\/\/fredfloris.eu\/de\/wp-json\/wp\/v2\/product\/5136\/revisions\/11581"}],"wp:featuredmedia":[{"embeddable":true,"href":"https:\/\/fredfloris.eu\/de\/wp-json\/wp\/v2\/media\/3174"}],"wp:attachment":[{"href":"https:\/\/fredfloris.eu\/de\/wp-json\/wp\/v2\/media?parent=5136"}],"wp:term":[{"taxonomy":"pwb-brand","embeddable":true,"href":"https:\/\/fredfloris.eu\/de\/wp-json\/wp\/v2\/pwb-brand?post=5136"},{"taxonomy":"product_brand","embeddable":true,"href":"https:\/\/fredfloris.eu\/de\/wp-json\/wp\/v2\/product_brand?post=5136"},{"taxonomy":"product_cat","embeddable":true,"href":"https:\/\/fredfloris.eu\/de\/wp-json\/wp\/v2\/product_cat?post=5136"},{"taxonomy":"product_tag","embeddable":true,"href":"https:\/\/fredfloris.eu\/de\/wp-json\/wp\/v2\/product_tag?post=5136"},{"taxonomy":"woo-feed-brand","embeddable":true,"href":"https:\/\/fredfloris.eu\/de\/wp-json\/wp\/v2\/woo-feed-brand?post=5136"}],"curies":[{"name":"wp","href":"https:\/\/api.w.org\/{rel}","templated":true}]}}