{"id":5148,"date":"2022-05-16T17:20:21","date_gmt":"2022-05-16T15:20:21","guid":{"rendered":"https:\/\/fredfloris.eu\/?post_type=product&#038;p=5148"},"modified":"2024-06-24T21:20:00","modified_gmt":"2024-06-24T19:20:00","slug":"a5-daybook","status":"publish","type":"product","link":"https:\/\/fredfloris.eu\/de\/productpage\/a5-daybook\/","title":{"rendered":"Dickens, Shelley oder Keats - A5 Leder-Tagebucheinb\u00e4nde"},"content":{"rendered":"<p><strong>Personalisierung:<\/strong> F\u00fcgen Sie einen Namen oder eine Nachricht hinzu, ohne zus\u00e4tzliche Kosten. Wenn Sie Ihr eigenes Design hinzuf\u00fcgen m\u00f6chten, legen Sie einfach das Produkt und das von Ihnen gew\u00e4hlte Design in Ihren Warenkorb.<\/p>\n<p><a class=\"lumise-customize-button button alt\" href=\"https:\/\/fredfloris.eu\/de\/productpage\/customize-dickens-shelley-or-keats-a5-journals\/?wmc-currency=EUR\" name=\"customize\">Anpassen<\/a><\/p>\n<p><strong>Steigern Sie Ihr professionelles Image mit unserer Leder-Tagebuchh\u00fclle.<\/strong> Mit dieser Tagesbuchh\u00fclle, die den richtigen ersten Eindruck macht, sind Sie immer gut vorbereitet. Ob f\u00fcr dringende Besprechungen, zwanglose Verabredungen oder Momente unerwarteter Inspiration - ein Stift und Papier zur Hand zu haben, ist von unsch\u00e4tzbarem Wert. Das Schreiben mit Stift und Papier ist nicht nur befreiend, sondern vereinfacht auch das Festhalten Ihrer Ideen und entspricht Ihren pers\u00f6nlichen Vorlieben.<\/p>\n<p><strong>Optimale Gr\u00f6\u00dfe und Lagerung:<\/strong> Dieses Daybook-Cover ist f\u00fcr einen A5-Notizblock ausgelegt und hat die perfekte Gr\u00f6\u00dfe zum Mitnehmen. Sie verf\u00fcgt \u00fcber ein gro\u00dfes Fach hinter dem Umschlag und zwei kleinere F\u00e4cher auf der Innenseite, in denen Sie Ihren Lieblingsstift aufbewahren und immer in Reichweite haben k\u00f6nnen.<\/p>\n<p>Jedem Leder-Tagebuch liegt ein kostenloses Exemplar unserer <a href=\"https:\/\/fredfloris.eu\/de\/productpage\/notebooks-journals\/?wmc-currency=EUR\">Nordic Swan und Easy on The Planet Notizb\u00fccher mit dem Umweltzeichen<\/a>.<\/p>\n<p><strong>Produktspezifikationen:<\/strong><\/p>\n<ul>\n<li><strong>Vollst\u00e4ndig von Hand in unserem familiengef\u00fchrten Lederkunststudio gefertigt<\/strong><\/li>\n<li><strong>Materialien:<\/strong> Verwendet drei verschiedene Lederarten, die jeweils f\u00fcr die richtige Haptik und Flexibilit\u00e4t f\u00fcr bestimmte Abschnitte des Tagesbuchs ausgew\u00e4hlt wurden<\/li>\n<li><strong>Farboptionen:<\/strong>\n<ul>\n<li><strong>Exterieur:<\/strong> Verf\u00fcgbar in Schwarz<\/li>\n<li><strong>Klappe und kleineres Innenfach:<\/strong> W\u00e4hlen Sie aus Dunkel Cognac, Dunkelgelb, Blau-Gr\u00fcn<\/li>\n<\/ul>\n<\/li>\n<li><strong>Abmessungen:<\/strong> Breite wenn gefaltet: 170 mm, H\u00f6he: 235 mm<\/li>\n<li><strong>Scherzen:<\/strong> Handgestanzte Broguing-Details verleihen dem Design Flair und Definition<\/li>\n<li><strong>N\u00e4hen<\/strong>: Traditionelle Sattlerheftung, von Hand gen\u00e4ht<\/li>\n<li><strong>Merkmale:<\/strong> Dieses Tagebuch ist nachf\u00fcllbar und somit ein dauerhaftes Accessoire<\/li>\n<li><strong>Thema:<\/strong> Hergestellt aus Tiger Ritza 25 Garn, das f\u00fcr seine St\u00e4rke und Widerstandsf\u00e4higkeit bekannt ist.<\/li>\n<\/ul>\n<p>&nbsp;<\/p>\n<p>Suchbegriffe: Handgefertigtes nachf\u00fcllbares Leder-Tagebuch, Leder-Tagebucheinband<\/p>","protected":false},"excerpt":{"rendered":"<p>F\u00fcr die Au\u00dfenseite unseres Tagesbuchs verwenden wir ein pflanzlich gegerbtes, vollnarbiges Leder von den Schultern des Stiers. Es ist etwa 3,5 mm dick, aber dennoch sehr robust und eignet sich daher hervorragend f\u00fcr die Herstellung eines Tagesbuchs.<\/p>\n<pre><\/pre>\n<p>Das zweite Leder, das wir verwendet haben, ist f\u00fcr die gr\u00f6\u00dfere Innentasche. Wir haben ein 2 mm dickes Leder verwendet, das sch\u00f6ner und weicher ist und mehr Flexibilit\u00e4t beim Einstecken von Gegenst\u00e4nden bietet. Die kleineren Innentaschen und die Klappe schlie\u00dflich wurden aus 1,8 mm starkem gewachstem Leder gefertigt, das der gesamten Innenausstattung ein sch\u00f6nes, gl\u00e4nzendes Aussehen verleiht. Die Falzdetails auf der Klappe wurden von Hand mit einem Lochstempel angebracht.<\/p>\n<pre><\/pre>\n<p>Alle Kanten dieses handgefertigten Ledertagebuchs wurden mit gro\u00dfer Pr\u00e4zision abgerundet, geschliffen und lackiert, um die Haltbarkeit des vollnarbigen Leders zu gew\u00e4hrleisten. Abgerundet wird das Ganze durch vermessingte Stahleckensch\u00fctzer. Abgerundet wird das Leder-Tagebuch durch ein elastisches Band, das diese gut verarbeitete Zeitschrift perfekt zusammenh\u00e4lt.<\/p>\n<pre><\/pre>\n<p>Das mit Anilin gegerbte Leder wird von Mapel &amp; C geliefert, und das gewachste Leder wird von Badalassi Carlo geliefert. Beide Gerbereien verwenden das alte toskanische Vacchetta-Rezept, um ihr Leder zu gerben, und beide geh\u00f6ren angesehenen Organisationen an, den toskanischen Gerbereiunternehmen bzw. dem Konsortium Pelle Conciata al Vegetale.<\/p>","protected":false},"featured_media":10226,"template":"","meta":[],"pwb-brand":[203],"product_brand":[],"product_cat":[110,100],"product_tag":[123,136,105],"woo-feed-brand":[],"class_list":{"0":"post-5148","1":"product","2":"type-product","3":"status-publish","4":"has-post-thumbnail","6":"pwb-brand-fredfloris","7":"product_cat-journals","8":"product_cat-leathergoods","9":"product_tag-full-grain-leather","10":"product_tag-handmade","11":"product_tag-made-to-order","12":"product_shipping_class-large-goods","13":"pa_leather-colour-petrol-waxed","14":"pa_leather-colour-dark-cognac-waxed","15":"pa_leather-colour-mustard-waxed","16":"pa_primary-leather-colour-black-mapelec-thick2","18":"first","19":"instock","20":"taxable","21":"shipping-taxable","22":"purchasable","23":"product-type-variable","24":"has-default-attributes"},"yoast_head":"<!-- This site is optimized with the Yoast SEO plugin v27.2 - https:\/\/yoast.com\/product\/yoast-seo-wordpress\/ -->\n<title>Personalized Refillable Leather daybook| FredFloris<\/title>\n<meta name=\"description\" content=\"Experience a luxury handmade leather daybook. Made using the finest Italian vegetable-tanned full-grain leather. Refillable leather daybook\" \/>\n<meta name=\"robots\" content=\"index, follow, max-snippet:-1, max-image-preview:large, max-video-preview:-1\" \/>\n<link rel=\"canonical\" href=\"https:\/\/fredfloris.eu\/de\/productpage\/a5-daybook\/?wmc-currency=EUR\" \/>\n<meta property=\"og:locale\" content=\"de_DE\" \/>\n<meta property=\"og:type\" content=\"article\" \/>\n<meta property=\"og:title\" content=\"Personalized Refillable Leather daybook| FredFloris\" \/>\n<meta property=\"og:description\" content=\"Experience a luxury handmade leather daybook. Made using the finest Italian vegetable-tanned full-grain leather. Refillable leather daybook\" \/>\n<meta property=\"og:url\" content=\"https:\/\/fredfloris.eu\/de\/productpage\/a5-daybook\/?wmc-currency=EUR\" \/>\n<meta property=\"og:site_name\" content=\"FredFloris\" \/>\n<meta property=\"article:publisher\" content=\"https:\/\/www.facebook.com\/FredFloris.Artisan.Studio\/\" \/>\n<meta property=\"article:modified_time\" content=\"2024-06-24T19:20:00+00:00\" \/>\n<meta property=\"og:image\" content=\"https:\/\/fredfloris.eu\/wp-content\/uploads\/2022\/11\/IMG_3892-scaled.jpg\" \/>\n\t<meta property=\"og:image:width\" content=\"2560\" \/>\n\t<meta property=\"og:image:height\" content=\"1707\" \/>\n\t<meta property=\"og:image:type\" content=\"image\/jpeg\" \/>\n<meta name=\"twitter:card\" content=\"summary_large_image\" \/>\n<meta name=\"twitter:site\" content=\"@_fredfloris_\" \/>\n<meta name=\"twitter:label1\" content=\"Gesch\u00e4tzte Lesezeit\" \/>\n\t<meta name=\"twitter:data1\" content=\"2\u00a0Minuten\" \/>\n<script type=\"application\/ld+json\" class=\"yoast-schema-graph\">{\"@context\":\"https:\/\/schema.org\",\"@graph\":[{\"@type\":\"WebPage\",\"@id\":\"https:\/\/fredfloris.eu\/productpage\/a5-daybook\/\",\"url\":\"https:\/\/fredfloris.eu\/productpage\/a5-daybook\/\",\"name\":\"Personalized Refillable Leather daybook| FredFloris\",\"isPartOf\":{\"@id\":\"https:\/\/fredfloris.eu\/#website\"},\"primaryImageOfPage\":{\"@id\":\"https:\/\/fredfloris.eu\/productpage\/a5-daybook\/#primaryimage\"},\"image\":{\"@id\":\"https:\/\/fredfloris.eu\/productpage\/a5-daybook\/#primaryimage\"},\"thumbnailUrl\":\"https:\/\/fredfloris.eu\/wp-content\/uploads\/2022\/11\/IMG_3892-scaled.jpg\",\"datePublished\":\"2022-05-16T15:20:21+00:00\",\"dateModified\":\"2024-06-24T19:20:00+00:00\",\"description\":\"Experience a luxury handmade leather daybook. Made using the finest Italian vegetable-tanned full-grain leather. Refillable leather daybook\",\"breadcrumb\":{\"@id\":\"https:\/\/fredfloris.eu\/productpage\/a5-daybook\/#breadcrumb\"},\"inLanguage\":\"de\",\"potentialAction\":[{\"@type\":\"ReadAction\",\"target\":[\"https:\/\/fredfloris.eu\/productpage\/a5-daybook\/\"]}]},{\"@type\":\"ImageObject\",\"inLanguage\":\"de\",\"@id\":\"https:\/\/fredfloris.eu\/productpage\/a5-daybook\/#primaryimage\",\"url\":\"https:\/\/fredfloris.eu\/wp-content\/uploads\/2022\/11\/IMG_3892-scaled.jpg\",\"contentUrl\":\"https:\/\/fredfloris.eu\/wp-content\/uploads\/2022\/11\/IMG_3892-scaled.jpg\",\"width\":2560,\"height\":1707,\"caption\":\"Product: Dickens, Shelley or Keats - A5 Journals, Interior, Colour: Black, Dark Cognac, Corner Protectors: Solid Brass\"},{\"@type\":\"BreadcrumbList\",\"@id\":\"https:\/\/fredfloris.eu\/productpage\/a5-daybook\/#breadcrumb\",\"itemListElement\":[{\"@type\":\"ListItem\",\"position\":1,\"name\":\"Home\",\"item\":\"https:\/\/fredfloris.eu\/\"},{\"@type\":\"ListItem\",\"position\":2,\"name\":\"Shop\",\"item\":\"https:\/\/fredfloris.eu\/shop\/\"},{\"@type\":\"ListItem\",\"position\":3,\"name\":\"Dickens, Shelley or Keats &#8211; A5 Leather Daybook Covers\"}]},{\"@type\":\"WebSite\",\"@id\":\"https:\/\/fredfloris.eu\/#website\",\"url\":\"https:\/\/fredfloris.eu\/\",\"name\":\"FredFloris\",\"description\":\"Handcrafted Leathergoods - Made in Sweden\",\"publisher\":{\"@id\":\"https:\/\/fredfloris.eu\/#organization\"},\"potentialAction\":[{\"@type\":\"SearchAction\",\"target\":{\"@type\":\"EntryPoint\",\"urlTemplate\":\"https:\/\/fredfloris.eu\/?s={search_term_string}\"},\"query-input\":{\"@type\":\"PropertyValueSpecification\",\"valueRequired\":true,\"valueName\":\"search_term_string\"}}],\"inLanguage\":\"de\"},{\"@type\":\"Organization\",\"@id\":\"https:\/\/fredfloris.eu\/#organization\",\"name\":\"FredFloris\",\"url\":\"https:\/\/fredfloris.eu\/\",\"logo\":{\"@type\":\"ImageObject\",\"inLanguage\":\"de\",\"@id\":\"https:\/\/fredfloris.eu\/#\/schema\/logo\/image\/\",\"url\":\"https:\/\/fredfloris.eu\/wp-content\/uploads\/2022\/03\/FredFloris-med-hel-nal-och-text.png\",\"contentUrl\":\"https:\/\/fredfloris.eu\/wp-content\/uploads\/2022\/03\/FredFloris-med-hel-nal-och-text.png\",\"width\":591,\"height\":283,\"caption\":\"FredFloris\"},\"image\":{\"@id\":\"https:\/\/fredfloris.eu\/#\/schema\/logo\/image\/\"},\"sameAs\":[\"https:\/\/www.facebook.com\/FredFloris.Artisan.Studio\/\",\"https:\/\/x.com\/_fredfloris_\",\"https:\/\/www.instagram.com\/fredfloris.artisan.studio\/\"]}]}<\/script>\n<!-- \/ Yoast SEO plugin. -->","yoast_head_json":{"title":"Personalisiertes nachf\u00fcllbares Leder-Tagebuch| FredFloris","description":"Erleben Sie ein luxuri\u00f6ses handgefertigtes Leder-Tagebuch. Hergestellt aus feinstem italienischem, pflanzlich gegerbtem, vollnarbigem Leder. Nachf\u00fcllbares Leder-Tagebuch","robots":{"index":"index","follow":"follow","max-snippet":"max-snippet:-1","max-image-preview":"max-image-preview:large","max-video-preview":"max-video-preview:-1"},"canonical":"https:\/\/fredfloris.eu\/de\/productpage\/a5-daybook\/?wmc-currency=EUR","og_locale":"de_DE","og_type":"article","og_title":"Personalized Refillable Leather daybook| FredFloris","og_description":"Experience a luxury handmade leather daybook. Made using the finest Italian vegetable-tanned full-grain leather. Refillable leather daybook","og_url":"https:\/\/fredfloris.eu\/de\/productpage\/a5-daybook\/?wmc-currency=EUR","og_site_name":"FredFloris","article_publisher":"https:\/\/www.facebook.com\/FredFloris.Artisan.Studio\/","article_modified_time":"2024-06-24T19:20:00+00:00","og_image":[{"width":2560,"height":1707,"url":"https:\/\/fredfloris.eu\/wp-content\/uploads\/2022\/11\/IMG_3892-scaled.jpg","type":"image\/jpeg"}],"twitter_card":"summary_large_image","twitter_site":"@_fredfloris_","twitter_misc":{"Gesch\u00e4tzte Lesezeit":"2\u00a0Minuten"},"schema":{"@context":"https:\/\/schema.org","@graph":[{"@type":"WebPage","@id":"https:\/\/fredfloris.eu\/productpage\/a5-daybook\/","url":"https:\/\/fredfloris.eu\/productpage\/a5-daybook\/","name":"Personalisiertes nachf\u00fcllbares Leder-Tagebuch| FredFloris","isPartOf":{"@id":"https:\/\/fredfloris.eu\/#website"},"primaryImageOfPage":{"@id":"https:\/\/fredfloris.eu\/productpage\/a5-daybook\/#primaryimage"},"image":{"@id":"https:\/\/fredfloris.eu\/productpage\/a5-daybook\/#primaryimage"},"thumbnailUrl":"https:\/\/fredfloris.eu\/wp-content\/uploads\/2022\/11\/IMG_3892-scaled.jpg","datePublished":"2022-05-16T15:20:21+00:00","dateModified":"2024-06-24T19:20:00+00:00","description":"Erleben Sie ein luxuri\u00f6ses handgefertigtes Leder-Tagebuch. Hergestellt aus feinstem italienischem, pflanzlich gegerbtem, vollnarbigem Leder. Nachf\u00fcllbares Leder-Tagebuch","breadcrumb":{"@id":"https:\/\/fredfloris.eu\/productpage\/a5-daybook\/#breadcrumb"},"inLanguage":"de","potentialAction":[{"@type":"ReadAction","target":["https:\/\/fredfloris.eu\/productpage\/a5-daybook\/"]}]},{"@type":"ImageObject","inLanguage":"de","@id":"https:\/\/fredfloris.eu\/productpage\/a5-daybook\/#primaryimage","url":"https:\/\/fredfloris.eu\/wp-content\/uploads\/2022\/11\/IMG_3892-scaled.jpg","contentUrl":"https:\/\/fredfloris.eu\/wp-content\/uploads\/2022\/11\/IMG_3892-scaled.jpg","width":2560,"height":1707,"caption":"Product: Dickens, Shelley or Keats - A5 Journals, Interior, Colour: Black, Dark Cognac, Corner Protectors: Solid Brass"},{"@type":"BreadcrumbList","@id":"https:\/\/fredfloris.eu\/productpage\/a5-daybook\/#breadcrumb","itemListElement":[{"@type":"ListItem","position":1,"name":"Home","item":"https:\/\/fredfloris.eu\/"},{"@type":"ListItem","position":2,"name":"Shop","item":"https:\/\/fredfloris.eu\/shop\/"},{"@type":"ListItem","position":3,"name":"Dickens, Shelley or Keats &#8211; A5 Leather Daybook Covers"}]},{"@type":"WebSite","@id":"https:\/\/fredfloris.eu\/#website","url":"https:\/\/fredfloris.eu\/","name":"FredFloris","description":"Handgefertigte Lederwaren - Made in Sweden","publisher":{"@id":"https:\/\/fredfloris.eu\/#organization"},"potentialAction":[{"@type":"SearchAction","target":{"@type":"EntryPoint","urlTemplate":"https:\/\/fredfloris.eu\/?s={search_term_string}"},"query-input":{"@type":"PropertyValueSpecification","valueRequired":true,"valueName":"search_term_string"}}],"inLanguage":"de"},{"@type":"Organization","@id":"https:\/\/fredfloris.eu\/#organization","name":"FredFloris","url":"https:\/\/fredfloris.eu\/","logo":{"@type":"ImageObject","inLanguage":"de","@id":"https:\/\/fredfloris.eu\/#\/schema\/logo\/image\/","url":"https:\/\/fredfloris.eu\/wp-content\/uploads\/2022\/03\/FredFloris-med-hel-nal-och-text.png","contentUrl":"https:\/\/fredfloris.eu\/wp-content\/uploads\/2022\/03\/FredFloris-med-hel-nal-och-text.png","width":591,"height":283,"caption":"FredFloris"},"image":{"@id":"https:\/\/fredfloris.eu\/#\/schema\/logo\/image\/"},"sameAs":["https:\/\/www.facebook.com\/FredFloris.Artisan.Studio\/","https:\/\/x.com\/_fredfloris_","https:\/\/www.instagram.com\/fredfloris.artisan.studio\/"]}]}},"brands":[{"id":203,"name":"FredFloris","slug":"fredfloris"}],"_links":{"self":[{"href":"https:\/\/fredfloris.eu\/de\/wp-json\/wp\/v2\/product\/5148","targetHints":{"allow":["GET"]}}],"collection":[{"href":"https:\/\/fredfloris.eu\/de\/wp-json\/wp\/v2\/product"}],"about":[{"href":"https:\/\/fredfloris.eu\/de\/wp-json\/wp\/v2\/types\/product"}],"version-history":[{"count":14,"href":"https:\/\/fredfloris.eu\/de\/wp-json\/wp\/v2\/product\/5148\/revisions"}],"predecessor-version":[{"id":11548,"href":"https:\/\/fredfloris.eu\/de\/wp-json\/wp\/v2\/product\/5148\/revisions\/11548"}],"wp:featuredmedia":[{"embeddable":true,"href":"https:\/\/fredfloris.eu\/de\/wp-json\/wp\/v2\/media\/10226"}],"wp:attachment":[{"href":"https:\/\/fredfloris.eu\/de\/wp-json\/wp\/v2\/media?parent=5148"}],"wp:term":[{"taxonomy":"pwb-brand","embeddable":true,"href":"https:\/\/fredfloris.eu\/de\/wp-json\/wp\/v2\/pwb-brand?post=5148"},{"taxonomy":"product_brand","embeddable":true,"href":"https:\/\/fredfloris.eu\/de\/wp-json\/wp\/v2\/product_brand?post=5148"},{"taxonomy":"product_cat","embeddable":true,"href":"https:\/\/fredfloris.eu\/de\/wp-json\/wp\/v2\/product_cat?post=5148"},{"taxonomy":"product_tag","embeddable":true,"href":"https:\/\/fredfloris.eu\/de\/wp-json\/wp\/v2\/product_tag?post=5148"},{"taxonomy":"woo-feed-brand","embeddable":true,"href":"https:\/\/fredfloris.eu\/de\/wp-json\/wp\/v2\/woo-feed-brand?post=5148"}],"curies":[{"name":"wp","href":"https:\/\/api.w.org\/{rel}","templated":true}]}}