{"id":5154,"date":"2022-05-16T17:32:11","date_gmt":"2022-05-16T15:32:11","guid":{"rendered":"https:\/\/fredfloris.eu\/?post_type=product&#038;p=5154"},"modified":"2024-06-24T21:14:15","modified_gmt":"2024-06-24T19:14:15","slug":"vattern-dopp-kits","status":"publish","type":"product","link":"https:\/\/fredfloris.eu\/de\/productpage\/vattern-dopp-kits\/","title":{"rendered":"V\u00e4ttern - Gro\u00dfe Dopp Kits"},"content":{"rendered":"<p><strong>Personalisierung:<\/strong> F\u00fcgen Sie einen Namen, ein Bild oder eine Nachricht hinzu, ohne zus\u00e4tzliche Kosten. Um Ihr eigenes Design hinzuzuf\u00fcgen, f\u00fcgen Sie einfach das Produkt und das von Ihnen gew\u00e4hlte Design in Ihren Warenkorb.<\/p>\n<p><a class=\"lumise-customize-button button alt\" href=\"https:\/\/fredfloris.eu\/de\/productpage\/customize-vattern-large-dopp-kits\/?wmc-currency=EUR\" name=\"customize\">Anpassen<\/a><\/p>\n<p><strong>Wir stellen Ihnen unser hochwertiges Dopp Kit vor, in dem Sie all Ihre wichtigsten Utensilien stilvoll unterbringen k\u00f6nnen.<\/strong> Diese ger\u00e4umige Tasche aus vollnarbigem Leder ist sowohl weich als auch strapazierf\u00e4hig. Der glatte YKK-Rei\u00dfverschluss aus Messing l\u00e4sst sich \u00f6ffnen und gibt den Blick auf ein sch\u00f6n gef\u00fcttertes Inneres frei, das sich perfekt f\u00fcr die Organisation von Pflegeprodukten und Rasierzubeh\u00f6r eignet. Beginnen Sie Ihren Tag m\u00fchelos mit allem, was Sie brauchen, an einem sicheren Ort.<\/p>\n<p><strong>Einfach, stilvoll und anspruchsvoll:<\/strong> Das Vertrauen in die Handwerkskunst und Langlebigkeit dieser Reisetasche ist einfach. Sie verspricht, viele Jahre lang ein treuer Begleiter zu sein, der Sie auf jeder Reise mit Zuverl\u00e4ssigkeit und Klasse begleitet.<\/p>\n<p><strong>Produktspezifikationen:<\/strong><\/p>\n<ul>\n<li><strong>Vollst\u00e4ndig von Hand in unserem familiengef\u00fchrten Lederkunststudio gefertigt<\/strong><\/li>\n<li><strong>Abmessungen:<\/strong> Breite: ~255 mm, H\u00f6he: ~160 mm<\/li>\n<li><strong>Farboptionen:<\/strong> Erh\u00e4ltlich in Cognac und Medium Brown<\/li>\n<li><strong>Material:<\/strong> Hergestellt aus pflanzlich gegerbtem, vollnarbigem Kalbsleder, gegerbt in Italien<\/li>\n<li><strong>N\u00e4hen:<\/strong> Traditionelle Sattlerheftung, von Hand gen\u00e4ht<\/li>\n<li><strong>Rei\u00dfverschluss:<\/strong> Ausgestattet mit einem hochwertigen YKK-Messing-Rei\u00dfverschluss<\/li>\n<li><strong>Auskleidung:<\/strong> Gef\u00fcttert mit pflanzlich gegerbtem Vollnarbenleder f\u00fcr einen zus\u00e4tzlichen Hauch von Luxus<\/li>\n<li><strong>Thema:<\/strong> Gen\u00e4ht mit Tiger Ritza 25 Garn, bekannt f\u00fcr seine St\u00e4rke und Widerstandsf\u00e4higkeit<\/li>\n<\/ul>\n<p>&nbsp;<\/p>\n<p>Suchbegriffe: Reise-Leder-Doppelpack, Kulturtasche<\/p>","protected":false},"excerpt":{"rendered":"<p>Unser Doppelpack wird aus vollnarbigem europ\u00e4ischem Kalbsleder hergestellt, das von der italienischen Gerberei Mapel &amp; C in Zusammenarbeit mit toskanischen Gerbereien geliefert wird. W\u00e4hrend des Gerbungsprozesses wird dem Leder eine leichte \u00d6lschicht hinzugef\u00fcgt, um das sogenannte Pull-up-Leder zu erzeugen. Diese Gerbungsmethode verleiht dem Dopp Kit ein eher rustikales Aussehen.<\/p>\n<pre><\/pre>\n<p>Nach dem Eingang in unserer Werkstatt wird das Leder zugeschnitten, die Kanten werden abgerundet, geschliffen, von Hand poliert und anschlie\u00dfend von Hand gef\u00e4rbt. Bei diesem Prozess achten wir sehr auf die Details, damit die Maserung des Leders erhalten bleibt.<\/p>\n<pre><\/pre>\n<p>Die Innenseite ist mit einem neutralen Kalbsleder gef\u00fcttert, das vollst\u00e4ndig von Hand zusammengen\u00e4ht wird. Die Griffe und der YKK-Rei\u00dfverschluss sind mit der traditionellen Sattler-Nahttechnik von Hand an das Hauptteil gen\u00e4ht. Diese Art des N\u00e4hens gew\u00e4hrleistet die Haltbarkeit des Produkts, insbesondere bei starker Beanspruchung.<\/p>","protected":false},"featured_media":10187,"template":"","meta":[],"pwb-brand":[203],"product_brand":[],"product_cat":[111,100],"product_tag":[123,136,105],"woo-feed-brand":[],"class_list":{"0":"post-5154","1":"product","2":"type-product","3":"status-publish","4":"has-post-thumbnail","6":"pwb-brand-fredfloris","7":"product_cat-dopp-kits","8":"product_cat-leathergoods","9":"product_tag-full-grain-leather","10":"product_tag-handmade","11":"product_tag-made-to-order","12":"product_shipping_class-large-goods","13":"pa_leather-colour-cognac-pull-up","14":"pa_leather-colour-medium-brown-pull-up","16":"first","17":"instock","18":"taxable","19":"shipping-taxable","20":"purchasable","21":"product-type-variable","22":"has-default-attributes"},"yoast_head":"<!-- This site is optimized with the Yoast SEO plugin v27.2 - https:\/\/yoast.com\/product\/yoast-seo-wordpress\/ -->\n<title>Full-Grain Leather Dopp Kit | FredFloris<\/title>\n<meta name=\"description\" content=\"Our leather travel dopp kit is handmade with full-grain leather and GOTS-certified cotton fabric making the dopp kit bag highly durable.\" \/>\n<meta name=\"robots\" content=\"index, follow, max-snippet:-1, max-image-preview:large, max-video-preview:-1\" \/>\n<link rel=\"canonical\" href=\"https:\/\/fredfloris.eu\/de\/productpage\/vattern-dopp-kits\/?wmc-currency=EUR\" \/>\n<meta property=\"og:locale\" content=\"de_DE\" \/>\n<meta property=\"og:type\" content=\"article\" \/>\n<meta property=\"og:title\" content=\"Full-Grain Leather Dopp Kit | FredFloris\" \/>\n<meta property=\"og:description\" content=\"Our leather travel dopp kit is handmade with full-grain leather and GOTS-certified cotton fabric making the dopp kit bag highly durable.\" \/>\n<meta property=\"og:url\" content=\"https:\/\/fredfloris.eu\/de\/productpage\/vattern-dopp-kits\/?wmc-currency=EUR\" \/>\n<meta property=\"og:site_name\" content=\"FredFloris\" \/>\n<meta property=\"article:publisher\" content=\"https:\/\/www.facebook.com\/FredFloris.Artisan.Studio\/\" \/>\n<meta property=\"article:modified_time\" content=\"2024-06-24T19:14:15+00:00\" \/>\n<meta property=\"og:image\" content=\"https:\/\/fredfloris.eu\/wp-content\/uploads\/2022\/10\/IMG_3810-scaled.jpg\" \/>\n\t<meta property=\"og:image:width\" content=\"2560\" \/>\n\t<meta property=\"og:image:height\" content=\"1707\" \/>\n\t<meta property=\"og:image:type\" content=\"image\/jpeg\" \/>\n<meta name=\"twitter:card\" content=\"summary_large_image\" \/>\n<meta name=\"twitter:site\" content=\"@_fredfloris_\" \/>\n<meta name=\"twitter:label1\" content=\"Gesch\u00e4tzte Lesezeit\" \/>\n\t<meta name=\"twitter:data1\" content=\"2\u00a0Minuten\" \/>\n<script type=\"application\/ld+json\" class=\"yoast-schema-graph\">{\"@context\":\"https:\/\/schema.org\",\"@graph\":[{\"@type\":\"WebPage\",\"@id\":\"https:\/\/fredfloris.eu\/productpage\/vattern-dopp-kits\/\",\"url\":\"https:\/\/fredfloris.eu\/productpage\/vattern-dopp-kits\/\",\"name\":\"Full-Grain Leather Dopp Kit | FredFloris\",\"isPartOf\":{\"@id\":\"https:\/\/fredfloris.eu\/#website\"},\"primaryImageOfPage\":{\"@id\":\"https:\/\/fredfloris.eu\/productpage\/vattern-dopp-kits\/#primaryimage\"},\"image\":{\"@id\":\"https:\/\/fredfloris.eu\/productpage\/vattern-dopp-kits\/#primaryimage\"},\"thumbnailUrl\":\"https:\/\/fredfloris.eu\/wp-content\/uploads\/2022\/10\/IMG_3810-scaled.jpg\",\"datePublished\":\"2022-05-16T15:32:11+00:00\",\"dateModified\":\"2024-06-24T19:14:15+00:00\",\"description\":\"Our leather travel dopp kit is handmade with full-grain leather and GOTS-certified cotton fabric making the dopp kit bag highly durable.\",\"breadcrumb\":{\"@id\":\"https:\/\/fredfloris.eu\/productpage\/vattern-dopp-kits\/#breadcrumb\"},\"inLanguage\":\"de\",\"potentialAction\":[{\"@type\":\"ReadAction\",\"target\":[\"https:\/\/fredfloris.eu\/productpage\/vattern-dopp-kits\/\"]}]},{\"@type\":\"ImageObject\",\"inLanguage\":\"de\",\"@id\":\"https:\/\/fredfloris.eu\/productpage\/vattern-dopp-kits\/#primaryimage\",\"url\":\"https:\/\/fredfloris.eu\/wp-content\/uploads\/2022\/10\/IMG_3810-scaled.jpg\",\"contentUrl\":\"https:\/\/fredfloris.eu\/wp-content\/uploads\/2022\/10\/IMG_3810-scaled.jpg\",\"width\":2560,\"height\":1707,\"caption\":\"Product: Dickens, V\u00e4ttern - Large Dopp Kits, Colour: Medium Brown & Cognac, Thread Colour: Black, YKK Brass Zipper\"},{\"@type\":\"BreadcrumbList\",\"@id\":\"https:\/\/fredfloris.eu\/productpage\/vattern-dopp-kits\/#breadcrumb\",\"itemListElement\":[{\"@type\":\"ListItem\",\"position\":1,\"name\":\"Home\",\"item\":\"https:\/\/fredfloris.eu\/\"},{\"@type\":\"ListItem\",\"position\":2,\"name\":\"Shop\",\"item\":\"https:\/\/fredfloris.eu\/shop\/\"},{\"@type\":\"ListItem\",\"position\":3,\"name\":\"V\u00e4ttern &#8211; Large Dopp Kits\"}]},{\"@type\":\"WebSite\",\"@id\":\"https:\/\/fredfloris.eu\/#website\",\"url\":\"https:\/\/fredfloris.eu\/\",\"name\":\"FredFloris\",\"description\":\"Handcrafted Leathergoods - Made in Sweden\",\"publisher\":{\"@id\":\"https:\/\/fredfloris.eu\/#organization\"},\"potentialAction\":[{\"@type\":\"SearchAction\",\"target\":{\"@type\":\"EntryPoint\",\"urlTemplate\":\"https:\/\/fredfloris.eu\/?s={search_term_string}\"},\"query-input\":{\"@type\":\"PropertyValueSpecification\",\"valueRequired\":true,\"valueName\":\"search_term_string\"}}],\"inLanguage\":\"de\"},{\"@type\":\"Organization\",\"@id\":\"https:\/\/fredfloris.eu\/#organization\",\"name\":\"FredFloris\",\"url\":\"https:\/\/fredfloris.eu\/\",\"logo\":{\"@type\":\"ImageObject\",\"inLanguage\":\"de\",\"@id\":\"https:\/\/fredfloris.eu\/#\/schema\/logo\/image\/\",\"url\":\"https:\/\/fredfloris.eu\/wp-content\/uploads\/2022\/03\/FredFloris-med-hel-nal-och-text.png\",\"contentUrl\":\"https:\/\/fredfloris.eu\/wp-content\/uploads\/2022\/03\/FredFloris-med-hel-nal-och-text.png\",\"width\":591,\"height\":283,\"caption\":\"FredFloris\"},\"image\":{\"@id\":\"https:\/\/fredfloris.eu\/#\/schema\/logo\/image\/\"},\"sameAs\":[\"https:\/\/www.facebook.com\/FredFloris.Artisan.Studio\/\",\"https:\/\/x.com\/_fredfloris_\",\"https:\/\/www.instagram.com\/fredfloris.artisan.studio\/\"]}]}<\/script>\n<!-- \/ Yoast SEO plugin. -->","yoast_head_json":{"title":"Vollnarbenleder Dopp Kit | FredFloris","description":"Unser Leder-Reise-Doppelpack wird aus Vollnarbenleder und GOTS-zertifiziertem Baumwollstoff handgefertigt, was die Doppelpack-Tasche sehr langlebig macht.","robots":{"index":"index","follow":"follow","max-snippet":"max-snippet:-1","max-image-preview":"max-image-preview:large","max-video-preview":"max-video-preview:-1"},"canonical":"https:\/\/fredfloris.eu\/de\/productpage\/vattern-dopp-kits\/?wmc-currency=EUR","og_locale":"de_DE","og_type":"article","og_title":"Full-Grain Leather Dopp Kit | FredFloris","og_description":"Our leather travel dopp kit is handmade with full-grain leather and GOTS-certified cotton fabric making the dopp kit bag highly durable.","og_url":"https:\/\/fredfloris.eu\/de\/productpage\/vattern-dopp-kits\/?wmc-currency=EUR","og_site_name":"FredFloris","article_publisher":"https:\/\/www.facebook.com\/FredFloris.Artisan.Studio\/","article_modified_time":"2024-06-24T19:14:15+00:00","og_image":[{"width":2560,"height":1707,"url":"https:\/\/fredfloris.eu\/wp-content\/uploads\/2022\/10\/IMG_3810-scaled.jpg","type":"image\/jpeg"}],"twitter_card":"summary_large_image","twitter_site":"@_fredfloris_","twitter_misc":{"Gesch\u00e4tzte Lesezeit":"2\u00a0Minuten"},"schema":{"@context":"https:\/\/schema.org","@graph":[{"@type":"WebPage","@id":"https:\/\/fredfloris.eu\/productpage\/vattern-dopp-kits\/","url":"https:\/\/fredfloris.eu\/productpage\/vattern-dopp-kits\/","name":"Vollnarbenleder Dopp Kit | FredFloris","isPartOf":{"@id":"https:\/\/fredfloris.eu\/#website"},"primaryImageOfPage":{"@id":"https:\/\/fredfloris.eu\/productpage\/vattern-dopp-kits\/#primaryimage"},"image":{"@id":"https:\/\/fredfloris.eu\/productpage\/vattern-dopp-kits\/#primaryimage"},"thumbnailUrl":"https:\/\/fredfloris.eu\/wp-content\/uploads\/2022\/10\/IMG_3810-scaled.jpg","datePublished":"2022-05-16T15:32:11+00:00","dateModified":"2024-06-24T19:14:15+00:00","description":"Unser Leder-Reise-Doppelpack wird aus Vollnarbenleder und GOTS-zertifiziertem Baumwollstoff handgefertigt, was die Doppelpack-Tasche sehr langlebig macht.","breadcrumb":{"@id":"https:\/\/fredfloris.eu\/productpage\/vattern-dopp-kits\/#breadcrumb"},"inLanguage":"de","potentialAction":[{"@type":"ReadAction","target":["https:\/\/fredfloris.eu\/productpage\/vattern-dopp-kits\/"]}]},{"@type":"ImageObject","inLanguage":"de","@id":"https:\/\/fredfloris.eu\/productpage\/vattern-dopp-kits\/#primaryimage","url":"https:\/\/fredfloris.eu\/wp-content\/uploads\/2022\/10\/IMG_3810-scaled.jpg","contentUrl":"https:\/\/fredfloris.eu\/wp-content\/uploads\/2022\/10\/IMG_3810-scaled.jpg","width":2560,"height":1707,"caption":"Product: Dickens, V\u00e4ttern - Large Dopp Kits, Colour: Medium Brown & Cognac, Thread Colour: Black, YKK Brass Zipper"},{"@type":"BreadcrumbList","@id":"https:\/\/fredfloris.eu\/productpage\/vattern-dopp-kits\/#breadcrumb","itemListElement":[{"@type":"ListItem","position":1,"name":"Home","item":"https:\/\/fredfloris.eu\/"},{"@type":"ListItem","position":2,"name":"Shop","item":"https:\/\/fredfloris.eu\/shop\/"},{"@type":"ListItem","position":3,"name":"V\u00e4ttern &#8211; Large Dopp Kits"}]},{"@type":"WebSite","@id":"https:\/\/fredfloris.eu\/#website","url":"https:\/\/fredfloris.eu\/","name":"FredFloris","description":"Handgefertigte Lederwaren - Made in Sweden","publisher":{"@id":"https:\/\/fredfloris.eu\/#organization"},"potentialAction":[{"@type":"SearchAction","target":{"@type":"EntryPoint","urlTemplate":"https:\/\/fredfloris.eu\/?s={search_term_string}"},"query-input":{"@type":"PropertyValueSpecification","valueRequired":true,"valueName":"search_term_string"}}],"inLanguage":"de"},{"@type":"Organization","@id":"https:\/\/fredfloris.eu\/#organization","name":"FredFloris","url":"https:\/\/fredfloris.eu\/","logo":{"@type":"ImageObject","inLanguage":"de","@id":"https:\/\/fredfloris.eu\/#\/schema\/logo\/image\/","url":"https:\/\/fredfloris.eu\/wp-content\/uploads\/2022\/03\/FredFloris-med-hel-nal-och-text.png","contentUrl":"https:\/\/fredfloris.eu\/wp-content\/uploads\/2022\/03\/FredFloris-med-hel-nal-och-text.png","width":591,"height":283,"caption":"FredFloris"},"image":{"@id":"https:\/\/fredfloris.eu\/#\/schema\/logo\/image\/"},"sameAs":["https:\/\/www.facebook.com\/FredFloris.Artisan.Studio\/","https:\/\/x.com\/_fredfloris_","https:\/\/www.instagram.com\/fredfloris.artisan.studio\/"]}]}},"brands":[{"id":203,"name":"FredFloris","slug":"fredfloris"}],"_links":{"self":[{"href":"https:\/\/fredfloris.eu\/de\/wp-json\/wp\/v2\/product\/5154","targetHints":{"allow":["GET"]}}],"collection":[{"href":"https:\/\/fredfloris.eu\/de\/wp-json\/wp\/v2\/product"}],"about":[{"href":"https:\/\/fredfloris.eu\/de\/wp-json\/wp\/v2\/types\/product"}],"version-history":[{"count":14,"href":"https:\/\/fredfloris.eu\/de\/wp-json\/wp\/v2\/product\/5154\/revisions"}],"predecessor-version":[{"id":11545,"href":"https:\/\/fredfloris.eu\/de\/wp-json\/wp\/v2\/product\/5154\/revisions\/11545"}],"wp:featuredmedia":[{"embeddable":true,"href":"https:\/\/fredfloris.eu\/de\/wp-json\/wp\/v2\/media\/10187"}],"wp:attachment":[{"href":"https:\/\/fredfloris.eu\/de\/wp-json\/wp\/v2\/media?parent=5154"}],"wp:term":[{"taxonomy":"pwb-brand","embeddable":true,"href":"https:\/\/fredfloris.eu\/de\/wp-json\/wp\/v2\/pwb-brand?post=5154"},{"taxonomy":"product_brand","embeddable":true,"href":"https:\/\/fredfloris.eu\/de\/wp-json\/wp\/v2\/product_brand?post=5154"},{"taxonomy":"product_cat","embeddable":true,"href":"https:\/\/fredfloris.eu\/de\/wp-json\/wp\/v2\/product_cat?post=5154"},{"taxonomy":"product_tag","embeddable":true,"href":"https:\/\/fredfloris.eu\/de\/wp-json\/wp\/v2\/product_tag?post=5154"},{"taxonomy":"woo-feed-brand","embeddable":true,"href":"https:\/\/fredfloris.eu\/de\/wp-json\/wp\/v2\/woo-feed-brand?post=5154"}],"curies":[{"name":"wp","href":"https:\/\/api.w.org\/{rel}","templated":true}]}}