{"id":5221,"date":"2022-05-16T21:05:04","date_gmt":"2022-05-16T19:05:04","guid":{"rendered":"https:\/\/fredfloris.eu\/?post_type=product&#038;p=5221"},"modified":"2024-06-24T20:59:16","modified_gmt":"2024-06-24T18:59:16","slug":"aspeland-movement-cufflinks","status":"publish","type":"product","link":"https:\/\/fredfloris.eu\/de\/productpage\/aspeland-movement-cufflinks\/","title":{"rendered":"Aspeland - Uhrwerk Manschettenkn\u00f6pfe"},"content":{"rendered":"<p><strong>Zelebrieren Sie die Verschmelzung von Uhrwerk, Steampunk und Industriemaschinen mit unseren exquisiten Manschettenkn\u00f6pfen.<\/strong> Diese Manschettenkn\u00f6pfe sind in einem Moment der Stille eingefangen, der an die industrielle Revolution erinnert. Die \u00c4ra des Dampfes ist zwar vorbei, aber der Charme dieser Mechanismen ist geblieben. Die eleganten Silbert\u00f6ne dieser Manschettenkn\u00f6pfe, die aus Teilen eines alten Uhrwerks gefertigt wurden, verleihen Ihrer formellen Kleidung einen Hauch von Faszination und Flair. Diese Mischung aus historischer Bedeutung, Handwerkskunst und klassischen Uhrwerkselementen schafft ein wahrhaft zeitloses Accessoire.<\/p>\n<p>Diese Manschettenkn\u00f6pfe sind ideal, um Ihre Individualit\u00e4t am Arbeitsplatz zum Ausdruck zu bringen. Sie erm\u00f6glichen es Ihnen, Ihren einzigartigen Stil zu zeigen und gleichzeitig Ihre Professionalit\u00e4t zu wahren. Kollegen und Kunden werden die subtile Einbindung Ihrer Pers\u00f6nlichkeit in Ihr Ensemble zu sch\u00e4tzen wissen.<\/p>\n<p><strong>Anspruchsvoll und stilvoll,<\/strong> diese Manschettenkn\u00f6pfe sind perfekt f\u00fcr Hochzeiten, besonders f\u00fcr diejenigen, die die Steampunk-\u00c4sthetik bewundern, aber dezent bleiben m\u00f6chten.<\/p>\n<p><strong>Grundmaterial:<\/strong> Der Edelstahlsockel ist nickelfrei und hypoallergen, was f\u00fcr Komfort sorgt und Hautreizungen verhindert.<\/p>\n<p><strong>Vintage Uhrwerk:<\/strong> Diese Manschettenkn\u00f6pfe wurden aus einem nicht funktionsf\u00e4higen alten Zaria-Uhrwerk gefertigt, das urspr\u00fcnglich aus der Ukraine stammt, und sind ein St\u00fcck Geschichte an Ihrem \u00c4rmel.<\/p>\n<p><strong>Perfekt zum Verschenken:<\/strong> Diese Manschettenkn\u00f6pfe sind ideal f\u00fcr Geburtstage, Jahrestage, den Vatertag oder als aufmerksames Geschenk f\u00fcr jeden besonderen Anlass. Sie sprechen jeden an, der Kunstfertigkeit und dezenten Stil zu sch\u00e4tzen wei\u00df.<\/p>\n<p><strong>Langlebiges Design:<\/strong> Unsere Manschettenkn\u00f6pfe sind nicht nur stilvoll, sondern auch zuverl\u00e4ssig, da sie die Manschetten sicher fixieren. Der hypoallergene, nickelfreie Edelstahlsockel sorgt f\u00fcr Haltbarkeit und Komfort.<\/p>\n<p>&nbsp;<\/p>\n<p>Suchbegriffe: Uhrwerk Manschettenkn\u00f6pfe, Uhrwerk Mechanismus Manschettenkn\u00f6pfe<\/p>","protected":false},"excerpt":{"rendered":"<p><strong>PRODUKTABMESSUNGEN - <\/strong>Produktgewicht: 20 g, Durchmesser der Manschettenkn\u00f6pfe: 20 mm.<\/p>\n<pre><\/pre>\n<p>SKU: asp\/cuf\/ste\/wat<br \/>\nMarke: FredFloris &amp; Partner<\/p>\n<pre><\/pre>\n<p><strong>Entdecken Sie die historische Eleganz unserer Manschettenkn\u00f6pfe aus altem Zaria-Uhrwerk.<\/strong> Diese Manschettenkn\u00f6pfe sind nicht nur ein Accessoire f\u00fcr Ihre formelle Kleidung, sondern tragen auch ein St\u00fcck bedeutender Uhrengeschichte in sich.<\/p>\n<p>&nbsp;<\/p>\n<p><strong>Historischer Hintergrund:<\/strong> Die Urspr\u00fcnge des Zaria-Uhrenwerks gehen auf die industrielle \u00c4ra der Sowjetunion vor dem Zweiten Weltkrieg zur\u00fcck. Urspr\u00fcnglich wurde die Pensaer Uhrenfabrik von dem franz\u00f6sischen Uhrenhersteller LIP betrieben, der 1936 in finanzielle Schwierigkeiten geriet. Bis 1940 wurde die Fabrik unter dem sowjetischen Regime als Dritte Staatliche Uhrenfabrik Pensa reorganisiert und konzentrierte sich auf die Produktion von kleinen Damenuhrwerken und Uhrmacherwerkzeugen. W\u00e4hrend des Zweiten Weltkriegs verlagerte sich die Rolle der Fabrik dramatisch auf die Unterst\u00fctzung der milit\u00e4rischen Anstrengungen und die Herstellung von M\u00f6rsern, Minenz\u00fcndern und anderer wichtiger milit\u00e4rischer Ausr\u00fcstung. Erst nach dem Zweiten Weltkrieg, im Jahr 1945, nahm die Fabrik die Produktion von zivilen G\u00fctern, insbesondere von Zeitmessern, wieder auf. Ab 1949 stellte sie ausschlie\u00dflich Damenkaliber unter der Uhrenmarke Zaria her. Heute steht Zaria f\u00fcr ein reiches Erbe, das mehrere Marken wie Junost, Kometa, Lux und Zvezda umfasst, in \u00fcber 52 L\u00e4nder weltweit exportiert und Millionen von Uhren produziert.<\/p>","protected":false},"featured_media":9768,"template":"","meta":[],"pwb-brand":[204],"product_brand":[],"product_cat":[120,118,101],"product_tag":[136],"woo-feed-brand":[],"class_list":{"0":"post-5221","1":"product","2":"type-product","3":"status-publish","4":"has-post-thumbnail","6":"pwb-brand-fredfloris-partner","7":"product_cat-watch-movement-cufflinks","8":"product_cat-cufflinks","9":"product_cat-jewelry","10":"product_tag-handmade","11":"product_shipping_class-small-goods","13":"first","14":"instock","15":"taxable","16":"shipping-taxable","17":"purchasable","18":"product-type-simple"},"yoast_head":"<!-- This site is optimized with the Yoast SEO plugin v27.2 - https:\/\/yoast.com\/product\/yoast-seo-wordpress\/ -->\n<title>Watch Movement Cufflinks | FredFloris<\/title>\n<meta name=\"description\" content=\"Our watch movement cufflinks feature an elegant silver tone that will compliment all business attire. Watch mechanism cufflinks..\" \/>\n<meta name=\"robots\" content=\"index, follow, max-snippet:-1, max-image-preview:large, max-video-preview:-1\" \/>\n<link rel=\"canonical\" href=\"https:\/\/fredfloris.eu\/de\/productpage\/aspeland-movement-cufflinks\/?wmc-currency=EUR\" \/>\n<meta property=\"og:locale\" content=\"de_DE\" \/>\n<meta property=\"og:type\" content=\"article\" \/>\n<meta property=\"og:title\" content=\"Watch Movement Cufflinks | FredFloris\" \/>\n<meta property=\"og:description\" content=\"Our watch movement cufflinks feature an elegant silver tone that will compliment all business attire. Watch mechanism cufflinks..\" \/>\n<meta property=\"og:url\" content=\"https:\/\/fredfloris.eu\/de\/productpage\/aspeland-movement-cufflinks\/?wmc-currency=EUR\" \/>\n<meta property=\"og:site_name\" content=\"FredFloris\" \/>\n<meta property=\"article:publisher\" content=\"https:\/\/www.facebook.com\/FredFloris.Artisan.Studio\/\" \/>\n<meta property=\"article:modified_time\" content=\"2024-06-24T18:59:16+00:00\" \/>\n<meta property=\"og:image\" content=\"https:\/\/fredfloris.eu\/wp-content\/uploads\/2022\/08\/IMG_3208-scaled.jpg\" \/>\n\t<meta property=\"og:image:width\" content=\"2560\" \/>\n\t<meta property=\"og:image:height\" content=\"1707\" \/>\n\t<meta property=\"og:image:type\" content=\"image\/jpeg\" \/>\n<meta name=\"twitter:card\" content=\"summary_large_image\" \/>\n<meta name=\"twitter:site\" content=\"@_fredfloris_\" \/>\n<meta name=\"twitter:label1\" content=\"Gesch\u00e4tzte Lesezeit\" \/>\n\t<meta name=\"twitter:data1\" content=\"2\u00a0Minuten\" \/>\n<script type=\"application\/ld+json\" class=\"yoast-schema-graph\">{\"@context\":\"https:\/\/schema.org\",\"@graph\":[{\"@type\":\"WebPage\",\"@id\":\"https:\/\/fredfloris.eu\/productpage\/aspeland-movement-cufflinks\/\",\"url\":\"https:\/\/fredfloris.eu\/productpage\/aspeland-movement-cufflinks\/\",\"name\":\"Watch Movement Cufflinks | FredFloris\",\"isPartOf\":{\"@id\":\"https:\/\/fredfloris.eu\/#website\"},\"primaryImageOfPage\":{\"@id\":\"https:\/\/fredfloris.eu\/productpage\/aspeland-movement-cufflinks\/#primaryimage\"},\"image\":{\"@id\":\"https:\/\/fredfloris.eu\/productpage\/aspeland-movement-cufflinks\/#primaryimage\"},\"thumbnailUrl\":\"https:\/\/fredfloris.eu\/wp-content\/uploads\/2022\/08\/IMG_3208-scaled.jpg\",\"datePublished\":\"2022-05-16T19:05:04+00:00\",\"dateModified\":\"2024-06-24T18:59:16+00:00\",\"description\":\"Our watch movement cufflinks feature an elegant silver tone that will compliment all business attire. Watch mechanism cufflinks..\",\"breadcrumb\":{\"@id\":\"https:\/\/fredfloris.eu\/productpage\/aspeland-movement-cufflinks\/#breadcrumb\"},\"inLanguage\":\"de\",\"potentialAction\":[{\"@type\":\"ReadAction\",\"target\":[\"https:\/\/fredfloris.eu\/productpage\/aspeland-movement-cufflinks\/\"]}]},{\"@type\":\"ImageObject\",\"inLanguage\":\"de\",\"@id\":\"https:\/\/fredfloris.eu\/productpage\/aspeland-movement-cufflinks\/#primaryimage\",\"url\":\"https:\/\/fredfloris.eu\/wp-content\/uploads\/2022\/08\/IMG_3208-scaled.jpg\",\"contentUrl\":\"https:\/\/fredfloris.eu\/wp-content\/uploads\/2022\/08\/IMG_3208-scaled.jpg\",\"width\":2560,\"height\":1707,\"caption\":\"Product: Aspeland - Watch Movement Cufflinks \u2013 Stainless Steel\"},{\"@type\":\"BreadcrumbList\",\"@id\":\"https:\/\/fredfloris.eu\/productpage\/aspeland-movement-cufflinks\/#breadcrumb\",\"itemListElement\":[{\"@type\":\"ListItem\",\"position\":1,\"name\":\"Home\",\"item\":\"https:\/\/fredfloris.eu\/\"},{\"@type\":\"ListItem\",\"position\":2,\"name\":\"Shop\",\"item\":\"https:\/\/fredfloris.eu\/shop\/\"},{\"@type\":\"ListItem\",\"position\":3,\"name\":\"Aspeland &#8211; Clockwork Cufflinks\"}]},{\"@type\":\"WebSite\",\"@id\":\"https:\/\/fredfloris.eu\/#website\",\"url\":\"https:\/\/fredfloris.eu\/\",\"name\":\"FredFloris\",\"description\":\"Handcrafted Leathergoods - Made in Sweden\",\"publisher\":{\"@id\":\"https:\/\/fredfloris.eu\/#organization\"},\"potentialAction\":[{\"@type\":\"SearchAction\",\"target\":{\"@type\":\"EntryPoint\",\"urlTemplate\":\"https:\/\/fredfloris.eu\/?s={search_term_string}\"},\"query-input\":{\"@type\":\"PropertyValueSpecification\",\"valueRequired\":true,\"valueName\":\"search_term_string\"}}],\"inLanguage\":\"de\"},{\"@type\":\"Organization\",\"@id\":\"https:\/\/fredfloris.eu\/#organization\",\"name\":\"FredFloris\",\"url\":\"https:\/\/fredfloris.eu\/\",\"logo\":{\"@type\":\"ImageObject\",\"inLanguage\":\"de\",\"@id\":\"https:\/\/fredfloris.eu\/#\/schema\/logo\/image\/\",\"url\":\"https:\/\/fredfloris.eu\/wp-content\/uploads\/2022\/03\/FredFloris-med-hel-nal-och-text.png\",\"contentUrl\":\"https:\/\/fredfloris.eu\/wp-content\/uploads\/2022\/03\/FredFloris-med-hel-nal-och-text.png\",\"width\":591,\"height\":283,\"caption\":\"FredFloris\"},\"image\":{\"@id\":\"https:\/\/fredfloris.eu\/#\/schema\/logo\/image\/\"},\"sameAs\":[\"https:\/\/www.facebook.com\/FredFloris.Artisan.Studio\/\",\"https:\/\/x.com\/_fredfloris_\",\"https:\/\/www.instagram.com\/fredfloris.artisan.studio\/\"]}]}<\/script>\n<!-- \/ Yoast SEO plugin. -->","yoast_head_json":{"title":"Manschettenkn\u00f6pfe mit Uhrwerk | FredFloris","description":"Unsere Manschettenkn\u00f6pfe mit Uhrwerk haben einen eleganten Silberton, der zu jeder Gesch\u00e4ftskleidung passt. Uhrwerk Manschettenkn\u00f6pfe...","robots":{"index":"index","follow":"follow","max-snippet":"max-snippet:-1","max-image-preview":"max-image-preview:large","max-video-preview":"max-video-preview:-1"},"canonical":"https:\/\/fredfloris.eu\/de\/productpage\/aspeland-movement-cufflinks\/?wmc-currency=EUR","og_locale":"de_DE","og_type":"article","og_title":"Watch Movement Cufflinks | FredFloris","og_description":"Our watch movement cufflinks feature an elegant silver tone that will compliment all business attire. Watch mechanism cufflinks..","og_url":"https:\/\/fredfloris.eu\/de\/productpage\/aspeland-movement-cufflinks\/?wmc-currency=EUR","og_site_name":"FredFloris","article_publisher":"https:\/\/www.facebook.com\/FredFloris.Artisan.Studio\/","article_modified_time":"2024-06-24T18:59:16+00:00","og_image":[{"width":2560,"height":1707,"url":"https:\/\/fredfloris.eu\/wp-content\/uploads\/2022\/08\/IMG_3208-scaled.jpg","type":"image\/jpeg"}],"twitter_card":"summary_large_image","twitter_site":"@_fredfloris_","twitter_misc":{"Gesch\u00e4tzte Lesezeit":"2\u00a0Minuten"},"schema":{"@context":"https:\/\/schema.org","@graph":[{"@type":"WebPage","@id":"https:\/\/fredfloris.eu\/productpage\/aspeland-movement-cufflinks\/","url":"https:\/\/fredfloris.eu\/productpage\/aspeland-movement-cufflinks\/","name":"Manschettenkn\u00f6pfe mit Uhrwerk | FredFloris","isPartOf":{"@id":"https:\/\/fredfloris.eu\/#website"},"primaryImageOfPage":{"@id":"https:\/\/fredfloris.eu\/productpage\/aspeland-movement-cufflinks\/#primaryimage"},"image":{"@id":"https:\/\/fredfloris.eu\/productpage\/aspeland-movement-cufflinks\/#primaryimage"},"thumbnailUrl":"https:\/\/fredfloris.eu\/wp-content\/uploads\/2022\/08\/IMG_3208-scaled.jpg","datePublished":"2022-05-16T19:05:04+00:00","dateModified":"2024-06-24T18:59:16+00:00","description":"Unsere Manschettenkn\u00f6pfe mit Uhrwerk haben einen eleganten Silberton, der zu jeder Gesch\u00e4ftskleidung passt. Uhrwerk Manschettenkn\u00f6pfe...","breadcrumb":{"@id":"https:\/\/fredfloris.eu\/productpage\/aspeland-movement-cufflinks\/#breadcrumb"},"inLanguage":"de","potentialAction":[{"@type":"ReadAction","target":["https:\/\/fredfloris.eu\/productpage\/aspeland-movement-cufflinks\/"]}]},{"@type":"ImageObject","inLanguage":"de","@id":"https:\/\/fredfloris.eu\/productpage\/aspeland-movement-cufflinks\/#primaryimage","url":"https:\/\/fredfloris.eu\/wp-content\/uploads\/2022\/08\/IMG_3208-scaled.jpg","contentUrl":"https:\/\/fredfloris.eu\/wp-content\/uploads\/2022\/08\/IMG_3208-scaled.jpg","width":2560,"height":1707,"caption":"Product: Aspeland - Watch Movement Cufflinks \u2013 Stainless Steel"},{"@type":"BreadcrumbList","@id":"https:\/\/fredfloris.eu\/productpage\/aspeland-movement-cufflinks\/#breadcrumb","itemListElement":[{"@type":"ListItem","position":1,"name":"Home","item":"https:\/\/fredfloris.eu\/"},{"@type":"ListItem","position":2,"name":"Shop","item":"https:\/\/fredfloris.eu\/shop\/"},{"@type":"ListItem","position":3,"name":"Aspeland &#8211; Clockwork Cufflinks"}]},{"@type":"WebSite","@id":"https:\/\/fredfloris.eu\/#website","url":"https:\/\/fredfloris.eu\/","name":"FredFloris","description":"Handgefertigte Lederwaren - Made in Sweden","publisher":{"@id":"https:\/\/fredfloris.eu\/#organization"},"potentialAction":[{"@type":"SearchAction","target":{"@type":"EntryPoint","urlTemplate":"https:\/\/fredfloris.eu\/?s={search_term_string}"},"query-input":{"@type":"PropertyValueSpecification","valueRequired":true,"valueName":"search_term_string"}}],"inLanguage":"de"},{"@type":"Organization","@id":"https:\/\/fredfloris.eu\/#organization","name":"FredFloris","url":"https:\/\/fredfloris.eu\/","logo":{"@type":"ImageObject","inLanguage":"de","@id":"https:\/\/fredfloris.eu\/#\/schema\/logo\/image\/","url":"https:\/\/fredfloris.eu\/wp-content\/uploads\/2022\/03\/FredFloris-med-hel-nal-och-text.png","contentUrl":"https:\/\/fredfloris.eu\/wp-content\/uploads\/2022\/03\/FredFloris-med-hel-nal-och-text.png","width":591,"height":283,"caption":"FredFloris"},"image":{"@id":"https:\/\/fredfloris.eu\/#\/schema\/logo\/image\/"},"sameAs":["https:\/\/www.facebook.com\/FredFloris.Artisan.Studio\/","https:\/\/x.com\/_fredfloris_","https:\/\/www.instagram.com\/fredfloris.artisan.studio\/"]}]}},"brands":[{"id":204,"name":"FredFloris &amp; Partner","slug":"fredfloris-partner"}],"_links":{"self":[{"href":"https:\/\/fredfloris.eu\/de\/wp-json\/wp\/v2\/product\/5221","targetHints":{"allow":["GET"]}}],"collection":[{"href":"https:\/\/fredfloris.eu\/de\/wp-json\/wp\/v2\/product"}],"about":[{"href":"https:\/\/fredfloris.eu\/de\/wp-json\/wp\/v2\/types\/product"}],"version-history":[{"count":12,"href":"https:\/\/fredfloris.eu\/de\/wp-json\/wp\/v2\/product\/5221\/revisions"}],"predecessor-version":[{"id":11539,"href":"https:\/\/fredfloris.eu\/de\/wp-json\/wp\/v2\/product\/5221\/revisions\/11539"}],"wp:featuredmedia":[{"embeddable":true,"href":"https:\/\/fredfloris.eu\/de\/wp-json\/wp\/v2\/media\/9768"}],"wp:attachment":[{"href":"https:\/\/fredfloris.eu\/de\/wp-json\/wp\/v2\/media?parent=5221"}],"wp:term":[{"taxonomy":"pwb-brand","embeddable":true,"href":"https:\/\/fredfloris.eu\/de\/wp-json\/wp\/v2\/pwb-brand?post=5221"},{"taxonomy":"product_brand","embeddable":true,"href":"https:\/\/fredfloris.eu\/de\/wp-json\/wp\/v2\/product_brand?post=5221"},{"taxonomy":"product_cat","embeddable":true,"href":"https:\/\/fredfloris.eu\/de\/wp-json\/wp\/v2\/product_cat?post=5221"},{"taxonomy":"product_tag","embeddable":true,"href":"https:\/\/fredfloris.eu\/de\/wp-json\/wp\/v2\/product_tag?post=5221"},{"taxonomy":"woo-feed-brand","embeddable":true,"href":"https:\/\/fredfloris.eu\/de\/wp-json\/wp\/v2\/woo-feed-brand?post=5221"}],"curies":[{"name":"wp","href":"https:\/\/api.w.org\/{rel}","templated":true}]}}