{"id":5260,"date":"2022-05-17T21:56:52","date_gmt":"2022-05-17T19:56:52","guid":{"rendered":"https:\/\/fredfloris.eu\/?post_type=product&#038;p=5260"},"modified":"2024-07-23T20:23:38","modified_gmt":"2024-07-23T18:23:38","slug":"silver-long-chain-earrings","status":"publish","type":"product","link":"https:\/\/fredfloris.eu\/de\/productpage\/silver-long-chain-earrings\/","title":{"rendered":"Silver Lady - Lange Ketten-Ohrringe"},"content":{"rendered":"<p><strong>Entdecken Sie die m\u00fchelose Eleganz unserer silbernen Ohrringe mit Kastenkette.<\/strong> Diese Ohrringe bestehen aus Silberstr\u00e4ngen, die wie ein Faden verlaufen. Sie sind schlicht und dramatisch zugleich. Sie fallen in parallelen Linien, die das Gesicht wundersch\u00f6n einrahmen, Ihre Gesichtsz\u00fcge betonen, Symmetrie hinzuf\u00fcgen und den Hals verl\u00e4ngern. Dank ihrer vielseitigen Form passen sie nahtlos zu jedem Outfit, insbesondere zu schulterfreien Kleidern und Oberteilen, die von den Augen bis zum Saum funkeln.<\/p>\n<p><strong>Verf\u00fcgbare Optionen:<\/strong> Diese Ohrringe sind aus 925er Sterlingsilber gefertigt und k\u00f6nnen mit Platin oder 24 Karat vergoldet werden.<\/p>\n<p><strong>Sterling Silber Handwerkskunst:<\/strong> Jedes Paar ist mit \"925\" gestempelt, um die hohe Qualit\u00e4t zu gew\u00e4hrleisten. Langlebig und zeitlos, sind diese Ohrringe eine fantastische Erg\u00e4nzung f\u00fcr jede Schmucksammlung.<\/p>\n<p><strong>Das perfekte Geschenk:<\/strong> Suchen Sie nach einem durchdachten Geschenk? Diese silbernen Ohrringe sind eine opulente Wahl f\u00fcr Geburtstage, Jahrestage, Abschlussfeiern oder Hochzeiten.<\/p>\n<p><strong>Hypoallergen:<\/strong> Diese Ohrringe sind nickelfrei und laufen nicht an oder reizen die Haut.<\/p>\n<p><strong>Schmuckpflege:<\/strong> Um ihren urspr\u00fcnglichen Zustand zu erhalten, bewahren Sie die Ohrringe in einer weichen Schachtel oder Tasche auf, getrennt von anderem Schmuck. Vermeiden Sie den Kontakt mit Chemikalien, um Sch\u00e4den zu vermeiden. Die Beschichtung, ob Platin oder Gold, ist empfindlich und verblasst, wie alle Beschichtungen, mit der Zeit. Vermeiden Sie den Kontakt mit Chemikalien und der Haut, um die Lebensdauer der Beschichtung zu verl\u00e4ngern.<\/p>\n<p>&nbsp;<\/p>\n<p>Suchbegriffe: Lange Silberkette Ohrringe<\/p>","protected":false},"excerpt":{"rendered":"<p><strong>PRODUKTABMESSUNGEN -<\/strong> Produkth\u00f6he: 13,50 mm, Gewicht: 4 g (Paar). Das Produkt ist aus 925 Silber gefertigt, platiniert - 0,4 \u00b5m. SKU: sil\/ear\/pla\/cha Marke: FredFloris &amp; Partner<\/p>\n<pre><\/pre>\n<p>Unser erfahrener Partner in Polen stellt die Ohrringbasis her. Wir verwenden 0,4 \u00b5m dickes plattiertes Silber, da es den Schmuck nicht verdunkelt oder stumpf macht. Das Produkt ist etwas verf\u00e4rbungsresistent, aber beachten Sie unbedingt unsere Pflegehinweise, um die Lebensdauer Ihres neuen Schmucks zu verl\u00e4ngern.<\/p>","protected":false},"featured_media":4753,"template":"","meta":[],"pwb-brand":[204],"product_brand":[],"product_cat":[117,113,101],"product_tag":[165,164,135],"woo-feed-brand":[],"class_list":{"0":"post-5260","1":"product","2":"type-product","3":"status-publish","4":"has-post-thumbnail","6":"pwb-brand-fredfloris-partner","7":"product_cat-chain-earrings","8":"product_cat-earrings","9":"product_cat-jewelry","10":"product_tag-platinum","11":"product_tag-silver","12":"product_tag-stocked","13":"product_shipping_class-small-goods","15":"first","16":"instock","17":"taxable","18":"shipping-taxable","19":"purchasable","20":"product-type-simple"},"yoast_head":"<!-- This site is optimized with the Yoast SEO plugin v27.2 - https:\/\/yoast.com\/product\/yoast-seo-wordpress\/ -->\n<title>Long Silver Chain Earrings| FredFloris<\/title>\n<meta name=\"description\" content=\"Presenting our long silver chain earrings, 13.50 mm in lenght. Long chain earrings are the perfect gift for Her, Tarnish Free.\" \/>\n<meta name=\"robots\" content=\"index, follow, max-snippet:-1, max-image-preview:large, max-video-preview:-1\" \/>\n<link rel=\"canonical\" href=\"https:\/\/fredfloris.eu\/de\/productpage\/silver-long-chain-earrings\/?wmc-currency=EUR\" \/>\n<meta property=\"og:locale\" content=\"de_DE\" \/>\n<meta property=\"og:type\" content=\"article\" \/>\n<meta property=\"og:title\" content=\"Long Silver Chain Earrings| FredFloris\" \/>\n<meta property=\"og:description\" content=\"Presenting our long silver chain earrings, 13.50 mm in lenght. Long chain earrings are the perfect gift for Her, Tarnish Free.\" \/>\n<meta property=\"og:url\" content=\"https:\/\/fredfloris.eu\/de\/productpage\/silver-long-chain-earrings\/?wmc-currency=EUR\" \/>\n<meta property=\"og:site_name\" content=\"FredFloris\" \/>\n<meta property=\"article:publisher\" content=\"https:\/\/www.facebook.com\/FredFloris.Artisan.Studio\/\" \/>\n<meta property=\"article:modified_time\" content=\"2024-07-23T18:23:38+00:00\" \/>\n<meta property=\"og:image\" content=\"https:\/\/fredfloris.eu\/wp-content\/uploads\/2022\/05\/IMG_1988-scaled.jpg\" \/>\n\t<meta property=\"og:image:width\" content=\"2560\" \/>\n\t<meta property=\"og:image:height\" content=\"1707\" \/>\n\t<meta property=\"og:image:type\" content=\"image\/jpeg\" \/>\n<meta name=\"twitter:card\" content=\"summary_large_image\" \/>\n<meta name=\"twitter:site\" content=\"@_fredfloris_\" \/>\n<meta name=\"twitter:label1\" content=\"Gesch\u00e4tzte Lesezeit\" \/>\n\t<meta name=\"twitter:data1\" content=\"2\u00a0Minuten\" \/>\n<script type=\"application\/ld+json\" class=\"yoast-schema-graph\">{\"@context\":\"https:\/\/schema.org\",\"@graph\":[{\"@type\":\"WebPage\",\"@id\":\"https:\/\/fredfloris.eu\/productpage\/silver-long-chain-earrings\/\",\"url\":\"https:\/\/fredfloris.eu\/productpage\/silver-long-chain-earrings\/\",\"name\":\"Long Silver Chain Earrings| FredFloris\",\"isPartOf\":{\"@id\":\"https:\/\/fredfloris.eu\/#website\"},\"primaryImageOfPage\":{\"@id\":\"https:\/\/fredfloris.eu\/productpage\/silver-long-chain-earrings\/#primaryimage\"},\"image\":{\"@id\":\"https:\/\/fredfloris.eu\/productpage\/silver-long-chain-earrings\/#primaryimage\"},\"thumbnailUrl\":\"https:\/\/fredfloris.eu\/wp-content\/uploads\/2022\/05\/IMG_1988-scaled.jpg\",\"datePublished\":\"2022-05-17T19:56:52+00:00\",\"dateModified\":\"2024-07-23T18:23:38+00:00\",\"description\":\"Presenting our long silver chain earrings, 13.50 mm in lenght. Long chain earrings are the perfect gift for Her, Tarnish Free.\",\"breadcrumb\":{\"@id\":\"https:\/\/fredfloris.eu\/productpage\/silver-long-chain-earrings\/#breadcrumb\"},\"inLanguage\":\"de\",\"potentialAction\":[{\"@type\":\"ReadAction\",\"target\":[\"https:\/\/fredfloris.eu\/productpage\/silver-long-chain-earrings\/\"]}]},{\"@type\":\"ImageObject\",\"inLanguage\":\"de\",\"@id\":\"https:\/\/fredfloris.eu\/productpage\/silver-long-chain-earrings\/#primaryimage\",\"url\":\"https:\/\/fredfloris.eu\/wp-content\/uploads\/2022\/05\/IMG_1988-scaled.jpg\",\"contentUrl\":\"https:\/\/fredfloris.eu\/wp-content\/uploads\/2022\/05\/IMG_1988-scaled.jpg\",\"width\":2560,\"height\":1707,\"caption\":\"Product: Silver Lady - Long Chain Earrings \u2013 Platinum Plated Silver\"},{\"@type\":\"BreadcrumbList\",\"@id\":\"https:\/\/fredfloris.eu\/productpage\/silver-long-chain-earrings\/#breadcrumb\",\"itemListElement\":[{\"@type\":\"ListItem\",\"position\":1,\"name\":\"Home\",\"item\":\"https:\/\/fredfloris.eu\/\"},{\"@type\":\"ListItem\",\"position\":2,\"name\":\"Shop\",\"item\":\"https:\/\/fredfloris.eu\/shop\/\"},{\"@type\":\"ListItem\",\"position\":3,\"name\":\"Silver Lady &#8211; Long Chain Earrings\"}]},{\"@type\":\"WebSite\",\"@id\":\"https:\/\/fredfloris.eu\/#website\",\"url\":\"https:\/\/fredfloris.eu\/\",\"name\":\"FredFloris\",\"description\":\"Handcrafted Leathergoods - Made in Sweden\",\"publisher\":{\"@id\":\"https:\/\/fredfloris.eu\/#organization\"},\"potentialAction\":[{\"@type\":\"SearchAction\",\"target\":{\"@type\":\"EntryPoint\",\"urlTemplate\":\"https:\/\/fredfloris.eu\/?s={search_term_string}\"},\"query-input\":{\"@type\":\"PropertyValueSpecification\",\"valueRequired\":true,\"valueName\":\"search_term_string\"}}],\"inLanguage\":\"de\"},{\"@type\":\"Organization\",\"@id\":\"https:\/\/fredfloris.eu\/#organization\",\"name\":\"FredFloris\",\"url\":\"https:\/\/fredfloris.eu\/\",\"logo\":{\"@type\":\"ImageObject\",\"inLanguage\":\"de\",\"@id\":\"https:\/\/fredfloris.eu\/#\/schema\/logo\/image\/\",\"url\":\"https:\/\/fredfloris.eu\/wp-content\/uploads\/2022\/03\/FredFloris-med-hel-nal-och-text.png\",\"contentUrl\":\"https:\/\/fredfloris.eu\/wp-content\/uploads\/2022\/03\/FredFloris-med-hel-nal-och-text.png\",\"width\":591,\"height\":283,\"caption\":\"FredFloris\"},\"image\":{\"@id\":\"https:\/\/fredfloris.eu\/#\/schema\/logo\/image\/\"},\"sameAs\":[\"https:\/\/www.facebook.com\/FredFloris.Artisan.Studio\/\",\"https:\/\/x.com\/_fredfloris_\",\"https:\/\/www.instagram.com\/fredfloris.artisan.studio\/\"]}]}<\/script>\n<!-- \/ Yoast SEO plugin. -->","yoast_head_json":{"title":"Lange Silberkette Ohrringe| FredFloris","description":"Wir pr\u00e4sentieren unsere langen Silberketten-Ohrringe mit einer L\u00e4nge von 13,50 mm. Die langen Kettenohrringe sind das perfekte Geschenk f\u00fcr Sie, anlauffrei.","robots":{"index":"index","follow":"follow","max-snippet":"max-snippet:-1","max-image-preview":"max-image-preview:large","max-video-preview":"max-video-preview:-1"},"canonical":"https:\/\/fredfloris.eu\/de\/productpage\/silver-long-chain-earrings\/?wmc-currency=EUR","og_locale":"de_DE","og_type":"article","og_title":"Long Silver Chain Earrings| FredFloris","og_description":"Presenting our long silver chain earrings, 13.50 mm in lenght. Long chain earrings are the perfect gift for Her, Tarnish Free.","og_url":"https:\/\/fredfloris.eu\/de\/productpage\/silver-long-chain-earrings\/?wmc-currency=EUR","og_site_name":"FredFloris","article_publisher":"https:\/\/www.facebook.com\/FredFloris.Artisan.Studio\/","article_modified_time":"2024-07-23T18:23:38+00:00","og_image":[{"width":2560,"height":1707,"url":"https:\/\/fredfloris.eu\/wp-content\/uploads\/2022\/05\/IMG_1988-scaled.jpg","type":"image\/jpeg"}],"twitter_card":"summary_large_image","twitter_site":"@_fredfloris_","twitter_misc":{"Gesch\u00e4tzte Lesezeit":"2\u00a0Minuten"},"schema":{"@context":"https:\/\/schema.org","@graph":[{"@type":"WebPage","@id":"https:\/\/fredfloris.eu\/productpage\/silver-long-chain-earrings\/","url":"https:\/\/fredfloris.eu\/productpage\/silver-long-chain-earrings\/","name":"Lange Silberkette Ohrringe| FredFloris","isPartOf":{"@id":"https:\/\/fredfloris.eu\/#website"},"primaryImageOfPage":{"@id":"https:\/\/fredfloris.eu\/productpage\/silver-long-chain-earrings\/#primaryimage"},"image":{"@id":"https:\/\/fredfloris.eu\/productpage\/silver-long-chain-earrings\/#primaryimage"},"thumbnailUrl":"https:\/\/fredfloris.eu\/wp-content\/uploads\/2022\/05\/IMG_1988-scaled.jpg","datePublished":"2022-05-17T19:56:52+00:00","dateModified":"2024-07-23T18:23:38+00:00","description":"Wir pr\u00e4sentieren unsere langen Silberketten-Ohrringe mit einer L\u00e4nge von 13,50 mm. Die langen Kettenohrringe sind das perfekte Geschenk f\u00fcr Sie, anlauffrei.","breadcrumb":{"@id":"https:\/\/fredfloris.eu\/productpage\/silver-long-chain-earrings\/#breadcrumb"},"inLanguage":"de","potentialAction":[{"@type":"ReadAction","target":["https:\/\/fredfloris.eu\/productpage\/silver-long-chain-earrings\/"]}]},{"@type":"ImageObject","inLanguage":"de","@id":"https:\/\/fredfloris.eu\/productpage\/silver-long-chain-earrings\/#primaryimage","url":"https:\/\/fredfloris.eu\/wp-content\/uploads\/2022\/05\/IMG_1988-scaled.jpg","contentUrl":"https:\/\/fredfloris.eu\/wp-content\/uploads\/2022\/05\/IMG_1988-scaled.jpg","width":2560,"height":1707,"caption":"Product: Silver Lady - Long Chain Earrings \u2013 Platinum Plated Silver"},{"@type":"BreadcrumbList","@id":"https:\/\/fredfloris.eu\/productpage\/silver-long-chain-earrings\/#breadcrumb","itemListElement":[{"@type":"ListItem","position":1,"name":"Home","item":"https:\/\/fredfloris.eu\/"},{"@type":"ListItem","position":2,"name":"Shop","item":"https:\/\/fredfloris.eu\/shop\/"},{"@type":"ListItem","position":3,"name":"Silver Lady &#8211; Long Chain Earrings"}]},{"@type":"WebSite","@id":"https:\/\/fredfloris.eu\/#website","url":"https:\/\/fredfloris.eu\/","name":"FredFloris","description":"Handgefertigte Lederwaren - Made in Sweden","publisher":{"@id":"https:\/\/fredfloris.eu\/#organization"},"potentialAction":[{"@type":"SearchAction","target":{"@type":"EntryPoint","urlTemplate":"https:\/\/fredfloris.eu\/?s={search_term_string}"},"query-input":{"@type":"PropertyValueSpecification","valueRequired":true,"valueName":"search_term_string"}}],"inLanguage":"de"},{"@type":"Organization","@id":"https:\/\/fredfloris.eu\/#organization","name":"FredFloris","url":"https:\/\/fredfloris.eu\/","logo":{"@type":"ImageObject","inLanguage":"de","@id":"https:\/\/fredfloris.eu\/#\/schema\/logo\/image\/","url":"https:\/\/fredfloris.eu\/wp-content\/uploads\/2022\/03\/FredFloris-med-hel-nal-och-text.png","contentUrl":"https:\/\/fredfloris.eu\/wp-content\/uploads\/2022\/03\/FredFloris-med-hel-nal-och-text.png","width":591,"height":283,"caption":"FredFloris"},"image":{"@id":"https:\/\/fredfloris.eu\/#\/schema\/logo\/image\/"},"sameAs":["https:\/\/www.facebook.com\/FredFloris.Artisan.Studio\/","https:\/\/x.com\/_fredfloris_","https:\/\/www.instagram.com\/fredfloris.artisan.studio\/"]}]}},"brands":[{"id":204,"name":"FredFloris &amp; Partner","slug":"fredfloris-partner"}],"_links":{"self":[{"href":"https:\/\/fredfloris.eu\/de\/wp-json\/wp\/v2\/product\/5260","targetHints":{"allow":["GET"]}}],"collection":[{"href":"https:\/\/fredfloris.eu\/de\/wp-json\/wp\/v2\/product"}],"about":[{"href":"https:\/\/fredfloris.eu\/de\/wp-json\/wp\/v2\/types\/product"}],"version-history":[{"count":8,"href":"https:\/\/fredfloris.eu\/de\/wp-json\/wp\/v2\/product\/5260\/revisions"}],"predecessor-version":[{"id":11589,"href":"https:\/\/fredfloris.eu\/de\/wp-json\/wp\/v2\/product\/5260\/revisions\/11589"}],"wp:featuredmedia":[{"embeddable":true,"href":"https:\/\/fredfloris.eu\/de\/wp-json\/wp\/v2\/media\/4753"}],"wp:attachment":[{"href":"https:\/\/fredfloris.eu\/de\/wp-json\/wp\/v2\/media?parent=5260"}],"wp:term":[{"taxonomy":"pwb-brand","embeddable":true,"href":"https:\/\/fredfloris.eu\/de\/wp-json\/wp\/v2\/pwb-brand?post=5260"},{"taxonomy":"product_brand","embeddable":true,"href":"https:\/\/fredfloris.eu\/de\/wp-json\/wp\/v2\/product_brand?post=5260"},{"taxonomy":"product_cat","embeddable":true,"href":"https:\/\/fredfloris.eu\/de\/wp-json\/wp\/v2\/product_cat?post=5260"},{"taxonomy":"product_tag","embeddable":true,"href":"https:\/\/fredfloris.eu\/de\/wp-json\/wp\/v2\/product_tag?post=5260"},{"taxonomy":"woo-feed-brand","embeddable":true,"href":"https:\/\/fredfloris.eu\/de\/wp-json\/wp\/v2\/woo-feed-brand?post=5260"}],"curies":[{"name":"wp","href":"https:\/\/api.w.org\/{rel}","templated":true}]}}