{"id":5392,"date":"2022-05-19T18:18:03","date_gmt":"2022-05-19T16:18:03","guid":{"rendered":"https:\/\/fredfloris.eu\/?post_type=product&#038;p=5392"},"modified":"2024-06-24T21:36:21","modified_gmt":"2024-06-24T19:36:21","slug":"notebooks-journals","status":"publish","type":"product","link":"https:\/\/fredfloris.eu\/de\/productpage\/notebooks-journals\/","title":{"rendered":"Papper Seiten f\u00fcr FredFloris Daybooks"},"content":{"rendered":"<p><strong>Entdecken Sie unsere vielseitigen perforierten linierten A5-Seiten, die perfekt f\u00fcr schnelle Notizen oder als Skizzenbuch geeignet sind.<\/strong> Diese Seiten sind f\u00fcr die Kombination mit unserem A5 <a href=\"https:\/\/fredfloris.eu\/de\/productpage\/a5-journals\/?wmc-currency=EUR\">Tagesb\u00fccher <\/a>Damit k\u00f6nnen Sie eine elegante und funktionelle Hardcover-Seitengestaltung erstellen. Ideal f\u00fcr den pers\u00f6nlichen Gebrauch oder im B\u00fcro, wo schnelle Notizen unerl\u00e4sslich sind.<\/p>\n<p><strong>Produktspezifikationen:<\/strong><\/p>\n<ul>\n<li><strong>Gr\u00f6\u00dfe:<\/strong> A5<\/li>\n<li><strong>Umweltvertr\u00e4gliche Zertifizierungen:<\/strong> Ausgezeichnet mit dem Nordic Swan Ecolabel und dem Easy On the Planet Ecolabel f\u00fcr \u00f6kologische Nachhaltigkeit.<\/li>\n<li><strong>Design:<\/strong> Perforierte Linien f\u00fcr leichtes Herausrei\u00dfen und liniert f\u00fcr sauberes Schreiben.<\/li>\n<li><strong>Anzahl der Seiten:<\/strong> 100<\/li>\n<li><strong>Bindung:<\/strong> Oben geheftet und mit Textilband verst\u00e4rkt f\u00fcr eine lange Haltbarkeit.<\/li>\n<\/ul>\n<p>&nbsp;<\/p>\n<p>Diese Seiten eignen sich hervorragend f\u00fcr alle, vom Studenten bis zum Berufst\u00e4tigen, und sind eine zuverl\u00e4ssige und umweltbewusste Wahl f\u00fcr Ihren Schreibbedarf.<\/p>\n<p>&nbsp;<\/p>","protected":false},"excerpt":{"rendered":"<h5>Umweltzeichen Nordischer Schwan<\/h5>\n<pre><\/pre>\n<p>Das Nordic Swan Ecolabel wurde 1989 als gemeinsames Bem\u00fchen von Schweden, Norwegen, Finnland und Island um einen nachhaltigeren Planeten als Kriterium f\u00fcr die Herstellung von Batterien ins Leben gerufen. Mit dem wachsenden Umweltbewusstsein der Verbraucher wuchs auch die Reichweite des Nordic Swan Ecolabels. Heute ist es zu einer gro\u00dfen Organisation geworden, die sich f\u00fcr die Nachhaltigkeit der Gesellschaft einsetzt. In einem strengen Pr\u00fcfverfahren untersucht das Nordic Swan Ecolabel die Verwendung von Chemikalien, die Zertifizierungen und die Dokumentation jedes Produkts, um den Standard des Nordic Swan Ecolabels zu erf\u00fcllen. Das Nordic Swan Ecolabel \u00fcberpr\u00fcft die Kriterien f\u00fcr alle Produkte und Dienstleistungen j\u00e4hrlich, um sicherzustellen, dass die Anforderungen dem aktuellen Stand des Marktes entsprechen.<\/p>\n<pre><\/pre>\n<h5>Schonend f\u00fcr den Planeten<\/h5>\n<pre><\/pre>\n<p>Das Easy on the Planet-Programm arbeitet mit den Kunden zusammen, um die Auswirkungen der Produktion und der materiellen G\u00fcter auf die Umwelt zu reduzieren. Produkte, die mit dem Easy on the Plant- oder EasyTree-Symbol gekennzeichnet sind, werden auf umweltbewusste Weise hergestellt. Damit ein Produkt als Easy on the Planet-zertifiziert gilt, darf es keine besonders besorgniserregenden Stoffe enthalten, wie sie in der REACH-Kandidatenliste aufgef\u00fchrt sind. Wenn Kunden diese Produkte kaufen, wirken sie sich nicht nur positiv auf die Umwelt aus, sondern verringern auch ihren \u00f6kologischen Fu\u00dfabdruck. F\u00fcr jedes Easy on the Planet-zertifizierte Produkt, das Sie kaufen, pflanzt die Easy on the Planet-Organisation im Namen des Kunden einen Baum.<\/p>","protected":false},"featured_media":5367,"template":"","meta":[],"pwb-brand":[],"product_brand":[],"product_cat":[187,186],"product_tag":[193,191,135,192],"woo-feed-brand":[],"class_list":{"0":"post-5392","1":"product","2":"type-product","3":"status-publish","4":"has-post-thumbnail","6":"product_cat-accessories","7":"product_cat-notebooks","8":"product_tag-a5","9":"product_tag-draw","10":"product_tag-stocked","11":"product_tag-write","12":"product_shipping_class-midsized-goods","14":"first","15":"instock","16":"taxable","17":"shipping-taxable","18":"purchasable","19":"product-type-variable"},"yoast_head":"<!-- This site is optimized with the Yoast SEO plugin v27.2 - https:\/\/yoast.com\/product\/yoast-seo-wordpress\/ -->\n<title>Perforated Lined Notebooks For FredFloris Journals | FredFloris<\/title>\n<meta name=\"description\" content=\"Perforated lined notebooks and sketchbooks. Nordic Swan ecolabel notebook &amp; Easy on the Planet ecolabeled notebooks, perfect for quick notes\" \/>\n<meta name=\"robots\" content=\"index, follow, max-snippet:-1, max-image-preview:large, max-video-preview:-1\" \/>\n<link rel=\"canonical\" href=\"https:\/\/fredfloris.eu\/de\/productpage\/notebooks-journals\/?wmc-currency=EUR\" \/>\n<meta property=\"og:locale\" content=\"de_DE\" \/>\n<meta property=\"og:type\" content=\"article\" \/>\n<meta property=\"og:title\" content=\"Perforated Lined Notebooks For FredFloris Journals | FredFloris\" \/>\n<meta property=\"og:description\" content=\"Perforated lined notebooks and sketchbooks. Nordic Swan ecolabel notebook &amp; Easy on the Planet ecolabeled notebooks, perfect for quick notes\" \/>\n<meta property=\"og:url\" content=\"https:\/\/fredfloris.eu\/de\/productpage\/notebooks-journals\/?wmc-currency=EUR\" \/>\n<meta property=\"og:site_name\" content=\"FredFloris\" \/>\n<meta property=\"article:publisher\" content=\"https:\/\/www.facebook.com\/FredFloris.Artisan.Studio\/\" \/>\n<meta property=\"article:modified_time\" content=\"2024-06-24T19:36:21+00:00\" \/>\n<meta property=\"og:image\" content=\"https:\/\/fredfloris.eu\/wp-content\/uploads\/2022\/05\/IMG_2765-scaled.jpg\" \/>\n\t<meta property=\"og:image:width\" content=\"2560\" \/>\n\t<meta property=\"og:image:height\" content=\"1707\" \/>\n\t<meta property=\"og:image:type\" content=\"image\/jpeg\" \/>\n<meta name=\"twitter:card\" content=\"summary_large_image\" \/>\n<meta name=\"twitter:site\" content=\"@_fredfloris_\" \/>\n<meta name=\"twitter:label1\" content=\"Gesch\u00e4tzte Lesezeit\" \/>\n\t<meta name=\"twitter:data1\" content=\"1\u00a0Minute\" \/>\n<script type=\"application\/ld+json\" class=\"yoast-schema-graph\">{\"@context\":\"https:\/\/schema.org\",\"@graph\":[{\"@type\":\"WebPage\",\"@id\":\"https:\/\/fredfloris.eu\/productpage\/notebooks-journals\/\",\"url\":\"https:\/\/fredfloris.eu\/productpage\/notebooks-journals\/\",\"name\":\"Perforated Lined Notebooks For FredFloris Journals | FredFloris\",\"isPartOf\":{\"@id\":\"https:\/\/fredfloris.eu\/#website\"},\"primaryImageOfPage\":{\"@id\":\"https:\/\/fredfloris.eu\/productpage\/notebooks-journals\/#primaryimage\"},\"image\":{\"@id\":\"https:\/\/fredfloris.eu\/productpage\/notebooks-journals\/#primaryimage\"},\"thumbnailUrl\":\"https:\/\/fredfloris.eu\/wp-content\/uploads\/2022\/05\/IMG_2765-scaled.jpg\",\"datePublished\":\"2022-05-19T16:18:03+00:00\",\"dateModified\":\"2024-06-24T19:36:21+00:00\",\"description\":\"Perforated lined notebooks and sketchbooks. Nordic Swan ecolabel notebook & Easy on the Planet ecolabeled notebooks, perfect for quick notes\",\"breadcrumb\":{\"@id\":\"https:\/\/fredfloris.eu\/productpage\/notebooks-journals\/#breadcrumb\"},\"inLanguage\":\"de\",\"potentialAction\":[{\"@type\":\"ReadAction\",\"target\":[\"https:\/\/fredfloris.eu\/productpage\/notebooks-journals\/\"]}]},{\"@type\":\"ImageObject\",\"inLanguage\":\"de\",\"@id\":\"https:\/\/fredfloris.eu\/productpage\/notebooks-journals\/#primaryimage\",\"url\":\"https:\/\/fredfloris.eu\/wp-content\/uploads\/2022\/05\/IMG_2765-scaled.jpg\",\"contentUrl\":\"https:\/\/fredfloris.eu\/wp-content\/uploads\/2022\/05\/IMG_2765-scaled.jpg\",\"width\":2560,\"height\":1707,\"caption\":\"Product: Notebooks for FredFloris Journals\"},{\"@type\":\"BreadcrumbList\",\"@id\":\"https:\/\/fredfloris.eu\/productpage\/notebooks-journals\/#breadcrumb\",\"itemListElement\":[{\"@type\":\"ListItem\",\"position\":1,\"name\":\"Home\",\"item\":\"https:\/\/fredfloris.eu\/\"},{\"@type\":\"ListItem\",\"position\":2,\"name\":\"Shop\",\"item\":\"https:\/\/fredfloris.eu\/shop\/\"},{\"@type\":\"ListItem\",\"position\":3,\"name\":\"Papper Pages for FredFloris Daybooks\"}]},{\"@type\":\"WebSite\",\"@id\":\"https:\/\/fredfloris.eu\/#website\",\"url\":\"https:\/\/fredfloris.eu\/\",\"name\":\"FredFloris\",\"description\":\"Handcrafted Leathergoods - Made in Sweden\",\"publisher\":{\"@id\":\"https:\/\/fredfloris.eu\/#organization\"},\"potentialAction\":[{\"@type\":\"SearchAction\",\"target\":{\"@type\":\"EntryPoint\",\"urlTemplate\":\"https:\/\/fredfloris.eu\/?s={search_term_string}\"},\"query-input\":{\"@type\":\"PropertyValueSpecification\",\"valueRequired\":true,\"valueName\":\"search_term_string\"}}],\"inLanguage\":\"de\"},{\"@type\":\"Organization\",\"@id\":\"https:\/\/fredfloris.eu\/#organization\",\"name\":\"FredFloris\",\"url\":\"https:\/\/fredfloris.eu\/\",\"logo\":{\"@type\":\"ImageObject\",\"inLanguage\":\"de\",\"@id\":\"https:\/\/fredfloris.eu\/#\/schema\/logo\/image\/\",\"url\":\"https:\/\/fredfloris.eu\/wp-content\/uploads\/2022\/03\/FredFloris-med-hel-nal-och-text.png\",\"contentUrl\":\"https:\/\/fredfloris.eu\/wp-content\/uploads\/2022\/03\/FredFloris-med-hel-nal-och-text.png\",\"width\":591,\"height\":283,\"caption\":\"FredFloris\"},\"image\":{\"@id\":\"https:\/\/fredfloris.eu\/#\/schema\/logo\/image\/\"},\"sameAs\":[\"https:\/\/www.facebook.com\/FredFloris.Artisan.Studio\/\",\"https:\/\/x.com\/_fredfloris_\",\"https:\/\/www.instagram.com\/fredfloris.artisan.studio\/\"]}]}<\/script>\n<!-- \/ Yoast SEO plugin. -->","yoast_head_json":{"title":"Perforierte linierte Notizb\u00fccher f\u00fcr FredFloris Journale | FredFloris","description":"Perforierte linierte Notizb\u00fccher und Skizzenb\u00fccher. Nordic Swan Umweltzeichen Notizbuch &amp; Easy on the Planet Umweltzeichen Notizb\u00fccher, perfekt f\u00fcr schnelle Notizen","robots":{"index":"index","follow":"follow","max-snippet":"max-snippet:-1","max-image-preview":"max-image-preview:large","max-video-preview":"max-video-preview:-1"},"canonical":"https:\/\/fredfloris.eu\/de\/productpage\/notebooks-journals\/?wmc-currency=EUR","og_locale":"de_DE","og_type":"article","og_title":"Perforated Lined Notebooks For FredFloris Journals | FredFloris","og_description":"Perforated lined notebooks and sketchbooks. Nordic Swan ecolabel notebook & Easy on the Planet ecolabeled notebooks, perfect for quick notes","og_url":"https:\/\/fredfloris.eu\/de\/productpage\/notebooks-journals\/?wmc-currency=EUR","og_site_name":"FredFloris","article_publisher":"https:\/\/www.facebook.com\/FredFloris.Artisan.Studio\/","article_modified_time":"2024-06-24T19:36:21+00:00","og_image":[{"width":2560,"height":1707,"url":"https:\/\/fredfloris.eu\/wp-content\/uploads\/2022\/05\/IMG_2765-scaled.jpg","type":"image\/jpeg"}],"twitter_card":"summary_large_image","twitter_site":"@_fredfloris_","twitter_misc":{"Gesch\u00e4tzte Lesezeit":"1\u00a0Minute"},"schema":{"@context":"https:\/\/schema.org","@graph":[{"@type":"WebPage","@id":"https:\/\/fredfloris.eu\/productpage\/notebooks-journals\/","url":"https:\/\/fredfloris.eu\/productpage\/notebooks-journals\/","name":"Perforierte linierte Notizb\u00fccher f\u00fcr FredFloris Journale | FredFloris","isPartOf":{"@id":"https:\/\/fredfloris.eu\/#website"},"primaryImageOfPage":{"@id":"https:\/\/fredfloris.eu\/productpage\/notebooks-journals\/#primaryimage"},"image":{"@id":"https:\/\/fredfloris.eu\/productpage\/notebooks-journals\/#primaryimage"},"thumbnailUrl":"https:\/\/fredfloris.eu\/wp-content\/uploads\/2022\/05\/IMG_2765-scaled.jpg","datePublished":"2022-05-19T16:18:03+00:00","dateModified":"2024-06-24T19:36:21+00:00","description":"Perforierte linierte Notizb\u00fccher und Skizzenb\u00fccher. Nordic Swan Umweltzeichen Notizbuch &amp; Easy on the Planet Umweltzeichen Notizb\u00fccher, perfekt f\u00fcr schnelle Notizen","breadcrumb":{"@id":"https:\/\/fredfloris.eu\/productpage\/notebooks-journals\/#breadcrumb"},"inLanguage":"de","potentialAction":[{"@type":"ReadAction","target":["https:\/\/fredfloris.eu\/productpage\/notebooks-journals\/"]}]},{"@type":"ImageObject","inLanguage":"de","@id":"https:\/\/fredfloris.eu\/productpage\/notebooks-journals\/#primaryimage","url":"https:\/\/fredfloris.eu\/wp-content\/uploads\/2022\/05\/IMG_2765-scaled.jpg","contentUrl":"https:\/\/fredfloris.eu\/wp-content\/uploads\/2022\/05\/IMG_2765-scaled.jpg","width":2560,"height":1707,"caption":"Product: Notebooks for FredFloris Journals"},{"@type":"BreadcrumbList","@id":"https:\/\/fredfloris.eu\/productpage\/notebooks-journals\/#breadcrumb","itemListElement":[{"@type":"ListItem","position":1,"name":"Home","item":"https:\/\/fredfloris.eu\/"},{"@type":"ListItem","position":2,"name":"Shop","item":"https:\/\/fredfloris.eu\/shop\/"},{"@type":"ListItem","position":3,"name":"Papper Pages for FredFloris Daybooks"}]},{"@type":"WebSite","@id":"https:\/\/fredfloris.eu\/#website","url":"https:\/\/fredfloris.eu\/","name":"FredFloris","description":"Handgefertigte Lederwaren - Made in Sweden","publisher":{"@id":"https:\/\/fredfloris.eu\/#organization"},"potentialAction":[{"@type":"SearchAction","target":{"@type":"EntryPoint","urlTemplate":"https:\/\/fredfloris.eu\/?s={search_term_string}"},"query-input":{"@type":"PropertyValueSpecification","valueRequired":true,"valueName":"search_term_string"}}],"inLanguage":"de"},{"@type":"Organization","@id":"https:\/\/fredfloris.eu\/#organization","name":"FredFloris","url":"https:\/\/fredfloris.eu\/","logo":{"@type":"ImageObject","inLanguage":"de","@id":"https:\/\/fredfloris.eu\/#\/schema\/logo\/image\/","url":"https:\/\/fredfloris.eu\/wp-content\/uploads\/2022\/03\/FredFloris-med-hel-nal-och-text.png","contentUrl":"https:\/\/fredfloris.eu\/wp-content\/uploads\/2022\/03\/FredFloris-med-hel-nal-och-text.png","width":591,"height":283,"caption":"FredFloris"},"image":{"@id":"https:\/\/fredfloris.eu\/#\/schema\/logo\/image\/"},"sameAs":["https:\/\/www.facebook.com\/FredFloris.Artisan.Studio\/","https:\/\/x.com\/_fredfloris_","https:\/\/www.instagram.com\/fredfloris.artisan.studio\/"]}]}},"brands":[],"_links":{"self":[{"href":"https:\/\/fredfloris.eu\/de\/wp-json\/wp\/v2\/product\/5392","targetHints":{"allow":["GET"]}}],"collection":[{"href":"https:\/\/fredfloris.eu\/de\/wp-json\/wp\/v2\/product"}],"about":[{"href":"https:\/\/fredfloris.eu\/de\/wp-json\/wp\/v2\/types\/product"}],"version-history":[{"count":6,"href":"https:\/\/fredfloris.eu\/de\/wp-json\/wp\/v2\/product\/5392\/revisions"}],"predecessor-version":[{"id":11556,"href":"https:\/\/fredfloris.eu\/de\/wp-json\/wp\/v2\/product\/5392\/revisions\/11556"}],"wp:featuredmedia":[{"embeddable":true,"href":"https:\/\/fredfloris.eu\/de\/wp-json\/wp\/v2\/media\/5367"}],"wp:attachment":[{"href":"https:\/\/fredfloris.eu\/de\/wp-json\/wp\/v2\/media?parent=5392"}],"wp:term":[{"taxonomy":"pwb-brand","embeddable":true,"href":"https:\/\/fredfloris.eu\/de\/wp-json\/wp\/v2\/pwb-brand?post=5392"},{"taxonomy":"product_brand","embeddable":true,"href":"https:\/\/fredfloris.eu\/de\/wp-json\/wp\/v2\/product_brand?post=5392"},{"taxonomy":"product_cat","embeddable":true,"href":"https:\/\/fredfloris.eu\/de\/wp-json\/wp\/v2\/product_cat?post=5392"},{"taxonomy":"product_tag","embeddable":true,"href":"https:\/\/fredfloris.eu\/de\/wp-json\/wp\/v2\/product_tag?post=5392"},{"taxonomy":"woo-feed-brand","embeddable":true,"href":"https:\/\/fredfloris.eu\/de\/wp-json\/wp\/v2\/woo-feed-brand?post=5392"}],"curies":[{"name":"wp","href":"https:\/\/api.w.org\/{rel}","templated":true}]}}