{"id":8656,"date":"2022-06-22T21:29:14","date_gmt":"2022-06-22T19:29:14","guid":{"rendered":"https:\/\/fredfloris.eu\/?post_type=product&#038;p=8656"},"modified":"2024-06-24T19:38:48","modified_gmt":"2024-06-24T17:38:48","slug":"customize-minnie-soft-glasses-cases","status":"publish","type":"product","link":"https:\/\/fredfloris.eu\/de\/productpage\/customize-minnie-soft-glasses-cases\/","title":{"rendered":"Anpassen - Minnie - Brillenetuis"},"content":{"rendered":"<p>Dies ist eine Personalisierungsseite f\u00fcr <a href=\"https:\/\/fredfloris.eu\/de\/productpage\/minnie-soft-glasses-cases\/?wmc-currency=EUR\">Minnie - Brillenetuis<\/a><\/p>\n<p>Eine umfassende Anleitung zur Verwendung des Tools finden Sie in unserem allgemeinen Leitfaden <a href=\"https:\/\/fredfloris.eu\/de\/personalize-guide\/?wmc-currency=EUR\">hier<\/a><\/p>\n<p>&nbsp;<\/p>\n<p>Wenn Sie dieses Produkt individuell gestalten m\u00f6chten, legen Sie sowohl das Produkt als auch Ihr Design in Ihren Warenkorb. Die Personalisierung ist kostenlos und wird \u00fcber die Kasse abgewickelt, so dass wir Ihre Bestellung mit Ihrem Designwunsch abgleichen k\u00f6nnen.<\/p>\n<p>Legen Sie das Produkt in Ihren Warenkorb und bearbeiten Sie es dann im Designportal. Weitere Informationen \u00fcber die Funktionsweise des Designportals <a href=\"https:\/\/fredfloris.eu\/de\/personalize-guide\/?wmc-currency=EUR\">finden Sie hier.<\/a> Wenn Sie mit dem Design zufrieden sind, legen Sie es in Ihren Warenkorb.<\/p>\n<p>&nbsp;<\/p>\n<hr \/>\n<p>&nbsp;<\/p>\n<p style=\"text-align: left;\">Suchen Sie nach Inspiration? Schauen Sie sich die kostenlosen Ressourcen unter <a href=\"https:\/\/openclipart.org\/\" target=\"_new\" rel=\"noopener\">Clip-Art \u00f6ffnen<\/a>, wo Sie eine Vielzahl von Bildern finden, die sich f\u00fcr die Lasergravur eignen.<\/p>\n<p>Wenn Sie Fragen zu Ihrer Lasergravur-Anfrage haben, z\u00f6gern Sie nicht, uns zu kontaktieren.<\/p>","protected":false},"excerpt":{"rendered":"<p>Bei diesem Produkt k\u00f6nnen Sie zwischen einer Lasergravur und einem Hei\u00dfpr\u00e4gedruck auf einer Vielzahl von Platzierungsm\u00f6glichkeiten auf dem Produkt w\u00e4hlen.<\/p>\n<p>Einige Produktdesigns k\u00f6nnen rote Linien aufweisen. Bitte legen Sie nichts auf diese Linien, da sie N\u00e4hte und andere Dinge anzeigen.<\/p>","protected":false},"featured_media":8654,"template":"","meta":[],"pwb-brand":[],"product_brand":[],"product_cat":[15],"product_tag":[205,105],"woo-feed-brand":[],"class_list":{"0":"post-8656","1":"product","2":"type-product","3":"status-publish","4":"has-post-thumbnail","6":"product_cat-uncategorized","7":"product_tag-customize","8":"product_tag-made-to-order","10":"first","11":"instock","12":"taxable","13":"shipping-taxable","14":"purchasable","15":"product-type-simple"},"yoast_head":"<!-- This site is optimized with the Yoast SEO plugin v27.2 - https:\/\/yoast.com\/product\/yoast-seo-wordpress\/ -->\n<title>Customize - Minnie - Glasses Cases | FredFloris<\/title>\n<meta name=\"robots\" content=\"noindex, follow\" \/>\n<meta property=\"og:locale\" content=\"de_DE\" \/>\n<meta property=\"og:type\" content=\"article\" \/>\n<meta property=\"og:title\" content=\"Customize - Minnie - Glasses Cases | FredFloris\" \/>\n<meta property=\"og:description\" content=\"On this product you may choose between a laser engraving and a heat press option on a wide alternative of placement on the product.  Some product designs may show red lines please do not place anything on these as they indicate stitching lines and other things.\" \/>\n<meta property=\"og:url\" content=\"https:\/\/fredfloris.eu\/de\/productpage\/customize-minnie-soft-glasses-cases\/?wmc-currency=EUR\" \/>\n<meta property=\"og:site_name\" content=\"FredFloris\" \/>\n<meta property=\"article:publisher\" content=\"https:\/\/www.facebook.com\/FredFloris.Artisan.Studio\/\" \/>\n<meta property=\"article:modified_time\" content=\"2024-06-24T17:38:48+00:00\" \/>\n<meta property=\"og:image\" content=\"https:\/\/fredfloris.eu\/wp-content\/uploads\/2022\/06\/Soft-Case.jpg\" \/>\n\t<meta property=\"og:image:width\" content=\"2362\" \/>\n\t<meta property=\"og:image:height\" content=\"2126\" \/>\n\t<meta property=\"og:image:type\" content=\"image\/jpeg\" \/>\n<meta name=\"twitter:card\" content=\"summary_large_image\" \/>\n<meta name=\"twitter:site\" content=\"@_fredfloris_\" \/>\n<meta name=\"twitter:label1\" content=\"Gesch\u00e4tzte Lesezeit\" \/>\n\t<meta name=\"twitter:data1\" content=\"1\u00a0Minute\" \/>\n<script type=\"application\/ld+json\" class=\"yoast-schema-graph\">{\"@context\":\"https:\/\/schema.org\",\"@graph\":[{\"@type\":\"WebPage\",\"@id\":\"https:\/\/fredfloris.eu\/productpage\/customize-minnie-soft-glasses-cases\/\",\"url\":\"https:\/\/fredfloris.eu\/productpage\/customize-minnie-soft-glasses-cases\/\",\"name\":\"Customize - Minnie - Glasses Cases | FredFloris\",\"isPartOf\":{\"@id\":\"https:\/\/fredfloris.eu\/#website\"},\"primaryImageOfPage\":{\"@id\":\"https:\/\/fredfloris.eu\/productpage\/customize-minnie-soft-glasses-cases\/#primaryimage\"},\"image\":{\"@id\":\"https:\/\/fredfloris.eu\/productpage\/customize-minnie-soft-glasses-cases\/#primaryimage\"},\"thumbnailUrl\":\"https:\/\/fredfloris.eu\/wp-content\/uploads\/2022\/06\/Soft-Case.jpg\",\"datePublished\":\"2022-06-22T19:29:14+00:00\",\"dateModified\":\"2024-06-24T17:38:48+00:00\",\"breadcrumb\":{\"@id\":\"https:\/\/fredfloris.eu\/productpage\/customize-minnie-soft-glasses-cases\/#breadcrumb\"},\"inLanguage\":\"de\",\"potentialAction\":[{\"@type\":\"ReadAction\",\"target\":[\"https:\/\/fredfloris.eu\/productpage\/customize-minnie-soft-glasses-cases\/\"]}]},{\"@type\":\"ImageObject\",\"inLanguage\":\"de\",\"@id\":\"https:\/\/fredfloris.eu\/productpage\/customize-minnie-soft-glasses-cases\/#primaryimage\",\"url\":\"https:\/\/fredfloris.eu\/wp-content\/uploads\/2022\/06\/Soft-Case.jpg\",\"contentUrl\":\"https:\/\/fredfloris.eu\/wp-content\/uploads\/2022\/06\/Soft-Case.jpg\",\"width\":2362,\"height\":2126,\"caption\":\"Product: Minnie - Soft Glasses Cases CUSTOMIZE\"},{\"@type\":\"BreadcrumbList\",\"@id\":\"https:\/\/fredfloris.eu\/productpage\/customize-minnie-soft-glasses-cases\/#breadcrumb\",\"itemListElement\":[{\"@type\":\"ListItem\",\"position\":1,\"name\":\"Home\",\"item\":\"https:\/\/fredfloris.eu\/\"},{\"@type\":\"ListItem\",\"position\":2,\"name\":\"Shop\",\"item\":\"https:\/\/fredfloris.eu\/shop\/\"},{\"@type\":\"ListItem\",\"position\":3,\"name\":\"Customize &#8211; Minnie &#8211; Glasses Cases\"}]},{\"@type\":\"WebSite\",\"@id\":\"https:\/\/fredfloris.eu\/#website\",\"url\":\"https:\/\/fredfloris.eu\/\",\"name\":\"FredFloris\",\"description\":\"Handcrafted Leathergoods - Made in Sweden\",\"publisher\":{\"@id\":\"https:\/\/fredfloris.eu\/#organization\"},\"potentialAction\":[{\"@type\":\"SearchAction\",\"target\":{\"@type\":\"EntryPoint\",\"urlTemplate\":\"https:\/\/fredfloris.eu\/?s={search_term_string}\"},\"query-input\":{\"@type\":\"PropertyValueSpecification\",\"valueRequired\":true,\"valueName\":\"search_term_string\"}}],\"inLanguage\":\"de\"},{\"@type\":\"Organization\",\"@id\":\"https:\/\/fredfloris.eu\/#organization\",\"name\":\"FredFloris\",\"url\":\"https:\/\/fredfloris.eu\/\",\"logo\":{\"@type\":\"ImageObject\",\"inLanguage\":\"de\",\"@id\":\"https:\/\/fredfloris.eu\/#\/schema\/logo\/image\/\",\"url\":\"https:\/\/fredfloris.eu\/wp-content\/uploads\/2022\/03\/FredFloris-med-hel-nal-och-text.png\",\"contentUrl\":\"https:\/\/fredfloris.eu\/wp-content\/uploads\/2022\/03\/FredFloris-med-hel-nal-och-text.png\",\"width\":591,\"height\":283,\"caption\":\"FredFloris\"},\"image\":{\"@id\":\"https:\/\/fredfloris.eu\/#\/schema\/logo\/image\/\"},\"sameAs\":[\"https:\/\/www.facebook.com\/FredFloris.Artisan.Studio\/\",\"https:\/\/x.com\/_fredfloris_\",\"https:\/\/www.instagram.com\/fredfloris.artisan.studio\/\"]}]}<\/script>\n<!-- \/ Yoast SEO plugin. -->","yoast_head_json":{"title":"Anpassen - Minnie - Brillenetuis | FredFloris","robots":{"index":"noindex","follow":"follow"},"og_locale":"de_DE","og_type":"article","og_title":"Customize - Minnie - Glasses Cases | FredFloris","og_description":"On this product you may choose between a laser engraving and a heat press option on a wide alternative of placement on the product.  Some product designs may show red lines please do not place anything on these as they indicate stitching lines and other things.","og_url":"https:\/\/fredfloris.eu\/de\/productpage\/customize-minnie-soft-glasses-cases\/?wmc-currency=EUR","og_site_name":"FredFloris","article_publisher":"https:\/\/www.facebook.com\/FredFloris.Artisan.Studio\/","article_modified_time":"2024-06-24T17:38:48+00:00","og_image":[{"width":2362,"height":2126,"url":"https:\/\/fredfloris.eu\/wp-content\/uploads\/2022\/06\/Soft-Case.jpg","type":"image\/jpeg"}],"twitter_card":"summary_large_image","twitter_site":"@_fredfloris_","twitter_misc":{"Gesch\u00e4tzte Lesezeit":"1\u00a0Minute"},"schema":{"@context":"https:\/\/schema.org","@graph":[{"@type":"WebPage","@id":"https:\/\/fredfloris.eu\/productpage\/customize-minnie-soft-glasses-cases\/","url":"https:\/\/fredfloris.eu\/productpage\/customize-minnie-soft-glasses-cases\/","name":"Anpassen - Minnie - Brillenetuis | FredFloris","isPartOf":{"@id":"https:\/\/fredfloris.eu\/#website"},"primaryImageOfPage":{"@id":"https:\/\/fredfloris.eu\/productpage\/customize-minnie-soft-glasses-cases\/#primaryimage"},"image":{"@id":"https:\/\/fredfloris.eu\/productpage\/customize-minnie-soft-glasses-cases\/#primaryimage"},"thumbnailUrl":"https:\/\/fredfloris.eu\/wp-content\/uploads\/2022\/06\/Soft-Case.jpg","datePublished":"2022-06-22T19:29:14+00:00","dateModified":"2024-06-24T17:38:48+00:00","breadcrumb":{"@id":"https:\/\/fredfloris.eu\/productpage\/customize-minnie-soft-glasses-cases\/#breadcrumb"},"inLanguage":"de","potentialAction":[{"@type":"ReadAction","target":["https:\/\/fredfloris.eu\/productpage\/customize-minnie-soft-glasses-cases\/"]}]},{"@type":"ImageObject","inLanguage":"de","@id":"https:\/\/fredfloris.eu\/productpage\/customize-minnie-soft-glasses-cases\/#primaryimage","url":"https:\/\/fredfloris.eu\/wp-content\/uploads\/2022\/06\/Soft-Case.jpg","contentUrl":"https:\/\/fredfloris.eu\/wp-content\/uploads\/2022\/06\/Soft-Case.jpg","width":2362,"height":2126,"caption":"Product: Minnie - Soft Glasses Cases CUSTOMIZE"},{"@type":"BreadcrumbList","@id":"https:\/\/fredfloris.eu\/productpage\/customize-minnie-soft-glasses-cases\/#breadcrumb","itemListElement":[{"@type":"ListItem","position":1,"name":"Home","item":"https:\/\/fredfloris.eu\/"},{"@type":"ListItem","position":2,"name":"Shop","item":"https:\/\/fredfloris.eu\/shop\/"},{"@type":"ListItem","position":3,"name":"Customize &#8211; Minnie &#8211; Glasses Cases"}]},{"@type":"WebSite","@id":"https:\/\/fredfloris.eu\/#website","url":"https:\/\/fredfloris.eu\/","name":"FredFloris","description":"Handgefertigte Lederwaren - Made in Sweden","publisher":{"@id":"https:\/\/fredfloris.eu\/#organization"},"potentialAction":[{"@type":"SearchAction","target":{"@type":"EntryPoint","urlTemplate":"https:\/\/fredfloris.eu\/?s={search_term_string}"},"query-input":{"@type":"PropertyValueSpecification","valueRequired":true,"valueName":"search_term_string"}}],"inLanguage":"de"},{"@type":"Organization","@id":"https:\/\/fredfloris.eu\/#organization","name":"FredFloris","url":"https:\/\/fredfloris.eu\/","logo":{"@type":"ImageObject","inLanguage":"de","@id":"https:\/\/fredfloris.eu\/#\/schema\/logo\/image\/","url":"https:\/\/fredfloris.eu\/wp-content\/uploads\/2022\/03\/FredFloris-med-hel-nal-och-text.png","contentUrl":"https:\/\/fredfloris.eu\/wp-content\/uploads\/2022\/03\/FredFloris-med-hel-nal-och-text.png","width":591,"height":283,"caption":"FredFloris"},"image":{"@id":"https:\/\/fredfloris.eu\/#\/schema\/logo\/image\/"},"sameAs":["https:\/\/www.facebook.com\/FredFloris.Artisan.Studio\/","https:\/\/x.com\/_fredfloris_","https:\/\/www.instagram.com\/fredfloris.artisan.studio\/"]}]}},"brands":[],"_links":{"self":[{"href":"https:\/\/fredfloris.eu\/de\/wp-json\/wp\/v2\/product\/8656","targetHints":{"allow":["GET"]}}],"collection":[{"href":"https:\/\/fredfloris.eu\/de\/wp-json\/wp\/v2\/product"}],"about":[{"href":"https:\/\/fredfloris.eu\/de\/wp-json\/wp\/v2\/types\/product"}],"version-history":[{"count":8,"href":"https:\/\/fredfloris.eu\/de\/wp-json\/wp\/v2\/product\/8656\/revisions"}],"predecessor-version":[{"id":11502,"href":"https:\/\/fredfloris.eu\/de\/wp-json\/wp\/v2\/product\/8656\/revisions\/11502"}],"wp:featuredmedia":[{"embeddable":true,"href":"https:\/\/fredfloris.eu\/de\/wp-json\/wp\/v2\/media\/8654"}],"wp:attachment":[{"href":"https:\/\/fredfloris.eu\/de\/wp-json\/wp\/v2\/media?parent=8656"}],"wp:term":[{"taxonomy":"pwb-brand","embeddable":true,"href":"https:\/\/fredfloris.eu\/de\/wp-json\/wp\/v2\/pwb-brand?post=8656"},{"taxonomy":"product_brand","embeddable":true,"href":"https:\/\/fredfloris.eu\/de\/wp-json\/wp\/v2\/product_brand?post=8656"},{"taxonomy":"product_cat","embeddable":true,"href":"https:\/\/fredfloris.eu\/de\/wp-json\/wp\/v2\/product_cat?post=8656"},{"taxonomy":"product_tag","embeddable":true,"href":"https:\/\/fredfloris.eu\/de\/wp-json\/wp\/v2\/product_tag?post=8656"},{"taxonomy":"woo-feed-brand","embeddable":true,"href":"https:\/\/fredfloris.eu\/de\/wp-json\/wp\/v2\/woo-feed-brand?post=8656"}],"curies":[{"name":"wp","href":"https:\/\/api.w.org\/{rel}","templated":true}]}}