{"id":8669,"date":"2022-06-22T21:52:48","date_gmt":"2022-06-22T19:52:48","guid":{"rendered":"https:\/\/fredfloris.eu\/?post_type=product&#038;p=8669"},"modified":"2024-06-24T19:38:02","modified_gmt":"2024-06-24T17:38:02","slug":"customize-vattern-large-dopp-kits","status":"publish","type":"product","link":"https:\/\/fredfloris.eu\/de\/productpage\/customize-vattern-large-dopp-kits\/","title":{"rendered":"Anpassen - V\u00e4ttern - Gro\u00dfe Dopp Kits"},"content":{"rendered":"<p>Dies ist eine Personalisierungsseite f\u00fcr <a href=\"https:\/\/fredfloris.eu\/de\/productpage\/vattern-dopp-kits\/?wmc-currency=EUR\">V\u00e4ttern - Gro\u00dfe Dopp Kits<\/a><\/p>\n<p>Eine umfassende Anleitung zur Verwendung des Tools finden Sie in unserem allgemeinen Leitfaden <a href=\"https:\/\/fredfloris.eu\/de\/personalize-guide\/?wmc-currency=EUR\">hier<\/a><\/p>\n<p>&nbsp;<\/p>\n<p>Wenn Sie dieses Produkt individuell gestalten m\u00f6chten, legen Sie sowohl das Produkt als auch Ihr Design in Ihren Warenkorb. Die Personalisierung ist kostenlos und wird \u00fcber die Kasse abgewickelt, so dass wir Ihre Bestellung mit Ihrem Designwunsch abgleichen k\u00f6nnen.<\/p>\n<p>Legen Sie das Produkt in Ihren Warenkorb und bearbeiten Sie es dann im Designportal. Weitere Informationen \u00fcber die Funktionsweise des Designportals <a href=\"https:\/\/fredfloris.eu\/de\/personalize-guide\/?wmc-currency=EUR\">finden Sie hier.<\/a> Wenn Sie mit dem Design zufrieden sind, legen Sie es in Ihren Warenkorb.<\/p>\n<p>&nbsp;<\/p>\n<hr \/>\n<p>&nbsp;<\/p>\n<p style=\"text-align: left;\">Suchen Sie nach Inspiration? Schauen Sie sich die kostenlosen Ressourcen unter <a href=\"https:\/\/openclipart.org\/\" target=\"_new\" rel=\"noopener\">Clip-Art \u00f6ffnen<\/a>, wo Sie eine Vielzahl von Bildern finden, die sich f\u00fcr die Lasergravur eignen.<\/p>\n<p>Wenn Sie Fragen zu Ihrer Lasergravur-Anfrage haben, z\u00f6gern Sie nicht, uns zu kontaktieren.<\/p>","protected":false},"excerpt":{"rendered":"<p>Bei diesem Produkt haben Sie die Wahl zwischen einer Lasergravur und einer Hei\u00dfpressoption auf einem kleinen Lederetikett, das auf der Oberseite des Doppelkits angebracht und mit Doppelnieten befestigt wird.<\/p>\n<p>Einige Produktdesigns k\u00f6nnen rote Linien aufweisen. Bitte legen Sie nichts auf diese Linien, da sie N\u00e4hte und andere Dinge anzeigen.<\/p>","protected":false},"featured_media":8667,"template":"","meta":[],"pwb-brand":[],"product_brand":[],"product_cat":[15],"product_tag":[205,105],"woo-feed-brand":[],"class_list":{"0":"post-8669","1":"product","2":"type-product","3":"status-publish","4":"has-post-thumbnail","6":"product_cat-uncategorized","7":"product_tag-customize","8":"product_tag-made-to-order","10":"first","11":"instock","12":"taxable","13":"shipping-taxable","14":"purchasable","15":"product-type-simple"},"yoast_head":"<!-- This site is optimized with the Yoast SEO plugin v27.2 - https:\/\/yoast.com\/product\/yoast-seo-wordpress\/ -->\n<title>Customize - V\u00e4ttern - Large Dopp Kits | FredFloris<\/title>\n<meta name=\"robots\" content=\"noindex, follow\" \/>\n<meta property=\"og:locale\" content=\"de_DE\" \/>\n<meta property=\"og:type\" content=\"article\" \/>\n<meta property=\"og:title\" content=\"Customize - V\u00e4ttern - Large Dopp Kits | FredFloris\" \/>\n<meta property=\"og:description\" content=\"On this product you may choose between a laser engraving and a heat press option on a small leather label that is placed on the upper side of the dopp kit, fasten with double rivets.  Some product designs may show red lines please do not place anything on these as they indicate stitching lines and other things.\" \/>\n<meta property=\"og:url\" content=\"https:\/\/fredfloris.eu\/de\/productpage\/customize-vattern-large-dopp-kits\/?wmc-currency=EUR\" \/>\n<meta property=\"og:site_name\" content=\"FredFloris\" \/>\n<meta property=\"article:publisher\" content=\"https:\/\/www.facebook.com\/FredFloris.Artisan.Studio\/\" \/>\n<meta property=\"article:modified_time\" content=\"2024-06-24T17:38:02+00:00\" \/>\n<meta property=\"og:image\" content=\"https:\/\/fredfloris.eu\/wp-content\/uploads\/2022\/06\/Dopp-Kit-Side.jpg\" \/>\n\t<meta property=\"og:image:width\" content=\"1772\" \/>\n\t<meta property=\"og:image:height\" content=\"1063\" \/>\n\t<meta property=\"og:image:type\" content=\"image\/jpeg\" \/>\n<meta name=\"twitter:card\" content=\"summary_large_image\" \/>\n<meta name=\"twitter:site\" content=\"@_fredfloris_\" \/>\n<meta name=\"twitter:label1\" content=\"Gesch\u00e4tzte Lesezeit\" \/>\n\t<meta name=\"twitter:data1\" content=\"1\u00a0Minute\" \/>\n<script type=\"application\/ld+json\" class=\"yoast-schema-graph\">{\"@context\":\"https:\/\/schema.org\",\"@graph\":[{\"@type\":\"WebPage\",\"@id\":\"https:\/\/fredfloris.eu\/productpage\/customize-vattern-large-dopp-kits\/\",\"url\":\"https:\/\/fredfloris.eu\/productpage\/customize-vattern-large-dopp-kits\/\",\"name\":\"Customize - V\u00e4ttern - Large Dopp Kits | FredFloris\",\"isPartOf\":{\"@id\":\"https:\/\/fredfloris.eu\/#website\"},\"primaryImageOfPage\":{\"@id\":\"https:\/\/fredfloris.eu\/productpage\/customize-vattern-large-dopp-kits\/#primaryimage\"},\"image\":{\"@id\":\"https:\/\/fredfloris.eu\/productpage\/customize-vattern-large-dopp-kits\/#primaryimage\"},\"thumbnailUrl\":\"https:\/\/fredfloris.eu\/wp-content\/uploads\/2022\/06\/Dopp-Kit-Side.jpg\",\"datePublished\":\"2022-06-22T19:52:48+00:00\",\"dateModified\":\"2024-06-24T17:38:02+00:00\",\"breadcrumb\":{\"@id\":\"https:\/\/fredfloris.eu\/productpage\/customize-vattern-large-dopp-kits\/#breadcrumb\"},\"inLanguage\":\"de\",\"potentialAction\":[{\"@type\":\"ReadAction\",\"target\":[\"https:\/\/fredfloris.eu\/productpage\/customize-vattern-large-dopp-kits\/\"]}]},{\"@type\":\"ImageObject\",\"inLanguage\":\"de\",\"@id\":\"https:\/\/fredfloris.eu\/productpage\/customize-vattern-large-dopp-kits\/#primaryimage\",\"url\":\"https:\/\/fredfloris.eu\/wp-content\/uploads\/2022\/06\/Dopp-Kit-Side.jpg\",\"contentUrl\":\"https:\/\/fredfloris.eu\/wp-content\/uploads\/2022\/06\/Dopp-Kit-Side.jpg\",\"width\":1772,\"height\":1063,\"caption\":\"Product: Dickens, V\u00e4ttern - Large Dopp Kits, CUSTOMIZE\"},{\"@type\":\"BreadcrumbList\",\"@id\":\"https:\/\/fredfloris.eu\/productpage\/customize-vattern-large-dopp-kits\/#breadcrumb\",\"itemListElement\":[{\"@type\":\"ListItem\",\"position\":1,\"name\":\"Home\",\"item\":\"https:\/\/fredfloris.eu\/\"},{\"@type\":\"ListItem\",\"position\":2,\"name\":\"Shop\",\"item\":\"https:\/\/fredfloris.eu\/shop\/\"},{\"@type\":\"ListItem\",\"position\":3,\"name\":\"Customize &#8211; V\u00e4ttern &#8211; Large Dopp Kits\"}]},{\"@type\":\"WebSite\",\"@id\":\"https:\/\/fredfloris.eu\/#website\",\"url\":\"https:\/\/fredfloris.eu\/\",\"name\":\"FredFloris\",\"description\":\"Handcrafted Leathergoods - Made in Sweden\",\"publisher\":{\"@id\":\"https:\/\/fredfloris.eu\/#organization\"},\"potentialAction\":[{\"@type\":\"SearchAction\",\"target\":{\"@type\":\"EntryPoint\",\"urlTemplate\":\"https:\/\/fredfloris.eu\/?s={search_term_string}\"},\"query-input\":{\"@type\":\"PropertyValueSpecification\",\"valueRequired\":true,\"valueName\":\"search_term_string\"}}],\"inLanguage\":\"de\"},{\"@type\":\"Organization\",\"@id\":\"https:\/\/fredfloris.eu\/#organization\",\"name\":\"FredFloris\",\"url\":\"https:\/\/fredfloris.eu\/\",\"logo\":{\"@type\":\"ImageObject\",\"inLanguage\":\"de\",\"@id\":\"https:\/\/fredfloris.eu\/#\/schema\/logo\/image\/\",\"url\":\"https:\/\/fredfloris.eu\/wp-content\/uploads\/2022\/03\/FredFloris-med-hel-nal-och-text.png\",\"contentUrl\":\"https:\/\/fredfloris.eu\/wp-content\/uploads\/2022\/03\/FredFloris-med-hel-nal-och-text.png\",\"width\":591,\"height\":283,\"caption\":\"FredFloris\"},\"image\":{\"@id\":\"https:\/\/fredfloris.eu\/#\/schema\/logo\/image\/\"},\"sameAs\":[\"https:\/\/www.facebook.com\/FredFloris.Artisan.Studio\/\",\"https:\/\/x.com\/_fredfloris_\",\"https:\/\/www.instagram.com\/fredfloris.artisan.studio\/\"]}]}<\/script>\n<!-- \/ Yoast SEO plugin. -->","yoast_head_json":{"title":"Anpassen - V\u00e4ttern - Gro\u00dfe Dopp Kits | FredFloris","robots":{"index":"noindex","follow":"follow"},"og_locale":"de_DE","og_type":"article","og_title":"Customize - V\u00e4ttern - Large Dopp Kits | FredFloris","og_description":"On this product you may choose between a laser engraving and a heat press option on a small leather label that is placed on the upper side of the dopp kit, fasten with double rivets.  Some product designs may show red lines please do not place anything on these as they indicate stitching lines and other things.","og_url":"https:\/\/fredfloris.eu\/de\/productpage\/customize-vattern-large-dopp-kits\/?wmc-currency=EUR","og_site_name":"FredFloris","article_publisher":"https:\/\/www.facebook.com\/FredFloris.Artisan.Studio\/","article_modified_time":"2024-06-24T17:38:02+00:00","og_image":[{"width":1772,"height":1063,"url":"https:\/\/fredfloris.eu\/wp-content\/uploads\/2022\/06\/Dopp-Kit-Side.jpg","type":"image\/jpeg"}],"twitter_card":"summary_large_image","twitter_site":"@_fredfloris_","twitter_misc":{"Gesch\u00e4tzte Lesezeit":"1\u00a0Minute"},"schema":{"@context":"https:\/\/schema.org","@graph":[{"@type":"WebPage","@id":"https:\/\/fredfloris.eu\/productpage\/customize-vattern-large-dopp-kits\/","url":"https:\/\/fredfloris.eu\/productpage\/customize-vattern-large-dopp-kits\/","name":"Anpassen - V\u00e4ttern - Gro\u00dfe Dopp Kits | FredFloris","isPartOf":{"@id":"https:\/\/fredfloris.eu\/#website"},"primaryImageOfPage":{"@id":"https:\/\/fredfloris.eu\/productpage\/customize-vattern-large-dopp-kits\/#primaryimage"},"image":{"@id":"https:\/\/fredfloris.eu\/productpage\/customize-vattern-large-dopp-kits\/#primaryimage"},"thumbnailUrl":"https:\/\/fredfloris.eu\/wp-content\/uploads\/2022\/06\/Dopp-Kit-Side.jpg","datePublished":"2022-06-22T19:52:48+00:00","dateModified":"2024-06-24T17:38:02+00:00","breadcrumb":{"@id":"https:\/\/fredfloris.eu\/productpage\/customize-vattern-large-dopp-kits\/#breadcrumb"},"inLanguage":"de","potentialAction":[{"@type":"ReadAction","target":["https:\/\/fredfloris.eu\/productpage\/customize-vattern-large-dopp-kits\/"]}]},{"@type":"ImageObject","inLanguage":"de","@id":"https:\/\/fredfloris.eu\/productpage\/customize-vattern-large-dopp-kits\/#primaryimage","url":"https:\/\/fredfloris.eu\/wp-content\/uploads\/2022\/06\/Dopp-Kit-Side.jpg","contentUrl":"https:\/\/fredfloris.eu\/wp-content\/uploads\/2022\/06\/Dopp-Kit-Side.jpg","width":1772,"height":1063,"caption":"Product: Dickens, V\u00e4ttern - Large Dopp Kits, CUSTOMIZE"},{"@type":"BreadcrumbList","@id":"https:\/\/fredfloris.eu\/productpage\/customize-vattern-large-dopp-kits\/#breadcrumb","itemListElement":[{"@type":"ListItem","position":1,"name":"Home","item":"https:\/\/fredfloris.eu\/"},{"@type":"ListItem","position":2,"name":"Shop","item":"https:\/\/fredfloris.eu\/shop\/"},{"@type":"ListItem","position":3,"name":"Customize &#8211; V\u00e4ttern &#8211; Large Dopp Kits"}]},{"@type":"WebSite","@id":"https:\/\/fredfloris.eu\/#website","url":"https:\/\/fredfloris.eu\/","name":"FredFloris","description":"Handgefertigte Lederwaren - Made in Sweden","publisher":{"@id":"https:\/\/fredfloris.eu\/#organization"},"potentialAction":[{"@type":"SearchAction","target":{"@type":"EntryPoint","urlTemplate":"https:\/\/fredfloris.eu\/?s={search_term_string}"},"query-input":{"@type":"PropertyValueSpecification","valueRequired":true,"valueName":"search_term_string"}}],"inLanguage":"de"},{"@type":"Organization","@id":"https:\/\/fredfloris.eu\/#organization","name":"FredFloris","url":"https:\/\/fredfloris.eu\/","logo":{"@type":"ImageObject","inLanguage":"de","@id":"https:\/\/fredfloris.eu\/#\/schema\/logo\/image\/","url":"https:\/\/fredfloris.eu\/wp-content\/uploads\/2022\/03\/FredFloris-med-hel-nal-och-text.png","contentUrl":"https:\/\/fredfloris.eu\/wp-content\/uploads\/2022\/03\/FredFloris-med-hel-nal-och-text.png","width":591,"height":283,"caption":"FredFloris"},"image":{"@id":"https:\/\/fredfloris.eu\/#\/schema\/logo\/image\/"},"sameAs":["https:\/\/www.facebook.com\/FredFloris.Artisan.Studio\/","https:\/\/x.com\/_fredfloris_","https:\/\/www.instagram.com\/fredfloris.artisan.studio\/"]}]}},"brands":[],"_links":{"self":[{"href":"https:\/\/fredfloris.eu\/de\/wp-json\/wp\/v2\/product\/8669","targetHints":{"allow":["GET"]}}],"collection":[{"href":"https:\/\/fredfloris.eu\/de\/wp-json\/wp\/v2\/product"}],"about":[{"href":"https:\/\/fredfloris.eu\/de\/wp-json\/wp\/v2\/types\/product"}],"version-history":[{"count":8,"href":"https:\/\/fredfloris.eu\/de\/wp-json\/wp\/v2\/product\/8669\/revisions"}],"predecessor-version":[{"id":11500,"href":"https:\/\/fredfloris.eu\/de\/wp-json\/wp\/v2\/product\/8669\/revisions\/11500"}],"wp:featuredmedia":[{"embeddable":true,"href":"https:\/\/fredfloris.eu\/de\/wp-json\/wp\/v2\/media\/8667"}],"wp:attachment":[{"href":"https:\/\/fredfloris.eu\/de\/wp-json\/wp\/v2\/media?parent=8669"}],"wp:term":[{"taxonomy":"pwb-brand","embeddable":true,"href":"https:\/\/fredfloris.eu\/de\/wp-json\/wp\/v2\/pwb-brand?post=8669"},{"taxonomy":"product_brand","embeddable":true,"href":"https:\/\/fredfloris.eu\/de\/wp-json\/wp\/v2\/product_brand?post=8669"},{"taxonomy":"product_cat","embeddable":true,"href":"https:\/\/fredfloris.eu\/de\/wp-json\/wp\/v2\/product_cat?post=8669"},{"taxonomy":"product_tag","embeddable":true,"href":"https:\/\/fredfloris.eu\/de\/wp-json\/wp\/v2\/product_tag?post=8669"},{"taxonomy":"woo-feed-brand","embeddable":true,"href":"https:\/\/fredfloris.eu\/de\/wp-json\/wp\/v2\/woo-feed-brand?post=8669"}],"curies":[{"name":"wp","href":"https:\/\/api.w.org\/{rel}","templated":true}]}}