{"id":9905,"date":"2022-08-21T15:06:55","date_gmt":"2022-08-21T13:06:55","guid":{"rendered":"https:\/\/fredfloris.eu\/?post_type=product&#038;p=9905"},"modified":"2025-02-22T19:54:15","modified_gmt":"2025-02-22T17:54:15","slug":"smalandijs-leather-cufflinks","status":"publish","type":"product","link":"https:\/\/fredfloris.eu\/de\/productpage\/smalandijs-leather-cufflinks\/","title":{"rendered":"Smalandijs - Manschettenkn\u00f6pfe aus Leder"},"content":{"rendered":"<p><strong>Investieren Sie in Ihre Identit\u00e4t mit unseren Manschettenkn\u00f6pfen aus Leder. Personalisieren Sie die Manschettenkn\u00f6pfe mit Ihren Initialen, die durch Hei\u00dfpressen oder Goldfolierung aufgebracht werden. Sie stehen f\u00fcr Erfolg und sind ein Zeugnis f\u00fcr Ihre Bem\u00fchungen. Im Laufe Ihres Lebens wollen Sie ein dauerhaftes Erbe aufbauen - sei es eine Karriere, eine Familie oder beides.<\/strong><\/p>\n<p><strong>Perfekt als pers\u00f6nliches Geschenk:<\/strong> Diese Manschettenkn\u00f6pfe sind ein ideales Geschenk f\u00fcr Familienmitglieder. Ob als Geschenk des Vaters oder der Ehefrau, sie sind eine sch\u00f6ne Erinnerung an Ihre Liebe.<\/p>\n<p><strong>Produktspezifikationen:<\/strong><\/p>\n<ul>\n<li><strong>Material:<\/strong> Schwedisches pflanzlich gegerbtes Vollnarbenleder mit einer Basis aus rostfreiem Stahl<\/li>\n<li><strong>Personalisierung:<\/strong> Kostenlose individuelle Pr\u00e4gung verf\u00fcgbar<\/li>\n<li><strong>Innendurchmesser:<\/strong> 16 mm<\/li>\n<li><strong>Gewicht:<\/strong> Ungef\u00e4hr 12 Gramm pro Paar<\/li>\n<li><strong>Verf\u00fcgbare Farben:<\/strong> Schwarz, Dunkelbraun, Braun, Blaugr\u00fcn, Dunkelgelb und Dunkel Cognac<\/li>\n<li><strong>Merkmale:<\/strong> Nickelfrei und hypoallergen, damit keine Hautreizungen auftreten<\/li>\n<\/ul>\n<p>&nbsp;<\/p>\n<p>Suchbegriffe: Personalisierte klassische Manschettenkn\u00f6pfe, Manschettenkn\u00f6pfe aus Leder<\/p>","protected":false},"excerpt":{"rendered":"<p><strong>PRODUKTABMESSUNGEN - <\/strong>Produktgewicht: 12 g (Paar), Manschettenknopf Innendurchmesser: 16 mm.<\/p>\n<p>Erh\u00e4ltlich mit Sockel aus Edelstahl<\/p>\n<pre><\/pre>\n<p>Dieses Produkt ist aus nat\u00fcrlichem Material hergestellt: Farbe und Dicke k\u00f6nnen variieren.<\/p>","protected":false},"featured_media":9910,"template":"","meta":[],"pwb-brand":[204],"product_brand":[],"product_cat":[118,101,119],"product_tag":[123,147,105],"woo-feed-brand":[],"class_list":{"0":"post-9905","1":"product","2":"type-product","3":"status-publish","4":"has-post-thumbnail","6":"pwb-brand-fredfloris-partner","7":"product_cat-cufflinks","8":"product_cat-jewelry","9":"product_cat-personalised-cufflinks","10":"product_tag-full-grain-leather","11":"product_tag-heat-imprint","12":"product_tag-made-to-order","13":"product_shipping_class-small-goods","14":"pa_cufflink-base-stainless-steel-aisi","15":"pa_leather-colour-black-croupon-swedish","16":"pa_leather-colour-petrol-waxed","17":"pa_leather-colour-brown-croupon-swedish","18":"pa_leather-colour-dbrown-croupon-swedish","19":"pa_leather-colour-dark-cognac-waxed","20":"pa_leather-colour-mustard-waxed","22":"first","23":"instock","24":"taxable","25":"shipping-taxable","26":"purchasable","27":"product-type-variable","28":"has-default-attributes"},"yoast_head":"<!-- This site is optimized with the Yoast SEO plugin v27.2 - https:\/\/yoast.com\/product\/yoast-seo-wordpress\/ -->\n<title>Smalandijs - Leather Cufflinks | FredFloris<\/title>\n<meta name=\"description\" content=\"With our personalised leather cufflinks, you can invest in your name. Your initials can be applied by heat press or gold foiling making it custom to you.\" \/>\n<meta name=\"robots\" content=\"index, follow, max-snippet:-1, max-image-preview:large, max-video-preview:-1\" \/>\n<link rel=\"canonical\" href=\"https:\/\/fredfloris.eu\/de\/productpage\/smalandijs-leather-cufflinks\/?wmc-currency=EUR\" \/>\n<meta property=\"og:locale\" content=\"de_DE\" \/>\n<meta property=\"og:type\" content=\"article\" \/>\n<meta property=\"og:title\" content=\"Smalandijs - Leather Cufflinks | FredFloris\" \/>\n<meta property=\"og:description\" content=\"With our personalised leather cufflinks, you can invest in your name. Your initials can be applied by heat press or gold foiling making it custom to you.\" \/>\n<meta property=\"og:url\" content=\"https:\/\/fredfloris.eu\/de\/productpage\/smalandijs-leather-cufflinks\/?wmc-currency=EUR\" \/>\n<meta property=\"og:site_name\" content=\"FredFloris\" \/>\n<meta property=\"article:publisher\" content=\"https:\/\/www.facebook.com\/FredFloris.Artisan.Studio\/\" \/>\n<meta property=\"article:modified_time\" content=\"2025-02-22T17:54:15+00:00\" \/>\n<meta property=\"og:image\" content=\"https:\/\/fredfloris.eu\/wp-content\/uploads\/2022\/08\/IMG_2925-scaled.jpg\" \/>\n\t<meta property=\"og:image:width\" content=\"2560\" \/>\n\t<meta property=\"og:image:height\" content=\"1707\" \/>\n\t<meta property=\"og:image:type\" content=\"image\/jpeg\" \/>\n<meta name=\"twitter:card\" content=\"summary_large_image\" \/>\n<meta name=\"twitter:site\" content=\"@_fredfloris_\" \/>\n<meta name=\"twitter:label1\" content=\"Gesch\u00e4tzte Lesezeit\" \/>\n\t<meta name=\"twitter:data1\" content=\"1\u00a0Minute\" \/>\n<script type=\"application\/ld+json\" class=\"yoast-schema-graph\">{\"@context\":\"https:\/\/schema.org\",\"@graph\":[{\"@type\":\"WebPage\",\"@id\":\"https:\/\/fredfloris.eu\/productpage\/smalandijs-leather-cufflinks\/\",\"url\":\"https:\/\/fredfloris.eu\/productpage\/smalandijs-leather-cufflinks\/\",\"name\":\"Smalandijs - Leather Cufflinks | FredFloris\",\"isPartOf\":{\"@id\":\"https:\/\/fredfloris.eu\/#website\"},\"primaryImageOfPage\":{\"@id\":\"https:\/\/fredfloris.eu\/productpage\/smalandijs-leather-cufflinks\/#primaryimage\"},\"image\":{\"@id\":\"https:\/\/fredfloris.eu\/productpage\/smalandijs-leather-cufflinks\/#primaryimage\"},\"thumbnailUrl\":\"https:\/\/fredfloris.eu\/wp-content\/uploads\/2022\/08\/IMG_2925-scaled.jpg\",\"datePublished\":\"2022-08-21T13:06:55+00:00\",\"dateModified\":\"2025-02-22T17:54:15+00:00\",\"description\":\"With our personalised leather cufflinks, you can invest in your name. Your initials can be applied by heat press or gold foiling making it custom to you.\",\"breadcrumb\":{\"@id\":\"https:\/\/fredfloris.eu\/productpage\/smalandijs-leather-cufflinks\/#breadcrumb\"},\"inLanguage\":\"de\",\"potentialAction\":[{\"@type\":\"ReadAction\",\"target\":[\"https:\/\/fredfloris.eu\/productpage\/smalandijs-leather-cufflinks\/\"]}]},{\"@type\":\"ImageObject\",\"inLanguage\":\"de\",\"@id\":\"https:\/\/fredfloris.eu\/productpage\/smalandijs-leather-cufflinks\/#primaryimage\",\"url\":\"https:\/\/fredfloris.eu\/wp-content\/uploads\/2022\/08\/IMG_2925-scaled.jpg\",\"contentUrl\":\"https:\/\/fredfloris.eu\/wp-content\/uploads\/2022\/08\/IMG_2925-scaled.jpg\",\"width\":2560,\"height\":1707,\"caption\":\"Product: Smalandijs - Leather Cufflinks \u2013 Dark Brown, Brown and Black Leather \u2013 Stainless Steel\"},{\"@type\":\"BreadcrumbList\",\"@id\":\"https:\/\/fredfloris.eu\/productpage\/smalandijs-leather-cufflinks\/#breadcrumb\",\"itemListElement\":[{\"@type\":\"ListItem\",\"position\":1,\"name\":\"Home\",\"item\":\"https:\/\/fredfloris.eu\/\"},{\"@type\":\"ListItem\",\"position\":2,\"name\":\"Shop\",\"item\":\"https:\/\/fredfloris.eu\/shop\/\"},{\"@type\":\"ListItem\",\"position\":3,\"name\":\"Smalandijs &#8211; Leather Cufflinks\"}]},{\"@type\":\"WebSite\",\"@id\":\"https:\/\/fredfloris.eu\/#website\",\"url\":\"https:\/\/fredfloris.eu\/\",\"name\":\"FredFloris\",\"description\":\"Handcrafted Leathergoods - Made in Sweden\",\"publisher\":{\"@id\":\"https:\/\/fredfloris.eu\/#organization\"},\"potentialAction\":[{\"@type\":\"SearchAction\",\"target\":{\"@type\":\"EntryPoint\",\"urlTemplate\":\"https:\/\/fredfloris.eu\/?s={search_term_string}\"},\"query-input\":{\"@type\":\"PropertyValueSpecification\",\"valueRequired\":true,\"valueName\":\"search_term_string\"}}],\"inLanguage\":\"de\"},{\"@type\":\"Organization\",\"@id\":\"https:\/\/fredfloris.eu\/#organization\",\"name\":\"FredFloris\",\"url\":\"https:\/\/fredfloris.eu\/\",\"logo\":{\"@type\":\"ImageObject\",\"inLanguage\":\"de\",\"@id\":\"https:\/\/fredfloris.eu\/#\/schema\/logo\/image\/\",\"url\":\"https:\/\/fredfloris.eu\/wp-content\/uploads\/2022\/03\/FredFloris-med-hel-nal-och-text.png\",\"contentUrl\":\"https:\/\/fredfloris.eu\/wp-content\/uploads\/2022\/03\/FredFloris-med-hel-nal-och-text.png\",\"width\":591,\"height\":283,\"caption\":\"FredFloris\"},\"image\":{\"@id\":\"https:\/\/fredfloris.eu\/#\/schema\/logo\/image\/\"},\"sameAs\":[\"https:\/\/www.facebook.com\/FredFloris.Artisan.Studio\/\",\"https:\/\/x.com\/_fredfloris_\",\"https:\/\/www.instagram.com\/fredfloris.artisan.studio\/\"]}]}<\/script>\n<!-- \/ Yoast SEO plugin. -->","yoast_head_json":{"title":"Smalandijs - Leder-Manschettenkn\u00f6pfe | FredFloris","description":"Mit unseren personalisierten Manschettenkn\u00f6pfen aus Leder k\u00f6nnen Sie in Ihren Namen investieren. Ihre Initialen k\u00f6nnen durch Hei\u00dfpressen oder Goldfolienpr\u00e4gung aufgebracht werden, um sie individuell zu gestalten.","robots":{"index":"index","follow":"follow","max-snippet":"max-snippet:-1","max-image-preview":"max-image-preview:large","max-video-preview":"max-video-preview:-1"},"canonical":"https:\/\/fredfloris.eu\/de\/productpage\/smalandijs-leather-cufflinks\/?wmc-currency=EUR","og_locale":"de_DE","og_type":"article","og_title":"Smalandijs - Leather Cufflinks | FredFloris","og_description":"With our personalised leather cufflinks, you can invest in your name. Your initials can be applied by heat press or gold foiling making it custom to you.","og_url":"https:\/\/fredfloris.eu\/de\/productpage\/smalandijs-leather-cufflinks\/?wmc-currency=EUR","og_site_name":"FredFloris","article_publisher":"https:\/\/www.facebook.com\/FredFloris.Artisan.Studio\/","article_modified_time":"2025-02-22T17:54:15+00:00","og_image":[{"width":2560,"height":1707,"url":"https:\/\/fredfloris.eu\/wp-content\/uploads\/2022\/08\/IMG_2925-scaled.jpg","type":"image\/jpeg"}],"twitter_card":"summary_large_image","twitter_site":"@_fredfloris_","twitter_misc":{"Gesch\u00e4tzte Lesezeit":"1\u00a0Minute"},"schema":{"@context":"https:\/\/schema.org","@graph":[{"@type":"WebPage","@id":"https:\/\/fredfloris.eu\/productpage\/smalandijs-leather-cufflinks\/","url":"https:\/\/fredfloris.eu\/productpage\/smalandijs-leather-cufflinks\/","name":"Smalandijs - Leder-Manschettenkn\u00f6pfe | FredFloris","isPartOf":{"@id":"https:\/\/fredfloris.eu\/#website"},"primaryImageOfPage":{"@id":"https:\/\/fredfloris.eu\/productpage\/smalandijs-leather-cufflinks\/#primaryimage"},"image":{"@id":"https:\/\/fredfloris.eu\/productpage\/smalandijs-leather-cufflinks\/#primaryimage"},"thumbnailUrl":"https:\/\/fredfloris.eu\/wp-content\/uploads\/2022\/08\/IMG_2925-scaled.jpg","datePublished":"2022-08-21T13:06:55+00:00","dateModified":"2025-02-22T17:54:15+00:00","description":"Mit unseren personalisierten Manschettenkn\u00f6pfen aus Leder k\u00f6nnen Sie in Ihren Namen investieren. Ihre Initialen k\u00f6nnen durch Hei\u00dfpressen oder Goldfolienpr\u00e4gung aufgebracht werden, um sie individuell zu gestalten.","breadcrumb":{"@id":"https:\/\/fredfloris.eu\/productpage\/smalandijs-leather-cufflinks\/#breadcrumb"},"inLanguage":"de","potentialAction":[{"@type":"ReadAction","target":["https:\/\/fredfloris.eu\/productpage\/smalandijs-leather-cufflinks\/"]}]},{"@type":"ImageObject","inLanguage":"de","@id":"https:\/\/fredfloris.eu\/productpage\/smalandijs-leather-cufflinks\/#primaryimage","url":"https:\/\/fredfloris.eu\/wp-content\/uploads\/2022\/08\/IMG_2925-scaled.jpg","contentUrl":"https:\/\/fredfloris.eu\/wp-content\/uploads\/2022\/08\/IMG_2925-scaled.jpg","width":2560,"height":1707,"caption":"Product: Smalandijs - Leather Cufflinks \u2013 Dark Brown, Brown and Black Leather \u2013 Stainless Steel"},{"@type":"BreadcrumbList","@id":"https:\/\/fredfloris.eu\/productpage\/smalandijs-leather-cufflinks\/#breadcrumb","itemListElement":[{"@type":"ListItem","position":1,"name":"Home","item":"https:\/\/fredfloris.eu\/"},{"@type":"ListItem","position":2,"name":"Shop","item":"https:\/\/fredfloris.eu\/shop\/"},{"@type":"ListItem","position":3,"name":"Smalandijs &#8211; Leather Cufflinks"}]},{"@type":"WebSite","@id":"https:\/\/fredfloris.eu\/#website","url":"https:\/\/fredfloris.eu\/","name":"FredFloris","description":"Handgefertigte Lederwaren - Made in Sweden","publisher":{"@id":"https:\/\/fredfloris.eu\/#organization"},"potentialAction":[{"@type":"SearchAction","target":{"@type":"EntryPoint","urlTemplate":"https:\/\/fredfloris.eu\/?s={search_term_string}"},"query-input":{"@type":"PropertyValueSpecification","valueRequired":true,"valueName":"search_term_string"}}],"inLanguage":"de"},{"@type":"Organization","@id":"https:\/\/fredfloris.eu\/#organization","name":"FredFloris","url":"https:\/\/fredfloris.eu\/","logo":{"@type":"ImageObject","inLanguage":"de","@id":"https:\/\/fredfloris.eu\/#\/schema\/logo\/image\/","url":"https:\/\/fredfloris.eu\/wp-content\/uploads\/2022\/03\/FredFloris-med-hel-nal-och-text.png","contentUrl":"https:\/\/fredfloris.eu\/wp-content\/uploads\/2022\/03\/FredFloris-med-hel-nal-och-text.png","width":591,"height":283,"caption":"FredFloris"},"image":{"@id":"https:\/\/fredfloris.eu\/#\/schema\/logo\/image\/"},"sameAs":["https:\/\/www.facebook.com\/FredFloris.Artisan.Studio\/","https:\/\/x.com\/_fredfloris_","https:\/\/www.instagram.com\/fredfloris.artisan.studio\/"]}]}},"brands":[{"id":204,"name":"FredFloris &amp; Partner","slug":"fredfloris-partner"}],"_links":{"self":[{"href":"https:\/\/fredfloris.eu\/de\/wp-json\/wp\/v2\/product\/9905","targetHints":{"allow":["GET"]}}],"collection":[{"href":"https:\/\/fredfloris.eu\/de\/wp-json\/wp\/v2\/product"}],"about":[{"href":"https:\/\/fredfloris.eu\/de\/wp-json\/wp\/v2\/types\/product"}],"version-history":[{"count":12,"href":"https:\/\/fredfloris.eu\/de\/wp-json\/wp\/v2\/product\/9905\/revisions"}],"predecessor-version":[{"id":11530,"href":"https:\/\/fredfloris.eu\/de\/wp-json\/wp\/v2\/product\/9905\/revisions\/11530"}],"wp:featuredmedia":[{"embeddable":true,"href":"https:\/\/fredfloris.eu\/de\/wp-json\/wp\/v2\/media\/9910"}],"wp:attachment":[{"href":"https:\/\/fredfloris.eu\/de\/wp-json\/wp\/v2\/media?parent=9905"}],"wp:term":[{"taxonomy":"pwb-brand","embeddable":true,"href":"https:\/\/fredfloris.eu\/de\/wp-json\/wp\/v2\/pwb-brand?post=9905"},{"taxonomy":"product_brand","embeddable":true,"href":"https:\/\/fredfloris.eu\/de\/wp-json\/wp\/v2\/product_brand?post=9905"},{"taxonomy":"product_cat","embeddable":true,"href":"https:\/\/fredfloris.eu\/de\/wp-json\/wp\/v2\/product_cat?post=9905"},{"taxonomy":"product_tag","embeddable":true,"href":"https:\/\/fredfloris.eu\/de\/wp-json\/wp\/v2\/product_tag?post=9905"},{"taxonomy":"woo-feed-brand","embeddable":true,"href":"https:\/\/fredfloris.eu\/de\/wp-json\/wp\/v2\/woo-feed-brand?post=9905"}],"curies":[{"name":"wp","href":"https:\/\/api.w.org\/{rel}","templated":true}]}}