{"id":9925,"date":"2022-08-21T16:08:19","date_gmt":"2022-08-21T14:08:19","guid":{"rendered":"https:\/\/fredfloris.eu\/?post_type=product&#038;p=9925"},"modified":"2024-06-24T20:34:54","modified_gmt":"2024-06-24T18:34:54","slug":"varend-mother-of-pearls-cufflinks","status":"publish","type":"product","link":"https:\/\/fredfloris.eu\/de\/productpage\/varend-mother-of-pearls-cufflinks\/","title":{"rendered":"V\u00e4rend - Manschettenkn\u00f6pfe mit Perlmutt"},"content":{"rendered":"<p><strong>Wir stellen unsere Manschettenkn\u00f6pfe V\u00e4rend mit einer Scheibe aus wei\u00dfem Perlmutt vor.<\/strong> Dieser exquisite organische Edelstein, der aus der inneren Schalenschicht von Weichtieren gewonnen wird, ist das gleiche Material, aus dem nat\u00fcrliche Perlen hergestellt werden. Er wird f\u00fcr seine St\u00e4rke, Widerstandsf\u00e4higkeit und sein faszinierendes Schillern gesch\u00e4tzt. Die Manschettenkn\u00f6pfe schaffen ein perfektes Gleichgewicht zwischen den sanften, unaufdringlichen Farben und dem harten, verl\u00e4sslichen Material und verk\u00f6rpern Reichtum, Vertrauen und Zuverl\u00e4ssigkeit.<\/p>\n<p>Perlenmanschettenkn\u00f6pfe sind seit Jahrhunderten ein Symbol f\u00fcr Vertrauen, Klasse und Kontrolle. Sie reflektieren das Licht auf einzigartige Weise und lassen subtile Blau-, Rosa- und Gr\u00fcnt\u00f6ne erkennen, die sowohl wei\u00dfe als auch farbige Hemden noch eleganter wirken lassen. Eingefasst in einen Edelmetallrahmen sind diese Manschettenkn\u00f6pfe nicht nur ein Accessoire, sondern auch ein Fenster zur nat\u00fcrlichen Sch\u00f6nheit der Welt und verleihen jeder formellen Kleidung Eleganz und Glanz.<\/p>\n<p><strong>Ideales Geschenk:<\/strong> Diese Manschettenkn\u00f6pfe aus Perlmutt sind ein hervorragendes Geschenk f\u00fcr den Br\u00e4utigam oder den Trauzeugen. Und da Perlen das traditionelle Geschenk zum 30. Hochzeitstag sind, sind sie auch ein durchdachtes Geschenk f\u00fcr Ihren Mann.<\/p>\n<p><strong>Produktspezifikationen:<\/strong><\/p>\n<ul>\n<li><strong>Grundmaterial:<\/strong> Vergoldetes Sterling Silber 925<\/li>\n<li><strong>Innendurchmesser:<\/strong> 18 mm<\/li>\n<li><strong>Gewicht:<\/strong> Ungef\u00e4hr 11 Gramm pro Paar<\/li>\n<li><strong>Merkmale:<\/strong> Nickelfrei und hypoallergen, um Hautreizungen zu vermeiden<\/li>\n<\/ul>\n<p>&nbsp;<\/p>\n<p>Suchbegriffe: Manschettenkn\u00f6pfe mit Perlmutt-Edelsteinen, Manschettenkn\u00f6pfe f\u00fcr Hemden aus Gold<\/p>","protected":false},"excerpt":{"rendered":"<p><strong>PRODUKTABMESSUNGEN - <\/strong>Produktgewicht: 11 g (Paar), Manschettenknopf Innendurchmesser: 18 mm.<\/p>\n<p>Erh\u00e4ltlich in 925 Sterling Silber mit 24K Goldplattierung - 0,4 \u00b5m.<\/p>\n<p>SKU: var\/cuf\/gol\/mop<br \/>\nMarke: FredFloris &amp; Partner<\/p>\n<pre><\/pre>\n<p>Unser erfahrener Partner in Polen stellt die Ohrringbasis her. Wir verwenden 0,4 \u00b5m dickes plattiertes Silber, da es den Schmuck nicht verdunkelt oder stumpf macht. Das Produkt ist etwas verf\u00e4rbungsresistent, aber beachten Sie unbedingt unsere Pflegehinweise, um die Lebensdauer Ihres neuen Schmucks zu verl\u00e4ngern. Wir setzen den Edelstein in unserem Atelier in Schweden auf den Sockel.<\/p>\n<pre><\/pre>\n<p>Dieses Produkt ist aus nat\u00fcrlichem Material hergestellt: Form, Farbe und Dicke k\u00f6nnen variieren.<\/p>","protected":false},"featured_media":9890,"template":"","meta":[],"pwb-brand":[204],"product_brand":[],"product_cat":[118,121,101],"product_tag":[357,163,358,135],"woo-feed-brand":[],"class_list":{"0":"post-9925","1":"product","2":"type-product","3":"status-publish","4":"has-post-thumbnail","6":"pwb-brand-fredfloris-partner","7":"product_cat-cufflinks","8":"product_cat-gem-cufflinks","9":"product_cat-jewelry","10":"product_tag-gemstone","11":"product_tag-gold","12":"product_tag-mother-of-pearls","13":"product_tag-stocked","14":"product_shipping_class-small-goods","16":"first","17":"instock","18":"taxable","19":"shipping-taxable","20":"purchasable","21":"product-type-simple"},"yoast_head":"<!-- This site is optimized with the Yoast SEO plugin v27.2 - https:\/\/yoast.com\/product\/yoast-seo-wordpress\/ -->\n<title>V\u00e4rend - Mother of Pearls Cufflinks | FredFloris<\/title>\n<meta name=\"description\" content=\"Check out our Mother of Pearls natural gemstone cufflinks in gold plated silver, a true classic design, made to last! Make for a great gift!\" \/>\n<meta name=\"robots\" content=\"index, follow, max-snippet:-1, max-image-preview:large, max-video-preview:-1\" \/>\n<link rel=\"canonical\" href=\"https:\/\/fredfloris.eu\/de\/productpage\/varend-mother-of-pearls-cufflinks\/?wmc-currency=EUR\" \/>\n<meta property=\"og:locale\" content=\"de_DE\" \/>\n<meta property=\"og:type\" content=\"article\" \/>\n<meta property=\"og:title\" content=\"V\u00e4rend - Mother of Pearls Cufflinks | FredFloris\" \/>\n<meta property=\"og:description\" content=\"Check out our Mother of Pearls natural gemstone cufflinks in gold plated silver, a true classic design, made to last! Make for a great gift!\" \/>\n<meta property=\"og:url\" content=\"https:\/\/fredfloris.eu\/de\/productpage\/varend-mother-of-pearls-cufflinks\/?wmc-currency=EUR\" \/>\n<meta property=\"og:site_name\" content=\"FredFloris\" \/>\n<meta property=\"article:publisher\" content=\"https:\/\/www.facebook.com\/FredFloris.Artisan.Studio\/\" \/>\n<meta property=\"article:modified_time\" content=\"2024-06-24T18:34:54+00:00\" \/>\n<meta property=\"og:image\" content=\"https:\/\/fredfloris.eu\/wp-content\/uploads\/2022\/08\/IMG_3245-scaled.jpg\" \/>\n\t<meta property=\"og:image:width\" content=\"2560\" \/>\n\t<meta property=\"og:image:height\" content=\"1707\" \/>\n\t<meta property=\"og:image:type\" content=\"image\/jpeg\" \/>\n<meta name=\"twitter:card\" content=\"summary_large_image\" \/>\n<meta name=\"twitter:site\" content=\"@_fredfloris_\" \/>\n<meta name=\"twitter:label1\" content=\"Gesch\u00e4tzte Lesezeit\" \/>\n\t<meta name=\"twitter:data1\" content=\"2\u00a0Minuten\" \/>\n<script type=\"application\/ld+json\" class=\"yoast-schema-graph\">{\"@context\":\"https:\/\/schema.org\",\"@graph\":[{\"@type\":\"WebPage\",\"@id\":\"https:\/\/fredfloris.eu\/productpage\/varend-mother-of-pearls-cufflinks\/\",\"url\":\"https:\/\/fredfloris.eu\/productpage\/varend-mother-of-pearls-cufflinks\/\",\"name\":\"V\u00e4rend - Mother of Pearls Cufflinks | FredFloris\",\"isPartOf\":{\"@id\":\"https:\/\/fredfloris.eu\/#website\"},\"primaryImageOfPage\":{\"@id\":\"https:\/\/fredfloris.eu\/productpage\/varend-mother-of-pearls-cufflinks\/#primaryimage\"},\"image\":{\"@id\":\"https:\/\/fredfloris.eu\/productpage\/varend-mother-of-pearls-cufflinks\/#primaryimage\"},\"thumbnailUrl\":\"https:\/\/fredfloris.eu\/wp-content\/uploads\/2022\/08\/IMG_3245-scaled.jpg\",\"datePublished\":\"2022-08-21T14:08:19+00:00\",\"dateModified\":\"2024-06-24T18:34:54+00:00\",\"description\":\"Check out our Mother of Pearls natural gemstone cufflinks in gold plated silver, a true classic design, made to last! Make for a great gift!\",\"breadcrumb\":{\"@id\":\"https:\/\/fredfloris.eu\/productpage\/varend-mother-of-pearls-cufflinks\/#breadcrumb\"},\"inLanguage\":\"de\",\"potentialAction\":[{\"@type\":\"ReadAction\",\"target\":[\"https:\/\/fredfloris.eu\/productpage\/varend-mother-of-pearls-cufflinks\/\"]}]},{\"@type\":\"ImageObject\",\"inLanguage\":\"de\",\"@id\":\"https:\/\/fredfloris.eu\/productpage\/varend-mother-of-pearls-cufflinks\/#primaryimage\",\"url\":\"https:\/\/fredfloris.eu\/wp-content\/uploads\/2022\/08\/IMG_3245-scaled.jpg\",\"contentUrl\":\"https:\/\/fredfloris.eu\/wp-content\/uploads\/2022\/08\/IMG_3245-scaled.jpg\",\"width\":2560,\"height\":1707,\"caption\":\"Product: V\u00e4rend - Mother of Pearls Cufflinks \u2013 Gold Plated Silver\"},{\"@type\":\"BreadcrumbList\",\"@id\":\"https:\/\/fredfloris.eu\/productpage\/varend-mother-of-pearls-cufflinks\/#breadcrumb\",\"itemListElement\":[{\"@type\":\"ListItem\",\"position\":1,\"name\":\"Home\",\"item\":\"https:\/\/fredfloris.eu\/\"},{\"@type\":\"ListItem\",\"position\":2,\"name\":\"Shop\",\"item\":\"https:\/\/fredfloris.eu\/shop\/\"},{\"@type\":\"ListItem\",\"position\":3,\"name\":\"V\u00e4rend &#8211; Mother of Pearls Cufflinks\"}]},{\"@type\":\"WebSite\",\"@id\":\"https:\/\/fredfloris.eu\/#website\",\"url\":\"https:\/\/fredfloris.eu\/\",\"name\":\"FredFloris\",\"description\":\"Handcrafted Leathergoods - Made in Sweden\",\"publisher\":{\"@id\":\"https:\/\/fredfloris.eu\/#organization\"},\"potentialAction\":[{\"@type\":\"SearchAction\",\"target\":{\"@type\":\"EntryPoint\",\"urlTemplate\":\"https:\/\/fredfloris.eu\/?s={search_term_string}\"},\"query-input\":{\"@type\":\"PropertyValueSpecification\",\"valueRequired\":true,\"valueName\":\"search_term_string\"}}],\"inLanguage\":\"de\"},{\"@type\":\"Organization\",\"@id\":\"https:\/\/fredfloris.eu\/#organization\",\"name\":\"FredFloris\",\"url\":\"https:\/\/fredfloris.eu\/\",\"logo\":{\"@type\":\"ImageObject\",\"inLanguage\":\"de\",\"@id\":\"https:\/\/fredfloris.eu\/#\/schema\/logo\/image\/\",\"url\":\"https:\/\/fredfloris.eu\/wp-content\/uploads\/2022\/03\/FredFloris-med-hel-nal-och-text.png\",\"contentUrl\":\"https:\/\/fredfloris.eu\/wp-content\/uploads\/2022\/03\/FredFloris-med-hel-nal-och-text.png\",\"width\":591,\"height\":283,\"caption\":\"FredFloris\"},\"image\":{\"@id\":\"https:\/\/fredfloris.eu\/#\/schema\/logo\/image\/\"},\"sameAs\":[\"https:\/\/www.facebook.com\/FredFloris.Artisan.Studio\/\",\"https:\/\/x.com\/_fredfloris_\",\"https:\/\/www.instagram.com\/fredfloris.artisan.studio\/\"]}]}<\/script>\n<!-- \/ Yoast SEO plugin. -->","yoast_head_json":{"title":"V\u00e4rend - Manschettenkn\u00f6pfe aus Perlmutt | FredFloris","description":"Sehen Sie sich unsere Manschettenkn\u00f6pfe aus vergoldetem Silber mit nat\u00fcrlichem Edelstein an, ein echter Klassiker, der lange halten wird! Ein tolles Geschenk!","robots":{"index":"index","follow":"follow","max-snippet":"max-snippet:-1","max-image-preview":"max-image-preview:large","max-video-preview":"max-video-preview:-1"},"canonical":"https:\/\/fredfloris.eu\/de\/productpage\/varend-mother-of-pearls-cufflinks\/?wmc-currency=EUR","og_locale":"de_DE","og_type":"article","og_title":"V\u00e4rend - Mother of Pearls Cufflinks | FredFloris","og_description":"Check out our Mother of Pearls natural gemstone cufflinks in gold plated silver, a true classic design, made to last! Make for a great gift!","og_url":"https:\/\/fredfloris.eu\/de\/productpage\/varend-mother-of-pearls-cufflinks\/?wmc-currency=EUR","og_site_name":"FredFloris","article_publisher":"https:\/\/www.facebook.com\/FredFloris.Artisan.Studio\/","article_modified_time":"2024-06-24T18:34:54+00:00","og_image":[{"width":2560,"height":1707,"url":"https:\/\/fredfloris.eu\/wp-content\/uploads\/2022\/08\/IMG_3245-scaled.jpg","type":"image\/jpeg"}],"twitter_card":"summary_large_image","twitter_site":"@_fredfloris_","twitter_misc":{"Gesch\u00e4tzte Lesezeit":"2\u00a0Minuten"},"schema":{"@context":"https:\/\/schema.org","@graph":[{"@type":"WebPage","@id":"https:\/\/fredfloris.eu\/productpage\/varend-mother-of-pearls-cufflinks\/","url":"https:\/\/fredfloris.eu\/productpage\/varend-mother-of-pearls-cufflinks\/","name":"V\u00e4rend - Manschettenkn\u00f6pfe aus Perlmutt | FredFloris","isPartOf":{"@id":"https:\/\/fredfloris.eu\/#website"},"primaryImageOfPage":{"@id":"https:\/\/fredfloris.eu\/productpage\/varend-mother-of-pearls-cufflinks\/#primaryimage"},"image":{"@id":"https:\/\/fredfloris.eu\/productpage\/varend-mother-of-pearls-cufflinks\/#primaryimage"},"thumbnailUrl":"https:\/\/fredfloris.eu\/wp-content\/uploads\/2022\/08\/IMG_3245-scaled.jpg","datePublished":"2022-08-21T14:08:19+00:00","dateModified":"2024-06-24T18:34:54+00:00","description":"Sehen Sie sich unsere Manschettenkn\u00f6pfe aus vergoldetem Silber mit nat\u00fcrlichem Edelstein an, ein echter Klassiker, der lange halten wird! Ein tolles Geschenk!","breadcrumb":{"@id":"https:\/\/fredfloris.eu\/productpage\/varend-mother-of-pearls-cufflinks\/#breadcrumb"},"inLanguage":"de","potentialAction":[{"@type":"ReadAction","target":["https:\/\/fredfloris.eu\/productpage\/varend-mother-of-pearls-cufflinks\/"]}]},{"@type":"ImageObject","inLanguage":"de","@id":"https:\/\/fredfloris.eu\/productpage\/varend-mother-of-pearls-cufflinks\/#primaryimage","url":"https:\/\/fredfloris.eu\/wp-content\/uploads\/2022\/08\/IMG_3245-scaled.jpg","contentUrl":"https:\/\/fredfloris.eu\/wp-content\/uploads\/2022\/08\/IMG_3245-scaled.jpg","width":2560,"height":1707,"caption":"Product: V\u00e4rend - Mother of Pearls Cufflinks \u2013 Gold Plated Silver"},{"@type":"BreadcrumbList","@id":"https:\/\/fredfloris.eu\/productpage\/varend-mother-of-pearls-cufflinks\/#breadcrumb","itemListElement":[{"@type":"ListItem","position":1,"name":"Home","item":"https:\/\/fredfloris.eu\/"},{"@type":"ListItem","position":2,"name":"Shop","item":"https:\/\/fredfloris.eu\/shop\/"},{"@type":"ListItem","position":3,"name":"V\u00e4rend &#8211; Mother of Pearls Cufflinks"}]},{"@type":"WebSite","@id":"https:\/\/fredfloris.eu\/#website","url":"https:\/\/fredfloris.eu\/","name":"FredFloris","description":"Handgefertigte Lederwaren - Made in Sweden","publisher":{"@id":"https:\/\/fredfloris.eu\/#organization"},"potentialAction":[{"@type":"SearchAction","target":{"@type":"EntryPoint","urlTemplate":"https:\/\/fredfloris.eu\/?s={search_term_string}"},"query-input":{"@type":"PropertyValueSpecification","valueRequired":true,"valueName":"search_term_string"}}],"inLanguage":"de"},{"@type":"Organization","@id":"https:\/\/fredfloris.eu\/#organization","name":"FredFloris","url":"https:\/\/fredfloris.eu\/","logo":{"@type":"ImageObject","inLanguage":"de","@id":"https:\/\/fredfloris.eu\/#\/schema\/logo\/image\/","url":"https:\/\/fredfloris.eu\/wp-content\/uploads\/2022\/03\/FredFloris-med-hel-nal-och-text.png","contentUrl":"https:\/\/fredfloris.eu\/wp-content\/uploads\/2022\/03\/FredFloris-med-hel-nal-och-text.png","width":591,"height":283,"caption":"FredFloris"},"image":{"@id":"https:\/\/fredfloris.eu\/#\/schema\/logo\/image\/"},"sameAs":["https:\/\/www.facebook.com\/FredFloris.Artisan.Studio\/","https:\/\/x.com\/_fredfloris_","https:\/\/www.instagram.com\/fredfloris.artisan.studio\/"]}]}},"brands":[{"id":204,"name":"FredFloris &amp; Partner","slug":"fredfloris-partner"}],"_links":{"self":[{"href":"https:\/\/fredfloris.eu\/de\/wp-json\/wp\/v2\/product\/9925","targetHints":{"allow":["GET"]}}],"collection":[{"href":"https:\/\/fredfloris.eu\/de\/wp-json\/wp\/v2\/product"}],"about":[{"href":"https:\/\/fredfloris.eu\/de\/wp-json\/wp\/v2\/types\/product"}],"version-history":[{"count":9,"href":"https:\/\/fredfloris.eu\/de\/wp-json\/wp\/v2\/product\/9925\/revisions"}],"predecessor-version":[{"id":11526,"href":"https:\/\/fredfloris.eu\/de\/wp-json\/wp\/v2\/product\/9925\/revisions\/11526"}],"wp:featuredmedia":[{"embeddable":true,"href":"https:\/\/fredfloris.eu\/de\/wp-json\/wp\/v2\/media\/9890"}],"wp:attachment":[{"href":"https:\/\/fredfloris.eu\/de\/wp-json\/wp\/v2\/media?parent=9925"}],"wp:term":[{"taxonomy":"pwb-brand","embeddable":true,"href":"https:\/\/fredfloris.eu\/de\/wp-json\/wp\/v2\/pwb-brand?post=9925"},{"taxonomy":"product_brand","embeddable":true,"href":"https:\/\/fredfloris.eu\/de\/wp-json\/wp\/v2\/product_brand?post=9925"},{"taxonomy":"product_cat","embeddable":true,"href":"https:\/\/fredfloris.eu\/de\/wp-json\/wp\/v2\/product_cat?post=9925"},{"taxonomy":"product_tag","embeddable":true,"href":"https:\/\/fredfloris.eu\/de\/wp-json\/wp\/v2\/product_tag?post=9925"},{"taxonomy":"woo-feed-brand","embeddable":true,"href":"https:\/\/fredfloris.eu\/de\/wp-json\/wp\/v2\/woo-feed-brand?post=9925"}],"curies":[{"name":"wp","href":"https:\/\/api.w.org\/{rel}","templated":true}]}}