{"id":10501,"date":"2023-09-17T12:19:16","date_gmt":"2023-09-17T10:19:16","guid":{"rendered":"https:\/\/fredfloris.eu\/?post_type=product&#038;p=10501"},"modified":"2024-06-24T20:17:07","modified_gmt":"2024-06-24T18:17:07","slug":"fredfloris-high-quality-leather-balm-100-ml","status":"publish","type":"product","link":"https:\/\/fredfloris.eu\/es\/productpage\/fredfloris-high-quality-leather-balm-100-ml\/","title":{"rendered":"FredFloris B\u00e1lsamo para cuero de alta calidad - 100 ml"},"content":{"rendered":"<p><strong>Elaborado con esmero en Suecia<\/strong><\/p>\n<p>Mime su cuero con los lujosos beneficios de nuestro b\u00e1lsamo para cuero de alta calidad. Dise\u00f1ado para los amantes del cuero, este bote de 100 ml de b\u00e1lsamo para el cuero est\u00e1 fabricado \u00edntegramente con materiales org\u00e1nicos y ecol\u00f3gicos, lo que refleja nuestra dedicaci\u00f3n a la seguridad y la calidad.<\/p>\n<p><strong>Caracter\u00edsticas principales:<\/strong><\/p>\n<ul>\n<li><strong>Base de cera de abejas:<\/strong> Elaborado con una rica base de cera de abeja, nuestro b\u00e1lsamo para cuero ofrece una nutrici\u00f3n y protecci\u00f3n inigualables para sus art\u00edculos de cuero.<\/li>\n<li><strong>Limpiar, Nutrir y Proteger:<\/strong> Una mezcla de cera de abeja sueca con aceites naturales, incluidos los de almendra y jojoba, para cuidar y conservar sus art\u00edculos de cuero.<\/li>\n<\/ul>\n<p>&nbsp;<\/p>\n<p><strong>Instrucciones de uso:<\/strong><\/p>\n<ul>\n<li>Apl\u00edquelo s\u00f3lo en el lado de la flor del cuero.<\/li>\n<li>Para comprobar un posible oscurecimiento, haga primero una prueba en una zona peque\u00f1a y oculta.<\/li>\n<li>Utilice s\u00f3lo una peque\u00f1a cantidad; una capa fina es suficiente.<\/li>\n<li>Pula suavemente con un pa\u00f1o para realzar el brillo de su cuero.<\/li>\n<\/ul>\n<p>&nbsp;<\/p>\n<p><strong>Experimente la diferencia:<\/strong><\/p>\n<p>Nuestro b\u00e1lsamo para cuero no s\u00f3lo acondiciona su cuero en profundidad, sino que tambi\u00e9n forma una barrera protectora contra los elementos ambientales. Limpia suavemente, restaurando la belleza natural de su cuero.<\/p>\n<p>El b\u00e1lsamo para cuero de alta calidad FredFloris es esencial para mantener la elegancia y longevidad de sus art\u00edculos de cuero. Descubra hoy mismo las ventajas de un cuidado sofisticado del cuero con FredFloris.<\/p>\n<p>&nbsp;<\/p>\n<p>Lea nuestra gu\u00eda completa de cuidados <a href=\"https:\/\/fredfloris.eu\/es\/care-instructions\/?wmc-currency=EUR\">aqu\u00ed<\/a><\/p>","protected":false},"excerpt":{"rendered":"<p>SKU:lea\/balm\/bi<\/p>","protected":false},"featured_media":10500,"template":"","meta":[],"pwb-brand":[],"product_brand":[],"product_cat":[383],"product_tag":[384,135],"woo-feed-brand":[],"class_list":{"0":"post-10501","1":"product","2":"type-product","3":"status-publish","4":"has-post-thumbnail","6":"product_cat-leather-care-products","7":"product_tag-care-products","8":"product_tag-stocked","9":"product_shipping_class-small-goods","11":"first","12":"instock","13":"taxable","14":"shipping-taxable","15":"purchasable","16":"product-type-simple"},"yoast_head":"<!-- This site is optimized with the Yoast SEO plugin v27.2 - https:\/\/yoast.com\/product\/yoast-seo-wordpress\/ -->\n<title>FredFloris Leather Balm - Organic and Ecological Leather Care<\/title>\n<meta name=\"description\" content=\"Discover the finest in leather care with FredFloris Leather Balm. Crafted in Sweden, our 100 ml can of organic and ecological goodness nourishes.\" \/>\n<meta name=\"robots\" content=\"index, follow, max-snippet:-1, max-image-preview:large, max-video-preview:-1\" \/>\n<link rel=\"canonical\" href=\"https:\/\/fredfloris.eu\/es\/productpage\/fredfloris-high-quality-leather-balm-100-ml\/?wmc-currency=EUR\" \/>\n<meta property=\"og:locale\" content=\"es_ES\" \/>\n<meta property=\"og:type\" content=\"article\" \/>\n<meta property=\"og:title\" content=\"FredFloris Leather Balm - Organic and Ecological Leather Care\" \/>\n<meta property=\"og:description\" content=\"Discover the finest in leather care with FredFloris Leather Balm. Crafted in Sweden, our 100 ml can of organic and ecological goodness nourishes.\" \/>\n<meta property=\"og:url\" content=\"https:\/\/fredfloris.eu\/es\/productpage\/fredfloris-high-quality-leather-balm-100-ml\/?wmc-currency=EUR\" \/>\n<meta property=\"og:site_name\" content=\"FredFloris\" \/>\n<meta property=\"article:publisher\" content=\"https:\/\/www.facebook.com\/FredFloris.Artisan.Studio\/\" \/>\n<meta property=\"article:modified_time\" content=\"2024-06-24T18:17:07+00:00\" \/>\n<meta property=\"og:image\" content=\"https:\/\/fredfloris.eu\/wp-content\/uploads\/2023\/09\/IMG_5594-scaled.jpg\" \/>\n\t<meta property=\"og:image:width\" content=\"2560\" \/>\n\t<meta property=\"og:image:height\" content=\"1707\" \/>\n\t<meta property=\"og:image:type\" content=\"image\/jpeg\" \/>\n<meta name=\"twitter:card\" content=\"summary_large_image\" \/>\n<meta name=\"twitter:site\" content=\"@_fredfloris_\" \/>\n<meta name=\"twitter:label1\" content=\"Tiempo de lectura\" \/>\n\t<meta name=\"twitter:data1\" content=\"2 minutos\" \/>\n<script type=\"application\/ld+json\" class=\"yoast-schema-graph\">{\"@context\":\"https:\/\/schema.org\",\"@graph\":[{\"@type\":\"WebPage\",\"@id\":\"https:\/\/fredfloris.eu\/productpage\/fredfloris-high-quality-leather-balm-100-ml\/\",\"url\":\"https:\/\/fredfloris.eu\/productpage\/fredfloris-high-quality-leather-balm-100-ml\/\",\"name\":\"FredFloris Leather Balm - Organic and Ecological Leather Care\",\"isPartOf\":{\"@id\":\"https:\/\/fredfloris.eu\/#website\"},\"primaryImageOfPage\":{\"@id\":\"https:\/\/fredfloris.eu\/productpage\/fredfloris-high-quality-leather-balm-100-ml\/#primaryimage\"},\"image\":{\"@id\":\"https:\/\/fredfloris.eu\/productpage\/fredfloris-high-quality-leather-balm-100-ml\/#primaryimage\"},\"thumbnailUrl\":\"https:\/\/fredfloris.eu\/wp-content\/uploads\/2023\/09\/IMG_5594-scaled.jpg\",\"datePublished\":\"2023-09-17T10:19:16+00:00\",\"dateModified\":\"2024-06-24T18:17:07+00:00\",\"description\":\"Discover the finest in leather care with FredFloris Leather Balm. Crafted in Sweden, our 100 ml can of organic and ecological goodness nourishes.\",\"breadcrumb\":{\"@id\":\"https:\/\/fredfloris.eu\/productpage\/fredfloris-high-quality-leather-balm-100-ml\/#breadcrumb\"},\"inLanguage\":\"es\",\"potentialAction\":[{\"@type\":\"ReadAction\",\"target\":[\"https:\/\/fredfloris.eu\/productpage\/fredfloris-high-quality-leather-balm-100-ml\/\"]}]},{\"@type\":\"ImageObject\",\"inLanguage\":\"es\",\"@id\":\"https:\/\/fredfloris.eu\/productpage\/fredfloris-high-quality-leather-balm-100-ml\/#primaryimage\",\"url\":\"https:\/\/fredfloris.eu\/wp-content\/uploads\/2023\/09\/IMG_5594-scaled.jpg\",\"contentUrl\":\"https:\/\/fredfloris.eu\/wp-content\/uploads\/2023\/09\/IMG_5594-scaled.jpg\",\"width\":2560,\"height\":1707,\"caption\":\"Product: FredFloris Leather Balm\"},{\"@type\":\"BreadcrumbList\",\"@id\":\"https:\/\/fredfloris.eu\/productpage\/fredfloris-high-quality-leather-balm-100-ml\/#breadcrumb\",\"itemListElement\":[{\"@type\":\"ListItem\",\"position\":1,\"name\":\"Home\",\"item\":\"https:\/\/fredfloris.eu\/\"},{\"@type\":\"ListItem\",\"position\":2,\"name\":\"Shop\",\"item\":\"https:\/\/fredfloris.eu\/shop\/\"},{\"@type\":\"ListItem\",\"position\":3,\"name\":\"FredFloris High-Quality Leather Balm &#8211; 100 ml\"}]},{\"@type\":\"WebSite\",\"@id\":\"https:\/\/fredfloris.eu\/#website\",\"url\":\"https:\/\/fredfloris.eu\/\",\"name\":\"FredFloris\",\"description\":\"Handcrafted Leathergoods - Made in Sweden\",\"publisher\":{\"@id\":\"https:\/\/fredfloris.eu\/#organization\"},\"potentialAction\":[{\"@type\":\"SearchAction\",\"target\":{\"@type\":\"EntryPoint\",\"urlTemplate\":\"https:\/\/fredfloris.eu\/?s={search_term_string}\"},\"query-input\":{\"@type\":\"PropertyValueSpecification\",\"valueRequired\":true,\"valueName\":\"search_term_string\"}}],\"inLanguage\":\"es\"},{\"@type\":\"Organization\",\"@id\":\"https:\/\/fredfloris.eu\/#organization\",\"name\":\"FredFloris\",\"url\":\"https:\/\/fredfloris.eu\/\",\"logo\":{\"@type\":\"ImageObject\",\"inLanguage\":\"es\",\"@id\":\"https:\/\/fredfloris.eu\/#\/schema\/logo\/image\/\",\"url\":\"https:\/\/fredfloris.eu\/wp-content\/uploads\/2022\/03\/FredFloris-med-hel-nal-och-text.png\",\"contentUrl\":\"https:\/\/fredfloris.eu\/wp-content\/uploads\/2022\/03\/FredFloris-med-hel-nal-och-text.png\",\"width\":591,\"height\":283,\"caption\":\"FredFloris\"},\"image\":{\"@id\":\"https:\/\/fredfloris.eu\/#\/schema\/logo\/image\/\"},\"sameAs\":[\"https:\/\/www.facebook.com\/FredFloris.Artisan.Studio\/\",\"https:\/\/x.com\/_fredfloris_\",\"https:\/\/www.instagram.com\/fredfloris.artisan.studio\/\"]}]}<\/script>\n<!-- \/ Yoast SEO plugin. -->","yoast_head_json":{"title":"B\u00e1lsamo para cuero FredFloris - Cuidado org\u00e1nico y ecol\u00f3gico del cuero","description":"Descubra lo mejor en el cuidado del cuero con el b\u00e1lsamo para cuero FredFloris. Fabricado en Suecia, nuestro bote de 100 ml de bondad org\u00e1nica y ecol\u00f3gica nutre.","robots":{"index":"index","follow":"follow","max-snippet":"max-snippet:-1","max-image-preview":"max-image-preview:large","max-video-preview":"max-video-preview:-1"},"canonical":"https:\/\/fredfloris.eu\/es\/productpage\/fredfloris-high-quality-leather-balm-100-ml\/?wmc-currency=EUR","og_locale":"es_ES","og_type":"article","og_title":"FredFloris Leather Balm - Organic and Ecological Leather Care","og_description":"Discover the finest in leather care with FredFloris Leather Balm. Crafted in Sweden, our 100 ml can of organic and ecological goodness nourishes.","og_url":"https:\/\/fredfloris.eu\/es\/productpage\/fredfloris-high-quality-leather-balm-100-ml\/?wmc-currency=EUR","og_site_name":"FredFloris","article_publisher":"https:\/\/www.facebook.com\/FredFloris.Artisan.Studio\/","article_modified_time":"2024-06-24T18:17:07+00:00","og_image":[{"width":2560,"height":1707,"url":"https:\/\/fredfloris.eu\/wp-content\/uploads\/2023\/09\/IMG_5594-scaled.jpg","type":"image\/jpeg"}],"twitter_card":"summary_large_image","twitter_site":"@_fredfloris_","twitter_misc":{"Tiempo de lectura":"2 minutos"},"schema":{"@context":"https:\/\/schema.org","@graph":[{"@type":"WebPage","@id":"https:\/\/fredfloris.eu\/productpage\/fredfloris-high-quality-leather-balm-100-ml\/","url":"https:\/\/fredfloris.eu\/productpage\/fredfloris-high-quality-leather-balm-100-ml\/","name":"B\u00e1lsamo para cuero FredFloris - Cuidado org\u00e1nico y ecol\u00f3gico del cuero","isPartOf":{"@id":"https:\/\/fredfloris.eu\/#website"},"primaryImageOfPage":{"@id":"https:\/\/fredfloris.eu\/productpage\/fredfloris-high-quality-leather-balm-100-ml\/#primaryimage"},"image":{"@id":"https:\/\/fredfloris.eu\/productpage\/fredfloris-high-quality-leather-balm-100-ml\/#primaryimage"},"thumbnailUrl":"https:\/\/fredfloris.eu\/wp-content\/uploads\/2023\/09\/IMG_5594-scaled.jpg","datePublished":"2023-09-17T10:19:16+00:00","dateModified":"2024-06-24T18:17:07+00:00","description":"Descubra lo mejor en el cuidado del cuero con el b\u00e1lsamo para cuero FredFloris. Fabricado en Suecia, nuestro bote de 100 ml de bondad org\u00e1nica y ecol\u00f3gica nutre.","breadcrumb":{"@id":"https:\/\/fredfloris.eu\/productpage\/fredfloris-high-quality-leather-balm-100-ml\/#breadcrumb"},"inLanguage":"es","potentialAction":[{"@type":"ReadAction","target":["https:\/\/fredfloris.eu\/productpage\/fredfloris-high-quality-leather-balm-100-ml\/"]}]},{"@type":"ImageObject","inLanguage":"es","@id":"https:\/\/fredfloris.eu\/productpage\/fredfloris-high-quality-leather-balm-100-ml\/#primaryimage","url":"https:\/\/fredfloris.eu\/wp-content\/uploads\/2023\/09\/IMG_5594-scaled.jpg","contentUrl":"https:\/\/fredfloris.eu\/wp-content\/uploads\/2023\/09\/IMG_5594-scaled.jpg","width":2560,"height":1707,"caption":"Product: FredFloris Leather Balm"},{"@type":"BreadcrumbList","@id":"https:\/\/fredfloris.eu\/productpage\/fredfloris-high-quality-leather-balm-100-ml\/#breadcrumb","itemListElement":[{"@type":"ListItem","position":1,"name":"Home","item":"https:\/\/fredfloris.eu\/"},{"@type":"ListItem","position":2,"name":"Shop","item":"https:\/\/fredfloris.eu\/shop\/"},{"@type":"ListItem","position":3,"name":"FredFloris High-Quality Leather Balm &#8211; 100 ml"}]},{"@type":"WebSite","@id":"https:\/\/fredfloris.eu\/#website","url":"https:\/\/fredfloris.eu\/","name":"FredFloris","description":"Marroquiner\u00eda artesanal - Made in Sweden","publisher":{"@id":"https:\/\/fredfloris.eu\/#organization"},"potentialAction":[{"@type":"SearchAction","target":{"@type":"EntryPoint","urlTemplate":"https:\/\/fredfloris.eu\/?s={search_term_string}"},"query-input":{"@type":"PropertyValueSpecification","valueRequired":true,"valueName":"search_term_string"}}],"inLanguage":"es"},{"@type":"Organization","@id":"https:\/\/fredfloris.eu\/#organization","name":"FredFloris","url":"https:\/\/fredfloris.eu\/","logo":{"@type":"ImageObject","inLanguage":"es","@id":"https:\/\/fredfloris.eu\/#\/schema\/logo\/image\/","url":"https:\/\/fredfloris.eu\/wp-content\/uploads\/2022\/03\/FredFloris-med-hel-nal-och-text.png","contentUrl":"https:\/\/fredfloris.eu\/wp-content\/uploads\/2022\/03\/FredFloris-med-hel-nal-och-text.png","width":591,"height":283,"caption":"FredFloris"},"image":{"@id":"https:\/\/fredfloris.eu\/#\/schema\/logo\/image\/"},"sameAs":["https:\/\/www.facebook.com\/FredFloris.Artisan.Studio\/","https:\/\/x.com\/_fredfloris_","https:\/\/www.instagram.com\/fredfloris.artisan.studio\/"]}]}},"brands":[],"_links":{"self":[{"href":"https:\/\/fredfloris.eu\/es\/wp-json\/wp\/v2\/product\/10501","targetHints":{"allow":["GET"]}}],"collection":[{"href":"https:\/\/fredfloris.eu\/es\/wp-json\/wp\/v2\/product"}],"about":[{"href":"https:\/\/fredfloris.eu\/es\/wp-json\/wp\/v2\/types\/product"}],"version-history":[{"count":9,"href":"https:\/\/fredfloris.eu\/es\/wp-json\/wp\/v2\/product\/10501\/revisions"}],"predecessor-version":[{"id":11519,"href":"https:\/\/fredfloris.eu\/es\/wp-json\/wp\/v2\/product\/10501\/revisions\/11519"}],"wp:featuredmedia":[{"embeddable":true,"href":"https:\/\/fredfloris.eu\/es\/wp-json\/wp\/v2\/media\/10500"}],"wp:attachment":[{"href":"https:\/\/fredfloris.eu\/es\/wp-json\/wp\/v2\/media?parent=10501"}],"wp:term":[{"taxonomy":"pwb-brand","embeddable":true,"href":"https:\/\/fredfloris.eu\/es\/wp-json\/wp\/v2\/pwb-brand?post=10501"},{"taxonomy":"product_brand","embeddable":true,"href":"https:\/\/fredfloris.eu\/es\/wp-json\/wp\/v2\/product_brand?post=10501"},{"taxonomy":"product_cat","embeddable":true,"href":"https:\/\/fredfloris.eu\/es\/wp-json\/wp\/v2\/product_cat?post=10501"},{"taxonomy":"product_tag","embeddable":true,"href":"https:\/\/fredfloris.eu\/es\/wp-json\/wp\/v2\/product_tag?post=10501"},{"taxonomy":"woo-feed-brand","embeddable":true,"href":"https:\/\/fredfloris.eu\/es\/wp-json\/wp\/v2\/woo-feed-brand?post=10501"}],"curies":[{"name":"wp","href":"https:\/\/api.w.org\/{rel}","templated":true}]}}