{"id":10760,"date":"2024-02-27T20:41:14","date_gmt":"2024-02-27T18:41:14","guid":{"rendered":"https:\/\/fredfloris.eu\/?post_type=product&#038;p=10760"},"modified":"2025-01-05T12:22:59","modified_gmt":"2025-01-05T10:22:59","slug":"personalised-leather-labels","status":"publish","type":"product","link":"https:\/\/fredfloris.eu\/es\/productpage\/personalised-leather-labels\/","title":{"rendered":"Etiquetas de piel personalizadas"},"content":{"rendered":"<p><strong>Personalizaci\u00f3n:<\/strong> Para personalizarlo con su propio dise\u00f1o, a\u00f1ada tanto el art\u00edculo como el dise\u00f1o elegido a su bolsa de la compra.<\/p>\n<p><a class=\"lumise-customize-button button alt\" href=\"https:\/\/fredfloris.eu\/es\/productpage\/customize-leather-labels\/?wmc-currency=EUR\" name=\"customize\">Personalice<\/a><\/p>\n<p>A\u00f1ada el toque final definitivo a sus art\u00edculos hechos a mano con una etiqueta de cuero personalizada. Cada etiqueta no es s\u00f3lo un accesorio, sino una declaraci\u00f3n de calidad e individualidad.<\/p>\n<p>Nuestras etiquetas se fabrican mediante un preciso proceso de grabado y corte por l\u00e1ser, que realza cada etiqueta con un distintivo borde oscuro, a\u00f1adiendo un elemento de acabado refinado. Cada etiqueta se trata para minimizar el olor natural a quemado, cualquier resto de olor se desvanece con el tiempo. Estas etiquetas son perfectas para a\u00f1adir un toque personal a art\u00edculos como bufandas o gorros de punto.<\/p>\n<p>&nbsp;<\/p>\n<p><strong>Colores y grosor:<\/strong><\/p>\n<ul>\n<li><strong>Cognac<\/strong>: Cuero de curtido vegetal de 2 mm procedente de Italia<\/li>\n<li><strong>Marr\u00f3n claro<\/strong>: Piel de curtido vegetal de 1 mm procedente de Italia<\/li>\n<li><strong>Natural<\/strong>: Piel sin te\u00f1ir, cuero de curtido vegetal de 1 mm procedente de Italia<\/li>\n<\/ul>\n<p>&nbsp;<\/p>\n<p>Si necesita un color o grosor personalizado, p\u00f3ngase en contacto con nosotros para estudiar nuestras opciones de stock actuales.<\/p>\n<p>&nbsp;<\/p>\n<p><strong>Tama\u00f1os y formas:<\/strong><\/p>\n<ul>\n<li><strong>C\u00edrculo:<\/strong> Los di\u00e1metros disponibles son 15 mm, 20 mm, 25 mm, 30 mm y 35 mm<\/li>\n<li><strong>Cuadrado:<\/strong> Los tama\u00f1os incluyen 20\u00d720 mm, 25\u00d725 mm y 30\u00d730 mm<\/li>\n<li><strong>Rect\u00e1ngulo:<\/strong> Disponible hasta tama\u00f1os de 40\u00d715 mm y 70\u00d720 mm<\/li>\n<\/ul>\n<p>&nbsp;<\/p>\n<p>Disponemos de tallas personalizadas para garantizar el ajuste perfecto de sus dise\u00f1os. P\u00f3ngase en contacto con nosotros antes de realizar un pedido de tallas personalizadas, o nos pondremos en contacto si pide una talla \"inferior a\" para hablar de los detalles.<\/p>\n<p><strong>Opciones de fijaci\u00f3n:<\/strong><\/p>\n<ul>\n<li>Orificios para remaches o tornillos<\/li>\n<li>Agujeros para coser a mano<\/li>\n<li>Marcas de gu\u00eda para el cosido a m\u00e1quina<\/li>\n<li>Las opciones sin agujeros ni marcas est\u00e1n disponibles bajo pedido.<\/li>\n<\/ul>\n<p>&nbsp;<\/p>\n<p><strong>Apoyo y servicios:<\/strong><\/p>\n<p>Nuestro equipo est\u00e1 aqu\u00ed para ayudarle con cualquier pregunta o petici\u00f3n espec\u00edfica que pueda tener. Las correcciones menores de su dise\u00f1o est\u00e1n incluidas en el precio.<\/p>\n<p><em><strong>Despu\u00e9s de realizar su pedido, recopilaremos la informaci\u00f3n facilitada y le pediremos que la verifique para asegurarnos de que no haya malentendidos.<\/strong><\/em><\/p>\n<p><em><strong>Tambi\u00e9n crearemos una muestra de su dise\u00f1o y le enviaremos una imagen para su aprobaci\u00f3n antes de enviar el producto final.<\/strong><\/em><\/p>\n<p>Para unos ajustes m\u00e1s exhaustivos, considere nuestros servicios de dise\u00f1o, como Comprobaci\u00f3n y arreglo de archivos o Edici\u00f3n y dise\u00f1o.<\/p>\n<p>En FredFloris valoramos la belleza de los art\u00edculos hechos a mano, perfectos para uso personal o como regalos especiales.<\/p>\n<p>&nbsp;<\/p>\n<p>&nbsp;<\/p>\n<p>Palabras clave: Etiquetas de cuero personalizadas, etiquetas de costura personalizadas, etiqueta de cuero, etiqueta de ganchillo, etiquetas de cuero para bricolaje de punto<\/p>","protected":false},"excerpt":{"rendered":"<p>SKU: per\/lea\/lab<\/p>","protected":false},"featured_media":11712,"template":"","meta":[],"pwb-brand":[203],"product_brand":[],"product_cat":[392],"product_tag":[105],"woo-feed-brand":[],"class_list":{"0":"post-10760","1":"product","2":"type-product","3":"status-publish","4":"has-post-thumbnail","6":"pwb-brand-fredfloris","7":"product_cat-sewing-labels","8":"product_tag-made-to-order","9":"product_shipping_class-small-goods","10":"pa_leather-colour-cognac-pull-up","11":"pa_leather-colour-light-brown-no1","12":"pa_leather-colour-natural","14":"first","15":"instock","16":"taxable","17":"shipping-taxable","18":"purchasable","19":"product-type-variable","20":"has-default-attributes"},"yoast_head":"<!-- This site is optimized with the Yoast SEO plugin v27.2 - https:\/\/yoast.com\/product\/yoast-seo-wordpress\/ -->\n<title>Custom Leather Labels for Crafting | Personalised Sewing Tags<\/title>\n<meta name=\"description\" content=\"Elevate your handmade creations with our Custom Leather Labels. Perfect for knitters, crocheters, and crafters, these personalised sewing tags, add a unique touch to any project.\" \/>\n<meta name=\"robots\" content=\"index, follow, max-snippet:-1, max-image-preview:large, max-video-preview:-1\" \/>\n<link rel=\"canonical\" href=\"https:\/\/fredfloris.eu\/es\/productpage\/personalised-leather-labels\/?wmc-currency=EUR\" \/>\n<meta property=\"og:locale\" content=\"es_ES\" \/>\n<meta property=\"og:type\" content=\"article\" \/>\n<meta property=\"og:title\" content=\"Custom Leather Labels for Crafting | Personalised Sewing Tags\" \/>\n<meta property=\"og:description\" content=\"Elevate your handmade creations with our Custom Leather Labels. Perfect for knitters, crocheters, and crafters, these personalised sewing tags, add a unique touch to any project.\" \/>\n<meta property=\"og:url\" content=\"https:\/\/fredfloris.eu\/es\/productpage\/personalised-leather-labels\/?wmc-currency=EUR\" \/>\n<meta property=\"og:site_name\" content=\"FredFloris\" \/>\n<meta property=\"article:publisher\" content=\"https:\/\/www.facebook.com\/FredFloris.Artisan.Studio\/\" \/>\n<meta property=\"article:modified_time\" content=\"2025-01-05T10:22:59+00:00\" \/>\n<meta property=\"og:image\" content=\"https:\/\/fredfloris.eu\/wp-content\/uploads\/2025\/01\/IMG_6475-scaled.jpg\" \/>\n\t<meta property=\"og:image:width\" content=\"2560\" \/>\n\t<meta property=\"og:image:height\" content=\"1707\" \/>\n\t<meta property=\"og:image:type\" content=\"image\/jpeg\" \/>\n<meta name=\"twitter:card\" content=\"summary_large_image\" \/>\n<meta name=\"twitter:site\" content=\"@_fredfloris_\" \/>\n<meta name=\"twitter:label1\" content=\"Tiempo de lectura\" \/>\n\t<meta name=\"twitter:data1\" content=\"2 minutos\" \/>\n<script type=\"application\/ld+json\" class=\"yoast-schema-graph\">{\"@context\":\"https:\/\/schema.org\",\"@graph\":[{\"@type\":\"WebPage\",\"@id\":\"https:\/\/fredfloris.eu\/productpage\/personalised-leather-labels\/\",\"url\":\"https:\/\/fredfloris.eu\/productpage\/personalised-leather-labels\/\",\"name\":\"Custom Leather Labels for Crafting | Personalised Sewing Tags\",\"isPartOf\":{\"@id\":\"https:\/\/fredfloris.eu\/#website\"},\"primaryImageOfPage\":{\"@id\":\"https:\/\/fredfloris.eu\/productpage\/personalised-leather-labels\/#primaryimage\"},\"image\":{\"@id\":\"https:\/\/fredfloris.eu\/productpage\/personalised-leather-labels\/#primaryimage\"},\"thumbnailUrl\":\"https:\/\/fredfloris.eu\/wp-content\/uploads\/2025\/01\/IMG_6475-scaled.jpg\",\"datePublished\":\"2024-02-27T18:41:14+00:00\",\"dateModified\":\"2025-01-05T10:22:59+00:00\",\"description\":\"Elevate your handmade creations with our Custom Leather Labels. Perfect for knitters, crocheters, and crafters, these personalised sewing tags, add a unique touch to any project.\",\"breadcrumb\":{\"@id\":\"https:\/\/fredfloris.eu\/productpage\/personalised-leather-labels\/#breadcrumb\"},\"inLanguage\":\"es\",\"potentialAction\":[{\"@type\":\"ReadAction\",\"target\":[\"https:\/\/fredfloris.eu\/productpage\/personalised-leather-labels\/\"]}]},{\"@type\":\"ImageObject\",\"inLanguage\":\"es\",\"@id\":\"https:\/\/fredfloris.eu\/productpage\/personalised-leather-labels\/#primaryimage\",\"url\":\"https:\/\/fredfloris.eu\/wp-content\/uploads\/2025\/01\/IMG_6475-scaled.jpg\",\"contentUrl\":\"https:\/\/fredfloris.eu\/wp-content\/uploads\/2025\/01\/IMG_6475-scaled.jpg\",\"width\":2560,\"height\":1707,\"caption\":\"Product: Personalised Leather Labels\"},{\"@type\":\"BreadcrumbList\",\"@id\":\"https:\/\/fredfloris.eu\/productpage\/personalised-leather-labels\/#breadcrumb\",\"itemListElement\":[{\"@type\":\"ListItem\",\"position\":1,\"name\":\"Home\",\"item\":\"https:\/\/fredfloris.eu\/\"},{\"@type\":\"ListItem\",\"position\":2,\"name\":\"Shop\",\"item\":\"https:\/\/fredfloris.eu\/shop\/\"},{\"@type\":\"ListItem\",\"position\":3,\"name\":\"Personalised Leather Labels\"}]},{\"@type\":\"WebSite\",\"@id\":\"https:\/\/fredfloris.eu\/#website\",\"url\":\"https:\/\/fredfloris.eu\/\",\"name\":\"FredFloris\",\"description\":\"Handcrafted Leathergoods - Made in Sweden\",\"publisher\":{\"@id\":\"https:\/\/fredfloris.eu\/#organization\"},\"potentialAction\":[{\"@type\":\"SearchAction\",\"target\":{\"@type\":\"EntryPoint\",\"urlTemplate\":\"https:\/\/fredfloris.eu\/?s={search_term_string}\"},\"query-input\":{\"@type\":\"PropertyValueSpecification\",\"valueRequired\":true,\"valueName\":\"search_term_string\"}}],\"inLanguage\":\"es\"},{\"@type\":\"Organization\",\"@id\":\"https:\/\/fredfloris.eu\/#organization\",\"name\":\"FredFloris\",\"url\":\"https:\/\/fredfloris.eu\/\",\"logo\":{\"@type\":\"ImageObject\",\"inLanguage\":\"es\",\"@id\":\"https:\/\/fredfloris.eu\/#\/schema\/logo\/image\/\",\"url\":\"https:\/\/fredfloris.eu\/wp-content\/uploads\/2022\/03\/FredFloris-med-hel-nal-och-text.png\",\"contentUrl\":\"https:\/\/fredfloris.eu\/wp-content\/uploads\/2022\/03\/FredFloris-med-hel-nal-och-text.png\",\"width\":591,\"height\":283,\"caption\":\"FredFloris\"},\"image\":{\"@id\":\"https:\/\/fredfloris.eu\/#\/schema\/logo\/image\/\"},\"sameAs\":[\"https:\/\/www.facebook.com\/FredFloris.Artisan.Studio\/\",\"https:\/\/x.com\/_fredfloris_\",\"https:\/\/www.instagram.com\/fredfloris.artisan.studio\/\"]}]}<\/script>\n<!-- \/ Yoast SEO plugin. -->","yoast_head_json":{"title":"Etiquetas de cuero personalizadas para manualidades | Etiquetas de costura personalizadas","description":"Eleve sus creaciones hechas a mano con nuestras etiquetas de cuero personalizadas. Perfectas para tejedoras, ganchilleras y artesanas, estas etiquetas de costura personalizadas, a\u00f1aden un toque \u00fanico a cualquier proyecto.","robots":{"index":"index","follow":"follow","max-snippet":"max-snippet:-1","max-image-preview":"max-image-preview:large","max-video-preview":"max-video-preview:-1"},"canonical":"https:\/\/fredfloris.eu\/es\/productpage\/personalised-leather-labels\/?wmc-currency=EUR","og_locale":"es_ES","og_type":"article","og_title":"Custom Leather Labels for Crafting | Personalised Sewing Tags","og_description":"Elevate your handmade creations with our Custom Leather Labels. Perfect for knitters, crocheters, and crafters, these personalised sewing tags, add a unique touch to any project.","og_url":"https:\/\/fredfloris.eu\/es\/productpage\/personalised-leather-labels\/?wmc-currency=EUR","og_site_name":"FredFloris","article_publisher":"https:\/\/www.facebook.com\/FredFloris.Artisan.Studio\/","article_modified_time":"2025-01-05T10:22:59+00:00","og_image":[{"width":2560,"height":1707,"url":"https:\/\/fredfloris.eu\/wp-content\/uploads\/2025\/01\/IMG_6475-scaled.jpg","type":"image\/jpeg"}],"twitter_card":"summary_large_image","twitter_site":"@_fredfloris_","twitter_misc":{"Tiempo de lectura":"2 minutos"},"schema":{"@context":"https:\/\/schema.org","@graph":[{"@type":"WebPage","@id":"https:\/\/fredfloris.eu\/productpage\/personalised-leather-labels\/","url":"https:\/\/fredfloris.eu\/productpage\/personalised-leather-labels\/","name":"Etiquetas de cuero personalizadas para manualidades | Etiquetas de costura personalizadas","isPartOf":{"@id":"https:\/\/fredfloris.eu\/#website"},"primaryImageOfPage":{"@id":"https:\/\/fredfloris.eu\/productpage\/personalised-leather-labels\/#primaryimage"},"image":{"@id":"https:\/\/fredfloris.eu\/productpage\/personalised-leather-labels\/#primaryimage"},"thumbnailUrl":"https:\/\/fredfloris.eu\/wp-content\/uploads\/2025\/01\/IMG_6475-scaled.jpg","datePublished":"2024-02-27T18:41:14+00:00","dateModified":"2025-01-05T10:22:59+00:00","description":"Eleve sus creaciones hechas a mano con nuestras etiquetas de cuero personalizadas. Perfectas para tejedoras, ganchilleras y artesanas, estas etiquetas de costura personalizadas, a\u00f1aden un toque \u00fanico a cualquier proyecto.","breadcrumb":{"@id":"https:\/\/fredfloris.eu\/productpage\/personalised-leather-labels\/#breadcrumb"},"inLanguage":"es","potentialAction":[{"@type":"ReadAction","target":["https:\/\/fredfloris.eu\/productpage\/personalised-leather-labels\/"]}]},{"@type":"ImageObject","inLanguage":"es","@id":"https:\/\/fredfloris.eu\/productpage\/personalised-leather-labels\/#primaryimage","url":"https:\/\/fredfloris.eu\/wp-content\/uploads\/2025\/01\/IMG_6475-scaled.jpg","contentUrl":"https:\/\/fredfloris.eu\/wp-content\/uploads\/2025\/01\/IMG_6475-scaled.jpg","width":2560,"height":1707,"caption":"Product: Personalised Leather Labels"},{"@type":"BreadcrumbList","@id":"https:\/\/fredfloris.eu\/productpage\/personalised-leather-labels\/#breadcrumb","itemListElement":[{"@type":"ListItem","position":1,"name":"Home","item":"https:\/\/fredfloris.eu\/"},{"@type":"ListItem","position":2,"name":"Shop","item":"https:\/\/fredfloris.eu\/shop\/"},{"@type":"ListItem","position":3,"name":"Personalised Leather Labels"}]},{"@type":"WebSite","@id":"https:\/\/fredfloris.eu\/#website","url":"https:\/\/fredfloris.eu\/","name":"FredFloris","description":"Marroquiner\u00eda artesanal - Made in Sweden","publisher":{"@id":"https:\/\/fredfloris.eu\/#organization"},"potentialAction":[{"@type":"SearchAction","target":{"@type":"EntryPoint","urlTemplate":"https:\/\/fredfloris.eu\/?s={search_term_string}"},"query-input":{"@type":"PropertyValueSpecification","valueRequired":true,"valueName":"search_term_string"}}],"inLanguage":"es"},{"@type":"Organization","@id":"https:\/\/fredfloris.eu\/#organization","name":"FredFloris","url":"https:\/\/fredfloris.eu\/","logo":{"@type":"ImageObject","inLanguage":"es","@id":"https:\/\/fredfloris.eu\/#\/schema\/logo\/image\/","url":"https:\/\/fredfloris.eu\/wp-content\/uploads\/2022\/03\/FredFloris-med-hel-nal-och-text.png","contentUrl":"https:\/\/fredfloris.eu\/wp-content\/uploads\/2022\/03\/FredFloris-med-hel-nal-och-text.png","width":591,"height":283,"caption":"FredFloris"},"image":{"@id":"https:\/\/fredfloris.eu\/#\/schema\/logo\/image\/"},"sameAs":["https:\/\/www.facebook.com\/FredFloris.Artisan.Studio\/","https:\/\/x.com\/_fredfloris_","https:\/\/www.instagram.com\/fredfloris.artisan.studio\/"]}]}},"brands":[{"id":203,"name":"FredFloris","slug":"fredfloris"}],"_links":{"self":[{"href":"https:\/\/fredfloris.eu\/es\/wp-json\/wp\/v2\/product\/10760","targetHints":{"allow":["GET"]}}],"collection":[{"href":"https:\/\/fredfloris.eu\/es\/wp-json\/wp\/v2\/product"}],"about":[{"href":"https:\/\/fredfloris.eu\/es\/wp-json\/wp\/v2\/types\/product"}],"version-history":[{"count":38,"href":"https:\/\/fredfloris.eu\/es\/wp-json\/wp\/v2\/product\/10760\/revisions"}],"predecessor-version":[{"id":11131,"href":"https:\/\/fredfloris.eu\/es\/wp-json\/wp\/v2\/product\/10760\/revisions\/11131"}],"wp:featuredmedia":[{"embeddable":true,"href":"https:\/\/fredfloris.eu\/es\/wp-json\/wp\/v2\/media\/11712"}],"wp:attachment":[{"href":"https:\/\/fredfloris.eu\/es\/wp-json\/wp\/v2\/media?parent=10760"}],"wp:term":[{"taxonomy":"pwb-brand","embeddable":true,"href":"https:\/\/fredfloris.eu\/es\/wp-json\/wp\/v2\/pwb-brand?post=10760"},{"taxonomy":"product_brand","embeddable":true,"href":"https:\/\/fredfloris.eu\/es\/wp-json\/wp\/v2\/product_brand?post=10760"},{"taxonomy":"product_cat","embeddable":true,"href":"https:\/\/fredfloris.eu\/es\/wp-json\/wp\/v2\/product_cat?post=10760"},{"taxonomy":"product_tag","embeddable":true,"href":"https:\/\/fredfloris.eu\/es\/wp-json\/wp\/v2\/product_tag?post=10760"},{"taxonomy":"woo-feed-brand","embeddable":true,"href":"https:\/\/fredfloris.eu\/es\/wp-json\/wp\/v2\/woo-feed-brand?post=10760"}],"curies":[{"name":"wp","href":"https:\/\/api.w.org\/{rel}","templated":true}]}}