{"id":10908,"date":"2024-03-18T20:18:31","date_gmt":"2024-03-18T18:18:31","guid":{"rendered":"https:\/\/fredfloris.eu\/?post_type=product&#038;p=10908"},"modified":"2025-02-22T15:48:45","modified_gmt":"2025-02-22T13:48:45","slug":"the-slim-wayfarer","status":"publish","type":"product","link":"https:\/\/fredfloris.eu\/es\/productpage\/the-slim-wayfarer\/","title":{"rendered":"The Slim Wayfarer"},"content":{"rendered":"<p><strong>Personalizaci\u00f3n:<\/strong> A\u00f1ade un nombre, imagen o mensaje sin coste adicional. Para personalizarlo con tu propio dise\u00f1o, solo tienes que a\u00f1adir el art\u00edculo y el dise\u00f1o que elijas a la cesta.<\/p>\n<p><a class=\"lumise-customize-button button alt\" href=\"https:\/\/fredfloris.eu\/es\/productpage\/customize-the-slim-wayfarer\/?wmc-currency=EUR\" name=\"customize\">Personalice<\/a><\/p>\n<p>Presentamos The Slim Wayfarer, una cartera elegante y minimalista dise\u00f1ada para guardar m\u00e1s de ocho tarjetas y billetes doblados. Con unas medidas de 68 mm de ancho y 100 mm de alto cuando est\u00e1 cerrada, cabe perfectamente en cualquier bolsillo.<\/p>\n<p>Fabricadas a mano con esmero en nuestro taller de Suecia, todas las carteras est\u00e1n confeccionadas con piel de plena flor de curtido vegetal duradero, lo que garantiza tanto la calidad como una elegante p\u00e1tina de envejecimiento.<\/p>\n<p>Elija entre tres colores: Oscuro Cognac, Amarillo Oscuro y Azul-Verde. Personalice a\u00fan m\u00e1s su cartera con una selecci\u00f3n de colores de hilo. A\u00f1ada un toque personal incluyendo su nombre o iniciales mediante nuestros servicios de grabado en relieve o l\u00e1ser.<\/p>\n<p>Todas las carteras FredFloris vienen con un <a href=\"https:\/\/fredfloris.eu\/es\/productpage\/nfc-card-rfid-blocking\/?wmc-currency=EUR\" rel=\"noopener\">tarjeta antideslizante.<\/a><\/p>\n<p>&nbsp;<\/p>\n<p><strong>Especificaciones del producto:<\/strong><\/p>\n<ul>\n<li><strong>Fabricado totalmente a mano en nuestro estudio familiar de arte en piel<\/strong><\/li>\n<li><strong>Capacidad:<\/strong> Contiene aproximadamente 8 tarjetas y billetes doblados<\/li>\n<li><strong>Almacenamiento:<\/strong> Dos ranuras para tarjetas y medio bolsillo<\/li>\n<li><strong>Opciones de color:<\/strong> Cognac oscuro, amarillo oscuro y verde azulado<\/li>\n<li><strong>Hilo:<\/strong> Tigre Ritza 25<\/li>\n<li><strong>Opciones de personalizaci\u00f3n:<\/strong> Grabado en relieve y l\u00e1ser de nombres o iniciales<\/li>\n<li><strong>Bordes:<\/strong> Biselado y ligeramente bru\u00f1ido<\/li>\n<li><strong>Costura:<\/strong> Pespunte tradicional de guarnicionero, cosido a mano<\/li>\n<li><strong>Material:<\/strong> Piel de plena flor de curtido vegetal<\/li>\n<li><strong>Dimensiones:<\/strong> Anchura: 68 mm, Altura: 100 mm cuando est\u00e1 cerrado<\/li>\n<\/ul>\n<p>&nbsp;<\/p>\n<p>Buscar palabras: Cartera compacta de piel personalizable, Duradera, Personalizada minimalista, Cartera fina de piel para tarjetas<\/p>","protected":false},"excerpt":{"rendered":"<p>La piel utilizada para confeccionar esta fina cartera de cuero procede de la renombrada curtidur\u00eda italiana Badalassi Carlo, miembro del consorcio Pelle Conciata al Vegetale, reconocido internacionalmente.<\/p>\n<p>Elaboradas a mano con la mejor piel de plena flor de curtido vegetal, c\u00e9lebre por su durabilidad y la hermosa p\u00e1tina que desarrolla con el tiempo. Los bordes de nuestras carteras se biselan y bru\u00f1en cuidadosamente a mano, garantizando un acabado suave y refinado. Adem\u00e1s, cada cartera est\u00e1 cosida a mano, acentuando la durabilidad y autenticidad que el cosido a m\u00e1quina no puede igualar. No es s\u00f3lo una compra; es una inversi\u00f3n en una pieza atemporal, en la que cada detalle narra un cap\u00edtulo de la historia de la artesan\u00eda tradicional.<\/p>\n<p>&nbsp;<\/p>\n<p>&nbsp;<\/p>\n<p>&nbsp;<\/p>\n<p>&nbsp;<\/p>","protected":false},"featured_media":10854,"template":"","meta":[],"pwb-brand":[203],"product_brand":[],"product_cat":[100,104],"product_tag":[123,136,105],"woo-feed-brand":[],"class_list":{"0":"post-10908","1":"product","2":"type-product","3":"status-publish","4":"has-post-thumbnail","6":"pwb-brand-fredfloris","7":"product_cat-leathergoods","8":"product_cat-wallets","9":"product_tag-full-grain-leather","10":"product_tag-handmade","11":"product_tag-made-to-order","12":"product_shipping_class-small-goods","13":"pa_leather-colour-petrol-waxed","14":"pa_leather-colour-dark-cognac-waxed","15":"pa_leather-colour-mustard-waxed","17":"first","18":"instock","19":"taxable","20":"shipping-taxable","21":"purchasable","22":"product-type-variable","23":"has-default-attributes"},"yoast_head":"<!-- This site is optimized with the Yoast SEO plugin v27.2 - https:\/\/yoast.com\/product\/yoast-seo-wordpress\/ -->\n<title>The Slim Wayfarer Wallet: Sleek &amp; Durable | FredFloris Leather<\/title>\n<meta name=\"description\" content=\"Introducing The Slim Wayfarer Wallet from FredFloris, where elegance meets practicality. This wallet is perfect for the modern minimalist.\" \/>\n<meta name=\"robots\" content=\"index, follow, max-snippet:-1, max-image-preview:large, max-video-preview:-1\" \/>\n<link rel=\"canonical\" href=\"https:\/\/fredfloris.eu\/es\/productpage\/the-slim-wayfarer\/?wmc-currency=EUR\" \/>\n<meta property=\"og:locale\" content=\"es_ES\" \/>\n<meta property=\"og:type\" content=\"article\" \/>\n<meta property=\"og:title\" content=\"The Slim Wayfarer Wallet: Sleek &amp; Durable | FredFloris Leather\" \/>\n<meta property=\"og:description\" content=\"Introducing The Slim Wayfarer Wallet from FredFloris, where elegance meets practicality. This wallet is perfect for the modern minimalist.\" \/>\n<meta property=\"og:url\" content=\"https:\/\/fredfloris.eu\/es\/productpage\/the-slim-wayfarer\/?wmc-currency=EUR\" \/>\n<meta property=\"og:site_name\" content=\"FredFloris\" \/>\n<meta property=\"article:publisher\" content=\"https:\/\/www.facebook.com\/FredFloris.Artisan.Studio\/\" \/>\n<meta property=\"article:modified_time\" content=\"2025-02-22T13:48:45+00:00\" \/>\n<meta property=\"og:image\" content=\"https:\/\/fredfloris.eu\/wp-content\/uploads\/2024\/03\/IMG_5843-scaled.jpg\" \/>\n\t<meta property=\"og:image:width\" content=\"2560\" \/>\n\t<meta property=\"og:image:height\" content=\"1707\" \/>\n\t<meta property=\"og:image:type\" content=\"image\/jpeg\" \/>\n<meta name=\"twitter:card\" content=\"summary_large_image\" \/>\n<meta name=\"twitter:site\" content=\"@_fredfloris_\" \/>\n<meta name=\"twitter:label1\" content=\"Tiempo de lectura\" \/>\n\t<meta name=\"twitter:data1\" content=\"2 minutos\" \/>\n<script type=\"application\/ld+json\" class=\"yoast-schema-graph\">{\"@context\":\"https:\/\/schema.org\",\"@graph\":[{\"@type\":\"WebPage\",\"@id\":\"https:\/\/fredfloris.eu\/productpage\/the-slim-wayfarer\/\",\"url\":\"https:\/\/fredfloris.eu\/productpage\/the-slim-wayfarer\/\",\"name\":\"The Slim Wayfarer Wallet: Sleek & Durable | FredFloris Leather\",\"isPartOf\":{\"@id\":\"https:\/\/fredfloris.eu\/#website\"},\"primaryImageOfPage\":{\"@id\":\"https:\/\/fredfloris.eu\/productpage\/the-slim-wayfarer\/#primaryimage\"},\"image\":{\"@id\":\"https:\/\/fredfloris.eu\/productpage\/the-slim-wayfarer\/#primaryimage\"},\"thumbnailUrl\":\"https:\/\/fredfloris.eu\/wp-content\/uploads\/2024\/03\/IMG_5843-scaled.jpg\",\"datePublished\":\"2024-03-18T18:18:31+00:00\",\"dateModified\":\"2025-02-22T13:48:45+00:00\",\"description\":\"Introducing The Slim Wayfarer Wallet from FredFloris, where elegance meets practicality. This wallet is perfect for the modern minimalist.\",\"breadcrumb\":{\"@id\":\"https:\/\/fredfloris.eu\/productpage\/the-slim-wayfarer\/#breadcrumb\"},\"inLanguage\":\"es\",\"potentialAction\":[{\"@type\":\"ReadAction\",\"target\":[\"https:\/\/fredfloris.eu\/productpage\/the-slim-wayfarer\/\"]}]},{\"@type\":\"ImageObject\",\"inLanguage\":\"es\",\"@id\":\"https:\/\/fredfloris.eu\/productpage\/the-slim-wayfarer\/#primaryimage\",\"url\":\"https:\/\/fredfloris.eu\/wp-content\/uploads\/2024\/03\/IMG_5843-scaled.jpg\",\"contentUrl\":\"https:\/\/fredfloris.eu\/wp-content\/uploads\/2024\/03\/IMG_5843-scaled.jpg\",\"width\":2560,\"height\":1707,\"caption\":\"Product: The Slim Wayfarer - Pocket Card Wallets \u2013 Colours: Dark Yellow, Dark Cognac and Blue-Green, Thread Colour: Black\"},{\"@type\":\"BreadcrumbList\",\"@id\":\"https:\/\/fredfloris.eu\/productpage\/the-slim-wayfarer\/#breadcrumb\",\"itemListElement\":[{\"@type\":\"ListItem\",\"position\":1,\"name\":\"Home\",\"item\":\"https:\/\/fredfloris.eu\/\"},{\"@type\":\"ListItem\",\"position\":2,\"name\":\"Shop\",\"item\":\"https:\/\/fredfloris.eu\/shop\/\"},{\"@type\":\"ListItem\",\"position\":3,\"name\":\"The Slim Wayfarer\"}]},{\"@type\":\"WebSite\",\"@id\":\"https:\/\/fredfloris.eu\/#website\",\"url\":\"https:\/\/fredfloris.eu\/\",\"name\":\"FredFloris\",\"description\":\"Handcrafted Leathergoods - Made in Sweden\",\"publisher\":{\"@id\":\"https:\/\/fredfloris.eu\/#organization\"},\"potentialAction\":[{\"@type\":\"SearchAction\",\"target\":{\"@type\":\"EntryPoint\",\"urlTemplate\":\"https:\/\/fredfloris.eu\/?s={search_term_string}\"},\"query-input\":{\"@type\":\"PropertyValueSpecification\",\"valueRequired\":true,\"valueName\":\"search_term_string\"}}],\"inLanguage\":\"es\"},{\"@type\":\"Organization\",\"@id\":\"https:\/\/fredfloris.eu\/#organization\",\"name\":\"FredFloris\",\"url\":\"https:\/\/fredfloris.eu\/\",\"logo\":{\"@type\":\"ImageObject\",\"inLanguage\":\"es\",\"@id\":\"https:\/\/fredfloris.eu\/#\/schema\/logo\/image\/\",\"url\":\"https:\/\/fredfloris.eu\/wp-content\/uploads\/2022\/03\/FredFloris-med-hel-nal-och-text.png\",\"contentUrl\":\"https:\/\/fredfloris.eu\/wp-content\/uploads\/2022\/03\/FredFloris-med-hel-nal-och-text.png\",\"width\":591,\"height\":283,\"caption\":\"FredFloris\"},\"image\":{\"@id\":\"https:\/\/fredfloris.eu\/#\/schema\/logo\/image\/\"},\"sameAs\":[\"https:\/\/www.facebook.com\/FredFloris.Artisan.Studio\/\",\"https:\/\/x.com\/_fredfloris_\",\"https:\/\/www.instagram.com\/fredfloris.artisan.studio\/\"]}]}<\/script>\n<!-- \/ Yoast SEO plugin. -->","yoast_head_json":{"title":"Cartera The Slim Wayfarer: Elegante y duradera | FredFloris Leather","description":"Presentamos la Cartera The Slim Wayfarer de FredFloris, donde la elegancia se une a la practicidad. Esta cartera es perfecta para el minimalista moderno.","robots":{"index":"index","follow":"follow","max-snippet":"max-snippet:-1","max-image-preview":"max-image-preview:large","max-video-preview":"max-video-preview:-1"},"canonical":"https:\/\/fredfloris.eu\/es\/productpage\/the-slim-wayfarer\/?wmc-currency=EUR","og_locale":"es_ES","og_type":"article","og_title":"The Slim Wayfarer Wallet: Sleek & Durable | FredFloris Leather","og_description":"Introducing The Slim Wayfarer Wallet from FredFloris, where elegance meets practicality. This wallet is perfect for the modern minimalist.","og_url":"https:\/\/fredfloris.eu\/es\/productpage\/the-slim-wayfarer\/?wmc-currency=EUR","og_site_name":"FredFloris","article_publisher":"https:\/\/www.facebook.com\/FredFloris.Artisan.Studio\/","article_modified_time":"2025-02-22T13:48:45+00:00","og_image":[{"width":2560,"height":1707,"url":"https:\/\/fredfloris.eu\/wp-content\/uploads\/2024\/03\/IMG_5843-scaled.jpg","type":"image\/jpeg"}],"twitter_card":"summary_large_image","twitter_site":"@_fredfloris_","twitter_misc":{"Tiempo de lectura":"2 minutos"},"schema":{"@context":"https:\/\/schema.org","@graph":[{"@type":"WebPage","@id":"https:\/\/fredfloris.eu\/productpage\/the-slim-wayfarer\/","url":"https:\/\/fredfloris.eu\/productpage\/the-slim-wayfarer\/","name":"Cartera The Slim Wayfarer: Elegante y duradera | FredFloris Leather","isPartOf":{"@id":"https:\/\/fredfloris.eu\/#website"},"primaryImageOfPage":{"@id":"https:\/\/fredfloris.eu\/productpage\/the-slim-wayfarer\/#primaryimage"},"image":{"@id":"https:\/\/fredfloris.eu\/productpage\/the-slim-wayfarer\/#primaryimage"},"thumbnailUrl":"https:\/\/fredfloris.eu\/wp-content\/uploads\/2024\/03\/IMG_5843-scaled.jpg","datePublished":"2024-03-18T18:18:31+00:00","dateModified":"2025-02-22T13:48:45+00:00","description":"Presentamos la Cartera The Slim Wayfarer de FredFloris, donde la elegancia se une a la practicidad. Esta cartera es perfecta para el minimalista moderno.","breadcrumb":{"@id":"https:\/\/fredfloris.eu\/productpage\/the-slim-wayfarer\/#breadcrumb"},"inLanguage":"es","potentialAction":[{"@type":"ReadAction","target":["https:\/\/fredfloris.eu\/productpage\/the-slim-wayfarer\/"]}]},{"@type":"ImageObject","inLanguage":"es","@id":"https:\/\/fredfloris.eu\/productpage\/the-slim-wayfarer\/#primaryimage","url":"https:\/\/fredfloris.eu\/wp-content\/uploads\/2024\/03\/IMG_5843-scaled.jpg","contentUrl":"https:\/\/fredfloris.eu\/wp-content\/uploads\/2024\/03\/IMG_5843-scaled.jpg","width":2560,"height":1707,"caption":"Product: The Slim Wayfarer - Pocket Card Wallets \u2013 Colours: Dark Yellow, Dark Cognac and Blue-Green, Thread Colour: Black"},{"@type":"BreadcrumbList","@id":"https:\/\/fredfloris.eu\/productpage\/the-slim-wayfarer\/#breadcrumb","itemListElement":[{"@type":"ListItem","position":1,"name":"Home","item":"https:\/\/fredfloris.eu\/"},{"@type":"ListItem","position":2,"name":"Shop","item":"https:\/\/fredfloris.eu\/shop\/"},{"@type":"ListItem","position":3,"name":"The Slim Wayfarer"}]},{"@type":"WebSite","@id":"https:\/\/fredfloris.eu\/#website","url":"https:\/\/fredfloris.eu\/","name":"FredFloris","description":"Marroquiner\u00eda artesanal - Made in Sweden","publisher":{"@id":"https:\/\/fredfloris.eu\/#organization"},"potentialAction":[{"@type":"SearchAction","target":{"@type":"EntryPoint","urlTemplate":"https:\/\/fredfloris.eu\/?s={search_term_string}"},"query-input":{"@type":"PropertyValueSpecification","valueRequired":true,"valueName":"search_term_string"}}],"inLanguage":"es"},{"@type":"Organization","@id":"https:\/\/fredfloris.eu\/#organization","name":"FredFloris","url":"https:\/\/fredfloris.eu\/","logo":{"@type":"ImageObject","inLanguage":"es","@id":"https:\/\/fredfloris.eu\/#\/schema\/logo\/image\/","url":"https:\/\/fredfloris.eu\/wp-content\/uploads\/2022\/03\/FredFloris-med-hel-nal-och-text.png","contentUrl":"https:\/\/fredfloris.eu\/wp-content\/uploads\/2022\/03\/FredFloris-med-hel-nal-och-text.png","width":591,"height":283,"caption":"FredFloris"},"image":{"@id":"https:\/\/fredfloris.eu\/#\/schema\/logo\/image\/"},"sameAs":["https:\/\/www.facebook.com\/FredFloris.Artisan.Studio\/","https:\/\/x.com\/_fredfloris_","https:\/\/www.instagram.com\/fredfloris.artisan.studio\/"]}]}},"brands":[{"id":203,"name":"FredFloris","slug":"fredfloris"}],"_links":{"self":[{"href":"https:\/\/fredfloris.eu\/es\/wp-json\/wp\/v2\/product\/10908","targetHints":{"allow":["GET"]}}],"collection":[{"href":"https:\/\/fredfloris.eu\/es\/wp-json\/wp\/v2\/product"}],"about":[{"href":"https:\/\/fredfloris.eu\/es\/wp-json\/wp\/v2\/types\/product"}],"version-history":[{"count":19,"href":"https:\/\/fredfloris.eu\/es\/wp-json\/wp\/v2\/product\/10908\/revisions"}],"predecessor-version":[{"id":11515,"href":"https:\/\/fredfloris.eu\/es\/wp-json\/wp\/v2\/product\/10908\/revisions\/11515"}],"wp:featuredmedia":[{"embeddable":true,"href":"https:\/\/fredfloris.eu\/es\/wp-json\/wp\/v2\/media\/10854"}],"wp:attachment":[{"href":"https:\/\/fredfloris.eu\/es\/wp-json\/wp\/v2\/media?parent=10908"}],"wp:term":[{"taxonomy":"pwb-brand","embeddable":true,"href":"https:\/\/fredfloris.eu\/es\/wp-json\/wp\/v2\/pwb-brand?post=10908"},{"taxonomy":"product_brand","embeddable":true,"href":"https:\/\/fredfloris.eu\/es\/wp-json\/wp\/v2\/product_brand?post=10908"},{"taxonomy":"product_cat","embeddable":true,"href":"https:\/\/fredfloris.eu\/es\/wp-json\/wp\/v2\/product_cat?post=10908"},{"taxonomy":"product_tag","embeddable":true,"href":"https:\/\/fredfloris.eu\/es\/wp-json\/wp\/v2\/product_tag?post=10908"},{"taxonomy":"woo-feed-brand","embeddable":true,"href":"https:\/\/fredfloris.eu\/es\/wp-json\/wp\/v2\/woo-feed-brand?post=10908"}],"curies":[{"name":"wp","href":"https:\/\/api.w.org\/{rel}","templated":true}]}}