{"id":5025,"date":"2022-05-15T23:05:02","date_gmt":"2022-05-15T21:05:02","guid":{"rendered":"https:\/\/fredfloris.eu\/?post_type=product&#038;p=5025"},"modified":"2025-01-18T23:05:50","modified_gmt":"2025-01-18T21:05:50","slug":"llb-bookmarks","status":"publish","type":"product","link":"https:\/\/fredfloris.eu\/es\/productpage\/llb-bookmarks\/","title":{"rendered":"Lagerl\u00f6f, Lindgren or Bremmer - Marcadores"},"content":{"rendered":"<p><a href=\"https:\/\/fredfloris.eu\/es\/personalize-guide\/?wmc-currency=EUR\">Lea nuestra gu\u00eda sobre c\u00f3mo personalizar este producto.<\/a><\/p>\n<p><strong>Descubra el sencillo placer de nuestro marcap\u00e1ginas de cuero personalizado.<\/strong> Ideal para quienes atesoran el tacto de un libro, este marcap\u00e1ginas est\u00e1 fabricado en piel de plena flor de curtido vegetal y es perfecto para hacer una pausa y reflexionar sobre lo que ha le\u00eddo. Es tan t\u00e1ctil y duradero como las p\u00e1ginas de papel que marcar\u00e1.<\/p>\n<p><strong>El regalo perfecto:<\/strong> Ideal para escritores, lectores o profesores que valoran el poder de las palabras, este marcap\u00e1ginas es un regalo duradero que mejora cualquier experiencia de lectura.<\/p>\n<p><strong>Especificaciones del producto:<\/strong><\/p>\n<ul>\n<li><strong>Fabricado totalmente a mano en nuestro estudio familiar de arte en piel<\/strong><\/li>\n<li><strong>Calidad del cuero:<\/strong> Elaborada con piel de toro de plena flor de curtido vegetal, curtida en Toscana, Italia<\/li>\n<li><strong>Personalizaci\u00f3n:<\/strong> Incluye detalles grabados con l\u00e1ser para darle un toque \u00fanico<\/li>\n<li><strong>Color y acabado:<\/strong> Piel de color anilina con reverso de cera\/resina para mayor durabilidad<\/li>\n<li><strong>Adjunto:<\/strong> Incorpora un cordel de fibra de c\u00e1\u00f1amo para mantener su sitio<\/li>\n<li><strong>Dimensiones:<\/strong> Anchura: 33 mm, Longitud: 200 mm<\/li>\n<\/ul>\n<p>&nbsp;<\/p>\n<p>Buscar palabras: Marcap\u00e1ginas de cuero grabado con l\u00e1ser, Marcap\u00e1ginas de cuero personalizados<\/p>","protected":false},"excerpt":{"rendered":"<p>Este marcap\u00e1ginas est\u00e1 fabricado con piel de plena flor de curtido vegetal de primera calidad, suministrada por la empresa italiana Mapel &amp; C en colaboraci\u00f3n con empresas del distrito de curtidos de la Toscana. Cortado a partir de la misma piel de toro europeo que nuestro cintur\u00f3n Maggie May, este marcap\u00e1ginas se ti\u00f1e de forma natural con anilina y luce un bonito acabado de cera semipermanente. Para la borla hemos utilizado un cordel de fibra de c\u00e1\u00f1amo natural que lo mantiene sencillo y delicado.<\/p>","protected":false},"featured_media":3078,"template":"","meta":[],"pwb-brand":[203],"product_brand":[],"product_cat":[108,100],"product_tag":[123,136,146,105],"woo-feed-brand":[],"class_list":{"0":"post-5025","1":"product","2":"type-product","3":"status-publish","4":"has-post-thumbnail","6":"pwb-brand-fredfloris","7":"product_cat-bookmarks","8":"product_cat-leathergoods","9":"product_tag-full-grain-leather","10":"product_tag-handmade","11":"product_tag-laser-engraving","12":"product_tag-made-to-order","13":"product_shipping_class-small-goods","14":"pa_leather-colour-tan-belt","16":"first","17":"instock","18":"taxable","19":"shipping-taxable","20":"purchasable","21":"product-type-simple"},"yoast_head":"<!-- This site is optimized with the Yoast SEO plugin v27.2 - https:\/\/yoast.com\/product\/yoast-seo-wordpress\/ -->\n<title>Laser Engraved Leather Bookmark | FredFloris<\/title>\n<meta name=\"description\" content=\"Beautiful leather bookmark, personalised bookmarks with your own design. This laser engraved bookmark is a perfect gift for any bookworm.\" \/>\n<meta name=\"robots\" content=\"index, follow, max-snippet:-1, max-image-preview:large, max-video-preview:-1\" \/>\n<link rel=\"canonical\" href=\"https:\/\/fredfloris.eu\/es\/productpage\/llb-bookmarks\/?wmc-currency=EUR\" \/>\n<meta property=\"og:locale\" content=\"es_ES\" \/>\n<meta property=\"og:type\" content=\"article\" \/>\n<meta property=\"og:title\" content=\"Laser Engraved Leather Bookmark | FredFloris\" \/>\n<meta property=\"og:description\" content=\"Beautiful leather bookmark, personalised bookmarks with your own design. This laser engraved bookmark is a perfect gift for any bookworm.\" \/>\n<meta property=\"og:url\" content=\"https:\/\/fredfloris.eu\/es\/productpage\/llb-bookmarks\/?wmc-currency=EUR\" \/>\n<meta property=\"og:site_name\" content=\"FredFloris\" \/>\n<meta property=\"article:publisher\" content=\"https:\/\/www.facebook.com\/FredFloris.Artisan.Studio\/\" \/>\n<meta property=\"article:modified_time\" content=\"2025-01-18T21:05:50+00:00\" \/>\n<meta property=\"og:image\" content=\"https:\/\/fredfloris.eu\/wp-content\/uploads\/2022\/04\/IMG_1500-scaled.jpg\" \/>\n\t<meta property=\"og:image:width\" content=\"2560\" \/>\n\t<meta property=\"og:image:height\" content=\"1722\" \/>\n\t<meta property=\"og:image:type\" content=\"image\/jpeg\" \/>\n<meta name=\"twitter:card\" content=\"summary_large_image\" \/>\n<meta name=\"twitter:site\" content=\"@_fredfloris_\" \/>\n<meta name=\"twitter:label1\" content=\"Tiempo de lectura\" \/>\n\t<meta name=\"twitter:data1\" content=\"1 minuto\" \/>\n<script type=\"application\/ld+json\" class=\"yoast-schema-graph\">{\"@context\":\"https:\/\/schema.org\",\"@graph\":[{\"@type\":\"WebPage\",\"@id\":\"https:\/\/fredfloris.eu\/productpage\/llb-bookmarks\/\",\"url\":\"https:\/\/fredfloris.eu\/productpage\/llb-bookmarks\/\",\"name\":\"Laser Engraved Leather Bookmark | FredFloris\",\"isPartOf\":{\"@id\":\"https:\/\/fredfloris.eu\/#website\"},\"primaryImageOfPage\":{\"@id\":\"https:\/\/fredfloris.eu\/productpage\/llb-bookmarks\/#primaryimage\"},\"image\":{\"@id\":\"https:\/\/fredfloris.eu\/productpage\/llb-bookmarks\/#primaryimage\"},\"thumbnailUrl\":\"https:\/\/fredfloris.eu\/wp-content\/uploads\/2022\/04\/IMG_1500-scaled.jpg\",\"datePublished\":\"2022-05-15T21:05:02+00:00\",\"dateModified\":\"2025-01-18T21:05:50+00:00\",\"description\":\"Beautiful leather bookmark, personalised bookmarks with your own design. This laser engraved bookmark is a perfect gift for any bookworm.\",\"breadcrumb\":{\"@id\":\"https:\/\/fredfloris.eu\/productpage\/llb-bookmarks\/#breadcrumb\"},\"inLanguage\":\"es\",\"potentialAction\":[{\"@type\":\"ReadAction\",\"target\":[\"https:\/\/fredfloris.eu\/productpage\/llb-bookmarks\/\"]}]},{\"@type\":\"ImageObject\",\"inLanguage\":\"es\",\"@id\":\"https:\/\/fredfloris.eu\/productpage\/llb-bookmarks\/#primaryimage\",\"url\":\"https:\/\/fredfloris.eu\/wp-content\/uploads\/2022\/04\/IMG_1500-scaled.jpg\",\"contentUrl\":\"https:\/\/fredfloris.eu\/wp-content\/uploads\/2022\/04\/IMG_1500-scaled.jpg\",\"width\":2560,\"height\":1722,\"caption\":\"Tan leather bookmark, with laser engraving\"},{\"@type\":\"BreadcrumbList\",\"@id\":\"https:\/\/fredfloris.eu\/productpage\/llb-bookmarks\/#breadcrumb\",\"itemListElement\":[{\"@type\":\"ListItem\",\"position\":1,\"name\":\"Home\",\"item\":\"https:\/\/fredfloris.eu\/\"},{\"@type\":\"ListItem\",\"position\":2,\"name\":\"Shop\",\"item\":\"https:\/\/fredfloris.eu\/shop\/\"},{\"@type\":\"ListItem\",\"position\":3,\"name\":\"Lagerl\u00f6f, Lindgren or Bremmer &#8211; Bookmarks\"}]},{\"@type\":\"WebSite\",\"@id\":\"https:\/\/fredfloris.eu\/#website\",\"url\":\"https:\/\/fredfloris.eu\/\",\"name\":\"FredFloris\",\"description\":\"Handcrafted Leathergoods - Made in Sweden\",\"publisher\":{\"@id\":\"https:\/\/fredfloris.eu\/#organization\"},\"potentialAction\":[{\"@type\":\"SearchAction\",\"target\":{\"@type\":\"EntryPoint\",\"urlTemplate\":\"https:\/\/fredfloris.eu\/?s={search_term_string}\"},\"query-input\":{\"@type\":\"PropertyValueSpecification\",\"valueRequired\":true,\"valueName\":\"search_term_string\"}}],\"inLanguage\":\"es\"},{\"@type\":\"Organization\",\"@id\":\"https:\/\/fredfloris.eu\/#organization\",\"name\":\"FredFloris\",\"url\":\"https:\/\/fredfloris.eu\/\",\"logo\":{\"@type\":\"ImageObject\",\"inLanguage\":\"es\",\"@id\":\"https:\/\/fredfloris.eu\/#\/schema\/logo\/image\/\",\"url\":\"https:\/\/fredfloris.eu\/wp-content\/uploads\/2022\/03\/FredFloris-med-hel-nal-och-text.png\",\"contentUrl\":\"https:\/\/fredfloris.eu\/wp-content\/uploads\/2022\/03\/FredFloris-med-hel-nal-och-text.png\",\"width\":591,\"height\":283,\"caption\":\"FredFloris\"},\"image\":{\"@id\":\"https:\/\/fredfloris.eu\/#\/schema\/logo\/image\/\"},\"sameAs\":[\"https:\/\/www.facebook.com\/FredFloris.Artisan.Studio\/\",\"https:\/\/x.com\/_fredfloris_\",\"https:\/\/www.instagram.com\/fredfloris.artisan.studio\/\"]}]}<\/script>\n<!-- \/ Yoast SEO plugin. -->","yoast_head_json":{"title":"Marcap\u00e1ginas de cuero grabado con l\u00e1ser | FredFloris","description":"Precioso marcap\u00e1ginas de piel, marcap\u00e1ginas personalizado con su propio dise\u00f1o. Este marcap\u00e1ginas grabado con l\u00e1ser es un regalo perfecto para cualquier rat\u00f3n de biblioteca.","robots":{"index":"index","follow":"follow","max-snippet":"max-snippet:-1","max-image-preview":"max-image-preview:large","max-video-preview":"max-video-preview:-1"},"canonical":"https:\/\/fredfloris.eu\/es\/productpage\/llb-bookmarks\/?wmc-currency=EUR","og_locale":"es_ES","og_type":"article","og_title":"Laser Engraved Leather Bookmark | FredFloris","og_description":"Beautiful leather bookmark, personalised bookmarks with your own design. This laser engraved bookmark is a perfect gift for any bookworm.","og_url":"https:\/\/fredfloris.eu\/es\/productpage\/llb-bookmarks\/?wmc-currency=EUR","og_site_name":"FredFloris","article_publisher":"https:\/\/www.facebook.com\/FredFloris.Artisan.Studio\/","article_modified_time":"2025-01-18T21:05:50+00:00","og_image":[{"width":2560,"height":1722,"url":"https:\/\/fredfloris.eu\/wp-content\/uploads\/2022\/04\/IMG_1500-scaled.jpg","type":"image\/jpeg"}],"twitter_card":"summary_large_image","twitter_site":"@_fredfloris_","twitter_misc":{"Tiempo de lectura":"1 minuto"},"schema":{"@context":"https:\/\/schema.org","@graph":[{"@type":"WebPage","@id":"https:\/\/fredfloris.eu\/productpage\/llb-bookmarks\/","url":"https:\/\/fredfloris.eu\/productpage\/llb-bookmarks\/","name":"Marcap\u00e1ginas de cuero grabado con l\u00e1ser | FredFloris","isPartOf":{"@id":"https:\/\/fredfloris.eu\/#website"},"primaryImageOfPage":{"@id":"https:\/\/fredfloris.eu\/productpage\/llb-bookmarks\/#primaryimage"},"image":{"@id":"https:\/\/fredfloris.eu\/productpage\/llb-bookmarks\/#primaryimage"},"thumbnailUrl":"https:\/\/fredfloris.eu\/wp-content\/uploads\/2022\/04\/IMG_1500-scaled.jpg","datePublished":"2022-05-15T21:05:02+00:00","dateModified":"2025-01-18T21:05:50+00:00","description":"Precioso marcap\u00e1ginas de piel, marcap\u00e1ginas personalizado con su propio dise\u00f1o. Este marcap\u00e1ginas grabado con l\u00e1ser es un regalo perfecto para cualquier rat\u00f3n de biblioteca.","breadcrumb":{"@id":"https:\/\/fredfloris.eu\/productpage\/llb-bookmarks\/#breadcrumb"},"inLanguage":"es","potentialAction":[{"@type":"ReadAction","target":["https:\/\/fredfloris.eu\/productpage\/llb-bookmarks\/"]}]},{"@type":"ImageObject","inLanguage":"es","@id":"https:\/\/fredfloris.eu\/productpage\/llb-bookmarks\/#primaryimage","url":"https:\/\/fredfloris.eu\/wp-content\/uploads\/2022\/04\/IMG_1500-scaled.jpg","contentUrl":"https:\/\/fredfloris.eu\/wp-content\/uploads\/2022\/04\/IMG_1500-scaled.jpg","width":2560,"height":1722,"caption":"Tan leather bookmark, with laser engraving"},{"@type":"BreadcrumbList","@id":"https:\/\/fredfloris.eu\/productpage\/llb-bookmarks\/#breadcrumb","itemListElement":[{"@type":"ListItem","position":1,"name":"Home","item":"https:\/\/fredfloris.eu\/"},{"@type":"ListItem","position":2,"name":"Shop","item":"https:\/\/fredfloris.eu\/shop\/"},{"@type":"ListItem","position":3,"name":"Lagerl\u00f6f, Lindgren or Bremmer &#8211; Bookmarks"}]},{"@type":"WebSite","@id":"https:\/\/fredfloris.eu\/#website","url":"https:\/\/fredfloris.eu\/","name":"FredFloris","description":"Marroquiner\u00eda artesanal - Made in Sweden","publisher":{"@id":"https:\/\/fredfloris.eu\/#organization"},"potentialAction":[{"@type":"SearchAction","target":{"@type":"EntryPoint","urlTemplate":"https:\/\/fredfloris.eu\/?s={search_term_string}"},"query-input":{"@type":"PropertyValueSpecification","valueRequired":true,"valueName":"search_term_string"}}],"inLanguage":"es"},{"@type":"Organization","@id":"https:\/\/fredfloris.eu\/#organization","name":"FredFloris","url":"https:\/\/fredfloris.eu\/","logo":{"@type":"ImageObject","inLanguage":"es","@id":"https:\/\/fredfloris.eu\/#\/schema\/logo\/image\/","url":"https:\/\/fredfloris.eu\/wp-content\/uploads\/2022\/03\/FredFloris-med-hel-nal-och-text.png","contentUrl":"https:\/\/fredfloris.eu\/wp-content\/uploads\/2022\/03\/FredFloris-med-hel-nal-och-text.png","width":591,"height":283,"caption":"FredFloris"},"image":{"@id":"https:\/\/fredfloris.eu\/#\/schema\/logo\/image\/"},"sameAs":["https:\/\/www.facebook.com\/FredFloris.Artisan.Studio\/","https:\/\/x.com\/_fredfloris_","https:\/\/www.instagram.com\/fredfloris.artisan.studio\/"]}]}},"brands":[{"id":203,"name":"FredFloris","slug":"fredfloris"}],"_links":{"self":[{"href":"https:\/\/fredfloris.eu\/es\/wp-json\/wp\/v2\/product\/5025","targetHints":{"allow":["GET"]}}],"collection":[{"href":"https:\/\/fredfloris.eu\/es\/wp-json\/wp\/v2\/product"}],"about":[{"href":"https:\/\/fredfloris.eu\/es\/wp-json\/wp\/v2\/types\/product"}],"version-history":[{"count":9,"href":"https:\/\/fredfloris.eu\/es\/wp-json\/wp\/v2\/product\/5025\/revisions"}],"predecessor-version":[{"id":11323,"href":"https:\/\/fredfloris.eu\/es\/wp-json\/wp\/v2\/product\/5025\/revisions\/11323"}],"wp:featuredmedia":[{"embeddable":true,"href":"https:\/\/fredfloris.eu\/es\/wp-json\/wp\/v2\/media\/3078"}],"wp:attachment":[{"href":"https:\/\/fredfloris.eu\/es\/wp-json\/wp\/v2\/media?parent=5025"}],"wp:term":[{"taxonomy":"pwb-brand","embeddable":true,"href":"https:\/\/fredfloris.eu\/es\/wp-json\/wp\/v2\/pwb-brand?post=5025"},{"taxonomy":"product_brand","embeddable":true,"href":"https:\/\/fredfloris.eu\/es\/wp-json\/wp\/v2\/product_brand?post=5025"},{"taxonomy":"product_cat","embeddable":true,"href":"https:\/\/fredfloris.eu\/es\/wp-json\/wp\/v2\/product_cat?post=5025"},{"taxonomy":"product_tag","embeddable":true,"href":"https:\/\/fredfloris.eu\/es\/wp-json\/wp\/v2\/product_tag?post=5025"},{"taxonomy":"woo-feed-brand","embeddable":true,"href":"https:\/\/fredfloris.eu\/es\/wp-json\/wp\/v2\/woo-feed-brand?post=5025"}],"curies":[{"name":"wp","href":"https:\/\/api.w.org\/{rel}","templated":true}]}}