{"id":5145,"date":"2022-05-16T17:07:29","date_gmt":"2022-05-16T15:07:29","guid":{"rendered":"https:\/\/fredfloris.eu\/?post_type=product&#038;p=5145"},"modified":"2026-05-09T11:55:36","modified_gmt":"2026-05-09T10:55:36","slug":"cg-hard-glasses-cases","status":"publish","type":"product","link":"https:\/\/fredfloris.eu\/es\/productpage\/cg-hard-glasses-cases\/","title":{"rendered":"Carl-Gustaf - Estuches para gafas"},"content":{"rendered":"<p><strong>Personalizaci\u00f3n:<\/strong> A\u00f1ada un nombre, una imagen o un mensaje sin coste adicional. Para personalizarlo con su propio dise\u00f1o, s\u00f3lo tiene que a\u00f1adir tanto el producto como el dise\u00f1o elegido a su cesta.<\/p>\n<p><a class=\"lumise-customize-button button alt\" href=\"https:\/\/fredfloris.eu\/es\/productpage\/customize-carl-gustaf-hard-glasses-cases\/?wmc-currency=EUR\" name=\"customize\">Personalice<\/a><\/p>\n<p><strong>Experimente el mundo con confianza y preparado con el estuche para gafas Carl-Gustaf.<\/strong> Esta funda est\u00e1 dise\u00f1ada para proteger sus gafas de roturas y ara\u00f1azos, asegur\u00e1ndolas dentro de una estructura de cuero endurecido. Con un remache de doble tapa y un bot\u00f3n galvanizado disponible en lat\u00f3n o hierro, esta funda evita que sus gafas se suelten en su bolso, salvaguard\u00e1ndolas de los rigores de la vida cotidiana y de las aventuras.<\/p>\n<p><strong>Especificaciones del producto:<\/strong><\/p>\n<ul>\n<li><strong>Fabricado totalmente a mano en nuestro estudio familiar de arte en piel<\/strong><\/li>\n<li><strong>Dimensiones:<\/strong> Anchura: ~190 mm, Altura: ~65 mm<\/li>\n<li><strong>Material:<\/strong> Fabricado con piel de plena flor de curtido vegetal, procedente de hombros de vacuno italiano\/franc\u00e9s<\/li>\n<li><strong>Color:<\/strong> Disponible en caoba<\/li>\n<li><strong>Acabado:<\/strong> Piel de color anilina con reverso de cera\/resina<\/li>\n<li><strong>Costura:<\/strong> Pespunte tradicional de guarnicionero, cosido a mano<\/li>\n<li><strong>Hardware:<\/strong> Elija entre un remache de doble tapa de lat\u00f3n macizo apto para alergias o un herraje de acero inoxidable AISI 304. Ambas opciones han sido sometidas a pruebas de n\u00edquel y de laboratorio para garantizar su seguridad higi\u00e9nica<\/li>\n<li><strong>Bot\u00f3n:<\/strong> Las opciones incluyen un bot\u00f3n de hierro galvanizado o un bot\u00f3n de lat\u00f3n<\/li>\n<li><strong>Hilo:<\/strong> Construido con hilo Tiger Ritza 25, conocido por su fuerza y resistencia<\/li>\n<\/ul>\n<p>&nbsp;<\/p>\n<p>La funda para gafas Carl-Gustaf es un accesorio fiable que combina estilo y protecci\u00f3n pr\u00e1ctica, lo que la convierte en una pieza necesaria para sus viajes.<\/p>\n<p>&nbsp;<\/p>\n<p>Palabras de b\u00fasqueda: funda r\u00edgida de gafas de cuero<\/p>\n<p>&nbsp;<\/p>","protected":false},"excerpt":{"rendered":"<p>Fabricada con los hombros de las mejores pieles de vaca francesas e italianas, la piel de plena flor est\u00e1 curtida al vegetal por la curtidur\u00eda italiana LA RUOTA S.r.l. Cuoi &amp; Pellami. La piel est\u00e1 acabada con un tratamiento posterior de cera\/resina que s\u00f3lo se reserva para la piel de la m\u00e1s alta calidad.<\/p>\n<pre><\/pre>\n<p>Durante el proceso de elaboraci\u00f3n, se corta la piel, se traza la l\u00ednea de costura y se perfora con un punz\u00f3n de costura. Los bordes se redondean, se lijan, se colorean con varias capas de pintura para bordes y luego se bru\u00f1en. La pintura de los bordes se aplica con gran precisi\u00f3n para garantizar la conservaci\u00f3n de la veta del cuero. El estuche se cose utilizando la t\u00e9cnica tradicional de cosido de guarnicionero. Este m\u00e9todo de cosido garantiza la durabilidad de la funda, especialmente bajo grandes esfuerzos y tensiones.<\/p>","protected":false},"featured_media":3187,"template":"","meta":[],"pwb-brand":[203],"product_brand":[],"product_cat":[102,100],"product_tag":[123,136,105],"woo-feed-brand":[],"class_list":{"0":"post-5145","1":"product","2":"type-product","3":"status-publish","4":"has-post-thumbnail","6":"pwb-brand-fredfloris","7":"product_cat-glasses-cases","8":"product_cat-leathergoods","9":"product_tag-full-grain-leather","10":"product_tag-handmade","11":"product_tag-made-to-order","12":"product_shipping_class-midsized-goods","13":"pa_leather-colour-mahogany","15":"first","16":"instock","17":"taxable","18":"shipping-taxable","19":"purchasable","20":"product-type-variable","21":"has-default-attributes"},"yoast_head":"<!-- This site is optimized with the Yoast SEO plugin v27.2 - https:\/\/yoast.com\/product\/yoast-seo-wordpress\/ -->\n<title>Handmade Full-Grain European Leather Glasses Case | FredFloris<\/title>\n<meta name=\"description\" content=\"The Italian full-grain hard leather glasses case is handmade in Sweden. Featuring a large interior and snap closure for all different specs.\" \/>\n<meta name=\"robots\" content=\"index, follow, max-snippet:-1, max-image-preview:large, max-video-preview:-1\" \/>\n<link rel=\"canonical\" href=\"https:\/\/fredfloris.eu\/es\/productpage\/cg-hard-glasses-cases\/?wmc-currency=EUR\" \/>\n<meta property=\"og:locale\" content=\"es_ES\" \/>\n<meta property=\"og:type\" content=\"article\" \/>\n<meta property=\"og:title\" content=\"Handmade Full-Grain European Leather Glasses Case | FredFloris\" \/>\n<meta property=\"og:description\" content=\"The Italian full-grain hard leather glasses case is handmade in Sweden. Featuring a large interior and snap closure for all different specs.\" \/>\n<meta property=\"og:url\" content=\"https:\/\/fredfloris.eu\/es\/productpage\/cg-hard-glasses-cases\/?wmc-currency=EUR\" \/>\n<meta property=\"og:site_name\" content=\"FredFloris\" \/>\n<meta property=\"article:publisher\" content=\"https:\/\/www.facebook.com\/FredFloris.Artisan.Studio\/\" \/>\n<meta property=\"article:modified_time\" content=\"2026-05-09T10:55:36+00:00\" \/>\n<meta property=\"og:image\" content=\"https:\/\/fredfloris.eu\/wp-content\/uploads\/2022\/04\/IMG_0275-scaled.jpg\" \/>\n\t<meta property=\"og:image:width\" content=\"2560\" \/>\n\t<meta property=\"og:image:height\" content=\"1707\" \/>\n\t<meta property=\"og:image:type\" content=\"image\/jpeg\" \/>\n<meta name=\"twitter:card\" content=\"summary_large_image\" \/>\n<meta name=\"twitter:site\" content=\"@_fredfloris_\" \/>\n<meta name=\"twitter:label1\" content=\"Tiempo de lectura\" \/>\n\t<meta name=\"twitter:data1\" content=\"2 minutos\" \/>\n<script type=\"application\/ld+json\" class=\"yoast-schema-graph\">{\"@context\":\"https:\/\/schema.org\",\"@graph\":[{\"@type\":\"WebPage\",\"@id\":\"https:\/\/fredfloris.eu\/productpage\/cg-hard-glasses-cases\/\",\"url\":\"https:\/\/fredfloris.eu\/productpage\/cg-hard-glasses-cases\/\",\"name\":\"Handmade Full-Grain European Leather Glasses Case | FredFloris\",\"isPartOf\":{\"@id\":\"https:\/\/fredfloris.eu\/#website\"},\"primaryImageOfPage\":{\"@id\":\"https:\/\/fredfloris.eu\/productpage\/cg-hard-glasses-cases\/#primaryimage\"},\"image\":{\"@id\":\"https:\/\/fredfloris.eu\/productpage\/cg-hard-glasses-cases\/#primaryimage\"},\"thumbnailUrl\":\"https:\/\/fredfloris.eu\/wp-content\/uploads\/2022\/04\/IMG_0275-scaled.jpg\",\"datePublished\":\"2022-05-16T15:07:29+00:00\",\"dateModified\":\"2026-05-09T10:55:36+00:00\",\"description\":\"The Italian full-grain hard leather glasses case is handmade in Sweden. Featuring a large interior and snap closure for all different specs.\",\"breadcrumb\":{\"@id\":\"https:\/\/fredfloris.eu\/productpage\/cg-hard-glasses-cases\/#breadcrumb\"},\"inLanguage\":\"es\",\"potentialAction\":[{\"@type\":\"ReadAction\",\"target\":[\"https:\/\/fredfloris.eu\/productpage\/cg-hard-glasses-cases\/\"]}]},{\"@type\":\"ImageObject\",\"inLanguage\":\"es\",\"@id\":\"https:\/\/fredfloris.eu\/productpage\/cg-hard-glasses-cases\/#primaryimage\",\"url\":\"https:\/\/fredfloris.eu\/wp-content\/uploads\/2022\/04\/IMG_0275-scaled.jpg\",\"contentUrl\":\"https:\/\/fredfloris.eu\/wp-content\/uploads\/2022\/04\/IMG_0275-scaled.jpg\",\"width\":2560,\"height\":1707,\"caption\":\"Product: Carl-Gustaf - Hard Glasses Cases, Colour: Mahogany, Thread Colour: Black, Button: Galvanised Brass\"},{\"@type\":\"BreadcrumbList\",\"@id\":\"https:\/\/fredfloris.eu\/productpage\/cg-hard-glasses-cases\/#breadcrumb\",\"itemListElement\":[{\"@type\":\"ListItem\",\"position\":1,\"name\":\"Home\",\"item\":\"https:\/\/fredfloris.eu\/\"},{\"@type\":\"ListItem\",\"position\":2,\"name\":\"Shop\",\"item\":\"https:\/\/fredfloris.eu\/shop\/\"},{\"@type\":\"ListItem\",\"position\":3,\"name\":\"Carl-Gustaf &#8211; Glasses Cases\"}]},{\"@type\":\"WebSite\",\"@id\":\"https:\/\/fredfloris.eu\/#website\",\"url\":\"https:\/\/fredfloris.eu\/\",\"name\":\"FredFloris\",\"description\":\"Handcrafted Leathergoods - Made in Sweden\",\"publisher\":{\"@id\":\"https:\/\/fredfloris.eu\/#organization\"},\"potentialAction\":[{\"@type\":\"SearchAction\",\"target\":{\"@type\":\"EntryPoint\",\"urlTemplate\":\"https:\/\/fredfloris.eu\/?s={search_term_string}\"},\"query-input\":{\"@type\":\"PropertyValueSpecification\",\"valueRequired\":true,\"valueName\":\"search_term_string\"}}],\"inLanguage\":\"es\"},{\"@type\":\"Organization\",\"@id\":\"https:\/\/fredfloris.eu\/#organization\",\"name\":\"FredFloris\",\"url\":\"https:\/\/fredfloris.eu\/\",\"logo\":{\"@type\":\"ImageObject\",\"inLanguage\":\"es\",\"@id\":\"https:\/\/fredfloris.eu\/#\/schema\/logo\/image\/\",\"url\":\"https:\/\/fredfloris.eu\/wp-content\/uploads\/2022\/03\/FredFloris-med-hel-nal-och-text.png\",\"contentUrl\":\"https:\/\/fredfloris.eu\/wp-content\/uploads\/2022\/03\/FredFloris-med-hel-nal-och-text.png\",\"width\":591,\"height\":283,\"caption\":\"FredFloris\"},\"image\":{\"@id\":\"https:\/\/fredfloris.eu\/#\/schema\/logo\/image\/\"},\"sameAs\":[\"https:\/\/www.facebook.com\/FredFloris.Artisan.Studio\/\",\"https:\/\/x.com\/_fredfloris_\",\"https:\/\/www.instagram.com\/fredfloris.artisan.studio\/\"]}]}<\/script>\n<!-- \/ Yoast SEO plugin. -->","yoast_head_json":{"title":"Funda para gafas de piel europea hecha a mano | FredFloris","description":"La funda para gafas de cuero duro italiano de plena flor est\u00e1 hecha a mano en Suecia. Con un amplio interior y cierre a presi\u00f3n para todas las gafas.","robots":{"index":"index","follow":"follow","max-snippet":"max-snippet:-1","max-image-preview":"max-image-preview:large","max-video-preview":"max-video-preview:-1"},"canonical":"https:\/\/fredfloris.eu\/es\/productpage\/cg-hard-glasses-cases\/?wmc-currency=EUR","og_locale":"es_ES","og_type":"article","og_title":"Handmade Full-Grain European Leather Glasses Case | FredFloris","og_description":"The Italian full-grain hard leather glasses case is handmade in Sweden. Featuring a large interior and snap closure for all different specs.","og_url":"https:\/\/fredfloris.eu\/es\/productpage\/cg-hard-glasses-cases\/?wmc-currency=EUR","og_site_name":"FredFloris","article_publisher":"https:\/\/www.facebook.com\/FredFloris.Artisan.Studio\/","article_modified_time":"2026-05-09T10:55:36+00:00","og_image":[{"width":2560,"height":1707,"url":"https:\/\/fredfloris.eu\/wp-content\/uploads\/2022\/04\/IMG_0275-scaled.jpg","type":"image\/jpeg"}],"twitter_card":"summary_large_image","twitter_site":"@_fredfloris_","twitter_misc":{"Tiempo de lectura":"2 minutos"},"schema":{"@context":"https:\/\/schema.org","@graph":[{"@type":"WebPage","@id":"https:\/\/fredfloris.eu\/productpage\/cg-hard-glasses-cases\/","url":"https:\/\/fredfloris.eu\/productpage\/cg-hard-glasses-cases\/","name":"Funda para gafas de piel europea hecha a mano | FredFloris","isPartOf":{"@id":"https:\/\/fredfloris.eu\/#website"},"primaryImageOfPage":{"@id":"https:\/\/fredfloris.eu\/productpage\/cg-hard-glasses-cases\/#primaryimage"},"image":{"@id":"https:\/\/fredfloris.eu\/productpage\/cg-hard-glasses-cases\/#primaryimage"},"thumbnailUrl":"https:\/\/fredfloris.eu\/wp-content\/uploads\/2022\/04\/IMG_0275-scaled.jpg","datePublished":"2022-05-16T15:07:29+00:00","dateModified":"2026-05-09T10:55:36+00:00","description":"La funda para gafas de cuero duro italiano de plena flor est\u00e1 hecha a mano en Suecia. Con un amplio interior y cierre a presi\u00f3n para todas las gafas.","breadcrumb":{"@id":"https:\/\/fredfloris.eu\/productpage\/cg-hard-glasses-cases\/#breadcrumb"},"inLanguage":"es","potentialAction":[{"@type":"ReadAction","target":["https:\/\/fredfloris.eu\/productpage\/cg-hard-glasses-cases\/"]}]},{"@type":"ImageObject","inLanguage":"es","@id":"https:\/\/fredfloris.eu\/productpage\/cg-hard-glasses-cases\/#primaryimage","url":"https:\/\/fredfloris.eu\/wp-content\/uploads\/2022\/04\/IMG_0275-scaled.jpg","contentUrl":"https:\/\/fredfloris.eu\/wp-content\/uploads\/2022\/04\/IMG_0275-scaled.jpg","width":2560,"height":1707,"caption":"Product: Carl-Gustaf - Hard Glasses Cases, Colour: Mahogany, Thread Colour: Black, Button: Galvanised Brass"},{"@type":"BreadcrumbList","@id":"https:\/\/fredfloris.eu\/productpage\/cg-hard-glasses-cases\/#breadcrumb","itemListElement":[{"@type":"ListItem","position":1,"name":"Home","item":"https:\/\/fredfloris.eu\/"},{"@type":"ListItem","position":2,"name":"Shop","item":"https:\/\/fredfloris.eu\/shop\/"},{"@type":"ListItem","position":3,"name":"Carl-Gustaf &#8211; Glasses Cases"}]},{"@type":"WebSite","@id":"https:\/\/fredfloris.eu\/#website","url":"https:\/\/fredfloris.eu\/","name":"FredFloris","description":"Marroquiner\u00eda artesanal - Made in Sweden","publisher":{"@id":"https:\/\/fredfloris.eu\/#organization"},"potentialAction":[{"@type":"SearchAction","target":{"@type":"EntryPoint","urlTemplate":"https:\/\/fredfloris.eu\/?s={search_term_string}"},"query-input":{"@type":"PropertyValueSpecification","valueRequired":true,"valueName":"search_term_string"}}],"inLanguage":"es"},{"@type":"Organization","@id":"https:\/\/fredfloris.eu\/#organization","name":"FredFloris","url":"https:\/\/fredfloris.eu\/","logo":{"@type":"ImageObject","inLanguage":"es","@id":"https:\/\/fredfloris.eu\/#\/schema\/logo\/image\/","url":"https:\/\/fredfloris.eu\/wp-content\/uploads\/2022\/03\/FredFloris-med-hel-nal-och-text.png","contentUrl":"https:\/\/fredfloris.eu\/wp-content\/uploads\/2022\/03\/FredFloris-med-hel-nal-och-text.png","width":591,"height":283,"caption":"FredFloris"},"image":{"@id":"https:\/\/fredfloris.eu\/#\/schema\/logo\/image\/"},"sameAs":["https:\/\/www.facebook.com\/FredFloris.Artisan.Studio\/","https:\/\/x.com\/_fredfloris_","https:\/\/www.instagram.com\/fredfloris.artisan.studio\/"]}]}},"brands":[{"id":203,"name":"FredFloris","slug":"fredfloris"}],"_links":{"self":[{"href":"https:\/\/fredfloris.eu\/es\/wp-json\/wp\/v2\/product\/5145","targetHints":{"allow":["GET"]}}],"collection":[{"href":"https:\/\/fredfloris.eu\/es\/wp-json\/wp\/v2\/product"}],"about":[{"href":"https:\/\/fredfloris.eu\/es\/wp-json\/wp\/v2\/types\/product"}],"version-history":[{"count":11,"href":"https:\/\/fredfloris.eu\/es\/wp-json\/wp\/v2\/product\/5145\/revisions"}],"predecessor-version":[{"id":11547,"href":"https:\/\/fredfloris.eu\/es\/wp-json\/wp\/v2\/product\/5145\/revisions\/11547"}],"wp:featuredmedia":[{"embeddable":true,"href":"https:\/\/fredfloris.eu\/es\/wp-json\/wp\/v2\/media\/3187"}],"wp:attachment":[{"href":"https:\/\/fredfloris.eu\/es\/wp-json\/wp\/v2\/media?parent=5145"}],"wp:term":[{"taxonomy":"pwb-brand","embeddable":true,"href":"https:\/\/fredfloris.eu\/es\/wp-json\/wp\/v2\/pwb-brand?post=5145"},{"taxonomy":"product_brand","embeddable":true,"href":"https:\/\/fredfloris.eu\/es\/wp-json\/wp\/v2\/product_brand?post=5145"},{"taxonomy":"product_cat","embeddable":true,"href":"https:\/\/fredfloris.eu\/es\/wp-json\/wp\/v2\/product_cat?post=5145"},{"taxonomy":"product_tag","embeddable":true,"href":"https:\/\/fredfloris.eu\/es\/wp-json\/wp\/v2\/product_tag?post=5145"},{"taxonomy":"woo-feed-brand","embeddable":true,"href":"https:\/\/fredfloris.eu\/es\/wp-json\/wp\/v2\/woo-feed-brand?post=5145"}],"curies":[{"name":"wp","href":"https:\/\/api.w.org\/{rel}","templated":true}]}}