{"id":5148,"date":"2022-05-16T17:20:21","date_gmt":"2022-05-16T15:20:21","guid":{"rendered":"https:\/\/fredfloris.eu\/?post_type=product&#038;p=5148"},"modified":"2024-06-24T21:20:00","modified_gmt":"2024-06-24T19:20:00","slug":"a5-daybook","status":"publish","type":"product","link":"https:\/\/fredfloris.eu\/es\/productpage\/a5-daybook\/","title":{"rendered":"Dickens, Shelley o Keats - Fundas de cuero A5 para libros de diario"},"content":{"rendered":"<p><strong>Personalizaci\u00f3n:<\/strong> A\u00f1ada un nombre o un mensaje sin coste adicional. Para personalizarlo con su propio dise\u00f1o, s\u00f3lo tiene que a\u00f1adir tanto el producto como el dise\u00f1o elegido a su cesta.<\/p>\n<p><a class=\"lumise-customize-button button alt\" href=\"https:\/\/fredfloris.eu\/es\/productpage\/customize-dickens-shelley-or-keats-a5-journals\/?wmc-currency=EUR\" name=\"customize\">Personalice<\/a><\/p>\n<p><strong>Eleve su imagen profesional con nuestra funda de diario de cuero.<\/strong> Dise\u00f1ada para causar una buena primera impresi\u00f3n, esta cubierta de agenda le garantiza que siempre estar\u00e1 preparado. Ya sea para reuniones urgentes, citas casuales o momentos de inspiraci\u00f3n inesperada, tener un bol\u00edgrafo y un papel a mano tiene un valor incalculable. Escribir con bol\u00edgrafo y papel no s\u00f3lo resulta liberador, sino que simplifica el proceso de plasmar sus ideas, ajust\u00e1ndose perfectamente a sus preferencias personales.<\/p>\n<p><strong>Tama\u00f1o y almacenamiento \u00f3ptimos:<\/strong> Dise\u00f1ada para que quepa un bloc de notas A5, esta funda de diario tiene el tama\u00f1o perfecto para llevarla con usted. Cuenta con un bolsillo grande detr\u00e1s de la tapa y dos bolsillos m\u00e1s peque\u00f1os en el interior, ideales para guardar su bol\u00edgrafo favorito y tenerlo siempre a mano.<\/p>\n<p>Con cada cuaderno de cuero se incluye gratuitamente uno de cada uno de nuestros <a href=\"https:\/\/fredfloris.eu\/es\/productpage\/notebooks-journals\/?wmc-currency=EUR\">Cuadernos con etiqueta ecol\u00f3gica Nordic Swan y Easy on The Planet<\/a>.<\/p>\n<p><strong>Especificaciones del producto:<\/strong><\/p>\n<ul>\n<li><strong>Fabricado totalmente a mano en nuestro estudio familiar de arte en piel<\/strong><\/li>\n<li><strong>Materiales:<\/strong> Utiliza tres tipos diferentes de cuero, cada uno elegido por el tacto adecuado y la flexibilidad necesaria para secciones espec\u00edficas del libro diario<\/li>\n<li><strong>Opciones de color:<\/strong>\n<ul>\n<li><strong>Exterior:<\/strong> Disponible en negro<\/li>\n<li><strong>Solapa y bolsillo interior m\u00e1s peque\u00f1o:<\/strong> Elija entre Cognac oscuro, amarillo oscuro, azul-verde<\/li>\n<\/ul>\n<\/li>\n<li><strong>Dimensiones:<\/strong> Anchura plegada 170 mm, Altura: 235 mm<\/li>\n<li><strong>Broguing:<\/strong> Los detalles de brocado perforado a mano a\u00f1aden estilo y definici\u00f3n al dise\u00f1o<\/li>\n<li><strong>Costura<\/strong>: Pespunte tradicional de guarnicionero, cosido a mano<\/li>\n<li><strong>Caracter\u00edsticas:<\/strong> Este diario es rellenable, lo que lo convierte en un accesorio duradero<\/li>\n<li><strong>Hilo:<\/strong> Construido con hilo Tiger Ritza 25, conocido por su fuerza y resistencia<\/li>\n<\/ul>\n<p>&nbsp;<\/p>\n<p>Buscar palabras: Cuaderno de cuero rellenable hecho a mano, cubierta de cuero para el diario<\/p>","protected":false},"excerpt":{"rendered":"<p>Fabricado a partir de tres tipos diferentes de cuero, para el exterior de nuestro libro de d\u00eda utilizamos un cuero de plena flor de curtido vegetal procedente de los hombros del toro, el grosor es de unos 3,5 mm, sin embargo tiene un temple robusto, lo que lo convierte en una opci\u00f3n muy fina para hacer un libro de d\u00eda.<\/p>\n<pre><\/pre>\n<p>El segundo cuero que utilizamos es para el bolsillo interior m\u00e1s grande. Usamos un cuero de 2 mm de grosor que es m\u00e1s agradable y suave templado, lo que permite flexibilidad a la hora de insertar objetos. Por \u00faltimo, los bolsillos interiores m\u00e1s peque\u00f1os y la solapa se crearon utilizando un cuero encerado de 1,8 mm, que da al interior en general un aspecto de brillo agradable. Los detalles de brocado de la solapa se han realizado a mano con un punz\u00f3n de coser.<\/p>\n<pre><\/pre>\n<p>Todos los bordes de este diario de cuero hecho a mano est\u00e1n redondeados, lijados y pintados con gran precisi\u00f3n para garantizar la conservaci\u00f3n del cuero de plena flor y rematados con cantoneras de acero chapado en lat\u00f3n. El diario de cuero se remata con una correa el\u00e1stica que ata perfectamente este diario bien elaborado.<\/p>\n<pre><\/pre>\n<p>El cuero acabado con anilina lo suministra Mapel &amp; C, y el cuero pulido\/encerado lo suministra Badalassi Carlo. Ambas curtidur\u00edas utilizan la antigua receta toscana Vacchetta para curtir sus pieles, y ambas forman parte de organizaciones respetables, las empresas del distrito curtidor de Toscana y el consorcio Pelle Conciata al Vegetale, respectivamente.<\/p>","protected":false},"featured_media":10226,"template":"","meta":[],"pwb-brand":[203],"product_brand":[],"product_cat":[110,100],"product_tag":[123,136,105],"woo-feed-brand":[],"class_list":{"0":"post-5148","1":"product","2":"type-product","3":"status-publish","4":"has-post-thumbnail","6":"pwb-brand-fredfloris","7":"product_cat-journals","8":"product_cat-leathergoods","9":"product_tag-full-grain-leather","10":"product_tag-handmade","11":"product_tag-made-to-order","12":"product_shipping_class-large-goods","13":"pa_leather-colour-petrol-waxed","14":"pa_leather-colour-dark-cognac-waxed","15":"pa_leather-colour-mustard-waxed","16":"pa_primary-leather-colour-black-mapelec-thick2","18":"first","19":"instock","20":"taxable","21":"shipping-taxable","22":"purchasable","23":"product-type-variable","24":"has-default-attributes"},"yoast_head":"<!-- This site is optimized with the Yoast SEO plugin v27.2 - https:\/\/yoast.com\/product\/yoast-seo-wordpress\/ -->\n<title>Personalized Refillable Leather daybook| FredFloris<\/title>\n<meta name=\"description\" content=\"Experience a luxury handmade leather daybook. Made using the finest Italian vegetable-tanned full-grain leather. Refillable leather daybook\" \/>\n<meta name=\"robots\" content=\"index, follow, max-snippet:-1, max-image-preview:large, max-video-preview:-1\" \/>\n<link rel=\"canonical\" href=\"https:\/\/fredfloris.eu\/es\/productpage\/a5-daybook\/?wmc-currency=EUR\" \/>\n<meta property=\"og:locale\" content=\"es_ES\" \/>\n<meta property=\"og:type\" content=\"article\" \/>\n<meta property=\"og:title\" content=\"Personalized Refillable Leather daybook| FredFloris\" \/>\n<meta property=\"og:description\" content=\"Experience a luxury handmade leather daybook. Made using the finest Italian vegetable-tanned full-grain leather. Refillable leather daybook\" \/>\n<meta property=\"og:url\" content=\"https:\/\/fredfloris.eu\/es\/productpage\/a5-daybook\/?wmc-currency=EUR\" \/>\n<meta property=\"og:site_name\" content=\"FredFloris\" \/>\n<meta property=\"article:publisher\" content=\"https:\/\/www.facebook.com\/FredFloris.Artisan.Studio\/\" \/>\n<meta property=\"article:modified_time\" content=\"2024-06-24T19:20:00+00:00\" \/>\n<meta property=\"og:image\" content=\"https:\/\/fredfloris.eu\/wp-content\/uploads\/2022\/11\/IMG_3892-scaled.jpg\" \/>\n\t<meta property=\"og:image:width\" content=\"2560\" \/>\n\t<meta property=\"og:image:height\" content=\"1707\" \/>\n\t<meta property=\"og:image:type\" content=\"image\/jpeg\" \/>\n<meta name=\"twitter:card\" content=\"summary_large_image\" \/>\n<meta name=\"twitter:site\" content=\"@_fredfloris_\" \/>\n<meta name=\"twitter:label1\" content=\"Tiempo de lectura\" \/>\n\t<meta name=\"twitter:data1\" content=\"2 minutos\" \/>\n<script type=\"application\/ld+json\" class=\"yoast-schema-graph\">{\"@context\":\"https:\/\/schema.org\",\"@graph\":[{\"@type\":\"WebPage\",\"@id\":\"https:\/\/fredfloris.eu\/productpage\/a5-daybook\/\",\"url\":\"https:\/\/fredfloris.eu\/productpage\/a5-daybook\/\",\"name\":\"Personalized Refillable Leather daybook| FredFloris\",\"isPartOf\":{\"@id\":\"https:\/\/fredfloris.eu\/#website\"},\"primaryImageOfPage\":{\"@id\":\"https:\/\/fredfloris.eu\/productpage\/a5-daybook\/#primaryimage\"},\"image\":{\"@id\":\"https:\/\/fredfloris.eu\/productpage\/a5-daybook\/#primaryimage\"},\"thumbnailUrl\":\"https:\/\/fredfloris.eu\/wp-content\/uploads\/2022\/11\/IMG_3892-scaled.jpg\",\"datePublished\":\"2022-05-16T15:20:21+00:00\",\"dateModified\":\"2024-06-24T19:20:00+00:00\",\"description\":\"Experience a luxury handmade leather daybook. Made using the finest Italian vegetable-tanned full-grain leather. Refillable leather daybook\",\"breadcrumb\":{\"@id\":\"https:\/\/fredfloris.eu\/productpage\/a5-daybook\/#breadcrumb\"},\"inLanguage\":\"es\",\"potentialAction\":[{\"@type\":\"ReadAction\",\"target\":[\"https:\/\/fredfloris.eu\/productpage\/a5-daybook\/\"]}]},{\"@type\":\"ImageObject\",\"inLanguage\":\"es\",\"@id\":\"https:\/\/fredfloris.eu\/productpage\/a5-daybook\/#primaryimage\",\"url\":\"https:\/\/fredfloris.eu\/wp-content\/uploads\/2022\/11\/IMG_3892-scaled.jpg\",\"contentUrl\":\"https:\/\/fredfloris.eu\/wp-content\/uploads\/2022\/11\/IMG_3892-scaled.jpg\",\"width\":2560,\"height\":1707,\"caption\":\"Product: Dickens, Shelley or Keats - A5 Journals, Interior, Colour: Black, Dark Cognac, Corner Protectors: Solid Brass\"},{\"@type\":\"BreadcrumbList\",\"@id\":\"https:\/\/fredfloris.eu\/productpage\/a5-daybook\/#breadcrumb\",\"itemListElement\":[{\"@type\":\"ListItem\",\"position\":1,\"name\":\"Home\",\"item\":\"https:\/\/fredfloris.eu\/\"},{\"@type\":\"ListItem\",\"position\":2,\"name\":\"Shop\",\"item\":\"https:\/\/fredfloris.eu\/shop\/\"},{\"@type\":\"ListItem\",\"position\":3,\"name\":\"Dickens, Shelley or Keats &#8211; A5 Leather Daybook Covers\"}]},{\"@type\":\"WebSite\",\"@id\":\"https:\/\/fredfloris.eu\/#website\",\"url\":\"https:\/\/fredfloris.eu\/\",\"name\":\"FredFloris\",\"description\":\"Handcrafted Leathergoods - Made in Sweden\",\"publisher\":{\"@id\":\"https:\/\/fredfloris.eu\/#organization\"},\"potentialAction\":[{\"@type\":\"SearchAction\",\"target\":{\"@type\":\"EntryPoint\",\"urlTemplate\":\"https:\/\/fredfloris.eu\/?s={search_term_string}\"},\"query-input\":{\"@type\":\"PropertyValueSpecification\",\"valueRequired\":true,\"valueName\":\"search_term_string\"}}],\"inLanguage\":\"es\"},{\"@type\":\"Organization\",\"@id\":\"https:\/\/fredfloris.eu\/#organization\",\"name\":\"FredFloris\",\"url\":\"https:\/\/fredfloris.eu\/\",\"logo\":{\"@type\":\"ImageObject\",\"inLanguage\":\"es\",\"@id\":\"https:\/\/fredfloris.eu\/#\/schema\/logo\/image\/\",\"url\":\"https:\/\/fredfloris.eu\/wp-content\/uploads\/2022\/03\/FredFloris-med-hel-nal-och-text.png\",\"contentUrl\":\"https:\/\/fredfloris.eu\/wp-content\/uploads\/2022\/03\/FredFloris-med-hel-nal-och-text.png\",\"width\":591,\"height\":283,\"caption\":\"FredFloris\"},\"image\":{\"@id\":\"https:\/\/fredfloris.eu\/#\/schema\/logo\/image\/\"},\"sameAs\":[\"https:\/\/www.facebook.com\/FredFloris.Artisan.Studio\/\",\"https:\/\/x.com\/_fredfloris_\",\"https:\/\/www.instagram.com\/fredfloris.artisan.studio\/\"]}]}<\/script>\n<!-- \/ Yoast SEO plugin. -->","yoast_head_json":{"title":"Libreta de cuero personalizada recargable| FredFloris","description":"Disfrute de un lujoso diario de piel hecho a mano. Fabricado con la mejor piel italiana de plena flor de curtido vegetal. Agenda de piel recargable","robots":{"index":"index","follow":"follow","max-snippet":"max-snippet:-1","max-image-preview":"max-image-preview:large","max-video-preview":"max-video-preview:-1"},"canonical":"https:\/\/fredfloris.eu\/es\/productpage\/a5-daybook\/?wmc-currency=EUR","og_locale":"es_ES","og_type":"article","og_title":"Personalized Refillable Leather daybook| FredFloris","og_description":"Experience a luxury handmade leather daybook. Made using the finest Italian vegetable-tanned full-grain leather. Refillable leather daybook","og_url":"https:\/\/fredfloris.eu\/es\/productpage\/a5-daybook\/?wmc-currency=EUR","og_site_name":"FredFloris","article_publisher":"https:\/\/www.facebook.com\/FredFloris.Artisan.Studio\/","article_modified_time":"2024-06-24T19:20:00+00:00","og_image":[{"width":2560,"height":1707,"url":"https:\/\/fredfloris.eu\/wp-content\/uploads\/2022\/11\/IMG_3892-scaled.jpg","type":"image\/jpeg"}],"twitter_card":"summary_large_image","twitter_site":"@_fredfloris_","twitter_misc":{"Tiempo de lectura":"2 minutos"},"schema":{"@context":"https:\/\/schema.org","@graph":[{"@type":"WebPage","@id":"https:\/\/fredfloris.eu\/productpage\/a5-daybook\/","url":"https:\/\/fredfloris.eu\/productpage\/a5-daybook\/","name":"Libreta de cuero personalizada recargable| FredFloris","isPartOf":{"@id":"https:\/\/fredfloris.eu\/#website"},"primaryImageOfPage":{"@id":"https:\/\/fredfloris.eu\/productpage\/a5-daybook\/#primaryimage"},"image":{"@id":"https:\/\/fredfloris.eu\/productpage\/a5-daybook\/#primaryimage"},"thumbnailUrl":"https:\/\/fredfloris.eu\/wp-content\/uploads\/2022\/11\/IMG_3892-scaled.jpg","datePublished":"2022-05-16T15:20:21+00:00","dateModified":"2024-06-24T19:20:00+00:00","description":"Disfrute de un lujoso diario de piel hecho a mano. Fabricado con la mejor piel italiana de plena flor de curtido vegetal. Agenda de piel recargable","breadcrumb":{"@id":"https:\/\/fredfloris.eu\/productpage\/a5-daybook\/#breadcrumb"},"inLanguage":"es","potentialAction":[{"@type":"ReadAction","target":["https:\/\/fredfloris.eu\/productpage\/a5-daybook\/"]}]},{"@type":"ImageObject","inLanguage":"es","@id":"https:\/\/fredfloris.eu\/productpage\/a5-daybook\/#primaryimage","url":"https:\/\/fredfloris.eu\/wp-content\/uploads\/2022\/11\/IMG_3892-scaled.jpg","contentUrl":"https:\/\/fredfloris.eu\/wp-content\/uploads\/2022\/11\/IMG_3892-scaled.jpg","width":2560,"height":1707,"caption":"Product: Dickens, Shelley or Keats - A5 Journals, Interior, Colour: Black, Dark Cognac, Corner Protectors: Solid Brass"},{"@type":"BreadcrumbList","@id":"https:\/\/fredfloris.eu\/productpage\/a5-daybook\/#breadcrumb","itemListElement":[{"@type":"ListItem","position":1,"name":"Home","item":"https:\/\/fredfloris.eu\/"},{"@type":"ListItem","position":2,"name":"Shop","item":"https:\/\/fredfloris.eu\/shop\/"},{"@type":"ListItem","position":3,"name":"Dickens, Shelley or Keats &#8211; A5 Leather Daybook Covers"}]},{"@type":"WebSite","@id":"https:\/\/fredfloris.eu\/#website","url":"https:\/\/fredfloris.eu\/","name":"FredFloris","description":"Marroquiner\u00eda artesanal - Made in Sweden","publisher":{"@id":"https:\/\/fredfloris.eu\/#organization"},"potentialAction":[{"@type":"SearchAction","target":{"@type":"EntryPoint","urlTemplate":"https:\/\/fredfloris.eu\/?s={search_term_string}"},"query-input":{"@type":"PropertyValueSpecification","valueRequired":true,"valueName":"search_term_string"}}],"inLanguage":"es"},{"@type":"Organization","@id":"https:\/\/fredfloris.eu\/#organization","name":"FredFloris","url":"https:\/\/fredfloris.eu\/","logo":{"@type":"ImageObject","inLanguage":"es","@id":"https:\/\/fredfloris.eu\/#\/schema\/logo\/image\/","url":"https:\/\/fredfloris.eu\/wp-content\/uploads\/2022\/03\/FredFloris-med-hel-nal-och-text.png","contentUrl":"https:\/\/fredfloris.eu\/wp-content\/uploads\/2022\/03\/FredFloris-med-hel-nal-och-text.png","width":591,"height":283,"caption":"FredFloris"},"image":{"@id":"https:\/\/fredfloris.eu\/#\/schema\/logo\/image\/"},"sameAs":["https:\/\/www.facebook.com\/FredFloris.Artisan.Studio\/","https:\/\/x.com\/_fredfloris_","https:\/\/www.instagram.com\/fredfloris.artisan.studio\/"]}]}},"brands":[{"id":203,"name":"FredFloris","slug":"fredfloris"}],"_links":{"self":[{"href":"https:\/\/fredfloris.eu\/es\/wp-json\/wp\/v2\/product\/5148","targetHints":{"allow":["GET"]}}],"collection":[{"href":"https:\/\/fredfloris.eu\/es\/wp-json\/wp\/v2\/product"}],"about":[{"href":"https:\/\/fredfloris.eu\/es\/wp-json\/wp\/v2\/types\/product"}],"version-history":[{"count":14,"href":"https:\/\/fredfloris.eu\/es\/wp-json\/wp\/v2\/product\/5148\/revisions"}],"predecessor-version":[{"id":11548,"href":"https:\/\/fredfloris.eu\/es\/wp-json\/wp\/v2\/product\/5148\/revisions\/11548"}],"wp:featuredmedia":[{"embeddable":true,"href":"https:\/\/fredfloris.eu\/es\/wp-json\/wp\/v2\/media\/10226"}],"wp:attachment":[{"href":"https:\/\/fredfloris.eu\/es\/wp-json\/wp\/v2\/media?parent=5148"}],"wp:term":[{"taxonomy":"pwb-brand","embeddable":true,"href":"https:\/\/fredfloris.eu\/es\/wp-json\/wp\/v2\/pwb-brand?post=5148"},{"taxonomy":"product_brand","embeddable":true,"href":"https:\/\/fredfloris.eu\/es\/wp-json\/wp\/v2\/product_brand?post=5148"},{"taxonomy":"product_cat","embeddable":true,"href":"https:\/\/fredfloris.eu\/es\/wp-json\/wp\/v2\/product_cat?post=5148"},{"taxonomy":"product_tag","embeddable":true,"href":"https:\/\/fredfloris.eu\/es\/wp-json\/wp\/v2\/product_tag?post=5148"},{"taxonomy":"woo-feed-brand","embeddable":true,"href":"https:\/\/fredfloris.eu\/es\/wp-json\/wp\/v2\/woo-feed-brand?post=5148"}],"curies":[{"name":"wp","href":"https:\/\/api.w.org\/{rel}","templated":true}]}}