{"id":5154,"date":"2022-05-16T17:32:11","date_gmt":"2022-05-16T15:32:11","guid":{"rendered":"https:\/\/fredfloris.eu\/?post_type=product&#038;p=5154"},"modified":"2024-06-24T21:14:15","modified_gmt":"2024-06-24T19:14:15","slug":"vattern-dopp-kits","status":"publish","type":"product","link":"https:\/\/fredfloris.eu\/es\/productpage\/vattern-dopp-kits\/","title":{"rendered":"V\u00e4ttern - Dopp Kits grandes"},"content":{"rendered":"<p><strong>Personalizaci\u00f3n:<\/strong> A\u00f1ade un nombre, imagen o mensaje sin coste adicional. Para personalizarlo con tu propio dise\u00f1o, solo tienes que a\u00f1adir a la cesta el producto y el dise\u00f1o que hayas elegido.<\/p>\n<p><a class=\"lumise-customize-button button alt\" href=\"https:\/\/fredfloris.eu\/es\/productpage\/customize-vattern-large-dopp-kits\/?wmc-currency=EUR\" name=\"customize\">Personalice<\/a><\/p>\n<p><strong>Presentamos nuestro Dopp Kit de primera calidad, dise\u00f1ado para guardar todos sus objetos esenciales con estilo.<\/strong> Fabricada en piel de plena flor, esta espaciosa bolsa es suave y duradera a la vez. La suave cremallera YKK de lat\u00f3n se abre para revelar un bonito interior forrado, perfecto para organizar los productos de cuidado personal y el equipo de afeitado. Empieza el d\u00eda sin esfuerzo con todo lo que necesitas en su sitio.<\/p>\n<p><strong>Sencillo, elegante y sofisticado:<\/strong> Confiar en la artesan\u00eda y longevidad de esta bolsa de viaje es f\u00e1cil. Promete ser una fiel compa\u00f1era durante muchos a\u00f1os, acompa\u00f1\u00e1ndole en cada viaje con fiabilidad y clase.<\/p>\n<p><strong>Especificaciones del producto:<\/strong><\/p>\n<ul>\n<li><strong>Fabricado totalmente a mano en nuestro estudio familiar de arte en piel<\/strong><\/li>\n<li><strong>Dimensiones:<\/strong> Anchura: ~255 mm, Altura: ~160 mm<\/li>\n<li><strong>Opciones de color:<\/strong> Disponible en Cognac y marr\u00f3n medio<\/li>\n<li><strong>Material:<\/strong> Fabricado en piel de becerro plena flor de curtido vegetal, curtida en Italia<\/li>\n<li><strong>Costura:<\/strong> Pespunte tradicional de guarnicionero, cosido a mano<\/li>\n<li><strong>Cremallera:<\/strong> Equipado con una cremallera de lat\u00f3n YKK de alta calidad<\/li>\n<li><strong>Forro:<\/strong> Forrado con piel de plena flor de curtido vegetal para un toque extra de lujo<\/li>\n<li><strong>Hilo:<\/strong> Cosido con hilo Tiger Ritza 25, conocido por su fuerza y resistencia<\/li>\n<\/ul>\n<p>&nbsp;<\/p>\n<p>Buscar palabras: Neceser de viaje, Neceser de piel<\/p>","protected":false},"excerpt":{"rendered":"<p>Nuestro dopp kit se ha creado a partir de una piel de ternera europea de plena flor suministrada por la curtidur\u00eda italiana Mapel &amp; C en colaboraci\u00f3n con empresas del distrito curtidor de la Toscana. Durante el proceso de curtido, se a\u00f1ade al cuero una ligera capa de aceite para crear lo que se conoce como cuero pull-up. Este m\u00e9todo de curtido confiere al Dopp Kit un aspecto m\u00e1s desgastado y r\u00fastico.<\/p>\n<pre><\/pre>\n<p>Una vez recibida en nuestro taller, la piel se corta, se redondean los bordes, se lija, se bru\u00f1e a mano y luego se colorean los bordes a mano. Prestamos gran atenci\u00f3n a los detalles durante este proceso para preservar el grano del cuero.<\/p>\n<pre><\/pre>\n<p>El interior est\u00e1 forrado con una piel de becerro neutra cosida totalmente a mano. Las asas y la cremallera YKK est\u00e1n cosidas a mano a la pieza principal mediante la t\u00e9cnica tradicional de cosido de guarnicionero. Este m\u00e9todo de cosido garantiza la durabilidad del producto, especialmente bajo grandes esfuerzos y tensiones.<\/p>","protected":false},"featured_media":10187,"template":"","meta":[],"pwb-brand":[203],"product_brand":[],"product_cat":[111,100],"product_tag":[123,136,105],"woo-feed-brand":[],"class_list":{"0":"post-5154","1":"product","2":"type-product","3":"status-publish","4":"has-post-thumbnail","6":"pwb-brand-fredfloris","7":"product_cat-dopp-kits","8":"product_cat-leathergoods","9":"product_tag-full-grain-leather","10":"product_tag-handmade","11":"product_tag-made-to-order","12":"product_shipping_class-large-goods","13":"pa_leather-colour-cognac-pull-up","14":"pa_leather-colour-medium-brown-pull-up","16":"first","17":"instock","18":"taxable","19":"shipping-taxable","20":"purchasable","21":"product-type-variable","22":"has-default-attributes"},"yoast_head":"<!-- This site is optimized with the Yoast SEO plugin v27.2 - https:\/\/yoast.com\/product\/yoast-seo-wordpress\/ -->\n<title>Full-Grain Leather Dopp Kit | FredFloris<\/title>\n<meta name=\"description\" content=\"Our leather travel dopp kit is handmade with full-grain leather and GOTS-certified cotton fabric making the dopp kit bag highly durable.\" \/>\n<meta name=\"robots\" content=\"index, follow, max-snippet:-1, max-image-preview:large, max-video-preview:-1\" \/>\n<link rel=\"canonical\" href=\"https:\/\/fredfloris.eu\/es\/productpage\/vattern-dopp-kits\/?wmc-currency=EUR\" \/>\n<meta property=\"og:locale\" content=\"es_ES\" \/>\n<meta property=\"og:type\" content=\"article\" \/>\n<meta property=\"og:title\" content=\"Full-Grain Leather Dopp Kit | FredFloris\" \/>\n<meta property=\"og:description\" content=\"Our leather travel dopp kit is handmade with full-grain leather and GOTS-certified cotton fabric making the dopp kit bag highly durable.\" \/>\n<meta property=\"og:url\" content=\"https:\/\/fredfloris.eu\/es\/productpage\/vattern-dopp-kits\/?wmc-currency=EUR\" \/>\n<meta property=\"og:site_name\" content=\"FredFloris\" \/>\n<meta property=\"article:publisher\" content=\"https:\/\/www.facebook.com\/FredFloris.Artisan.Studio\/\" \/>\n<meta property=\"article:modified_time\" content=\"2024-06-24T19:14:15+00:00\" \/>\n<meta property=\"og:image\" content=\"https:\/\/fredfloris.eu\/wp-content\/uploads\/2022\/10\/IMG_3810-scaled.jpg\" \/>\n\t<meta property=\"og:image:width\" content=\"2560\" \/>\n\t<meta property=\"og:image:height\" content=\"1707\" \/>\n\t<meta property=\"og:image:type\" content=\"image\/jpeg\" \/>\n<meta name=\"twitter:card\" content=\"summary_large_image\" \/>\n<meta name=\"twitter:site\" content=\"@_fredfloris_\" \/>\n<meta name=\"twitter:label1\" content=\"Tiempo de lectura\" \/>\n\t<meta name=\"twitter:data1\" content=\"2 minutos\" \/>\n<script type=\"application\/ld+json\" class=\"yoast-schema-graph\">{\"@context\":\"https:\/\/schema.org\",\"@graph\":[{\"@type\":\"WebPage\",\"@id\":\"https:\/\/fredfloris.eu\/productpage\/vattern-dopp-kits\/\",\"url\":\"https:\/\/fredfloris.eu\/productpage\/vattern-dopp-kits\/\",\"name\":\"Full-Grain Leather Dopp Kit | FredFloris\",\"isPartOf\":{\"@id\":\"https:\/\/fredfloris.eu\/#website\"},\"primaryImageOfPage\":{\"@id\":\"https:\/\/fredfloris.eu\/productpage\/vattern-dopp-kits\/#primaryimage\"},\"image\":{\"@id\":\"https:\/\/fredfloris.eu\/productpage\/vattern-dopp-kits\/#primaryimage\"},\"thumbnailUrl\":\"https:\/\/fredfloris.eu\/wp-content\/uploads\/2022\/10\/IMG_3810-scaled.jpg\",\"datePublished\":\"2022-05-16T15:32:11+00:00\",\"dateModified\":\"2024-06-24T19:14:15+00:00\",\"description\":\"Our leather travel dopp kit is handmade with full-grain leather and GOTS-certified cotton fabric making the dopp kit bag highly durable.\",\"breadcrumb\":{\"@id\":\"https:\/\/fredfloris.eu\/productpage\/vattern-dopp-kits\/#breadcrumb\"},\"inLanguage\":\"es\",\"potentialAction\":[{\"@type\":\"ReadAction\",\"target\":[\"https:\/\/fredfloris.eu\/productpage\/vattern-dopp-kits\/\"]}]},{\"@type\":\"ImageObject\",\"inLanguage\":\"es\",\"@id\":\"https:\/\/fredfloris.eu\/productpage\/vattern-dopp-kits\/#primaryimage\",\"url\":\"https:\/\/fredfloris.eu\/wp-content\/uploads\/2022\/10\/IMG_3810-scaled.jpg\",\"contentUrl\":\"https:\/\/fredfloris.eu\/wp-content\/uploads\/2022\/10\/IMG_3810-scaled.jpg\",\"width\":2560,\"height\":1707,\"caption\":\"Product: Dickens, V\u00e4ttern - Large Dopp Kits, Colour: Medium Brown & Cognac, Thread Colour: Black, YKK Brass Zipper\"},{\"@type\":\"BreadcrumbList\",\"@id\":\"https:\/\/fredfloris.eu\/productpage\/vattern-dopp-kits\/#breadcrumb\",\"itemListElement\":[{\"@type\":\"ListItem\",\"position\":1,\"name\":\"Home\",\"item\":\"https:\/\/fredfloris.eu\/\"},{\"@type\":\"ListItem\",\"position\":2,\"name\":\"Shop\",\"item\":\"https:\/\/fredfloris.eu\/shop\/\"},{\"@type\":\"ListItem\",\"position\":3,\"name\":\"V\u00e4ttern &#8211; Large Dopp Kits\"}]},{\"@type\":\"WebSite\",\"@id\":\"https:\/\/fredfloris.eu\/#website\",\"url\":\"https:\/\/fredfloris.eu\/\",\"name\":\"FredFloris\",\"description\":\"Handcrafted Leathergoods - Made in Sweden\",\"publisher\":{\"@id\":\"https:\/\/fredfloris.eu\/#organization\"},\"potentialAction\":[{\"@type\":\"SearchAction\",\"target\":{\"@type\":\"EntryPoint\",\"urlTemplate\":\"https:\/\/fredfloris.eu\/?s={search_term_string}\"},\"query-input\":{\"@type\":\"PropertyValueSpecification\",\"valueRequired\":true,\"valueName\":\"search_term_string\"}}],\"inLanguage\":\"es\"},{\"@type\":\"Organization\",\"@id\":\"https:\/\/fredfloris.eu\/#organization\",\"name\":\"FredFloris\",\"url\":\"https:\/\/fredfloris.eu\/\",\"logo\":{\"@type\":\"ImageObject\",\"inLanguage\":\"es\",\"@id\":\"https:\/\/fredfloris.eu\/#\/schema\/logo\/image\/\",\"url\":\"https:\/\/fredfloris.eu\/wp-content\/uploads\/2022\/03\/FredFloris-med-hel-nal-och-text.png\",\"contentUrl\":\"https:\/\/fredfloris.eu\/wp-content\/uploads\/2022\/03\/FredFloris-med-hel-nal-och-text.png\",\"width\":591,\"height\":283,\"caption\":\"FredFloris\"},\"image\":{\"@id\":\"https:\/\/fredfloris.eu\/#\/schema\/logo\/image\/\"},\"sameAs\":[\"https:\/\/www.facebook.com\/FredFloris.Artisan.Studio\/\",\"https:\/\/x.com\/_fredfloris_\",\"https:\/\/www.instagram.com\/fredfloris.artisan.studio\/\"]}]}<\/script>\n<!-- \/ Yoast SEO plugin. -->","yoast_head_json":{"title":"Dopp Kit de cuero de grano completo | FredFloris","description":"Nuestro neceser de viaje de piel est\u00e1 fabricado a mano con piel de plena flor y tejido de algod\u00f3n con certificaci\u00f3n GOTS, lo que lo convierte en un neceser muy duradero.","robots":{"index":"index","follow":"follow","max-snippet":"max-snippet:-1","max-image-preview":"max-image-preview:large","max-video-preview":"max-video-preview:-1"},"canonical":"https:\/\/fredfloris.eu\/es\/productpage\/vattern-dopp-kits\/?wmc-currency=EUR","og_locale":"es_ES","og_type":"article","og_title":"Full-Grain Leather Dopp Kit | FredFloris","og_description":"Our leather travel dopp kit is handmade with full-grain leather and GOTS-certified cotton fabric making the dopp kit bag highly durable.","og_url":"https:\/\/fredfloris.eu\/es\/productpage\/vattern-dopp-kits\/?wmc-currency=EUR","og_site_name":"FredFloris","article_publisher":"https:\/\/www.facebook.com\/FredFloris.Artisan.Studio\/","article_modified_time":"2024-06-24T19:14:15+00:00","og_image":[{"width":2560,"height":1707,"url":"https:\/\/fredfloris.eu\/wp-content\/uploads\/2022\/10\/IMG_3810-scaled.jpg","type":"image\/jpeg"}],"twitter_card":"summary_large_image","twitter_site":"@_fredfloris_","twitter_misc":{"Tiempo de lectura":"2 minutos"},"schema":{"@context":"https:\/\/schema.org","@graph":[{"@type":"WebPage","@id":"https:\/\/fredfloris.eu\/productpage\/vattern-dopp-kits\/","url":"https:\/\/fredfloris.eu\/productpage\/vattern-dopp-kits\/","name":"Dopp Kit de cuero de grano completo | FredFloris","isPartOf":{"@id":"https:\/\/fredfloris.eu\/#website"},"primaryImageOfPage":{"@id":"https:\/\/fredfloris.eu\/productpage\/vattern-dopp-kits\/#primaryimage"},"image":{"@id":"https:\/\/fredfloris.eu\/productpage\/vattern-dopp-kits\/#primaryimage"},"thumbnailUrl":"https:\/\/fredfloris.eu\/wp-content\/uploads\/2022\/10\/IMG_3810-scaled.jpg","datePublished":"2022-05-16T15:32:11+00:00","dateModified":"2024-06-24T19:14:15+00:00","description":"Nuestro neceser de viaje de piel est\u00e1 fabricado a mano con piel de plena flor y tejido de algod\u00f3n con certificaci\u00f3n GOTS, lo que lo convierte en un neceser muy duradero.","breadcrumb":{"@id":"https:\/\/fredfloris.eu\/productpage\/vattern-dopp-kits\/#breadcrumb"},"inLanguage":"es","potentialAction":[{"@type":"ReadAction","target":["https:\/\/fredfloris.eu\/productpage\/vattern-dopp-kits\/"]}]},{"@type":"ImageObject","inLanguage":"es","@id":"https:\/\/fredfloris.eu\/productpage\/vattern-dopp-kits\/#primaryimage","url":"https:\/\/fredfloris.eu\/wp-content\/uploads\/2022\/10\/IMG_3810-scaled.jpg","contentUrl":"https:\/\/fredfloris.eu\/wp-content\/uploads\/2022\/10\/IMG_3810-scaled.jpg","width":2560,"height":1707,"caption":"Product: Dickens, V\u00e4ttern - Large Dopp Kits, Colour: Medium Brown & Cognac, Thread Colour: Black, YKK Brass Zipper"},{"@type":"BreadcrumbList","@id":"https:\/\/fredfloris.eu\/productpage\/vattern-dopp-kits\/#breadcrumb","itemListElement":[{"@type":"ListItem","position":1,"name":"Home","item":"https:\/\/fredfloris.eu\/"},{"@type":"ListItem","position":2,"name":"Shop","item":"https:\/\/fredfloris.eu\/shop\/"},{"@type":"ListItem","position":3,"name":"V\u00e4ttern &#8211; Large Dopp Kits"}]},{"@type":"WebSite","@id":"https:\/\/fredfloris.eu\/#website","url":"https:\/\/fredfloris.eu\/","name":"FredFloris","description":"Marroquiner\u00eda artesanal - Made in Sweden","publisher":{"@id":"https:\/\/fredfloris.eu\/#organization"},"potentialAction":[{"@type":"SearchAction","target":{"@type":"EntryPoint","urlTemplate":"https:\/\/fredfloris.eu\/?s={search_term_string}"},"query-input":{"@type":"PropertyValueSpecification","valueRequired":true,"valueName":"search_term_string"}}],"inLanguage":"es"},{"@type":"Organization","@id":"https:\/\/fredfloris.eu\/#organization","name":"FredFloris","url":"https:\/\/fredfloris.eu\/","logo":{"@type":"ImageObject","inLanguage":"es","@id":"https:\/\/fredfloris.eu\/#\/schema\/logo\/image\/","url":"https:\/\/fredfloris.eu\/wp-content\/uploads\/2022\/03\/FredFloris-med-hel-nal-och-text.png","contentUrl":"https:\/\/fredfloris.eu\/wp-content\/uploads\/2022\/03\/FredFloris-med-hel-nal-och-text.png","width":591,"height":283,"caption":"FredFloris"},"image":{"@id":"https:\/\/fredfloris.eu\/#\/schema\/logo\/image\/"},"sameAs":["https:\/\/www.facebook.com\/FredFloris.Artisan.Studio\/","https:\/\/x.com\/_fredfloris_","https:\/\/www.instagram.com\/fredfloris.artisan.studio\/"]}]}},"brands":[{"id":203,"name":"FredFloris","slug":"fredfloris"}],"_links":{"self":[{"href":"https:\/\/fredfloris.eu\/es\/wp-json\/wp\/v2\/product\/5154","targetHints":{"allow":["GET"]}}],"collection":[{"href":"https:\/\/fredfloris.eu\/es\/wp-json\/wp\/v2\/product"}],"about":[{"href":"https:\/\/fredfloris.eu\/es\/wp-json\/wp\/v2\/types\/product"}],"version-history":[{"count":14,"href":"https:\/\/fredfloris.eu\/es\/wp-json\/wp\/v2\/product\/5154\/revisions"}],"predecessor-version":[{"id":11545,"href":"https:\/\/fredfloris.eu\/es\/wp-json\/wp\/v2\/product\/5154\/revisions\/11545"}],"wp:featuredmedia":[{"embeddable":true,"href":"https:\/\/fredfloris.eu\/es\/wp-json\/wp\/v2\/media\/10187"}],"wp:attachment":[{"href":"https:\/\/fredfloris.eu\/es\/wp-json\/wp\/v2\/media?parent=5154"}],"wp:term":[{"taxonomy":"pwb-brand","embeddable":true,"href":"https:\/\/fredfloris.eu\/es\/wp-json\/wp\/v2\/pwb-brand?post=5154"},{"taxonomy":"product_brand","embeddable":true,"href":"https:\/\/fredfloris.eu\/es\/wp-json\/wp\/v2\/product_brand?post=5154"},{"taxonomy":"product_cat","embeddable":true,"href":"https:\/\/fredfloris.eu\/es\/wp-json\/wp\/v2\/product_cat?post=5154"},{"taxonomy":"product_tag","embeddable":true,"href":"https:\/\/fredfloris.eu\/es\/wp-json\/wp\/v2\/product_tag?post=5154"},{"taxonomy":"woo-feed-brand","embeddable":true,"href":"https:\/\/fredfloris.eu\/es\/wp-json\/wp\/v2\/woo-feed-brand?post=5154"}],"curies":[{"name":"wp","href":"https:\/\/api.w.org\/{rel}","templated":true}]}}