{"id":5158,"date":"2022-05-16T17:48:39","date_gmt":"2022-05-16T15:48:39","guid":{"rendered":"https:\/\/fredfloris.eu\/?post_type=product&#038;p=5158"},"modified":"2025-02-22T15:37:45","modified_gmt":"2025-02-22T13:37:45","slug":"vasa-key-wallet","status":"publish","type":"product","link":"https:\/\/fredfloris.eu\/es\/productpage\/vasa-key-wallet\/","title":{"rendered":"Vasa - Cartera para llaves"},"content":{"rendered":"<p><strong>Personalizaci\u00f3n:<\/strong> A\u00f1ade un nombre, imagen o mensaje sin coste adicional. Para personalizarlo con tu propio dise\u00f1o, solo tienes que a\u00f1adir a la cesta el producto y el dise\u00f1o que hayas elegido.<\/p>\n<p><a class=\"lumise-customize-button button alt\" href=\"https:\/\/fredfloris.eu\/es\/productpage\/customize-vasa-soft-key-wallet\/?wmc-currency=EUR\" name=\"customize\">Personalice<\/a><\/p>\n<p><strong>Explore el enigma de las llaves con nuestra cartera de piel para llaves.<\/strong> Las llaves dan acceso a los aspectos m\u00e1s valiosos de nuestras vidas: nuestros hogares, veh\u00edculos y cajas fuertes personales. Son \u00fanicas y prometen mucho m\u00e1s, por lo que merecen una gesti\u00f3n y protecci\u00f3n cuidadosas. Nuestro monedero para llaves garantiza que todas sus llaves est\u00e9n bien organizadas y protegidas dentro de una suave funda de piel, sujeta por un bot\u00f3n de hierro. Los remaches de acero inoxidable mantienen el orden, haciendo que sus llaves sean f\u00e1ciles de encontrar, acceder y llevar en su bolso o bolsillo sin riesgo de rayar su tel\u00e9fono u otros objetos de valor.<\/p>\n<p><strong>Especificaciones del producto:<\/strong><\/p>\n<ul>\n<li><strong>Fabricado totalmente a mano en nuestro estudio familiar de arte en piel<\/strong><\/li>\n<li><strong>Opciones personalizadas:<\/strong> Elija entre las versiones para diestros o zurdos<\/li>\n<li><strong>Tama\u00f1o:<\/strong> Anchura: 80 mm, Longitud: 125 mm<\/li>\n<li><strong>Colores:<\/strong> Disponible en marr\u00f3n medio y Cognac<\/li>\n<li><strong>Material:<\/strong> Fabricada en piel de plena flor, curtida en Italia<\/li>\n<li><strong>Apto para al\u00e9rgicos:<\/strong> Incorpora un remache de doble tapa que es apto para al\u00e9rgicos. Nota: El soporte de la llave no ha sido sometido a pruebas de alergia.<\/li>\n<\/ul>\n<p>&nbsp;<\/p>\n<p>Palabras de b\u00fasqueda: cartera de cuero para llaves, llavero, cartera portallaves<\/p>","protected":false},"excerpt":{"rendered":"<p>Nuestra cartera llavero de piel est\u00e1 creada a partir de una piel de becerro europeo de plena flor suministrada por la curtidur\u00eda italiana Mapel &amp; C en colaboraci\u00f3n con empresas del distrito de curtidos de la Toscana. Durante el proceso de curtido, se a\u00f1ade al cuero una ligera capa de aceite para crear lo que se conoce como cuero pull-up. Este m\u00e9todo de curtido da a la apariencia de la cartera Key Wallet un aspecto m\u00e1s apenado y r\u00fastico.<\/p>\n<p>Una vez recibido en nuestro taller, el cuero se corta de la piel, se redondean los bordes, se lija, se bru\u00f1e a mano y luego se colorean los bordes a mano. Prestamos gran atenci\u00f3n a los detalles durante este proceso para preservar el grano del cuero.<\/p>","protected":false},"featured_media":9758,"template":"","meta":[],"pwb-brand":[203],"product_brand":[],"product_cat":[112,100],"product_tag":[123,136,105],"woo-feed-brand":[],"class_list":{"0":"post-5158","1":"product","2":"type-product","3":"status-publish","4":"has-post-thumbnail","6":"pwb-brand-fredfloris","7":"product_cat-key-wallets","8":"product_cat-leathergoods","9":"product_tag-full-grain-leather","10":"product_tag-handmade","11":"product_tag-made-to-order","12":"product_shipping_class-small-goods","13":"pa_leather-colour-cognac-pull-up","14":"pa_leather-colour-medium-brown-pull-up","16":"first","17":"instock","18":"taxable","19":"shipping-taxable","20":"purchasable","21":"product-type-variable","22":"has-default-attributes"},"yoast_head":"<!-- This site is optimized with the Yoast SEO plugin v27.2 - https:\/\/yoast.com\/product\/yoast-seo-wordpress\/ -->\n<title>Leather Key Wallet - Handmade in Sweden | FredFloris<\/title>\n<meta name=\"description\" content=\"Our leather key wallet is handmade from full-grain European leather. The key wallet can hold over 6 keys. Replace your key chain!\" \/>\n<meta name=\"robots\" content=\"index, follow, max-snippet:-1, max-image-preview:large, max-video-preview:-1\" \/>\n<link rel=\"canonical\" href=\"https:\/\/fredfloris.eu\/es\/productpage\/vasa-key-wallet\/?wmc-currency=EUR\" \/>\n<meta property=\"og:locale\" content=\"es_ES\" \/>\n<meta property=\"og:type\" content=\"article\" \/>\n<meta property=\"og:title\" content=\"Leather Key Wallet - Handmade in Sweden | FredFloris\" \/>\n<meta property=\"og:description\" content=\"Our leather key wallet is handmade from full-grain European leather. The key wallet can hold over 6 keys. Replace your key chain!\" \/>\n<meta property=\"og:url\" content=\"https:\/\/fredfloris.eu\/es\/productpage\/vasa-key-wallet\/?wmc-currency=EUR\" \/>\n<meta property=\"og:site_name\" content=\"FredFloris\" \/>\n<meta property=\"article:publisher\" content=\"https:\/\/www.facebook.com\/FredFloris.Artisan.Studio\/\" \/>\n<meta property=\"article:modified_time\" content=\"2025-02-22T13:37:45+00:00\" \/>\n<meta property=\"og:image\" content=\"https:\/\/fredfloris.eu\/wp-content\/uploads\/2022\/05\/IMG_1482-scaled.jpg\" \/>\n\t<meta property=\"og:image:width\" content=\"2560\" \/>\n\t<meta property=\"og:image:height\" content=\"1707\" \/>\n\t<meta property=\"og:image:type\" content=\"image\/jpeg\" \/>\n<meta name=\"twitter:card\" content=\"summary_large_image\" \/>\n<meta name=\"twitter:site\" content=\"@_fredfloris_\" \/>\n<meta name=\"twitter:label1\" content=\"Tiempo de lectura\" \/>\n\t<meta name=\"twitter:data1\" content=\"2 minutos\" \/>\n<script type=\"application\/ld+json\" class=\"yoast-schema-graph\">{\"@context\":\"https:\/\/schema.org\",\"@graph\":[{\"@type\":\"WebPage\",\"@id\":\"https:\/\/fredfloris.eu\/productpage\/vasa-key-wallet\/\",\"url\":\"https:\/\/fredfloris.eu\/productpage\/vasa-key-wallet\/\",\"name\":\"Leather Key Wallet - Handmade in Sweden | FredFloris\",\"isPartOf\":{\"@id\":\"https:\/\/fredfloris.eu\/#website\"},\"primaryImageOfPage\":{\"@id\":\"https:\/\/fredfloris.eu\/productpage\/vasa-key-wallet\/#primaryimage\"},\"image\":{\"@id\":\"https:\/\/fredfloris.eu\/productpage\/vasa-key-wallet\/#primaryimage\"},\"thumbnailUrl\":\"https:\/\/fredfloris.eu\/wp-content\/uploads\/2022\/05\/IMG_1482-scaled.jpg\",\"datePublished\":\"2022-05-16T15:48:39+00:00\",\"dateModified\":\"2025-02-22T13:37:45+00:00\",\"description\":\"Our leather key wallet is handmade from full-grain European leather. The key wallet can hold over 6 keys. Replace your key chain!\",\"breadcrumb\":{\"@id\":\"https:\/\/fredfloris.eu\/productpage\/vasa-key-wallet\/#breadcrumb\"},\"inLanguage\":\"es\",\"potentialAction\":[{\"@type\":\"ReadAction\",\"target\":[\"https:\/\/fredfloris.eu\/productpage\/vasa-key-wallet\/\"]}]},{\"@type\":\"ImageObject\",\"inLanguage\":\"es\",\"@id\":\"https:\/\/fredfloris.eu\/productpage\/vasa-key-wallet\/#primaryimage\",\"url\":\"https:\/\/fredfloris.eu\/wp-content\/uploads\/2022\/05\/IMG_1482-scaled.jpg\",\"contentUrl\":\"https:\/\/fredfloris.eu\/wp-content\/uploads\/2022\/05\/IMG_1482-scaled.jpg\",\"width\":2560,\"height\":1707,\"caption\":\"Product: Dickens, Vasa - Key Wallet, Colour: Cognac, Left & Right Handed Options\"},{\"@type\":\"BreadcrumbList\",\"@id\":\"https:\/\/fredfloris.eu\/productpage\/vasa-key-wallet\/#breadcrumb\",\"itemListElement\":[{\"@type\":\"ListItem\",\"position\":1,\"name\":\"Home\",\"item\":\"https:\/\/fredfloris.eu\/\"},{\"@type\":\"ListItem\",\"position\":2,\"name\":\"Shop\",\"item\":\"https:\/\/fredfloris.eu\/shop\/\"},{\"@type\":\"ListItem\",\"position\":3,\"name\":\"Vasa &#8211; Key Wallet\"}]},{\"@type\":\"WebSite\",\"@id\":\"https:\/\/fredfloris.eu\/#website\",\"url\":\"https:\/\/fredfloris.eu\/\",\"name\":\"FredFloris\",\"description\":\"Handcrafted Leathergoods - Made in Sweden\",\"publisher\":{\"@id\":\"https:\/\/fredfloris.eu\/#organization\"},\"potentialAction\":[{\"@type\":\"SearchAction\",\"target\":{\"@type\":\"EntryPoint\",\"urlTemplate\":\"https:\/\/fredfloris.eu\/?s={search_term_string}\"},\"query-input\":{\"@type\":\"PropertyValueSpecification\",\"valueRequired\":true,\"valueName\":\"search_term_string\"}}],\"inLanguage\":\"es\"},{\"@type\":\"Organization\",\"@id\":\"https:\/\/fredfloris.eu\/#organization\",\"name\":\"FredFloris\",\"url\":\"https:\/\/fredfloris.eu\/\",\"logo\":{\"@type\":\"ImageObject\",\"inLanguage\":\"es\",\"@id\":\"https:\/\/fredfloris.eu\/#\/schema\/logo\/image\/\",\"url\":\"https:\/\/fredfloris.eu\/wp-content\/uploads\/2022\/03\/FredFloris-med-hel-nal-och-text.png\",\"contentUrl\":\"https:\/\/fredfloris.eu\/wp-content\/uploads\/2022\/03\/FredFloris-med-hel-nal-och-text.png\",\"width\":591,\"height\":283,\"caption\":\"FredFloris\"},\"image\":{\"@id\":\"https:\/\/fredfloris.eu\/#\/schema\/logo\/image\/\"},\"sameAs\":[\"https:\/\/www.facebook.com\/FredFloris.Artisan.Studio\/\",\"https:\/\/x.com\/_fredfloris_\",\"https:\/\/www.instagram.com\/fredfloris.artisan.studio\/\"]}]}<\/script>\n<!-- \/ Yoast SEO plugin. -->","yoast_head_json":{"title":"Cartera de piel para llaves - Hecho a mano en Suecia | FredFloris","description":"Nuestra cartera para llaves de cuero est\u00e1 hecha a mano con cuero europeo de plena flor. La cartera para llaves tiene capacidad para m\u00e1s de 6 llaves. \u00a1Sustituya su llavero!","robots":{"index":"index","follow":"follow","max-snippet":"max-snippet:-1","max-image-preview":"max-image-preview:large","max-video-preview":"max-video-preview:-1"},"canonical":"https:\/\/fredfloris.eu\/es\/productpage\/vasa-key-wallet\/?wmc-currency=EUR","og_locale":"es_ES","og_type":"article","og_title":"Leather Key Wallet - Handmade in Sweden | FredFloris","og_description":"Our leather key wallet is handmade from full-grain European leather. The key wallet can hold over 6 keys. Replace your key chain!","og_url":"https:\/\/fredfloris.eu\/es\/productpage\/vasa-key-wallet\/?wmc-currency=EUR","og_site_name":"FredFloris","article_publisher":"https:\/\/www.facebook.com\/FredFloris.Artisan.Studio\/","article_modified_time":"2025-02-22T13:37:45+00:00","og_image":[{"width":2560,"height":1707,"url":"https:\/\/fredfloris.eu\/wp-content\/uploads\/2022\/05\/IMG_1482-scaled.jpg","type":"image\/jpeg"}],"twitter_card":"summary_large_image","twitter_site":"@_fredfloris_","twitter_misc":{"Tiempo de lectura":"2 minutos"},"schema":{"@context":"https:\/\/schema.org","@graph":[{"@type":"WebPage","@id":"https:\/\/fredfloris.eu\/productpage\/vasa-key-wallet\/","url":"https:\/\/fredfloris.eu\/productpage\/vasa-key-wallet\/","name":"Cartera de piel para llaves - Hecho a mano en Suecia | FredFloris","isPartOf":{"@id":"https:\/\/fredfloris.eu\/#website"},"primaryImageOfPage":{"@id":"https:\/\/fredfloris.eu\/productpage\/vasa-key-wallet\/#primaryimage"},"image":{"@id":"https:\/\/fredfloris.eu\/productpage\/vasa-key-wallet\/#primaryimage"},"thumbnailUrl":"https:\/\/fredfloris.eu\/wp-content\/uploads\/2022\/05\/IMG_1482-scaled.jpg","datePublished":"2022-05-16T15:48:39+00:00","dateModified":"2025-02-22T13:37:45+00:00","description":"Nuestra cartera para llaves de cuero est\u00e1 hecha a mano con cuero europeo de plena flor. La cartera para llaves tiene capacidad para m\u00e1s de 6 llaves. \u00a1Sustituya su llavero!","breadcrumb":{"@id":"https:\/\/fredfloris.eu\/productpage\/vasa-key-wallet\/#breadcrumb"},"inLanguage":"es","potentialAction":[{"@type":"ReadAction","target":["https:\/\/fredfloris.eu\/productpage\/vasa-key-wallet\/"]}]},{"@type":"ImageObject","inLanguage":"es","@id":"https:\/\/fredfloris.eu\/productpage\/vasa-key-wallet\/#primaryimage","url":"https:\/\/fredfloris.eu\/wp-content\/uploads\/2022\/05\/IMG_1482-scaled.jpg","contentUrl":"https:\/\/fredfloris.eu\/wp-content\/uploads\/2022\/05\/IMG_1482-scaled.jpg","width":2560,"height":1707,"caption":"Product: Dickens, Vasa - Key Wallet, Colour: Cognac, Left & Right Handed Options"},{"@type":"BreadcrumbList","@id":"https:\/\/fredfloris.eu\/productpage\/vasa-key-wallet\/#breadcrumb","itemListElement":[{"@type":"ListItem","position":1,"name":"Home","item":"https:\/\/fredfloris.eu\/"},{"@type":"ListItem","position":2,"name":"Shop","item":"https:\/\/fredfloris.eu\/shop\/"},{"@type":"ListItem","position":3,"name":"Vasa &#8211; Key Wallet"}]},{"@type":"WebSite","@id":"https:\/\/fredfloris.eu\/#website","url":"https:\/\/fredfloris.eu\/","name":"FredFloris","description":"Marroquiner\u00eda artesanal - Made in Sweden","publisher":{"@id":"https:\/\/fredfloris.eu\/#organization"},"potentialAction":[{"@type":"SearchAction","target":{"@type":"EntryPoint","urlTemplate":"https:\/\/fredfloris.eu\/?s={search_term_string}"},"query-input":{"@type":"PropertyValueSpecification","valueRequired":true,"valueName":"search_term_string"}}],"inLanguage":"es"},{"@type":"Organization","@id":"https:\/\/fredfloris.eu\/#organization","name":"FredFloris","url":"https:\/\/fredfloris.eu\/","logo":{"@type":"ImageObject","inLanguage":"es","@id":"https:\/\/fredfloris.eu\/#\/schema\/logo\/image\/","url":"https:\/\/fredfloris.eu\/wp-content\/uploads\/2022\/03\/FredFloris-med-hel-nal-och-text.png","contentUrl":"https:\/\/fredfloris.eu\/wp-content\/uploads\/2022\/03\/FredFloris-med-hel-nal-och-text.png","width":591,"height":283,"caption":"FredFloris"},"image":{"@id":"https:\/\/fredfloris.eu\/#\/schema\/logo\/image\/"},"sameAs":["https:\/\/www.facebook.com\/FredFloris.Artisan.Studio\/","https:\/\/x.com\/_fredfloris_","https:\/\/www.instagram.com\/fredfloris.artisan.studio\/"]}]}},"brands":[{"id":203,"name":"FredFloris","slug":"fredfloris"}],"_links":{"self":[{"href":"https:\/\/fredfloris.eu\/es\/wp-json\/wp\/v2\/product\/5158","targetHints":{"allow":["GET"]}}],"collection":[{"href":"https:\/\/fredfloris.eu\/es\/wp-json\/wp\/v2\/product"}],"about":[{"href":"https:\/\/fredfloris.eu\/es\/wp-json\/wp\/v2\/types\/product"}],"version-history":[{"count":18,"href":"https:\/\/fredfloris.eu\/es\/wp-json\/wp\/v2\/product\/5158\/revisions"}],"predecessor-version":[{"id":11544,"href":"https:\/\/fredfloris.eu\/es\/wp-json\/wp\/v2\/product\/5158\/revisions\/11544"}],"wp:featuredmedia":[{"embeddable":true,"href":"https:\/\/fredfloris.eu\/es\/wp-json\/wp\/v2\/media\/9758"}],"wp:attachment":[{"href":"https:\/\/fredfloris.eu\/es\/wp-json\/wp\/v2\/media?parent=5158"}],"wp:term":[{"taxonomy":"pwb-brand","embeddable":true,"href":"https:\/\/fredfloris.eu\/es\/wp-json\/wp\/v2\/pwb-brand?post=5158"},{"taxonomy":"product_brand","embeddable":true,"href":"https:\/\/fredfloris.eu\/es\/wp-json\/wp\/v2\/product_brand?post=5158"},{"taxonomy":"product_cat","embeddable":true,"href":"https:\/\/fredfloris.eu\/es\/wp-json\/wp\/v2\/product_cat?post=5158"},{"taxonomy":"product_tag","embeddable":true,"href":"https:\/\/fredfloris.eu\/es\/wp-json\/wp\/v2\/product_tag?post=5158"},{"taxonomy":"woo-feed-brand","embeddable":true,"href":"https:\/\/fredfloris.eu\/es\/wp-json\/wp\/v2\/woo-feed-brand?post=5158"}],"curies":[{"name":"wp","href":"https:\/\/api.w.org\/{rel}","templated":true}]}}