{"id":5185,"date":"2022-05-16T19:18:45","date_gmt":"2022-05-16T17:18:45","guid":{"rendered":"https:\/\/fredfloris.eu\/?post_type=product&#038;p=5185"},"modified":"2024-06-24T21:08:18","modified_gmt":"2024-06-24T19:08:18","slug":"ws-pocket-card-wallets","status":"publish","type":"product","link":"https:\/\/fredfloris.eu\/es\/productpage\/ws-pocket-card-wallets\/","title":{"rendered":"Wayfaring Stranger - Carteras para tarjetas"},"content":{"rendered":"<p><strong>Personalizaci\u00f3n:<\/strong> A\u00f1ade un nombre, imagen o mensaje sin coste adicional. Para personalizarlo con tu propio dise\u00f1o, solo tienes que a\u00f1adir a la cesta el producto y el dise\u00f1o que hayas elegido.<\/p>\n<p><a class=\"lumise-customize-button button alt\" href=\"https:\/\/fredfloris.eu\/es\/productpage\/customize-wayfaring-stranger-pocket-card-wallets\/?wmc-currency=EUR\" name=\"customize\">Personalice<\/a><\/p>\n<p><strong>Descubra la Wayfaring Stranger, una cartera dise\u00f1ada para el individuo din\u00e1mico.<\/strong> Esta cartera aloja c\u00f3modamente hasta 10 tarjetas y billetes doblados, lo que la hace perfecta para quienes est\u00e1n siempre en movimiento. Incorpora una pr\u00e1ctica solapa para acceder r\u00e1pidamente a sus objetos esenciales, dise\u00f1ada pensando en la eficacia. Con el tiempo, la piel de plena flor de curtido vegetal pasa de ser un mero accesorio a un amigo familiar, enriqueciendo su car\u00e1cter con cada uso.<\/p>\n<p><strong>Especificaciones del producto:<\/strong><\/p>\n<ul>\n<li><strong>Fabricado totalmente a mano en nuestro estudio familiar de arte en piel<\/strong><\/li>\n<li><strong>Capacidad:<\/strong> Capacidad para m\u00e1s de 10 tarjetas m\u00e1s billetes doblados<\/li>\n<li><strong>Dise\u00f1o de f\u00e1cil acceso:<\/strong> La solapa permite acceder a las tarjetas sin esfuerzo<\/li>\n<li><strong>Opciones de personalizaci\u00f3n:<\/strong> Disponible con grabado personalizado del nombre<\/li>\n<li><strong>Colores:<\/strong> Elija entre Cognac oscuro, amarillo oscuro, azul-verde<\/li>\n<li><strong>Material:<\/strong> Cuero de plena flor, curtido vegetal en Italia con la antigua receta toscana de la Vacchetta<\/li>\n<li><strong>Costura:<\/strong> Pespunte tradicional de guarnicionero, cosido a mano<\/li>\n<li><strong>Hilo:<\/strong> Tigre Ritza 25, conocido por su resistencia y calidad<\/li>\n<li><strong>Dimensiones:<\/strong> Anchura: ~75 mm, Altura: ~110 mm cuando est\u00e1 cerrada<\/li>\n<li><strong>Caracter\u00edstica de seguridad:<\/strong> Incluye un <a href=\"https:\/\/fredfloris.eu\/es\/productpage\/nfc-card-rfid-blocking\/?wmc-currency=EUR\" rel=\"noopener\">tarjeta antideslizante<\/a><\/li>\n<\/ul>","protected":false},"excerpt":{"rendered":"<p>La piel para confeccionar esta esbelta cartera de cuero procede de la curtidur\u00eda italiana Badalassi Carlo, que forma parte del consorcio internacionalmente reconocido Pelle Conciata al Vegetale.<\/p>\n<pre><\/pre>\n<p>Creada a partir de una piel de plena flor de curtido vegetal, las piezas se cortan de la piel y las tres partes se cosen con hilo de poli\u00e9ster encerado de alta calidad utilizando una t\u00e9cnica de cosido tradicional de guarnicionero. Este m\u00e9todo de cosido garantiza la durabilidad de la cartera, especialmente bajo grandes esfuerzos y tensiones. Los bordes se redondean, se lijan y despu\u00e9s se colorean a mano utilizando varias capas de pintura para bordes. El borde se pinta con gran precisi\u00f3n para garantizar la conservaci\u00f3n del grano del cuero.<\/p>","protected":false},"featured_media":3329,"template":"","meta":[],"pwb-brand":[203],"product_brand":[],"product_cat":[100,104],"product_tag":[123,136,105],"woo-feed-brand":[],"class_list":{"0":"post-5185","1":"product","2":"type-product","3":"status-publish","4":"has-post-thumbnail","6":"pwb-brand-fredfloris","7":"product_cat-leathergoods","8":"product_cat-wallets","9":"product_tag-full-grain-leather","10":"product_tag-handmade","11":"product_tag-made-to-order","12":"product_shipping_class-small-goods","13":"pa_leather-colour-petrol-waxed","14":"pa_leather-colour-dark-cognac-waxed","15":"pa_leather-colour-mustard-waxed","17":"first","18":"instock","19":"taxable","20":"shipping-taxable","21":"purchasable","22":"product-type-variable","23":"has-default-attributes"},"yoast_head":"<!-- This site is optimized with the Yoast SEO plugin v27.2 - https:\/\/yoast.com\/product\/yoast-seo-wordpress\/ -->\n<title>Slim Leather Credit Card Wallet, Handmade in Sweden | FredFloris<\/title>\n<meta name=\"description\" content=\"Our small leather wallet is created from premium materials and is 100% handmade. Free RFID card with every slim leather credit card wallet\" \/>\n<meta name=\"robots\" content=\"index, follow, max-snippet:-1, max-image-preview:large, max-video-preview:-1\" \/>\n<link rel=\"canonical\" href=\"https:\/\/fredfloris.eu\/es\/productpage\/ws-pocket-card-wallets\/?wmc-currency=EUR\" \/>\n<meta property=\"og:locale\" content=\"es_ES\" \/>\n<meta property=\"og:type\" content=\"article\" \/>\n<meta property=\"og:title\" content=\"Slim Leather Credit Card Wallet, Handmade in Sweden | FredFloris\" \/>\n<meta property=\"og:description\" content=\"Our small leather wallet is created from premium materials and is 100% handmade. Free RFID card with every slim leather credit card wallet\" \/>\n<meta property=\"og:url\" content=\"https:\/\/fredfloris.eu\/es\/productpage\/ws-pocket-card-wallets\/?wmc-currency=EUR\" \/>\n<meta property=\"og:site_name\" content=\"FredFloris\" \/>\n<meta property=\"article:publisher\" content=\"https:\/\/www.facebook.com\/FredFloris.Artisan.Studio\/\" \/>\n<meta property=\"article:modified_time\" content=\"2024-06-24T19:08:18+00:00\" \/>\n<meta property=\"og:image\" content=\"https:\/\/fredfloris.eu\/wp-content\/uploads\/2022\/04\/IMG_1635-scaled.jpg\" \/>\n\t<meta property=\"og:image:width\" content=\"2560\" \/>\n\t<meta property=\"og:image:height\" content=\"1707\" \/>\n\t<meta property=\"og:image:type\" content=\"image\/jpeg\" \/>\n<meta name=\"twitter:card\" content=\"summary_large_image\" \/>\n<meta name=\"twitter:site\" content=\"@_fredfloris_\" \/>\n<meta name=\"twitter:label1\" content=\"Tiempo de lectura\" \/>\n\t<meta name=\"twitter:data1\" content=\"2 minutos\" \/>\n<script type=\"application\/ld+json\" class=\"yoast-schema-graph\">{\"@context\":\"https:\/\/schema.org\",\"@graph\":[{\"@type\":\"WebPage\",\"@id\":\"https:\/\/fredfloris.eu\/productpage\/ws-pocket-card-wallets\/\",\"url\":\"https:\/\/fredfloris.eu\/productpage\/ws-pocket-card-wallets\/\",\"name\":\"Slim Leather Credit Card Wallet, Handmade in Sweden | FredFloris\",\"isPartOf\":{\"@id\":\"https:\/\/fredfloris.eu\/#website\"},\"primaryImageOfPage\":{\"@id\":\"https:\/\/fredfloris.eu\/productpage\/ws-pocket-card-wallets\/#primaryimage\"},\"image\":{\"@id\":\"https:\/\/fredfloris.eu\/productpage\/ws-pocket-card-wallets\/#primaryimage\"},\"thumbnailUrl\":\"https:\/\/fredfloris.eu\/wp-content\/uploads\/2022\/04\/IMG_1635-scaled.jpg\",\"datePublished\":\"2022-05-16T17:18:45+00:00\",\"dateModified\":\"2024-06-24T19:08:18+00:00\",\"description\":\"Our small leather wallet is created from premium materials and is 100% handmade. Free RFID card with every slim leather credit card wallet\",\"breadcrumb\":{\"@id\":\"https:\/\/fredfloris.eu\/productpage\/ws-pocket-card-wallets\/#breadcrumb\"},\"inLanguage\":\"es\",\"potentialAction\":[{\"@type\":\"ReadAction\",\"target\":[\"https:\/\/fredfloris.eu\/productpage\/ws-pocket-card-wallets\/\"]}]},{\"@type\":\"ImageObject\",\"inLanguage\":\"es\",\"@id\":\"https:\/\/fredfloris.eu\/productpage\/ws-pocket-card-wallets\/#primaryimage\",\"url\":\"https:\/\/fredfloris.eu\/wp-content\/uploads\/2022\/04\/IMG_1635-scaled.jpg\",\"contentUrl\":\"https:\/\/fredfloris.eu\/wp-content\/uploads\/2022\/04\/IMG_1635-scaled.jpg\",\"width\":2560,\"height\":1707,\"caption\":\"Product: Wayfaring Stranger - Pocket Card Wallets \u2013 Colour: Dark Yellow, Dark Cognac and Blue-Green, Thread Colour: Black\"},{\"@type\":\"BreadcrumbList\",\"@id\":\"https:\/\/fredfloris.eu\/productpage\/ws-pocket-card-wallets\/#breadcrumb\",\"itemListElement\":[{\"@type\":\"ListItem\",\"position\":1,\"name\":\"Home\",\"item\":\"https:\/\/fredfloris.eu\/\"},{\"@type\":\"ListItem\",\"position\":2,\"name\":\"Shop\",\"item\":\"https:\/\/fredfloris.eu\/shop\/\"},{\"@type\":\"ListItem\",\"position\":3,\"name\":\"Wayfaring Stranger &#8211; Card Wallets\"}]},{\"@type\":\"WebSite\",\"@id\":\"https:\/\/fredfloris.eu\/#website\",\"url\":\"https:\/\/fredfloris.eu\/\",\"name\":\"FredFloris\",\"description\":\"Handcrafted Leathergoods - Made in Sweden\",\"publisher\":{\"@id\":\"https:\/\/fredfloris.eu\/#organization\"},\"potentialAction\":[{\"@type\":\"SearchAction\",\"target\":{\"@type\":\"EntryPoint\",\"urlTemplate\":\"https:\/\/fredfloris.eu\/?s={search_term_string}\"},\"query-input\":{\"@type\":\"PropertyValueSpecification\",\"valueRequired\":true,\"valueName\":\"search_term_string\"}}],\"inLanguage\":\"es\"},{\"@type\":\"Organization\",\"@id\":\"https:\/\/fredfloris.eu\/#organization\",\"name\":\"FredFloris\",\"url\":\"https:\/\/fredfloris.eu\/\",\"logo\":{\"@type\":\"ImageObject\",\"inLanguage\":\"es\",\"@id\":\"https:\/\/fredfloris.eu\/#\/schema\/logo\/image\/\",\"url\":\"https:\/\/fredfloris.eu\/wp-content\/uploads\/2022\/03\/FredFloris-med-hel-nal-och-text.png\",\"contentUrl\":\"https:\/\/fredfloris.eu\/wp-content\/uploads\/2022\/03\/FredFloris-med-hel-nal-och-text.png\",\"width\":591,\"height\":283,\"caption\":\"FredFloris\"},\"image\":{\"@id\":\"https:\/\/fredfloris.eu\/#\/schema\/logo\/image\/\"},\"sameAs\":[\"https:\/\/www.facebook.com\/FredFloris.Artisan.Studio\/\",\"https:\/\/x.com\/_fredfloris_\",\"https:\/\/www.instagram.com\/fredfloris.artisan.studio\/\"]}]}<\/script>\n<!-- \/ Yoast SEO plugin. -->","yoast_head_json":{"title":"Cartera fina de piel para tarjetas de cr\u00e9dito, hecha a mano en Suecia | FredFloris","description":"Nuestra peque\u00f1a cartera de piel est\u00e1 creada con materiales de primera calidad y est\u00e1 100% hecha a mano. Tarjeta RFID gratuita con cada billetera peque\u00f1a de piel para tarjetas de cr\u00e9dito","robots":{"index":"index","follow":"follow","max-snippet":"max-snippet:-1","max-image-preview":"max-image-preview:large","max-video-preview":"max-video-preview:-1"},"canonical":"https:\/\/fredfloris.eu\/es\/productpage\/ws-pocket-card-wallets\/?wmc-currency=EUR","og_locale":"es_ES","og_type":"article","og_title":"Slim Leather Credit Card Wallet, Handmade in Sweden | FredFloris","og_description":"Our small leather wallet is created from premium materials and is 100% handmade. Free RFID card with every slim leather credit card wallet","og_url":"https:\/\/fredfloris.eu\/es\/productpage\/ws-pocket-card-wallets\/?wmc-currency=EUR","og_site_name":"FredFloris","article_publisher":"https:\/\/www.facebook.com\/FredFloris.Artisan.Studio\/","article_modified_time":"2024-06-24T19:08:18+00:00","og_image":[{"width":2560,"height":1707,"url":"https:\/\/fredfloris.eu\/wp-content\/uploads\/2022\/04\/IMG_1635-scaled.jpg","type":"image\/jpeg"}],"twitter_card":"summary_large_image","twitter_site":"@_fredfloris_","twitter_misc":{"Tiempo de lectura":"2 minutos"},"schema":{"@context":"https:\/\/schema.org","@graph":[{"@type":"WebPage","@id":"https:\/\/fredfloris.eu\/productpage\/ws-pocket-card-wallets\/","url":"https:\/\/fredfloris.eu\/productpage\/ws-pocket-card-wallets\/","name":"Cartera fina de piel para tarjetas de cr\u00e9dito, hecha a mano en Suecia | FredFloris","isPartOf":{"@id":"https:\/\/fredfloris.eu\/#website"},"primaryImageOfPage":{"@id":"https:\/\/fredfloris.eu\/productpage\/ws-pocket-card-wallets\/#primaryimage"},"image":{"@id":"https:\/\/fredfloris.eu\/productpage\/ws-pocket-card-wallets\/#primaryimage"},"thumbnailUrl":"https:\/\/fredfloris.eu\/wp-content\/uploads\/2022\/04\/IMG_1635-scaled.jpg","datePublished":"2022-05-16T17:18:45+00:00","dateModified":"2024-06-24T19:08:18+00:00","description":"Nuestra peque\u00f1a cartera de piel est\u00e1 creada con materiales de primera calidad y est\u00e1 100% hecha a mano. Tarjeta RFID gratuita con cada billetera peque\u00f1a de piel para tarjetas de cr\u00e9dito","breadcrumb":{"@id":"https:\/\/fredfloris.eu\/productpage\/ws-pocket-card-wallets\/#breadcrumb"},"inLanguage":"es","potentialAction":[{"@type":"ReadAction","target":["https:\/\/fredfloris.eu\/productpage\/ws-pocket-card-wallets\/"]}]},{"@type":"ImageObject","inLanguage":"es","@id":"https:\/\/fredfloris.eu\/productpage\/ws-pocket-card-wallets\/#primaryimage","url":"https:\/\/fredfloris.eu\/wp-content\/uploads\/2022\/04\/IMG_1635-scaled.jpg","contentUrl":"https:\/\/fredfloris.eu\/wp-content\/uploads\/2022\/04\/IMG_1635-scaled.jpg","width":2560,"height":1707,"caption":"Product: Wayfaring Stranger - Pocket Card Wallets \u2013 Colour: Dark Yellow, Dark Cognac and Blue-Green, Thread Colour: Black"},{"@type":"BreadcrumbList","@id":"https:\/\/fredfloris.eu\/productpage\/ws-pocket-card-wallets\/#breadcrumb","itemListElement":[{"@type":"ListItem","position":1,"name":"Home","item":"https:\/\/fredfloris.eu\/"},{"@type":"ListItem","position":2,"name":"Shop","item":"https:\/\/fredfloris.eu\/shop\/"},{"@type":"ListItem","position":3,"name":"Wayfaring Stranger &#8211; Card Wallets"}]},{"@type":"WebSite","@id":"https:\/\/fredfloris.eu\/#website","url":"https:\/\/fredfloris.eu\/","name":"FredFloris","description":"Marroquiner\u00eda artesanal - Made in Sweden","publisher":{"@id":"https:\/\/fredfloris.eu\/#organization"},"potentialAction":[{"@type":"SearchAction","target":{"@type":"EntryPoint","urlTemplate":"https:\/\/fredfloris.eu\/?s={search_term_string}"},"query-input":{"@type":"PropertyValueSpecification","valueRequired":true,"valueName":"search_term_string"}}],"inLanguage":"es"},{"@type":"Organization","@id":"https:\/\/fredfloris.eu\/#organization","name":"FredFloris","url":"https:\/\/fredfloris.eu\/","logo":{"@type":"ImageObject","inLanguage":"es","@id":"https:\/\/fredfloris.eu\/#\/schema\/logo\/image\/","url":"https:\/\/fredfloris.eu\/wp-content\/uploads\/2022\/03\/FredFloris-med-hel-nal-och-text.png","contentUrl":"https:\/\/fredfloris.eu\/wp-content\/uploads\/2022\/03\/FredFloris-med-hel-nal-och-text.png","width":591,"height":283,"caption":"FredFloris"},"image":{"@id":"https:\/\/fredfloris.eu\/#\/schema\/logo\/image\/"},"sameAs":["https:\/\/www.facebook.com\/FredFloris.Artisan.Studio\/","https:\/\/x.com\/_fredfloris_","https:\/\/www.instagram.com\/fredfloris.artisan.studio\/"]}]}},"brands":[{"id":203,"name":"FredFloris","slug":"fredfloris"}],"_links":{"self":[{"href":"https:\/\/fredfloris.eu\/es\/wp-json\/wp\/v2\/product\/5185","targetHints":{"allow":["GET"]}}],"collection":[{"href":"https:\/\/fredfloris.eu\/es\/wp-json\/wp\/v2\/product"}],"about":[{"href":"https:\/\/fredfloris.eu\/es\/wp-json\/wp\/v2\/types\/product"}],"version-history":[{"count":14,"href":"https:\/\/fredfloris.eu\/es\/wp-json\/wp\/v2\/product\/5185\/revisions"}],"predecessor-version":[{"id":11542,"href":"https:\/\/fredfloris.eu\/es\/wp-json\/wp\/v2\/product\/5185\/revisions\/11542"}],"wp:featuredmedia":[{"embeddable":true,"href":"https:\/\/fredfloris.eu\/es\/wp-json\/wp\/v2\/media\/3329"}],"wp:attachment":[{"href":"https:\/\/fredfloris.eu\/es\/wp-json\/wp\/v2\/media?parent=5185"}],"wp:term":[{"taxonomy":"pwb-brand","embeddable":true,"href":"https:\/\/fredfloris.eu\/es\/wp-json\/wp\/v2\/pwb-brand?post=5185"},{"taxonomy":"product_brand","embeddable":true,"href":"https:\/\/fredfloris.eu\/es\/wp-json\/wp\/v2\/product_brand?post=5185"},{"taxonomy":"product_cat","embeddable":true,"href":"https:\/\/fredfloris.eu\/es\/wp-json\/wp\/v2\/product_cat?post=5185"},{"taxonomy":"product_tag","embeddable":true,"href":"https:\/\/fredfloris.eu\/es\/wp-json\/wp\/v2\/product_tag?post=5185"},{"taxonomy":"woo-feed-brand","embeddable":true,"href":"https:\/\/fredfloris.eu\/es\/wp-json\/wp\/v2\/woo-feed-brand?post=5185"}],"curies":[{"name":"wp","href":"https:\/\/api.w.org\/{rel}","templated":true}]}}