{"id":5210,"date":"2022-05-16T20:25:45","date_gmt":"2022-05-16T18:25:45","guid":{"rendered":"https:\/\/fredfloris.eu\/?post_type=product&#038;p=5210"},"modified":"2024-06-24T22:09:15","modified_gmt":"2024-06-24T20:09:15","slug":"address-notes","status":"publish","type":"product","link":"https:\/\/fredfloris.eu\/es\/productpage\/address-notes\/","title":{"rendered":"Etiqueta de direcci\u00f3n para etiquetas de viaje"},"content":{"rendered":"<p><strong>Aseg\u00farese de que su equipaje siempre encuentra el camino de vuelta a usted con nuestras elegantes etiquetas de direcci\u00f3n personalizadas.<\/strong>\u00a0Incluido con cada <a href=\"https:\/\/fredfloris.eu\/es\/productpage\/hl-travel-tags\/?wmc-currency=EUR\">Etiqueta de viaje<\/a> compra es un grabado l\u00e1ser personalizado gratuito (el descuento se aplicar\u00e1 autom\u00e1ticamente en su cesta).<\/p>\n<p><strong>Descubra c\u00f3mo personalizar:<\/strong> \u00a0<a href=\"https:\/\/fredfloris.eu\/es\/personalize-guide\/?wmc-currency=EUR\">Lea nuestra gu\u00eda sobre c\u00f3mo personalizar este producto.<\/a><\/p>\n<p><strong>Materiales de primera calidad:<\/strong> Nuestras etiquetas de direcciones est\u00e1n fabricadas con piel de becerro de plena flor de curtido vegetal. La piel procede de Italia, lo que garantiza una calidad superior que resiste los rigores de los viajes.<\/p>\n<p><strong>Especificaciones del producto:<\/strong><\/p>\n<ul>\n<li><strong>Fabricado totalmente a mano en nuestro estudio familiar de arte en piel<\/strong><\/li>\n<li><strong>Grabado l\u00e1ser personalizado:<\/strong> A\u00f1ada su toque personal con un grabado personalizado, haciendo que su etiqueta de viaje sea exclusivamente suya<\/li>\n<li><strong>Piel de alta calidad:<\/strong> Fabricada en piel de becerro de plena flor de curtido vegetal para un aspecto sofisticado y durabilidad<\/li>\n<\/ul>\n<p>&nbsp;<\/p>","protected":false},"excerpt":{"rendered":"<p>Esta piel con acabado de anilina es suministrada por Mapel en colaboraci\u00f3n con las empresas del distrito curtidor de la Toscana, curtida seg\u00fan la antigua receta toscana de la Vacchetta.<\/p>","protected":false},"featured_media":5206,"template":"","meta":[],"pwb-brand":[203],"product_brand":[],"product_cat":[157,100,103],"product_tag":[123,136,146,105],"woo-feed-brand":[],"class_list":{"0":"post-5210","1":"product","2":"type-product","3":"status-publish","4":"has-post-thumbnail","6":"pwb-brand-fredfloris","7":"product_cat-address-notes","8":"product_cat-leathergoods","9":"product_cat-travel-tags","10":"product_tag-full-grain-leather","11":"product_tag-handmade","12":"product_tag-laser-engraving","13":"product_tag-made-to-order","14":"product_shipping_class-small-goods","15":"pa_leather-colour-natural","17":"first","18":"instock","19":"taxable","20":"shipping-taxable","21":"purchasable","22":"product-type-simple"},"yoast_head":"<!-- This site is optimized with the Yoast SEO plugin v27.2 - https:\/\/yoast.com\/product\/yoast-seo-wordpress\/ -->\n<title>Personalised Address Label for FredFloris Travel Tags | FredFloris<\/title>\n<meta name=\"description\" content=\"Choose words and style of the personalised laser engraving on the address label, perfectly fits our travel tags.\" \/>\n<meta name=\"robots\" content=\"index, follow, max-snippet:-1, max-image-preview:large, max-video-preview:-1\" \/>\n<link rel=\"canonical\" href=\"https:\/\/fredfloris.eu\/es\/productpage\/address-notes\/?wmc-currency=EUR\" \/>\n<meta property=\"og:locale\" content=\"es_ES\" \/>\n<meta property=\"og:type\" content=\"article\" \/>\n<meta property=\"og:title\" content=\"Personalised Address Label for FredFloris Travel Tags | FredFloris\" \/>\n<meta property=\"og:description\" content=\"Choose words and style of the personalised laser engraving on the address label, perfectly fits our travel tags.\" \/>\n<meta property=\"og:url\" content=\"https:\/\/fredfloris.eu\/es\/productpage\/address-notes\/?wmc-currency=EUR\" \/>\n<meta property=\"og:site_name\" content=\"FredFloris\" \/>\n<meta property=\"article:publisher\" content=\"https:\/\/www.facebook.com\/FredFloris.Artisan.Studio\/\" \/>\n<meta property=\"article:modified_time\" content=\"2024-06-24T20:09:15+00:00\" \/>\n<meta property=\"og:image\" content=\"https:\/\/fredfloris.eu\/wp-content\/uploads\/2022\/05\/IMG_2710-1-scaled.jpg\" \/>\n\t<meta property=\"og:image:width\" content=\"2560\" \/>\n\t<meta property=\"og:image:height\" content=\"1707\" \/>\n\t<meta property=\"og:image:type\" content=\"image\/jpeg\" \/>\n<meta name=\"twitter:card\" content=\"summary_large_image\" \/>\n<meta name=\"twitter:site\" content=\"@_fredfloris_\" \/>\n<meta name=\"twitter:label1\" content=\"Tiempo de lectura\" \/>\n\t<meta name=\"twitter:data1\" content=\"1 minuto\" \/>\n<script type=\"application\/ld+json\" class=\"yoast-schema-graph\">{\"@context\":\"https:\/\/schema.org\",\"@graph\":[{\"@type\":\"WebPage\",\"@id\":\"https:\/\/fredfloris.eu\/productpage\/address-notes\/\",\"url\":\"https:\/\/fredfloris.eu\/productpage\/address-notes\/\",\"name\":\"Personalised Address Label for FredFloris Travel Tags | FredFloris\",\"isPartOf\":{\"@id\":\"https:\/\/fredfloris.eu\/#website\"},\"primaryImageOfPage\":{\"@id\":\"https:\/\/fredfloris.eu\/productpage\/address-notes\/#primaryimage\"},\"image\":{\"@id\":\"https:\/\/fredfloris.eu\/productpage\/address-notes\/#primaryimage\"},\"thumbnailUrl\":\"https:\/\/fredfloris.eu\/wp-content\/uploads\/2022\/05\/IMG_2710-1-scaled.jpg\",\"datePublished\":\"2022-05-16T18:25:45+00:00\",\"dateModified\":\"2024-06-24T20:09:15+00:00\",\"description\":\"Choose words and style of the personalised laser engraving on the address label, perfectly fits our travel tags.\",\"breadcrumb\":{\"@id\":\"https:\/\/fredfloris.eu\/productpage\/address-notes\/#breadcrumb\"},\"inLanguage\":\"es\",\"potentialAction\":[{\"@type\":\"ReadAction\",\"target\":[\"https:\/\/fredfloris.eu\/productpage\/address-notes\/\"]}]},{\"@type\":\"ImageObject\",\"inLanguage\":\"es\",\"@id\":\"https:\/\/fredfloris.eu\/productpage\/address-notes\/#primaryimage\",\"url\":\"https:\/\/fredfloris.eu\/wp-content\/uploads\/2022\/05\/IMG_2710-1-scaled.jpg\",\"contentUrl\":\"https:\/\/fredfloris.eu\/wp-content\/uploads\/2022\/05\/IMG_2710-1-scaled.jpg\",\"width\":2560,\"height\":1707,\"caption\":\"Product: Address Label for Travel Tags, Laser Engraving Available, Colour: Natural\"},{\"@type\":\"BreadcrumbList\",\"@id\":\"https:\/\/fredfloris.eu\/productpage\/address-notes\/#breadcrumb\",\"itemListElement\":[{\"@type\":\"ListItem\",\"position\":1,\"name\":\"Home\",\"item\":\"https:\/\/fredfloris.eu\/\"},{\"@type\":\"ListItem\",\"position\":2,\"name\":\"Shop\",\"item\":\"https:\/\/fredfloris.eu\/shop\/\"},{\"@type\":\"ListItem\",\"position\":3,\"name\":\"Address Label for Travel Tags\"}]},{\"@type\":\"WebSite\",\"@id\":\"https:\/\/fredfloris.eu\/#website\",\"url\":\"https:\/\/fredfloris.eu\/\",\"name\":\"FredFloris\",\"description\":\"Handcrafted Leathergoods - Made in Sweden\",\"publisher\":{\"@id\":\"https:\/\/fredfloris.eu\/#organization\"},\"potentialAction\":[{\"@type\":\"SearchAction\",\"target\":{\"@type\":\"EntryPoint\",\"urlTemplate\":\"https:\/\/fredfloris.eu\/?s={search_term_string}\"},\"query-input\":{\"@type\":\"PropertyValueSpecification\",\"valueRequired\":true,\"valueName\":\"search_term_string\"}}],\"inLanguage\":\"es\"},{\"@type\":\"Organization\",\"@id\":\"https:\/\/fredfloris.eu\/#organization\",\"name\":\"FredFloris\",\"url\":\"https:\/\/fredfloris.eu\/\",\"logo\":{\"@type\":\"ImageObject\",\"inLanguage\":\"es\",\"@id\":\"https:\/\/fredfloris.eu\/#\/schema\/logo\/image\/\",\"url\":\"https:\/\/fredfloris.eu\/wp-content\/uploads\/2022\/03\/FredFloris-med-hel-nal-och-text.png\",\"contentUrl\":\"https:\/\/fredfloris.eu\/wp-content\/uploads\/2022\/03\/FredFloris-med-hel-nal-och-text.png\",\"width\":591,\"height\":283,\"caption\":\"FredFloris\"},\"image\":{\"@id\":\"https:\/\/fredfloris.eu\/#\/schema\/logo\/image\/\"},\"sameAs\":[\"https:\/\/www.facebook.com\/FredFloris.Artisan.Studio\/\",\"https:\/\/x.com\/_fredfloris_\",\"https:\/\/www.instagram.com\/fredfloris.artisan.studio\/\"]}]}<\/script>\n<!-- \/ Yoast SEO plugin. -->","yoast_head_json":{"title":"Etiqueta de direcci\u00f3n personalizada para etiquetas de viaje FredFloris | FredFloris","description":"Elija las palabras y el estilo del grabado l\u00e1ser personalizado en la etiqueta de direcci\u00f3n, se adapta perfectamente a nuestras etiquetas de viaje.","robots":{"index":"index","follow":"follow","max-snippet":"max-snippet:-1","max-image-preview":"max-image-preview:large","max-video-preview":"max-video-preview:-1"},"canonical":"https:\/\/fredfloris.eu\/es\/productpage\/address-notes\/?wmc-currency=EUR","og_locale":"es_ES","og_type":"article","og_title":"Personalised Address Label for FredFloris Travel Tags | FredFloris","og_description":"Choose words and style of the personalised laser engraving on the address label, perfectly fits our travel tags.","og_url":"https:\/\/fredfloris.eu\/es\/productpage\/address-notes\/?wmc-currency=EUR","og_site_name":"FredFloris","article_publisher":"https:\/\/www.facebook.com\/FredFloris.Artisan.Studio\/","article_modified_time":"2024-06-24T20:09:15+00:00","og_image":[{"width":2560,"height":1707,"url":"https:\/\/fredfloris.eu\/wp-content\/uploads\/2022\/05\/IMG_2710-1-scaled.jpg","type":"image\/jpeg"}],"twitter_card":"summary_large_image","twitter_site":"@_fredfloris_","twitter_misc":{"Tiempo de lectura":"1 minuto"},"schema":{"@context":"https:\/\/schema.org","@graph":[{"@type":"WebPage","@id":"https:\/\/fredfloris.eu\/productpage\/address-notes\/","url":"https:\/\/fredfloris.eu\/productpage\/address-notes\/","name":"Etiqueta de direcci\u00f3n personalizada para etiquetas de viaje FredFloris | FredFloris","isPartOf":{"@id":"https:\/\/fredfloris.eu\/#website"},"primaryImageOfPage":{"@id":"https:\/\/fredfloris.eu\/productpage\/address-notes\/#primaryimage"},"image":{"@id":"https:\/\/fredfloris.eu\/productpage\/address-notes\/#primaryimage"},"thumbnailUrl":"https:\/\/fredfloris.eu\/wp-content\/uploads\/2022\/05\/IMG_2710-1-scaled.jpg","datePublished":"2022-05-16T18:25:45+00:00","dateModified":"2024-06-24T20:09:15+00:00","description":"Elija las palabras y el estilo del grabado l\u00e1ser personalizado en la etiqueta de direcci\u00f3n, se adapta perfectamente a nuestras etiquetas de viaje.","breadcrumb":{"@id":"https:\/\/fredfloris.eu\/productpage\/address-notes\/#breadcrumb"},"inLanguage":"es","potentialAction":[{"@type":"ReadAction","target":["https:\/\/fredfloris.eu\/productpage\/address-notes\/"]}]},{"@type":"ImageObject","inLanguage":"es","@id":"https:\/\/fredfloris.eu\/productpage\/address-notes\/#primaryimage","url":"https:\/\/fredfloris.eu\/wp-content\/uploads\/2022\/05\/IMG_2710-1-scaled.jpg","contentUrl":"https:\/\/fredfloris.eu\/wp-content\/uploads\/2022\/05\/IMG_2710-1-scaled.jpg","width":2560,"height":1707,"caption":"Product: Address Label for Travel Tags, Laser Engraving Available, Colour: Natural"},{"@type":"BreadcrumbList","@id":"https:\/\/fredfloris.eu\/productpage\/address-notes\/#breadcrumb","itemListElement":[{"@type":"ListItem","position":1,"name":"Home","item":"https:\/\/fredfloris.eu\/"},{"@type":"ListItem","position":2,"name":"Shop","item":"https:\/\/fredfloris.eu\/shop\/"},{"@type":"ListItem","position":3,"name":"Address Label for Travel Tags"}]},{"@type":"WebSite","@id":"https:\/\/fredfloris.eu\/#website","url":"https:\/\/fredfloris.eu\/","name":"FredFloris","description":"Marroquiner\u00eda artesanal - Made in Sweden","publisher":{"@id":"https:\/\/fredfloris.eu\/#organization"},"potentialAction":[{"@type":"SearchAction","target":{"@type":"EntryPoint","urlTemplate":"https:\/\/fredfloris.eu\/?s={search_term_string}"},"query-input":{"@type":"PropertyValueSpecification","valueRequired":true,"valueName":"search_term_string"}}],"inLanguage":"es"},{"@type":"Organization","@id":"https:\/\/fredfloris.eu\/#organization","name":"FredFloris","url":"https:\/\/fredfloris.eu\/","logo":{"@type":"ImageObject","inLanguage":"es","@id":"https:\/\/fredfloris.eu\/#\/schema\/logo\/image\/","url":"https:\/\/fredfloris.eu\/wp-content\/uploads\/2022\/03\/FredFloris-med-hel-nal-och-text.png","contentUrl":"https:\/\/fredfloris.eu\/wp-content\/uploads\/2022\/03\/FredFloris-med-hel-nal-och-text.png","width":591,"height":283,"caption":"FredFloris"},"image":{"@id":"https:\/\/fredfloris.eu\/#\/schema\/logo\/image\/"},"sameAs":["https:\/\/www.facebook.com\/FredFloris.Artisan.Studio\/","https:\/\/x.com\/_fredfloris_","https:\/\/www.instagram.com\/fredfloris.artisan.studio\/"]}]}},"brands":[{"id":203,"name":"FredFloris","slug":"fredfloris"}],"_links":{"self":[{"href":"https:\/\/fredfloris.eu\/es\/wp-json\/wp\/v2\/product\/5210","targetHints":{"allow":["GET"]}}],"collection":[{"href":"https:\/\/fredfloris.eu\/es\/wp-json\/wp\/v2\/product"}],"about":[{"href":"https:\/\/fredfloris.eu\/es\/wp-json\/wp\/v2\/types\/product"}],"version-history":[{"count":11,"href":"https:\/\/fredfloris.eu\/es\/wp-json\/wp\/v2\/product\/5210\/revisions"}],"predecessor-version":[{"id":11560,"href":"https:\/\/fredfloris.eu\/es\/wp-json\/wp\/v2\/product\/5210\/revisions\/11560"}],"wp:featuredmedia":[{"embeddable":true,"href":"https:\/\/fredfloris.eu\/es\/wp-json\/wp\/v2\/media\/5206"}],"wp:attachment":[{"href":"https:\/\/fredfloris.eu\/es\/wp-json\/wp\/v2\/media?parent=5210"}],"wp:term":[{"taxonomy":"pwb-brand","embeddable":true,"href":"https:\/\/fredfloris.eu\/es\/wp-json\/wp\/v2\/pwb-brand?post=5210"},{"taxonomy":"product_brand","embeddable":true,"href":"https:\/\/fredfloris.eu\/es\/wp-json\/wp\/v2\/product_brand?post=5210"},{"taxonomy":"product_cat","embeddable":true,"href":"https:\/\/fredfloris.eu\/es\/wp-json\/wp\/v2\/product_cat?post=5210"},{"taxonomy":"product_tag","embeddable":true,"href":"https:\/\/fredfloris.eu\/es\/wp-json\/wp\/v2\/product_tag?post=5210"},{"taxonomy":"woo-feed-brand","embeddable":true,"href":"https:\/\/fredfloris.eu\/es\/wp-json\/wp\/v2\/woo-feed-brand?post=5210"}],"curies":[{"name":"wp","href":"https:\/\/api.w.org\/{rel}","templated":true}]}}