{"id":5260,"date":"2022-05-17T21:56:52","date_gmt":"2022-05-17T19:56:52","guid":{"rendered":"https:\/\/fredfloris.eu\/?post_type=product&#038;p=5260"},"modified":"2024-07-23T20:23:38","modified_gmt":"2024-07-23T18:23:38","slug":"silver-long-chain-earrings","status":"publish","type":"product","link":"https:\/\/fredfloris.eu\/es\/productpage\/silver-long-chain-earrings\/","title":{"rendered":"Silver Lady - Pendientes Cadena Larga"},"content":{"rendered":"<p><strong>Descubra la elegancia sin esfuerzo de nuestros pendientes de cadena de caja de plata.<\/strong> Dise\u00f1ados con hebras de plata que fluyen como un hilo, estos pendientes ofrecen a la vez sencillez y dramatismo. Caen en l\u00edneas paralelas que enmarcan maravillosamente el rostro, realzando sus rasgos, a\u00f1adiendo simetr\u00eda y alargando el cuello. Su forma vers\u00e1til les permite combinar a la perfecci\u00f3n con cualquier atuendo, complementando especialmente vestidos y tops sin hombros para a\u00f1adir brillo desde sus ojos hasta el dobladillo.<\/p>\n<p><strong>Opciones disponibles:<\/strong> Estos pendientes est\u00e1n elaborados en plata de ley 925 con opciones de chapado en platino o en oro de 24k.<\/p>\n<p><strong>Artesan\u00eda en plata de ley:<\/strong> Cada par viene estampado con \"925\" para garantizar su alta calidad. Duraderos y atemporales, estos pendientes son un fant\u00e1stico complemento para cualquier colecci\u00f3n de joyas.<\/p>\n<p><strong>El regalo perfecto:<\/strong> \u00bfBusca un regalo considerado? Estos pendientes de plata son una opci\u00f3n opulenta para cumplea\u00f1os, aniversarios, graduaciones o bodas.<\/p>\n<p><strong>Hipoalerg\u00e9nico:<\/strong> Fabricados sin n\u00edquel, estos pendientes no se empa\u00f1an ni irritan la piel.<\/p>\n<p><strong>Cuidado de las joyas:<\/strong> Para mantener su estado pr\u00edstino, guarde los pendientes en una caja o bolsa blanda separada de otras joyas. Evite la exposici\u00f3n a productos qu\u00edmicos para evitar da\u00f1os. El chapado, ya sea de platino o de oro, es delicado y, como todos los chapados, se decolorar\u00e1 con el tiempo. Limite el contacto con productos qu\u00edmicos y con la piel para prolongar la vida del chapado.<\/p>\n<p>&nbsp;<\/p>\n<p>Palabras de b\u00fasqueda: Pendientes largos de cadena de plata<\/p>","protected":false},"excerpt":{"rendered":"<p><strong>DIMENSIONES DEL PRODUCTO -<\/strong> Altura del producto: 13,50 mm, Peso: 4 g (par). El producto est\u00e1 fabricado con plata 925, chapado en platino - 0,4 \u00b5m. SKU: sil\/ear\/pla\/cha Marca: FredFloris &amp; Partner<\/p>\n<pre><\/pre>\n<p>Nuestro experimentado socio en Polonia fabrica la base de los pendientes. Utilizamos plata chapada de 0,4 \u00b5m de grosor, ya que no oscurece ni desluce la joya. El producto tiene cierta resistencia a la decoloraci\u00f3n, pero aseg\u00farese de seguir nuestras instrucciones de cuidado para prolongar la vida de su nueva joya.<\/p>","protected":false},"featured_media":4753,"template":"","meta":[],"pwb-brand":[204],"product_brand":[],"product_cat":[117,113,101],"product_tag":[165,164,135],"woo-feed-brand":[],"class_list":{"0":"post-5260","1":"product","2":"type-product","3":"status-publish","4":"has-post-thumbnail","6":"pwb-brand-fredfloris-partner","7":"product_cat-chain-earrings","8":"product_cat-earrings","9":"product_cat-jewelry","10":"product_tag-platinum","11":"product_tag-silver","12":"product_tag-stocked","13":"product_shipping_class-small-goods","15":"first","16":"instock","17":"taxable","18":"shipping-taxable","19":"purchasable","20":"product-type-simple"},"yoast_head":"<!-- This site is optimized with the Yoast SEO plugin v27.2 - https:\/\/yoast.com\/product\/yoast-seo-wordpress\/ -->\n<title>Long Silver Chain Earrings| FredFloris<\/title>\n<meta name=\"description\" content=\"Presenting our long silver chain earrings, 13.50 mm in lenght. Long chain earrings are the perfect gift for Her, Tarnish Free.\" \/>\n<meta name=\"robots\" content=\"index, follow, max-snippet:-1, max-image-preview:large, max-video-preview:-1\" \/>\n<link rel=\"canonical\" href=\"https:\/\/fredfloris.eu\/es\/productpage\/silver-long-chain-earrings\/?wmc-currency=EUR\" \/>\n<meta property=\"og:locale\" content=\"es_ES\" \/>\n<meta property=\"og:type\" content=\"article\" \/>\n<meta property=\"og:title\" content=\"Long Silver Chain Earrings| FredFloris\" \/>\n<meta property=\"og:description\" content=\"Presenting our long silver chain earrings, 13.50 mm in lenght. Long chain earrings are the perfect gift for Her, Tarnish Free.\" \/>\n<meta property=\"og:url\" content=\"https:\/\/fredfloris.eu\/es\/productpage\/silver-long-chain-earrings\/?wmc-currency=EUR\" \/>\n<meta property=\"og:site_name\" content=\"FredFloris\" \/>\n<meta property=\"article:publisher\" content=\"https:\/\/www.facebook.com\/FredFloris.Artisan.Studio\/\" \/>\n<meta property=\"article:modified_time\" content=\"2024-07-23T18:23:38+00:00\" \/>\n<meta property=\"og:image\" content=\"https:\/\/fredfloris.eu\/wp-content\/uploads\/2022\/05\/IMG_1988-scaled.jpg\" \/>\n\t<meta property=\"og:image:width\" content=\"2560\" \/>\n\t<meta property=\"og:image:height\" content=\"1707\" \/>\n\t<meta property=\"og:image:type\" content=\"image\/jpeg\" \/>\n<meta name=\"twitter:card\" content=\"summary_large_image\" \/>\n<meta name=\"twitter:site\" content=\"@_fredfloris_\" \/>\n<meta name=\"twitter:label1\" content=\"Tiempo de lectura\" \/>\n\t<meta name=\"twitter:data1\" content=\"2 minutos\" \/>\n<script type=\"application\/ld+json\" class=\"yoast-schema-graph\">{\"@context\":\"https:\/\/schema.org\",\"@graph\":[{\"@type\":\"WebPage\",\"@id\":\"https:\/\/fredfloris.eu\/productpage\/silver-long-chain-earrings\/\",\"url\":\"https:\/\/fredfloris.eu\/productpage\/silver-long-chain-earrings\/\",\"name\":\"Long Silver Chain Earrings| FredFloris\",\"isPartOf\":{\"@id\":\"https:\/\/fredfloris.eu\/#website\"},\"primaryImageOfPage\":{\"@id\":\"https:\/\/fredfloris.eu\/productpage\/silver-long-chain-earrings\/#primaryimage\"},\"image\":{\"@id\":\"https:\/\/fredfloris.eu\/productpage\/silver-long-chain-earrings\/#primaryimage\"},\"thumbnailUrl\":\"https:\/\/fredfloris.eu\/wp-content\/uploads\/2022\/05\/IMG_1988-scaled.jpg\",\"datePublished\":\"2022-05-17T19:56:52+00:00\",\"dateModified\":\"2024-07-23T18:23:38+00:00\",\"description\":\"Presenting our long silver chain earrings, 13.50 mm in lenght. Long chain earrings are the perfect gift for Her, Tarnish Free.\",\"breadcrumb\":{\"@id\":\"https:\/\/fredfloris.eu\/productpage\/silver-long-chain-earrings\/#breadcrumb\"},\"inLanguage\":\"es\",\"potentialAction\":[{\"@type\":\"ReadAction\",\"target\":[\"https:\/\/fredfloris.eu\/productpage\/silver-long-chain-earrings\/\"]}]},{\"@type\":\"ImageObject\",\"inLanguage\":\"es\",\"@id\":\"https:\/\/fredfloris.eu\/productpage\/silver-long-chain-earrings\/#primaryimage\",\"url\":\"https:\/\/fredfloris.eu\/wp-content\/uploads\/2022\/05\/IMG_1988-scaled.jpg\",\"contentUrl\":\"https:\/\/fredfloris.eu\/wp-content\/uploads\/2022\/05\/IMG_1988-scaled.jpg\",\"width\":2560,\"height\":1707,\"caption\":\"Product: Silver Lady - Long Chain Earrings \u2013 Platinum Plated Silver\"},{\"@type\":\"BreadcrumbList\",\"@id\":\"https:\/\/fredfloris.eu\/productpage\/silver-long-chain-earrings\/#breadcrumb\",\"itemListElement\":[{\"@type\":\"ListItem\",\"position\":1,\"name\":\"Home\",\"item\":\"https:\/\/fredfloris.eu\/\"},{\"@type\":\"ListItem\",\"position\":2,\"name\":\"Shop\",\"item\":\"https:\/\/fredfloris.eu\/shop\/\"},{\"@type\":\"ListItem\",\"position\":3,\"name\":\"Silver Lady &#8211; Long Chain Earrings\"}]},{\"@type\":\"WebSite\",\"@id\":\"https:\/\/fredfloris.eu\/#website\",\"url\":\"https:\/\/fredfloris.eu\/\",\"name\":\"FredFloris\",\"description\":\"Handcrafted Leathergoods - Made in Sweden\",\"publisher\":{\"@id\":\"https:\/\/fredfloris.eu\/#organization\"},\"potentialAction\":[{\"@type\":\"SearchAction\",\"target\":{\"@type\":\"EntryPoint\",\"urlTemplate\":\"https:\/\/fredfloris.eu\/?s={search_term_string}\"},\"query-input\":{\"@type\":\"PropertyValueSpecification\",\"valueRequired\":true,\"valueName\":\"search_term_string\"}}],\"inLanguage\":\"es\"},{\"@type\":\"Organization\",\"@id\":\"https:\/\/fredfloris.eu\/#organization\",\"name\":\"FredFloris\",\"url\":\"https:\/\/fredfloris.eu\/\",\"logo\":{\"@type\":\"ImageObject\",\"inLanguage\":\"es\",\"@id\":\"https:\/\/fredfloris.eu\/#\/schema\/logo\/image\/\",\"url\":\"https:\/\/fredfloris.eu\/wp-content\/uploads\/2022\/03\/FredFloris-med-hel-nal-och-text.png\",\"contentUrl\":\"https:\/\/fredfloris.eu\/wp-content\/uploads\/2022\/03\/FredFloris-med-hel-nal-och-text.png\",\"width\":591,\"height\":283,\"caption\":\"FredFloris\"},\"image\":{\"@id\":\"https:\/\/fredfloris.eu\/#\/schema\/logo\/image\/\"},\"sameAs\":[\"https:\/\/www.facebook.com\/FredFloris.Artisan.Studio\/\",\"https:\/\/x.com\/_fredfloris_\",\"https:\/\/www.instagram.com\/fredfloris.artisan.studio\/\"]}]}<\/script>\n<!-- \/ Yoast SEO plugin. -->","yoast_head_json":{"title":"Pendientes largos de cadena de plata| FredFloris","description":"Le presentamos nuestros pendientes largos de cadena de plata, de 13,50 mm de longitud. Los pendientes de cadena larga son el regalo perfecto para Ella, sin barniz.","robots":{"index":"index","follow":"follow","max-snippet":"max-snippet:-1","max-image-preview":"max-image-preview:large","max-video-preview":"max-video-preview:-1"},"canonical":"https:\/\/fredfloris.eu\/es\/productpage\/silver-long-chain-earrings\/?wmc-currency=EUR","og_locale":"es_ES","og_type":"article","og_title":"Long Silver Chain Earrings| FredFloris","og_description":"Presenting our long silver chain earrings, 13.50 mm in lenght. Long chain earrings are the perfect gift for Her, Tarnish Free.","og_url":"https:\/\/fredfloris.eu\/es\/productpage\/silver-long-chain-earrings\/?wmc-currency=EUR","og_site_name":"FredFloris","article_publisher":"https:\/\/www.facebook.com\/FredFloris.Artisan.Studio\/","article_modified_time":"2024-07-23T18:23:38+00:00","og_image":[{"width":2560,"height":1707,"url":"https:\/\/fredfloris.eu\/wp-content\/uploads\/2022\/05\/IMG_1988-scaled.jpg","type":"image\/jpeg"}],"twitter_card":"summary_large_image","twitter_site":"@_fredfloris_","twitter_misc":{"Tiempo de lectura":"2 minutos"},"schema":{"@context":"https:\/\/schema.org","@graph":[{"@type":"WebPage","@id":"https:\/\/fredfloris.eu\/productpage\/silver-long-chain-earrings\/","url":"https:\/\/fredfloris.eu\/productpage\/silver-long-chain-earrings\/","name":"Pendientes largos de cadena de plata| FredFloris","isPartOf":{"@id":"https:\/\/fredfloris.eu\/#website"},"primaryImageOfPage":{"@id":"https:\/\/fredfloris.eu\/productpage\/silver-long-chain-earrings\/#primaryimage"},"image":{"@id":"https:\/\/fredfloris.eu\/productpage\/silver-long-chain-earrings\/#primaryimage"},"thumbnailUrl":"https:\/\/fredfloris.eu\/wp-content\/uploads\/2022\/05\/IMG_1988-scaled.jpg","datePublished":"2022-05-17T19:56:52+00:00","dateModified":"2024-07-23T18:23:38+00:00","description":"Le presentamos nuestros pendientes largos de cadena de plata, de 13,50 mm de longitud. Los pendientes de cadena larga son el regalo perfecto para Ella, sin barniz.","breadcrumb":{"@id":"https:\/\/fredfloris.eu\/productpage\/silver-long-chain-earrings\/#breadcrumb"},"inLanguage":"es","potentialAction":[{"@type":"ReadAction","target":["https:\/\/fredfloris.eu\/productpage\/silver-long-chain-earrings\/"]}]},{"@type":"ImageObject","inLanguage":"es","@id":"https:\/\/fredfloris.eu\/productpage\/silver-long-chain-earrings\/#primaryimage","url":"https:\/\/fredfloris.eu\/wp-content\/uploads\/2022\/05\/IMG_1988-scaled.jpg","contentUrl":"https:\/\/fredfloris.eu\/wp-content\/uploads\/2022\/05\/IMG_1988-scaled.jpg","width":2560,"height":1707,"caption":"Product: Silver Lady - Long Chain Earrings \u2013 Platinum Plated Silver"},{"@type":"BreadcrumbList","@id":"https:\/\/fredfloris.eu\/productpage\/silver-long-chain-earrings\/#breadcrumb","itemListElement":[{"@type":"ListItem","position":1,"name":"Home","item":"https:\/\/fredfloris.eu\/"},{"@type":"ListItem","position":2,"name":"Shop","item":"https:\/\/fredfloris.eu\/shop\/"},{"@type":"ListItem","position":3,"name":"Silver Lady &#8211; Long Chain Earrings"}]},{"@type":"WebSite","@id":"https:\/\/fredfloris.eu\/#website","url":"https:\/\/fredfloris.eu\/","name":"FredFloris","description":"Marroquiner\u00eda artesanal - Made in Sweden","publisher":{"@id":"https:\/\/fredfloris.eu\/#organization"},"potentialAction":[{"@type":"SearchAction","target":{"@type":"EntryPoint","urlTemplate":"https:\/\/fredfloris.eu\/?s={search_term_string}"},"query-input":{"@type":"PropertyValueSpecification","valueRequired":true,"valueName":"search_term_string"}}],"inLanguage":"es"},{"@type":"Organization","@id":"https:\/\/fredfloris.eu\/#organization","name":"FredFloris","url":"https:\/\/fredfloris.eu\/","logo":{"@type":"ImageObject","inLanguage":"es","@id":"https:\/\/fredfloris.eu\/#\/schema\/logo\/image\/","url":"https:\/\/fredfloris.eu\/wp-content\/uploads\/2022\/03\/FredFloris-med-hel-nal-och-text.png","contentUrl":"https:\/\/fredfloris.eu\/wp-content\/uploads\/2022\/03\/FredFloris-med-hel-nal-och-text.png","width":591,"height":283,"caption":"FredFloris"},"image":{"@id":"https:\/\/fredfloris.eu\/#\/schema\/logo\/image\/"},"sameAs":["https:\/\/www.facebook.com\/FredFloris.Artisan.Studio\/","https:\/\/x.com\/_fredfloris_","https:\/\/www.instagram.com\/fredfloris.artisan.studio\/"]}]}},"brands":[{"id":204,"name":"FredFloris &amp; Socio","slug":"fredfloris-partner"}],"_links":{"self":[{"href":"https:\/\/fredfloris.eu\/es\/wp-json\/wp\/v2\/product\/5260","targetHints":{"allow":["GET"]}}],"collection":[{"href":"https:\/\/fredfloris.eu\/es\/wp-json\/wp\/v2\/product"}],"about":[{"href":"https:\/\/fredfloris.eu\/es\/wp-json\/wp\/v2\/types\/product"}],"version-history":[{"count":8,"href":"https:\/\/fredfloris.eu\/es\/wp-json\/wp\/v2\/product\/5260\/revisions"}],"predecessor-version":[{"id":11589,"href":"https:\/\/fredfloris.eu\/es\/wp-json\/wp\/v2\/product\/5260\/revisions\/11589"}],"wp:featuredmedia":[{"embeddable":true,"href":"https:\/\/fredfloris.eu\/es\/wp-json\/wp\/v2\/media\/4753"}],"wp:attachment":[{"href":"https:\/\/fredfloris.eu\/es\/wp-json\/wp\/v2\/media?parent=5260"}],"wp:term":[{"taxonomy":"pwb-brand","embeddable":true,"href":"https:\/\/fredfloris.eu\/es\/wp-json\/wp\/v2\/pwb-brand?post=5260"},{"taxonomy":"product_brand","embeddable":true,"href":"https:\/\/fredfloris.eu\/es\/wp-json\/wp\/v2\/product_brand?post=5260"},{"taxonomy":"product_cat","embeddable":true,"href":"https:\/\/fredfloris.eu\/es\/wp-json\/wp\/v2\/product_cat?post=5260"},{"taxonomy":"product_tag","embeddable":true,"href":"https:\/\/fredfloris.eu\/es\/wp-json\/wp\/v2\/product_tag?post=5260"},{"taxonomy":"woo-feed-brand","embeddable":true,"href":"https:\/\/fredfloris.eu\/es\/wp-json\/wp\/v2\/woo-feed-brand?post=5260"}],"curies":[{"name":"wp","href":"https:\/\/api.w.org\/{rel}","templated":true}]}}