{"id":5267,"date":"2022-05-17T22:19:26","date_gmt":"2022-05-17T20:19:26","guid":{"rendered":"https:\/\/fredfloris.eu\/?post_type=product&#038;p=5267"},"modified":"2024-07-23T20:24:25","modified_gmt":"2024-07-23T18:24:25","slug":"baby-blue-leaf-pearl-earring","status":"publish","type":"product","link":"https:\/\/fredfloris.eu\/es\/productpage\/baby-blue-leaf-pearl-earring\/","title":{"rendered":"Baby Blue - Tiny Leaf Swarovski Pendientes de perlas Studs"},"content":{"rendered":"<p><strong>Presentamos nuestros pendientes de perlas Swarovski, acunadas dentro de hojas doradas para un toque de elegancia atemporal.<\/strong> Estos delicados pendientes de bot\u00f3n presentan una perla Swarovski anidada dentro de una rama arqueada de hojas doradas, que recuerda el amanecer de un nuevo d\u00eda. La combinaci\u00f3n de perla y oro evoca un estilo cl\u00e1sico de Hollywood, a\u00f1adiendo una capa de intriga a cualquier atuendo.<\/p>\n<p><strong>Opciones disponibles:<\/strong> Elaborada en plata de ley 925 con ba\u00f1o de oro de 24 quilates.<\/p>\n<p><strong>Swarovski Perlas:<\/strong> Estas perlas son exquisitas r\u00e9plicas de las perlas naturales, ofreciendo un brillo impecable a una fracci\u00f3n del coste. Dise\u00f1adas para conservar su brillo y belleza con independencia de la frecuencia con que se lleven, las perlas Swarovski son un testimonio de elegancia perdurable.<\/p>\n<p><strong>Idea de regalo bien pensada:<\/strong> Las perlas se regalan tradicionalmente para un 30 aniversario de boda, lo que convierte a estos pendientes en una elecci\u00f3n considerada y lujosa. Tambi\u00e9n son perfectos para los cumplea\u00f1os de junio, mes en el que las perlas son la piedra de nacimiento, demostrando a esa persona especial lo mucho que le importa.<\/p>\n<p><strong>Hipoalerg\u00e9nico:<\/strong> La plata dorada de estos peque\u00f1os pendientes de bot\u00f3n est\u00e1 libre de n\u00edquel, lo que garantiza que no se empa\u00f1en ni irriten la piel. El cierre de seguridad mantiene los pendientes c\u00f3modamente en su sitio durante todo el d\u00eda.<\/p>\n<p><strong>Cuidado de las joyas:<\/strong> Para mantener su estado pr\u00edstino, guarde los pendientes en una caja o bolsa blanda separada de otras joyas. Evite la exposici\u00f3n a productos qu\u00edmicos para evitar da\u00f1os. El chapado, ya sea de platino o de oro, es delicado y, como todos los chapados, se decolorar\u00e1 con el tiempo. Limite el contacto con productos qu\u00edmicos y con la piel para prolongar la vida del chapado.<\/p>\n<p>&nbsp;<\/p>\n<p>Buscar palabras: Pendientes de perlas peque\u00f1as, Pendientes de perlas de plata<\/p>","protected":false},"excerpt":{"rendered":"<p><strong>DIMENSIONES DEL PRODUCTO - <\/strong>Peso del producto: 1,25 g (par) Altura: 10,50 mm, Anchura: 6,70 mm. Plata de ley 925 chapada en oro de 24 quilates - 0,4 \u00b5m. El tap\u00f3n del pendiente tiene un interior de silicona. SKU: bab\/ear\/gol\/pea Marca: FredFloris &amp; Partner<\/p>\n<pre><\/pre>\n<p>Nuestro experimentado socio en Polonia fabrica la base de los pendientes. Utilizamos plata chapada de 0,4 \u00b5m de grosor, ya que no oscurece ni desluce la joya. El producto tiene cierta resistencia a la decoloraci\u00f3n, pero aseg\u00farese de seguir nuestras instrucciones de cuidado para prolongar la vida de su nueva joya.<\/p>","protected":false},"featured_media":4802,"template":"","meta":[],"pwb-brand":[204],"product_brand":[],"product_cat":[113,101,114],"product_tag":[174,163,164,135,195],"woo-feed-brand":[],"class_list":{"0":"post-5267","1":"product","2":"type-product","3":"status-publish","4":"has-post-thumbnail","6":"pwb-brand-fredfloris-partner","7":"product_cat-earrings","8":"product_cat-jewelry","9":"product_cat-stud-earrings","10":"product_tag-back-stopper","11":"product_tag-gold","12":"product_tag-silver","13":"product_tag-stocked","14":"product_tag-swarovski","15":"product_shipping_class-small-goods","17":"first","18":"instock","19":"taxable","20":"shipping-taxable","21":"purchasable","22":"product-type-simple"},"yoast_head":"<!-- This site is optimized with the Yoast SEO plugin v27.2 - https:\/\/yoast.com\/product\/yoast-seo-wordpress\/ -->\n<title>Baby Blue - Tiny Leaf Swarovski Pearl Earrings Studs | FredFloris<\/title>\n<meta name=\"description\" content=\"Leaf Swarovski small stud pearl earring, 24K Gold Plated 925 Sterling Silver. They feature a delicate leaf design alongside shining pearls.\" \/>\n<meta name=\"robots\" content=\"index, follow, max-snippet:-1, max-image-preview:large, max-video-preview:-1\" \/>\n<link rel=\"canonical\" href=\"https:\/\/fredfloris.eu\/es\/productpage\/baby-blue-leaf-pearl-earring\/?wmc-currency=EUR\" \/>\n<meta property=\"og:locale\" content=\"es_ES\" \/>\n<meta property=\"og:type\" content=\"article\" \/>\n<meta property=\"og:title\" content=\"Baby Blue - Tiny Leaf Swarovski Pearl Earrings Studs | FredFloris\" \/>\n<meta property=\"og:description\" content=\"Leaf Swarovski small stud pearl earring, 24K Gold Plated 925 Sterling Silver. They feature a delicate leaf design alongside shining pearls.\" \/>\n<meta property=\"og:url\" content=\"https:\/\/fredfloris.eu\/es\/productpage\/baby-blue-leaf-pearl-earring\/?wmc-currency=EUR\" \/>\n<meta property=\"og:site_name\" content=\"FredFloris\" \/>\n<meta property=\"article:publisher\" content=\"https:\/\/www.facebook.com\/FredFloris.Artisan.Studio\/\" \/>\n<meta property=\"article:modified_time\" content=\"2024-07-23T18:24:25+00:00\" \/>\n<meta property=\"og:image\" content=\"https:\/\/fredfloris.eu\/wp-content\/uploads\/2022\/05\/IMG_0776-scaled.jpg\" \/>\n\t<meta property=\"og:image:width\" content=\"2560\" \/>\n\t<meta property=\"og:image:height\" content=\"1707\" \/>\n\t<meta property=\"og:image:type\" content=\"image\/jpeg\" \/>\n<meta name=\"twitter:card\" content=\"summary_large_image\" \/>\n<meta name=\"twitter:site\" content=\"@_fredfloris_\" \/>\n<meta name=\"twitter:label1\" content=\"Tiempo de lectura\" \/>\n\t<meta name=\"twitter:data1\" content=\"2 minutos\" \/>\n<script type=\"application\/ld+json\" class=\"yoast-schema-graph\">{\"@context\":\"https:\/\/schema.org\",\"@graph\":[{\"@type\":\"WebPage\",\"@id\":\"https:\/\/fredfloris.eu\/productpage\/baby-blue-leaf-pearl-earring\/\",\"url\":\"https:\/\/fredfloris.eu\/productpage\/baby-blue-leaf-pearl-earring\/\",\"name\":\"Baby Blue - Tiny Leaf Swarovski Pearl Earrings Studs | FredFloris\",\"isPartOf\":{\"@id\":\"https:\/\/fredfloris.eu\/#website\"},\"primaryImageOfPage\":{\"@id\":\"https:\/\/fredfloris.eu\/productpage\/baby-blue-leaf-pearl-earring\/#primaryimage\"},\"image\":{\"@id\":\"https:\/\/fredfloris.eu\/productpage\/baby-blue-leaf-pearl-earring\/#primaryimage\"},\"thumbnailUrl\":\"https:\/\/fredfloris.eu\/wp-content\/uploads\/2022\/05\/IMG_0776-scaled.jpg\",\"datePublished\":\"2022-05-17T20:19:26+00:00\",\"dateModified\":\"2024-07-23T18:24:25+00:00\",\"description\":\"Leaf Swarovski small stud pearl earring, 24K Gold Plated 925 Sterling Silver. They feature a delicate leaf design alongside shining pearls.\",\"breadcrumb\":{\"@id\":\"https:\/\/fredfloris.eu\/productpage\/baby-blue-leaf-pearl-earring\/#breadcrumb\"},\"inLanguage\":\"es\",\"potentialAction\":[{\"@type\":\"ReadAction\",\"target\":[\"https:\/\/fredfloris.eu\/productpage\/baby-blue-leaf-pearl-earring\/\"]}]},{\"@type\":\"ImageObject\",\"inLanguage\":\"es\",\"@id\":\"https:\/\/fredfloris.eu\/productpage\/baby-blue-leaf-pearl-earring\/#primaryimage\",\"url\":\"https:\/\/fredfloris.eu\/wp-content\/uploads\/2022\/05\/IMG_0776-scaled.jpg\",\"contentUrl\":\"https:\/\/fredfloris.eu\/wp-content\/uploads\/2022\/05\/IMG_0776-scaled.jpg\",\"width\":2560,\"height\":1707,\"caption\":\"Product: Pearl Earrings Studs \u2013 Gold Plated Silver\"},{\"@type\":\"BreadcrumbList\",\"@id\":\"https:\/\/fredfloris.eu\/productpage\/baby-blue-leaf-pearl-earring\/#breadcrumb\",\"itemListElement\":[{\"@type\":\"ListItem\",\"position\":1,\"name\":\"Home\",\"item\":\"https:\/\/fredfloris.eu\/\"},{\"@type\":\"ListItem\",\"position\":2,\"name\":\"Shop\",\"item\":\"https:\/\/fredfloris.eu\/shop\/\"},{\"@type\":\"ListItem\",\"position\":3,\"name\":\"Baby Blue &#8211; Tiny Leaf Swarovski Pearl Earrings Studs\"}]},{\"@type\":\"WebSite\",\"@id\":\"https:\/\/fredfloris.eu\/#website\",\"url\":\"https:\/\/fredfloris.eu\/\",\"name\":\"FredFloris\",\"description\":\"Handcrafted Leathergoods - Made in Sweden\",\"publisher\":{\"@id\":\"https:\/\/fredfloris.eu\/#organization\"},\"potentialAction\":[{\"@type\":\"SearchAction\",\"target\":{\"@type\":\"EntryPoint\",\"urlTemplate\":\"https:\/\/fredfloris.eu\/?s={search_term_string}\"},\"query-input\":{\"@type\":\"PropertyValueSpecification\",\"valueRequired\":true,\"valueName\":\"search_term_string\"}}],\"inLanguage\":\"es\"},{\"@type\":\"Organization\",\"@id\":\"https:\/\/fredfloris.eu\/#organization\",\"name\":\"FredFloris\",\"url\":\"https:\/\/fredfloris.eu\/\",\"logo\":{\"@type\":\"ImageObject\",\"inLanguage\":\"es\",\"@id\":\"https:\/\/fredfloris.eu\/#\/schema\/logo\/image\/\",\"url\":\"https:\/\/fredfloris.eu\/wp-content\/uploads\/2022\/03\/FredFloris-med-hel-nal-och-text.png\",\"contentUrl\":\"https:\/\/fredfloris.eu\/wp-content\/uploads\/2022\/03\/FredFloris-med-hel-nal-och-text.png\",\"width\":591,\"height\":283,\"caption\":\"FredFloris\"},\"image\":{\"@id\":\"https:\/\/fredfloris.eu\/#\/schema\/logo\/image\/\"},\"sameAs\":[\"https:\/\/www.facebook.com\/FredFloris.Artisan.Studio\/\",\"https:\/\/x.com\/_fredfloris_\",\"https:\/\/www.instagram.com\/fredfloris.artisan.studio\/\"]}]}<\/script>\n<!-- \/ Yoast SEO plugin. -->","yoast_head_json":{"title":"Baby Blue - Pendientes de perlas Tiny Leaf Swarovski Studs | FredFloris","description":"Pendientes de perlas peque\u00f1as Leaf Swarovski, de plata de ley 925 chapada en oro de 24 quilates. Presentan un delicado dise\u00f1o de hojas junto a perlas brillantes.","robots":{"index":"index","follow":"follow","max-snippet":"max-snippet:-1","max-image-preview":"max-image-preview:large","max-video-preview":"max-video-preview:-1"},"canonical":"https:\/\/fredfloris.eu\/es\/productpage\/baby-blue-leaf-pearl-earring\/?wmc-currency=EUR","og_locale":"es_ES","og_type":"article","og_title":"Baby Blue - Tiny Leaf Swarovski Pearl Earrings Studs | FredFloris","og_description":"Leaf Swarovski small stud pearl earring, 24K Gold Plated 925 Sterling Silver. They feature a delicate leaf design alongside shining pearls.","og_url":"https:\/\/fredfloris.eu\/es\/productpage\/baby-blue-leaf-pearl-earring\/?wmc-currency=EUR","og_site_name":"FredFloris","article_publisher":"https:\/\/www.facebook.com\/FredFloris.Artisan.Studio\/","article_modified_time":"2024-07-23T18:24:25+00:00","og_image":[{"width":2560,"height":1707,"url":"https:\/\/fredfloris.eu\/wp-content\/uploads\/2022\/05\/IMG_0776-scaled.jpg","type":"image\/jpeg"}],"twitter_card":"summary_large_image","twitter_site":"@_fredfloris_","twitter_misc":{"Tiempo de lectura":"2 minutos"},"schema":{"@context":"https:\/\/schema.org","@graph":[{"@type":"WebPage","@id":"https:\/\/fredfloris.eu\/productpage\/baby-blue-leaf-pearl-earring\/","url":"https:\/\/fredfloris.eu\/productpage\/baby-blue-leaf-pearl-earring\/","name":"Baby Blue - Pendientes de perlas Tiny Leaf Swarovski Studs | FredFloris","isPartOf":{"@id":"https:\/\/fredfloris.eu\/#website"},"primaryImageOfPage":{"@id":"https:\/\/fredfloris.eu\/productpage\/baby-blue-leaf-pearl-earring\/#primaryimage"},"image":{"@id":"https:\/\/fredfloris.eu\/productpage\/baby-blue-leaf-pearl-earring\/#primaryimage"},"thumbnailUrl":"https:\/\/fredfloris.eu\/wp-content\/uploads\/2022\/05\/IMG_0776-scaled.jpg","datePublished":"2022-05-17T20:19:26+00:00","dateModified":"2024-07-23T18:24:25+00:00","description":"Pendientes de perlas peque\u00f1as Leaf Swarovski, de plata de ley 925 chapada en oro de 24 quilates. Presentan un delicado dise\u00f1o de hojas junto a perlas brillantes.","breadcrumb":{"@id":"https:\/\/fredfloris.eu\/productpage\/baby-blue-leaf-pearl-earring\/#breadcrumb"},"inLanguage":"es","potentialAction":[{"@type":"ReadAction","target":["https:\/\/fredfloris.eu\/productpage\/baby-blue-leaf-pearl-earring\/"]}]},{"@type":"ImageObject","inLanguage":"es","@id":"https:\/\/fredfloris.eu\/productpage\/baby-blue-leaf-pearl-earring\/#primaryimage","url":"https:\/\/fredfloris.eu\/wp-content\/uploads\/2022\/05\/IMG_0776-scaled.jpg","contentUrl":"https:\/\/fredfloris.eu\/wp-content\/uploads\/2022\/05\/IMG_0776-scaled.jpg","width":2560,"height":1707,"caption":"Product: Pearl Earrings Studs \u2013 Gold Plated Silver"},{"@type":"BreadcrumbList","@id":"https:\/\/fredfloris.eu\/productpage\/baby-blue-leaf-pearl-earring\/#breadcrumb","itemListElement":[{"@type":"ListItem","position":1,"name":"Home","item":"https:\/\/fredfloris.eu\/"},{"@type":"ListItem","position":2,"name":"Shop","item":"https:\/\/fredfloris.eu\/shop\/"},{"@type":"ListItem","position":3,"name":"Baby Blue &#8211; Tiny Leaf Swarovski Pearl Earrings Studs"}]},{"@type":"WebSite","@id":"https:\/\/fredfloris.eu\/#website","url":"https:\/\/fredfloris.eu\/","name":"FredFloris","description":"Marroquiner\u00eda artesanal - Made in Sweden","publisher":{"@id":"https:\/\/fredfloris.eu\/#organization"},"potentialAction":[{"@type":"SearchAction","target":{"@type":"EntryPoint","urlTemplate":"https:\/\/fredfloris.eu\/?s={search_term_string}"},"query-input":{"@type":"PropertyValueSpecification","valueRequired":true,"valueName":"search_term_string"}}],"inLanguage":"es"},{"@type":"Organization","@id":"https:\/\/fredfloris.eu\/#organization","name":"FredFloris","url":"https:\/\/fredfloris.eu\/","logo":{"@type":"ImageObject","inLanguage":"es","@id":"https:\/\/fredfloris.eu\/#\/schema\/logo\/image\/","url":"https:\/\/fredfloris.eu\/wp-content\/uploads\/2022\/03\/FredFloris-med-hel-nal-och-text.png","contentUrl":"https:\/\/fredfloris.eu\/wp-content\/uploads\/2022\/03\/FredFloris-med-hel-nal-och-text.png","width":591,"height":283,"caption":"FredFloris"},"image":{"@id":"https:\/\/fredfloris.eu\/#\/schema\/logo\/image\/"},"sameAs":["https:\/\/www.facebook.com\/FredFloris.Artisan.Studio\/","https:\/\/x.com\/_fredfloris_","https:\/\/www.instagram.com\/fredfloris.artisan.studio\/"]}]}},"brands":[{"id":204,"name":"FredFloris &amp; Socio","slug":"fredfloris-partner"}],"_links":{"self":[{"href":"https:\/\/fredfloris.eu\/es\/wp-json\/wp\/v2\/product\/5267","targetHints":{"allow":["GET"]}}],"collection":[{"href":"https:\/\/fredfloris.eu\/es\/wp-json\/wp\/v2\/product"}],"about":[{"href":"https:\/\/fredfloris.eu\/es\/wp-json\/wp\/v2\/types\/product"}],"version-history":[{"count":6,"href":"https:\/\/fredfloris.eu\/es\/wp-json\/wp\/v2\/product\/5267\/revisions"}],"predecessor-version":[{"id":11588,"href":"https:\/\/fredfloris.eu\/es\/wp-json\/wp\/v2\/product\/5267\/revisions\/11588"}],"wp:featuredmedia":[{"embeddable":true,"href":"https:\/\/fredfloris.eu\/es\/wp-json\/wp\/v2\/media\/4802"}],"wp:attachment":[{"href":"https:\/\/fredfloris.eu\/es\/wp-json\/wp\/v2\/media?parent=5267"}],"wp:term":[{"taxonomy":"pwb-brand","embeddable":true,"href":"https:\/\/fredfloris.eu\/es\/wp-json\/wp\/v2\/pwb-brand?post=5267"},{"taxonomy":"product_brand","embeddable":true,"href":"https:\/\/fredfloris.eu\/es\/wp-json\/wp\/v2\/product_brand?post=5267"},{"taxonomy":"product_cat","embeddable":true,"href":"https:\/\/fredfloris.eu\/es\/wp-json\/wp\/v2\/product_cat?post=5267"},{"taxonomy":"product_tag","embeddable":true,"href":"https:\/\/fredfloris.eu\/es\/wp-json\/wp\/v2\/product_tag?post=5267"},{"taxonomy":"woo-feed-brand","embeddable":true,"href":"https:\/\/fredfloris.eu\/es\/wp-json\/wp\/v2\/woo-feed-brand?post=5267"}],"curies":[{"name":"wp","href":"https:\/\/api.w.org\/{rel}","templated":true}]}}