{"id":5315,"date":"2022-05-18T19:01:53","date_gmt":"2022-05-18T17:01:53","guid":{"rendered":"https:\/\/fredfloris.eu\/?post_type=product&#038;p=5315"},"modified":"2024-07-23T20:26:35","modified_gmt":"2024-07-23T18:26:35","slug":"hoop-40-mm-earrings","status":"publish","type":"product","link":"https:\/\/fredfloris.eu\/es\/productpage\/hoop-40-mm-earrings\/","title":{"rendered":"V\u00e5r - Pendientes de aro redondo de 40 mm"},"content":{"rendered":"<p><strong>Adopte un estilo atemporal con nuestros grandes pendientes de aro fino de 40 mm.<\/strong> Su atrevida sencillez los convierte en un complemento chic sin esfuerzo para cualquier armario. Adecuados para todas las formas de cara, estos aros pueden combinarse a la perfecci\u00f3n con cualquier atuendo, lo que los hace perfectos para ocasiones especiales, bodas, fiestas, funciones de trabajo y reuniones familiares.<\/p>\n<p><strong>Opciones disponibles:<\/strong> Elaborado en plata de ley 925 con opciones de chapado en platino o en oro de 24 quilates.<\/p>\n<p><strong>Dise\u00f1o cl\u00e1sico:<\/strong> Los pendientes de aro son una elecci\u00f3n cl\u00e1sica que complementa cualquier forma de cara, tono de piel y estilo. Su dise\u00f1o discreto pero suntuoso los convierte en una inversi\u00f3n que merece la pena en su repertorio de moda.<\/p>\n<p><strong>Un presente significativo:<\/strong> Estos pendientes de aro redondos son un regalo ideal para cualquier amante de las joyas. De precio modesto pero de gran calidad, son perfectos para cualquier ocasi\u00f3n.<\/p>\n<p><strong>Hipoalerg\u00e9nico:<\/strong> Nuestros pendientes no contienen n\u00edquel, por lo que son seguros para las pieles sensibles y evitan la irritaci\u00f3n y el deslustre con el paso del tiempo. El cierre seguro garantiza que los pendientes permanezcan c\u00f3modamente en su sitio.<\/p>\n<p><strong>Cuidado de las joyas:<\/strong> Para mantener su estado pr\u00edstino, guarde los pendientes en una caja o bolsa blanda separada de otras joyas. Evite la exposici\u00f3n a productos qu\u00edmicos para evitar da\u00f1os. El chapado, ya sea de platino o de oro, es delicado y, como todos los chapados, se decolorar\u00e1 con el tiempo. Limite el contacto con productos qu\u00edmicos y con la piel para prolongar la vida del chapado.<\/p>\n<p>&nbsp;<\/p>\n<p>Palabras de b\u00fasqueda: pendientes de aro redondos, Oro, pendientes de aro de plata<\/p>","protected":false},"excerpt":{"rendered":"<p><strong>DIMENSIONES DEL PRODUCTO - <\/strong>Peso del producto: 3 g (par)<\/p>\n<p>Di\u00e1metro interior del anillo de salto: 37 mm. Di\u00e1metro del anillo de salto exterior: 40 mm. Espesor: 1,50 mm. Disponible en plata de ley\/ba\u00f1ada en platino\/ba\u00f1ada en oro de 24 quilates - 0,4 \u00b5m.<\/p>\n<pre><\/pre>\n<p>Nuestro experimentado socio en Polonia fabrica la base de los pendientes. Utilizamos plata chapada de 0,4 \u00b5m de grosor, ya que no oscurece ni desluce la joya. El producto tiene cierta resistencia a la decoloraci\u00f3n, pero aseg\u00farese de seguir nuestras instrucciones de cuidado para prolongar la vida de su nueva joya.<\/p>","protected":false},"featured_media":4757,"template":"","meta":[],"pwb-brand":[204],"product_brand":[],"product_cat":[113,116,101],"product_tag":[163,165,164,135],"woo-feed-brand":[],"class_list":{"0":"post-5315","1":"product","2":"type-product","3":"status-publish","4":"has-post-thumbnail","6":"pwb-brand-fredfloris-partner","7":"product_cat-earrings","8":"product_cat-hoop-earrings","9":"product_cat-jewelry","10":"product_tag-gold","11":"product_tag-platinum","12":"product_tag-silver","13":"product_tag-stocked","14":"product_shipping_class-small-goods","15":"pa_hoops-40-mm-ag-925-24k-gold-plated-04-m","16":"pa_hoops-40-mm-ag-925-platinum-plated-04-m","18":"first","19":"instock","20":"taxable","21":"shipping-taxable","22":"purchasable","23":"product-type-variable"},"yoast_head":"<!-- This site is optimized with the Yoast SEO plugin v27.2 - https:\/\/yoast.com\/product\/yoast-seo-wordpress\/ -->\n<title>V\u00e5r - Round Hoop 40 mm Earrings | FredFloris<\/title>\n<meta name=\"description\" content=\"The large round hoop earrings feature an infinity clasp, available in 925 sterling silver with platinum plating or 24k gold plating.\" \/>\n<meta name=\"robots\" content=\"index, follow, max-snippet:-1, max-image-preview:large, max-video-preview:-1\" \/>\n<link rel=\"canonical\" href=\"https:\/\/fredfloris.eu\/es\/productpage\/hoop-40-mm-earrings\/?wmc-currency=EUR\" \/>\n<meta property=\"og:locale\" content=\"es_ES\" \/>\n<meta property=\"og:type\" content=\"article\" \/>\n<meta property=\"og:title\" content=\"V\u00e5r - Round Hoop 40 mm Earrings | FredFloris\" \/>\n<meta property=\"og:description\" content=\"The large round hoop earrings feature an infinity clasp, available in 925 sterling silver with platinum plating or 24k gold plating.\" \/>\n<meta property=\"og:url\" content=\"https:\/\/fredfloris.eu\/es\/productpage\/hoop-40-mm-earrings\/?wmc-currency=EUR\" \/>\n<meta property=\"og:site_name\" content=\"FredFloris\" \/>\n<meta property=\"article:publisher\" content=\"https:\/\/www.facebook.com\/FredFloris.Artisan.Studio\/\" \/>\n<meta property=\"article:modified_time\" content=\"2024-07-23T18:26:35+00:00\" \/>\n<meta property=\"og:image\" content=\"https:\/\/fredfloris.eu\/wp-content\/uploads\/2022\/05\/IMG_2214-scaled.jpg\" \/>\n\t<meta property=\"og:image:width\" content=\"2560\" \/>\n\t<meta property=\"og:image:height\" content=\"1707\" \/>\n\t<meta property=\"og:image:type\" content=\"image\/jpeg\" \/>\n<meta name=\"twitter:card\" content=\"summary_large_image\" \/>\n<meta name=\"twitter:site\" content=\"@_fredfloris_\" \/>\n<meta name=\"twitter:label1\" content=\"Tiempo de lectura\" \/>\n\t<meta name=\"twitter:data1\" content=\"2 minutos\" \/>\n<script type=\"application\/ld+json\" class=\"yoast-schema-graph\">{\"@context\":\"https:\/\/schema.org\",\"@graph\":[{\"@type\":\"WebPage\",\"@id\":\"https:\/\/fredfloris.eu\/productpage\/hoop-40-mm-earrings\/\",\"url\":\"https:\/\/fredfloris.eu\/productpage\/hoop-40-mm-earrings\/\",\"name\":\"V\u00e5r - Round Hoop 40 mm Earrings | FredFloris\",\"isPartOf\":{\"@id\":\"https:\/\/fredfloris.eu\/#website\"},\"primaryImageOfPage\":{\"@id\":\"https:\/\/fredfloris.eu\/productpage\/hoop-40-mm-earrings\/#primaryimage\"},\"image\":{\"@id\":\"https:\/\/fredfloris.eu\/productpage\/hoop-40-mm-earrings\/#primaryimage\"},\"thumbnailUrl\":\"https:\/\/fredfloris.eu\/wp-content\/uploads\/2022\/05\/IMG_2214-scaled-e1740245591133.jpg\",\"datePublished\":\"2022-05-18T17:01:53+00:00\",\"dateModified\":\"2024-07-23T18:26:35+00:00\",\"description\":\"The large round hoop earrings feature an infinity clasp, available in 925 sterling silver with platinum plating or 24k gold plating.\",\"breadcrumb\":{\"@id\":\"https:\/\/fredfloris.eu\/productpage\/hoop-40-mm-earrings\/#breadcrumb\"},\"inLanguage\":\"es\",\"potentialAction\":[{\"@type\":\"ReadAction\",\"target\":[\"https:\/\/fredfloris.eu\/productpage\/hoop-40-mm-earrings\/\"]}]},{\"@type\":\"ImageObject\",\"inLanguage\":\"es\",\"@id\":\"https:\/\/fredfloris.eu\/productpage\/hoop-40-mm-earrings\/#primaryimage\",\"url\":\"https:\/\/fredfloris.eu\/wp-content\/uploads\/2022\/05\/IMG_2214-scaled-e1740245591133.jpg\",\"contentUrl\":\"https:\/\/fredfloris.eu\/wp-content\/uploads\/2022\/05\/IMG_2214-scaled-e1740245591133.jpg\",\"width\":1937,\"height\":1292,\"caption\":\"Product: Round Hoop 40 mm \u2013 Gold and Platinum Plated Silver\"},{\"@type\":\"BreadcrumbList\",\"@id\":\"https:\/\/fredfloris.eu\/productpage\/hoop-40-mm-earrings\/#breadcrumb\",\"itemListElement\":[{\"@type\":\"ListItem\",\"position\":1,\"name\":\"Home\",\"item\":\"https:\/\/fredfloris.eu\/\"},{\"@type\":\"ListItem\",\"position\":2,\"name\":\"Shop\",\"item\":\"https:\/\/fredfloris.eu\/shop\/\"},{\"@type\":\"ListItem\",\"position\":3,\"name\":\"V\u00e5r &#8211; Round Hoop 40 mm Earrings\"}]},{\"@type\":\"WebSite\",\"@id\":\"https:\/\/fredfloris.eu\/#website\",\"url\":\"https:\/\/fredfloris.eu\/\",\"name\":\"FredFloris\",\"description\":\"Handcrafted Leathergoods - Made in Sweden\",\"publisher\":{\"@id\":\"https:\/\/fredfloris.eu\/#organization\"},\"potentialAction\":[{\"@type\":\"SearchAction\",\"target\":{\"@type\":\"EntryPoint\",\"urlTemplate\":\"https:\/\/fredfloris.eu\/?s={search_term_string}\"},\"query-input\":{\"@type\":\"PropertyValueSpecification\",\"valueRequired\":true,\"valueName\":\"search_term_string\"}}],\"inLanguage\":\"es\"},{\"@type\":\"Organization\",\"@id\":\"https:\/\/fredfloris.eu\/#organization\",\"name\":\"FredFloris\",\"url\":\"https:\/\/fredfloris.eu\/\",\"logo\":{\"@type\":\"ImageObject\",\"inLanguage\":\"es\",\"@id\":\"https:\/\/fredfloris.eu\/#\/schema\/logo\/image\/\",\"url\":\"https:\/\/fredfloris.eu\/wp-content\/uploads\/2022\/03\/FredFloris-med-hel-nal-och-text.png\",\"contentUrl\":\"https:\/\/fredfloris.eu\/wp-content\/uploads\/2022\/03\/FredFloris-med-hel-nal-och-text.png\",\"width\":591,\"height\":283,\"caption\":\"FredFloris\"},\"image\":{\"@id\":\"https:\/\/fredfloris.eu\/#\/schema\/logo\/image\/\"},\"sameAs\":[\"https:\/\/www.facebook.com\/FredFloris.Artisan.Studio\/\",\"https:\/\/x.com\/_fredfloris_\",\"https:\/\/www.instagram.com\/fredfloris.artisan.studio\/\"]}]}<\/script>\n<!-- \/ Yoast SEO plugin. -->","yoast_head_json":{"title":"V\u00e5r - Pendientes de aro redondo de 40 mm | FredFloris","description":"Los pendientes de aro redondo grande presentan un cierre infinito, y est\u00e1n disponibles en plata de ley 925 con ba\u00f1o de platino o con ba\u00f1o de oro de 24k.","robots":{"index":"index","follow":"follow","max-snippet":"max-snippet:-1","max-image-preview":"max-image-preview:large","max-video-preview":"max-video-preview:-1"},"canonical":"https:\/\/fredfloris.eu\/es\/productpage\/hoop-40-mm-earrings\/?wmc-currency=EUR","og_locale":"es_ES","og_type":"article","og_title":"V\u00e5r - Round Hoop 40 mm Earrings | FredFloris","og_description":"The large round hoop earrings feature an infinity clasp, available in 925 sterling silver with platinum plating or 24k gold plating.","og_url":"https:\/\/fredfloris.eu\/es\/productpage\/hoop-40-mm-earrings\/?wmc-currency=EUR","og_site_name":"FredFloris","article_publisher":"https:\/\/www.facebook.com\/FredFloris.Artisan.Studio\/","article_modified_time":"2024-07-23T18:26:35+00:00","og_image":[{"width":2560,"height":1707,"url":"https:\/\/fredfloris.eu\/wp-content\/uploads\/2022\/05\/IMG_2214-scaled.jpg","type":"image\/jpeg"}],"twitter_card":"summary_large_image","twitter_site":"@_fredfloris_","twitter_misc":{"Tiempo de lectura":"2 minutos"},"schema":{"@context":"https:\/\/schema.org","@graph":[{"@type":"WebPage","@id":"https:\/\/fredfloris.eu\/productpage\/hoop-40-mm-earrings\/","url":"https:\/\/fredfloris.eu\/productpage\/hoop-40-mm-earrings\/","name":"V\u00e5r - Pendientes de aro redondo de 40 mm | FredFloris","isPartOf":{"@id":"https:\/\/fredfloris.eu\/#website"},"primaryImageOfPage":{"@id":"https:\/\/fredfloris.eu\/productpage\/hoop-40-mm-earrings\/#primaryimage"},"image":{"@id":"https:\/\/fredfloris.eu\/productpage\/hoop-40-mm-earrings\/#primaryimage"},"thumbnailUrl":"https:\/\/fredfloris.eu\/wp-content\/uploads\/2022\/05\/IMG_2214-scaled-e1740245591133.jpg","datePublished":"2022-05-18T17:01:53+00:00","dateModified":"2024-07-23T18:26:35+00:00","description":"Los pendientes de aro redondo grande presentan un cierre infinito, y est\u00e1n disponibles en plata de ley 925 con ba\u00f1o de platino o con ba\u00f1o de oro de 24k.","breadcrumb":{"@id":"https:\/\/fredfloris.eu\/productpage\/hoop-40-mm-earrings\/#breadcrumb"},"inLanguage":"es","potentialAction":[{"@type":"ReadAction","target":["https:\/\/fredfloris.eu\/productpage\/hoop-40-mm-earrings\/"]}]},{"@type":"ImageObject","inLanguage":"es","@id":"https:\/\/fredfloris.eu\/productpage\/hoop-40-mm-earrings\/#primaryimage","url":"https:\/\/fredfloris.eu\/wp-content\/uploads\/2022\/05\/IMG_2214-scaled-e1740245591133.jpg","contentUrl":"https:\/\/fredfloris.eu\/wp-content\/uploads\/2022\/05\/IMG_2214-scaled-e1740245591133.jpg","width":1937,"height":1292,"caption":"Product: Round Hoop 40 mm \u2013 Gold and Platinum Plated Silver"},{"@type":"BreadcrumbList","@id":"https:\/\/fredfloris.eu\/productpage\/hoop-40-mm-earrings\/#breadcrumb","itemListElement":[{"@type":"ListItem","position":1,"name":"Home","item":"https:\/\/fredfloris.eu\/"},{"@type":"ListItem","position":2,"name":"Shop","item":"https:\/\/fredfloris.eu\/shop\/"},{"@type":"ListItem","position":3,"name":"V\u00e5r &#8211; Round Hoop 40 mm Earrings"}]},{"@type":"WebSite","@id":"https:\/\/fredfloris.eu\/#website","url":"https:\/\/fredfloris.eu\/","name":"FredFloris","description":"Marroquiner\u00eda artesanal - Made in Sweden","publisher":{"@id":"https:\/\/fredfloris.eu\/#organization"},"potentialAction":[{"@type":"SearchAction","target":{"@type":"EntryPoint","urlTemplate":"https:\/\/fredfloris.eu\/?s={search_term_string}"},"query-input":{"@type":"PropertyValueSpecification","valueRequired":true,"valueName":"search_term_string"}}],"inLanguage":"es"},{"@type":"Organization","@id":"https:\/\/fredfloris.eu\/#organization","name":"FredFloris","url":"https:\/\/fredfloris.eu\/","logo":{"@type":"ImageObject","inLanguage":"es","@id":"https:\/\/fredfloris.eu\/#\/schema\/logo\/image\/","url":"https:\/\/fredfloris.eu\/wp-content\/uploads\/2022\/03\/FredFloris-med-hel-nal-och-text.png","contentUrl":"https:\/\/fredfloris.eu\/wp-content\/uploads\/2022\/03\/FredFloris-med-hel-nal-och-text.png","width":591,"height":283,"caption":"FredFloris"},"image":{"@id":"https:\/\/fredfloris.eu\/#\/schema\/logo\/image\/"},"sameAs":["https:\/\/www.facebook.com\/FredFloris.Artisan.Studio\/","https:\/\/x.com\/_fredfloris_","https:\/\/www.instagram.com\/fredfloris.artisan.studio\/"]}]}},"brands":[{"id":204,"name":"FredFloris &amp; Socio","slug":"fredfloris-partner"}],"_links":{"self":[{"href":"https:\/\/fredfloris.eu\/es\/wp-json\/wp\/v2\/product\/5315","targetHints":{"allow":["GET"]}}],"collection":[{"href":"https:\/\/fredfloris.eu\/es\/wp-json\/wp\/v2\/product"}],"about":[{"href":"https:\/\/fredfloris.eu\/es\/wp-json\/wp\/v2\/types\/product"}],"version-history":[{"count":8,"href":"https:\/\/fredfloris.eu\/es\/wp-json\/wp\/v2\/product\/5315\/revisions"}],"predecessor-version":[{"id":11586,"href":"https:\/\/fredfloris.eu\/es\/wp-json\/wp\/v2\/product\/5315\/revisions\/11586"}],"wp:featuredmedia":[{"embeddable":true,"href":"https:\/\/fredfloris.eu\/es\/wp-json\/wp\/v2\/media\/4757"}],"wp:attachment":[{"href":"https:\/\/fredfloris.eu\/es\/wp-json\/wp\/v2\/media?parent=5315"}],"wp:term":[{"taxonomy":"pwb-brand","embeddable":true,"href":"https:\/\/fredfloris.eu\/es\/wp-json\/wp\/v2\/pwb-brand?post=5315"},{"taxonomy":"product_brand","embeddable":true,"href":"https:\/\/fredfloris.eu\/es\/wp-json\/wp\/v2\/product_brand?post=5315"},{"taxonomy":"product_cat","embeddable":true,"href":"https:\/\/fredfloris.eu\/es\/wp-json\/wp\/v2\/product_cat?post=5315"},{"taxonomy":"product_tag","embeddable":true,"href":"https:\/\/fredfloris.eu\/es\/wp-json\/wp\/v2\/product_tag?post=5315"},{"taxonomy":"woo-feed-brand","embeddable":true,"href":"https:\/\/fredfloris.eu\/es\/wp-json\/wp\/v2\/woo-feed-brand?post=5315"}],"curies":[{"name":"wp","href":"https:\/\/api.w.org\/{rel}","templated":true}]}}