{"id":5406,"date":"2022-05-19T18:48:15","date_gmt":"2022-05-19T16:48:15","guid":{"rendered":"https:\/\/fredfloris.eu\/?post_type=product&#038;p=5406"},"modified":"2024-06-24T20:43:34","modified_gmt":"2024-06-24T18:43:34","slug":"nfc-card-rfid-blocking","status":"publish","type":"product","link":"https:\/\/fredfloris.eu\/es\/productpage\/nfc-card-rfid-blocking\/","title":{"rendered":"Protector de tarjetas NFC - Bloqueador RFID"},"content":{"rendered":"<p><strong>Evite el robo de su tarjeta de cr\u00e9dito con nuestra tarjeta bloqueadora RFID.<\/strong> Esta tarjeta contiene un chip que interrumpe las se\u00f1ales RFID, proporcionando un escudo contra el escaneado no autorizado de sus tarjetas bancarias sin contacto. Dado que estas tarjetas suelen carecer de cifrado, el uso de un bloqueador RFID es esencial para proteger sus datos personales.<\/p>\n<p><strong>Oferta especial:<\/strong> Se incluye gratuitamente un protector de tarjeta NFC con cada compra de un <a href=\"https:\/\/fredfloris.eu\/es\/products\/leathergoods\/wallets\/?wmc-currency=EUR\" rel=\"noopener\">Cartera FredFloris<\/a>.<\/p>\n<p><strong>Especificaciones del producto:<\/strong><\/p>\n<ul>\n<li><strong>Frecuencia:<\/strong> 13,56 MHz<\/li>\n<li><strong>Distancia de bloqueo de la se\u00f1al:<\/strong> 6-8 cm<\/li>\n<li><strong>Compatibilidad:<\/strong> ISO 14443A<\/li>\n<\/ul>","protected":false},"excerpt":{"rendered":"<p>DIMENSIONES DEL PRODUCTO - Peso del producto: 6 g, Grosor: 0,9 mm, Anchura: 85,5 mm, Altura: 54 mm<\/p>\n<pre><\/pre>\n<p>SKU: ncp\/car\/pla\/fre<\/p>\n<p>Marca: FredFloris &amp; Partner<\/p>","protected":false},"featured_media":5381,"template":"","meta":[],"pwb-brand":[],"product_brand":[],"product_cat":[187,188],"product_tag":[135],"woo-feed-brand":[],"class_list":{"0":"post-5406","1":"product","2":"type-product","3":"status-publish","4":"has-post-thumbnail","6":"product_cat-accessories","7":"product_cat-rfid-cards","8":"product_tag-stocked","9":"product_shipping_class-small-goods","11":"first","12":"instock","13":"taxable","14":"shipping-taxable","15":"purchasable","16":"product-type-simple"},"yoast_head":"<!-- This site is optimized with the Yoast SEO plugin v27.2 - https:\/\/yoast.com\/product\/yoast-seo-wordpress\/ -->\n<title>Prevent Credit Card Skimming | FredFloris<\/title>\n<meta name=\"description\" content=\"Prevent credit card skimming with our RFID blocker, included with every FredFloris wallet, place it inside and it becomes a RFID wallet.\" \/>\n<meta name=\"robots\" content=\"index, follow, max-snippet:-1, max-image-preview:large, max-video-preview:-1\" \/>\n<link rel=\"canonical\" href=\"https:\/\/fredfloris.eu\/es\/productpage\/nfc-card-rfid-blocking\/?wmc-currency=EUR\" \/>\n<meta property=\"og:locale\" content=\"es_ES\" \/>\n<meta property=\"og:type\" content=\"article\" \/>\n<meta property=\"og:title\" content=\"Prevent Credit Card Skimming | FredFloris\" \/>\n<meta property=\"og:description\" content=\"Prevent credit card skimming with our RFID blocker, included with every FredFloris wallet, place it inside and it becomes a RFID wallet.\" \/>\n<meta property=\"og:url\" content=\"https:\/\/fredfloris.eu\/es\/productpage\/nfc-card-rfid-blocking\/?wmc-currency=EUR\" \/>\n<meta property=\"og:site_name\" content=\"FredFloris\" \/>\n<meta property=\"article:publisher\" content=\"https:\/\/www.facebook.com\/FredFloris.Artisan.Studio\/\" \/>\n<meta property=\"article:modified_time\" content=\"2024-06-24T18:43:34+00:00\" \/>\n<meta property=\"og:image\" content=\"https:\/\/fredfloris.eu\/wp-content\/uploads\/2022\/05\/IMG_2716-scaled.jpg\" \/>\n\t<meta property=\"og:image:width\" content=\"2560\" \/>\n\t<meta property=\"og:image:height\" content=\"1707\" \/>\n\t<meta property=\"og:image:type\" content=\"image\/jpeg\" \/>\n<meta name=\"twitter:card\" content=\"summary_large_image\" \/>\n<meta name=\"twitter:site\" content=\"@_fredfloris_\" \/>\n<meta name=\"twitter:label1\" content=\"Tiempo de lectura\" \/>\n\t<meta name=\"twitter:data1\" content=\"1 minuto\" \/>\n<script type=\"application\/ld+json\" class=\"yoast-schema-graph\">{\"@context\":\"https:\/\/schema.org\",\"@graph\":[{\"@type\":\"WebPage\",\"@id\":\"https:\/\/fredfloris.eu\/productpage\/nfc-card-rfid-blocking\/\",\"url\":\"https:\/\/fredfloris.eu\/productpage\/nfc-card-rfid-blocking\/\",\"name\":\"Prevent Credit Card Skimming | FredFloris\",\"isPartOf\":{\"@id\":\"https:\/\/fredfloris.eu\/#website\"},\"primaryImageOfPage\":{\"@id\":\"https:\/\/fredfloris.eu\/productpage\/nfc-card-rfid-blocking\/#primaryimage\"},\"image\":{\"@id\":\"https:\/\/fredfloris.eu\/productpage\/nfc-card-rfid-blocking\/#primaryimage\"},\"thumbnailUrl\":\"https:\/\/fredfloris.eu\/wp-content\/uploads\/2022\/05\/IMG_2716-scaled.jpg\",\"datePublished\":\"2022-05-19T16:48:15+00:00\",\"dateModified\":\"2024-06-24T18:43:34+00:00\",\"description\":\"Prevent credit card skimming with our RFID blocker, included with every FredFloris wallet, place it inside and it becomes a RFID wallet.\",\"breadcrumb\":{\"@id\":\"https:\/\/fredfloris.eu\/productpage\/nfc-card-rfid-blocking\/#breadcrumb\"},\"inLanguage\":\"es\",\"potentialAction\":[{\"@type\":\"ReadAction\",\"target\":[\"https:\/\/fredfloris.eu\/productpage\/nfc-card-rfid-blocking\/\"]}]},{\"@type\":\"ImageObject\",\"inLanguage\":\"es\",\"@id\":\"https:\/\/fredfloris.eu\/productpage\/nfc-card-rfid-blocking\/#primaryimage\",\"url\":\"https:\/\/fredfloris.eu\/wp-content\/uploads\/2022\/05\/IMG_2716-scaled.jpg\",\"contentUrl\":\"https:\/\/fredfloris.eu\/wp-content\/uploads\/2022\/05\/IMG_2716-scaled.jpg\",\"width\":2560,\"height\":1707,\"caption\":\"Product: NFC Card Protector - RFID Blocker, Anti-Skimming Card\"},{\"@type\":\"BreadcrumbList\",\"@id\":\"https:\/\/fredfloris.eu\/productpage\/nfc-card-rfid-blocking\/#breadcrumb\",\"itemListElement\":[{\"@type\":\"ListItem\",\"position\":1,\"name\":\"Home\",\"item\":\"https:\/\/fredfloris.eu\/\"},{\"@type\":\"ListItem\",\"position\":2,\"name\":\"Shop\",\"item\":\"https:\/\/fredfloris.eu\/shop\/\"},{\"@type\":\"ListItem\",\"position\":3,\"name\":\"NFC Card Protector &#8211; RFID Blocker\"}]},{\"@type\":\"WebSite\",\"@id\":\"https:\/\/fredfloris.eu\/#website\",\"url\":\"https:\/\/fredfloris.eu\/\",\"name\":\"FredFloris\",\"description\":\"Handcrafted Leathergoods - Made in Sweden\",\"publisher\":{\"@id\":\"https:\/\/fredfloris.eu\/#organization\"},\"potentialAction\":[{\"@type\":\"SearchAction\",\"target\":{\"@type\":\"EntryPoint\",\"urlTemplate\":\"https:\/\/fredfloris.eu\/?s={search_term_string}\"},\"query-input\":{\"@type\":\"PropertyValueSpecification\",\"valueRequired\":true,\"valueName\":\"search_term_string\"}}],\"inLanguage\":\"es\"},{\"@type\":\"Organization\",\"@id\":\"https:\/\/fredfloris.eu\/#organization\",\"name\":\"FredFloris\",\"url\":\"https:\/\/fredfloris.eu\/\",\"logo\":{\"@type\":\"ImageObject\",\"inLanguage\":\"es\",\"@id\":\"https:\/\/fredfloris.eu\/#\/schema\/logo\/image\/\",\"url\":\"https:\/\/fredfloris.eu\/wp-content\/uploads\/2022\/03\/FredFloris-med-hel-nal-och-text.png\",\"contentUrl\":\"https:\/\/fredfloris.eu\/wp-content\/uploads\/2022\/03\/FredFloris-med-hel-nal-och-text.png\",\"width\":591,\"height\":283,\"caption\":\"FredFloris\"},\"image\":{\"@id\":\"https:\/\/fredfloris.eu\/#\/schema\/logo\/image\/\"},\"sameAs\":[\"https:\/\/www.facebook.com\/FredFloris.Artisan.Studio\/\",\"https:\/\/x.com\/_fredfloris_\",\"https:\/\/www.instagram.com\/fredfloris.artisan.studio\/\"]}]}<\/script>\n<!-- \/ Yoast SEO plugin. -->","yoast_head_json":{"title":"Prevenir el robo de tarjetas de cr\u00e9dito | FredFloris","description":"Evite el robo de tarjetas de cr\u00e9dito con nuestro bloqueador RFID, incluido en todas las carteras FredFloris, col\u00f3quelo dentro y se convertir\u00e1 en una cartera RFID.","robots":{"index":"index","follow":"follow","max-snippet":"max-snippet:-1","max-image-preview":"max-image-preview:large","max-video-preview":"max-video-preview:-1"},"canonical":"https:\/\/fredfloris.eu\/es\/productpage\/nfc-card-rfid-blocking\/?wmc-currency=EUR","og_locale":"es_ES","og_type":"article","og_title":"Prevent Credit Card Skimming | FredFloris","og_description":"Prevent credit card skimming with our RFID blocker, included with every FredFloris wallet, place it inside and it becomes a RFID wallet.","og_url":"https:\/\/fredfloris.eu\/es\/productpage\/nfc-card-rfid-blocking\/?wmc-currency=EUR","og_site_name":"FredFloris","article_publisher":"https:\/\/www.facebook.com\/FredFloris.Artisan.Studio\/","article_modified_time":"2024-06-24T18:43:34+00:00","og_image":[{"width":2560,"height":1707,"url":"https:\/\/fredfloris.eu\/wp-content\/uploads\/2022\/05\/IMG_2716-scaled.jpg","type":"image\/jpeg"}],"twitter_card":"summary_large_image","twitter_site":"@_fredfloris_","twitter_misc":{"Tiempo de lectura":"1 minuto"},"schema":{"@context":"https:\/\/schema.org","@graph":[{"@type":"WebPage","@id":"https:\/\/fredfloris.eu\/productpage\/nfc-card-rfid-blocking\/","url":"https:\/\/fredfloris.eu\/productpage\/nfc-card-rfid-blocking\/","name":"Prevenir el robo de tarjetas de cr\u00e9dito | FredFloris","isPartOf":{"@id":"https:\/\/fredfloris.eu\/#website"},"primaryImageOfPage":{"@id":"https:\/\/fredfloris.eu\/productpage\/nfc-card-rfid-blocking\/#primaryimage"},"image":{"@id":"https:\/\/fredfloris.eu\/productpage\/nfc-card-rfid-blocking\/#primaryimage"},"thumbnailUrl":"https:\/\/fredfloris.eu\/wp-content\/uploads\/2022\/05\/IMG_2716-scaled.jpg","datePublished":"2022-05-19T16:48:15+00:00","dateModified":"2024-06-24T18:43:34+00:00","description":"Evite el robo de tarjetas de cr\u00e9dito con nuestro bloqueador RFID, incluido en todas las carteras FredFloris, col\u00f3quelo dentro y se convertir\u00e1 en una cartera RFID.","breadcrumb":{"@id":"https:\/\/fredfloris.eu\/productpage\/nfc-card-rfid-blocking\/#breadcrumb"},"inLanguage":"es","potentialAction":[{"@type":"ReadAction","target":["https:\/\/fredfloris.eu\/productpage\/nfc-card-rfid-blocking\/"]}]},{"@type":"ImageObject","inLanguage":"es","@id":"https:\/\/fredfloris.eu\/productpage\/nfc-card-rfid-blocking\/#primaryimage","url":"https:\/\/fredfloris.eu\/wp-content\/uploads\/2022\/05\/IMG_2716-scaled.jpg","contentUrl":"https:\/\/fredfloris.eu\/wp-content\/uploads\/2022\/05\/IMG_2716-scaled.jpg","width":2560,"height":1707,"caption":"Product: NFC Card Protector - RFID Blocker, Anti-Skimming Card"},{"@type":"BreadcrumbList","@id":"https:\/\/fredfloris.eu\/productpage\/nfc-card-rfid-blocking\/#breadcrumb","itemListElement":[{"@type":"ListItem","position":1,"name":"Home","item":"https:\/\/fredfloris.eu\/"},{"@type":"ListItem","position":2,"name":"Shop","item":"https:\/\/fredfloris.eu\/shop\/"},{"@type":"ListItem","position":3,"name":"NFC Card Protector &#8211; RFID Blocker"}]},{"@type":"WebSite","@id":"https:\/\/fredfloris.eu\/#website","url":"https:\/\/fredfloris.eu\/","name":"FredFloris","description":"Marroquiner\u00eda artesanal - Made in Sweden","publisher":{"@id":"https:\/\/fredfloris.eu\/#organization"},"potentialAction":[{"@type":"SearchAction","target":{"@type":"EntryPoint","urlTemplate":"https:\/\/fredfloris.eu\/?s={search_term_string}"},"query-input":{"@type":"PropertyValueSpecification","valueRequired":true,"valueName":"search_term_string"}}],"inLanguage":"es"},{"@type":"Organization","@id":"https:\/\/fredfloris.eu\/#organization","name":"FredFloris","url":"https:\/\/fredfloris.eu\/","logo":{"@type":"ImageObject","inLanguage":"es","@id":"https:\/\/fredfloris.eu\/#\/schema\/logo\/image\/","url":"https:\/\/fredfloris.eu\/wp-content\/uploads\/2022\/03\/FredFloris-med-hel-nal-och-text.png","contentUrl":"https:\/\/fredfloris.eu\/wp-content\/uploads\/2022\/03\/FredFloris-med-hel-nal-och-text.png","width":591,"height":283,"caption":"FredFloris"},"image":{"@id":"https:\/\/fredfloris.eu\/#\/schema\/logo\/image\/"},"sameAs":["https:\/\/www.facebook.com\/FredFloris.Artisan.Studio\/","https:\/\/x.com\/_fredfloris_","https:\/\/www.instagram.com\/fredfloris.artisan.studio\/"]}]}},"brands":[],"_links":{"self":[{"href":"https:\/\/fredfloris.eu\/es\/wp-json\/wp\/v2\/product\/5406","targetHints":{"allow":["GET"]}}],"collection":[{"href":"https:\/\/fredfloris.eu\/es\/wp-json\/wp\/v2\/product"}],"about":[{"href":"https:\/\/fredfloris.eu\/es\/wp-json\/wp\/v2\/types\/product"}],"version-history":[{"count":6,"href":"https:\/\/fredfloris.eu\/es\/wp-json\/wp\/v2\/product\/5406\/revisions"}],"predecessor-version":[{"id":11531,"href":"https:\/\/fredfloris.eu\/es\/wp-json\/wp\/v2\/product\/5406\/revisions\/11531"}],"wp:featuredmedia":[{"embeddable":true,"href":"https:\/\/fredfloris.eu\/es\/wp-json\/wp\/v2\/media\/5381"}],"wp:attachment":[{"href":"https:\/\/fredfloris.eu\/es\/wp-json\/wp\/v2\/media?parent=5406"}],"wp:term":[{"taxonomy":"pwb-brand","embeddable":true,"href":"https:\/\/fredfloris.eu\/es\/wp-json\/wp\/v2\/pwb-brand?post=5406"},{"taxonomy":"product_brand","embeddable":true,"href":"https:\/\/fredfloris.eu\/es\/wp-json\/wp\/v2\/product_brand?post=5406"},{"taxonomy":"product_cat","embeddable":true,"href":"https:\/\/fredfloris.eu\/es\/wp-json\/wp\/v2\/product_cat?post=5406"},{"taxonomy":"product_tag","embeddable":true,"href":"https:\/\/fredfloris.eu\/es\/wp-json\/wp\/v2\/product_tag?post=5406"},{"taxonomy":"woo-feed-brand","embeddable":true,"href":"https:\/\/fredfloris.eu\/es\/wp-json\/wp\/v2\/woo-feed-brand?post=5406"}],"curies":[{"name":"wp","href":"https:\/\/api.w.org\/{rel}","templated":true}]}}