{"id":9905,"date":"2022-08-21T15:06:55","date_gmt":"2022-08-21T13:06:55","guid":{"rendered":"https:\/\/fredfloris.eu\/?post_type=product&#038;p=9905"},"modified":"2025-02-22T19:54:15","modified_gmt":"2025-02-22T17:54:15","slug":"smalandijs-leather-cufflinks","status":"publish","type":"product","link":"https:\/\/fredfloris.eu\/es\/productpage\/smalandijs-leather-cufflinks\/","title":{"rendered":"Smalandijs - Gemelos de cuero"},"content":{"rendered":"<p><strong>Invierta en su identidad con nuestros gemelos de cuero. Personal\u00edcelos con sus iniciales, aplicadas mediante termoimpresi\u00f3n o estampaci\u00f3n en oro. Representa el \u00e9xito y es un testimonio de sus esfuerzos. A lo largo de su vida, usted aspira a construir un legado duradero, ya sea una carrera, una familia o ambas cosas.<\/strong><\/p>\n<p><strong>Perfecto como regalo personal:<\/strong> Estos gemelos son un regalo ideal para los miembros de la familia. Ya sea un regalo de padre o de esposa, es un recuerdo entra\u00f1able de su amor.<\/p>\n<p><strong>Especificaciones del producto:<\/strong><\/p>\n<ul>\n<li><strong>Material:<\/strong> Piel de plena flor sueca de curtido vegetal con base de acero inoxidable<\/li>\n<li><strong>Personalizaci\u00f3n:<\/strong> Posibilidad de gofrado personalizado gratuito<\/li>\n<li><strong>Di\u00e1metro interior:<\/strong> 16 mm<\/li>\n<li><strong>Peso:<\/strong> Aproximadamente 12 gramos por par<\/li>\n<li><strong>Colores disponibles:<\/strong> Negro, marr\u00f3n oscuro, marr\u00f3n, verde azulado, amarillo oscuro y oscuro Cognac<\/li>\n<li><strong>Caracter\u00edsticas:<\/strong> Sin n\u00edquel e hipoalerg\u00e9nico, lo que garantiza la ausencia de irritaci\u00f3n cut\u00e1nea<\/li>\n<\/ul>\n<p>&nbsp;<\/p>\n<p>Palabras clave: Gemelos cl\u00e1sicos personalizados, gemelos de cuero<\/p>","protected":false},"excerpt":{"rendered":"<p><strong>DIMENSIONES DEL PRODUCTO - <\/strong>Peso del producto: 12 g(par), Di\u00e1metro interior del gemelo: 16 mm.<\/p>\n<p>Disponible con base de acero inoxidable<\/p>\n<pre><\/pre>\n<p>Este producto est\u00e1 fabricado con material natural: el color y el grosor pueden variar.<\/p>","protected":false},"featured_media":9910,"template":"","meta":[],"pwb-brand":[204],"product_brand":[],"product_cat":[118,101,119],"product_tag":[123,147,105],"woo-feed-brand":[],"class_list":{"0":"post-9905","1":"product","2":"type-product","3":"status-publish","4":"has-post-thumbnail","6":"pwb-brand-fredfloris-partner","7":"product_cat-cufflinks","8":"product_cat-jewelry","9":"product_cat-personalised-cufflinks","10":"product_tag-full-grain-leather","11":"product_tag-heat-imprint","12":"product_tag-made-to-order","13":"product_shipping_class-small-goods","14":"pa_cufflink-base-stainless-steel-aisi","15":"pa_leather-colour-black-croupon-swedish","16":"pa_leather-colour-petrol-waxed","17":"pa_leather-colour-brown-croupon-swedish","18":"pa_leather-colour-dbrown-croupon-swedish","19":"pa_leather-colour-dark-cognac-waxed","20":"pa_leather-colour-mustard-waxed","22":"first","23":"instock","24":"taxable","25":"shipping-taxable","26":"purchasable","27":"product-type-variable","28":"has-default-attributes"},"yoast_head":"<!-- This site is optimized with the Yoast SEO plugin v27.2 - https:\/\/yoast.com\/product\/yoast-seo-wordpress\/ -->\n<title>Smalandijs - Leather Cufflinks | FredFloris<\/title>\n<meta name=\"description\" content=\"With our personalised leather cufflinks, you can invest in your name. Your initials can be applied by heat press or gold foiling making it custom to you.\" \/>\n<meta name=\"robots\" content=\"index, follow, max-snippet:-1, max-image-preview:large, max-video-preview:-1\" \/>\n<link rel=\"canonical\" href=\"https:\/\/fredfloris.eu\/es\/productpage\/smalandijs-leather-cufflinks\/?wmc-currency=EUR\" \/>\n<meta property=\"og:locale\" content=\"es_ES\" \/>\n<meta property=\"og:type\" content=\"article\" \/>\n<meta property=\"og:title\" content=\"Smalandijs - Leather Cufflinks | FredFloris\" \/>\n<meta property=\"og:description\" content=\"With our personalised leather cufflinks, you can invest in your name. Your initials can be applied by heat press or gold foiling making it custom to you.\" \/>\n<meta property=\"og:url\" content=\"https:\/\/fredfloris.eu\/es\/productpage\/smalandijs-leather-cufflinks\/?wmc-currency=EUR\" \/>\n<meta property=\"og:site_name\" content=\"FredFloris\" \/>\n<meta property=\"article:publisher\" content=\"https:\/\/www.facebook.com\/FredFloris.Artisan.Studio\/\" \/>\n<meta property=\"article:modified_time\" content=\"2025-02-22T17:54:15+00:00\" \/>\n<meta property=\"og:image\" content=\"https:\/\/fredfloris.eu\/wp-content\/uploads\/2022\/08\/IMG_2925-scaled.jpg\" \/>\n\t<meta property=\"og:image:width\" content=\"2560\" \/>\n\t<meta property=\"og:image:height\" content=\"1707\" \/>\n\t<meta property=\"og:image:type\" content=\"image\/jpeg\" \/>\n<meta name=\"twitter:card\" content=\"summary_large_image\" \/>\n<meta name=\"twitter:site\" content=\"@_fredfloris_\" \/>\n<meta name=\"twitter:label1\" content=\"Tiempo de lectura\" \/>\n\t<meta name=\"twitter:data1\" content=\"1 minuto\" \/>\n<script type=\"application\/ld+json\" class=\"yoast-schema-graph\">{\"@context\":\"https:\/\/schema.org\",\"@graph\":[{\"@type\":\"WebPage\",\"@id\":\"https:\/\/fredfloris.eu\/productpage\/smalandijs-leather-cufflinks\/\",\"url\":\"https:\/\/fredfloris.eu\/productpage\/smalandijs-leather-cufflinks\/\",\"name\":\"Smalandijs - Leather Cufflinks | FredFloris\",\"isPartOf\":{\"@id\":\"https:\/\/fredfloris.eu\/#website\"},\"primaryImageOfPage\":{\"@id\":\"https:\/\/fredfloris.eu\/productpage\/smalandijs-leather-cufflinks\/#primaryimage\"},\"image\":{\"@id\":\"https:\/\/fredfloris.eu\/productpage\/smalandijs-leather-cufflinks\/#primaryimage\"},\"thumbnailUrl\":\"https:\/\/fredfloris.eu\/wp-content\/uploads\/2022\/08\/IMG_2925-scaled.jpg\",\"datePublished\":\"2022-08-21T13:06:55+00:00\",\"dateModified\":\"2025-02-22T17:54:15+00:00\",\"description\":\"With our personalised leather cufflinks, you can invest in your name. Your initials can be applied by heat press or gold foiling making it custom to you.\",\"breadcrumb\":{\"@id\":\"https:\/\/fredfloris.eu\/productpage\/smalandijs-leather-cufflinks\/#breadcrumb\"},\"inLanguage\":\"es\",\"potentialAction\":[{\"@type\":\"ReadAction\",\"target\":[\"https:\/\/fredfloris.eu\/productpage\/smalandijs-leather-cufflinks\/\"]}]},{\"@type\":\"ImageObject\",\"inLanguage\":\"es\",\"@id\":\"https:\/\/fredfloris.eu\/productpage\/smalandijs-leather-cufflinks\/#primaryimage\",\"url\":\"https:\/\/fredfloris.eu\/wp-content\/uploads\/2022\/08\/IMG_2925-scaled.jpg\",\"contentUrl\":\"https:\/\/fredfloris.eu\/wp-content\/uploads\/2022\/08\/IMG_2925-scaled.jpg\",\"width\":2560,\"height\":1707,\"caption\":\"Product: Smalandijs - Leather Cufflinks \u2013 Dark Brown, Brown and Black Leather \u2013 Stainless Steel\"},{\"@type\":\"BreadcrumbList\",\"@id\":\"https:\/\/fredfloris.eu\/productpage\/smalandijs-leather-cufflinks\/#breadcrumb\",\"itemListElement\":[{\"@type\":\"ListItem\",\"position\":1,\"name\":\"Home\",\"item\":\"https:\/\/fredfloris.eu\/\"},{\"@type\":\"ListItem\",\"position\":2,\"name\":\"Shop\",\"item\":\"https:\/\/fredfloris.eu\/shop\/\"},{\"@type\":\"ListItem\",\"position\":3,\"name\":\"Smalandijs &#8211; Leather Cufflinks\"}]},{\"@type\":\"WebSite\",\"@id\":\"https:\/\/fredfloris.eu\/#website\",\"url\":\"https:\/\/fredfloris.eu\/\",\"name\":\"FredFloris\",\"description\":\"Handcrafted Leathergoods - Made in Sweden\",\"publisher\":{\"@id\":\"https:\/\/fredfloris.eu\/#organization\"},\"potentialAction\":[{\"@type\":\"SearchAction\",\"target\":{\"@type\":\"EntryPoint\",\"urlTemplate\":\"https:\/\/fredfloris.eu\/?s={search_term_string}\"},\"query-input\":{\"@type\":\"PropertyValueSpecification\",\"valueRequired\":true,\"valueName\":\"search_term_string\"}}],\"inLanguage\":\"es\"},{\"@type\":\"Organization\",\"@id\":\"https:\/\/fredfloris.eu\/#organization\",\"name\":\"FredFloris\",\"url\":\"https:\/\/fredfloris.eu\/\",\"logo\":{\"@type\":\"ImageObject\",\"inLanguage\":\"es\",\"@id\":\"https:\/\/fredfloris.eu\/#\/schema\/logo\/image\/\",\"url\":\"https:\/\/fredfloris.eu\/wp-content\/uploads\/2022\/03\/FredFloris-med-hel-nal-och-text.png\",\"contentUrl\":\"https:\/\/fredfloris.eu\/wp-content\/uploads\/2022\/03\/FredFloris-med-hel-nal-och-text.png\",\"width\":591,\"height\":283,\"caption\":\"FredFloris\"},\"image\":{\"@id\":\"https:\/\/fredfloris.eu\/#\/schema\/logo\/image\/\"},\"sameAs\":[\"https:\/\/www.facebook.com\/FredFloris.Artisan.Studio\/\",\"https:\/\/x.com\/_fredfloris_\",\"https:\/\/www.instagram.com\/fredfloris.artisan.studio\/\"]}]}<\/script>\n<!-- \/ Yoast SEO plugin. -->","yoast_head_json":{"title":"Smalandijs - Gemelos de cuero | FredFloris","description":"Con nuestros gemelos de cuero personalizados, puede invertir en su nombre. Sus iniciales pueden aplicarse mediante termoimpresi\u00f3n o estampaci\u00f3n en oro, haci\u00e9ndolo a su medida.","robots":{"index":"index","follow":"follow","max-snippet":"max-snippet:-1","max-image-preview":"max-image-preview:large","max-video-preview":"max-video-preview:-1"},"canonical":"https:\/\/fredfloris.eu\/es\/productpage\/smalandijs-leather-cufflinks\/?wmc-currency=EUR","og_locale":"es_ES","og_type":"article","og_title":"Smalandijs - Leather Cufflinks | FredFloris","og_description":"With our personalised leather cufflinks, you can invest in your name. Your initials can be applied by heat press or gold foiling making it custom to you.","og_url":"https:\/\/fredfloris.eu\/es\/productpage\/smalandijs-leather-cufflinks\/?wmc-currency=EUR","og_site_name":"FredFloris","article_publisher":"https:\/\/www.facebook.com\/FredFloris.Artisan.Studio\/","article_modified_time":"2025-02-22T17:54:15+00:00","og_image":[{"width":2560,"height":1707,"url":"https:\/\/fredfloris.eu\/wp-content\/uploads\/2022\/08\/IMG_2925-scaled.jpg","type":"image\/jpeg"}],"twitter_card":"summary_large_image","twitter_site":"@_fredfloris_","twitter_misc":{"Tiempo de lectura":"1 minuto"},"schema":{"@context":"https:\/\/schema.org","@graph":[{"@type":"WebPage","@id":"https:\/\/fredfloris.eu\/productpage\/smalandijs-leather-cufflinks\/","url":"https:\/\/fredfloris.eu\/productpage\/smalandijs-leather-cufflinks\/","name":"Smalandijs - Gemelos de cuero | FredFloris","isPartOf":{"@id":"https:\/\/fredfloris.eu\/#website"},"primaryImageOfPage":{"@id":"https:\/\/fredfloris.eu\/productpage\/smalandijs-leather-cufflinks\/#primaryimage"},"image":{"@id":"https:\/\/fredfloris.eu\/productpage\/smalandijs-leather-cufflinks\/#primaryimage"},"thumbnailUrl":"https:\/\/fredfloris.eu\/wp-content\/uploads\/2022\/08\/IMG_2925-scaled.jpg","datePublished":"2022-08-21T13:06:55+00:00","dateModified":"2025-02-22T17:54:15+00:00","description":"Con nuestros gemelos de cuero personalizados, puede invertir en su nombre. Sus iniciales pueden aplicarse mediante termoimpresi\u00f3n o estampaci\u00f3n en oro, haci\u00e9ndolo a su medida.","breadcrumb":{"@id":"https:\/\/fredfloris.eu\/productpage\/smalandijs-leather-cufflinks\/#breadcrumb"},"inLanguage":"es","potentialAction":[{"@type":"ReadAction","target":["https:\/\/fredfloris.eu\/productpage\/smalandijs-leather-cufflinks\/"]}]},{"@type":"ImageObject","inLanguage":"es","@id":"https:\/\/fredfloris.eu\/productpage\/smalandijs-leather-cufflinks\/#primaryimage","url":"https:\/\/fredfloris.eu\/wp-content\/uploads\/2022\/08\/IMG_2925-scaled.jpg","contentUrl":"https:\/\/fredfloris.eu\/wp-content\/uploads\/2022\/08\/IMG_2925-scaled.jpg","width":2560,"height":1707,"caption":"Product: Smalandijs - Leather Cufflinks \u2013 Dark Brown, Brown and Black Leather \u2013 Stainless Steel"},{"@type":"BreadcrumbList","@id":"https:\/\/fredfloris.eu\/productpage\/smalandijs-leather-cufflinks\/#breadcrumb","itemListElement":[{"@type":"ListItem","position":1,"name":"Home","item":"https:\/\/fredfloris.eu\/"},{"@type":"ListItem","position":2,"name":"Shop","item":"https:\/\/fredfloris.eu\/shop\/"},{"@type":"ListItem","position":3,"name":"Smalandijs &#8211; Leather Cufflinks"}]},{"@type":"WebSite","@id":"https:\/\/fredfloris.eu\/#website","url":"https:\/\/fredfloris.eu\/","name":"FredFloris","description":"Marroquiner\u00eda artesanal - Made in Sweden","publisher":{"@id":"https:\/\/fredfloris.eu\/#organization"},"potentialAction":[{"@type":"SearchAction","target":{"@type":"EntryPoint","urlTemplate":"https:\/\/fredfloris.eu\/?s={search_term_string}"},"query-input":{"@type":"PropertyValueSpecification","valueRequired":true,"valueName":"search_term_string"}}],"inLanguage":"es"},{"@type":"Organization","@id":"https:\/\/fredfloris.eu\/#organization","name":"FredFloris","url":"https:\/\/fredfloris.eu\/","logo":{"@type":"ImageObject","inLanguage":"es","@id":"https:\/\/fredfloris.eu\/#\/schema\/logo\/image\/","url":"https:\/\/fredfloris.eu\/wp-content\/uploads\/2022\/03\/FredFloris-med-hel-nal-och-text.png","contentUrl":"https:\/\/fredfloris.eu\/wp-content\/uploads\/2022\/03\/FredFloris-med-hel-nal-och-text.png","width":591,"height":283,"caption":"FredFloris"},"image":{"@id":"https:\/\/fredfloris.eu\/#\/schema\/logo\/image\/"},"sameAs":["https:\/\/www.facebook.com\/FredFloris.Artisan.Studio\/","https:\/\/x.com\/_fredfloris_","https:\/\/www.instagram.com\/fredfloris.artisan.studio\/"]}]}},"brands":[{"id":204,"name":"FredFloris &amp; Socio","slug":"fredfloris-partner"}],"_links":{"self":[{"href":"https:\/\/fredfloris.eu\/es\/wp-json\/wp\/v2\/product\/9905","targetHints":{"allow":["GET"]}}],"collection":[{"href":"https:\/\/fredfloris.eu\/es\/wp-json\/wp\/v2\/product"}],"about":[{"href":"https:\/\/fredfloris.eu\/es\/wp-json\/wp\/v2\/types\/product"}],"version-history":[{"count":12,"href":"https:\/\/fredfloris.eu\/es\/wp-json\/wp\/v2\/product\/9905\/revisions"}],"predecessor-version":[{"id":11530,"href":"https:\/\/fredfloris.eu\/es\/wp-json\/wp\/v2\/product\/9905\/revisions\/11530"}],"wp:featuredmedia":[{"embeddable":true,"href":"https:\/\/fredfloris.eu\/es\/wp-json\/wp\/v2\/media\/9910"}],"wp:attachment":[{"href":"https:\/\/fredfloris.eu\/es\/wp-json\/wp\/v2\/media?parent=9905"}],"wp:term":[{"taxonomy":"pwb-brand","embeddable":true,"href":"https:\/\/fredfloris.eu\/es\/wp-json\/wp\/v2\/pwb-brand?post=9905"},{"taxonomy":"product_brand","embeddable":true,"href":"https:\/\/fredfloris.eu\/es\/wp-json\/wp\/v2\/product_brand?post=9905"},{"taxonomy":"product_cat","embeddable":true,"href":"https:\/\/fredfloris.eu\/es\/wp-json\/wp\/v2\/product_cat?post=9905"},{"taxonomy":"product_tag","embeddable":true,"href":"https:\/\/fredfloris.eu\/es\/wp-json\/wp\/v2\/product_tag?post=9905"},{"taxonomy":"woo-feed-brand","embeddable":true,"href":"https:\/\/fredfloris.eu\/es\/wp-json\/wp\/v2\/woo-feed-brand?post=9905"}],"curies":[{"name":"wp","href":"https:\/\/api.w.org\/{rel}","templated":true}]}}