{"id":9925,"date":"2022-08-21T16:08:19","date_gmt":"2022-08-21T14:08:19","guid":{"rendered":"https:\/\/fredfloris.eu\/?post_type=product&#038;p=9925"},"modified":"2024-06-24T20:34:54","modified_gmt":"2024-06-24T18:34:54","slug":"varend-mother-of-pearls-cufflinks","status":"publish","type":"product","link":"https:\/\/fredfloris.eu\/es\/productpage\/varend-mother-of-pearls-cufflinks\/","title":{"rendered":"V\u00e4rend - Gemelos de madreperla"},"content":{"rendered":"<p><strong>Presentamos nuestros gemelos V\u00e4rend, con un disco de n\u00e1car blanco.<\/strong> Esta exquisita gema org\u00e1nica, obtenida de la capa interna de la concha de los moluscos, es el mismo material del que est\u00e1n hechas las perlas naturales. Es famosa por su fuerza, resistencia y cautivadora iridiscencia. Los gemelos logran un equilibrio perfecto entre los colores suaves y discretos y el material duro y fiable, encarnando la riqueza, la confianza y la fiabilidad.<\/p>\n<p>Los gemelos de perlas han sido un s\u00edmbolo de confianza, clase y control durante siglos. Reflejan la luz de forma \u00fanica para revelar sutiles matices de azul, rosa y verde, realzando la sofisticaci\u00f3n tanto de las camisas blancas como de las de color. Engarzados en una preciosa montura de metal, estos gemelos no son s\u00f3lo accesorios, sino ventanas a la belleza natural del mundo, que a\u00f1aden elegancia y brillo a cualquier atuendo formal.<\/p>\n<p><strong>Regalo ideal:<\/strong> Estos gemelos de n\u00e1car son un excelente regalo para novios o padrinos de boda. Adem\u00e1s, como las perlas son el regalo tradicional para un 30 aniversario de boda, tambi\u00e9n son un regalo bien pensado para su marido.<\/p>\n<p><strong>Especificaciones del producto:<\/strong><\/p>\n<ul>\n<li><strong>Material de la base:<\/strong> Plata de ley 925 ba\u00f1ada en oro<\/li>\n<li><strong>Di\u00e1metro interior:<\/strong> 18 mm<\/li>\n<li><strong>Peso:<\/strong> Aproximadamente 11 gramos por par<\/li>\n<li><strong>Caracter\u00edsticas:<\/strong> Sin n\u00edquel e hipoalerg\u00e9nico para evitar irritaciones cut\u00e1neas<\/li>\n<\/ul>\n<p>&nbsp;<\/p>\n<p>Buscar palabras: Gemelos de madreperla, Gemelos cl\u00e1sicos de oro para camisa<\/p>","protected":false},"excerpt":{"rendered":"<p><strong>DIMENSIONES DEL PRODUCTO - <\/strong>Peso del producto: 11 g(par), Di\u00e1metro interior del gemelo: 18 mm.<\/p>\n<p>Disponible en plata de ley 925 con ba\u00f1o de oro de 24 quilates.<\/p>\n<p>SKU: var\/cuf\/gol\/mop<br \/>\nMarca: FredFloris &amp; Partner<\/p>\n<pre><\/pre>\n<p>Nuestro experimentado socio de Polonia fabrica la base de los pendientes. Utilizamos plata chapada de 0,4 \u00b5m de grosor, ya que no oscurece ni opaca la joya. El producto tiene cierta resistencia a la decoloraci\u00f3n, pero aseg\u00farese de seguir nuestras instrucciones de cuidado para prolongar la vida de su nueva joya. Colocamos la piedra preciosa en la base en nuestro estudio de Suecia.<\/p>\n<pre><\/pre>\n<p>Este producto est\u00e1 hecho con material natural: la forma, el color y el grosor pueden variar.<\/p>","protected":false},"featured_media":9890,"template":"","meta":[],"pwb-brand":[204],"product_brand":[],"product_cat":[118,121,101],"product_tag":[357,163,358,135],"woo-feed-brand":[],"class_list":{"0":"post-9925","1":"product","2":"type-product","3":"status-publish","4":"has-post-thumbnail","6":"pwb-brand-fredfloris-partner","7":"product_cat-cufflinks","8":"product_cat-gem-cufflinks","9":"product_cat-jewelry","10":"product_tag-gemstone","11":"product_tag-gold","12":"product_tag-mother-of-pearls","13":"product_tag-stocked","14":"product_shipping_class-small-goods","16":"first","17":"instock","18":"taxable","19":"shipping-taxable","20":"purchasable","21":"product-type-simple"},"yoast_head":"<!-- This site is optimized with the Yoast SEO plugin v27.2 - https:\/\/yoast.com\/product\/yoast-seo-wordpress\/ -->\n<title>V\u00e4rend - Mother of Pearls Cufflinks | FredFloris<\/title>\n<meta name=\"description\" content=\"Check out our Mother of Pearls natural gemstone cufflinks in gold plated silver, a true classic design, made to last! Make for a great gift!\" \/>\n<meta name=\"robots\" content=\"index, follow, max-snippet:-1, max-image-preview:large, max-video-preview:-1\" \/>\n<link rel=\"canonical\" href=\"https:\/\/fredfloris.eu\/es\/productpage\/varend-mother-of-pearls-cufflinks\/?wmc-currency=EUR\" \/>\n<meta property=\"og:locale\" content=\"es_ES\" \/>\n<meta property=\"og:type\" content=\"article\" \/>\n<meta property=\"og:title\" content=\"V\u00e4rend - Mother of Pearls Cufflinks | FredFloris\" \/>\n<meta property=\"og:description\" content=\"Check out our Mother of Pearls natural gemstone cufflinks in gold plated silver, a true classic design, made to last! Make for a great gift!\" \/>\n<meta property=\"og:url\" content=\"https:\/\/fredfloris.eu\/es\/productpage\/varend-mother-of-pearls-cufflinks\/?wmc-currency=EUR\" \/>\n<meta property=\"og:site_name\" content=\"FredFloris\" \/>\n<meta property=\"article:publisher\" content=\"https:\/\/www.facebook.com\/FredFloris.Artisan.Studio\/\" \/>\n<meta property=\"article:modified_time\" content=\"2024-06-24T18:34:54+00:00\" \/>\n<meta property=\"og:image\" content=\"https:\/\/fredfloris.eu\/wp-content\/uploads\/2022\/08\/IMG_3245-scaled.jpg\" \/>\n\t<meta property=\"og:image:width\" content=\"2560\" \/>\n\t<meta property=\"og:image:height\" content=\"1707\" \/>\n\t<meta property=\"og:image:type\" content=\"image\/jpeg\" \/>\n<meta name=\"twitter:card\" content=\"summary_large_image\" \/>\n<meta name=\"twitter:site\" content=\"@_fredfloris_\" \/>\n<meta name=\"twitter:label1\" content=\"Tiempo de lectura\" \/>\n\t<meta name=\"twitter:data1\" content=\"2 minutos\" \/>\n<script type=\"application\/ld+json\" class=\"yoast-schema-graph\">{\"@context\":\"https:\/\/schema.org\",\"@graph\":[{\"@type\":\"WebPage\",\"@id\":\"https:\/\/fredfloris.eu\/productpage\/varend-mother-of-pearls-cufflinks\/\",\"url\":\"https:\/\/fredfloris.eu\/productpage\/varend-mother-of-pearls-cufflinks\/\",\"name\":\"V\u00e4rend - Mother of Pearls Cufflinks | FredFloris\",\"isPartOf\":{\"@id\":\"https:\/\/fredfloris.eu\/#website\"},\"primaryImageOfPage\":{\"@id\":\"https:\/\/fredfloris.eu\/productpage\/varend-mother-of-pearls-cufflinks\/#primaryimage\"},\"image\":{\"@id\":\"https:\/\/fredfloris.eu\/productpage\/varend-mother-of-pearls-cufflinks\/#primaryimage\"},\"thumbnailUrl\":\"https:\/\/fredfloris.eu\/wp-content\/uploads\/2022\/08\/IMG_3245-scaled.jpg\",\"datePublished\":\"2022-08-21T14:08:19+00:00\",\"dateModified\":\"2024-06-24T18:34:54+00:00\",\"description\":\"Check out our Mother of Pearls natural gemstone cufflinks in gold plated silver, a true classic design, made to last! Make for a great gift!\",\"breadcrumb\":{\"@id\":\"https:\/\/fredfloris.eu\/productpage\/varend-mother-of-pearls-cufflinks\/#breadcrumb\"},\"inLanguage\":\"es\",\"potentialAction\":[{\"@type\":\"ReadAction\",\"target\":[\"https:\/\/fredfloris.eu\/productpage\/varend-mother-of-pearls-cufflinks\/\"]}]},{\"@type\":\"ImageObject\",\"inLanguage\":\"es\",\"@id\":\"https:\/\/fredfloris.eu\/productpage\/varend-mother-of-pearls-cufflinks\/#primaryimage\",\"url\":\"https:\/\/fredfloris.eu\/wp-content\/uploads\/2022\/08\/IMG_3245-scaled.jpg\",\"contentUrl\":\"https:\/\/fredfloris.eu\/wp-content\/uploads\/2022\/08\/IMG_3245-scaled.jpg\",\"width\":2560,\"height\":1707,\"caption\":\"Product: V\u00e4rend - Mother of Pearls Cufflinks \u2013 Gold Plated Silver\"},{\"@type\":\"BreadcrumbList\",\"@id\":\"https:\/\/fredfloris.eu\/productpage\/varend-mother-of-pearls-cufflinks\/#breadcrumb\",\"itemListElement\":[{\"@type\":\"ListItem\",\"position\":1,\"name\":\"Home\",\"item\":\"https:\/\/fredfloris.eu\/\"},{\"@type\":\"ListItem\",\"position\":2,\"name\":\"Shop\",\"item\":\"https:\/\/fredfloris.eu\/shop\/\"},{\"@type\":\"ListItem\",\"position\":3,\"name\":\"V\u00e4rend &#8211; Mother of Pearls Cufflinks\"}]},{\"@type\":\"WebSite\",\"@id\":\"https:\/\/fredfloris.eu\/#website\",\"url\":\"https:\/\/fredfloris.eu\/\",\"name\":\"FredFloris\",\"description\":\"Handcrafted Leathergoods - Made in Sweden\",\"publisher\":{\"@id\":\"https:\/\/fredfloris.eu\/#organization\"},\"potentialAction\":[{\"@type\":\"SearchAction\",\"target\":{\"@type\":\"EntryPoint\",\"urlTemplate\":\"https:\/\/fredfloris.eu\/?s={search_term_string}\"},\"query-input\":{\"@type\":\"PropertyValueSpecification\",\"valueRequired\":true,\"valueName\":\"search_term_string\"}}],\"inLanguage\":\"es\"},{\"@type\":\"Organization\",\"@id\":\"https:\/\/fredfloris.eu\/#organization\",\"name\":\"FredFloris\",\"url\":\"https:\/\/fredfloris.eu\/\",\"logo\":{\"@type\":\"ImageObject\",\"inLanguage\":\"es\",\"@id\":\"https:\/\/fredfloris.eu\/#\/schema\/logo\/image\/\",\"url\":\"https:\/\/fredfloris.eu\/wp-content\/uploads\/2022\/03\/FredFloris-med-hel-nal-och-text.png\",\"contentUrl\":\"https:\/\/fredfloris.eu\/wp-content\/uploads\/2022\/03\/FredFloris-med-hel-nal-och-text.png\",\"width\":591,\"height\":283,\"caption\":\"FredFloris\"},\"image\":{\"@id\":\"https:\/\/fredfloris.eu\/#\/schema\/logo\/image\/\"},\"sameAs\":[\"https:\/\/www.facebook.com\/FredFloris.Artisan.Studio\/\",\"https:\/\/x.com\/_fredfloris_\",\"https:\/\/www.instagram.com\/fredfloris.artisan.studio\/\"]}]}<\/script>\n<!-- \/ Yoast SEO plugin. -->","yoast_head_json":{"title":"V\u00e4rend - Gemelos de madreperla | FredFloris","description":"Echa un vistazo a nuestros gemelos de madreperla en plata chapada en oro, un dise\u00f1o cl\u00e1sico hecho para durar. \u00a1Un gran regalo!","robots":{"index":"index","follow":"follow","max-snippet":"max-snippet:-1","max-image-preview":"max-image-preview:large","max-video-preview":"max-video-preview:-1"},"canonical":"https:\/\/fredfloris.eu\/es\/productpage\/varend-mother-of-pearls-cufflinks\/?wmc-currency=EUR","og_locale":"es_ES","og_type":"article","og_title":"V\u00e4rend - Mother of Pearls Cufflinks | FredFloris","og_description":"Check out our Mother of Pearls natural gemstone cufflinks in gold plated silver, a true classic design, made to last! Make for a great gift!","og_url":"https:\/\/fredfloris.eu\/es\/productpage\/varend-mother-of-pearls-cufflinks\/?wmc-currency=EUR","og_site_name":"FredFloris","article_publisher":"https:\/\/www.facebook.com\/FredFloris.Artisan.Studio\/","article_modified_time":"2024-06-24T18:34:54+00:00","og_image":[{"width":2560,"height":1707,"url":"https:\/\/fredfloris.eu\/wp-content\/uploads\/2022\/08\/IMG_3245-scaled.jpg","type":"image\/jpeg"}],"twitter_card":"summary_large_image","twitter_site":"@_fredfloris_","twitter_misc":{"Tiempo de lectura":"2 minutos"},"schema":{"@context":"https:\/\/schema.org","@graph":[{"@type":"WebPage","@id":"https:\/\/fredfloris.eu\/productpage\/varend-mother-of-pearls-cufflinks\/","url":"https:\/\/fredfloris.eu\/productpage\/varend-mother-of-pearls-cufflinks\/","name":"V\u00e4rend - Gemelos de madreperla | FredFloris","isPartOf":{"@id":"https:\/\/fredfloris.eu\/#website"},"primaryImageOfPage":{"@id":"https:\/\/fredfloris.eu\/productpage\/varend-mother-of-pearls-cufflinks\/#primaryimage"},"image":{"@id":"https:\/\/fredfloris.eu\/productpage\/varend-mother-of-pearls-cufflinks\/#primaryimage"},"thumbnailUrl":"https:\/\/fredfloris.eu\/wp-content\/uploads\/2022\/08\/IMG_3245-scaled.jpg","datePublished":"2022-08-21T14:08:19+00:00","dateModified":"2024-06-24T18:34:54+00:00","description":"Echa un vistazo a nuestros gemelos de madreperla en plata chapada en oro, un dise\u00f1o cl\u00e1sico hecho para durar. \u00a1Un gran regalo!","breadcrumb":{"@id":"https:\/\/fredfloris.eu\/productpage\/varend-mother-of-pearls-cufflinks\/#breadcrumb"},"inLanguage":"es","potentialAction":[{"@type":"ReadAction","target":["https:\/\/fredfloris.eu\/productpage\/varend-mother-of-pearls-cufflinks\/"]}]},{"@type":"ImageObject","inLanguage":"es","@id":"https:\/\/fredfloris.eu\/productpage\/varend-mother-of-pearls-cufflinks\/#primaryimage","url":"https:\/\/fredfloris.eu\/wp-content\/uploads\/2022\/08\/IMG_3245-scaled.jpg","contentUrl":"https:\/\/fredfloris.eu\/wp-content\/uploads\/2022\/08\/IMG_3245-scaled.jpg","width":2560,"height":1707,"caption":"Product: V\u00e4rend - Mother of Pearls Cufflinks \u2013 Gold Plated Silver"},{"@type":"BreadcrumbList","@id":"https:\/\/fredfloris.eu\/productpage\/varend-mother-of-pearls-cufflinks\/#breadcrumb","itemListElement":[{"@type":"ListItem","position":1,"name":"Home","item":"https:\/\/fredfloris.eu\/"},{"@type":"ListItem","position":2,"name":"Shop","item":"https:\/\/fredfloris.eu\/shop\/"},{"@type":"ListItem","position":3,"name":"V\u00e4rend &#8211; Mother of Pearls Cufflinks"}]},{"@type":"WebSite","@id":"https:\/\/fredfloris.eu\/#website","url":"https:\/\/fredfloris.eu\/","name":"FredFloris","description":"Marroquiner\u00eda artesanal - Made in Sweden","publisher":{"@id":"https:\/\/fredfloris.eu\/#organization"},"potentialAction":[{"@type":"SearchAction","target":{"@type":"EntryPoint","urlTemplate":"https:\/\/fredfloris.eu\/?s={search_term_string}"},"query-input":{"@type":"PropertyValueSpecification","valueRequired":true,"valueName":"search_term_string"}}],"inLanguage":"es"},{"@type":"Organization","@id":"https:\/\/fredfloris.eu\/#organization","name":"FredFloris","url":"https:\/\/fredfloris.eu\/","logo":{"@type":"ImageObject","inLanguage":"es","@id":"https:\/\/fredfloris.eu\/#\/schema\/logo\/image\/","url":"https:\/\/fredfloris.eu\/wp-content\/uploads\/2022\/03\/FredFloris-med-hel-nal-och-text.png","contentUrl":"https:\/\/fredfloris.eu\/wp-content\/uploads\/2022\/03\/FredFloris-med-hel-nal-och-text.png","width":591,"height":283,"caption":"FredFloris"},"image":{"@id":"https:\/\/fredfloris.eu\/#\/schema\/logo\/image\/"},"sameAs":["https:\/\/www.facebook.com\/FredFloris.Artisan.Studio\/","https:\/\/x.com\/_fredfloris_","https:\/\/www.instagram.com\/fredfloris.artisan.studio\/"]}]}},"brands":[{"id":204,"name":"FredFloris &amp; Socio","slug":"fredfloris-partner"}],"_links":{"self":[{"href":"https:\/\/fredfloris.eu\/es\/wp-json\/wp\/v2\/product\/9925","targetHints":{"allow":["GET"]}}],"collection":[{"href":"https:\/\/fredfloris.eu\/es\/wp-json\/wp\/v2\/product"}],"about":[{"href":"https:\/\/fredfloris.eu\/es\/wp-json\/wp\/v2\/types\/product"}],"version-history":[{"count":9,"href":"https:\/\/fredfloris.eu\/es\/wp-json\/wp\/v2\/product\/9925\/revisions"}],"predecessor-version":[{"id":11526,"href":"https:\/\/fredfloris.eu\/es\/wp-json\/wp\/v2\/product\/9925\/revisions\/11526"}],"wp:featuredmedia":[{"embeddable":true,"href":"https:\/\/fredfloris.eu\/es\/wp-json\/wp\/v2\/media\/9890"}],"wp:attachment":[{"href":"https:\/\/fredfloris.eu\/es\/wp-json\/wp\/v2\/media?parent=9925"}],"wp:term":[{"taxonomy":"pwb-brand","embeddable":true,"href":"https:\/\/fredfloris.eu\/es\/wp-json\/wp\/v2\/pwb-brand?post=9925"},{"taxonomy":"product_brand","embeddable":true,"href":"https:\/\/fredfloris.eu\/es\/wp-json\/wp\/v2\/product_brand?post=9925"},{"taxonomy":"product_cat","embeddable":true,"href":"https:\/\/fredfloris.eu\/es\/wp-json\/wp\/v2\/product_cat?post=9925"},{"taxonomy":"product_tag","embeddable":true,"href":"https:\/\/fredfloris.eu\/es\/wp-json\/wp\/v2\/product_tag?post=9925"},{"taxonomy":"woo-feed-brand","embeddable":true,"href":"https:\/\/fredfloris.eu\/es\/wp-json\/wp\/v2\/woo-feed-brand?post=9925"}],"curies":[{"name":"wp","href":"https:\/\/api.w.org\/{rel}","templated":true}]}}