{"id":9964,"date":"2022-08-28T15:18:40","date_gmt":"2022-08-28T13:18:40","guid":{"rendered":"https:\/\/fredfloris.eu\/?page_id=9964"},"modified":"2024-04-13T11:00:48","modified_gmt":"2024-04-13T09:00:48","slug":"after-sale","status":"publish","type":"page","link":"https:\/\/fredfloris.eu\/fi\/after-sale\/","title":{"rendered":"Myynnin j\u00e4lkeinen palvelu"},"content":{"rendered":"<div data-elementor-type=\"wp-page\" data-elementor-id=\"9964\" class=\"elementor elementor-9964\" data-elementor-post-type=\"page\">\n\t\t\t\t\t\t<section class=\"elementor-section elementor-top-section elementor-element elementor-element-efd9c59 elementor-section-boxed elementor-section-height-default elementor-section-height-default\" data-id=\"efd9c59\" data-element_type=\"section\" data-e-type=\"section\" data-settings=\"{&quot;ekit_has_onepagescroll_dot&quot;:&quot;yes&quot;}\">\n\t\t\t\t\t\t<div class=\"elementor-container elementor-column-gap-default\">\n\t\t\t\t\t<div class=\"elementor-column elementor-col-100 elementor-top-column elementor-element elementor-element-fdf3e88\" data-id=\"fdf3e88\" data-element_type=\"column\" data-e-type=\"column\">\n\t\t\t<div class=\"elementor-widget-wrap elementor-element-populated\">\n\t\t\t\t\t\t<div class=\"elementor-element elementor-element-73dec92 elementor-widget elementor-widget-heading\" data-id=\"73dec92\" data-element_type=\"widget\" data-e-type=\"widget\" data-settings=\"{&quot;ekit_we_effect_on&quot;:&quot;none&quot;}\" data-widget_type=\"heading.default\">\n\t\t\t\t<div class=\"elementor-widget-container\">\n\t\t\t\t\t<h1 class=\"elementor-heading-title elementor-size-default\">Myynnin j\u00e4lkeinen palvelu<\/h1>\t\t\t\t<\/div>\n\t\t\t\t<\/div>\n\t\t\t\t<div class=\"elementor-element elementor-element-8473bb2 elementor-widget elementor-widget-text-editor\" data-id=\"8473bb2\" data-element_type=\"widget\" data-e-type=\"widget\" data-settings=\"{&quot;ekit_we_effect_on&quot;:&quot;none&quot;}\" data-widget_type=\"text-editor.default\">\n\t\t\t\t<div class=\"elementor-widget-container\">\n\t\t\t\t\t\t\t\t\t<p>Me FredFlorisilla olemme ylpeit\u00e4 korkealaatuisten tuotteiden valmistamisesta, jotka eiv\u00e4t ole vain tyylikk\u00e4it\u00e4 ja tyylikk\u00e4it\u00e4 vaan my\u00f6s kest\u00e4vi\u00e4 ja kest\u00e4vi\u00e4. Uskomme, ett\u00e4 kest\u00e4v\u00e4 kehitys ei ole vain ohimenev\u00e4 trendi vaan elinik\u00e4inen sitoumus, ja haluamme, ett\u00e4 asiakkaamme voivat nauttia tuotteistamme tulevien sukupolvien ajan.<\/p><p>Tuotteemme on valmistettu hienoimmista materiaaleista, joita rahalla saa, mik\u00e4 takaa niiden kest\u00e4vyyden ja pitk\u00e4ik\u00e4isyyden. Ymm\u00e4rr\u00e4mme kuitenkin, ett\u00e4 parhaimmatkin tuotteet saattavat ajan mittaan vaatia hoitoa ja huolenpitoa. Siksi tarjoamme kaikille FredFloris-nahkatuotteille erityisi\u00e4 hoito- ja korjauspalveluja. Ammattitaitoiset k\u00e4sity\u00f6l\u00e4isemme voivat hoitaa korjaukset ja entis\u00f6innit asiantuntevasti. Tarvitsitpa tuotteeseesi sitten uuden vetoketjun, uudelleenv\u00e4rj\u00e4yksen sen alkuper\u00e4isen kiillon palauttamiseksi, uudelleenpolttamisen sen kiillon palauttamiseksi tai uudelleenompelun sen rakenteen vahvistamiseksi, k\u00e4sity\u00f6l\u00e4isemme varmistavat, ett\u00e4 tuotteesi n\u00e4ytt\u00e4\u00e4 yht\u00e4 hyv\u00e4lt\u00e4 kuin uusi.<\/p><p>Uskomme k\u00e4sity\u00f6taidon arvoon ja tuotteiden kauneuden ja toimivuuden s\u00e4ilytt\u00e4misen t\u00e4rkeyteen. Tarjoamalla hoito- ja korjauspalveluja pyrimme pident\u00e4m\u00e4\u00e4n tuotteidemme k\u00e4ytt\u00f6ik\u00e4\u00e4 ja v\u00e4hent\u00e4m\u00e4\u00e4n j\u00e4tett\u00e4, mik\u00e4 edist\u00e4\u00e4 kest\u00e4v\u00e4mp\u00e4\u00e4 l\u00e4hestymistapaa muotiin. FredFlorisin kanssa huolenpitomme ei rajoitu ostopaikkaan. Olemme sitoutuneet tarjoamaan asiakkaillemme poikkeuksellista myynnin j\u00e4lkeist\u00e4 palvelua varmistaaksemme, ett\u00e4 voit nauttia FredFloris-tuotteistasi monta vuotta. Tiimimme on aina valmis auttamaan sinua kaikissa hoito- tai korjaustarpeissa, ja pyrimme ylitt\u00e4m\u00e4\u00e4n odotuksesi kaikilla palvelumme osa-alueilla.<\/p><p>FredFlorisilla kest\u00e4vyys sopii sinulle, ja me olemme t\u00e4\u00e4ll\u00e4 varmistaaksemme, ett\u00e4 n\u00e4yt\u00e4t hyv\u00e4lt\u00e4 loppuel\u00e4m\u00e4si ajan. Luota siihen, ett\u00e4 tarjoamme sinulle poikkeuksellisia hoito- ja korjauspalveluja, jotka pit\u00e4v\u00e4t FredFloris-tuotteesi parhaimmillaan, s\u00e4ilytt\u00e4v\u00e4t niiden tyylikkyyden ja varmistavat, ett\u00e4 niit\u00e4 voidaan vaalia tulevien sukupolvien ajan.<\/p>\t\t\t\t\t\t\t\t<\/div>\n\t\t\t\t<\/div>\n\t\t\t\t\t<\/div>\n\t\t<\/div>\n\t\t\t\t\t<\/div>\n\t\t<\/section>\n\t\t\t\t<\/div>","protected":false},"excerpt":{"rendered":"<p>After-Sale Service At FredFloris, we take pride in crafting high-quality products that are not only stylish and elegant but also sustainable and built to last. We believe that sustainability is not just a passing trend but a lifelong commitment, and we want our customers to enjoy our products for generations to come. Our products are [&hellip;]<\/p>\n","protected":false},"author":1,"featured_media":0,"parent":0,"menu_order":0,"comment_status":"closed","ping_status":"closed","template":"","meta":{"footnotes":""},"class_list":["post-9964","page","type-page","status-publish","hentry"],"yoast_head":"<!-- This site is optimized with the Yoast SEO plugin v27.2 - https:\/\/yoast.com\/product\/yoast-seo-wordpress\/ -->\n<title>Sustainable Leather Care &amp; Repair Services | FredFloris<\/title>\n<meta name=\"description\" content=\"Extend the lifespan of your FredFloris leather products with our expert care &amp; repair services. Trust us for sustainable craftsmanship &amp; exceptional after-sale service.\" \/>\n<meta name=\"robots\" content=\"index, follow, max-snippet:-1, max-image-preview:large, max-video-preview:-1\" \/>\n<link rel=\"canonical\" href=\"https:\/\/fredfloris.eu\/fi\/after-sale\/?wmc-currency=EUR\" \/>\n<meta property=\"og:locale\" content=\"fi_FI\" \/>\n<meta property=\"og:type\" content=\"article\" \/>\n<meta property=\"og:title\" content=\"Sustainable Leather Care &amp; Repair Services | FredFloris\" \/>\n<meta property=\"og:description\" content=\"Extend the lifespan of your FredFloris leather products with our expert care &amp; repair services. Trust us for sustainable craftsmanship &amp; exceptional after-sale service.\" \/>\n<meta property=\"og:url\" content=\"https:\/\/fredfloris.eu\/fi\/after-sale\/?wmc-currency=EUR\" \/>\n<meta property=\"og:site_name\" content=\"FredFloris\" \/>\n<meta property=\"article:publisher\" content=\"https:\/\/www.facebook.com\/FredFloris.Artisan.Studio\/\" \/>\n<meta property=\"article:modified_time\" content=\"2024-04-13T09:00:48+00:00\" \/>\n<meta name=\"twitter:card\" content=\"summary_large_image\" \/>\n<meta name=\"twitter:site\" content=\"@_fredfloris_\" \/>\n<meta name=\"twitter:label1\" content=\"Arvioitu lukuaika\" \/>\n\t<meta name=\"twitter:data1\" content=\"2 minuuttia\" \/>\n<script type=\"application\/ld+json\" class=\"yoast-schema-graph\">{\"@context\":\"https:\/\/schema.org\",\"@graph\":[{\"@type\":\"WebPage\",\"@id\":\"https:\/\/fredfloris.eu\/after-sale\/\",\"url\":\"https:\/\/fredfloris.eu\/after-sale\/\",\"name\":\"Sustainable Leather Care & Repair Services | FredFloris\",\"isPartOf\":{\"@id\":\"https:\/\/fredfloris.eu\/#website\"},\"datePublished\":\"2022-08-28T13:18:40+00:00\",\"dateModified\":\"2024-04-13T09:00:48+00:00\",\"description\":\"Extend the lifespan of your FredFloris leather products with our expert care & repair services. Trust us for sustainable craftsmanship & exceptional after-sale service.\",\"breadcrumb\":{\"@id\":\"https:\/\/fredfloris.eu\/after-sale\/#breadcrumb\"},\"inLanguage\":\"fi\",\"potentialAction\":[{\"@type\":\"ReadAction\",\"target\":[\"https:\/\/fredfloris.eu\/after-sale\/\"]}]},{\"@type\":\"BreadcrumbList\",\"@id\":\"https:\/\/fredfloris.eu\/after-sale\/#breadcrumb\",\"itemListElement\":[{\"@type\":\"ListItem\",\"position\":1,\"name\":\"Home\",\"item\":\"https:\/\/fredfloris.eu\/\"},{\"@type\":\"ListItem\",\"position\":2,\"name\":\"After-Sale Service\"}]},{\"@type\":\"WebSite\",\"@id\":\"https:\/\/fredfloris.eu\/#website\",\"url\":\"https:\/\/fredfloris.eu\/\",\"name\":\"FredFloris\",\"description\":\"Handcrafted Leathergoods - Made in Sweden\",\"publisher\":{\"@id\":\"https:\/\/fredfloris.eu\/#organization\"},\"potentialAction\":[{\"@type\":\"SearchAction\",\"target\":{\"@type\":\"EntryPoint\",\"urlTemplate\":\"https:\/\/fredfloris.eu\/?s={search_term_string}\"},\"query-input\":{\"@type\":\"PropertyValueSpecification\",\"valueRequired\":true,\"valueName\":\"search_term_string\"}}],\"inLanguage\":\"fi\"},{\"@type\":\"Organization\",\"@id\":\"https:\/\/fredfloris.eu\/#organization\",\"name\":\"FredFloris\",\"url\":\"https:\/\/fredfloris.eu\/\",\"logo\":{\"@type\":\"ImageObject\",\"inLanguage\":\"fi\",\"@id\":\"https:\/\/fredfloris.eu\/#\/schema\/logo\/image\/\",\"url\":\"https:\/\/fredfloris.eu\/wp-content\/uploads\/2022\/03\/FredFloris-med-hel-nal-och-text.png\",\"contentUrl\":\"https:\/\/fredfloris.eu\/wp-content\/uploads\/2022\/03\/FredFloris-med-hel-nal-och-text.png\",\"width\":591,\"height\":283,\"caption\":\"FredFloris\"},\"image\":{\"@id\":\"https:\/\/fredfloris.eu\/#\/schema\/logo\/image\/\"},\"sameAs\":[\"https:\/\/www.facebook.com\/FredFloris.Artisan.Studio\/\",\"https:\/\/x.com\/_fredfloris_\",\"https:\/\/www.instagram.com\/fredfloris.artisan.studio\/\"]}]}<\/script>\n<!-- \/ Yoast SEO plugin. -->","yoast_head_json":{"title":"Kest\u00e4v\u00e4t nahanhoito- ja korjauspalvelut | FredFloris","description":"Pidenn\u00e4 FredFloris-nahkatuotteidesi k\u00e4ytt\u00f6ik\u00e4\u00e4 asiantuntevilla hoito- ja korjauspalveluillamme. Luota meihin kest\u00e4v\u00e4n k\u00e4sity\u00f6taidon ja poikkeuksellisen myynnin j\u00e4lkeisen palvelun osalta.","robots":{"index":"index","follow":"follow","max-snippet":"max-snippet:-1","max-image-preview":"max-image-preview:large","max-video-preview":"max-video-preview:-1"},"canonical":"https:\/\/fredfloris.eu\/fi\/after-sale\/?wmc-currency=EUR","og_locale":"fi_FI","og_type":"article","og_title":"Sustainable Leather Care & Repair Services | FredFloris","og_description":"Extend the lifespan of your FredFloris leather products with our expert care & repair services. Trust us for sustainable craftsmanship & exceptional after-sale service.","og_url":"https:\/\/fredfloris.eu\/fi\/after-sale\/?wmc-currency=EUR","og_site_name":"FredFloris","article_publisher":"https:\/\/www.facebook.com\/FredFloris.Artisan.Studio\/","article_modified_time":"2024-04-13T09:00:48+00:00","twitter_card":"summary_large_image","twitter_site":"@_fredfloris_","twitter_misc":{"Arvioitu lukuaika":"2 minuuttia"},"schema":{"@context":"https:\/\/schema.org","@graph":[{"@type":"WebPage","@id":"https:\/\/fredfloris.eu\/after-sale\/","url":"https:\/\/fredfloris.eu\/after-sale\/","name":"Kest\u00e4v\u00e4t nahanhoito- ja korjauspalvelut | FredFloris","isPartOf":{"@id":"https:\/\/fredfloris.eu\/#website"},"datePublished":"2022-08-28T13:18:40+00:00","dateModified":"2024-04-13T09:00:48+00:00","description":"Pidenn\u00e4 FredFloris-nahkatuotteidesi k\u00e4ytt\u00f6ik\u00e4\u00e4 asiantuntevilla hoito- ja korjauspalveluillamme. Luota meihin kest\u00e4v\u00e4n k\u00e4sity\u00f6taidon ja poikkeuksellisen myynnin j\u00e4lkeisen palvelun osalta.","breadcrumb":{"@id":"https:\/\/fredfloris.eu\/after-sale\/#breadcrumb"},"inLanguage":"fi","potentialAction":[{"@type":"ReadAction","target":["https:\/\/fredfloris.eu\/after-sale\/"]}]},{"@type":"BreadcrumbList","@id":"https:\/\/fredfloris.eu\/after-sale\/#breadcrumb","itemListElement":[{"@type":"ListItem","position":1,"name":"Home","item":"https:\/\/fredfloris.eu\/"},{"@type":"ListItem","position":2,"name":"After-Sale Service"}]},{"@type":"WebSite","@id":"https:\/\/fredfloris.eu\/#website","url":"https:\/\/fredfloris.eu\/","name":"FredFloris","description":"K\u00e4sintehdyt nahkatavarat - Made in Sweden","publisher":{"@id":"https:\/\/fredfloris.eu\/#organization"},"potentialAction":[{"@type":"SearchAction","target":{"@type":"EntryPoint","urlTemplate":"https:\/\/fredfloris.eu\/?s={search_term_string}"},"query-input":{"@type":"PropertyValueSpecification","valueRequired":true,"valueName":"search_term_string"}}],"inLanguage":"fi"},{"@type":"Organization","@id":"https:\/\/fredfloris.eu\/#organization","name":"FredFloris","url":"https:\/\/fredfloris.eu\/","logo":{"@type":"ImageObject","inLanguage":"fi","@id":"https:\/\/fredfloris.eu\/#\/schema\/logo\/image\/","url":"https:\/\/fredfloris.eu\/wp-content\/uploads\/2022\/03\/FredFloris-med-hel-nal-och-text.png","contentUrl":"https:\/\/fredfloris.eu\/wp-content\/uploads\/2022\/03\/FredFloris-med-hel-nal-och-text.png","width":591,"height":283,"caption":"FredFloris"},"image":{"@id":"https:\/\/fredfloris.eu\/#\/schema\/logo\/image\/"},"sameAs":["https:\/\/www.facebook.com\/FredFloris.Artisan.Studio\/","https:\/\/x.com\/_fredfloris_","https:\/\/www.instagram.com\/fredfloris.artisan.studio\/"]}]}},"_links":{"self":[{"href":"https:\/\/fredfloris.eu\/fi\/wp-json\/wp\/v2\/pages\/9964","targetHints":{"allow":["GET"]}}],"collection":[{"href":"https:\/\/fredfloris.eu\/fi\/wp-json\/wp\/v2\/pages"}],"about":[{"href":"https:\/\/fredfloris.eu\/fi\/wp-json\/wp\/v2\/types\/page"}],"author":[{"embeddable":true,"href":"https:\/\/fredfloris.eu\/fi\/wp-json\/wp\/v2\/users\/1"}],"replies":[{"embeddable":true,"href":"https:\/\/fredfloris.eu\/fi\/wp-json\/wp\/v2\/comments?post=9964"}],"version-history":[{"count":20,"href":"https:\/\/fredfloris.eu\/fi\/wp-json\/wp\/v2\/pages\/9964\/revisions"}],"predecessor-version":[{"id":11045,"href":"https:\/\/fredfloris.eu\/fi\/wp-json\/wp\/v2\/pages\/9964\/revisions\/11045"}],"wp:attachment":[{"href":"https:\/\/fredfloris.eu\/fi\/wp-json\/wp\/v2\/media?parent=9964"}],"curies":[{"name":"wp","href":"https:\/\/api.w.org\/{rel}","templated":true}]}}