{"id":10043,"date":"2022-10-10T17:33:04","date_gmt":"2022-10-10T15:33:04","guid":{"rendered":"https:\/\/fredfloris.eu\/?post_type=product&#038;p=10043"},"modified":"2025-05-25T16:35:40","modified_gmt":"2025-05-25T14:35:40","slug":"cashmere-wool-spray","status":"publish","type":"product","link":"https:\/\/fredfloris.eu\/fi\/productpage\/cashmere-wool-spray\/","title":{"rendered":"Kashmir \/ villasuihke"},"content":{"rendered":"<p>Nauti raikkaasta ja miellytt\u00e4v\u00e4st\u00e4 tuoksusta jokaisella kevyesti tuoksuvan kashmirsuihkeemme k\u00e4ytt\u00f6kerralla. Saatavana eri tuoksusekoituksina, se antaa vaatteillesi hienovaraisen mutta virkist\u00e4v\u00e4n kosketuksen - t\u00e4ydellinen virkist\u00e4m\u00e4\u00e4n vaatteita pesujen v\u00e4lill\u00e4, viilein\u00e4 iltoina tai talvikuukausina.<\/p>\n<p>Suihkeemme on valmistettu tislatusta vedest\u00e4, denaturoidusta alkoholista ja puhtaista eteerisist\u00e4 \u00f6ljyist\u00e4. Se auttaa tehokkaasti poistamaan hajuja ja karkottaa koiperhosia, pident\u00e4\u00e4 suosikkivilla- tai kashmirvaatteidesi k\u00e4ytt\u00f6ik\u00e4\u00e4 ja v\u00e4hent\u00e4\u00e4 samalla tihe\u00e4n pesun tarvetta.<\/p>\n<p><strong>Pakkaus:<\/strong> Suihke on 100%-kierr\u00e4tysmuovipullossa (rPET), mik\u00e4 korostaa sitoutumistamme ymp\u00e4rist\u00f6n kest\u00e4vyyteen. Pullo voidaan kierr\u00e4tt\u00e4\u00e4 uudelleen sen j\u00e4lkeen, kun tuote on k\u00e4ytetty loppuun, mik\u00e4 edist\u00e4\u00e4 jatkuvaa ymp\u00e4rist\u00f6vastuuta.<\/p>\n<p data-start=\"617\" data-end=\"640\"><strong data-start=\"617\" data-end=\"638\">Saatavilla olevat tuoksut:<\/strong><\/p>\n<ul data-start=\"641\" data-end=\"746\">\n<li data-start=\"641\" data-end=\"685\"><strong data-start=\"643\" data-end=\"659\">Tuoksu nro 1 - <\/strong>Eukalyptus ja piparminttu: Virkist\u00e4v\u00e4 sekoitus, joka tuo viile\u00e4n ja virkist\u00e4v\u00e4n tuoksun.<\/li>\n<li data-start=\"686\" data-end=\"746\"><strong data-start=\"688\" data-end=\"704\">Tuoksu nro 2 - <\/strong>Laventeli, teepuu, bergamotti ja geranium: Melko rohkea ja monimutkainen sekoitus, kukkainen, yrttinen ja hieman sitruksinen.<\/li>\n<li data-start=\"686\" data-end=\"746\"><strong data-start=\"341\" data-end=\"374\">Tuoksu nro 3 - <\/strong>Lavandin Super: Aromaattinen, rauhoittava, hieman yrttinen luonne.<\/li>\n<li data-start=\"686\" data-end=\"746\"><strong data-start=\"438\" data-end=\"474\">Tuoksu nro 4 - <\/strong>Appelsiini &amp; Bergamotti: Kirkas ja pirist\u00e4v\u00e4, raikas sitrusprofiili.<\/li>\n<\/ul>\n<p>&nbsp;<\/p>\n<p><strong>Tuotteen tekniset tiedot:<\/strong><\/p>\n<ul>\n<li data-start=\"1139\" data-end=\"1159\"><strong data-start=\"1141\" data-end=\"1150\">Koko:<\/strong> 400 ml<\/li>\n<li data-start=\"1160\" data-end=\"1235\"><strong data-start=\"1162\" data-end=\"1178\">Ainesosat:<\/strong> Tislattu vesi, denaturoitu alkoholi ja eteeriset \u00f6ljyt.<\/li>\n<li data-start=\"1236\" data-end=\"1314\"><strong data-start=\"1238\" data-end=\"1252\">S\u00e4ili\u00f6:<\/strong> 400 ml l\u00e4pin\u00e4kyv\u00e4 rPET-pullo, valmistettu 100% kierr\u00e4tetyst\u00e4 PET:st\u00e4.<\/li>\n<\/ul>\n<p>&nbsp;<\/p>\n<p>Ravista pulloa ennen jokaista k\u00e4ytt\u00f6kertaa, jotta eteeriset \u00f6ljyt sekoittuvat tasaisesti. T\u00e4m\u00e4 suihke on suunniteltu niin, ettei se tahraa vaatteita.<\/p>\n<p>T\u00e4m\u00e4n tuotteen voi my\u00f6s ostaa osana meid\u00e4n <a href=\"https:\/\/fredfloris.eu\/fi\/productpage\/cashmere-care-kit\/?wmc-currency=EUR\">Hoitopakkaus<\/a><\/p>\n<p>&nbsp;<\/p>\n<p>Hakusanat: pesuaine: villa ja kashmir shampoo pesu pesuaine<\/p>","protected":false},"excerpt":{"rendered":"<p>Koko: 400 ml<\/p>\n<p>SKU: cas\/car\/spr<br \/>\nTuotemerkki: FredFloris (valmistettu Ruotsissa)<\/p>","protected":false},"featured_media":11882,"template":"","meta":[],"pwb-brand":[203],"product_brand":[],"product_cat":[361,362],"product_tag":[380,135],"woo-feed-brand":[],"class_list":{"0":"post-10043","1":"product","2":"type-product","3":"status-publish","4":"has-post-thumbnail","6":"pwb-brand-fredfloris","7":"product_cat-knitwear","8":"product_cat-knitwear-care-products","9":"product_tag-knitwear-care","10":"product_tag-stocked","11":"product_shipping_class-large-goods","13":"first","14":"instock","15":"taxable","16":"shipping-taxable","17":"purchasable","18":"product-type-variable"},"yoast_head":"<!-- This site is optimized with the Yoast SEO plugin v27.2 - https:\/\/yoast.com\/product\/yoast-seo-wordpress\/ -->\n<title>Cashmere \/ Wool Spray | FredFloris<\/title>\n<meta name=\"description\" content=\"Enjoy a fresh and pleasant scent with every use of our lightly fragranced cashmere spray. Our Cashmere &amp; Wool spray is made in-house.\" \/>\n<meta name=\"robots\" content=\"index, follow, max-snippet:-1, max-image-preview:large, max-video-preview:-1\" \/>\n<link rel=\"canonical\" href=\"https:\/\/fredfloris.eu\/fi\/productpage\/cashmere-wool-spray\/?wmc-currency=EUR\" \/>\n<meta property=\"og:locale\" content=\"fi_FI\" \/>\n<meta property=\"og:type\" content=\"article\" \/>\n<meta property=\"og:title\" content=\"Cashmere \/ Wool Spray | FredFloris\" \/>\n<meta property=\"og:description\" content=\"Enjoy a fresh and pleasant scent with every use of our lightly fragranced cashmere spray. Our Cashmere &amp; Wool spray is made in-house.\" \/>\n<meta property=\"og:url\" content=\"https:\/\/fredfloris.eu\/fi\/productpage\/cashmere-wool-spray\/?wmc-currency=EUR\" \/>\n<meta property=\"og:site_name\" content=\"FredFloris\" \/>\n<meta property=\"article:publisher\" content=\"https:\/\/www.facebook.com\/FredFloris.Artisan.Studio\/\" \/>\n<meta property=\"article:modified_time\" content=\"2025-05-25T14:35:40+00:00\" \/>\n<meta property=\"og:image\" content=\"https:\/\/fredfloris.eu\/wp-content\/uploads\/2025\/02\/IMG_6482-scaled.jpg\" \/>\n\t<meta property=\"og:image:width\" content=\"2560\" \/>\n\t<meta property=\"og:image:height\" content=\"1707\" \/>\n\t<meta property=\"og:image:type\" content=\"image\/jpeg\" \/>\n<meta name=\"twitter:card\" content=\"summary_large_image\" \/>\n<meta name=\"twitter:site\" content=\"@_fredfloris_\" \/>\n<meta name=\"twitter:label1\" content=\"Arvioitu lukuaika\" \/>\n\t<meta name=\"twitter:data1\" content=\"2 minuuttia\" \/>\n<script type=\"application\/ld+json\" class=\"yoast-schema-graph\">{\"@context\":\"https:\/\/schema.org\",\"@graph\":[{\"@type\":\"WebPage\",\"@id\":\"https:\/\/fredfloris.eu\/productpage\/cashmere-wool-spray\/\",\"url\":\"https:\/\/fredfloris.eu\/productpage\/cashmere-wool-spray\/\",\"name\":\"Cashmere \/ Wool Spray | FredFloris\",\"isPartOf\":{\"@id\":\"https:\/\/fredfloris.eu\/#website\"},\"primaryImageOfPage\":{\"@id\":\"https:\/\/fredfloris.eu\/productpage\/cashmere-wool-spray\/#primaryimage\"},\"image\":{\"@id\":\"https:\/\/fredfloris.eu\/productpage\/cashmere-wool-spray\/#primaryimage\"},\"thumbnailUrl\":\"https:\/\/fredfloris.eu\/wp-content\/uploads\/2025\/02\/IMG_6482-scaled.jpg\",\"datePublished\":\"2022-10-10T15:33:04+00:00\",\"dateModified\":\"2025-05-25T14:35:40+00:00\",\"description\":\"Enjoy a fresh and pleasant scent with every use of our lightly fragranced cashmere spray. Our Cashmere & Wool spray is made in-house.\",\"breadcrumb\":{\"@id\":\"https:\/\/fredfloris.eu\/productpage\/cashmere-wool-spray\/#breadcrumb\"},\"inLanguage\":\"fi\",\"potentialAction\":[{\"@type\":\"ReadAction\",\"target\":[\"https:\/\/fredfloris.eu\/productpage\/cashmere-wool-spray\/\"]}]},{\"@type\":\"ImageObject\",\"inLanguage\":\"fi\",\"@id\":\"https:\/\/fredfloris.eu\/productpage\/cashmere-wool-spray\/#primaryimage\",\"url\":\"https:\/\/fredfloris.eu\/wp-content\/uploads\/2025\/02\/IMG_6482-scaled.jpg\",\"contentUrl\":\"https:\/\/fredfloris.eu\/wp-content\/uploads\/2025\/02\/IMG_6482-scaled.jpg\",\"width\":2560,\"height\":1707,\"caption\":\"Product: Cashmere \/ Wool Spray\"},{\"@type\":\"BreadcrumbList\",\"@id\":\"https:\/\/fredfloris.eu\/productpage\/cashmere-wool-spray\/#breadcrumb\",\"itemListElement\":[{\"@type\":\"ListItem\",\"position\":1,\"name\":\"Home\",\"item\":\"https:\/\/fredfloris.eu\/\"},{\"@type\":\"ListItem\",\"position\":2,\"name\":\"Shop\",\"item\":\"https:\/\/fredfloris.eu\/shop\/\"},{\"@type\":\"ListItem\",\"position\":3,\"name\":\"Cashmere \/ Wool Spray\"}]},{\"@type\":\"WebSite\",\"@id\":\"https:\/\/fredfloris.eu\/#website\",\"url\":\"https:\/\/fredfloris.eu\/\",\"name\":\"FredFloris\",\"description\":\"Handcrafted Leathergoods - Made in Sweden\",\"publisher\":{\"@id\":\"https:\/\/fredfloris.eu\/#organization\"},\"potentialAction\":[{\"@type\":\"SearchAction\",\"target\":{\"@type\":\"EntryPoint\",\"urlTemplate\":\"https:\/\/fredfloris.eu\/?s={search_term_string}\"},\"query-input\":{\"@type\":\"PropertyValueSpecification\",\"valueRequired\":true,\"valueName\":\"search_term_string\"}}],\"inLanguage\":\"fi\"},{\"@type\":\"Organization\",\"@id\":\"https:\/\/fredfloris.eu\/#organization\",\"name\":\"FredFloris\",\"url\":\"https:\/\/fredfloris.eu\/\",\"logo\":{\"@type\":\"ImageObject\",\"inLanguage\":\"fi\",\"@id\":\"https:\/\/fredfloris.eu\/#\/schema\/logo\/image\/\",\"url\":\"https:\/\/fredfloris.eu\/wp-content\/uploads\/2022\/03\/FredFloris-med-hel-nal-och-text.png\",\"contentUrl\":\"https:\/\/fredfloris.eu\/wp-content\/uploads\/2022\/03\/FredFloris-med-hel-nal-och-text.png\",\"width\":591,\"height\":283,\"caption\":\"FredFloris\"},\"image\":{\"@id\":\"https:\/\/fredfloris.eu\/#\/schema\/logo\/image\/\"},\"sameAs\":[\"https:\/\/www.facebook.com\/FredFloris.Artisan.Studio\/\",\"https:\/\/x.com\/_fredfloris_\",\"https:\/\/www.instagram.com\/fredfloris.artisan.studio\/\"]}]}<\/script>\n<!-- \/ Yoast SEO plugin. -->","yoast_head_json":{"title":"Kashmir \/ villasuihke | FredFloris","description":"Nauti raikkaasta ja miellytt\u00e4v\u00e4st\u00e4 tuoksusta jokaisella kevyesti tuoksuvan kashmirsuihkeemme k\u00e4ytt\u00f6kerralla. Cashmere &amp; Wool -suihkeemme valmistetaan itse.","robots":{"index":"index","follow":"follow","max-snippet":"max-snippet:-1","max-image-preview":"max-image-preview:large","max-video-preview":"max-video-preview:-1"},"canonical":"https:\/\/fredfloris.eu\/fi\/productpage\/cashmere-wool-spray\/?wmc-currency=EUR","og_locale":"fi_FI","og_type":"article","og_title":"Cashmere \/ Wool Spray | FredFloris","og_description":"Enjoy a fresh and pleasant scent with every use of our lightly fragranced cashmere spray. Our Cashmere & Wool spray is made in-house.","og_url":"https:\/\/fredfloris.eu\/fi\/productpage\/cashmere-wool-spray\/?wmc-currency=EUR","og_site_name":"FredFloris","article_publisher":"https:\/\/www.facebook.com\/FredFloris.Artisan.Studio\/","article_modified_time":"2025-05-25T14:35:40+00:00","og_image":[{"width":2560,"height":1707,"url":"https:\/\/fredfloris.eu\/wp-content\/uploads\/2025\/02\/IMG_6482-scaled.jpg","type":"image\/jpeg"}],"twitter_card":"summary_large_image","twitter_site":"@_fredfloris_","twitter_misc":{"Arvioitu lukuaika":"2 minuuttia"},"schema":{"@context":"https:\/\/schema.org","@graph":[{"@type":"WebPage","@id":"https:\/\/fredfloris.eu\/productpage\/cashmere-wool-spray\/","url":"https:\/\/fredfloris.eu\/productpage\/cashmere-wool-spray\/","name":"Kashmir \/ villasuihke | FredFloris","isPartOf":{"@id":"https:\/\/fredfloris.eu\/#website"},"primaryImageOfPage":{"@id":"https:\/\/fredfloris.eu\/productpage\/cashmere-wool-spray\/#primaryimage"},"image":{"@id":"https:\/\/fredfloris.eu\/productpage\/cashmere-wool-spray\/#primaryimage"},"thumbnailUrl":"https:\/\/fredfloris.eu\/wp-content\/uploads\/2025\/02\/IMG_6482-scaled.jpg","datePublished":"2022-10-10T15:33:04+00:00","dateModified":"2025-05-25T14:35:40+00:00","description":"Nauti raikkaasta ja miellytt\u00e4v\u00e4st\u00e4 tuoksusta jokaisella kevyesti tuoksuvan kashmirsuihkeemme k\u00e4ytt\u00f6kerralla. Cashmere &amp; Wool -suihkeemme valmistetaan itse.","breadcrumb":{"@id":"https:\/\/fredfloris.eu\/productpage\/cashmere-wool-spray\/#breadcrumb"},"inLanguage":"fi","potentialAction":[{"@type":"ReadAction","target":["https:\/\/fredfloris.eu\/productpage\/cashmere-wool-spray\/"]}]},{"@type":"ImageObject","inLanguage":"fi","@id":"https:\/\/fredfloris.eu\/productpage\/cashmere-wool-spray\/#primaryimage","url":"https:\/\/fredfloris.eu\/wp-content\/uploads\/2025\/02\/IMG_6482-scaled.jpg","contentUrl":"https:\/\/fredfloris.eu\/wp-content\/uploads\/2025\/02\/IMG_6482-scaled.jpg","width":2560,"height":1707,"caption":"Product: Cashmere \/ Wool Spray"},{"@type":"BreadcrumbList","@id":"https:\/\/fredfloris.eu\/productpage\/cashmere-wool-spray\/#breadcrumb","itemListElement":[{"@type":"ListItem","position":1,"name":"Home","item":"https:\/\/fredfloris.eu\/"},{"@type":"ListItem","position":2,"name":"Shop","item":"https:\/\/fredfloris.eu\/shop\/"},{"@type":"ListItem","position":3,"name":"Cashmere \/ Wool Spray"}]},{"@type":"WebSite","@id":"https:\/\/fredfloris.eu\/#website","url":"https:\/\/fredfloris.eu\/","name":"FredFloris","description":"K\u00e4sintehdyt nahkatavarat - Made in Sweden","publisher":{"@id":"https:\/\/fredfloris.eu\/#organization"},"potentialAction":[{"@type":"SearchAction","target":{"@type":"EntryPoint","urlTemplate":"https:\/\/fredfloris.eu\/?s={search_term_string}"},"query-input":{"@type":"PropertyValueSpecification","valueRequired":true,"valueName":"search_term_string"}}],"inLanguage":"fi"},{"@type":"Organization","@id":"https:\/\/fredfloris.eu\/#organization","name":"FredFloris","url":"https:\/\/fredfloris.eu\/","logo":{"@type":"ImageObject","inLanguage":"fi","@id":"https:\/\/fredfloris.eu\/#\/schema\/logo\/image\/","url":"https:\/\/fredfloris.eu\/wp-content\/uploads\/2022\/03\/FredFloris-med-hel-nal-och-text.png","contentUrl":"https:\/\/fredfloris.eu\/wp-content\/uploads\/2022\/03\/FredFloris-med-hel-nal-och-text.png","width":591,"height":283,"caption":"FredFloris"},"image":{"@id":"https:\/\/fredfloris.eu\/#\/schema\/logo\/image\/"},"sameAs":["https:\/\/www.facebook.com\/FredFloris.Artisan.Studio\/","https:\/\/x.com\/_fredfloris_","https:\/\/www.instagram.com\/fredfloris.artisan.studio\/"]}]}},"brands":[{"id":203,"name":"FredFloris","slug":"fredfloris"}],"_links":{"self":[{"href":"https:\/\/fredfloris.eu\/fi\/wp-json\/wp\/v2\/product\/10043","targetHints":{"allow":["GET"]}}],"collection":[{"href":"https:\/\/fredfloris.eu\/fi\/wp-json\/wp\/v2\/product"}],"about":[{"href":"https:\/\/fredfloris.eu\/fi\/wp-json\/wp\/v2\/types\/product"}],"version-history":[{"count":20,"href":"https:\/\/fredfloris.eu\/fi\/wp-json\/wp\/v2\/product\/10043\/revisions"}],"predecessor-version":[{"id":12161,"href":"https:\/\/fredfloris.eu\/fi\/wp-json\/wp\/v2\/product\/10043\/revisions\/12161"}],"wp:featuredmedia":[{"embeddable":true,"href":"https:\/\/fredfloris.eu\/fi\/wp-json\/wp\/v2\/media\/11882"}],"wp:attachment":[{"href":"https:\/\/fredfloris.eu\/fi\/wp-json\/wp\/v2\/media?parent=10043"}],"wp:term":[{"taxonomy":"pwb-brand","embeddable":true,"href":"https:\/\/fredfloris.eu\/fi\/wp-json\/wp\/v2\/pwb-brand?post=10043"},{"taxonomy":"product_brand","embeddable":true,"href":"https:\/\/fredfloris.eu\/fi\/wp-json\/wp\/v2\/product_brand?post=10043"},{"taxonomy":"product_cat","embeddable":true,"href":"https:\/\/fredfloris.eu\/fi\/wp-json\/wp\/v2\/product_cat?post=10043"},{"taxonomy":"product_tag","embeddable":true,"href":"https:\/\/fredfloris.eu\/fi\/wp-json\/wp\/v2\/product_tag?post=10043"},{"taxonomy":"woo-feed-brand","embeddable":true,"href":"https:\/\/fredfloris.eu\/fi\/wp-json\/wp\/v2\/woo-feed-brand?post=10043"}],"curies":[{"name":"wp","href":"https:\/\/api.w.org\/{rel}","templated":true}]}}