{"id":10050,"date":"2022-10-10T17:33:02","date_gmt":"2022-10-10T15:33:02","guid":{"rendered":"https:\/\/fredfloris.eu\/?post_type=product&#038;p=10050"},"modified":"2024-07-23T20:05:03","modified_gmt":"2024-07-23T18:05:03","slug":"natural-stain-removing-bile-soap","status":"publish","type":"product","link":"https:\/\/fredfloris.eu\/fi\/productpage\/natural-stain-removing-bile-soap\/","title":{"rendered":"Luonnollinen tahranpoisto sappisaippua"},"content":{"rendered":"<p><strong>T\u00e4m\u00e4 tahroja poistava sappisaippua hoitaa tehokkaasti \u00f6ljy-, rasva-, ruoho- ja hedelm\u00e4tahrat. Se on kova tahroille mutta hell\u00e4varainen ymp\u00e4rist\u00f6lle.<\/strong><\/p>\n<p>Sappisaippua on erinomainen valinta ymp\u00e4rist\u00f6tietoisille k\u00e4ytt\u00e4jille. Se sis\u00e4lt\u00e4\u00e4 vain luonnollisia ainesosia - ei kemikaaleja, hajusteita tai s\u00e4il\u00f6nt\u00e4aineita eik\u00e4 muuntogeenisi\u00e4 materiaaleja. T\u00e4m\u00e4 saippua on 100% biologisesti hajoava ja sertifioitu \"Hyv\u00e4 ymp\u00e4rist\u00f6valinta\", mik\u00e4 takaa, ett\u00e4 se t\u00e4ytt\u00e4\u00e4 korkeat ymp\u00e4rist\u00f6standardit. Saippua sis\u00e4lt\u00e4\u00e4 palmu\u00f6ljyj\u00e4, jotka on hankittu Reilun kaupan hankkeista Brasiliassa ja Dominikaanisessa tasavallassa, mik\u00e4 takaa, ettei se edist\u00e4 mets\u00e4katoa.<\/p>\n<p>Saippuan s\u00e4ilyvyysaika on rajoittamaton, koska sen koostumuksessa oleva h\u00e4r\u00e4nsappi est\u00e4\u00e4 mikro-organismien kasvua.<\/p>\n<p><strong>Miten se toimii:<\/strong> T\u00e4m\u00e4n saippuan tehokkuus perustuu h\u00e4r\u00e4nsappeen, lihateollisuuden luonnolliseen sivutuotteeseen, joka hajottaa erinomaisesti rasvoja. El\u00e4imi\u00e4 ei vahingoiteta pelk\u00e4st\u00e4\u00e4n sapen tuotantoa varten.<\/p>\n<p><strong>Tuotteen tekniset tiedot:<\/strong><\/p>\n<ul>\n<li><strong>100% Biohajoava<\/strong><\/li>\n<li><strong>Sertifioitu hyv\u00e4 ymp\u00e4rist\u00f6valinta<\/strong><\/li>\n<li><strong>Koko:<\/strong> 100g<\/li>\n<li><strong>Valmistettu Saksassa<\/strong><\/li>\n<li><strong>T\u00e4t\u00e4 tuotetta ei ole testattu el\u00e4imill\u00e4<\/strong><\/li>\n<\/ul>\n<p>&nbsp;<\/p>\n<p>T\u00e4m\u00e4 tahranpoistoaine on vastuullinen valinta vaikeiden tahrojen poistamiseen ja samalla maapallon suojelemiseen.<\/p>\n<p>T\u00e4m\u00e4n tuotteen voi my\u00f6s ostaa osana meid\u00e4n <a href=\"https:\/\/fredfloris.eu\/fi\/productpage\/cashmere-care-kit\/?wmc-currency=EUR\">Hoitopakkaus<\/a><\/p>\n<p>&nbsp;<\/p>\n<p>Hakusanat: Tahranpoistoaine, luonnonmukainen luomusaippua.<\/p>","protected":false},"excerpt":{"rendered":"<p>SKU: mil\/car\/bil<br \/>\nTuotemerkki: Galltv\u00e5l Sverige AB<\/p>","protected":false},"featured_media":10020,"template":"","meta":[],"pwb-brand":[],"product_brand":[],"product_cat":[361,362],"product_tag":[380,135],"woo-feed-brand":[],"class_list":{"0":"post-10050","1":"product","2":"type-product","3":"status-publish","4":"has-post-thumbnail","6":"product_cat-knitwear","7":"product_cat-knitwear-care-products","8":"product_tag-knitwear-care","9":"product_tag-stocked","10":"product_shipping_class-midsized-goods","12":"first","13":"instock","14":"taxable","15":"shipping-taxable","16":"purchasable","17":"product-type-simple"},"yoast_head":"<!-- This site is optimized with the Yoast SEO plugin v27.2 - https:\/\/yoast.com\/product\/yoast-seo-wordpress\/ -->\n<title>Natural Stain Removing Bile Soap | FredFloris<\/title>\n<meta name=\"description\" content=\"Our Bile Soap Bar is tough on stains while staying kind on the environment. An organic and natural stain remover soap, used as a wool wash detergent.\" \/>\n<meta name=\"robots\" content=\"index, follow, max-snippet:-1, max-image-preview:large, max-video-preview:-1\" \/>\n<link rel=\"canonical\" href=\"https:\/\/fredfloris.eu\/fi\/productpage\/natural-stain-removing-bile-soap\/?wmc-currency=EUR\" \/>\n<meta property=\"og:locale\" content=\"fi_FI\" \/>\n<meta property=\"og:type\" content=\"article\" \/>\n<meta property=\"og:title\" content=\"Natural Stain Removing Bile Soap | FredFloris\" \/>\n<meta property=\"og:description\" content=\"Our Bile Soap Bar is tough on stains while staying kind on the environment. An organic and natural stain remover soap, used as a wool wash detergent.\" \/>\n<meta property=\"og:url\" content=\"https:\/\/fredfloris.eu\/fi\/productpage\/natural-stain-removing-bile-soap\/?wmc-currency=EUR\" \/>\n<meta property=\"og:site_name\" content=\"FredFloris\" \/>\n<meta property=\"article:publisher\" content=\"https:\/\/www.facebook.com\/FredFloris.Artisan.Studio\/\" \/>\n<meta property=\"article:modified_time\" content=\"2024-07-23T18:05:03+00:00\" \/>\n<meta property=\"og:image\" content=\"https:\/\/fredfloris.eu\/wp-content\/uploads\/2022\/10\/IMG_3617-scaled.jpg\" \/>\n\t<meta property=\"og:image:width\" content=\"2560\" \/>\n\t<meta property=\"og:image:height\" content=\"1707\" \/>\n\t<meta property=\"og:image:type\" content=\"image\/jpeg\" \/>\n<meta name=\"twitter:card\" content=\"summary_large_image\" \/>\n<meta name=\"twitter:site\" content=\"@_fredfloris_\" \/>\n<meta name=\"twitter:label1\" content=\"Arvioitu lukuaika\" \/>\n\t<meta name=\"twitter:data1\" content=\"2 minuuttia\" \/>\n<script type=\"application\/ld+json\" class=\"yoast-schema-graph\">{\"@context\":\"https:\/\/schema.org\",\"@graph\":[{\"@type\":\"WebPage\",\"@id\":\"https:\/\/fredfloris.eu\/productpage\/natural-stain-removing-bile-soap\/\",\"url\":\"https:\/\/fredfloris.eu\/productpage\/natural-stain-removing-bile-soap\/\",\"name\":\"Natural Stain Removing Bile Soap | FredFloris\",\"isPartOf\":{\"@id\":\"https:\/\/fredfloris.eu\/#website\"},\"primaryImageOfPage\":{\"@id\":\"https:\/\/fredfloris.eu\/productpage\/natural-stain-removing-bile-soap\/#primaryimage\"},\"image\":{\"@id\":\"https:\/\/fredfloris.eu\/productpage\/natural-stain-removing-bile-soap\/#primaryimage\"},\"thumbnailUrl\":\"https:\/\/fredfloris.eu\/wp-content\/uploads\/2022\/10\/IMG_3617-scaled.jpg\",\"datePublished\":\"2022-10-10T15:33:02+00:00\",\"dateModified\":\"2024-07-23T18:05:03+00:00\",\"description\":\"Our Bile Soap Bar is tough on stains while staying kind on the environment. An organic and natural stain remover soap, used as a wool wash detergent.\",\"breadcrumb\":{\"@id\":\"https:\/\/fredfloris.eu\/productpage\/natural-stain-removing-bile-soap\/#breadcrumb\"},\"inLanguage\":\"fi\",\"potentialAction\":[{\"@type\":\"ReadAction\",\"target\":[\"https:\/\/fredfloris.eu\/productpage\/natural-stain-removing-bile-soap\/\"]}]},{\"@type\":\"ImageObject\",\"inLanguage\":\"fi\",\"@id\":\"https:\/\/fredfloris.eu\/productpage\/natural-stain-removing-bile-soap\/#primaryimage\",\"url\":\"https:\/\/fredfloris.eu\/wp-content\/uploads\/2022\/10\/IMG_3617-scaled.jpg\",\"contentUrl\":\"https:\/\/fredfloris.eu\/wp-content\/uploads\/2022\/10\/IMG_3617-scaled.jpg\",\"width\":2560,\"height\":1707,\"caption\":\"Product: Mild Natural Bile Soap\"},{\"@type\":\"BreadcrumbList\",\"@id\":\"https:\/\/fredfloris.eu\/productpage\/natural-stain-removing-bile-soap\/#breadcrumb\",\"itemListElement\":[{\"@type\":\"ListItem\",\"position\":1,\"name\":\"Home\",\"item\":\"https:\/\/fredfloris.eu\/\"},{\"@type\":\"ListItem\",\"position\":2,\"name\":\"Shop\",\"item\":\"https:\/\/fredfloris.eu\/shop\/\"},{\"@type\":\"ListItem\",\"position\":3,\"name\":\"Natural Stain Removing Bile Soap\"}]},{\"@type\":\"WebSite\",\"@id\":\"https:\/\/fredfloris.eu\/#website\",\"url\":\"https:\/\/fredfloris.eu\/\",\"name\":\"FredFloris\",\"description\":\"Handcrafted Leathergoods - Made in Sweden\",\"publisher\":{\"@id\":\"https:\/\/fredfloris.eu\/#organization\"},\"potentialAction\":[{\"@type\":\"SearchAction\",\"target\":{\"@type\":\"EntryPoint\",\"urlTemplate\":\"https:\/\/fredfloris.eu\/?s={search_term_string}\"},\"query-input\":{\"@type\":\"PropertyValueSpecification\",\"valueRequired\":true,\"valueName\":\"search_term_string\"}}],\"inLanguage\":\"fi\"},{\"@type\":\"Organization\",\"@id\":\"https:\/\/fredfloris.eu\/#organization\",\"name\":\"FredFloris\",\"url\":\"https:\/\/fredfloris.eu\/\",\"logo\":{\"@type\":\"ImageObject\",\"inLanguage\":\"fi\",\"@id\":\"https:\/\/fredfloris.eu\/#\/schema\/logo\/image\/\",\"url\":\"https:\/\/fredfloris.eu\/wp-content\/uploads\/2022\/03\/FredFloris-med-hel-nal-och-text.png\",\"contentUrl\":\"https:\/\/fredfloris.eu\/wp-content\/uploads\/2022\/03\/FredFloris-med-hel-nal-och-text.png\",\"width\":591,\"height\":283,\"caption\":\"FredFloris\"},\"image\":{\"@id\":\"https:\/\/fredfloris.eu\/#\/schema\/logo\/image\/\"},\"sameAs\":[\"https:\/\/www.facebook.com\/FredFloris.Artisan.Studio\/\",\"https:\/\/x.com\/_fredfloris_\",\"https:\/\/www.instagram.com\/fredfloris.artisan.studio\/\"]}]}<\/script>\n<!-- \/ Yoast SEO plugin. -->","yoast_head_json":{"title":"Luonnollinen tahranpoisto sappisaippua | FredFloris","description":"Bile Soap Bar -saippuapalamme on kova tahroille ja samalla ymp\u00e4rist\u00f6yst\u00e4v\u00e4llinen. Orgaaninen ja luonnollinen tahranpoistosaippua, jota k\u00e4ytet\u00e4\u00e4n villanpesuaineena.","robots":{"index":"index","follow":"follow","max-snippet":"max-snippet:-1","max-image-preview":"max-image-preview:large","max-video-preview":"max-video-preview:-1"},"canonical":"https:\/\/fredfloris.eu\/fi\/productpage\/natural-stain-removing-bile-soap\/?wmc-currency=EUR","og_locale":"fi_FI","og_type":"article","og_title":"Natural Stain Removing Bile Soap | FredFloris","og_description":"Our Bile Soap Bar is tough on stains while staying kind on the environment. An organic and natural stain remover soap, used as a wool wash detergent.","og_url":"https:\/\/fredfloris.eu\/fi\/productpage\/natural-stain-removing-bile-soap\/?wmc-currency=EUR","og_site_name":"FredFloris","article_publisher":"https:\/\/www.facebook.com\/FredFloris.Artisan.Studio\/","article_modified_time":"2024-07-23T18:05:03+00:00","og_image":[{"width":2560,"height":1707,"url":"https:\/\/fredfloris.eu\/wp-content\/uploads\/2022\/10\/IMG_3617-scaled.jpg","type":"image\/jpeg"}],"twitter_card":"summary_large_image","twitter_site":"@_fredfloris_","twitter_misc":{"Arvioitu lukuaika":"2 minuuttia"},"schema":{"@context":"https:\/\/schema.org","@graph":[{"@type":"WebPage","@id":"https:\/\/fredfloris.eu\/productpage\/natural-stain-removing-bile-soap\/","url":"https:\/\/fredfloris.eu\/productpage\/natural-stain-removing-bile-soap\/","name":"Luonnollinen tahranpoisto sappisaippua | FredFloris","isPartOf":{"@id":"https:\/\/fredfloris.eu\/#website"},"primaryImageOfPage":{"@id":"https:\/\/fredfloris.eu\/productpage\/natural-stain-removing-bile-soap\/#primaryimage"},"image":{"@id":"https:\/\/fredfloris.eu\/productpage\/natural-stain-removing-bile-soap\/#primaryimage"},"thumbnailUrl":"https:\/\/fredfloris.eu\/wp-content\/uploads\/2022\/10\/IMG_3617-scaled.jpg","datePublished":"2022-10-10T15:33:02+00:00","dateModified":"2024-07-23T18:05:03+00:00","description":"Bile Soap Bar -saippuapalamme on kova tahroille ja samalla ymp\u00e4rist\u00f6yst\u00e4v\u00e4llinen. Orgaaninen ja luonnollinen tahranpoistosaippua, jota k\u00e4ytet\u00e4\u00e4n villanpesuaineena.","breadcrumb":{"@id":"https:\/\/fredfloris.eu\/productpage\/natural-stain-removing-bile-soap\/#breadcrumb"},"inLanguage":"fi","potentialAction":[{"@type":"ReadAction","target":["https:\/\/fredfloris.eu\/productpage\/natural-stain-removing-bile-soap\/"]}]},{"@type":"ImageObject","inLanguage":"fi","@id":"https:\/\/fredfloris.eu\/productpage\/natural-stain-removing-bile-soap\/#primaryimage","url":"https:\/\/fredfloris.eu\/wp-content\/uploads\/2022\/10\/IMG_3617-scaled.jpg","contentUrl":"https:\/\/fredfloris.eu\/wp-content\/uploads\/2022\/10\/IMG_3617-scaled.jpg","width":2560,"height":1707,"caption":"Product: Mild Natural Bile Soap"},{"@type":"BreadcrumbList","@id":"https:\/\/fredfloris.eu\/productpage\/natural-stain-removing-bile-soap\/#breadcrumb","itemListElement":[{"@type":"ListItem","position":1,"name":"Home","item":"https:\/\/fredfloris.eu\/"},{"@type":"ListItem","position":2,"name":"Shop","item":"https:\/\/fredfloris.eu\/shop\/"},{"@type":"ListItem","position":3,"name":"Natural Stain Removing Bile Soap"}]},{"@type":"WebSite","@id":"https:\/\/fredfloris.eu\/#website","url":"https:\/\/fredfloris.eu\/","name":"FredFloris","description":"K\u00e4sintehdyt nahkatavarat - Made in Sweden","publisher":{"@id":"https:\/\/fredfloris.eu\/#organization"},"potentialAction":[{"@type":"SearchAction","target":{"@type":"EntryPoint","urlTemplate":"https:\/\/fredfloris.eu\/?s={search_term_string}"},"query-input":{"@type":"PropertyValueSpecification","valueRequired":true,"valueName":"search_term_string"}}],"inLanguage":"fi"},{"@type":"Organization","@id":"https:\/\/fredfloris.eu\/#organization","name":"FredFloris","url":"https:\/\/fredfloris.eu\/","logo":{"@type":"ImageObject","inLanguage":"fi","@id":"https:\/\/fredfloris.eu\/#\/schema\/logo\/image\/","url":"https:\/\/fredfloris.eu\/wp-content\/uploads\/2022\/03\/FredFloris-med-hel-nal-och-text.png","contentUrl":"https:\/\/fredfloris.eu\/wp-content\/uploads\/2022\/03\/FredFloris-med-hel-nal-och-text.png","width":591,"height":283,"caption":"FredFloris"},"image":{"@id":"https:\/\/fredfloris.eu\/#\/schema\/logo\/image\/"},"sameAs":["https:\/\/www.facebook.com\/FredFloris.Artisan.Studio\/","https:\/\/x.com\/_fredfloris_","https:\/\/www.instagram.com\/fredfloris.artisan.studio\/"]}]}},"brands":[],"_links":{"self":[{"href":"https:\/\/fredfloris.eu\/fi\/wp-json\/wp\/v2\/product\/10050","targetHints":{"allow":["GET"]}}],"collection":[{"href":"https:\/\/fredfloris.eu\/fi\/wp-json\/wp\/v2\/product"}],"about":[{"href":"https:\/\/fredfloris.eu\/fi\/wp-json\/wp\/v2\/types\/product"}],"version-history":[{"count":13,"href":"https:\/\/fredfloris.eu\/fi\/wp-json\/wp\/v2\/product\/10050\/revisions"}],"predecessor-version":[{"id":11578,"href":"https:\/\/fredfloris.eu\/fi\/wp-json\/wp\/v2\/product\/10050\/revisions\/11578"}],"wp:featuredmedia":[{"embeddable":true,"href":"https:\/\/fredfloris.eu\/fi\/wp-json\/wp\/v2\/media\/10020"}],"wp:attachment":[{"href":"https:\/\/fredfloris.eu\/fi\/wp-json\/wp\/v2\/media?parent=10050"}],"wp:term":[{"taxonomy":"pwb-brand","embeddable":true,"href":"https:\/\/fredfloris.eu\/fi\/wp-json\/wp\/v2\/pwb-brand?post=10050"},{"taxonomy":"product_brand","embeddable":true,"href":"https:\/\/fredfloris.eu\/fi\/wp-json\/wp\/v2\/product_brand?post=10050"},{"taxonomy":"product_cat","embeddable":true,"href":"https:\/\/fredfloris.eu\/fi\/wp-json\/wp\/v2\/product_cat?post=10050"},{"taxonomy":"product_tag","embeddable":true,"href":"https:\/\/fredfloris.eu\/fi\/wp-json\/wp\/v2\/product_tag?post=10050"},{"taxonomy":"woo-feed-brand","embeddable":true,"href":"https:\/\/fredfloris.eu\/fi\/wp-json\/wp\/v2\/woo-feed-brand?post=10050"}],"curies":[{"name":"wp","href":"https:\/\/api.w.org\/{rel}","templated":true}]}}