{"id":10070,"date":"2022-10-10T17:31:43","date_gmt":"2022-10-10T15:31:43","guid":{"rendered":"https:\/\/fredfloris.eu\/?post_type=product&#038;p=10070"},"modified":"2024-06-24T20:32:15","modified_gmt":"2024-06-24T18:32:15","slug":"romeo-cashmere-sweater","status":"publish","type":"product","link":"https:\/\/fredfloris.eu\/fi\/productpage\/romeo-cashmere-sweater\/","title":{"rendered":"Romeo - Kashmir-pusero"},"content":{"rendered":"<p><strong>Koe kashmirpuseromme pehmeys, l\u00e4mp\u00f6 ja keveys. Hienoista langoista valmistettu villapaita pit\u00e4\u00e4 sinut l\u00e4mpim\u00e4n\u00e4 ilman tilaa, joten se sopii monipuolisesti ty\u00f6- ja vapaa-ajan vaatteisiin. Nauti mukavuudesta talven, syksyn, kev\u00e4\u00e4n ja leutoina kes\u00e4iltoina. T\u00e4m\u00e4 pusero tuo lookiisi ripauksen ylellisyytt\u00e4 samalla kun se tarjoaa erinomaisen eristyksen ja ilment\u00e4\u00e4 ajatonta tyyli\u00e4.<\/strong><\/p>\n<p><strong>Ymp\u00e4rist\u00f6yst\u00e4v\u00e4llinen:<\/strong> Paitapuseromme eiv\u00e4t ainoastaan tarjoa pysyv\u00e4\u00e4 tyyli\u00e4 vaan ovat my\u00f6s ymp\u00e4rist\u00f6yst\u00e4v\u00e4llisi\u00e4. FredFloris on sitoutunut vastustamaan pikamuotia tarjoamalla kest\u00e4vi\u00e4 tuotteita, joita voit vaalia. 100%-kierr\u00e4tetyst\u00e4 kashmirista valmistetut villapaitamme valmistetaan vastuullisesti kumppaneidemme toimesta Italiassa.<\/p>\n<p><strong>Huom:<\/strong> Kashmirin kierr\u00e4tysluonteesta johtuen v\u00e4ris\u00e4vyt voivat vaihdella erien v\u00e4lill\u00e4, eik\u00e4 kaikkia s\u00e4vyj\u00e4 v\u00e4ltt\u00e4m\u00e4tt\u00e4 ole aina saatavilla.<\/p>\n<p><strong>Monipuolinen ja Unisex:<\/strong> Neuleemme on suunniteltu miesten tavallisiin kokoihin, mutta ne ovat yleisesti ottaen imartelevia sek\u00e4 miehille ett\u00e4 naisille. Niit\u00e4 voidaan k\u00e4ytt\u00e4\u00e4 suoraan iholla tai kerrostettuna paidan p\u00e4\u00e4lle.<\/p>\n<p><strong>Tuotteen tekniset tiedot:<\/strong><\/p>\n<ul>\n<li><strong>Varastossa:<\/strong> M, L, XL<\/li>\n<li><strong>Tilauksesta:<\/strong> S, XXL (toimitusaika enint\u00e4\u00e4n 3 viikkoa, riippuen materiaalien saatavuudesta)*.<\/li>\n<li><strong>V\u00e4rit:<\/strong> laivastonsininen, vaaleanbeige<\/li>\n<li><strong>Tyyli:<\/strong> Crewneck<\/li>\n<li><strong>Neulominen Gauge:<\/strong> 12\/14 - Sopii ymp\u00e4rivuotiseen k\u00e4ytt\u00f6\u00f6n<\/li>\n<li><strong>Alkuper\u00e4:<\/strong> Valmistettu Italiassa<\/li>\n<li><strong>Materiaali:<\/strong> 100% Kierr\u00e4tetty kashmirliha<\/li>\n<\/ul>\n<p>&nbsp;<\/p>\n<p><em>*Koot S ja XXL ovat saatavilla tilauksesta. Toimitus kest\u00e4\u00e4 enint\u00e4\u00e4n 3 viikkoa, jos tehtaalla on tarvittavat materiaalit tuotteen valmistamiseen.<\/em><\/p>\n<p>&nbsp;<\/p>\n<p>Hakusanat: Kierr\u00e4tetty kashmirvillapaita, sininen ja beige, miehille ja naisille.<\/p>","protected":false},"excerpt":{"rendered":"<p><strong>Neulominen Gauge: <\/strong>12\/14 - ymp\u00e4ri vuoden<\/p>\n<p><strong>Alkuper\u00e4: <\/strong>Valmistettu Italiassa<\/p>","protected":false},"featured_media":10010,"template":"","meta":[],"pwb-brand":[204],"product_brand":[],"product_cat":[367,361],"product_tag":[105,135],"woo-feed-brand":[],"class_list":{"0":"post-10070","1":"product","2":"type-product","3":"status-publish","4":"has-post-thumbnail","6":"pwb-brand-fredfloris-partner","7":"product_cat-cashmere-sweater","8":"product_cat-knitwear","9":"product_tag-made-to-order","10":"product_tag-stocked","11":"product_shipping_class-large-goods","13":"first","14":"instock","15":"taxable","16":"shipping-taxable","17":"purchasable","18":"product-type-variable","19":"has-default-attributes"},"yoast_head":"<!-- This site is optimized with the Yoast SEO plugin v27.2 - https:\/\/yoast.com\/product\/yoast-seo-wordpress\/ -->\n<title>Romeo - Cashmere Sweater | FredFloris<\/title>\n<meta name=\"description\" content=\"These cashmere sweaters are made in Italy from 100% recycled cashmere. Sizes are common male sizes but these cashmere sweaters look great on men and women.\" \/>\n<meta name=\"robots\" content=\"index, follow, max-snippet:-1, max-image-preview:large, max-video-preview:-1\" \/>\n<link rel=\"canonical\" href=\"https:\/\/fredfloris.eu\/fi\/productpage\/romeo-cashmere-sweater\/?wmc-currency=EUR\" \/>\n<meta property=\"og:locale\" content=\"fi_FI\" \/>\n<meta property=\"og:type\" content=\"article\" \/>\n<meta property=\"og:title\" content=\"Romeo - Cashmere Sweater | FredFloris\" \/>\n<meta property=\"og:description\" content=\"These cashmere sweaters are made in Italy from 100% recycled cashmere. Sizes are common male sizes but these cashmere sweaters look great on men and women.\" \/>\n<meta property=\"og:url\" content=\"https:\/\/fredfloris.eu\/fi\/productpage\/romeo-cashmere-sweater\/?wmc-currency=EUR\" \/>\n<meta property=\"og:site_name\" content=\"FredFloris\" \/>\n<meta property=\"article:publisher\" content=\"https:\/\/www.facebook.com\/FredFloris.Artisan.Studio\/\" \/>\n<meta property=\"article:modified_time\" content=\"2024-06-24T18:32:15+00:00\" \/>\n<meta property=\"og:image\" content=\"https:\/\/fredfloris.eu\/wp-content\/uploads\/2022\/10\/IMG_3645-scaled.jpg\" \/>\n\t<meta property=\"og:image:width\" content=\"2560\" \/>\n\t<meta property=\"og:image:height\" content=\"1707\" \/>\n\t<meta property=\"og:image:type\" content=\"image\/jpeg\" \/>\n<meta name=\"twitter:card\" content=\"summary_large_image\" \/>\n<meta name=\"twitter:site\" content=\"@_fredfloris_\" \/>\n<meta name=\"twitter:label1\" content=\"Arvioitu lukuaika\" \/>\n\t<meta name=\"twitter:data1\" content=\"2 minuuttia\" \/>\n<script type=\"application\/ld+json\" class=\"yoast-schema-graph\">{\"@context\":\"https:\/\/schema.org\",\"@graph\":[{\"@type\":\"WebPage\",\"@id\":\"https:\/\/fredfloris.eu\/productpage\/romeo-cashmere-sweater\/\",\"url\":\"https:\/\/fredfloris.eu\/productpage\/romeo-cashmere-sweater\/\",\"name\":\"Romeo - Cashmere Sweater | FredFloris\",\"isPartOf\":{\"@id\":\"https:\/\/fredfloris.eu\/#website\"},\"primaryImageOfPage\":{\"@id\":\"https:\/\/fredfloris.eu\/productpage\/romeo-cashmere-sweater\/#primaryimage\"},\"image\":{\"@id\":\"https:\/\/fredfloris.eu\/productpage\/romeo-cashmere-sweater\/#primaryimage\"},\"thumbnailUrl\":\"https:\/\/fredfloris.eu\/wp-content\/uploads\/2022\/10\/IMG_3645-scaled.jpg\",\"datePublished\":\"2022-10-10T15:31:43+00:00\",\"dateModified\":\"2024-06-24T18:32:15+00:00\",\"description\":\"These cashmere sweaters are made in Italy from 100% recycled cashmere. Sizes are common male sizes but these cashmere sweaters look great on men and women.\",\"breadcrumb\":{\"@id\":\"https:\/\/fredfloris.eu\/productpage\/romeo-cashmere-sweater\/#breadcrumb\"},\"inLanguage\":\"fi\",\"potentialAction\":[{\"@type\":\"ReadAction\",\"target\":[\"https:\/\/fredfloris.eu\/productpage\/romeo-cashmere-sweater\/\"]}]},{\"@type\":\"ImageObject\",\"inLanguage\":\"fi\",\"@id\":\"https:\/\/fredfloris.eu\/productpage\/romeo-cashmere-sweater\/#primaryimage\",\"url\":\"https:\/\/fredfloris.eu\/wp-content\/uploads\/2022\/10\/IMG_3645-scaled.jpg\",\"contentUrl\":\"https:\/\/fredfloris.eu\/wp-content\/uploads\/2022\/10\/IMG_3645-scaled.jpg\",\"width\":2560,\"height\":1707,\"caption\":\"Product: Romeo - Cashmere Sweater- Colour: Navy Blue & Light Beige\"},{\"@type\":\"BreadcrumbList\",\"@id\":\"https:\/\/fredfloris.eu\/productpage\/romeo-cashmere-sweater\/#breadcrumb\",\"itemListElement\":[{\"@type\":\"ListItem\",\"position\":1,\"name\":\"Home\",\"item\":\"https:\/\/fredfloris.eu\/\"},{\"@type\":\"ListItem\",\"position\":2,\"name\":\"Shop\",\"item\":\"https:\/\/fredfloris.eu\/shop\/\"},{\"@type\":\"ListItem\",\"position\":3,\"name\":\"Romeo &#8211; Cashmere Sweater\"}]},{\"@type\":\"WebSite\",\"@id\":\"https:\/\/fredfloris.eu\/#website\",\"url\":\"https:\/\/fredfloris.eu\/\",\"name\":\"FredFloris\",\"description\":\"Handcrafted Leathergoods - Made in Sweden\",\"publisher\":{\"@id\":\"https:\/\/fredfloris.eu\/#organization\"},\"potentialAction\":[{\"@type\":\"SearchAction\",\"target\":{\"@type\":\"EntryPoint\",\"urlTemplate\":\"https:\/\/fredfloris.eu\/?s={search_term_string}\"},\"query-input\":{\"@type\":\"PropertyValueSpecification\",\"valueRequired\":true,\"valueName\":\"search_term_string\"}}],\"inLanguage\":\"fi\"},{\"@type\":\"Organization\",\"@id\":\"https:\/\/fredfloris.eu\/#organization\",\"name\":\"FredFloris\",\"url\":\"https:\/\/fredfloris.eu\/\",\"logo\":{\"@type\":\"ImageObject\",\"inLanguage\":\"fi\",\"@id\":\"https:\/\/fredfloris.eu\/#\/schema\/logo\/image\/\",\"url\":\"https:\/\/fredfloris.eu\/wp-content\/uploads\/2022\/03\/FredFloris-med-hel-nal-och-text.png\",\"contentUrl\":\"https:\/\/fredfloris.eu\/wp-content\/uploads\/2022\/03\/FredFloris-med-hel-nal-och-text.png\",\"width\":591,\"height\":283,\"caption\":\"FredFloris\"},\"image\":{\"@id\":\"https:\/\/fredfloris.eu\/#\/schema\/logo\/image\/\"},\"sameAs\":[\"https:\/\/www.facebook.com\/FredFloris.Artisan.Studio\/\",\"https:\/\/x.com\/_fredfloris_\",\"https:\/\/www.instagram.com\/fredfloris.artisan.studio\/\"]}]}<\/script>\n<!-- \/ Yoast SEO plugin. -->","yoast_head_json":{"title":"Romeo - Kashmir-pusero | FredFloris","description":"N\u00e4m\u00e4 kashmirpuserot on valmistettu Italiassa 100%-kierr\u00e4tetyst\u00e4 kashmirista. Koot ovat yleisi\u00e4 miesten kokoja, mutta n\u00e4m\u00e4 kashmirpuserot sopivat hyvin miehille ja naisille.","robots":{"index":"index","follow":"follow","max-snippet":"max-snippet:-1","max-image-preview":"max-image-preview:large","max-video-preview":"max-video-preview:-1"},"canonical":"https:\/\/fredfloris.eu\/fi\/productpage\/romeo-cashmere-sweater\/?wmc-currency=EUR","og_locale":"fi_FI","og_type":"article","og_title":"Romeo - Cashmere Sweater | FredFloris","og_description":"These cashmere sweaters are made in Italy from 100% recycled cashmere. Sizes are common male sizes but these cashmere sweaters look great on men and women.","og_url":"https:\/\/fredfloris.eu\/fi\/productpage\/romeo-cashmere-sweater\/?wmc-currency=EUR","og_site_name":"FredFloris","article_publisher":"https:\/\/www.facebook.com\/FredFloris.Artisan.Studio\/","article_modified_time":"2024-06-24T18:32:15+00:00","og_image":[{"width":2560,"height":1707,"url":"https:\/\/fredfloris.eu\/wp-content\/uploads\/2022\/10\/IMG_3645-scaled.jpg","type":"image\/jpeg"}],"twitter_card":"summary_large_image","twitter_site":"@_fredfloris_","twitter_misc":{"Arvioitu lukuaika":"2 minuuttia"},"schema":{"@context":"https:\/\/schema.org","@graph":[{"@type":"WebPage","@id":"https:\/\/fredfloris.eu\/productpage\/romeo-cashmere-sweater\/","url":"https:\/\/fredfloris.eu\/productpage\/romeo-cashmere-sweater\/","name":"Romeo - Kashmir-pusero | FredFloris","isPartOf":{"@id":"https:\/\/fredfloris.eu\/#website"},"primaryImageOfPage":{"@id":"https:\/\/fredfloris.eu\/productpage\/romeo-cashmere-sweater\/#primaryimage"},"image":{"@id":"https:\/\/fredfloris.eu\/productpage\/romeo-cashmere-sweater\/#primaryimage"},"thumbnailUrl":"https:\/\/fredfloris.eu\/wp-content\/uploads\/2022\/10\/IMG_3645-scaled.jpg","datePublished":"2022-10-10T15:31:43+00:00","dateModified":"2024-06-24T18:32:15+00:00","description":"N\u00e4m\u00e4 kashmirpuserot on valmistettu Italiassa 100%-kierr\u00e4tetyst\u00e4 kashmirista. Koot ovat yleisi\u00e4 miesten kokoja, mutta n\u00e4m\u00e4 kashmirpuserot sopivat hyvin miehille ja naisille.","breadcrumb":{"@id":"https:\/\/fredfloris.eu\/productpage\/romeo-cashmere-sweater\/#breadcrumb"},"inLanguage":"fi","potentialAction":[{"@type":"ReadAction","target":["https:\/\/fredfloris.eu\/productpage\/romeo-cashmere-sweater\/"]}]},{"@type":"ImageObject","inLanguage":"fi","@id":"https:\/\/fredfloris.eu\/productpage\/romeo-cashmere-sweater\/#primaryimage","url":"https:\/\/fredfloris.eu\/wp-content\/uploads\/2022\/10\/IMG_3645-scaled.jpg","contentUrl":"https:\/\/fredfloris.eu\/wp-content\/uploads\/2022\/10\/IMG_3645-scaled.jpg","width":2560,"height":1707,"caption":"Product: Romeo - Cashmere Sweater- Colour: Navy Blue & Light Beige"},{"@type":"BreadcrumbList","@id":"https:\/\/fredfloris.eu\/productpage\/romeo-cashmere-sweater\/#breadcrumb","itemListElement":[{"@type":"ListItem","position":1,"name":"Home","item":"https:\/\/fredfloris.eu\/"},{"@type":"ListItem","position":2,"name":"Shop","item":"https:\/\/fredfloris.eu\/shop\/"},{"@type":"ListItem","position":3,"name":"Romeo &#8211; Cashmere Sweater"}]},{"@type":"WebSite","@id":"https:\/\/fredfloris.eu\/#website","url":"https:\/\/fredfloris.eu\/","name":"FredFloris","description":"K\u00e4sintehdyt nahkatavarat - Made in Sweden","publisher":{"@id":"https:\/\/fredfloris.eu\/#organization"},"potentialAction":[{"@type":"SearchAction","target":{"@type":"EntryPoint","urlTemplate":"https:\/\/fredfloris.eu\/?s={search_term_string}"},"query-input":{"@type":"PropertyValueSpecification","valueRequired":true,"valueName":"search_term_string"}}],"inLanguage":"fi"},{"@type":"Organization","@id":"https:\/\/fredfloris.eu\/#organization","name":"FredFloris","url":"https:\/\/fredfloris.eu\/","logo":{"@type":"ImageObject","inLanguage":"fi","@id":"https:\/\/fredfloris.eu\/#\/schema\/logo\/image\/","url":"https:\/\/fredfloris.eu\/wp-content\/uploads\/2022\/03\/FredFloris-med-hel-nal-och-text.png","contentUrl":"https:\/\/fredfloris.eu\/wp-content\/uploads\/2022\/03\/FredFloris-med-hel-nal-och-text.png","width":591,"height":283,"caption":"FredFloris"},"image":{"@id":"https:\/\/fredfloris.eu\/#\/schema\/logo\/image\/"},"sameAs":["https:\/\/www.facebook.com\/FredFloris.Artisan.Studio\/","https:\/\/x.com\/_fredfloris_","https:\/\/www.instagram.com\/fredfloris.artisan.studio\/"]}]}},"brands":[{"id":204,"name":"FredFloris &amp; kumppani","slug":"fredfloris-partner"}],"_links":{"self":[{"href":"https:\/\/fredfloris.eu\/fi\/wp-json\/wp\/v2\/product\/10070","targetHints":{"allow":["GET"]}}],"collection":[{"href":"https:\/\/fredfloris.eu\/fi\/wp-json\/wp\/v2\/product"}],"about":[{"href":"https:\/\/fredfloris.eu\/fi\/wp-json\/wp\/v2\/types\/product"}],"version-history":[{"count":10,"href":"https:\/\/fredfloris.eu\/fi\/wp-json\/wp\/v2\/product\/10070\/revisions"}],"predecessor-version":[{"id":11525,"href":"https:\/\/fredfloris.eu\/fi\/wp-json\/wp\/v2\/product\/10070\/revisions\/11525"}],"wp:featuredmedia":[{"embeddable":true,"href":"https:\/\/fredfloris.eu\/fi\/wp-json\/wp\/v2\/media\/10010"}],"wp:attachment":[{"href":"https:\/\/fredfloris.eu\/fi\/wp-json\/wp\/v2\/media?parent=10070"}],"wp:term":[{"taxonomy":"pwb-brand","embeddable":true,"href":"https:\/\/fredfloris.eu\/fi\/wp-json\/wp\/v2\/pwb-brand?post=10070"},{"taxonomy":"product_brand","embeddable":true,"href":"https:\/\/fredfloris.eu\/fi\/wp-json\/wp\/v2\/product_brand?post=10070"},{"taxonomy":"product_cat","embeddable":true,"href":"https:\/\/fredfloris.eu\/fi\/wp-json\/wp\/v2\/product_cat?post=10070"},{"taxonomy":"product_tag","embeddable":true,"href":"https:\/\/fredfloris.eu\/fi\/wp-json\/wp\/v2\/product_tag?post=10070"},{"taxonomy":"woo-feed-brand","embeddable":true,"href":"https:\/\/fredfloris.eu\/fi\/wp-json\/wp\/v2\/woo-feed-brand?post=10070"}],"curies":[{"name":"wp","href":"https:\/\/api.w.org\/{rel}","templated":true}]}}